{"id":5444,"date":"2026-05-11T15:06:44","date_gmt":"2026-05-11T15:06:44","guid":{"rendered":"https:\/\/ecosupplements.ch\/?product=vita-min-multiple-sport-40-60-caps"},"modified":"2026-05-13T07:23:35","modified_gmt":"2026-05-13T07:23:35","slug":"vita-min-multiple-sport-40-60-caps","status":"publish","type":"product","link":"https:\/\/ecosupplements.ch\/?product=vita-min-multiple-sport-40-60-caps","title":{"rendered":"Vita-Min Multiple Sport 40+ &#8211; 60 caps"},"content":{"rendered":"<div class=\"chcg-product-description\">\n<h2 class=\"chcg-heading\">\u00dcber Olimp Nutrition \u2013 Vita-Min Multiple Sport 40+ \u2013 60 Kapseln<\/h2>\n<div class=\"chcg-intro\">\n<p>Vita-Min Multiple Sport 40+ von Olimp Sport ist ein speziell entwickeltes Mikron\u00e4hrstoff-Komplex f\u00fcr aktive M\u00e4nner und Frauen ab 40 Jahren. Die Formel kombiniert zwei erg\u00e4nzende Kapseln \u2013 VITA-PLEX SPORT 40+ und CHELA-MIN SPORT 40+ \u2013 und liefert ein umfassendes Spektrum an Vitaminen sowie chelatierten Mineralstoffen, die auf die besonderen Bed\u00fcrfnisse sportlich aktiver Personen in dieser Lebensphase abgestimmt sind.<\/p>\n<p>Besondere Highlights sind die patentierte Vitamin-C-Form PureWay-C f\u00fcr eine verbesserte Bioverf\u00fcgbarkeit, Ashwagandha-Extrakt KSM-66\u00ae f\u00fcr Wohlbefinden und Stressbalance sowie S\u00e4gepalmenextrakt (Serenoa repens). Die Mineralstoffe werden als Aminos\u00e4ure-Chelate (CHELA-MIN SPORT 40+) eingesetzt, was eine besonders gute Verwertbarkeit unterst\u00fctzt.<\/p>\n<p>Mit einem breiten B-Vitaminkomplex, Vitamin D, Vitamin E und einer pr\u00e4zise abgestimmten Mineralstoffzusammensetzung inklusive Magnesium, Zink, Selen und Chrom tr\u00e4gt dieses Produkt zur Erg\u00e4nzung einer ausgewogenen Ern\u00e4hrung bei aktiven Personen \u00fcber 40 bei.<\/p>\n<\/p><\/div>\n<div class=\"chcg-nutrition\">\n<h3>N\u00e4hrwertangaben<\/h3>\n<table class=\"chcg-nutrition-table\">\n<thead>\n<tr>\n<th>N\u00e4hrstoff<\/th>\n<th>Pro Portion (2 Kapseln)<\/th>\n<\/tr>\n<\/thead>\n<tbody>\n<tr>\n<td>Vitamin A<\/td>\n<td>800 \u00b5g (100% NRV)<\/td>\n<\/tr>\n<tr>\n<td>Vitamin D<\/td>\n<td>10 \u00b5g (200% NRV)<\/td>\n<\/tr>\n<tr>\n<td>Vitamin E<\/td>\n<td>24 mg (200% NRV)<\/td>\n<\/tr>\n<tr>\n<td>Vitamin K<\/td>\n<td>75 \u00b5g (100% NRV)<\/td>\n<\/tr>\n<tr>\n<td>Vitamin C (PureWay-C)<\/td>\n<td>290 mg (363% NRV)<\/td>\n<\/tr>\n<tr>\n<td>Thiamin (Vitamin B1)<\/td>\n<td>19,40 mg (1764% NRV)<\/td>\n<\/tr>\n<tr>\n<td>Riboflavin (Vitamin B2)<\/td>\n<td>19,60 mg (1400% NRV)<\/td>\n<\/tr>\n<tr>\n<td>Niacin<\/td>\n<td>31 mg (194% NRV)<\/td>\n<\/tr>\n<tr>\n<td>Vitamin B6<\/td>\n<td>18,80 mg (1343% NRV)<\/td>\n<\/tr>\n<tr>\n<td>Fols\u00e4ure<\/td>\n<td>400 \u00b5g (200% NRV)<\/td>\n<\/tr>\n<tr>\n<td>Vitamin B12<\/td>\n<td>23 \u00b5g (920% NRV)<\/td>\n<\/tr>\n<tr>\n<td>Biotin<\/td>\n<td>100 \u00b5g (200% NRV)<\/td>\n<\/tr>\n<tr>\n<td>Pantothens\u00e4ure<\/td>\n<td>12 mg (200% NRV)<\/td>\n<\/tr>\n<tr>\n<td>S\u00e4gepalmen-Fruchtextrakt (Serenoa repens J.K. Small)<\/td>\n<td>100 mg*<\/td>\n<\/tr>\n<tr>\n<td>Ashwagandha Extract KSM-66<\/td>\n<td>50 mg*<\/td>\n<\/tr>\n<tr>\n<td>\u2013 davon Withanolide (5%)<\/td>\n<td>2,50 mg*<\/td>\n<\/tr>\n<tr>\n<td colspan=\"2\"><strong>CHELA-MIN SPORT 40+<\/strong><\/td>\n<\/tr>\n<tr>\n<td>Magnesium<\/td>\n<td>190 mg (51% NRV)<\/td>\n<\/tr>\n<tr>\n<td>Eisen<\/td>\n<td>3 mg (21% NRV)<\/td>\n<\/tr>\n<tr>\n<td>Zink<\/td>\n<td>15 mg (150% NRV)<\/td>\n<\/tr>\n<tr>\n<td>Kupfer<\/td>\n<td>0,50 mg (50% NRV)<\/td>\n<\/tr>\n<tr>\n<td>Mangan<\/td>\n<td>1,80 mg (90% NRV)<\/td>\n<\/tr>\n<tr>\n<td>Selen<\/td>\n<td>75 \u00b5g (136% NRV)<\/td>\n<\/tr>\n<tr>\n<td>Chrom<\/td>\n<td>150 \u00b5g (375% NRV)<\/td>\n<\/tr>\n<tr>\n<td>Jod<\/td>\n<td>150 \u00b5g (100% NRV)<\/td>\n<\/tr>\n<\/tbody>\n<\/table>\n<p class=\"chcg-footnote\">NRV = Referenzwert f\u00fcr die N\u00e4hrstoffzufuhr gem\u00e4ss EU-Verordnung 1169\/2011.<\/p>\n<p class=\"chcg-footnote\">* Kein festgelegter Referenzwert f\u00fcr die t\u00e4gliche Zufuhr.<\/p>\n<\/p><\/div>\n<div class=\"chcg-ingredients\">\n<h3>Zutaten<\/h3>\n<p><strong>VITA-PLEX SPORT 40+:<\/strong> Vitamine (mikroverkapseltes L-Ascorbins\u00e4ure (PureWay-C) \u2013 Vit. C, DL-Alpha-Tocopherylacetat \u2013 Vit. E, Nicotinamid \u2013 Niacin, Cyanocobalamin \u2013 Vit. B12, Pyridoxinhydrochlorid \u2013 Vit. B6, Thiaminmononitrat \u2013 Vit. B1, Riboflavin \u2013 Vit. B2, Retinylacetat \u2013 Vit. A, Calcium-D-Pantothenat \u2013 Pantothens\u00e4ure, Menachinon-7 \u2013 Vit. K, Cholecalciferol \u2013 Vit. D, Pteroylmonoglutamins\u00e4ure \u2013 Folat, D-Biotin \u2013 Biotin), 10,5% S\u00e4gepalmen-Fruchtextrakt (Serenoa repens J.K. Small), 5,2% Ashwagandha-Wurzelextrakt KSM-66 (Withania somnifera L. Dunal), F\u00fcllstoff \u2013 mikrokristalline Cellulose; Trennmittel \u2013 Magnesiumsalze von Fetts\u00e4uren, Siliziumdioxid; Kapsel (Gelatine, Farbstoff: E 171).<\/p>\n<p><strong>CHELA-MIN SPORT 40+:<\/strong> Magnesiumbisglicinat (Magnesium-Aminos\u00e4ure-Chelat), Magnesiumoxid, Calciumbisglicinat (Calcium-Aminos\u00e4ure-Chelat), Kaliumchlorid, Calciumcarbonat, Zinkbisglicinat (Zink-Aminos\u00e4ure-Chelat), F\u00fcllstoff \u2013 mikrokristalline Cellulose; Trennmittel \u2013 Magnesiumsalze von Fetts\u00e4uren; Manganbisglicinat (Mangan-Aminos\u00e4ure-Chelat), Natriumselenit, Eisenbisglicinat (Eisen-Aminos\u00e4ure-Chelat), Kupferbisglicinat (Kupfer-Aminos\u00e4ure-Chelat), Chrom(III)-chlorid, Kaliumiodid; Kapsel (Gelatine, Farbstoffe: E 132, E 171).<\/p>\n<p class=\"chcg-capsule-shell\">Kapselh\u00fclle: VITA-PLEX SPORT 40+ Kapsel: Gelatine, Farbstoff: E 171 (Titandioxid). CHELA-MIN SPORT 40+ Kapsel: Gelatine, Farbstoffe: E 132 (Indigokarmin), E 171 (Titandioxid).<\/p>\n<\/p><\/div>\n<div class=\"chcg-dosage\">\n<h3>Verzehrempfehlung<\/h3>\n<p>T\u00e4glich 1 Kapsel VITA-PLEX SPORT 40+ und 1 Kapsel CHELA-MIN SPORT 40+ nach der Hauptmahlzeit mit ausreichend Wasser einnehmen. Portionsgr\u00f6sse: 2 Kapseln. Portionen pro Packung: 30.<\/p>\n<\/p><\/div>\n<div class=\"chcg-warnings\">\n<h3>Warnhinweise<\/h3>\n<p>Die empfohlene Tagesdosis nicht \u00fcberschreiten. Nahrungserg\u00e4nzungsmittel sind kein Ersatz f\u00fcr eine abwechslungsreiche und ausgewogene Ern\u00e4hrung. Eine abwechslungsreiche und ausgewogene Ern\u00e4hrung sowie eine gesunde Lebensweise werden empfohlen. Ausserhalb der Reichweite von kleinen Kindern aufbewahren. Nicht empfohlen f\u00fcr Kinder, schwangere und stillende Frauen sowie Frauen mit Kinderwunsch. Nicht verwenden, wenn Sie gegen\u00fcber einem der Bestandteile des Pr\u00e4parats \u00fcberempfindlich sind. Vor der Anwendung einen Arzt oder Apotheker um Rat fragen. Nicht zusammen mit anderen Vitamin- und Mineralstoffpr\u00e4paraten einnehmen. Keinen Alkohol trinken und keine Schlaf-, Beruhigungs- oder Angstl\u00f6sungsmittel einnehmen, w\u00e4hrend dieses Produkt verwendet wird. Eine langfristige Einnahme von 18,8 mg Vitamin B6 kann zu leichtem Kribbeln und Taubheitsgef\u00fchl f\u00fchren.<\/p>\n<\/p><\/div>\n<div class=\"chcg-allergens\">\n<h3>Allergeninformationen<\/h3>\n<p>Auf der EU-Kennzeichnung sind keine Allergene explizit deklariert. Das Produkt wird von Olimp Laboratories hergestellt; bitte die Verpackung auf Informationen zu m\u00f6glichen Kreuzkontaminationen mit Allergenen pr\u00fcfen. Enth\u00e4lt Gelatine \u2013 nicht geeignet f\u00fcr Veganer und Vegetarier.<\/p>\n<\/p><\/div>\n<div class=\"chcg-storage\">\n<h3>Lagerung<\/h3>\n<p>An einem trockenen Ort bei Raumtemperatur in fest verschlossenen Beh\u00e4ltern aufbewahren. Ausserhalb der Reichweite von kleinen Kindern aufbewahren.<\/p>\n<\/p><\/div>\n<div class=\"chcg-dietary\">\n<h3>Ern\u00e4hrungshinweise<\/h3>\n<ul>\n<li>Nicht geeignet f\u00fcr Veganer<\/li>\n<li>Nicht geeignet f\u00fcr Vegetarier<\/li>\n<\/ul><\/div>\n<\/div>\n","protected":false},"excerpt":{"rendered":"<p>Vita-Min Multiple Sport 40+ von Olimp Sport liefert ein umfassendes Spektrum an Vitaminen und chelierten Mineralstoffen in 2 Kapseln \u2013 ideal f\u00fcr sportlich aktive Personen ab 40. 60 Kapseln f\u00fcr 30 Portionen.<\/p>\n","protected":false},"featured_media":5445,"comment_status":"closed","ping_status":"open","template":"","meta":[],"product_brand":[472],"product_cat":[21],"product_tag":[],"class_list":{"0":"post-5444","1":"product","2":"type-product","3":"status-publish","4":"has-post-thumbnail","6":"product_brand-olimp-nutritionolimp-sport","7":"product_cat-vitamine-und-mineralstoffe","9":"first","10":"outofstock","11":"taxable","12":"shipping-taxable","13":"purchasable","14":"product-type-simple"},"yoast_head":"<!-- This site is optimized with the Yoast SEO plugin v27.5 - https:\/\/yoast.com\/product\/yoast-seo-wordpress\/ -->\n<title>Vita-Min Multiple Sport 40+ \u2013 Olimp | ecosupplements.ch<\/title>\n<meta name=\"description\" content=\"Umfassender Vitamin- und Mineralstoff-Komplex f\u00fcr aktive Personen ab 40 mit KSM-66\u00ae und PureWay-C \u2013 60 Kapseln. Jetzt bestellen.\" \/>\n<meta name=\"robots\" content=\"index, follow, max-snippet:-1, max-image-preview:large, max-video-preview:-1\" \/>\n<link rel=\"canonical\" href=\"https:\/\/ecosupplements.ch\/?product=vita-min-multiple-sport-40-60-caps\" \/>\n<meta property=\"og:locale\" content=\"de_DE\" \/>\n<meta property=\"og:type\" content=\"article\" \/>\n<meta property=\"og:title\" content=\"Vita-Min Multiple Sport 40+ \u2013 Olimp | ecosupplements.ch\" \/>\n<meta property=\"og:description\" content=\"Umfassender Vitamin- und Mineralstoff-Komplex f\u00fcr aktive Personen ab 40 mit KSM-66\u00ae und PureWay-C \u2013 60 Kapseln. Jetzt bestellen.\" \/>\n<meta property=\"og:url\" content=\"https:\/\/ecosupplements.ch\/?product=vita-min-multiple-sport-40-60-caps\" \/>\n<meta property=\"og:site_name\" content=\"Eco Supplements\" \/>\n<meta property=\"article:modified_time\" content=\"2026-05-13T07:23:35+00:00\" \/>\n<meta property=\"og:image\" content=\"https:\/\/ecosupplements.ch\/wp-content\/uploads\/2026\/05\/Vita-Min-Multiple-Sport-40-60-caps.webp\" \/>\n\t<meta property=\"og:image:width\" content=\"1000\" \/>\n\t<meta property=\"og:image:height\" content=\"1000\" \/>\n\t<meta property=\"og:image:type\" content=\"image\/jpeg\" \/>\n<meta name=\"twitter:card\" content=\"summary_large_image\" \/>\n<meta name=\"twitter:label1\" content=\"Price\" \/>\n\t<meta name=\"twitter:data1\" content=\"&#067;&#072;&#070;&nbsp;16.07\" \/>\n\t<meta name=\"twitter:label2\" content=\"Availability\" \/>\n\t<meta name=\"twitter:data2\" content=\"Out of stock\" \/>\n<script type=\"application\/ld+json\" class=\"yoast-schema-graph\">{\"@context\":\"https:\\\/\\\/schema.org\",\"@graph\":[{\"@type\":\"WebPage\",\"@id\":\"https:\\\/\\\/ecosupplements.ch\\\/?product=vita-min-multiple-sport-40-60-caps\",\"url\":\"https:\\\/\\\/ecosupplements.ch\\\/?product=vita-min-multiple-sport-40-60-caps\",\"name\":\"Vita-Min Multiple Sport 40+ \u2013 Olimp | ecosupplements.ch\",\"isPartOf\":{\"@id\":\"https:\\\/\\\/ecosupplements.ch\\\/#website\"},\"primaryImageOfPage\":{\"@id\":\"https:\\\/\\\/ecosupplements.ch\\\/?product=vita-min-multiple-sport-40-60-caps#primaryimage\"},\"image\":{\"@id\":\"https:\\\/\\\/ecosupplements.ch\\\/?product=vita-min-multiple-sport-40-60-caps#primaryimage\"},\"thumbnailUrl\":\"https:\\\/\\\/ecosupplements.ch\\\/wp-content\\\/uploads\\\/2026\\\/05\\\/Vita-Min-Multiple-Sport-40-60-caps.webp\",\"datePublished\":\"2026-05-11T15:06:44+00:00\",\"dateModified\":\"2026-05-13T07:23:35+00:00\",\"description\":\"Umfassender Vitamin- und Mineralstoff-Komplex f\u00fcr aktive Personen ab 40 mit KSM-66\u00ae und PureWay-C \u2013 60 Kapseln. Jetzt bestellen.\",\"breadcrumb\":{\"@id\":\"https:\\\/\\\/ecosupplements.ch\\\/?product=vita-min-multiple-sport-40-60-caps#breadcrumb\"},\"inLanguage\":\"de-CH\",\"potentialAction\":[{\"@type\":\"ReadAction\",\"target\":[\"https:\\\/\\\/ecosupplements.ch\\\/?product=vita-min-multiple-sport-40-60-caps\"]}]},{\"@type\":\"ImageObject\",\"inLanguage\":\"de-CH\",\"@id\":\"https:\\\/\\\/ecosupplements.ch\\\/?product=vita-min-multiple-sport-40-60-caps#primaryimage\",\"url\":\"https:\\\/\\\/ecosupplements.ch\\\/wp-content\\\/uploads\\\/2026\\\/05\\\/Vita-Min-Multiple-Sport-40-60-caps.webp\",\"contentUrl\":\"https:\\\/\\\/ecosupplements.ch\\\/wp-content\\\/uploads\\\/2026\\\/05\\\/Vita-Min-Multiple-Sport-40-60-caps.webp\",\"width\":1000,\"height\":1000,\"caption\":\"Vita-Min Multiple Sport 40+ - 60 caps\"},{\"@type\":\"BreadcrumbList\",\"@id\":\"https:\\\/\\\/ecosupplements.ch\\\/?product=vita-min-multiple-sport-40-60-caps#breadcrumb\",\"itemListElement\":[{\"@type\":\"ListItem\",\"position\":1,\"name\":\"Home\",\"item\":\"https:\\\/\\\/ecosupplements.ch\\\/\"},{\"@type\":\"ListItem\",\"position\":2,\"name\":\"Shop\",\"item\":\"https:\\\/\\\/ecosupplements.ch\\\/?page_id=14\"},{\"@type\":\"ListItem\",\"position\":3,\"name\":\"Vita-Min Multiple Sport 40+ &#8211; 60 caps\"}]},{\"@type\":\"WebSite\",\"@id\":\"https:\\\/\\\/ecosupplements.ch\\\/#website\",\"url\":\"https:\\\/\\\/ecosupplements.ch\\\/\",\"name\":\"Eco Supplements\",\"description\":\"\",\"potentialAction\":[{\"@type\":\"SearchAction\",\"target\":{\"@type\":\"EntryPoint\",\"urlTemplate\":\"https:\\\/\\\/ecosupplements.ch\\\/?s={search_term_string}\"},\"query-input\":{\"@type\":\"PropertyValueSpecification\",\"valueRequired\":true,\"valueName\":\"search_term_string\"}}],\"inLanguage\":\"de-CH\"}]}<\/script>\n<meta property=\"product:price:amount\" content=\"16.07\" \/>\n<meta property=\"product:price:currency\" content=\"CHF\" \/>\n<meta property=\"og:availability\" content=\"out of stock\" \/>\n<meta property=\"product:availability\" content=\"out of stock\" \/>\n<meta property=\"product:retailer_item_id\" content=\"5901330054853\" \/>\n<meta property=\"product:condition\" content=\"new\" \/>\n<!-- \/ Yoast SEO plugin. -->","yoast_head_json":{"title":"Vita-Min Multiple Sport 40+ \u2013 Olimp | ecosupplements.ch","description":"Umfassender Vitamin- und Mineralstoff-Komplex f\u00fcr aktive Personen ab 40 mit KSM-66\u00ae und PureWay-C \u2013 60 Kapseln. Jetzt bestellen.","robots":{"index":"index","follow":"follow","max-snippet":"max-snippet:-1","max-image-preview":"max-image-preview:large","max-video-preview":"max-video-preview:-1"},"canonical":"https:\/\/ecosupplements.ch\/?product=vita-min-multiple-sport-40-60-caps","og_locale":"de_DE","og_type":"article","og_title":"Vita-Min Multiple Sport 40+ \u2013 Olimp | ecosupplements.ch","og_description":"Umfassender Vitamin- und Mineralstoff-Komplex f\u00fcr aktive Personen ab 40 mit KSM-66\u00ae und PureWay-C \u2013 60 Kapseln. Jetzt bestellen.","og_url":"https:\/\/ecosupplements.ch\/?product=vita-min-multiple-sport-40-60-caps","og_site_name":"Eco Supplements","article_modified_time":"2026-05-13T07:23:35+00:00","og_image":[{"width":1000,"height":1000,"url":"https:\/\/ecosupplements.ch\/wp-content\/uploads\/2026\/05\/Vita-Min-Multiple-Sport-40-60-caps.webp","type":"image\/jpeg"}],"twitter_card":"summary_large_image","twitter_misc":{"Price":"&#67;&#72;&#70;&nbsp;16.07","Availability":"Out of stock"},"schema":{"@context":"https:\/\/schema.org","@graph":[{"@type":"WebPage","@id":"https:\/\/ecosupplements.ch\/?product=vita-min-multiple-sport-40-60-caps","url":"https:\/\/ecosupplements.ch\/?product=vita-min-multiple-sport-40-60-caps","name":"Vita-Min Multiple Sport 40+ \u2013 Olimp | ecosupplements.ch","isPartOf":{"@id":"https:\/\/ecosupplements.ch\/#website"},"primaryImageOfPage":{"@id":"https:\/\/ecosupplements.ch\/?product=vita-min-multiple-sport-40-60-caps#primaryimage"},"image":{"@id":"https:\/\/ecosupplements.ch\/?product=vita-min-multiple-sport-40-60-caps#primaryimage"},"thumbnailUrl":"https:\/\/ecosupplements.ch\/wp-content\/uploads\/2026\/05\/Vita-Min-Multiple-Sport-40-60-caps.webp","datePublished":"2026-05-11T15:06:44+00:00","dateModified":"2026-05-13T07:23:35+00:00","description":"Umfassender Vitamin- und Mineralstoff-Komplex f\u00fcr aktive Personen ab 40 mit KSM-66\u00ae und PureWay-C \u2013 60 Kapseln. Jetzt bestellen.","breadcrumb":{"@id":"https:\/\/ecosupplements.ch\/?product=vita-min-multiple-sport-40-60-caps#breadcrumb"},"inLanguage":"de-CH","potentialAction":[{"@type":"ReadAction","target":["https:\/\/ecosupplements.ch\/?product=vita-min-multiple-sport-40-60-caps"]}]},{"@type":"ImageObject","inLanguage":"de-CH","@id":"https:\/\/ecosupplements.ch\/?product=vita-min-multiple-sport-40-60-caps#primaryimage","url":"https:\/\/ecosupplements.ch\/wp-content\/uploads\/2026\/05\/Vita-Min-Multiple-Sport-40-60-caps.webp","contentUrl":"https:\/\/ecosupplements.ch\/wp-content\/uploads\/2026\/05\/Vita-Min-Multiple-Sport-40-60-caps.webp","width":1000,"height":1000,"caption":"Vita-Min Multiple Sport 40+ - 60 caps"},{"@type":"BreadcrumbList","@id":"https:\/\/ecosupplements.ch\/?product=vita-min-multiple-sport-40-60-caps#breadcrumb","itemListElement":[{"@type":"ListItem","position":1,"name":"Home","item":"https:\/\/ecosupplements.ch\/"},{"@type":"ListItem","position":2,"name":"Shop","item":"https:\/\/ecosupplements.ch\/?page_id=14"},{"@type":"ListItem","position":3,"name":"Vita-Min Multiple Sport 40+ &#8211; 60 caps"}]},{"@type":"WebSite","@id":"https:\/\/ecosupplements.ch\/#website","url":"https:\/\/ecosupplements.ch\/","name":"Eco Supplements","description":"","potentialAction":[{"@type":"SearchAction","target":{"@type":"EntryPoint","urlTemplate":"https:\/\/ecosupplements.ch\/?s={search_term_string}"},"query-input":{"@type":"PropertyValueSpecification","valueRequired":true,"valueName":"search_term_string"}}],"inLanguage":"de-CH"}]},"product_price_amount":"16.07","product_price_currency":"CHF","og_availability":"out of stock","product_availability":"out of stock","product_retailer_item_id":"5901330054853","product_condition":"new"},"_links":{"self":[{"href":"https:\/\/ecosupplements.ch\/index.php?rest_route=\/wp\/v2\/product\/5444","targetHints":{"allow":["GET"]}}],"collection":[{"href":"https:\/\/ecosupplements.ch\/index.php?rest_route=\/wp\/v2\/product"}],"about":[{"href":"https:\/\/ecosupplements.ch\/index.php?rest_route=\/wp\/v2\/types\/product"}],"replies":[{"embeddable":true,"href":"https:\/\/ecosupplements.ch\/index.php?rest_route=%2Fwp%2Fv2%2Fcomments&post=5444"}],"wp:featuredmedia":[{"embeddable":true,"href":"https:\/\/ecosupplements.ch\/index.php?rest_route=\/wp\/v2\/media\/5445"}],"wp:attachment":[{"href":"https:\/\/ecosupplements.ch\/index.php?rest_route=%2Fwp%2Fv2%2Fmedia&parent=5444"}],"wp:term":[{"taxonomy":"product_brand","embeddable":true,"href":"https:\/\/ecosupplements.ch\/index.php?rest_route=%2Fwp%2Fv2%2Fproduct_brand&post=5444"},{"taxonomy":"product_cat","embeddable":true,"href":"https:\/\/ecosupplements.ch\/index.php?rest_route=%2Fwp%2Fv2%2Fproduct_cat&post=5444"},{"taxonomy":"product_tag","embeddable":true,"href":"https:\/\/ecosupplements.ch\/index.php?rest_route=%2Fwp%2Fv2%2Fproduct_tag&post=5444"}],"curies":[{"name":"wp","href":"https:\/\/api.w.org\/{rel}","templated":true}]}}