{"id":5447,"date":"2026-05-11T15:06:45","date_gmt":"2026-05-11T15:06:45","guid":{"rendered":"https:\/\/ecosupplements.ch\/?product=omega-3-fish-oil-molecularly-distilled-1000mg-60-softgels"},"modified":"2026-05-13T07:25:30","modified_gmt":"2026-05-13T07:25:30","slug":"omega-3-fish-oil-molecularly-distilled-1000mg-60-softgels","status":"publish","type":"product","link":"https:\/\/ecosupplements.ch\/?product=omega-3-fish-oil-molecularly-distilled-1000mg-60-softgels","title":{"rendered":"Omega-3 Fish Oil Molecularly Distilled, 1000mg &#8211; 60 softgels"},"content":{"rendered":"<div class=\"chcg-product-description\">\n<h2 class=\"chcg-heading\">\u00dcber Osavi \u2013 Omega-3 Fish Oil Molecularly Distilled, 1000mg \u2013 60 Softgels<\/h2>\n<div class=\"chcg-intro\">\n<p>Der Osavi Omega-3 Fish Oil liefert pro Tagesportion (2 Softgels) 2000 mg molekular destilliertes Fisch\u00f6l in Triglycerid-Form (TG 18\/12) \u2013 einer Darreichungsform, die f\u00fcr ihre gute Vertr\u00e4glichkeit und hohe Bioverf\u00fcgbarkeit bekannt ist. Jede Portion enth\u00e4lt mindestens 360 mg EPA (Eicosapentaens\u00e4ure) und 240 mg DHA (Docosahexaens\u00e4ure) sowie weitere Omega-3-Fetts\u00e4uren, was eine zuverl\u00e4ssige t\u00e4gliche Versorgung mit diesen essenziellen Fetts\u00e4uren sicherstellt.<\/p>\n<p>DHA tr\u00e4gt zur Erhaltung normaler Gehirnfunktion und normaler Sehkraft bei. EPA und DHA tragen zur normalen Herzfunktion bei. Zus\u00e4tzlich enth\u00e4lt das Produkt Vitamin E, das die Zellen vor oxidativem Stress sch\u00fctzt und gleichzeitig als nat\u00fcrlicher Antioxidant die Frische des \u00d6ls unterst\u00fctzt.<\/p>\n<p>Der molekulare Destillationsprozess gew\u00e4hrleistet ein hochwertiges, von Schwermetallen und Umweltschadstoffen gereinigtes Produkt \u2013 f\u00fcr h\u00f6chste Reinheit und Sicherheit. Das Fisch\u00f6l stammt haupts\u00e4chlich von Sardellen (Anchovis), pelagischen Fischen aus nachhaltigem Fang.<\/p>\n<\/p><\/div>\n<div class=\"chcg-nutrition\">\n<h3>N\u00e4hrwertangaben<\/h3>\n<table class=\"chcg-nutrition-table\">\n<thead>\n<tr>\n<th>N\u00e4hrstoff<\/th>\n<th>Pro Portion (2 Softgels)<\/th>\n<\/tr>\n<\/thead>\n<tbody>\n<tr>\n<td>Brennwert<\/td>\n<td>84 kJ \/ 20 kcal<\/td>\n<\/tr>\n<tr>\n<td>Fett<\/td>\n<td>2 g<\/td>\n<\/tr>\n<tr>\n<td>\u2013 davon ges\u00e4ttigte Fetts\u00e4uren<\/td>\n<td>0,7 g<\/td>\n<\/tr>\n<tr>\n<td>Fisch\u00f6l (TG 18\/12)<\/td>\n<td>2000 mg*<\/td>\n<\/tr>\n<tr>\n<td>Omega-3-Fetts\u00e4uren (gesamt)<\/td>\n<td>min. 700 mg*<\/td>\n<\/tr>\n<tr>\n<td>\u2013 EPA (Eicosapentaens\u00e4ure)<\/td>\n<td>min. 360 mg*<\/td>\n<\/tr>\n<tr>\n<td>\u2013 DHA (Docosahexaens\u00e4ure)<\/td>\n<td>min. 240 mg*<\/td>\n<\/tr>\n<tr>\n<td>\u2013 Weitere Omega-3-Fetts\u00e4uren<\/td>\n<td>min. 100 mg*<\/td>\n<\/tr>\n<tr>\n<td>Vitamin E (DL-alpha-Tocopherylacetat)<\/td>\n<td>10 mg (83% NRV)<\/td>\n<\/tr>\n<\/tbody>\n<\/table>\n<p class=\"chcg-footnote\">* Kein festgelegter Tagesbedarf (NRV).<\/p>\n<p class=\"chcg-footnote\">Pro 100 g: Brennwert 2994 kJ \/ 726 kcal | Fett 71 g | davon ges\u00e4ttigte Fetts\u00e4uren 23 g<\/p>\n<\/p><\/div>\n<div class=\"chcg-ingredients\">\n<h3>Zutaten<\/h3>\n<p>Fisch\u00f6l (TG 18\/12) (davon Omega-3-Fetts\u00e4uren: min. 700 mg, \u2013 EPA (Eicosapentaens\u00e4ure) min. 360 mg, \u2013 DHA (Docosahexaens\u00e4ure) min. 240 mg, \u2013 weitere Omega-3-Fetts\u00e4uren min. 100 mg), Vitamin E (DL-alpha-Tocopherylacetat) 10 mg.<\/p>\n<p class=\"chcg-capsule-shell\">Kapselh\u00fclle: Rindergelatine, Feuchthaltemittel: Glycerol, Wasser.<\/p>\n<\/p><\/div>\n<div class=\"chcg-dosage\">\n<h3>Verzehrempfehlung<\/h3>\n<p>Empfohlene Tagesdosis: 2 Kapseln, zu einer Mahlzeit einnehmen. Ganz mit Wasser schlucken. Die empfohlene Tagesdosis nicht \u00fcberschreiten. Portionsgr\u00f6sse: 2 Kapseln. Portionen pro Packung: 30.<\/p>\n<\/p><\/div>\n<div class=\"chcg-warnings\">\n<h3>Warnhinweise<\/h3>\n<p>Die empfohlene Tagesdosis nicht \u00fcberschreiten. Nahrungserg\u00e4nzungsmittel sollten nicht als Ersatz f\u00fcr eine ausgewogene Ern\u00e4hrung verwendet werden. Eine abwechslungsreiche Ern\u00e4hrung und ein gesunder Lebensstil sind empfehlenswert, um die normale Gesundheit zu erhalten. Vor der Einnahme dieses Produkts Apotheker oder Arzt konsultieren, wenn Sie schwanger werden m\u00f6chten, schwanger sind, stillen, unter \u00e4rztlicher Aufsicht stehen oder Lebensmittelallergien haben. Ausserhalb der Reichweite von Kindern aufbewahren.<\/p>\n<\/p><\/div>\n<div class=\"chcg-allergens\">\n<h3>Allergeninformationen<\/h3>\n<p>Enth\u00e4lt Fisch (pelagische Fische, haupts\u00e4chlich Sardellen\/Anchovis). Nicht geeignet f\u00fcr Personen mit einer Fischallergie.<\/p>\n<\/p><\/div>\n<div class=\"chcg-storage\">\n<h3>Lagerung<\/h3>\n<p>An einem dunklen und trockenen Ort bei Raumtemperatur lagern, ausserhalb der Reichweite von Kindern.<\/p>\n<\/p><\/div>\n<div class=\"chcg-dietary\">\n<h3>Ern\u00e4hrungshinweise<\/h3>\n<ul>\n<li>Glutenfrei<\/li>\n<li>Laktosefrei<\/li>\n<\/ul><\/div>\n<\/div>\n","protected":false},"excerpt":{"rendered":"<p>Osavi Omega-3 Fish Oil liefert pro Tagesdosis 2000 mg molekular destilliertes Fisch\u00f6l mit min. 360 mg EPA und 240 mg DHA zur Unterst\u00fctzung von Herz, Gehirn und Sehkraft. 60 Softgels, 30 Portionen pro Packung.<\/p>\n","protected":false},"featured_media":5448,"comment_status":"closed","ping_status":"open","template":"","meta":[],"product_brand":[219],"product_cat":[25,39,33],"product_tag":[],"class_list":{"0":"post-5447","1":"product","2":"type-product","3":"status-publish","4":"has-post-thumbnail","6":"product_brand-osavi","7":"product_cat-gesundheit-und-wohlbefinden","8":"product_cat-omega-und-fischoel","9":"product_cat-omega-fettsaeuren-essentielle-fettsaeuren-konjugierte-linolsaeure-oele","11":"first","12":"outofstock","13":"taxable","14":"shipping-taxable","15":"purchasable","16":"product-type-simple"},"yoast_head":"<!-- This site is optimized with the Yoast SEO plugin v27.5 - https:\/\/yoast.com\/product\/yoast-seo-wordpress\/ -->\n<title>Omega-3 Fish Oil 1000mg \u2013 Osavi | ecosupplements.ch<\/title>\n<meta name=\"description\" content=\"Osavi Omega-3 Fish Oil mit min. 360 mg EPA und 240 mg DHA pro Tagesdosis \u2013 molekular destilliert, 60 Softgels. Jetzt bestellen.\" \/>\n<meta name=\"robots\" content=\"index, follow, max-snippet:-1, max-image-preview:large, max-video-preview:-1\" \/>\n<link rel=\"canonical\" href=\"https:\/\/ecosupplements.ch\/?product=omega-3-fish-oil-molecularly-distilled-1000mg-60-softgels\" \/>\n<meta property=\"og:locale\" content=\"de_DE\" \/>\n<meta property=\"og:type\" content=\"article\" \/>\n<meta property=\"og:title\" content=\"Omega-3 Fish Oil 1000mg \u2013 Osavi | ecosupplements.ch\" \/>\n<meta property=\"og:description\" content=\"Osavi Omega-3 Fish Oil mit min. 360 mg EPA und 240 mg DHA pro Tagesdosis \u2013 molekular destilliert, 60 Softgels. Jetzt bestellen.\" \/>\n<meta property=\"og:url\" content=\"https:\/\/ecosupplements.ch\/?product=omega-3-fish-oil-molecularly-distilled-1000mg-60-softgels\" \/>\n<meta property=\"og:site_name\" content=\"Eco Supplements\" \/>\n<meta property=\"article:modified_time\" content=\"2026-05-13T07:25:30+00:00\" \/>\n<meta property=\"og:image\" content=\"https:\/\/ecosupplements.ch\/wp-content\/uploads\/2026\/05\/Omega-3-Fish-Oil-Molecularly-Distilled-1000mg-60-softgels.webp\" \/>\n\t<meta property=\"og:image:width\" content=\"1000\" \/>\n\t<meta property=\"og:image:height\" content=\"1000\" \/>\n\t<meta property=\"og:image:type\" content=\"image\/jpeg\" \/>\n<meta name=\"twitter:card\" content=\"summary_large_image\" \/>\n<meta name=\"twitter:label1\" content=\"Price\" \/>\n\t<meta name=\"twitter:data1\" content=\"&#067;&#072;&#070;&nbsp;8.22\" \/>\n\t<meta name=\"twitter:label2\" content=\"Availability\" \/>\n\t<meta name=\"twitter:data2\" content=\"Out of stock\" \/>\n<script type=\"application\/ld+json\" class=\"yoast-schema-graph\">{\"@context\":\"https:\\\/\\\/schema.org\",\"@graph\":[{\"@type\":\"WebPage\",\"@id\":\"https:\\\/\\\/ecosupplements.ch\\\/?product=omega-3-fish-oil-molecularly-distilled-1000mg-60-softgels\",\"url\":\"https:\\\/\\\/ecosupplements.ch\\\/?product=omega-3-fish-oil-molecularly-distilled-1000mg-60-softgels\",\"name\":\"Omega-3 Fish Oil 1000mg \u2013 Osavi | ecosupplements.ch\",\"isPartOf\":{\"@id\":\"https:\\\/\\\/ecosupplements.ch\\\/#website\"},\"primaryImageOfPage\":{\"@id\":\"https:\\\/\\\/ecosupplements.ch\\\/?product=omega-3-fish-oil-molecularly-distilled-1000mg-60-softgels#primaryimage\"},\"image\":{\"@id\":\"https:\\\/\\\/ecosupplements.ch\\\/?product=omega-3-fish-oil-molecularly-distilled-1000mg-60-softgels#primaryimage\"},\"thumbnailUrl\":\"https:\\\/\\\/ecosupplements.ch\\\/wp-content\\\/uploads\\\/2026\\\/05\\\/Omega-3-Fish-Oil-Molecularly-Distilled-1000mg-60-softgels.webp\",\"datePublished\":\"2026-05-11T15:06:45+00:00\",\"dateModified\":\"2026-05-13T07:25:30+00:00\",\"description\":\"Osavi Omega-3 Fish Oil mit min. 360 mg EPA und 240 mg DHA pro Tagesdosis \u2013 molekular destilliert, 60 Softgels. Jetzt bestellen.\",\"breadcrumb\":{\"@id\":\"https:\\\/\\\/ecosupplements.ch\\\/?product=omega-3-fish-oil-molecularly-distilled-1000mg-60-softgels#breadcrumb\"},\"inLanguage\":\"de-CH\",\"potentialAction\":[{\"@type\":\"ReadAction\",\"target\":[\"https:\\\/\\\/ecosupplements.ch\\\/?product=omega-3-fish-oil-molecularly-distilled-1000mg-60-softgels\"]}]},{\"@type\":\"ImageObject\",\"inLanguage\":\"de-CH\",\"@id\":\"https:\\\/\\\/ecosupplements.ch\\\/?product=omega-3-fish-oil-molecularly-distilled-1000mg-60-softgels#primaryimage\",\"url\":\"https:\\\/\\\/ecosupplements.ch\\\/wp-content\\\/uploads\\\/2026\\\/05\\\/Omega-3-Fish-Oil-Molecularly-Distilled-1000mg-60-softgels.webp\",\"contentUrl\":\"https:\\\/\\\/ecosupplements.ch\\\/wp-content\\\/uploads\\\/2026\\\/05\\\/Omega-3-Fish-Oil-Molecularly-Distilled-1000mg-60-softgels.webp\",\"width\":1000,\"height\":1000,\"caption\":\"Omega-3 Fish Oil Molecularly Distilled\"},{\"@type\":\"BreadcrumbList\",\"@id\":\"https:\\\/\\\/ecosupplements.ch\\\/?product=omega-3-fish-oil-molecularly-distilled-1000mg-60-softgels#breadcrumb\",\"itemListElement\":[{\"@type\":\"ListItem\",\"position\":1,\"name\":\"Home\",\"item\":\"https:\\\/\\\/ecosupplements.ch\\\/\"},{\"@type\":\"ListItem\",\"position\":2,\"name\":\"Shop\",\"item\":\"https:\\\/\\\/ecosupplements.ch\\\/?page_id=14\"},{\"@type\":\"ListItem\",\"position\":3,\"name\":\"Omega-3 Fish Oil Molecularly Distilled, 1000mg &#8211; 60 softgels\"}]},{\"@type\":\"WebSite\",\"@id\":\"https:\\\/\\\/ecosupplements.ch\\\/#website\",\"url\":\"https:\\\/\\\/ecosupplements.ch\\\/\",\"name\":\"Eco Supplements\",\"description\":\"\",\"potentialAction\":[{\"@type\":\"SearchAction\",\"target\":{\"@type\":\"EntryPoint\",\"urlTemplate\":\"https:\\\/\\\/ecosupplements.ch\\\/?s={search_term_string}\"},\"query-input\":{\"@type\":\"PropertyValueSpecification\",\"valueRequired\":true,\"valueName\":\"search_term_string\"}}],\"inLanguage\":\"de-CH\"}]}<\/script>\n<meta property=\"product:price:amount\" content=\"8.22\" \/>\n<meta property=\"product:price:currency\" content=\"CHF\" \/>\n<meta property=\"og:availability\" content=\"out of stock\" \/>\n<meta property=\"product:availability\" content=\"out of stock\" \/>\n<meta property=\"product:retailer_item_id\" content=\"5904139923450\" \/>\n<meta property=\"product:condition\" content=\"new\" \/>\n<!-- \/ Yoast SEO plugin. -->","yoast_head_json":{"title":"Omega-3 Fish Oil 1000mg \u2013 Osavi | ecosupplements.ch","description":"Osavi Omega-3 Fish Oil mit min. 360 mg EPA und 240 mg DHA pro Tagesdosis \u2013 molekular destilliert, 60 Softgels. Jetzt bestellen.","robots":{"index":"index","follow":"follow","max-snippet":"max-snippet:-1","max-image-preview":"max-image-preview:large","max-video-preview":"max-video-preview:-1"},"canonical":"https:\/\/ecosupplements.ch\/?product=omega-3-fish-oil-molecularly-distilled-1000mg-60-softgels","og_locale":"de_DE","og_type":"article","og_title":"Omega-3 Fish Oil 1000mg \u2013 Osavi | ecosupplements.ch","og_description":"Osavi Omega-3 Fish Oil mit min. 360 mg EPA und 240 mg DHA pro Tagesdosis \u2013 molekular destilliert, 60 Softgels. Jetzt bestellen.","og_url":"https:\/\/ecosupplements.ch\/?product=omega-3-fish-oil-molecularly-distilled-1000mg-60-softgels","og_site_name":"Eco Supplements","article_modified_time":"2026-05-13T07:25:30+00:00","og_image":[{"width":1000,"height":1000,"url":"https:\/\/ecosupplements.ch\/wp-content\/uploads\/2026\/05\/Omega-3-Fish-Oil-Molecularly-Distilled-1000mg-60-softgels.webp","type":"image\/jpeg"}],"twitter_card":"summary_large_image","twitter_misc":{"Price":"&#67;&#72;&#70;&nbsp;8.22","Availability":"Out of stock"},"schema":{"@context":"https:\/\/schema.org","@graph":[{"@type":"WebPage","@id":"https:\/\/ecosupplements.ch\/?product=omega-3-fish-oil-molecularly-distilled-1000mg-60-softgels","url":"https:\/\/ecosupplements.ch\/?product=omega-3-fish-oil-molecularly-distilled-1000mg-60-softgels","name":"Omega-3 Fish Oil 1000mg \u2013 Osavi | ecosupplements.ch","isPartOf":{"@id":"https:\/\/ecosupplements.ch\/#website"},"primaryImageOfPage":{"@id":"https:\/\/ecosupplements.ch\/?product=omega-3-fish-oil-molecularly-distilled-1000mg-60-softgels#primaryimage"},"image":{"@id":"https:\/\/ecosupplements.ch\/?product=omega-3-fish-oil-molecularly-distilled-1000mg-60-softgels#primaryimage"},"thumbnailUrl":"https:\/\/ecosupplements.ch\/wp-content\/uploads\/2026\/05\/Omega-3-Fish-Oil-Molecularly-Distilled-1000mg-60-softgels.webp","datePublished":"2026-05-11T15:06:45+00:00","dateModified":"2026-05-13T07:25:30+00:00","description":"Osavi Omega-3 Fish Oil mit min. 360 mg EPA und 240 mg DHA pro Tagesdosis \u2013 molekular destilliert, 60 Softgels. Jetzt bestellen.","breadcrumb":{"@id":"https:\/\/ecosupplements.ch\/?product=omega-3-fish-oil-molecularly-distilled-1000mg-60-softgels#breadcrumb"},"inLanguage":"de-CH","potentialAction":[{"@type":"ReadAction","target":["https:\/\/ecosupplements.ch\/?product=omega-3-fish-oil-molecularly-distilled-1000mg-60-softgels"]}]},{"@type":"ImageObject","inLanguage":"de-CH","@id":"https:\/\/ecosupplements.ch\/?product=omega-3-fish-oil-molecularly-distilled-1000mg-60-softgels#primaryimage","url":"https:\/\/ecosupplements.ch\/wp-content\/uploads\/2026\/05\/Omega-3-Fish-Oil-Molecularly-Distilled-1000mg-60-softgels.webp","contentUrl":"https:\/\/ecosupplements.ch\/wp-content\/uploads\/2026\/05\/Omega-3-Fish-Oil-Molecularly-Distilled-1000mg-60-softgels.webp","width":1000,"height":1000,"caption":"Omega-3 Fish Oil Molecularly Distilled"},{"@type":"BreadcrumbList","@id":"https:\/\/ecosupplements.ch\/?product=omega-3-fish-oil-molecularly-distilled-1000mg-60-softgels#breadcrumb","itemListElement":[{"@type":"ListItem","position":1,"name":"Home","item":"https:\/\/ecosupplements.ch\/"},{"@type":"ListItem","position":2,"name":"Shop","item":"https:\/\/ecosupplements.ch\/?page_id=14"},{"@type":"ListItem","position":3,"name":"Omega-3 Fish Oil Molecularly Distilled, 1000mg &#8211; 60 softgels"}]},{"@type":"WebSite","@id":"https:\/\/ecosupplements.ch\/#website","url":"https:\/\/ecosupplements.ch\/","name":"Eco Supplements","description":"","potentialAction":[{"@type":"SearchAction","target":{"@type":"EntryPoint","urlTemplate":"https:\/\/ecosupplements.ch\/?s={search_term_string}"},"query-input":{"@type":"PropertyValueSpecification","valueRequired":true,"valueName":"search_term_string"}}],"inLanguage":"de-CH"}]},"product_price_amount":"8.22","product_price_currency":"CHF","og_availability":"out of stock","product_availability":"out of stock","product_retailer_item_id":"5904139923450","product_condition":"new"},"_links":{"self":[{"href":"https:\/\/ecosupplements.ch\/index.php?rest_route=\/wp\/v2\/product\/5447","targetHints":{"allow":["GET"]}}],"collection":[{"href":"https:\/\/ecosupplements.ch\/index.php?rest_route=\/wp\/v2\/product"}],"about":[{"href":"https:\/\/ecosupplements.ch\/index.php?rest_route=\/wp\/v2\/types\/product"}],"replies":[{"embeddable":true,"href":"https:\/\/ecosupplements.ch\/index.php?rest_route=%2Fwp%2Fv2%2Fcomments&post=5447"}],"wp:featuredmedia":[{"embeddable":true,"href":"https:\/\/ecosupplements.ch\/index.php?rest_route=\/wp\/v2\/media\/5448"}],"wp:attachment":[{"href":"https:\/\/ecosupplements.ch\/index.php?rest_route=%2Fwp%2Fv2%2Fmedia&parent=5447"}],"wp:term":[{"taxonomy":"product_brand","embeddable":true,"href":"https:\/\/ecosupplements.ch\/index.php?rest_route=%2Fwp%2Fv2%2Fproduct_brand&post=5447"},{"taxonomy":"product_cat","embeddable":true,"href":"https:\/\/ecosupplements.ch\/index.php?rest_route=%2Fwp%2Fv2%2Fproduct_cat&post=5447"},{"taxonomy":"product_tag","embeddable":true,"href":"https:\/\/ecosupplements.ch\/index.php?rest_route=%2Fwp%2Fv2%2Fproduct_tag&post=5447"}],"curies":[{"name":"wp","href":"https:\/\/api.w.org\/{rel}","templated":true}]}}