{"id":5470,"date":"2026-05-11T15:06:57","date_gmt":"2026-05-11T15:06:57","guid":{"rendered":"https:\/\/ecosupplements.ch\/?product=collagen-vitamin-c-supreme-pure-400g"},"modified":"2026-05-13T07:27:23","modified_gmt":"2026-05-13T07:27:23","slug":"collagen-vitamin-c-supreme-pure-400g","status":"publish","type":"product","link":"https:\/\/ecosupplements.ch\/?product=collagen-vitamin-c-supreme-pure-400g","title":{"rendered":"Collagen + Vitamin C, Supreme Pure &#8211; 400g"},"content":{"rendered":"<div class=\"chcg-product-description\">\n<h2 class=\"chcg-heading\">\u00dcber Ostrovit \u2013 Collagen + Vitamin C, Supreme Pure \u2013 400g<\/h2>\n<div class=\"chcg-intro\">\n<p>Das Ostrovit Collagen + Vitamin C Supreme Pure liefert pro Portion 9&#8217;500 mg hochwertiges hydrolysiertes Rinderkollagen \u2013 in einer reinen, unkomplizierten Pulverform, die sich leicht in Wasser oder Saft aufl\u00f6sen l\u00e4sst. Kollagen ist das am h\u00e4ufigsten vorkommende Protein im menschlichen K\u00f6rper und tr\u00e4gt zur normalen Funktion von Knorpeln, Haut und Knochen bei.<\/p>\n<p>Jede Portion enth\u00e4lt zus\u00e4tzlich 500 mg Vitamin C (L-Ascorbins\u00e4ure), was 625 % des Tagesreferenzwerts entspricht. Vitamin C tr\u00e4gt zur normalen Kollagenbildung f\u00fcr eine normale Funktion der Haut, Knochen und Knorpel bei und unterst\u00fctzt zudem das Immunsystem sowie den Schutz der Zellen vor oxidativem Stress.<\/p>\n<p>Mit 40 Portionen pro Packung bietet dieses Produkt eine praktische und ergiebige L\u00f6sung f\u00fcr alle, die eine t\u00e4gliche Kollagenroutine in ihren Alltag integrieren m\u00f6chten. Die Formel enth\u00e4lt ausschliesslich zwei Zutaten \u2013 ohne Zusatzstoffe, Aromen oder F\u00fcllstoffe.<\/p>\n<\/p><\/div>\n<div class=\"chcg-nutrition\">\n<h3>N\u00e4hrwertangaben<\/h3>\n<table class=\"chcg-nutrition-table\">\n<thead>\n<tr>\n<th>N\u00e4hrstoff<\/th>\n<th>Pro Portion (10 g)<\/th>\n<\/tr>\n<\/thead>\n<tbody>\n<tr>\n<td>Hydrolysiertes Rinderkollagen<\/td>\n<td>9&#8217;500 mg<\/td>\n<\/tr>\n<tr>\n<td>Vitamin C (L-Ascorbins\u00e4ure)<\/td>\n<td>500 mg (625 % NRV)<\/td>\n<\/tr>\n<\/tbody>\n<\/table>\n<p class=\"chcg-footnote\">NRV = N\u00e4hrstoffbezugswert (Nutrient Reference Value) gem\u00e4ss EU-Verordnung Nr. 1169\/2011.<\/p>\n<\/p><\/div>\n<div class=\"chcg-ingredients\">\n<h3>Zutaten<\/h3>\n<p>Hydrolysiertes Rinderkollagen, L-Ascorbins\u00e4ure (Vitamin C).<\/p>\n<\/p><\/div>\n<div class=\"chcg-dosage\">\n<h3>Verzehrempfehlung<\/h3>\n<p>Eine Portion von 10 g (2 Messl\u00f6ffel) in 200 ml Wasser oder Saft aufl\u00f6sen. 1 Portion t\u00e4glich einnehmen. Das Produkt ist f\u00fcr Erwachsene bestimmt.<\/p>\n<\/p><\/div>\n<div class=\"chcg-warnings\">\n<h3>Warnhinweise<\/h3>\n<p>Die empfohlene Tagesdosis nicht \u00fcberschreiten. Nahrungserg\u00e4nzungsmittel sollten nicht als Ersatz f\u00fcr eine abwechslungsreiche und ausgewogene Ern\u00e4hrung verwendet werden. Eine ausgewogene Ern\u00e4hrung und eine gesunde Lebensweise werden empfohlen. Bei einer Allergie gegen einen der Inhaltsstoffe des Produkts nicht verwenden. Nicht empfohlen f\u00fcr Personen, die zu Nierensteinen neigen oder bei denen Nierensteine diagnostiziert wurden. Das Produkt sollte nicht von Kindern, Schwangeren oder stillenden M\u00fcttern verwendet werden. Ausserhalb der Reichweite von Kleinkindern aufbewahren.<\/p>\n<\/p><\/div>\n<div class=\"chcg-allergens\">\n<h3>Allergeninformationen<\/h3>\n<p>Kann Spuren von Milch (einschliesslich Laktose), Sojabohnen, Erdn\u00fcssen, anderen N\u00fcssen, Sesamsamen, glutenhaltigen Getreidesorten, Eiern, Krebstieren und Fisch enthalten.<\/p>\n<\/p><\/div>\n<div class=\"chcg-storage\">\n<h3>Lagerung<\/h3>\n<p>An einem trockenen Ort bei Raumtemperatur unter 25 \u00b0C, vor direkter Sonneneinstrahlung gesch\u00fctzt, aufbewahren. Mindesthaltbarkeitsdatum und Chargennummer sind auf der Verpackung angegeben.<\/p>\n<\/p><\/div>\n<\/div>\n","protected":false},"excerpt":{"rendered":"<p>Ostrovit Collagen + Vitamin C Supreme Pure liefert 9&#8217;500 mg hydrolysiertes Rinderkollagen und 500 mg Vitamin C pro Portion. Als reines Pulver (400 g, 40 Portionen) einfach in Wasser oder Saft aufl\u00f6sen.<\/p>\n","protected":false},"featured_media":5471,"comment_status":"closed","ping_status":"open","template":"","meta":[],"product_brand":[298],"product_cat":[48,25,80,26,21],"product_tag":[],"class_list":{"0":"post-5470","1":"product","2":"type-product","3":"status-publish","4":"has-post-thumbnail","6":"product_brand-ostrovit","7":"product_cat-gesunde-ernaehrung","8":"product_cat-gesundheit-und-wohlbefinden","9":"product_cat-kollagen","10":"product_cat-multivitamine","11":"product_cat-vitamine-und-mineralstoffe","13":"first","14":"outofstock","15":"taxable","16":"shipping-taxable","17":"purchasable","18":"product-type-simple"},"yoast_head":"<!-- This site is optimized with the Yoast SEO plugin v27.5 - https:\/\/yoast.com\/product\/yoast-seo-wordpress\/ -->\n<title>Collagen + Vitamin C Supreme Pure 400g \u2013 Ostrovit | ecosupplements.ch<\/title>\n<meta name=\"description\" content=\"9&#039;500 mg Rinderkollagen und 500 mg Vitamin C pro Portion \u2013 reines Pulver, 40 Portionen. Jetzt bestellen.\" \/>\n<meta name=\"robots\" content=\"index, follow, max-snippet:-1, max-image-preview:large, max-video-preview:-1\" \/>\n<link rel=\"canonical\" href=\"https:\/\/ecosupplements.ch\/?product=collagen-vitamin-c-supreme-pure-400g\" \/>\n<meta property=\"og:locale\" content=\"de_DE\" \/>\n<meta property=\"og:type\" content=\"article\" \/>\n<meta property=\"og:title\" content=\"Collagen + Vitamin C Supreme Pure 400g \u2013 Ostrovit | ecosupplements.ch\" \/>\n<meta property=\"og:description\" content=\"9&#039;500 mg Rinderkollagen und 500 mg Vitamin C pro Portion \u2013 reines Pulver, 40 Portionen. Jetzt bestellen.\" \/>\n<meta property=\"og:url\" content=\"https:\/\/ecosupplements.ch\/?product=collagen-vitamin-c-supreme-pure-400g\" \/>\n<meta property=\"og:site_name\" content=\"Eco Supplements\" \/>\n<meta property=\"article:modified_time\" content=\"2026-05-13T07:27:23+00:00\" \/>\n<meta property=\"og:image\" content=\"https:\/\/ecosupplements.ch\/wp-content\/uploads\/2026\/05\/Collagen-Vitamin-C-Supreme-Pure-400g.webp\" \/>\n\t<meta property=\"og:image:width\" content=\"1000\" \/>\n\t<meta property=\"og:image:height\" content=\"1000\" \/>\n\t<meta property=\"og:image:type\" content=\"image\/jpeg\" \/>\n<meta name=\"twitter:card\" content=\"summary_large_image\" \/>\n<meta name=\"twitter:label1\" content=\"Price\" \/>\n\t<meta name=\"twitter:data1\" content=\"&#067;&#072;&#070;&nbsp;16.64\" \/>\n\t<meta name=\"twitter:label2\" content=\"Availability\" \/>\n\t<meta name=\"twitter:data2\" content=\"Out of stock\" \/>\n<script type=\"application\/ld+json\" class=\"yoast-schema-graph\">{\"@context\":\"https:\\\/\\\/schema.org\",\"@graph\":[{\"@type\":\"WebPage\",\"@id\":\"https:\\\/\\\/ecosupplements.ch\\\/?product=collagen-vitamin-c-supreme-pure-400g\",\"url\":\"https:\\\/\\\/ecosupplements.ch\\\/?product=collagen-vitamin-c-supreme-pure-400g\",\"name\":\"Collagen + Vitamin C Supreme Pure 400g \u2013 Ostrovit | ecosupplements.ch\",\"isPartOf\":{\"@id\":\"https:\\\/\\\/ecosupplements.ch\\\/#website\"},\"primaryImageOfPage\":{\"@id\":\"https:\\\/\\\/ecosupplements.ch\\\/?product=collagen-vitamin-c-supreme-pure-400g#primaryimage\"},\"image\":{\"@id\":\"https:\\\/\\\/ecosupplements.ch\\\/?product=collagen-vitamin-c-supreme-pure-400g#primaryimage\"},\"thumbnailUrl\":\"https:\\\/\\\/ecosupplements.ch\\\/wp-content\\\/uploads\\\/2026\\\/05\\\/Collagen-Vitamin-C-Supreme-Pure-400g.webp\",\"datePublished\":\"2026-05-11T15:06:57+00:00\",\"dateModified\":\"2026-05-13T07:27:23+00:00\",\"description\":\"9'500 mg Rinderkollagen und 500 mg Vitamin C pro Portion \u2013 reines Pulver, 40 Portionen. Jetzt bestellen.\",\"breadcrumb\":{\"@id\":\"https:\\\/\\\/ecosupplements.ch\\\/?product=collagen-vitamin-c-supreme-pure-400g#breadcrumb\"},\"inLanguage\":\"de-CH\",\"potentialAction\":[{\"@type\":\"ReadAction\",\"target\":[\"https:\\\/\\\/ecosupplements.ch\\\/?product=collagen-vitamin-c-supreme-pure-400g\"]}]},{\"@type\":\"ImageObject\",\"inLanguage\":\"de-CH\",\"@id\":\"https:\\\/\\\/ecosupplements.ch\\\/?product=collagen-vitamin-c-supreme-pure-400g#primaryimage\",\"url\":\"https:\\\/\\\/ecosupplements.ch\\\/wp-content\\\/uploads\\\/2026\\\/05\\\/Collagen-Vitamin-C-Supreme-Pure-400g.webp\",\"contentUrl\":\"https:\\\/\\\/ecosupplements.ch\\\/wp-content\\\/uploads\\\/2026\\\/05\\\/Collagen-Vitamin-C-Supreme-Pure-400g.webp\",\"width\":1000,\"height\":1000,\"caption\":\"Collagen + Vitamin C\"},{\"@type\":\"BreadcrumbList\",\"@id\":\"https:\\\/\\\/ecosupplements.ch\\\/?product=collagen-vitamin-c-supreme-pure-400g#breadcrumb\",\"itemListElement\":[{\"@type\":\"ListItem\",\"position\":1,\"name\":\"Home\",\"item\":\"https:\\\/\\\/ecosupplements.ch\\\/\"},{\"@type\":\"ListItem\",\"position\":2,\"name\":\"Shop\",\"item\":\"https:\\\/\\\/ecosupplements.ch\\\/?page_id=14\"},{\"@type\":\"ListItem\",\"position\":3,\"name\":\"Collagen + Vitamin C, Supreme Pure &#8211; 400g\"}]},{\"@type\":\"WebSite\",\"@id\":\"https:\\\/\\\/ecosupplements.ch\\\/#website\",\"url\":\"https:\\\/\\\/ecosupplements.ch\\\/\",\"name\":\"Eco Supplements\",\"description\":\"\",\"potentialAction\":[{\"@type\":\"SearchAction\",\"target\":{\"@type\":\"EntryPoint\",\"urlTemplate\":\"https:\\\/\\\/ecosupplements.ch\\\/?s={search_term_string}\"},\"query-input\":{\"@type\":\"PropertyValueSpecification\",\"valueRequired\":true,\"valueName\":\"search_term_string\"}}],\"inLanguage\":\"de-CH\"}]}<\/script>\n<meta property=\"product:price:amount\" content=\"16.64\" \/>\n<meta property=\"product:price:currency\" content=\"CHF\" \/>\n<meta property=\"og:availability\" content=\"out of stock\" \/>\n<meta property=\"product:availability\" content=\"out of stock\" \/>\n<meta property=\"product:retailer_item_id\" content=\"5903246224931\" \/>\n<meta property=\"product:condition\" content=\"new\" \/>\n<!-- \/ Yoast SEO plugin. -->","yoast_head_json":{"title":"Collagen + Vitamin C Supreme Pure 400g \u2013 Ostrovit | ecosupplements.ch","description":"9'500 mg Rinderkollagen und 500 mg Vitamin C pro Portion \u2013 reines Pulver, 40 Portionen. Jetzt bestellen.","robots":{"index":"index","follow":"follow","max-snippet":"max-snippet:-1","max-image-preview":"max-image-preview:large","max-video-preview":"max-video-preview:-1"},"canonical":"https:\/\/ecosupplements.ch\/?product=collagen-vitamin-c-supreme-pure-400g","og_locale":"de_DE","og_type":"article","og_title":"Collagen + Vitamin C Supreme Pure 400g \u2013 Ostrovit | ecosupplements.ch","og_description":"9'500 mg Rinderkollagen und 500 mg Vitamin C pro Portion \u2013 reines Pulver, 40 Portionen. Jetzt bestellen.","og_url":"https:\/\/ecosupplements.ch\/?product=collagen-vitamin-c-supreme-pure-400g","og_site_name":"Eco Supplements","article_modified_time":"2026-05-13T07:27:23+00:00","og_image":[{"width":1000,"height":1000,"url":"https:\/\/ecosupplements.ch\/wp-content\/uploads\/2026\/05\/Collagen-Vitamin-C-Supreme-Pure-400g.webp","type":"image\/jpeg"}],"twitter_card":"summary_large_image","twitter_misc":{"Price":"&#67;&#72;&#70;&nbsp;16.64","Availability":"Out of stock"},"schema":{"@context":"https:\/\/schema.org","@graph":[{"@type":"WebPage","@id":"https:\/\/ecosupplements.ch\/?product=collagen-vitamin-c-supreme-pure-400g","url":"https:\/\/ecosupplements.ch\/?product=collagen-vitamin-c-supreme-pure-400g","name":"Collagen + Vitamin C Supreme Pure 400g \u2013 Ostrovit | ecosupplements.ch","isPartOf":{"@id":"https:\/\/ecosupplements.ch\/#website"},"primaryImageOfPage":{"@id":"https:\/\/ecosupplements.ch\/?product=collagen-vitamin-c-supreme-pure-400g#primaryimage"},"image":{"@id":"https:\/\/ecosupplements.ch\/?product=collagen-vitamin-c-supreme-pure-400g#primaryimage"},"thumbnailUrl":"https:\/\/ecosupplements.ch\/wp-content\/uploads\/2026\/05\/Collagen-Vitamin-C-Supreme-Pure-400g.webp","datePublished":"2026-05-11T15:06:57+00:00","dateModified":"2026-05-13T07:27:23+00:00","description":"9'500 mg Rinderkollagen und 500 mg Vitamin C pro Portion \u2013 reines Pulver, 40 Portionen. Jetzt bestellen.","breadcrumb":{"@id":"https:\/\/ecosupplements.ch\/?product=collagen-vitamin-c-supreme-pure-400g#breadcrumb"},"inLanguage":"de-CH","potentialAction":[{"@type":"ReadAction","target":["https:\/\/ecosupplements.ch\/?product=collagen-vitamin-c-supreme-pure-400g"]}]},{"@type":"ImageObject","inLanguage":"de-CH","@id":"https:\/\/ecosupplements.ch\/?product=collagen-vitamin-c-supreme-pure-400g#primaryimage","url":"https:\/\/ecosupplements.ch\/wp-content\/uploads\/2026\/05\/Collagen-Vitamin-C-Supreme-Pure-400g.webp","contentUrl":"https:\/\/ecosupplements.ch\/wp-content\/uploads\/2026\/05\/Collagen-Vitamin-C-Supreme-Pure-400g.webp","width":1000,"height":1000,"caption":"Collagen + Vitamin C"},{"@type":"BreadcrumbList","@id":"https:\/\/ecosupplements.ch\/?product=collagen-vitamin-c-supreme-pure-400g#breadcrumb","itemListElement":[{"@type":"ListItem","position":1,"name":"Home","item":"https:\/\/ecosupplements.ch\/"},{"@type":"ListItem","position":2,"name":"Shop","item":"https:\/\/ecosupplements.ch\/?page_id=14"},{"@type":"ListItem","position":3,"name":"Collagen + Vitamin C, Supreme Pure &#8211; 400g"}]},{"@type":"WebSite","@id":"https:\/\/ecosupplements.ch\/#website","url":"https:\/\/ecosupplements.ch\/","name":"Eco Supplements","description":"","potentialAction":[{"@type":"SearchAction","target":{"@type":"EntryPoint","urlTemplate":"https:\/\/ecosupplements.ch\/?s={search_term_string}"},"query-input":{"@type":"PropertyValueSpecification","valueRequired":true,"valueName":"search_term_string"}}],"inLanguage":"de-CH"}]},"product_price_amount":"16.64","product_price_currency":"CHF","og_availability":"out of stock","product_availability":"out of stock","product_retailer_item_id":"5903246224931","product_condition":"new"},"_links":{"self":[{"href":"https:\/\/ecosupplements.ch\/index.php?rest_route=\/wp\/v2\/product\/5470","targetHints":{"allow":["GET"]}}],"collection":[{"href":"https:\/\/ecosupplements.ch\/index.php?rest_route=\/wp\/v2\/product"}],"about":[{"href":"https:\/\/ecosupplements.ch\/index.php?rest_route=\/wp\/v2\/types\/product"}],"replies":[{"embeddable":true,"href":"https:\/\/ecosupplements.ch\/index.php?rest_route=%2Fwp%2Fv2%2Fcomments&post=5470"}],"wp:featuredmedia":[{"embeddable":true,"href":"https:\/\/ecosupplements.ch\/index.php?rest_route=\/wp\/v2\/media\/5471"}],"wp:attachment":[{"href":"https:\/\/ecosupplements.ch\/index.php?rest_route=%2Fwp%2Fv2%2Fmedia&parent=5470"}],"wp:term":[{"taxonomy":"product_brand","embeddable":true,"href":"https:\/\/ecosupplements.ch\/index.php?rest_route=%2Fwp%2Fv2%2Fproduct_brand&post=5470"},{"taxonomy":"product_cat","embeddable":true,"href":"https:\/\/ecosupplements.ch\/index.php?rest_route=%2Fwp%2Fv2%2Fproduct_cat&post=5470"},{"taxonomy":"product_tag","embeddable":true,"href":"https:\/\/ecosupplements.ch\/index.php?rest_route=%2Fwp%2Fv2%2Fproduct_tag&post=5470"}],"curies":[{"name":"wp","href":"https:\/\/api.w.org\/{rel}","templated":true}]}}