{"id":5476,"date":"2026-05-11T15:07:00","date_gmt":"2026-05-11T15:07:00","guid":{"rendered":"https:\/\/ecosupplements.ch\/?product=creatine-monohydrate-cola-500g"},"modified":"2026-05-13T07:27:23","modified_gmt":"2026-05-13T07:27:23","slug":"creatine-monohydrate-cola-500g","status":"publish","type":"product","link":"https:\/\/ecosupplements.ch\/?product=creatine-monohydrate-cola-500g","title":{"rendered":"Creatine Monohydrate, Cola &#8211; 500g"},"content":{"rendered":"<div class=\"chcg-product-description\">\n<h2 class=\"chcg-heading\">\u00dcber Ostrovit \u2013 Creatine Monohydrate, Cola \u2013 500g<\/h2>\n<div class=\"chcg-intro\">\n<p>Ostrovit Creatine Monohydrate im Cola-Geschmack liefert pro Portion 2600 mg reines Kreatinmonohydrat \u2013 eine der am besten erforschten und bew\u00e4hrtesten Formen von Kreatin. Das fein gemahlene Pulver l\u00f6st sich schnell in Wasser oder Saft auf und l\u00e4sst sich problemlos in den t\u00e4glichen Trainingsalltag integrieren.<\/p>\n<p>Kreatin tr\u00e4gt zur Steigerung der k\u00f6rperlichen Leistungsf\u00e4higkeit bei kurzen, hochintensiven Trainingseinheiten bei, wenn t\u00e4glich 3 g aufgenommen werden. Dank der Cola-Aromatisierung und der S\u00fcssung mit Sucralose sowie Acesulfam K enth\u00e4lt das Produkt keinen Zucker und eignet sich daher auch f\u00fcr Personen, die auf ihre Kohlenhydrataufnahme achten.<\/p>\n<p>Mit 166 Portionen pro Packung bietet dieses 500-g-Pulver eine langanhaltende Versorgung zu einem attraktiven Preis-Leistungs-Verh\u00e4ltnis. Das Produkt ist vegan und vegetarisch geeignet.<\/p>\n<\/p><\/div>\n<div class=\"chcg-nutrition\">\n<h3>N\u00e4hrwertangaben<\/h3>\n<table class=\"chcg-nutrition-table\">\n<thead>\n<tr>\n<th>N\u00e4hrstoff<\/th>\n<th>Pro Portion (3 g)<\/th>\n<\/tr>\n<\/thead>\n<tbody>\n<tr>\n<td>Kreatinmonohydrat<\/td>\n<td>2600 mg<\/td>\n<\/tr>\n<tr>\n<td>Zucker<\/td>\n<td>0 g<\/td>\n<\/tr>\n<\/tbody>\n<\/table>\n<p class=\"chcg-footnote\">* Kein festgelegter Tagesreferenzwert.<\/p>\n<\/p><\/div>\n<div class=\"chcg-ingredients\">\n<h3>Zutaten<\/h3>\n<p>Kreatinmonohydrat, S\u00e4uerungsmittel \u2013 Zitronens\u00e4ure, Aroma, S\u00fcssungsmittel: Sucralose, Acesulfam K.<\/p>\n<\/p><\/div>\n<div class=\"chcg-dosage\">\n<h3>Verzehrempfehlung<\/h3>\n<p>Eine Portion von 3 g (\u00be Messl\u00f6ffel) in 100\u2013150 ml Wasser oder Saft einr\u00fchren. An Trainingstagen eine Portion t\u00e4glich nach dem Aufwachen oder nach dem Training einnehmen. An trainingsfreien Tagen eine Portion t\u00e4glich nach dem Aufwachen einnehmen. Die empfohlene Tagesdosis nicht \u00fcberschreiten.<\/p>\n<\/p><\/div>\n<div class=\"chcg-warnings\">\n<h3>Warnhinweise<\/h3>\n<p>Nahrungserg\u00e4nzungsmittel sollten nicht als Ersatz f\u00fcr eine abwechslungsreiche Ern\u00e4hrung verwendet werden. Eine ausgewogene Ern\u00e4hrung und ein gesunder Lebensstil werden empfohlen. Nicht verzehren, wenn eine Allergie gegen einen der Inhaltsstoffe besteht. Das Produkt sollte nicht von Kindern, Schwangeren und stillenden M\u00fcttern verwendet werden. Das Produkt ist nicht f\u00fcr Personen mit Nierenerkrankungen geeignet. Ausserhalb der Reichweite von Kleinkindern aufbewahren.<\/p>\n<\/p><\/div>\n<div class=\"chcg-allergens\">\n<h3>Allergeninformationen<\/h3>\n<p>Hergestellt in einem Betrieb, der Zutaten aus Milch (einschliesslich Laktose), Sojabohnen, Erdn\u00fcssen, anderen N\u00fcssen, Sesamsamen, glutenhaltigen Getreidesorten, Eiern, Krebstieren und Fisch verarbeitet.<\/p>\n<\/p><\/div>\n<div class=\"chcg-storage\">\n<h3>Lagerung<\/h3>\n<p>An einem k\u00fchlen, trockenen Ort lagern. Ausserhalb der Reichweite von Kleinkindern aufbewahren.<\/p>\n<\/p><\/div>\n<div class=\"chcg-dietary\">\n<h3>Ern\u00e4hrungshinweise<\/h3>\n<ul>\n<li>Vegan<\/li>\n<li>Vegetarisch<\/li>\n<\/ul><\/div>\n<\/div>\n","protected":false},"excerpt":{"rendered":"<p>Ostrovit Creatine Monohydrate im Cola-Geschmack liefert 2600 mg Kreatin pro Portion zur Unterst\u00fctzung hochintensiver Trainingseinheiten. Zuckerfrei, vegan und in praktischer 500-g-Pulverpackung mit 166 Portionen erh\u00e4ltlich.<\/p>\n","protected":false},"featured_media":5477,"comment_status":"closed","ping_status":"open","template":"","meta":[],"product_brand":[298],"product_cat":[90,48,75,70,21],"product_tag":[],"class_list":{"0":"post-5476","1":"product","2":"type-product","3":"status-publish","4":"has-post-thumbnail","6":"product_brand-ostrovit","7":"product_cat-fitness-training","8":"product_cat-gesunde-ernaehrung","9":"product_cat-kreatinmonohydrat","10":"product_cat-kreatinpraeparate","11":"product_cat-vitamine-und-mineralstoffe","13":"first","14":"outofstock","15":"taxable","16":"shipping-taxable","17":"purchasable","18":"product-type-simple"},"yoast_head":"<!-- This site is optimized with the Yoast SEO plugin v27.5 - https:\/\/yoast.com\/product\/yoast-seo-wordpress\/ -->\n<title>Creatine Monohydrate Cola 500g \u2013 Ostrovit | ecosupplements.ch<\/title>\n<meta name=\"description\" content=\"Ostrovit Creatine Monohydrate Cola-Pulver mit 2600 mg Kreatin pro Portion, zuckerfrei und vegan \u2013 500 g, 166 Portionen. Jetzt bestellen.\" \/>\n<meta name=\"robots\" content=\"index, follow, max-snippet:-1, max-image-preview:large, max-video-preview:-1\" \/>\n<link rel=\"canonical\" href=\"https:\/\/ecosupplements.ch\/?product=creatine-monohydrate-cola-500g\" \/>\n<meta property=\"og:locale\" content=\"de_DE\" \/>\n<meta property=\"og:type\" content=\"article\" \/>\n<meta property=\"og:title\" content=\"Creatine Monohydrate Cola 500g \u2013 Ostrovit | ecosupplements.ch\" \/>\n<meta property=\"og:description\" content=\"Ostrovit Creatine Monohydrate Cola-Pulver mit 2600 mg Kreatin pro Portion, zuckerfrei und vegan \u2013 500 g, 166 Portionen. Jetzt bestellen.\" \/>\n<meta property=\"og:url\" content=\"https:\/\/ecosupplements.ch\/?product=creatine-monohydrate-cola-500g\" \/>\n<meta property=\"og:site_name\" content=\"Eco Supplements\" \/>\n<meta property=\"article:modified_time\" content=\"2026-05-13T07:27:23+00:00\" \/>\n<meta property=\"og:image\" content=\"https:\/\/ecosupplements.ch\/wp-content\/uploads\/2026\/05\/Creatine-Monohydrate-Cola-500g.webp\" \/>\n\t<meta property=\"og:image:width\" content=\"1000\" \/>\n\t<meta property=\"og:image:height\" content=\"1000\" \/>\n\t<meta property=\"og:image:type\" content=\"image\/jpeg\" \/>\n<meta name=\"twitter:card\" content=\"summary_large_image\" \/>\n<meta name=\"twitter:label1\" content=\"Price\" \/>\n\t<meta name=\"twitter:data1\" content=\"&#067;&#072;&#070;&nbsp;15.72\" \/>\n\t<meta name=\"twitter:label2\" content=\"Availability\" \/>\n\t<meta name=\"twitter:data2\" content=\"Out of stock\" \/>\n<script type=\"application\/ld+json\" class=\"yoast-schema-graph\">{\"@context\":\"https:\\\/\\\/schema.org\",\"@graph\":[{\"@type\":\"WebPage\",\"@id\":\"https:\\\/\\\/ecosupplements.ch\\\/?product=creatine-monohydrate-cola-500g\",\"url\":\"https:\\\/\\\/ecosupplements.ch\\\/?product=creatine-monohydrate-cola-500g\",\"name\":\"Creatine Monohydrate Cola 500g \u2013 Ostrovit | ecosupplements.ch\",\"isPartOf\":{\"@id\":\"https:\\\/\\\/ecosupplements.ch\\\/#website\"},\"primaryImageOfPage\":{\"@id\":\"https:\\\/\\\/ecosupplements.ch\\\/?product=creatine-monohydrate-cola-500g#primaryimage\"},\"image\":{\"@id\":\"https:\\\/\\\/ecosupplements.ch\\\/?product=creatine-monohydrate-cola-500g#primaryimage\"},\"thumbnailUrl\":\"https:\\\/\\\/ecosupplements.ch\\\/wp-content\\\/uploads\\\/2026\\\/05\\\/Creatine-Monohydrate-Cola-500g.webp\",\"datePublished\":\"2026-05-11T15:07:00+00:00\",\"dateModified\":\"2026-05-13T07:27:23+00:00\",\"description\":\"Ostrovit Creatine Monohydrate Cola-Pulver mit 2600 mg Kreatin pro Portion, zuckerfrei und vegan \u2013 500 g, 166 Portionen. Jetzt bestellen.\",\"breadcrumb\":{\"@id\":\"https:\\\/\\\/ecosupplements.ch\\\/?product=creatine-monohydrate-cola-500g#breadcrumb\"},\"inLanguage\":\"de-CH\",\"potentialAction\":[{\"@type\":\"ReadAction\",\"target\":[\"https:\\\/\\\/ecosupplements.ch\\\/?product=creatine-monohydrate-cola-500g\"]}]},{\"@type\":\"ImageObject\",\"inLanguage\":\"de-CH\",\"@id\":\"https:\\\/\\\/ecosupplements.ch\\\/?product=creatine-monohydrate-cola-500g#primaryimage\",\"url\":\"https:\\\/\\\/ecosupplements.ch\\\/wp-content\\\/uploads\\\/2026\\\/05\\\/Creatine-Monohydrate-Cola-500g.webp\",\"contentUrl\":\"https:\\\/\\\/ecosupplements.ch\\\/wp-content\\\/uploads\\\/2026\\\/05\\\/Creatine-Monohydrate-Cola-500g.webp\",\"width\":1000,\"height\":1000,\"caption\":\"Creatine Monohydrate\"},{\"@type\":\"BreadcrumbList\",\"@id\":\"https:\\\/\\\/ecosupplements.ch\\\/?product=creatine-monohydrate-cola-500g#breadcrumb\",\"itemListElement\":[{\"@type\":\"ListItem\",\"position\":1,\"name\":\"Home\",\"item\":\"https:\\\/\\\/ecosupplements.ch\\\/\"},{\"@type\":\"ListItem\",\"position\":2,\"name\":\"Shop\",\"item\":\"https:\\\/\\\/ecosupplements.ch\\\/?page_id=14\"},{\"@type\":\"ListItem\",\"position\":3,\"name\":\"Creatine Monohydrate, Cola &#8211; 500g\"}]},{\"@type\":\"WebSite\",\"@id\":\"https:\\\/\\\/ecosupplements.ch\\\/#website\",\"url\":\"https:\\\/\\\/ecosupplements.ch\\\/\",\"name\":\"Eco Supplements\",\"description\":\"\",\"potentialAction\":[{\"@type\":\"SearchAction\",\"target\":{\"@type\":\"EntryPoint\",\"urlTemplate\":\"https:\\\/\\\/ecosupplements.ch\\\/?s={search_term_string}\"},\"query-input\":{\"@type\":\"PropertyValueSpecification\",\"valueRequired\":true,\"valueName\":\"search_term_string\"}}],\"inLanguage\":\"de-CH\"}]}<\/script>\n<meta property=\"product:price:amount\" content=\"15.72\" \/>\n<meta property=\"product:price:currency\" content=\"CHF\" \/>\n<meta property=\"og:availability\" content=\"out of stock\" \/>\n<meta property=\"product:availability\" content=\"out of stock\" \/>\n<meta property=\"product:retailer_item_id\" content=\"5902232617658\" \/>\n<meta property=\"product:condition\" content=\"new\" \/>\n<!-- \/ Yoast SEO plugin. -->","yoast_head_json":{"title":"Creatine Monohydrate Cola 500g \u2013 Ostrovit | ecosupplements.ch","description":"Ostrovit Creatine Monohydrate Cola-Pulver mit 2600 mg Kreatin pro Portion, zuckerfrei und vegan \u2013 500 g, 166 Portionen. Jetzt bestellen.","robots":{"index":"index","follow":"follow","max-snippet":"max-snippet:-1","max-image-preview":"max-image-preview:large","max-video-preview":"max-video-preview:-1"},"canonical":"https:\/\/ecosupplements.ch\/?product=creatine-monohydrate-cola-500g","og_locale":"de_DE","og_type":"article","og_title":"Creatine Monohydrate Cola 500g \u2013 Ostrovit | ecosupplements.ch","og_description":"Ostrovit Creatine Monohydrate Cola-Pulver mit 2600 mg Kreatin pro Portion, zuckerfrei und vegan \u2013 500 g, 166 Portionen. Jetzt bestellen.","og_url":"https:\/\/ecosupplements.ch\/?product=creatine-monohydrate-cola-500g","og_site_name":"Eco Supplements","article_modified_time":"2026-05-13T07:27:23+00:00","og_image":[{"width":1000,"height":1000,"url":"https:\/\/ecosupplements.ch\/wp-content\/uploads\/2026\/05\/Creatine-Monohydrate-Cola-500g.webp","type":"image\/jpeg"}],"twitter_card":"summary_large_image","twitter_misc":{"Price":"&#67;&#72;&#70;&nbsp;15.72","Availability":"Out of stock"},"schema":{"@context":"https:\/\/schema.org","@graph":[{"@type":"WebPage","@id":"https:\/\/ecosupplements.ch\/?product=creatine-monohydrate-cola-500g","url":"https:\/\/ecosupplements.ch\/?product=creatine-monohydrate-cola-500g","name":"Creatine Monohydrate Cola 500g \u2013 Ostrovit | ecosupplements.ch","isPartOf":{"@id":"https:\/\/ecosupplements.ch\/#website"},"primaryImageOfPage":{"@id":"https:\/\/ecosupplements.ch\/?product=creatine-monohydrate-cola-500g#primaryimage"},"image":{"@id":"https:\/\/ecosupplements.ch\/?product=creatine-monohydrate-cola-500g#primaryimage"},"thumbnailUrl":"https:\/\/ecosupplements.ch\/wp-content\/uploads\/2026\/05\/Creatine-Monohydrate-Cola-500g.webp","datePublished":"2026-05-11T15:07:00+00:00","dateModified":"2026-05-13T07:27:23+00:00","description":"Ostrovit Creatine Monohydrate Cola-Pulver mit 2600 mg Kreatin pro Portion, zuckerfrei und vegan \u2013 500 g, 166 Portionen. Jetzt bestellen.","breadcrumb":{"@id":"https:\/\/ecosupplements.ch\/?product=creatine-monohydrate-cola-500g#breadcrumb"},"inLanguage":"de-CH","potentialAction":[{"@type":"ReadAction","target":["https:\/\/ecosupplements.ch\/?product=creatine-monohydrate-cola-500g"]}]},{"@type":"ImageObject","inLanguage":"de-CH","@id":"https:\/\/ecosupplements.ch\/?product=creatine-monohydrate-cola-500g#primaryimage","url":"https:\/\/ecosupplements.ch\/wp-content\/uploads\/2026\/05\/Creatine-Monohydrate-Cola-500g.webp","contentUrl":"https:\/\/ecosupplements.ch\/wp-content\/uploads\/2026\/05\/Creatine-Monohydrate-Cola-500g.webp","width":1000,"height":1000,"caption":"Creatine Monohydrate"},{"@type":"BreadcrumbList","@id":"https:\/\/ecosupplements.ch\/?product=creatine-monohydrate-cola-500g#breadcrumb","itemListElement":[{"@type":"ListItem","position":1,"name":"Home","item":"https:\/\/ecosupplements.ch\/"},{"@type":"ListItem","position":2,"name":"Shop","item":"https:\/\/ecosupplements.ch\/?page_id=14"},{"@type":"ListItem","position":3,"name":"Creatine Monohydrate, Cola &#8211; 500g"}]},{"@type":"WebSite","@id":"https:\/\/ecosupplements.ch\/#website","url":"https:\/\/ecosupplements.ch\/","name":"Eco Supplements","description":"","potentialAction":[{"@type":"SearchAction","target":{"@type":"EntryPoint","urlTemplate":"https:\/\/ecosupplements.ch\/?s={search_term_string}"},"query-input":{"@type":"PropertyValueSpecification","valueRequired":true,"valueName":"search_term_string"}}],"inLanguage":"de-CH"}]},"product_price_amount":"15.72","product_price_currency":"CHF","og_availability":"out of stock","product_availability":"out of stock","product_retailer_item_id":"5902232617658","product_condition":"new"},"_links":{"self":[{"href":"https:\/\/ecosupplements.ch\/index.php?rest_route=\/wp\/v2\/product\/5476","targetHints":{"allow":["GET"]}}],"collection":[{"href":"https:\/\/ecosupplements.ch\/index.php?rest_route=\/wp\/v2\/product"}],"about":[{"href":"https:\/\/ecosupplements.ch\/index.php?rest_route=\/wp\/v2\/types\/product"}],"replies":[{"embeddable":true,"href":"https:\/\/ecosupplements.ch\/index.php?rest_route=%2Fwp%2Fv2%2Fcomments&post=5476"}],"wp:featuredmedia":[{"embeddable":true,"href":"https:\/\/ecosupplements.ch\/index.php?rest_route=\/wp\/v2\/media\/5477"}],"wp:attachment":[{"href":"https:\/\/ecosupplements.ch\/index.php?rest_route=%2Fwp%2Fv2%2Fmedia&parent=5476"}],"wp:term":[{"taxonomy":"product_brand","embeddable":true,"href":"https:\/\/ecosupplements.ch\/index.php?rest_route=%2Fwp%2Fv2%2Fproduct_brand&post=5476"},{"taxonomy":"product_cat","embeddable":true,"href":"https:\/\/ecosupplements.ch\/index.php?rest_route=%2Fwp%2Fv2%2Fproduct_cat&post=5476"},{"taxonomy":"product_tag","embeddable":true,"href":"https:\/\/ecosupplements.ch\/index.php?rest_route=%2Fwp%2Fv2%2Fproduct_tag&post=5476"}],"curies":[{"name":"wp","href":"https:\/\/api.w.org\/{rel}","templated":true}]}}