{"id":5518,"date":"2026-05-11T15:07:21","date_gmt":"2026-05-11T15:07:21","guid":{"rendered":"https:\/\/ecosupplements.ch\/?product=rhodiola-rosea-60-vcaps"},"modified":"2026-05-13T07:27:24","modified_gmt":"2026-05-13T07:27:24","slug":"rhodiola-rosea-60-vcaps","status":"publish","type":"product","link":"https:\/\/ecosupplements.ch\/?product=rhodiola-rosea-60-vcaps","title":{"rendered":"Rhodiola Rosea &#8211; 60 vcaps"},"content":{"rendered":"<div class=\"chcg-product-description\">\n<h2 class=\"chcg-heading\">\u00dcber Ostrovit \u2013 Rhodiola Rosea \u2013 60 vcaps<\/h2>\n<div class=\"chcg-intro\">\n<p>Rhodiola Rosea, auch bekannt als Rosenwurz, ist eine bew\u00e4hrte Adaptogenpflanze, die in den rauen Gebirgsregionen Nordeuropas und Zentralasiens beheimatet ist. Der standardisierte Wurzelextrakt in diesem Produkt von Ostrovit enth\u00e4lt 1 % Salidroside \u2013 die charakteristischen Wirkstoffe der Pflanze \u2013 und wird in praktischen Vegekapseln angeboten.<\/p>\n<p>Jede Kapsel liefert 144 mg Rhodiola-rosea-Wurzelextrakt und eignet sich f\u00fcr alle, die ihren Alltag mit einem qualitativ hochwertigen Pflanzenstoff erg\u00e4nzen m\u00f6chten. Die Kapselh\u00fclle besteht vollst\u00e4ndig aus pflanzlicher HPMC und ist somit f\u00fcr vegane sowie vegetarische Ern\u00e4hrungsweisen geeignet.<\/p>\n<p>Mit 60 Kapseln pro Packung deckt dieses Produkt einen vollen Zweimonatsbedarf bei t\u00e4glicher Einnahme von einer Kapsel ab. Ostrovit setzt auf sorgf\u00e4ltig gepr\u00fcfte Rohstoffe und transparente N\u00e4hrwertangaben.<\/p>\n<\/p><\/div>\n<div class=\"chcg-nutrition\">\n<h3>N\u00e4hrwertangaben<\/h3>\n<table class=\"chcg-nutrition-table\">\n<thead>\n<tr>\n<th>N\u00e4hrstoff<\/th>\n<th>Pro Portion (1 Kapsel)<\/th>\n<\/tr>\n<\/thead>\n<tbody>\n<tr>\n<td>Rhodiola-rosea-Wurzelextrakt<\/td>\n<td>144 mg*<\/td>\n<\/tr>\n<tr>\n<td>\u2013 davon Salidroside (1 %)<\/td>\n<td>1,44 mg*<\/td>\n<\/tr>\n<\/tbody>\n<\/table>\n<p class=\"chcg-footnote\">* Kein festgelegter Tagesreferenzwert (NRV) vorhanden.<\/p>\n<\/p><\/div>\n<div class=\"chcg-ingredients\">\n<h3>Zutaten<\/h3>\n<p>Rhodiola-rosea-Wurzelextrakt (<em>Rhodiola rosea<\/em> L.), standardisiert auf 1 % Salidroside; F\u00fcllstoff: Hydroxypropylmethylcellulose; Trennmittel: Magnesiumsalze von Fetts\u00e4uren. Das Produkt kann Spuren von Milch (einschliesslich Laktose), Sojabohnen, Erdn\u00fcssen, anderen N\u00fcssen, Sesamsamen, Getreide mit Gluten, Eiern, Krebstieren und Fisch enthalten.<\/p>\n<p class=\"chcg-capsule-shell\">Kapselh\u00fclle: Hydroxypropylmethylcellulose (HPMC) \u2013 pflanzliche Vegekapselh\u00fclle<\/p>\n<\/p><\/div>\n<div class=\"chcg-dosage\">\n<h3>Verzehrempfehlung<\/h3>\n<p>T\u00e4glich 1 Portion (1 Kapsel) einnehmen.<\/p>\n<\/p><\/div>\n<div class=\"chcg-warnings\">\n<h3>Warnhinweise<\/h3>\n<p>Die empfohlene Tagesdosis nicht \u00fcberschreiten. Das Produkt nicht als Ersatz f\u00fcr eine abwechslungsreiche Ern\u00e4hrung verwenden. Eine ausgewogene Ern\u00e4hrung und eine gesunde Lebensweise werden empfohlen. Bei einer Allergie gegen einen der Inhaltsstoffe nicht konsumieren. Kinder, Schwangere und stillende Frauen d\u00fcrfen dieses Produkt nicht einnehmen. Ausserhalb der Reichweite von Kindern aufbewahren.<\/p>\n<\/p><\/div>\n<div class=\"chcg-allergens\">\n<h3>Allergeninformationen<\/h3>\n<p>Das Produkt kann Spuren von Milch (einschliesslich Laktose), Sojabohnen, Erdn\u00fcssen, anderen N\u00fcssen, Sesamsamen, Getreide mit Gluten, Eiern, Krebstieren und Fisch enthalten.<\/p>\n<\/p><\/div>\n<div class=\"chcg-storage\">\n<h3>Lagerung<\/h3>\n<p>Bei einer Temperatur von 15\u201325 \u00b0C in einem geschlossenen Beh\u00e4lter an einem trockenen Ort aufbewahren. Vor direkter Sonneneinstrahlung sch\u00fctzen.<\/p>\n<\/p><\/div>\n<div class=\"chcg-dietary\">\n<h3>Ern\u00e4hrungshinweise<\/h3>\n<ul>\n<li>Vegan<\/li>\n<li>Vegetarisch<\/li>\n<\/ul><\/div>\n<\/div>\n","protected":false},"excerpt":{"rendered":"<p>Ostrovit Rhodiola Rosea liefert 144 mg standardisierten Wurzelextrakt pro Kapsel. Die Packung enth\u00e4lt 60 pflanzliche Vegekapseln \u2013 ausreichend f\u00fcr zwei Monate bei t\u00e4glicher Einnahme. Vegan und vegetarisch geeignet.<\/p>\n","protected":false},"featured_media":5519,"comment_status":"closed","ping_status":"open","template":"","meta":[],"product_brand":[298],"product_cat":[48,25,131],"product_tag":[],"class_list":{"0":"post-5518","1":"product","2":"type-product","3":"status-publish","4":"has-post-thumbnail","6":"product_brand-ostrovit","7":"product_cat-gesunde-ernaehrung","8":"product_cat-gesundheit-und-wohlbefinden","9":"product_cat-rhodiola","11":"first","12":"outofstock","13":"taxable","14":"shipping-taxable","15":"purchasable","16":"product-type-simple"},"yoast_head":"<!-- This site is optimized with the Yoast SEO plugin v27.5 - https:\/\/yoast.com\/product\/yoast-seo-wordpress\/ -->\n<title>Rhodiola Rosea 60 vcaps \u2013 Ostrovit | ecosupplements.ch<\/title>\n<meta name=\"description\" content=\"Ostrovit Rhodiola Rosea mit 144 mg standardisiertem Extrakt pro Vegakapsel \u2013 60 Kapseln f\u00fcr zwei Monate. Vegan geeignet. Jetzt bestellen.\" \/>\n<meta name=\"robots\" content=\"index, follow, max-snippet:-1, max-image-preview:large, max-video-preview:-1\" \/>\n<link rel=\"canonical\" href=\"https:\/\/ecosupplements.ch\/?product=rhodiola-rosea-60-vcaps\" \/>\n<meta property=\"og:locale\" content=\"de_DE\" \/>\n<meta property=\"og:type\" content=\"article\" \/>\n<meta property=\"og:title\" content=\"Rhodiola Rosea 60 vcaps \u2013 Ostrovit | ecosupplements.ch\" \/>\n<meta property=\"og:description\" content=\"Ostrovit Rhodiola Rosea mit 144 mg standardisiertem Extrakt pro Vegakapsel \u2013 60 Kapseln f\u00fcr zwei Monate. Vegan geeignet. Jetzt bestellen.\" \/>\n<meta property=\"og:url\" content=\"https:\/\/ecosupplements.ch\/?product=rhodiola-rosea-60-vcaps\" \/>\n<meta property=\"og:site_name\" content=\"Eco Supplements\" \/>\n<meta property=\"article:modified_time\" content=\"2026-05-13T07:27:24+00:00\" \/>\n<meta property=\"og:image\" content=\"https:\/\/ecosupplements.ch\/wp-content\/uploads\/2026\/05\/Rhodiola-Rosea-60-vcaps.webp\" \/>\n\t<meta property=\"og:image:width\" content=\"1000\" \/>\n\t<meta property=\"og:image:height\" content=\"1000\" \/>\n\t<meta property=\"og:image:type\" content=\"image\/jpeg\" \/>\n<meta name=\"twitter:card\" content=\"summary_large_image\" \/>\n<meta name=\"twitter:label1\" content=\"Price\" \/>\n\t<meta name=\"twitter:data1\" content=\"&#067;&#072;&#070;&nbsp;4.80\" \/>\n\t<meta name=\"twitter:label2\" content=\"Availability\" \/>\n\t<meta name=\"twitter:data2\" content=\"Out of stock\" \/>\n<script type=\"application\/ld+json\" class=\"yoast-schema-graph\">{\"@context\":\"https:\\\/\\\/schema.org\",\"@graph\":[{\"@type\":\"WebPage\",\"@id\":\"https:\\\/\\\/ecosupplements.ch\\\/?product=rhodiola-rosea-60-vcaps\",\"url\":\"https:\\\/\\\/ecosupplements.ch\\\/?product=rhodiola-rosea-60-vcaps\",\"name\":\"Rhodiola Rosea 60 vcaps \u2013 Ostrovit | ecosupplements.ch\",\"isPartOf\":{\"@id\":\"https:\\\/\\\/ecosupplements.ch\\\/#website\"},\"primaryImageOfPage\":{\"@id\":\"https:\\\/\\\/ecosupplements.ch\\\/?product=rhodiola-rosea-60-vcaps#primaryimage\"},\"image\":{\"@id\":\"https:\\\/\\\/ecosupplements.ch\\\/?product=rhodiola-rosea-60-vcaps#primaryimage\"},\"thumbnailUrl\":\"https:\\\/\\\/ecosupplements.ch\\\/wp-content\\\/uploads\\\/2026\\\/05\\\/Rhodiola-Rosea-60-vcaps.webp\",\"datePublished\":\"2026-05-11T15:07:21+00:00\",\"dateModified\":\"2026-05-13T07:27:24+00:00\",\"description\":\"Ostrovit Rhodiola Rosea mit 144 mg standardisiertem Extrakt pro Vegakapsel \u2013 60 Kapseln f\u00fcr zwei Monate. Vegan geeignet. Jetzt bestellen.\",\"breadcrumb\":{\"@id\":\"https:\\\/\\\/ecosupplements.ch\\\/?product=rhodiola-rosea-60-vcaps#breadcrumb\"},\"inLanguage\":\"de-CH\",\"potentialAction\":[{\"@type\":\"ReadAction\",\"target\":[\"https:\\\/\\\/ecosupplements.ch\\\/?product=rhodiola-rosea-60-vcaps\"]}]},{\"@type\":\"ImageObject\",\"inLanguage\":\"de-CH\",\"@id\":\"https:\\\/\\\/ecosupplements.ch\\\/?product=rhodiola-rosea-60-vcaps#primaryimage\",\"url\":\"https:\\\/\\\/ecosupplements.ch\\\/wp-content\\\/uploads\\\/2026\\\/05\\\/Rhodiola-Rosea-60-vcaps.webp\",\"contentUrl\":\"https:\\\/\\\/ecosupplements.ch\\\/wp-content\\\/uploads\\\/2026\\\/05\\\/Rhodiola-Rosea-60-vcaps.webp\",\"width\":1000,\"height\":1000,\"caption\":\"Rhodiola Rosea - 60 vcaps\"},{\"@type\":\"BreadcrumbList\",\"@id\":\"https:\\\/\\\/ecosupplements.ch\\\/?product=rhodiola-rosea-60-vcaps#breadcrumb\",\"itemListElement\":[{\"@type\":\"ListItem\",\"position\":1,\"name\":\"Home\",\"item\":\"https:\\\/\\\/ecosupplements.ch\\\/\"},{\"@type\":\"ListItem\",\"position\":2,\"name\":\"Shop\",\"item\":\"https:\\\/\\\/ecosupplements.ch\\\/?page_id=14\"},{\"@type\":\"ListItem\",\"position\":3,\"name\":\"Rhodiola Rosea &#8211; 60 vcaps\"}]},{\"@type\":\"WebSite\",\"@id\":\"https:\\\/\\\/ecosupplements.ch\\\/#website\",\"url\":\"https:\\\/\\\/ecosupplements.ch\\\/\",\"name\":\"Eco Supplements\",\"description\":\"\",\"potentialAction\":[{\"@type\":\"SearchAction\",\"target\":{\"@type\":\"EntryPoint\",\"urlTemplate\":\"https:\\\/\\\/ecosupplements.ch\\\/?s={search_term_string}\"},\"query-input\":{\"@type\":\"PropertyValueSpecification\",\"valueRequired\":true,\"valueName\":\"search_term_string\"}}],\"inLanguage\":\"de-CH\"}]}<\/script>\n<meta property=\"product:price:amount\" content=\"4.80\" \/>\n<meta property=\"product:price:currency\" content=\"CHF\" \/>\n<meta property=\"og:availability\" content=\"out of stock\" \/>\n<meta property=\"product:availability\" content=\"out of stock\" \/>\n<meta property=\"product:retailer_item_id\" content=\"5903933918280\" \/>\n<meta property=\"product:condition\" content=\"new\" \/>\n<!-- \/ Yoast SEO plugin. -->","yoast_head_json":{"title":"Rhodiola Rosea 60 vcaps \u2013 Ostrovit | ecosupplements.ch","description":"Ostrovit Rhodiola Rosea mit 144 mg standardisiertem Extrakt pro Vegakapsel \u2013 60 Kapseln f\u00fcr zwei Monate. Vegan geeignet. Jetzt bestellen.","robots":{"index":"index","follow":"follow","max-snippet":"max-snippet:-1","max-image-preview":"max-image-preview:large","max-video-preview":"max-video-preview:-1"},"canonical":"https:\/\/ecosupplements.ch\/?product=rhodiola-rosea-60-vcaps","og_locale":"de_DE","og_type":"article","og_title":"Rhodiola Rosea 60 vcaps \u2013 Ostrovit | ecosupplements.ch","og_description":"Ostrovit Rhodiola Rosea mit 144 mg standardisiertem Extrakt pro Vegakapsel \u2013 60 Kapseln f\u00fcr zwei Monate. Vegan geeignet. Jetzt bestellen.","og_url":"https:\/\/ecosupplements.ch\/?product=rhodiola-rosea-60-vcaps","og_site_name":"Eco Supplements","article_modified_time":"2026-05-13T07:27:24+00:00","og_image":[{"width":1000,"height":1000,"url":"https:\/\/ecosupplements.ch\/wp-content\/uploads\/2026\/05\/Rhodiola-Rosea-60-vcaps.webp","type":"image\/jpeg"}],"twitter_card":"summary_large_image","twitter_misc":{"Price":"&#67;&#72;&#70;&nbsp;4.80","Availability":"Out of stock"},"schema":{"@context":"https:\/\/schema.org","@graph":[{"@type":"WebPage","@id":"https:\/\/ecosupplements.ch\/?product=rhodiola-rosea-60-vcaps","url":"https:\/\/ecosupplements.ch\/?product=rhodiola-rosea-60-vcaps","name":"Rhodiola Rosea 60 vcaps \u2013 Ostrovit | ecosupplements.ch","isPartOf":{"@id":"https:\/\/ecosupplements.ch\/#website"},"primaryImageOfPage":{"@id":"https:\/\/ecosupplements.ch\/?product=rhodiola-rosea-60-vcaps#primaryimage"},"image":{"@id":"https:\/\/ecosupplements.ch\/?product=rhodiola-rosea-60-vcaps#primaryimage"},"thumbnailUrl":"https:\/\/ecosupplements.ch\/wp-content\/uploads\/2026\/05\/Rhodiola-Rosea-60-vcaps.webp","datePublished":"2026-05-11T15:07:21+00:00","dateModified":"2026-05-13T07:27:24+00:00","description":"Ostrovit Rhodiola Rosea mit 144 mg standardisiertem Extrakt pro Vegakapsel \u2013 60 Kapseln f\u00fcr zwei Monate. Vegan geeignet. Jetzt bestellen.","breadcrumb":{"@id":"https:\/\/ecosupplements.ch\/?product=rhodiola-rosea-60-vcaps#breadcrumb"},"inLanguage":"de-CH","potentialAction":[{"@type":"ReadAction","target":["https:\/\/ecosupplements.ch\/?product=rhodiola-rosea-60-vcaps"]}]},{"@type":"ImageObject","inLanguage":"de-CH","@id":"https:\/\/ecosupplements.ch\/?product=rhodiola-rosea-60-vcaps#primaryimage","url":"https:\/\/ecosupplements.ch\/wp-content\/uploads\/2026\/05\/Rhodiola-Rosea-60-vcaps.webp","contentUrl":"https:\/\/ecosupplements.ch\/wp-content\/uploads\/2026\/05\/Rhodiola-Rosea-60-vcaps.webp","width":1000,"height":1000,"caption":"Rhodiola Rosea - 60 vcaps"},{"@type":"BreadcrumbList","@id":"https:\/\/ecosupplements.ch\/?product=rhodiola-rosea-60-vcaps#breadcrumb","itemListElement":[{"@type":"ListItem","position":1,"name":"Home","item":"https:\/\/ecosupplements.ch\/"},{"@type":"ListItem","position":2,"name":"Shop","item":"https:\/\/ecosupplements.ch\/?page_id=14"},{"@type":"ListItem","position":3,"name":"Rhodiola Rosea &#8211; 60 vcaps"}]},{"@type":"WebSite","@id":"https:\/\/ecosupplements.ch\/#website","url":"https:\/\/ecosupplements.ch\/","name":"Eco Supplements","description":"","potentialAction":[{"@type":"SearchAction","target":{"@type":"EntryPoint","urlTemplate":"https:\/\/ecosupplements.ch\/?s={search_term_string}"},"query-input":{"@type":"PropertyValueSpecification","valueRequired":true,"valueName":"search_term_string"}}],"inLanguage":"de-CH"}]},"product_price_amount":"4.80","product_price_currency":"CHF","og_availability":"out of stock","product_availability":"out of stock","product_retailer_item_id":"5903933918280","product_condition":"new"},"_links":{"self":[{"href":"https:\/\/ecosupplements.ch\/index.php?rest_route=\/wp\/v2\/product\/5518","targetHints":{"allow":["GET"]}}],"collection":[{"href":"https:\/\/ecosupplements.ch\/index.php?rest_route=\/wp\/v2\/product"}],"about":[{"href":"https:\/\/ecosupplements.ch\/index.php?rest_route=\/wp\/v2\/types\/product"}],"replies":[{"embeddable":true,"href":"https:\/\/ecosupplements.ch\/index.php?rest_route=%2Fwp%2Fv2%2Fcomments&post=5518"}],"wp:featuredmedia":[{"embeddable":true,"href":"https:\/\/ecosupplements.ch\/index.php?rest_route=\/wp\/v2\/media\/5519"}],"wp:attachment":[{"href":"https:\/\/ecosupplements.ch\/index.php?rest_route=%2Fwp%2Fv2%2Fmedia&parent=5518"}],"wp:term":[{"taxonomy":"product_brand","embeddable":true,"href":"https:\/\/ecosupplements.ch\/index.php?rest_route=%2Fwp%2Fv2%2Fproduct_brand&post=5518"},{"taxonomy":"product_cat","embeddable":true,"href":"https:\/\/ecosupplements.ch\/index.php?rest_route=%2Fwp%2Fv2%2Fproduct_cat&post=5518"},{"taxonomy":"product_tag","embeddable":true,"href":"https:\/\/ecosupplements.ch\/index.php?rest_route=%2Fwp%2Fv2%2Fproduct_tag&post=5518"}],"curies":[{"name":"wp","href":"https:\/\/api.w.org\/{rel}","templated":true}]}}