{"id":5521,"date":"2026-05-11T15:07:22","date_gmt":"2026-05-11T15:07:22","guid":{"rendered":"https:\/\/ecosupplements.ch\/?product=tripple-zinc-90-caps"},"modified":"2026-05-13T07:27:24","modified_gmt":"2026-05-13T07:27:24","slug":"tripple-zinc-90-caps","status":"publish","type":"product","link":"https:\/\/ecosupplements.ch\/?product=tripple-zinc-90-caps","title":{"rendered":"Tripple Zinc &#8211; 90 caps"},"content":{"rendered":"<div class=\"chcg-product-description\">\n<h2 class=\"chcg-heading\">\u00dcber Ostrovit \u2013 Tripple Zinc \u2013 90 Kapseln<\/h2>\n<div class=\"chcg-intro\">\n<p>Ostrovit Tripple Zinc liefert pro Kapsel 15 mg Zink aus drei verschiedenen Verbindungen \u2013 Zinkgluconat, Zinkpicolinat und Zinkcitrat. Diese Kombination aus unterschiedlichen Zinkquellen unterst\u00fctzt eine ausgewogene Versorgung mit diesem essenziellen Spurenelement und deckt 150 % des empfohlenen Tagesbedarfs (NRV) pro Portion ab.<\/p>\n<p>Zink tr\u00e4gt zur normalen Funktion des Immunsystems, zum Schutz der Zellen vor oxidativem Stress sowie zur Erhaltung normaler Haut, Haare und N\u00e4gel bei. Zudem unterst\u00fctzt Zink den normalen Stoffwechsel von Makron\u00e4hrstoffen und die Erhaltung normaler Knochen.<\/p>\n<p>Die veganen Kapseln mit Hydroxypropylmethylcellulose-H\u00fclle sind einfach in der Anwendung und eignen sich f\u00fcr eine pflanzliche Ern\u00e4hrungsweise. Mit 90 Kapseln pro Packung deckt Tripple Zinc von Ostrovit einen dreimonatigen Bedarf ab.<\/p>\n<\/p><\/div>\n<div class=\"chcg-nutrition\">\n<h3>N\u00e4hrwertangaben<\/h3>\n<table class=\"chcg-nutrition-table\">\n<thead>\n<tr>\n<th>N\u00e4hrstoff<\/th>\n<th>Pro Portion (1 Kapsel)<\/th>\n<\/tr>\n<\/thead>\n<tbody>\n<tr>\n<td>Zink<\/td>\n<td>15 mg (150 % NRV)<\/td>\n<\/tr>\n<tr>\n<td>\u2013 davon aus Zinkgluconat<\/td>\n<td>5 mg<\/td>\n<\/tr>\n<tr>\n<td>\u2013 davon aus Zinkpicolinat<\/td>\n<td>5 mg (50 % NRV)<\/td>\n<\/tr>\n<tr>\n<td>\u2013 davon aus Zinkcitrat<\/td>\n<td>5 mg (50 % NRV)<\/td>\n<\/tr>\n<\/tbody>\n<\/table>\n<p class=\"chcg-footnote\">NRV = N\u00e4hrstoffbezugswert (Nutrient Reference Value)<\/p>\n<\/p><\/div>\n<div class=\"chcg-ingredients\">\n<h3>Zutaten<\/h3>\n<p>Zink, bestehend aus: (Zinkgluconat, Zinkpicolinat, Zinkcitrat). Weitere Zutaten: Maltodextrin, F\u00fcllstoff: Hydroxypropylmethylcellulose, Zinkgluconat (Zink), Zinkpicolinat (Zink), Zinkcitrat (Zink).<\/p>\n<p class=\"chcg-capsule-shell\">Kapselh\u00fclle: Hydroxypropylmethylcellulose (F\u00fcllstoff \/ Kapselh\u00fclle)<\/p>\n<\/p><\/div>\n<div class=\"chcg-dosage\">\n<h3>Verzehrempfehlung<\/h3>\n<p>1 Portion (1 Kapsel) t\u00e4glich nach einer Mahlzeit einnehmen.<\/p>\n<\/p><\/div>\n<div class=\"chcg-warnings\">\n<h3>Warnhinweise<\/h3>\n<p>Die empfohlene Tagesdosis nicht \u00fcberschreiten. Das Produkt ist kein Ersatz f\u00fcr eine abwechslungsreiche Ern\u00e4hrung. Eine ausgewogene Ern\u00e4hrung und ein gesunder Lebensstil werden empfohlen. Nicht einnehmen, wenn Sie gegen einen der Inhaltsstoffe allergisch sind. Kinder, Schwangere und stillende Frauen d\u00fcrfen dieses Produkt nicht verwenden. Ausserhalb der Reichweite von Kindern aufbewahren.<\/p>\n<\/p><\/div>\n<div class=\"chcg-allergens\">\n<h3>Allergeninformationen<\/h3>\n<p>Hergestellt in einem Betrieb, der Zutaten aus Milch (einschliesslich Laktose), Soja, Erdn\u00fcssen, anderen N\u00fcssen, Sesamsamen, glutenhaltigen Getreiden, Eiern, Krebstieren und Fisch verarbeitet.<\/p>\n<\/p><\/div>\n<div class=\"chcg-storage\">\n<h3>Lagerung<\/h3>\n<p>Die Verpackung gut verschlossen, trocken und bei einer Temperatur von 15\u201325 \u00b0C aufbewahren. Vor direkter Sonneneinstrahlung sch\u00fctzen.<\/p>\n<\/p><\/div>\n<div class=\"chcg-dietary\">\n<h3>Ern\u00e4hrungshinweise<\/h3>\n<ul>\n<li>Vegan<\/li>\n<li>Vegetarisch<\/li>\n<\/ul><\/div>\n<\/div>\n","protected":false},"excerpt":{"rendered":"<p>Ostrovit Tripple Zinc versorgt den K\u00f6rper mit 15 mg Zink (150 % NRV) aus drei Verbindungen \u2013 Gluconat, Picolinat und Citrat \u2013 pro veganer Kapsel. 90 Kapseln f\u00fcr drei Monate.<\/p>\n","protected":false},"featured_media":5522,"comment_status":"closed","ping_status":"open","template":"","meta":[],"product_brand":[298],"product_cat":[23,48,21,24],"product_tag":[],"class_list":{"0":"post-5521","1":"product","2":"type-product","3":"status-publish","4":"has-post-thumbnail","6":"product_brand-ostrovit","7":"product_cat-einige-mineralien","8":"product_cat-gesunde-ernaehrung","9":"product_cat-vitamine-und-mineralstoffe","10":"product_cat-zink","12":"first","13":"outofstock","14":"taxable","15":"shipping-taxable","16":"purchasable","17":"product-type-simple"},"yoast_head":"<!-- This site is optimized with the Yoast SEO plugin v27.5 - https:\/\/yoast.com\/product\/yoast-seo-wordpress\/ -->\n<title>Tripple Zinc 90 Kapseln \u2013 Ostrovit | ecosupplements.ch<\/title>\n<meta name=\"description\" content=\"Ostrovit Tripple Zinc liefert 15 mg Zink aus drei Verbindungen pro Kapsel \u2013 90 vegane Kapseln f\u00fcr drei Monate. Jetzt bestellen.\" \/>\n<meta name=\"robots\" content=\"index, follow, max-snippet:-1, max-image-preview:large, max-video-preview:-1\" \/>\n<link rel=\"canonical\" href=\"https:\/\/ecosupplements.ch\/?product=tripple-zinc-90-caps\" \/>\n<meta property=\"og:locale\" content=\"de_DE\" \/>\n<meta property=\"og:type\" content=\"article\" \/>\n<meta property=\"og:title\" content=\"Tripple Zinc 90 Kapseln \u2013 Ostrovit | ecosupplements.ch\" \/>\n<meta property=\"og:description\" content=\"Ostrovit Tripple Zinc liefert 15 mg Zink aus drei Verbindungen pro Kapsel \u2013 90 vegane Kapseln f\u00fcr drei Monate. Jetzt bestellen.\" \/>\n<meta property=\"og:url\" content=\"https:\/\/ecosupplements.ch\/?product=tripple-zinc-90-caps\" \/>\n<meta property=\"og:site_name\" content=\"Eco Supplements\" \/>\n<meta property=\"article:modified_time\" content=\"2026-05-13T07:27:24+00:00\" \/>\n<meta property=\"og:image\" content=\"https:\/\/ecosupplements.ch\/wp-content\/uploads\/2026\/05\/Tripple-Zinc-90-caps.webp\" \/>\n\t<meta property=\"og:image:width\" content=\"1000\" \/>\n\t<meta property=\"og:image:height\" content=\"1000\" \/>\n\t<meta property=\"og:image:type\" content=\"image\/jpeg\" \/>\n<meta name=\"twitter:card\" content=\"summary_large_image\" \/>\n<meta name=\"twitter:label1\" content=\"Price\" \/>\n\t<meta name=\"twitter:data1\" content=\"&#067;&#072;&#070;&nbsp;7.18\" \/>\n\t<meta name=\"twitter:label2\" content=\"Availability\" \/>\n\t<meta name=\"twitter:data2\" content=\"Out of stock\" \/>\n<script type=\"application\/ld+json\" class=\"yoast-schema-graph\">{\"@context\":\"https:\\\/\\\/schema.org\",\"@graph\":[{\"@type\":\"WebPage\",\"@id\":\"https:\\\/\\\/ecosupplements.ch\\\/?product=tripple-zinc-90-caps\",\"url\":\"https:\\\/\\\/ecosupplements.ch\\\/?product=tripple-zinc-90-caps\",\"name\":\"Tripple Zinc 90 Kapseln \u2013 Ostrovit | ecosupplements.ch\",\"isPartOf\":{\"@id\":\"https:\\\/\\\/ecosupplements.ch\\\/#website\"},\"primaryImageOfPage\":{\"@id\":\"https:\\\/\\\/ecosupplements.ch\\\/?product=tripple-zinc-90-caps#primaryimage\"},\"image\":{\"@id\":\"https:\\\/\\\/ecosupplements.ch\\\/?product=tripple-zinc-90-caps#primaryimage\"},\"thumbnailUrl\":\"https:\\\/\\\/ecosupplements.ch\\\/wp-content\\\/uploads\\\/2026\\\/05\\\/Tripple-Zinc-90-caps.webp\",\"datePublished\":\"2026-05-11T15:07:22+00:00\",\"dateModified\":\"2026-05-13T07:27:24+00:00\",\"description\":\"Ostrovit Tripple Zinc liefert 15 mg Zink aus drei Verbindungen pro Kapsel \u2013 90 vegane Kapseln f\u00fcr drei Monate. Jetzt bestellen.\",\"breadcrumb\":{\"@id\":\"https:\\\/\\\/ecosupplements.ch\\\/?product=tripple-zinc-90-caps#breadcrumb\"},\"inLanguage\":\"de-CH\",\"potentialAction\":[{\"@type\":\"ReadAction\",\"target\":[\"https:\\\/\\\/ecosupplements.ch\\\/?product=tripple-zinc-90-caps\"]}]},{\"@type\":\"ImageObject\",\"inLanguage\":\"de-CH\",\"@id\":\"https:\\\/\\\/ecosupplements.ch\\\/?product=tripple-zinc-90-caps#primaryimage\",\"url\":\"https:\\\/\\\/ecosupplements.ch\\\/wp-content\\\/uploads\\\/2026\\\/05\\\/Tripple-Zinc-90-caps.webp\",\"contentUrl\":\"https:\\\/\\\/ecosupplements.ch\\\/wp-content\\\/uploads\\\/2026\\\/05\\\/Tripple-Zinc-90-caps.webp\",\"width\":1000,\"height\":1000,\"caption\":\"Tripple Zinc - 90 caps\"},{\"@type\":\"BreadcrumbList\",\"@id\":\"https:\\\/\\\/ecosupplements.ch\\\/?product=tripple-zinc-90-caps#breadcrumb\",\"itemListElement\":[{\"@type\":\"ListItem\",\"position\":1,\"name\":\"Home\",\"item\":\"https:\\\/\\\/ecosupplements.ch\\\/\"},{\"@type\":\"ListItem\",\"position\":2,\"name\":\"Shop\",\"item\":\"https:\\\/\\\/ecosupplements.ch\\\/?page_id=14\"},{\"@type\":\"ListItem\",\"position\":3,\"name\":\"Tripple Zinc &#8211; 90 caps\"}]},{\"@type\":\"WebSite\",\"@id\":\"https:\\\/\\\/ecosupplements.ch\\\/#website\",\"url\":\"https:\\\/\\\/ecosupplements.ch\\\/\",\"name\":\"Eco Supplements\",\"description\":\"\",\"potentialAction\":[{\"@type\":\"SearchAction\",\"target\":{\"@type\":\"EntryPoint\",\"urlTemplate\":\"https:\\\/\\\/ecosupplements.ch\\\/?s={search_term_string}\"},\"query-input\":{\"@type\":\"PropertyValueSpecification\",\"valueRequired\":true,\"valueName\":\"search_term_string\"}}],\"inLanguage\":\"de-CH\"}]}<\/script>\n<meta property=\"product:price:amount\" content=\"7.18\" \/>\n<meta property=\"product:price:currency\" content=\"CHF\" \/>\n<meta property=\"og:availability\" content=\"out of stock\" \/>\n<meta property=\"product:availability\" content=\"out of stock\" \/>\n<meta property=\"product:retailer_item_id\" content=\"5903933901299\" \/>\n<meta property=\"product:condition\" content=\"new\" \/>\n<!-- \/ Yoast SEO plugin. -->","yoast_head_json":{"title":"Tripple Zinc 90 Kapseln \u2013 Ostrovit | ecosupplements.ch","description":"Ostrovit Tripple Zinc liefert 15 mg Zink aus drei Verbindungen pro Kapsel \u2013 90 vegane Kapseln f\u00fcr drei Monate. Jetzt bestellen.","robots":{"index":"index","follow":"follow","max-snippet":"max-snippet:-1","max-image-preview":"max-image-preview:large","max-video-preview":"max-video-preview:-1"},"canonical":"https:\/\/ecosupplements.ch\/?product=tripple-zinc-90-caps","og_locale":"de_DE","og_type":"article","og_title":"Tripple Zinc 90 Kapseln \u2013 Ostrovit | ecosupplements.ch","og_description":"Ostrovit Tripple Zinc liefert 15 mg Zink aus drei Verbindungen pro Kapsel \u2013 90 vegane Kapseln f\u00fcr drei Monate. Jetzt bestellen.","og_url":"https:\/\/ecosupplements.ch\/?product=tripple-zinc-90-caps","og_site_name":"Eco Supplements","article_modified_time":"2026-05-13T07:27:24+00:00","og_image":[{"width":1000,"height":1000,"url":"https:\/\/ecosupplements.ch\/wp-content\/uploads\/2026\/05\/Tripple-Zinc-90-caps.webp","type":"image\/jpeg"}],"twitter_card":"summary_large_image","twitter_misc":{"Price":"&#67;&#72;&#70;&nbsp;7.18","Availability":"Out of stock"},"schema":{"@context":"https:\/\/schema.org","@graph":[{"@type":"WebPage","@id":"https:\/\/ecosupplements.ch\/?product=tripple-zinc-90-caps","url":"https:\/\/ecosupplements.ch\/?product=tripple-zinc-90-caps","name":"Tripple Zinc 90 Kapseln \u2013 Ostrovit | ecosupplements.ch","isPartOf":{"@id":"https:\/\/ecosupplements.ch\/#website"},"primaryImageOfPage":{"@id":"https:\/\/ecosupplements.ch\/?product=tripple-zinc-90-caps#primaryimage"},"image":{"@id":"https:\/\/ecosupplements.ch\/?product=tripple-zinc-90-caps#primaryimage"},"thumbnailUrl":"https:\/\/ecosupplements.ch\/wp-content\/uploads\/2026\/05\/Tripple-Zinc-90-caps.webp","datePublished":"2026-05-11T15:07:22+00:00","dateModified":"2026-05-13T07:27:24+00:00","description":"Ostrovit Tripple Zinc liefert 15 mg Zink aus drei Verbindungen pro Kapsel \u2013 90 vegane Kapseln f\u00fcr drei Monate. Jetzt bestellen.","breadcrumb":{"@id":"https:\/\/ecosupplements.ch\/?product=tripple-zinc-90-caps#breadcrumb"},"inLanguage":"de-CH","potentialAction":[{"@type":"ReadAction","target":["https:\/\/ecosupplements.ch\/?product=tripple-zinc-90-caps"]}]},{"@type":"ImageObject","inLanguage":"de-CH","@id":"https:\/\/ecosupplements.ch\/?product=tripple-zinc-90-caps#primaryimage","url":"https:\/\/ecosupplements.ch\/wp-content\/uploads\/2026\/05\/Tripple-Zinc-90-caps.webp","contentUrl":"https:\/\/ecosupplements.ch\/wp-content\/uploads\/2026\/05\/Tripple-Zinc-90-caps.webp","width":1000,"height":1000,"caption":"Tripple Zinc - 90 caps"},{"@type":"BreadcrumbList","@id":"https:\/\/ecosupplements.ch\/?product=tripple-zinc-90-caps#breadcrumb","itemListElement":[{"@type":"ListItem","position":1,"name":"Home","item":"https:\/\/ecosupplements.ch\/"},{"@type":"ListItem","position":2,"name":"Shop","item":"https:\/\/ecosupplements.ch\/?page_id=14"},{"@type":"ListItem","position":3,"name":"Tripple Zinc &#8211; 90 caps"}]},{"@type":"WebSite","@id":"https:\/\/ecosupplements.ch\/#website","url":"https:\/\/ecosupplements.ch\/","name":"Eco Supplements","description":"","potentialAction":[{"@type":"SearchAction","target":{"@type":"EntryPoint","urlTemplate":"https:\/\/ecosupplements.ch\/?s={search_term_string}"},"query-input":{"@type":"PropertyValueSpecification","valueRequired":true,"valueName":"search_term_string"}}],"inLanguage":"de-CH"}]},"product_price_amount":"7.18","product_price_currency":"CHF","og_availability":"out of stock","product_availability":"out of stock","product_retailer_item_id":"5903933901299","product_condition":"new"},"_links":{"self":[{"href":"https:\/\/ecosupplements.ch\/index.php?rest_route=\/wp\/v2\/product\/5521","targetHints":{"allow":["GET"]}}],"collection":[{"href":"https:\/\/ecosupplements.ch\/index.php?rest_route=\/wp\/v2\/product"}],"about":[{"href":"https:\/\/ecosupplements.ch\/index.php?rest_route=\/wp\/v2\/types\/product"}],"replies":[{"embeddable":true,"href":"https:\/\/ecosupplements.ch\/index.php?rest_route=%2Fwp%2Fv2%2Fcomments&post=5521"}],"wp:featuredmedia":[{"embeddable":true,"href":"https:\/\/ecosupplements.ch\/index.php?rest_route=\/wp\/v2\/media\/5522"}],"wp:attachment":[{"href":"https:\/\/ecosupplements.ch\/index.php?rest_route=%2Fwp%2Fv2%2Fmedia&parent=5521"}],"wp:term":[{"taxonomy":"product_brand","embeddable":true,"href":"https:\/\/ecosupplements.ch\/index.php?rest_route=%2Fwp%2Fv2%2Fproduct_brand&post=5521"},{"taxonomy":"product_cat","embeddable":true,"href":"https:\/\/ecosupplements.ch\/index.php?rest_route=%2Fwp%2Fv2%2Fproduct_cat&post=5521"},{"taxonomy":"product_tag","embeddable":true,"href":"https:\/\/ecosupplements.ch\/index.php?rest_route=%2Fwp%2Fv2%2Fproduct_tag&post=5521"}],"curies":[{"name":"wp","href":"https:\/\/api.w.org\/{rel}","templated":true}]}}