{"id":5560,"date":"2026-05-11T15:07:42","date_gmt":"2026-05-11T15:07:42","guid":{"rendered":"https:\/\/ecosupplements.ch\/?product=now-hemp-seed-oil-1000-mg-120-softgels"},"modified":"2026-05-13T07:23:10","modified_gmt":"2026-05-13T07:23:10","slug":"now-hemp-seed-oil-1000-mg-120-softgels","status":"publish","type":"product","link":"https:\/\/ecosupplements.ch\/?product=now-hemp-seed-oil-1000-mg-120-softgels","title":{"rendered":"NOW Hemp Seed Oil 1000 mg (120 Softgels)"},"content":{"rendered":"<div class=\"chcg-product-description\">\n<h2 class=\"chcg-heading\">\u00dcber NOW \u2013 Hemp Seed Oil 1000 mg \u2013 120 Softgels<\/h2>\n<div class=\"chcg-intro\">\n<p>Das NOW Hemp Seed Oil 1000 mg liefert kaltgepresstes, biologisches Hanfsamen\u00f6l (Cannabis sativa) in praktischer Softgel-Form. Das \u00d6l wird ohne Einsatz von Hexan gewonnen und bewahrt so sein nat\u00fcrliches Fetts\u00e4ureprofil \u2013 mit einem ausgewogenen Verh\u00e4ltnis aus Omega-3-, Omega-6- und Omega-9-Fetts\u00e4uren.<\/p>\n<p>Jedes Softgel enth\u00e4lt 1&#8217;000 mg Hanfsamen\u00f6l mit einem typischen Gehalt von 21 % Alpha-Linolens\u00e4ure (Omega-3), 57 % Linols\u00e4ure und Gamma-Linolens\u00e4ure \/ GLA (Omega-6) sowie 13 % \u00d6ls\u00e4ure (Omega-9). Diese essentiellen Fetts\u00e4uren sind wichtige Bestandteile einer ausgewogenen Ern\u00e4hrung und tragen zur normalen Aufnahme von fettl\u00f6slichen N\u00e4hrstoffen bei.<\/p>\n<p>Das Produkt wird in einer GMP-zertifizierten Anlage hergestellt und enth\u00e4lt d-alpha-Tocopherol aus Sonnenblumen\u00f6l als nat\u00fcrliches Antioxidans zum Schutz des empfindlichen Pflanzen\u00f6ls. Mit 120 Softgels bietet die Packung einen Vorrat f\u00fcr bis zu 120 Tage bei einmaliger t\u00e4glicher Einnahme.<\/p>\n<\/p><\/div>\n<div class=\"chcg-nutrition\">\n<h3>N\u00e4hrwertangaben<\/h3>\n<table class=\"chcg-nutrition-table\">\n<thead>\n<tr>\n<th>N\u00e4hrstoff<\/th>\n<th>Pro Portion (1 Softgel)<\/th>\n<\/tr>\n<\/thead>\n<tbody>\n<tr>\n<td>Kalorien<\/td>\n<td>10<\/td>\n<\/tr>\n<tr>\n<td>Gesamtfett<\/td>\n<td>1 g (1 % Tagesbedarf)<\/td>\n<\/tr>\n<tr>\n<td>Biologisches Hanfsamen\u00f6l (Cannabis sativa) (kaltgepresst, hexanfrei)<\/td>\n<td>1&#8217;000 mg *<\/td>\n<\/tr>\n<tr>\n<td>\u2013 Alpha-Linolens\u00e4ure (Omega-3) (typischer Gehalt)<\/td>\n<td>21 % *<\/td>\n<\/tr>\n<tr>\n<td>\u2013 Linols\u00e4ure und Gamma-Linolens\u00e4ure \/ GLA (Omega-6) (typischer Gehalt)<\/td>\n<td>57 % *<\/td>\n<\/tr>\n<tr>\n<td>\u2013 \u00d6ls\u00e4ure (Omega-9) (typischer Gehalt)<\/td>\n<td>13 % *<\/td>\n<\/tr>\n<tr>\n<td>\u2013 Andere (ges\u00e4ttigt) (typischer Gehalt)<\/td>\n<td>9 % *<\/td>\n<\/tr>\n<\/tbody>\n<\/table>\n<p class=\"chcg-footnote\">* Kein gesetzlich festgelegter Tagesbedarf vorhanden.<\/p>\n<\/p><\/div>\n<div class=\"chcg-ingredients\">\n<h3>Zutaten<\/h3>\n<p>Biologisches Hanfsamen\u00f6l (Cannabis sativa) (kaltgepresst, hexanfrei) 1&#8217;000 mg. Weitere Zutaten: d-alpha-Tocopherol (aus Sonnenblumen\u00f6l).<\/p>\n<p class=\"chcg-capsule-shell\">Kapselh\u00fclle: Softgel-Kapsel [bovine Gelatine (BSE-frei), Glycerin, Wasser].<\/p>\n<\/p><\/div>\n<div class=\"chcg-dosage\">\n<h3>Verzehrempfehlung<\/h3>\n<p>1 Softgel 1- bis 3-mal t\u00e4glich zu einer Mahlzeit einnehmen.<\/p>\n<\/p><\/div>\n<div class=\"chcg-warnings\">\n<h3>Warnhinweise<\/h3>\n<p>Nur f\u00fcr Erwachsene. Kann vor\u00fcbergehend leichte Magen-Darm-Beschwerden verursachen. Bei Schwangerschaft oder Stillzeit, bei Einnahme von Medikamenten oder bei bestehenden gesundheitlichen Beschwerden vor der Einnahme einen Arzt konsultieren. Ausserhalb der Reichweite von Kindern aufbewahren. Nat\u00fcrliche Farbschwankungen des Produkts sind m\u00f6glich.<\/p>\n<\/p><\/div>\n<div class=\"chcg-allergens\">\n<h3>Allergeninformationen<\/h3>\n<p>Nicht hergestellt mit Hefe, Weizen, Gluten, Soja, Mais, Milch, Ei, Fisch oder Schalentieren als Zutaten. Hergestellt in einer GMP-Anlage, in der andere Zutaten verarbeitet werden, die diese Allergene enthalten k\u00f6nnen.<\/p>\n<\/p><\/div>\n<div class=\"chcg-storage\">\n<h3>Lagerung<\/h3>\n<p>Nach dem \u00d6ffnen bei Raumtemperatur an einem trockenen und k\u00fchlen Ort aufbewahren. Ausserhalb der Reichweite von Kleinkindern aufbewahren.<\/p>\n<\/p><\/div>\n<div class=\"chcg-dietary\">\n<h3>Ern\u00e4hrungshinweise<\/h3>\n<ul>\n<li>Glutenfrei<\/li>\n<li>Laktosefrei<\/li>\n<\/ul><\/div>\n<\/div>\n","protected":false},"excerpt":{"rendered":"<p>NOW Hemp Seed Oil 1000 mg liefert kaltgepresstes, biologisches Hanfsamen\u00f6l mit nat\u00fcrlichem Omega-3-, Omega-6- und Omega-9-Fetts\u00e4ureprofil \u2013 bequem in Softgel-Form. Die Packung enth\u00e4lt 120 Softgels.<\/p>\n","protected":false},"featured_media":5561,"comment_status":"closed","ping_status":"open","template":"","meta":[],"product_brand":[464],"product_cat":[48,25,33,22,21],"product_tag":[],"class_list":{"0":"post-5560","1":"product","2":"type-product","3":"status-publish","4":"has-post-thumbnail","6":"product_brand-now","7":"product_cat-gesunde-ernaehrung","8":"product_cat-gesundheit-und-wohlbefinden","9":"product_cat-omega-fettsaeuren-essentielle-fettsaeuren-konjugierte-linolsaeure-oele","10":"product_cat-vegane-produkte","11":"product_cat-vitamine-und-mineralstoffe","13":"first","14":"outofstock","15":"taxable","16":"shipping-taxable","17":"purchasable","18":"product-type-simple"},"yoast_head":"<!-- This site is optimized with the Yoast SEO plugin v27.5 - https:\/\/yoast.com\/product\/yoast-seo-wordpress\/ -->\n<title>NOW Hemp Seed Oil 1000 mg \u2013 120 Softgels | ecosupplements.ch<\/title>\n<meta name=\"description\" content=\"Biologisches Hanfsamen\u00f6l mit Omega-3, -6 und -9 in praktischen Softgels \u2013 120 St\u00fcck pro Packung. Kaltgepresst und hexanfrei. Jetzt bestellen.\" \/>\n<meta name=\"robots\" content=\"index, follow, max-snippet:-1, max-image-preview:large, max-video-preview:-1\" \/>\n<link rel=\"canonical\" href=\"https:\/\/ecosupplements.ch\/?product=now-hemp-seed-oil-1000-mg-120-softgels\" \/>\n<meta property=\"og:locale\" content=\"de_DE\" \/>\n<meta property=\"og:type\" content=\"article\" \/>\n<meta property=\"og:title\" content=\"NOW Hemp Seed Oil 1000 mg \u2013 120 Softgels | ecosupplements.ch\" \/>\n<meta property=\"og:description\" content=\"Biologisches Hanfsamen\u00f6l mit Omega-3, -6 und -9 in praktischen Softgels \u2013 120 St\u00fcck pro Packung. Kaltgepresst und hexanfrei. Jetzt bestellen.\" \/>\n<meta property=\"og:url\" content=\"https:\/\/ecosupplements.ch\/?product=now-hemp-seed-oil-1000-mg-120-softgels\" \/>\n<meta property=\"og:site_name\" content=\"Eco Supplements\" \/>\n<meta property=\"article:modified_time\" content=\"2026-05-13T07:23:10+00:00\" \/>\n<meta property=\"og:image\" content=\"https:\/\/ecosupplements.ch\/wp-content\/uploads\/2026\/05\/NOW-Hemp-Seed-Oil-1000-mg-120-Softgels.webp\" \/>\n\t<meta property=\"og:image:width\" content=\"1000\" \/>\n\t<meta property=\"og:image:height\" content=\"1000\" \/>\n\t<meta property=\"og:image:type\" content=\"image\/jpeg\" \/>\n<meta name=\"twitter:card\" content=\"summary_large_image\" \/>\n<meta name=\"twitter:label1\" content=\"Price\" \/>\n\t<meta name=\"twitter:data1\" content=\"&#067;&#072;&#070;&nbsp;15.30\" \/>\n\t<meta name=\"twitter:label2\" content=\"Availability\" \/>\n\t<meta name=\"twitter:data2\" content=\"Out of stock\" \/>\n<script type=\"application\/ld+json\" class=\"yoast-schema-graph\">{\"@context\":\"https:\\\/\\\/schema.org\",\"@graph\":[{\"@type\":\"WebPage\",\"@id\":\"https:\\\/\\\/ecosupplements.ch\\\/?product=now-hemp-seed-oil-1000-mg-120-softgels\",\"url\":\"https:\\\/\\\/ecosupplements.ch\\\/?product=now-hemp-seed-oil-1000-mg-120-softgels\",\"name\":\"NOW Hemp Seed Oil 1000 mg \u2013 120 Softgels | ecosupplements.ch\",\"isPartOf\":{\"@id\":\"https:\\\/\\\/ecosupplements.ch\\\/#website\"},\"primaryImageOfPage\":{\"@id\":\"https:\\\/\\\/ecosupplements.ch\\\/?product=now-hemp-seed-oil-1000-mg-120-softgels#primaryimage\"},\"image\":{\"@id\":\"https:\\\/\\\/ecosupplements.ch\\\/?product=now-hemp-seed-oil-1000-mg-120-softgels#primaryimage\"},\"thumbnailUrl\":\"https:\\\/\\\/ecosupplements.ch\\\/wp-content\\\/uploads\\\/2026\\\/05\\\/NOW-Hemp-Seed-Oil-1000-mg-120-Softgels.webp\",\"datePublished\":\"2026-05-11T15:07:42+00:00\",\"dateModified\":\"2026-05-13T07:23:10+00:00\",\"description\":\"Biologisches Hanfsamen\u00f6l mit Omega-3, -6 und -9 in praktischen Softgels \u2013 120 St\u00fcck pro Packung. Kaltgepresst und hexanfrei. Jetzt bestellen.\",\"breadcrumb\":{\"@id\":\"https:\\\/\\\/ecosupplements.ch\\\/?product=now-hemp-seed-oil-1000-mg-120-softgels#breadcrumb\"},\"inLanguage\":\"de-CH\",\"potentialAction\":[{\"@type\":\"ReadAction\",\"target\":[\"https:\\\/\\\/ecosupplements.ch\\\/?product=now-hemp-seed-oil-1000-mg-120-softgels\"]}]},{\"@type\":\"ImageObject\",\"inLanguage\":\"de-CH\",\"@id\":\"https:\\\/\\\/ecosupplements.ch\\\/?product=now-hemp-seed-oil-1000-mg-120-softgels#primaryimage\",\"url\":\"https:\\\/\\\/ecosupplements.ch\\\/wp-content\\\/uploads\\\/2026\\\/05\\\/NOW-Hemp-Seed-Oil-1000-mg-120-Softgels.webp\",\"contentUrl\":\"https:\\\/\\\/ecosupplements.ch\\\/wp-content\\\/uploads\\\/2026\\\/05\\\/NOW-Hemp-Seed-Oil-1000-mg-120-Softgels.webp\",\"width\":1000,\"height\":1000,\"caption\":\"NOW Hemp Seed Oil 1000 mg (120 Softgels)\"},{\"@type\":\"BreadcrumbList\",\"@id\":\"https:\\\/\\\/ecosupplements.ch\\\/?product=now-hemp-seed-oil-1000-mg-120-softgels#breadcrumb\",\"itemListElement\":[{\"@type\":\"ListItem\",\"position\":1,\"name\":\"Home\",\"item\":\"https:\\\/\\\/ecosupplements.ch\\\/\"},{\"@type\":\"ListItem\",\"position\":2,\"name\":\"Shop\",\"item\":\"https:\\\/\\\/ecosupplements.ch\\\/?page_id=14\"},{\"@type\":\"ListItem\",\"position\":3,\"name\":\"NOW Hemp Seed Oil 1000 mg (120 Softgels)\"}]},{\"@type\":\"WebSite\",\"@id\":\"https:\\\/\\\/ecosupplements.ch\\\/#website\",\"url\":\"https:\\\/\\\/ecosupplements.ch\\\/\",\"name\":\"Eco Supplements\",\"description\":\"\",\"potentialAction\":[{\"@type\":\"SearchAction\",\"target\":{\"@type\":\"EntryPoint\",\"urlTemplate\":\"https:\\\/\\\/ecosupplements.ch\\\/?s={search_term_string}\"},\"query-input\":{\"@type\":\"PropertyValueSpecification\",\"valueRequired\":true,\"valueName\":\"search_term_string\"}}],\"inLanguage\":\"de-CH\"}]}<\/script>\n<meta property=\"product:price:amount\" content=\"15.30\" \/>\n<meta property=\"product:price:currency\" content=\"CHF\" \/>\n<meta property=\"og:availability\" content=\"out of stock\" \/>\n<meta property=\"product:availability\" content=\"out of stock\" \/>\n<meta property=\"product:retailer_item_id\" content=\"733739017994\" \/>\n<meta property=\"product:condition\" content=\"new\" \/>\n<!-- \/ Yoast SEO plugin. -->","yoast_head_json":{"title":"NOW Hemp Seed Oil 1000 mg \u2013 120 Softgels | ecosupplements.ch","description":"Biologisches Hanfsamen\u00f6l mit Omega-3, -6 und -9 in praktischen Softgels \u2013 120 St\u00fcck pro Packung. Kaltgepresst und hexanfrei. Jetzt bestellen.","robots":{"index":"index","follow":"follow","max-snippet":"max-snippet:-1","max-image-preview":"max-image-preview:large","max-video-preview":"max-video-preview:-1"},"canonical":"https:\/\/ecosupplements.ch\/?product=now-hemp-seed-oil-1000-mg-120-softgels","og_locale":"de_DE","og_type":"article","og_title":"NOW Hemp Seed Oil 1000 mg \u2013 120 Softgels | ecosupplements.ch","og_description":"Biologisches Hanfsamen\u00f6l mit Omega-3, -6 und -9 in praktischen Softgels \u2013 120 St\u00fcck pro Packung. Kaltgepresst und hexanfrei. Jetzt bestellen.","og_url":"https:\/\/ecosupplements.ch\/?product=now-hemp-seed-oil-1000-mg-120-softgels","og_site_name":"Eco Supplements","article_modified_time":"2026-05-13T07:23:10+00:00","og_image":[{"width":1000,"height":1000,"url":"https:\/\/ecosupplements.ch\/wp-content\/uploads\/2026\/05\/NOW-Hemp-Seed-Oil-1000-mg-120-Softgels.webp","type":"image\/jpeg"}],"twitter_card":"summary_large_image","twitter_misc":{"Price":"&#67;&#72;&#70;&nbsp;15.30","Availability":"Out of stock"},"schema":{"@context":"https:\/\/schema.org","@graph":[{"@type":"WebPage","@id":"https:\/\/ecosupplements.ch\/?product=now-hemp-seed-oil-1000-mg-120-softgels","url":"https:\/\/ecosupplements.ch\/?product=now-hemp-seed-oil-1000-mg-120-softgels","name":"NOW Hemp Seed Oil 1000 mg \u2013 120 Softgels | ecosupplements.ch","isPartOf":{"@id":"https:\/\/ecosupplements.ch\/#website"},"primaryImageOfPage":{"@id":"https:\/\/ecosupplements.ch\/?product=now-hemp-seed-oil-1000-mg-120-softgels#primaryimage"},"image":{"@id":"https:\/\/ecosupplements.ch\/?product=now-hemp-seed-oil-1000-mg-120-softgels#primaryimage"},"thumbnailUrl":"https:\/\/ecosupplements.ch\/wp-content\/uploads\/2026\/05\/NOW-Hemp-Seed-Oil-1000-mg-120-Softgels.webp","datePublished":"2026-05-11T15:07:42+00:00","dateModified":"2026-05-13T07:23:10+00:00","description":"Biologisches Hanfsamen\u00f6l mit Omega-3, -6 und -9 in praktischen Softgels \u2013 120 St\u00fcck pro Packung. Kaltgepresst und hexanfrei. Jetzt bestellen.","breadcrumb":{"@id":"https:\/\/ecosupplements.ch\/?product=now-hemp-seed-oil-1000-mg-120-softgels#breadcrumb"},"inLanguage":"de-CH","potentialAction":[{"@type":"ReadAction","target":["https:\/\/ecosupplements.ch\/?product=now-hemp-seed-oil-1000-mg-120-softgels"]}]},{"@type":"ImageObject","inLanguage":"de-CH","@id":"https:\/\/ecosupplements.ch\/?product=now-hemp-seed-oil-1000-mg-120-softgels#primaryimage","url":"https:\/\/ecosupplements.ch\/wp-content\/uploads\/2026\/05\/NOW-Hemp-Seed-Oil-1000-mg-120-Softgels.webp","contentUrl":"https:\/\/ecosupplements.ch\/wp-content\/uploads\/2026\/05\/NOW-Hemp-Seed-Oil-1000-mg-120-Softgels.webp","width":1000,"height":1000,"caption":"NOW Hemp Seed Oil 1000 mg (120 Softgels)"},{"@type":"BreadcrumbList","@id":"https:\/\/ecosupplements.ch\/?product=now-hemp-seed-oil-1000-mg-120-softgels#breadcrumb","itemListElement":[{"@type":"ListItem","position":1,"name":"Home","item":"https:\/\/ecosupplements.ch\/"},{"@type":"ListItem","position":2,"name":"Shop","item":"https:\/\/ecosupplements.ch\/?page_id=14"},{"@type":"ListItem","position":3,"name":"NOW Hemp Seed Oil 1000 mg (120 Softgels)"}]},{"@type":"WebSite","@id":"https:\/\/ecosupplements.ch\/#website","url":"https:\/\/ecosupplements.ch\/","name":"Eco Supplements","description":"","potentialAction":[{"@type":"SearchAction","target":{"@type":"EntryPoint","urlTemplate":"https:\/\/ecosupplements.ch\/?s={search_term_string}"},"query-input":{"@type":"PropertyValueSpecification","valueRequired":true,"valueName":"search_term_string"}}],"inLanguage":"de-CH"}]},"product_price_amount":"15.30","product_price_currency":"CHF","og_availability":"out of stock","product_availability":"out of stock","product_retailer_item_id":"733739017994","product_condition":"new"},"_links":{"self":[{"href":"https:\/\/ecosupplements.ch\/index.php?rest_route=\/wp\/v2\/product\/5560","targetHints":{"allow":["GET"]}}],"collection":[{"href":"https:\/\/ecosupplements.ch\/index.php?rest_route=\/wp\/v2\/product"}],"about":[{"href":"https:\/\/ecosupplements.ch\/index.php?rest_route=\/wp\/v2\/types\/product"}],"replies":[{"embeddable":true,"href":"https:\/\/ecosupplements.ch\/index.php?rest_route=%2Fwp%2Fv2%2Fcomments&post=5560"}],"wp:featuredmedia":[{"embeddable":true,"href":"https:\/\/ecosupplements.ch\/index.php?rest_route=\/wp\/v2\/media\/5561"}],"wp:attachment":[{"href":"https:\/\/ecosupplements.ch\/index.php?rest_route=%2Fwp%2Fv2%2Fmedia&parent=5560"}],"wp:term":[{"taxonomy":"product_brand","embeddable":true,"href":"https:\/\/ecosupplements.ch\/index.php?rest_route=%2Fwp%2Fv2%2Fproduct_brand&post=5560"},{"taxonomy":"product_cat","embeddable":true,"href":"https:\/\/ecosupplements.ch\/index.php?rest_route=%2Fwp%2Fv2%2Fproduct_cat&post=5560"},{"taxonomy":"product_tag","embeddable":true,"href":"https:\/\/ecosupplements.ch\/index.php?rest_route=%2Fwp%2Fv2%2Fproduct_tag&post=5560"}],"curies":[{"name":"wp","href":"https:\/\/api.w.org\/{rel}","templated":true}]}}