{"id":5563,"date":"2026-05-11T15:07:44","date_gmt":"2026-05-11T15:07:44","guid":{"rendered":"https:\/\/ecosupplements.ch\/?product=now-iron-36-mg-ferrochelr-90-capsules"},"modified":"2026-05-13T07:27:01","modified_gmt":"2026-05-13T07:27:01","slug":"now-iron-36-mg-ferrochelr-90-capsules","status":"publish","type":"product","link":"https:\/\/ecosupplements.ch\/?product=now-iron-36-mg-ferrochelr-90-capsules","title":{"rendered":"NOW Iron 36 mg Ferrochel(R) (90 Capsules)"},"content":{"rendered":"<div class=\"chcg-product-description\">\n<h2 class=\"chcg-heading\">\u00dcber NOW Foods \u2013 NOW Iron 36 mg Ferrochel\u00ae (90 Kapseln)<\/h2>\n<div class=\"chcg-intro\">\n<p>NOW Iron 36 mg mit Ferrochel\u00ae liefert Eisen in Form von Eisenbisglycinate \u2013 einer chelatgebundenen Form, die f\u00fcr ihre gute Magenvertr\u00e4glichkeit bekannt ist. Eisen tr\u00e4gt zur normalen Bildung von roten Blutk\u00f6rperchen und H\u00e4moglobin bei, unterst\u00fctzt den normalen Sauerstofftransport im K\u00f6rper und hilft dabei, M\u00fcdigkeit und Ersch\u00f6pfung zu reduzieren.<\/p>\n<p>Ferrochel\u2122 ist eine patentierte, von ALBION\u00ae Minerals entwickelte Eisenchelat-Form (Ferrous Bisglycinate), die in zahlreichen Studien auf ihre Bioverf\u00fcgbarkeit untersucht wurde. Jede vegetarische Kapsel enth\u00e4lt 36 mg elementares Eisen, was 200 % des empfohlenen Tagesbedarfs entspricht.<\/p>\n<p>Das Produkt ist vegan, glutenfrei und frei von tierischen Inhaltsstoffen \u2013 ideal f\u00fcr Menschen, die auf eine pflanzliche Ern\u00e4hrungsweise achten und gleichzeitig ihren Eisenbedarf gezielt decken m\u00f6chten.<\/p>\n<\/p><\/div>\n<div class=\"chcg-nutrition\">\n<h3>N\u00e4hrwertangaben<\/h3>\n<table class=\"chcg-nutrition-table\">\n<thead>\n<tr>\n<th>N\u00e4hrstoff<\/th>\n<th>Pro Portion (1 Kapsel)<\/th>\n<\/tr>\n<\/thead>\n<tbody>\n<tr>\n<td>Eisen (elementar) (aus 180 mg Ferrous Bisglycinate) (Ferrochel\u2122)<\/td>\n<td>36 mg (200 % des Tagesbedarfs)<\/td>\n<\/tr>\n<\/tbody>\n<\/table><\/div>\n<div class=\"chcg-ingredients\">\n<h3>Zutaten<\/h3>\n<p>Eisen (elementar) (aus 180 mg Ferrous Bisglycinate) (Ferrochel\u2122), Reismehl, Stearins\u00e4ure (pflanzliche Quelle), Siliziumdioxid.<\/p>\n<p class=\"chcg-capsule-shell\">Kapselh\u00fclle: Hydroxypropylmethylcellulose (Cellulose-Kapsel)<\/p>\n<\/p><\/div>\n<div class=\"chcg-dosage\">\n<h3>Verzehrempfehlung<\/h3>\n<p>Als Nahrungserg\u00e4nzungsmittel 1 Kapsel t\u00e4glich zu einer Mahlzeit einnehmen.<\/p>\n<\/p><\/div>\n<div class=\"chcg-warnings\">\n<h3>Warnhinweise<\/h3>\n<p>Nur f\u00fcr Erwachsene. Die empfohlene Tagesdosis nicht \u00fcberschreiten, sofern nicht von einer \u00c4rztin oder einem Arzt empfohlen. Vor der Einnahme eine \u00c4rztin oder einen Arzt konsultieren, wenn Sie schwanger sind oder stillen, Medikamente einnehmen oder an einer Erkrankung leiden. Ausserhalb der Reichweite von Kindern aufbewahren. WARNUNG: Eine versehentliche \u00dcberdosierung von eisenhaltigen Produkten ist eine der h\u00e4ufigsten Ursachen f\u00fcr t\u00f6dliche Vergiftungen bei Kindern unter 6 Jahren. Dieses Produkt ausserhalb der Reichweite von Kindern aufbewahren. Im Falle einer versehentlichen \u00dcberdosierung sofort eine \u00c4rztin, einen Arzt oder ein Giftnotrufzentrum kontaktieren.<\/p>\n<\/p><\/div>\n<div class=\"chcg-allergens\">\n<h3>Allergeninformationen<\/h3>\n<p>Nicht hergestellt mit Weizen, Gluten, Soja, Milch, Ei, Fisch, Schalentieren, Baumn\u00fcssen oder Sesam. Produziert in einer GMP-zertifizierten Anlage, die auch andere Zutaten mit diesen Allergenen verarbeitet.<\/p>\n<\/p><\/div>\n<div class=\"chcg-storage\">\n<h3>Lagerung<\/h3>\n<p>Nach dem \u00d6ffnen an einem k\u00fchlen, trockenen Ort aufbewahren.<\/p>\n<\/p><\/div>\n<div class=\"chcg-dietary\">\n<h3>Ern\u00e4hrungshinweise<\/h3>\n<ul>\n<li>Vegan<\/li>\n<li>Vegetarisch<\/li>\n<li>Glutenfrei<\/li>\n<li>Laktosefrei<\/li>\n<\/ul><\/div>\n<\/div>\n","protected":false},"excerpt":{"rendered":"<p>NOW Iron 36 mg Ferrochel\u00ae unterst\u00fctzt die normale Bildung von roten Blutk\u00f6rperchen und hilft, M\u00fcdigkeit zu reduzieren. 90 vegetarische Kapseln mit gut vertr\u00e4glichem Eisenbisglycinate \u2013 vegan und glutenfrei.<\/p>\n","protected":false},"featured_media":5564,"comment_status":"closed","ping_status":"open","template":"","meta":[],"product_brand":[454],"product_cat":[23,110,48,25,21],"product_tag":[],"class_list":{"0":"post-5563","1":"product","2":"type-product","3":"status-publish","4":"has-post-thumbnail","6":"product_brand-nownow-foods","7":"product_cat-einige-mineralien","8":"product_cat-eisen","9":"product_cat-gesunde-ernaehrung","10":"product_cat-gesundheit-und-wohlbefinden","11":"product_cat-vitamine-und-mineralstoffe","13":"first","14":"outofstock","15":"taxable","16":"shipping-taxable","17":"purchasable","18":"product-type-simple"},"yoast_head":"<!-- This site is optimized with the Yoast SEO plugin v27.5 - https:\/\/yoast.com\/product\/yoast-seo-wordpress\/ -->\n<title>NOW Iron 36 mg Ferrochel\u00ae 90 Kapseln \u2013 NOW Foods | ecosupplements.ch<\/title>\n<meta name=\"description\" content=\"NOW Iron 36 mg Ferrochel\u00ae mit 90 veganen Kapseln \u2013 gut vertr\u00e4gliches Eisenbisglycinate f\u00fcr normale Blutbildung und weniger M\u00fcdigkeit. Jetzt bestellen.\" \/>\n<meta name=\"robots\" content=\"index, follow, max-snippet:-1, max-image-preview:large, max-video-preview:-1\" \/>\n<link rel=\"canonical\" href=\"https:\/\/ecosupplements.ch\/?product=now-iron-36-mg-ferrochelr-90-capsules\" \/>\n<meta property=\"og:locale\" content=\"de_DE\" \/>\n<meta property=\"og:type\" content=\"article\" \/>\n<meta property=\"og:title\" content=\"NOW Iron 36 mg Ferrochel\u00ae 90 Kapseln \u2013 NOW Foods | ecosupplements.ch\" \/>\n<meta property=\"og:description\" content=\"NOW Iron 36 mg Ferrochel\u00ae mit 90 veganen Kapseln \u2013 gut vertr\u00e4gliches Eisenbisglycinate f\u00fcr normale Blutbildung und weniger M\u00fcdigkeit. Jetzt bestellen.\" \/>\n<meta property=\"og:url\" content=\"https:\/\/ecosupplements.ch\/?product=now-iron-36-mg-ferrochelr-90-capsules\" \/>\n<meta property=\"og:site_name\" content=\"Eco Supplements\" \/>\n<meta property=\"article:modified_time\" content=\"2026-05-13T07:27:01+00:00\" \/>\n<meta property=\"og:image\" content=\"https:\/\/ecosupplements.ch\/wp-content\/uploads\/2026\/05\/NOW-Iron-36-mg-FerrochelR-90-Capsules.webp\" \/>\n\t<meta property=\"og:image:width\" content=\"1000\" \/>\n\t<meta property=\"og:image:height\" content=\"1000\" \/>\n\t<meta property=\"og:image:type\" content=\"image\/jpeg\" \/>\n<meta name=\"twitter:card\" content=\"summary_large_image\" \/>\n<meta name=\"twitter:label1\" content=\"Price\" \/>\n\t<meta name=\"twitter:data1\" content=\"&#067;&#072;&#070;&nbsp;9.45\" \/>\n\t<meta name=\"twitter:label2\" content=\"Availability\" \/>\n\t<meta name=\"twitter:data2\" content=\"Out of stock\" \/>\n<script type=\"application\/ld+json\" class=\"yoast-schema-graph\">{\"@context\":\"https:\\\/\\\/schema.org\",\"@graph\":[{\"@type\":\"WebPage\",\"@id\":\"https:\\\/\\\/ecosupplements.ch\\\/?product=now-iron-36-mg-ferrochelr-90-capsules\",\"url\":\"https:\\\/\\\/ecosupplements.ch\\\/?product=now-iron-36-mg-ferrochelr-90-capsules\",\"name\":\"NOW Iron 36 mg Ferrochel\u00ae 90 Kapseln \u2013 NOW Foods | ecosupplements.ch\",\"isPartOf\":{\"@id\":\"https:\\\/\\\/ecosupplements.ch\\\/#website\"},\"primaryImageOfPage\":{\"@id\":\"https:\\\/\\\/ecosupplements.ch\\\/?product=now-iron-36-mg-ferrochelr-90-capsules#primaryimage\"},\"image\":{\"@id\":\"https:\\\/\\\/ecosupplements.ch\\\/?product=now-iron-36-mg-ferrochelr-90-capsules#primaryimage\"},\"thumbnailUrl\":\"https:\\\/\\\/ecosupplements.ch\\\/wp-content\\\/uploads\\\/2026\\\/05\\\/NOW-Iron-36-mg-FerrochelR-90-Capsules.webp\",\"datePublished\":\"2026-05-11T15:07:44+00:00\",\"dateModified\":\"2026-05-13T07:27:01+00:00\",\"description\":\"NOW Iron 36 mg Ferrochel\u00ae mit 90 veganen Kapseln \u2013 gut vertr\u00e4gliches Eisenbisglycinate f\u00fcr normale Blutbildung und weniger M\u00fcdigkeit. Jetzt bestellen.\",\"breadcrumb\":{\"@id\":\"https:\\\/\\\/ecosupplements.ch\\\/?product=now-iron-36-mg-ferrochelr-90-capsules#breadcrumb\"},\"inLanguage\":\"de-CH\",\"potentialAction\":[{\"@type\":\"ReadAction\",\"target\":[\"https:\\\/\\\/ecosupplements.ch\\\/?product=now-iron-36-mg-ferrochelr-90-capsules\"]}]},{\"@type\":\"ImageObject\",\"inLanguage\":\"de-CH\",\"@id\":\"https:\\\/\\\/ecosupplements.ch\\\/?product=now-iron-36-mg-ferrochelr-90-capsules#primaryimage\",\"url\":\"https:\\\/\\\/ecosupplements.ch\\\/wp-content\\\/uploads\\\/2026\\\/05\\\/NOW-Iron-36-mg-FerrochelR-90-Capsules.webp\",\"contentUrl\":\"https:\\\/\\\/ecosupplements.ch\\\/wp-content\\\/uploads\\\/2026\\\/05\\\/NOW-Iron-36-mg-FerrochelR-90-Capsules.webp\",\"width\":1000,\"height\":1000,\"caption\":\"NOW Iron 36 mg Ferrochel(R) (90 Capsules)\"},{\"@type\":\"BreadcrumbList\",\"@id\":\"https:\\\/\\\/ecosupplements.ch\\\/?product=now-iron-36-mg-ferrochelr-90-capsules#breadcrumb\",\"itemListElement\":[{\"@type\":\"ListItem\",\"position\":1,\"name\":\"Home\",\"item\":\"https:\\\/\\\/ecosupplements.ch\\\/\"},{\"@type\":\"ListItem\",\"position\":2,\"name\":\"Shop\",\"item\":\"https:\\\/\\\/ecosupplements.ch\\\/?page_id=14\"},{\"@type\":\"ListItem\",\"position\":3,\"name\":\"NOW Iron 36 mg Ferrochel(R) (90 Capsules)\"}]},{\"@type\":\"WebSite\",\"@id\":\"https:\\\/\\\/ecosupplements.ch\\\/#website\",\"url\":\"https:\\\/\\\/ecosupplements.ch\\\/\",\"name\":\"Eco Supplements\",\"description\":\"\",\"potentialAction\":[{\"@type\":\"SearchAction\",\"target\":{\"@type\":\"EntryPoint\",\"urlTemplate\":\"https:\\\/\\\/ecosupplements.ch\\\/?s={search_term_string}\"},\"query-input\":{\"@type\":\"PropertyValueSpecification\",\"valueRequired\":true,\"valueName\":\"search_term_string\"}}],\"inLanguage\":\"de-CH\"}]}<\/script>\n<meta property=\"product:price:amount\" content=\"9.45\" \/>\n<meta property=\"product:price:currency\" content=\"CHF\" \/>\n<meta property=\"og:availability\" content=\"out of stock\" \/>\n<meta property=\"product:availability\" content=\"out of stock\" \/>\n<meta property=\"product:retailer_item_id\" content=\"733739014443\" \/>\n<meta property=\"product:condition\" content=\"new\" \/>\n<!-- \/ Yoast SEO plugin. -->","yoast_head_json":{"title":"NOW Iron 36 mg Ferrochel\u00ae 90 Kapseln \u2013 NOW Foods | ecosupplements.ch","description":"NOW Iron 36 mg Ferrochel\u00ae mit 90 veganen Kapseln \u2013 gut vertr\u00e4gliches Eisenbisglycinate f\u00fcr normale Blutbildung und weniger M\u00fcdigkeit. Jetzt bestellen.","robots":{"index":"index","follow":"follow","max-snippet":"max-snippet:-1","max-image-preview":"max-image-preview:large","max-video-preview":"max-video-preview:-1"},"canonical":"https:\/\/ecosupplements.ch\/?product=now-iron-36-mg-ferrochelr-90-capsules","og_locale":"de_DE","og_type":"article","og_title":"NOW Iron 36 mg Ferrochel\u00ae 90 Kapseln \u2013 NOW Foods | ecosupplements.ch","og_description":"NOW Iron 36 mg Ferrochel\u00ae mit 90 veganen Kapseln \u2013 gut vertr\u00e4gliches Eisenbisglycinate f\u00fcr normale Blutbildung und weniger M\u00fcdigkeit. Jetzt bestellen.","og_url":"https:\/\/ecosupplements.ch\/?product=now-iron-36-mg-ferrochelr-90-capsules","og_site_name":"Eco Supplements","article_modified_time":"2026-05-13T07:27:01+00:00","og_image":[{"width":1000,"height":1000,"url":"https:\/\/ecosupplements.ch\/wp-content\/uploads\/2026\/05\/NOW-Iron-36-mg-FerrochelR-90-Capsules.webp","type":"image\/jpeg"}],"twitter_card":"summary_large_image","twitter_misc":{"Price":"&#67;&#72;&#70;&nbsp;9.45","Availability":"Out of stock"},"schema":{"@context":"https:\/\/schema.org","@graph":[{"@type":"WebPage","@id":"https:\/\/ecosupplements.ch\/?product=now-iron-36-mg-ferrochelr-90-capsules","url":"https:\/\/ecosupplements.ch\/?product=now-iron-36-mg-ferrochelr-90-capsules","name":"NOW Iron 36 mg Ferrochel\u00ae 90 Kapseln \u2013 NOW Foods | ecosupplements.ch","isPartOf":{"@id":"https:\/\/ecosupplements.ch\/#website"},"primaryImageOfPage":{"@id":"https:\/\/ecosupplements.ch\/?product=now-iron-36-mg-ferrochelr-90-capsules#primaryimage"},"image":{"@id":"https:\/\/ecosupplements.ch\/?product=now-iron-36-mg-ferrochelr-90-capsules#primaryimage"},"thumbnailUrl":"https:\/\/ecosupplements.ch\/wp-content\/uploads\/2026\/05\/NOW-Iron-36-mg-FerrochelR-90-Capsules.webp","datePublished":"2026-05-11T15:07:44+00:00","dateModified":"2026-05-13T07:27:01+00:00","description":"NOW Iron 36 mg Ferrochel\u00ae mit 90 veganen Kapseln \u2013 gut vertr\u00e4gliches Eisenbisglycinate f\u00fcr normale Blutbildung und weniger M\u00fcdigkeit. Jetzt bestellen.","breadcrumb":{"@id":"https:\/\/ecosupplements.ch\/?product=now-iron-36-mg-ferrochelr-90-capsules#breadcrumb"},"inLanguage":"de-CH","potentialAction":[{"@type":"ReadAction","target":["https:\/\/ecosupplements.ch\/?product=now-iron-36-mg-ferrochelr-90-capsules"]}]},{"@type":"ImageObject","inLanguage":"de-CH","@id":"https:\/\/ecosupplements.ch\/?product=now-iron-36-mg-ferrochelr-90-capsules#primaryimage","url":"https:\/\/ecosupplements.ch\/wp-content\/uploads\/2026\/05\/NOW-Iron-36-mg-FerrochelR-90-Capsules.webp","contentUrl":"https:\/\/ecosupplements.ch\/wp-content\/uploads\/2026\/05\/NOW-Iron-36-mg-FerrochelR-90-Capsules.webp","width":1000,"height":1000,"caption":"NOW Iron 36 mg Ferrochel(R) (90 Capsules)"},{"@type":"BreadcrumbList","@id":"https:\/\/ecosupplements.ch\/?product=now-iron-36-mg-ferrochelr-90-capsules#breadcrumb","itemListElement":[{"@type":"ListItem","position":1,"name":"Home","item":"https:\/\/ecosupplements.ch\/"},{"@type":"ListItem","position":2,"name":"Shop","item":"https:\/\/ecosupplements.ch\/?page_id=14"},{"@type":"ListItem","position":3,"name":"NOW Iron 36 mg Ferrochel(R) (90 Capsules)"}]},{"@type":"WebSite","@id":"https:\/\/ecosupplements.ch\/#website","url":"https:\/\/ecosupplements.ch\/","name":"Eco Supplements","description":"","potentialAction":[{"@type":"SearchAction","target":{"@type":"EntryPoint","urlTemplate":"https:\/\/ecosupplements.ch\/?s={search_term_string}"},"query-input":{"@type":"PropertyValueSpecification","valueRequired":true,"valueName":"search_term_string"}}],"inLanguage":"de-CH"}]},"product_price_amount":"9.45","product_price_currency":"CHF","og_availability":"out of stock","product_availability":"out of stock","product_retailer_item_id":"733739014443","product_condition":"new"},"_links":{"self":[{"href":"https:\/\/ecosupplements.ch\/index.php?rest_route=\/wp\/v2\/product\/5563","targetHints":{"allow":["GET"]}}],"collection":[{"href":"https:\/\/ecosupplements.ch\/index.php?rest_route=\/wp\/v2\/product"}],"about":[{"href":"https:\/\/ecosupplements.ch\/index.php?rest_route=\/wp\/v2\/types\/product"}],"replies":[{"embeddable":true,"href":"https:\/\/ecosupplements.ch\/index.php?rest_route=%2Fwp%2Fv2%2Fcomments&post=5563"}],"wp:featuredmedia":[{"embeddable":true,"href":"https:\/\/ecosupplements.ch\/index.php?rest_route=\/wp\/v2\/media\/5564"}],"wp:attachment":[{"href":"https:\/\/ecosupplements.ch\/index.php?rest_route=%2Fwp%2Fv2%2Fmedia&parent=5563"}],"wp:term":[{"taxonomy":"product_brand","embeddable":true,"href":"https:\/\/ecosupplements.ch\/index.php?rest_route=%2Fwp%2Fv2%2Fproduct_brand&post=5563"},{"taxonomy":"product_cat","embeddable":true,"href":"https:\/\/ecosupplements.ch\/index.php?rest_route=%2Fwp%2Fv2%2Fproduct_cat&post=5563"},{"taxonomy":"product_tag","embeddable":true,"href":"https:\/\/ecosupplements.ch\/index.php?rest_route=%2Fwp%2Fv2%2Fproduct_tag&post=5563"}],"curies":[{"name":"wp","href":"https:\/\/api.w.org\/{rel}","templated":true}]}}