{"id":5566,"date":"2026-05-11T15:07:45","date_gmt":"2026-05-11T15:07:45","guid":{"rendered":"https:\/\/ecosupplements.ch\/?product=now-l-carnitine-1000-mg-100-tablets"},"modified":"2026-05-13T07:27:08","modified_gmt":"2026-05-13T07:27:08","slug":"now-l-carnitine-1000-mg-100-tablets","status":"publish","type":"product","link":"https:\/\/ecosupplements.ch\/?product=now-l-carnitine-1000-mg-100-tablets","title":{"rendered":"NOW L-Carnitine 1000 mg  (100 Tablets)"},"content":{"rendered":"<div class=\"chcg-product-description\">\n<h2 class=\"chcg-heading\">\u00dcber NOW \u2013 L-Carnitine 1000 mg (100 Tabletten)<\/h2>\n<div class=\"chcg-intro\">\n<p>NOW L-Carnitine 1000 mg liefert pro Tablette eine hochdosierte Menge an reinem L-Carnitin in Form von Carnipure\u2122 \u2013 einem hochwertigen L-Carnitin-Tartrat aus dem renommierten Schweizer Hersteller Lonza. L-Carnitin ist eine k\u00f6rpereigene, stickstoffhaltige Verbindung, die nat\u00fcrlicherweise in tierischen Lebensmitteln vorkommt und vom K\u00f6rper selbst synthetisiert werden kann.<\/p>\n<p>L-Carnitin spielt eine zentrale Rolle im Energiestoffwechsel: Es unterst\u00fctzt den Transport von langkettigen Fetts\u00e4uren in die Mitochondrien, wo diese zur Energiegewinnung genutzt werden k\u00f6nnen. Das Carnipure\u2122-G\u00fctesiegel steht f\u00fcr gepr\u00fcfte Reinheit und gleichbleibend hohe Qualit\u00e4t.<\/p>\n<p>Die Tabletten von NOW sind vegetarisch und vegan formuliert, frei von tierischen Inhaltsstoffen und werden in einem GMP-zertifizierten Betrieb hergestellt. Mit 100 Tabletten pro Packung bietet dieses Produkt eine langfristige Versorgung zu einem hervorragenden Preis-Leistungs-Verh\u00e4ltnis.<\/p>\n<\/p><\/div>\n<div class=\"chcg-nutrition\">\n<h3>N\u00e4hrwertangaben<\/h3>\n<table class=\"chcg-nutrition-table\">\n<thead>\n<tr>\n<th>N\u00e4hrstoff<\/th>\n<th>Pro Portion (1 Tablette)<\/th>\n<\/tr>\n<\/thead>\n<tbody>\n<tr>\n<td>L-Carnitin (Carnipure\u2122) (aus L-Carnitin-Tartrat)<\/td>\n<td>1000 mg *<\/td>\n<\/tr>\n<\/tbody>\n<\/table>\n<p class=\"chcg-footnote\">* Kein etablierter Tagesbedarf (Tageswert) festgelegt.<\/p>\n<\/p><\/div>\n<div class=\"chcg-ingredients\">\n<h3>Zutaten<\/h3>\n<p>Mikrokristalline Cellulose, Hydroxypropylcellulose, Stearins\u00e4ure (pflanzliche Herkunft), vegetarische Umh\u00fcllung, Magnesiumstearat (pflanzliche Herkunft) und Siliziumdioxid.<\/p>\n<\/p><\/div>\n<div class=\"chcg-dosage\">\n<h3>Verzehrempfehlung<\/h3>\n<p>1 Tablette 1- bis 2-mal t\u00e4glich einnehmen.<\/p>\n<\/p><\/div>\n<div class=\"chcg-warnings\">\n<h3>Warnhinweise<\/h3>\n<p>Nur f\u00fcr Erwachsene. Bei Schwangerschaft oder Stillzeit, bei Einnahme von Medikamenten oder bei Vorliegen einer gesundheitlichen Erkrankung (einschliesslich Schilddr\u00fcsenerkrankungen) vor der Einnahme einen Arzt konsultieren. Ausserhalb der Reichweite von Kindern aufbewahren. Den Frischhaltebeutel nicht essen. Im Beh\u00e4lter aufbewahren.<\/p>\n<\/p><\/div>\n<div class=\"chcg-allergens\">\n<h3>Allergeninformationen<\/h3>\n<p>Nicht hergestellt mit Weizen, Gluten, Soja, Milch, Ei, Fisch, Schalentieren oder Baumn\u00fcssen als Zutaten. Hergestellt in einem GMP-Betrieb, der andere Zutaten verarbeitet, die diese Allergene enthalten.<\/p>\n<\/p><\/div>\n<div class=\"chcg-storage\">\n<h3>Lagerung<\/h3>\n<p>Nach dem \u00d6ffnen an einem k\u00fchlen, trockenen Ort aufbewahren.<\/p>\n<\/p><\/div>\n<div class=\"chcg-dietary\">\n<h3>Ern\u00e4hrungshinweise<\/h3>\n<ul>\n<li>Vegan<\/li>\n<li>Vegetarisch<\/li>\n<li>Glutenfrei<\/li>\n<li>Laktosefrei<\/li>\n<\/ul><\/div>\n<\/div>\n","protected":false},"excerpt":{"rendered":"<p>NOW L-Carnitine 1000 mg liefert pro Tablette hochdosiertes Carnipure\u2122-L-Carnitin zur Unterst\u00fctzung des Energiestoffwechsels. Vegan, glutenfrei und praktisch in 100 Tabletten pro Packung.<\/p>\n","protected":false},"featured_media":5567,"comment_status":"closed","ping_status":"open","template":"","meta":[],"product_brand":[464],"product_cat":[514,90,48,515,171,21],"product_tag":[],"class_list":{"0":"post-5566","1":"product","2":"type-product","3":"status-publish","4":"has-post-thumbnail","6":"product_brand-now","7":"product_cat-aminosaeuren-und-bcaas","8":"product_cat-fitness-training","9":"product_cat-gesunde-ernaehrung","10":"product_cat-l-carnitin-aminosaeuren-und-bcaas","11":"product_cat-vitamine-und-mineralien","12":"product_cat-vitamine-und-mineralstoffe","14":"first","15":"outofstock","16":"taxable","17":"shipping-taxable","18":"purchasable","19":"product-type-simple"},"yoast_head":"<!-- This site is optimized with the Yoast SEO plugin v27.5 - https:\/\/yoast.com\/product\/yoast-seo-wordpress\/ -->\n<title>NOW L-Carnitine 1000 mg (100 Tabletten) \u2013 NOW | ecosupplements.ch<\/title>\n<meta name=\"description\" content=\"Hochdosiertes L-Carnitin mit Carnipure\u2122 \u2013 1000 mg pro Tablette, vegan und glutenfrei, 100 Tabletten. Jetzt bestellen.\" \/>\n<meta name=\"robots\" content=\"index, follow, max-snippet:-1, max-image-preview:large, max-video-preview:-1\" \/>\n<link rel=\"canonical\" href=\"https:\/\/ecosupplements.ch\/?product=now-l-carnitine-1000-mg-100-tablets\" \/>\n<meta property=\"og:locale\" content=\"de_DE\" \/>\n<meta property=\"og:type\" content=\"article\" \/>\n<meta property=\"og:title\" content=\"NOW L-Carnitine 1000 mg (100 Tabletten) \u2013 NOW | ecosupplements.ch\" \/>\n<meta property=\"og:description\" content=\"Hochdosiertes L-Carnitin mit Carnipure\u2122 \u2013 1000 mg pro Tablette, vegan und glutenfrei, 100 Tabletten. Jetzt bestellen.\" \/>\n<meta property=\"og:url\" content=\"https:\/\/ecosupplements.ch\/?product=now-l-carnitine-1000-mg-100-tablets\" \/>\n<meta property=\"og:site_name\" content=\"Eco Supplements\" \/>\n<meta property=\"article:modified_time\" content=\"2026-05-13T07:27:08+00:00\" \/>\n<meta property=\"og:image\" content=\"https:\/\/ecosupplements.ch\/wp-content\/uploads\/2026\/05\/NOW-L-Carnitine-1000-mg-100-Tablets.webp\" \/>\n\t<meta property=\"og:image:width\" content=\"1000\" \/>\n\t<meta property=\"og:image:height\" content=\"1000\" \/>\n\t<meta property=\"og:image:type\" content=\"image\/jpeg\" \/>\n<meta name=\"twitter:card\" content=\"summary_large_image\" \/>\n<meta name=\"twitter:label1\" content=\"Price\" \/>\n\t<meta name=\"twitter:data1\" content=\"&#067;&#072;&#070;&nbsp;43.07\" \/>\n\t<meta name=\"twitter:label2\" content=\"Availability\" \/>\n\t<meta name=\"twitter:data2\" content=\"Out of stock\" \/>\n<script type=\"application\/ld+json\" class=\"yoast-schema-graph\">{\"@context\":\"https:\\\/\\\/schema.org\",\"@graph\":[{\"@type\":\"WebPage\",\"@id\":\"https:\\\/\\\/ecosupplements.ch\\\/?product=now-l-carnitine-1000-mg-100-tablets\",\"url\":\"https:\\\/\\\/ecosupplements.ch\\\/?product=now-l-carnitine-1000-mg-100-tablets\",\"name\":\"NOW L-Carnitine 1000 mg (100 Tabletten) \u2013 NOW | ecosupplements.ch\",\"isPartOf\":{\"@id\":\"https:\\\/\\\/ecosupplements.ch\\\/#website\"},\"primaryImageOfPage\":{\"@id\":\"https:\\\/\\\/ecosupplements.ch\\\/?product=now-l-carnitine-1000-mg-100-tablets#primaryimage\"},\"image\":{\"@id\":\"https:\\\/\\\/ecosupplements.ch\\\/?product=now-l-carnitine-1000-mg-100-tablets#primaryimage\"},\"thumbnailUrl\":\"https:\\\/\\\/ecosupplements.ch\\\/wp-content\\\/uploads\\\/2026\\\/05\\\/NOW-L-Carnitine-1000-mg-100-Tablets.webp\",\"datePublished\":\"2026-05-11T15:07:45+00:00\",\"dateModified\":\"2026-05-13T07:27:08+00:00\",\"description\":\"Hochdosiertes L-Carnitin mit Carnipure\u2122 \u2013 1000 mg pro Tablette, vegan und glutenfrei, 100 Tabletten. Jetzt bestellen.\",\"breadcrumb\":{\"@id\":\"https:\\\/\\\/ecosupplements.ch\\\/?product=now-l-carnitine-1000-mg-100-tablets#breadcrumb\"},\"inLanguage\":\"de-CH\",\"potentialAction\":[{\"@type\":\"ReadAction\",\"target\":[\"https:\\\/\\\/ecosupplements.ch\\\/?product=now-l-carnitine-1000-mg-100-tablets\"]}]},{\"@type\":\"ImageObject\",\"inLanguage\":\"de-CH\",\"@id\":\"https:\\\/\\\/ecosupplements.ch\\\/?product=now-l-carnitine-1000-mg-100-tablets#primaryimage\",\"url\":\"https:\\\/\\\/ecosupplements.ch\\\/wp-content\\\/uploads\\\/2026\\\/05\\\/NOW-L-Carnitine-1000-mg-100-Tablets.webp\",\"contentUrl\":\"https:\\\/\\\/ecosupplements.ch\\\/wp-content\\\/uploads\\\/2026\\\/05\\\/NOW-L-Carnitine-1000-mg-100-Tablets.webp\",\"width\":1000,\"height\":1000,\"caption\":\"NOW L-Carnitine 1000 mg (100 Tablets)\"},{\"@type\":\"BreadcrumbList\",\"@id\":\"https:\\\/\\\/ecosupplements.ch\\\/?product=now-l-carnitine-1000-mg-100-tablets#breadcrumb\",\"itemListElement\":[{\"@type\":\"ListItem\",\"position\":1,\"name\":\"Home\",\"item\":\"https:\\\/\\\/ecosupplements.ch\\\/\"},{\"@type\":\"ListItem\",\"position\":2,\"name\":\"Shop\",\"item\":\"https:\\\/\\\/ecosupplements.ch\\\/?page_id=14\"},{\"@type\":\"ListItem\",\"position\":3,\"name\":\"NOW L-Carnitine 1000 mg (100 Tablets)\"}]},{\"@type\":\"WebSite\",\"@id\":\"https:\\\/\\\/ecosupplements.ch\\\/#website\",\"url\":\"https:\\\/\\\/ecosupplements.ch\\\/\",\"name\":\"Eco Supplements\",\"description\":\"\",\"potentialAction\":[{\"@type\":\"SearchAction\",\"target\":{\"@type\":\"EntryPoint\",\"urlTemplate\":\"https:\\\/\\\/ecosupplements.ch\\\/?s={search_term_string}\"},\"query-input\":{\"@type\":\"PropertyValueSpecification\",\"valueRequired\":true,\"valueName\":\"search_term_string\"}}],\"inLanguage\":\"de-CH\"}]}<\/script>\n<meta property=\"product:price:amount\" content=\"43.07\" \/>\n<meta property=\"product:price:currency\" content=\"CHF\" \/>\n<meta property=\"og:availability\" content=\"out of stock\" \/>\n<meta property=\"product:availability\" content=\"out of stock\" \/>\n<meta property=\"product:retailer_item_id\" content=\"733739000682\" \/>\n<meta property=\"product:condition\" content=\"new\" \/>\n<!-- \/ Yoast SEO plugin. -->","yoast_head_json":{"title":"NOW L-Carnitine 1000 mg (100 Tabletten) \u2013 NOW | ecosupplements.ch","description":"Hochdosiertes L-Carnitin mit Carnipure\u2122 \u2013 1000 mg pro Tablette, vegan und glutenfrei, 100 Tabletten. Jetzt bestellen.","robots":{"index":"index","follow":"follow","max-snippet":"max-snippet:-1","max-image-preview":"max-image-preview:large","max-video-preview":"max-video-preview:-1"},"canonical":"https:\/\/ecosupplements.ch\/?product=now-l-carnitine-1000-mg-100-tablets","og_locale":"de_DE","og_type":"article","og_title":"NOW L-Carnitine 1000 mg (100 Tabletten) \u2013 NOW | ecosupplements.ch","og_description":"Hochdosiertes L-Carnitin mit Carnipure\u2122 \u2013 1000 mg pro Tablette, vegan und glutenfrei, 100 Tabletten. Jetzt bestellen.","og_url":"https:\/\/ecosupplements.ch\/?product=now-l-carnitine-1000-mg-100-tablets","og_site_name":"Eco Supplements","article_modified_time":"2026-05-13T07:27:08+00:00","og_image":[{"width":1000,"height":1000,"url":"https:\/\/ecosupplements.ch\/wp-content\/uploads\/2026\/05\/NOW-L-Carnitine-1000-mg-100-Tablets.webp","type":"image\/jpeg"}],"twitter_card":"summary_large_image","twitter_misc":{"Price":"&#67;&#72;&#70;&nbsp;43.07","Availability":"Out of stock"},"schema":{"@context":"https:\/\/schema.org","@graph":[{"@type":"WebPage","@id":"https:\/\/ecosupplements.ch\/?product=now-l-carnitine-1000-mg-100-tablets","url":"https:\/\/ecosupplements.ch\/?product=now-l-carnitine-1000-mg-100-tablets","name":"NOW L-Carnitine 1000 mg (100 Tabletten) \u2013 NOW | ecosupplements.ch","isPartOf":{"@id":"https:\/\/ecosupplements.ch\/#website"},"primaryImageOfPage":{"@id":"https:\/\/ecosupplements.ch\/?product=now-l-carnitine-1000-mg-100-tablets#primaryimage"},"image":{"@id":"https:\/\/ecosupplements.ch\/?product=now-l-carnitine-1000-mg-100-tablets#primaryimage"},"thumbnailUrl":"https:\/\/ecosupplements.ch\/wp-content\/uploads\/2026\/05\/NOW-L-Carnitine-1000-mg-100-Tablets.webp","datePublished":"2026-05-11T15:07:45+00:00","dateModified":"2026-05-13T07:27:08+00:00","description":"Hochdosiertes L-Carnitin mit Carnipure\u2122 \u2013 1000 mg pro Tablette, vegan und glutenfrei, 100 Tabletten. Jetzt bestellen.","breadcrumb":{"@id":"https:\/\/ecosupplements.ch\/?product=now-l-carnitine-1000-mg-100-tablets#breadcrumb"},"inLanguage":"de-CH","potentialAction":[{"@type":"ReadAction","target":["https:\/\/ecosupplements.ch\/?product=now-l-carnitine-1000-mg-100-tablets"]}]},{"@type":"ImageObject","inLanguage":"de-CH","@id":"https:\/\/ecosupplements.ch\/?product=now-l-carnitine-1000-mg-100-tablets#primaryimage","url":"https:\/\/ecosupplements.ch\/wp-content\/uploads\/2026\/05\/NOW-L-Carnitine-1000-mg-100-Tablets.webp","contentUrl":"https:\/\/ecosupplements.ch\/wp-content\/uploads\/2026\/05\/NOW-L-Carnitine-1000-mg-100-Tablets.webp","width":1000,"height":1000,"caption":"NOW L-Carnitine 1000 mg (100 Tablets)"},{"@type":"BreadcrumbList","@id":"https:\/\/ecosupplements.ch\/?product=now-l-carnitine-1000-mg-100-tablets#breadcrumb","itemListElement":[{"@type":"ListItem","position":1,"name":"Home","item":"https:\/\/ecosupplements.ch\/"},{"@type":"ListItem","position":2,"name":"Shop","item":"https:\/\/ecosupplements.ch\/?page_id=14"},{"@type":"ListItem","position":3,"name":"NOW L-Carnitine 1000 mg (100 Tablets)"}]},{"@type":"WebSite","@id":"https:\/\/ecosupplements.ch\/#website","url":"https:\/\/ecosupplements.ch\/","name":"Eco Supplements","description":"","potentialAction":[{"@type":"SearchAction","target":{"@type":"EntryPoint","urlTemplate":"https:\/\/ecosupplements.ch\/?s={search_term_string}"},"query-input":{"@type":"PropertyValueSpecification","valueRequired":true,"valueName":"search_term_string"}}],"inLanguage":"de-CH"}]},"product_price_amount":"43.07","product_price_currency":"CHF","og_availability":"out of stock","product_availability":"out of stock","product_retailer_item_id":"733739000682","product_condition":"new"},"_links":{"self":[{"href":"https:\/\/ecosupplements.ch\/index.php?rest_route=\/wp\/v2\/product\/5566","targetHints":{"allow":["GET"]}}],"collection":[{"href":"https:\/\/ecosupplements.ch\/index.php?rest_route=\/wp\/v2\/product"}],"about":[{"href":"https:\/\/ecosupplements.ch\/index.php?rest_route=\/wp\/v2\/types\/product"}],"replies":[{"embeddable":true,"href":"https:\/\/ecosupplements.ch\/index.php?rest_route=%2Fwp%2Fv2%2Fcomments&post=5566"}],"wp:featuredmedia":[{"embeddable":true,"href":"https:\/\/ecosupplements.ch\/index.php?rest_route=\/wp\/v2\/media\/5567"}],"wp:attachment":[{"href":"https:\/\/ecosupplements.ch\/index.php?rest_route=%2Fwp%2Fv2%2Fmedia&parent=5566"}],"wp:term":[{"taxonomy":"product_brand","embeddable":true,"href":"https:\/\/ecosupplements.ch\/index.php?rest_route=%2Fwp%2Fv2%2Fproduct_brand&post=5566"},{"taxonomy":"product_cat","embeddable":true,"href":"https:\/\/ecosupplements.ch\/index.php?rest_route=%2Fwp%2Fv2%2Fproduct_cat&post=5566"},{"taxonomy":"product_tag","embeddable":true,"href":"https:\/\/ecosupplements.ch\/index.php?rest_route=%2Fwp%2Fv2%2Fproduct_tag&post=5566"}],"curies":[{"name":"wp","href":"https:\/\/api.w.org\/{rel}","templated":true}]}}