{"id":5575,"date":"2026-05-11T15:07:50","date_gmt":"2026-05-11T15:07:50","guid":{"rendered":"https:\/\/ecosupplements.ch\/?product=now-mct-oil-473-ml-vanilla-hazelnut"},"modified":"2026-05-13T07:27:07","modified_gmt":"2026-05-13T07:27:07","slug":"now-mct-oil-473-ml-vanilla-hazelnut","status":"publish","type":"product","link":"https:\/\/ecosupplements.ch\/?product=now-mct-oil-473-ml-vanilla-hazelnut","title":{"rendered":"NOW MCT Oil (473 ml, Vanilla Hazelnut)"},"content":{"rendered":"<div class=\"chcg-product-description\">\n<h2 class=\"chcg-heading\">\u00dcber NOW \u2013 MCT Oil (473 ml, Vanilla Hazelnut)<\/h2>\n<div class=\"chcg-intro\">\n<p>NOW MCT Oil ist ein hochwertiges \u00d6l aus mittelkettigen Triglyceriden (MCT), gewonnen aus Kokos- und Palmkern\u00f6l. MCTs werden vom K\u00f6rper rasch aufgenommen und direkt zur Energiegewinnung genutzt, was sie zu einer beliebten Erg\u00e4nzung f\u00fcr eine aktive Lebensweise macht. Die angenehme Vanilla-Hazelnut-Geschmacksrichtung macht das \u00d6l besonders vielseitig in der t\u00e4glichen Anwendung.<\/p>\n<p>Im Vergleich zu langkettigen Fetts\u00e4uren werden MCTs im Verdauungstrakt effizienter verarbeitet und gelangen schneller in den Blutkreislauf. Das macht NOW MCT Oil zu einer praktischen Erg\u00e4nzung f\u00fcr Menschen, die ihren Energiestoffwechsel gezielt unterst\u00fctzen m\u00f6chten \u2013 sei es im Sport, im Alltag oder im Rahmen einer bewussten Ern\u00e4hrung.<\/p>\n<p>Das \u00d6l l\u00e4sst sich problemlos in Smoothies, Protein-Shakes oder Salatdressings einarbeiten und dient ausserdem als Ersatz f\u00fcr herk\u00f6mmliche \u00d6le in Saucen oder beim Kochen. NOW steht seit Jahrzehnten f\u00fcr transparente Qualit\u00e4t und zuverl\u00e4ssige Herstellung nach GMP-Standards.<\/p>\n<\/p><\/div>\n<div class=\"chcg-nutrition\">\n<h3>N\u00e4hrwertangaben<\/h3>\n<table class=\"chcg-nutrition-table\">\n<thead>\n<tr>\n<th>N\u00e4hrstoff<\/th>\n<th>Pro Portion (15 ml)<\/th>\n<\/tr>\n<\/thead>\n<tbody>\n<tr>\n<td>Kalorien<\/td>\n<td>130<\/td>\n<\/tr>\n<tr>\n<td>Gesamtfett<\/td>\n<td>14 g (18 % des Tagesbedarfs)<\/td>\n<\/tr>\n<tr>\n<td>\u2013 davon ges\u00e4ttigte Fetts\u00e4uren<\/td>\n<td>14 g (70 % des Tagesbedarfs)<\/td>\n<\/tr>\n<tr>\n<td>MCT Oil (Mittelkettige Triglyceride) (aus Kokos-\/Palmkern\u00f6l)<\/td>\n<td>14 g *<\/td>\n<\/tr>\n<\/tbody>\n<\/table>\n<p class=\"chcg-footnote\">* Kein etablierter Tagesbedarf festgelegt.<\/p>\n<p class=\"chcg-footnote\">** Die Prozentwerte des Tagesbedarfs basieren auf einer Ern\u00e4hrung mit 2&#8217;000 Kalorien pro Tag.<\/p>\n<p class=\"chcg-footnote\">Portionsgr\u00f6sse: 1 Essl\u00f6ffel (15 ml) | Portionen pro Beh\u00e4lter: ca. 32<\/p>\n<\/p><\/div>\n<div class=\"chcg-ingredients\">\n<h3>Zutaten<\/h3>\n<p>MCT Oil (Mittelkettige Triglyceride) (aus Kokos-\/Palmkern\u00f6l) 14 g. Weitere Zutaten: &lt;1 % Nat\u00fcrliches Vanille-Haselnuss-Aroma (haselnussfrei).<\/p>\n<\/p><\/div>\n<div class=\"chcg-dosage\">\n<h3>Verzehrempfehlung<\/h3>\n<p>Vor dem Gebrauch gut sch\u00fctteln. T\u00e4glich 1 Essl\u00f6ffel (15 ml) einnehmen. MCT Oil kann ausserdem als Ersatz f\u00fcr herk\u00f6mmliche \u00d6le in Salatdressings, Saucen oder beim Kochen verwendet werden. Aufgrund des niedrigen Rauchpunkts nicht zum Frittieren geeignet.<\/p>\n<\/p><\/div>\n<div class=\"chcg-warnings\">\n<h3>Warnhinweise<\/h3>\n<p>Achtung: Nur f\u00fcr Erwachsene. MCT Oil kann Magen-Darm-Beschwerden verursachen. Um diesen Effekt zu reduzieren, zusammen mit einer Mahlzeit einnehmen. Bei Schwangerschaft oder Stillzeit, bei der Einnahme von Medikamenten oder bei bestehenden gesundheitlichen Erkrankungen ist vor der Anwendung ein Arzt zu konsultieren. Ausserhalb der Reichweite von Kindern aufbewahren.<\/p>\n<\/p><\/div>\n<div class=\"chcg-allergens\">\n<h3>Allergeninformationen<\/h3>\n<p>Nicht hergestellt mit Hefe, Weizen, Gluten, Soja, Mais, Milch, Ei, Fisch, Schalentieren oder Sesam. Produziert in einer GMP-zertifizierten Anlage, die auch andere Zutaten verarbeitet, die diese Allergene enthalten k\u00f6nnen.<\/p>\n<\/p><\/div>\n<div class=\"chcg-storage\">\n<h3>Lagerung<\/h3>\n<p>An einem k\u00fchlen, trockenen und dunklen Ort im fest verschlossenen Originalbeh\u00e4lter aufbewahren. Nach dem \u00d6ffnen kann das Produkt im K\u00fchlschrank oder bei k\u00fchler Raumtemperatur gelagert werden.<\/p>\n<\/p><\/div>\n<div class=\"chcg-dietary\">\n<h3>Ern\u00e4hrungshinweise<\/h3>\n<ul>\n<li>Vegan<\/li>\n<li>Vegetarisch<\/li>\n<li>Glutenfrei<\/li>\n<li>Laktosefrei<\/li>\n<\/ul><\/div>\n<\/div>\n","protected":false},"excerpt":{"rendered":"<p>NOW MCT Oil liefert 14 g mittelkettige Triglyceride pro Portion zur Unterst\u00fctzung des Energiestoffwechsels. Das vegane \u00d6l mit Vanilla-Hazelnut-Aroma ist vielseitig einsetzbar \u2013 pur oder in Speisen. Inhalt: 473 ml (ca. 32 Portionen).<\/p>\n","protected":false},"featured_media":5576,"comment_status":"closed","ping_status":"open","template":"","meta":[],"product_brand":[464],"product_cat":[48,89,33,21],"product_tag":[],"class_list":{"0":"post-5575","1":"product","2":"type-product","3":"status-publish","4":"has-post-thumbnail","6":"product_brand-now","7":"product_cat-gesunde-ernaehrung","8":"product_cat-mct-oel","9":"product_cat-omega-fettsaeuren-essentielle-fettsaeuren-konjugierte-linolsaeure-oele","10":"product_cat-vitamine-und-mineralstoffe","12":"first","13":"outofstock","14":"taxable","15":"shipping-taxable","16":"purchasable","17":"product-type-simple"},"yoast_head":"<!-- This site is optimized with the Yoast SEO plugin v27.5 - https:\/\/yoast.com\/product\/yoast-seo-wordpress\/ -->\n<title>NOW MCT Oil Vanilla Hazelnut 473 ml | ecosupplements.ch<\/title>\n<meta name=\"description\" content=\"NOW MCT Oil mit 14 g MCTs pro Portion \u2013 vegan, glutenfrei, mit Vanilla-Hazelnut-Aroma. 473 ml Flasche f\u00fcr ca. 32 Portionen. Jetzt bestellen.\" \/>\n<meta name=\"robots\" content=\"index, follow, max-snippet:-1, max-image-preview:large, max-video-preview:-1\" \/>\n<link rel=\"canonical\" href=\"https:\/\/ecosupplements.ch\/?product=now-mct-oil-473-ml-vanilla-hazelnut\" \/>\n<meta property=\"og:locale\" content=\"de_DE\" \/>\n<meta property=\"og:type\" content=\"article\" \/>\n<meta property=\"og:title\" content=\"NOW MCT Oil Vanilla Hazelnut 473 ml | ecosupplements.ch\" \/>\n<meta property=\"og:description\" content=\"NOW MCT Oil mit 14 g MCTs pro Portion \u2013 vegan, glutenfrei, mit Vanilla-Hazelnut-Aroma. 473 ml Flasche f\u00fcr ca. 32 Portionen. Jetzt bestellen.\" \/>\n<meta property=\"og:url\" content=\"https:\/\/ecosupplements.ch\/?product=now-mct-oil-473-ml-vanilla-hazelnut\" \/>\n<meta property=\"og:site_name\" content=\"Eco Supplements\" \/>\n<meta property=\"article:modified_time\" content=\"2026-05-13T07:27:07+00:00\" \/>\n<meta property=\"og:image\" content=\"https:\/\/ecosupplements.ch\/wp-content\/uploads\/2026\/05\/NOW-MCT-Oil-473-ml-Vanilla-Hazelnut.webp\" \/>\n\t<meta property=\"og:image:width\" content=\"1000\" \/>\n\t<meta property=\"og:image:height\" content=\"1000\" \/>\n\t<meta property=\"og:image:type\" content=\"image\/jpeg\" \/>\n<meta name=\"twitter:card\" content=\"summary_large_image\" \/>\n<meta name=\"twitter:label1\" content=\"Price\" \/>\n\t<meta name=\"twitter:data1\" content=\"&#067;&#072;&#070;&nbsp;21.74\" \/>\n\t<meta name=\"twitter:label2\" content=\"Availability\" \/>\n\t<meta name=\"twitter:data2\" content=\"Out of stock\" \/>\n<script type=\"application\/ld+json\" class=\"yoast-schema-graph\">{\"@context\":\"https:\\\/\\\/schema.org\",\"@graph\":[{\"@type\":\"WebPage\",\"@id\":\"https:\\\/\\\/ecosupplements.ch\\\/?product=now-mct-oil-473-ml-vanilla-hazelnut\",\"url\":\"https:\\\/\\\/ecosupplements.ch\\\/?product=now-mct-oil-473-ml-vanilla-hazelnut\",\"name\":\"NOW MCT Oil Vanilla Hazelnut 473 ml | ecosupplements.ch\",\"isPartOf\":{\"@id\":\"https:\\\/\\\/ecosupplements.ch\\\/#website\"},\"primaryImageOfPage\":{\"@id\":\"https:\\\/\\\/ecosupplements.ch\\\/?product=now-mct-oil-473-ml-vanilla-hazelnut#primaryimage\"},\"image\":{\"@id\":\"https:\\\/\\\/ecosupplements.ch\\\/?product=now-mct-oil-473-ml-vanilla-hazelnut#primaryimage\"},\"thumbnailUrl\":\"https:\\\/\\\/ecosupplements.ch\\\/wp-content\\\/uploads\\\/2026\\\/05\\\/NOW-MCT-Oil-473-ml-Vanilla-Hazelnut.webp\",\"datePublished\":\"2026-05-11T15:07:50+00:00\",\"dateModified\":\"2026-05-13T07:27:07+00:00\",\"description\":\"NOW MCT Oil mit 14 g MCTs pro Portion \u2013 vegan, glutenfrei, mit Vanilla-Hazelnut-Aroma. 473 ml Flasche f\u00fcr ca. 32 Portionen. Jetzt bestellen.\",\"breadcrumb\":{\"@id\":\"https:\\\/\\\/ecosupplements.ch\\\/?product=now-mct-oil-473-ml-vanilla-hazelnut#breadcrumb\"},\"inLanguage\":\"de-CH\",\"potentialAction\":[{\"@type\":\"ReadAction\",\"target\":[\"https:\\\/\\\/ecosupplements.ch\\\/?product=now-mct-oil-473-ml-vanilla-hazelnut\"]}]},{\"@type\":\"ImageObject\",\"inLanguage\":\"de-CH\",\"@id\":\"https:\\\/\\\/ecosupplements.ch\\\/?product=now-mct-oil-473-ml-vanilla-hazelnut#primaryimage\",\"url\":\"https:\\\/\\\/ecosupplements.ch\\\/wp-content\\\/uploads\\\/2026\\\/05\\\/NOW-MCT-Oil-473-ml-Vanilla-Hazelnut.webp\",\"contentUrl\":\"https:\\\/\\\/ecosupplements.ch\\\/wp-content\\\/uploads\\\/2026\\\/05\\\/NOW-MCT-Oil-473-ml-Vanilla-Hazelnut.webp\",\"width\":1000,\"height\":1000,\"caption\":\"NOW MCT Oil (473 ml\"},{\"@type\":\"BreadcrumbList\",\"@id\":\"https:\\\/\\\/ecosupplements.ch\\\/?product=now-mct-oil-473-ml-vanilla-hazelnut#breadcrumb\",\"itemListElement\":[{\"@type\":\"ListItem\",\"position\":1,\"name\":\"Home\",\"item\":\"https:\\\/\\\/ecosupplements.ch\\\/\"},{\"@type\":\"ListItem\",\"position\":2,\"name\":\"Shop\",\"item\":\"https:\\\/\\\/ecosupplements.ch\\\/?page_id=14\"},{\"@type\":\"ListItem\",\"position\":3,\"name\":\"NOW MCT Oil (473 ml, Vanilla Hazelnut)\"}]},{\"@type\":\"WebSite\",\"@id\":\"https:\\\/\\\/ecosupplements.ch\\\/#website\",\"url\":\"https:\\\/\\\/ecosupplements.ch\\\/\",\"name\":\"Eco Supplements\",\"description\":\"\",\"potentialAction\":[{\"@type\":\"SearchAction\",\"target\":{\"@type\":\"EntryPoint\",\"urlTemplate\":\"https:\\\/\\\/ecosupplements.ch\\\/?s={search_term_string}\"},\"query-input\":{\"@type\":\"PropertyValueSpecification\",\"valueRequired\":true,\"valueName\":\"search_term_string\"}}],\"inLanguage\":\"de-CH\"}]}<\/script>\n<meta property=\"product:price:amount\" content=\"21.74\" \/>\n<meta property=\"product:price:currency\" content=\"CHF\" \/>\n<meta property=\"og:availability\" content=\"out of stock\" \/>\n<meta property=\"product:availability\" content=\"out of stock\" \/>\n<meta property=\"product:retailer_item_id\" content=\"733739022097\" \/>\n<meta property=\"product:condition\" content=\"new\" \/>\n<!-- \/ Yoast SEO plugin. -->","yoast_head_json":{"title":"NOW MCT Oil Vanilla Hazelnut 473 ml | ecosupplements.ch","description":"NOW MCT Oil mit 14 g MCTs pro Portion \u2013 vegan, glutenfrei, mit Vanilla-Hazelnut-Aroma. 473 ml Flasche f\u00fcr ca. 32 Portionen. Jetzt bestellen.","robots":{"index":"index","follow":"follow","max-snippet":"max-snippet:-1","max-image-preview":"max-image-preview:large","max-video-preview":"max-video-preview:-1"},"canonical":"https:\/\/ecosupplements.ch\/?product=now-mct-oil-473-ml-vanilla-hazelnut","og_locale":"de_DE","og_type":"article","og_title":"NOW MCT Oil Vanilla Hazelnut 473 ml | ecosupplements.ch","og_description":"NOW MCT Oil mit 14 g MCTs pro Portion \u2013 vegan, glutenfrei, mit Vanilla-Hazelnut-Aroma. 473 ml Flasche f\u00fcr ca. 32 Portionen. Jetzt bestellen.","og_url":"https:\/\/ecosupplements.ch\/?product=now-mct-oil-473-ml-vanilla-hazelnut","og_site_name":"Eco Supplements","article_modified_time":"2026-05-13T07:27:07+00:00","og_image":[{"width":1000,"height":1000,"url":"https:\/\/ecosupplements.ch\/wp-content\/uploads\/2026\/05\/NOW-MCT-Oil-473-ml-Vanilla-Hazelnut.webp","type":"image\/jpeg"}],"twitter_card":"summary_large_image","twitter_misc":{"Price":"&#67;&#72;&#70;&nbsp;21.74","Availability":"Out of stock"},"schema":{"@context":"https:\/\/schema.org","@graph":[{"@type":"WebPage","@id":"https:\/\/ecosupplements.ch\/?product=now-mct-oil-473-ml-vanilla-hazelnut","url":"https:\/\/ecosupplements.ch\/?product=now-mct-oil-473-ml-vanilla-hazelnut","name":"NOW MCT Oil Vanilla Hazelnut 473 ml | ecosupplements.ch","isPartOf":{"@id":"https:\/\/ecosupplements.ch\/#website"},"primaryImageOfPage":{"@id":"https:\/\/ecosupplements.ch\/?product=now-mct-oil-473-ml-vanilla-hazelnut#primaryimage"},"image":{"@id":"https:\/\/ecosupplements.ch\/?product=now-mct-oil-473-ml-vanilla-hazelnut#primaryimage"},"thumbnailUrl":"https:\/\/ecosupplements.ch\/wp-content\/uploads\/2026\/05\/NOW-MCT-Oil-473-ml-Vanilla-Hazelnut.webp","datePublished":"2026-05-11T15:07:50+00:00","dateModified":"2026-05-13T07:27:07+00:00","description":"NOW MCT Oil mit 14 g MCTs pro Portion \u2013 vegan, glutenfrei, mit Vanilla-Hazelnut-Aroma. 473 ml Flasche f\u00fcr ca. 32 Portionen. Jetzt bestellen.","breadcrumb":{"@id":"https:\/\/ecosupplements.ch\/?product=now-mct-oil-473-ml-vanilla-hazelnut#breadcrumb"},"inLanguage":"de-CH","potentialAction":[{"@type":"ReadAction","target":["https:\/\/ecosupplements.ch\/?product=now-mct-oil-473-ml-vanilla-hazelnut"]}]},{"@type":"ImageObject","inLanguage":"de-CH","@id":"https:\/\/ecosupplements.ch\/?product=now-mct-oil-473-ml-vanilla-hazelnut#primaryimage","url":"https:\/\/ecosupplements.ch\/wp-content\/uploads\/2026\/05\/NOW-MCT-Oil-473-ml-Vanilla-Hazelnut.webp","contentUrl":"https:\/\/ecosupplements.ch\/wp-content\/uploads\/2026\/05\/NOW-MCT-Oil-473-ml-Vanilla-Hazelnut.webp","width":1000,"height":1000,"caption":"NOW MCT Oil (473 ml"},{"@type":"BreadcrumbList","@id":"https:\/\/ecosupplements.ch\/?product=now-mct-oil-473-ml-vanilla-hazelnut#breadcrumb","itemListElement":[{"@type":"ListItem","position":1,"name":"Home","item":"https:\/\/ecosupplements.ch\/"},{"@type":"ListItem","position":2,"name":"Shop","item":"https:\/\/ecosupplements.ch\/?page_id=14"},{"@type":"ListItem","position":3,"name":"NOW MCT Oil (473 ml, Vanilla Hazelnut)"}]},{"@type":"WebSite","@id":"https:\/\/ecosupplements.ch\/#website","url":"https:\/\/ecosupplements.ch\/","name":"Eco Supplements","description":"","potentialAction":[{"@type":"SearchAction","target":{"@type":"EntryPoint","urlTemplate":"https:\/\/ecosupplements.ch\/?s={search_term_string}"},"query-input":{"@type":"PropertyValueSpecification","valueRequired":true,"valueName":"search_term_string"}}],"inLanguage":"de-CH"}]},"product_price_amount":"21.74","product_price_currency":"CHF","og_availability":"out of stock","product_availability":"out of stock","product_retailer_item_id":"733739022097","product_condition":"new"},"_links":{"self":[{"href":"https:\/\/ecosupplements.ch\/index.php?rest_route=\/wp\/v2\/product\/5575","targetHints":{"allow":["GET"]}}],"collection":[{"href":"https:\/\/ecosupplements.ch\/index.php?rest_route=\/wp\/v2\/product"}],"about":[{"href":"https:\/\/ecosupplements.ch\/index.php?rest_route=\/wp\/v2\/types\/product"}],"replies":[{"embeddable":true,"href":"https:\/\/ecosupplements.ch\/index.php?rest_route=%2Fwp%2Fv2%2Fcomments&post=5575"}],"wp:featuredmedia":[{"embeddable":true,"href":"https:\/\/ecosupplements.ch\/index.php?rest_route=\/wp\/v2\/media\/5576"}],"wp:attachment":[{"href":"https:\/\/ecosupplements.ch\/index.php?rest_route=%2Fwp%2Fv2%2Fmedia&parent=5575"}],"wp:term":[{"taxonomy":"product_brand","embeddable":true,"href":"https:\/\/ecosupplements.ch\/index.php?rest_route=%2Fwp%2Fv2%2Fproduct_brand&post=5575"},{"taxonomy":"product_cat","embeddable":true,"href":"https:\/\/ecosupplements.ch\/index.php?rest_route=%2Fwp%2Fv2%2Fproduct_cat&post=5575"},{"taxonomy":"product_tag","embeddable":true,"href":"https:\/\/ecosupplements.ch\/index.php?rest_route=%2Fwp%2Fv2%2Fproduct_tag&post=5575"}],"curies":[{"name":"wp","href":"https:\/\/api.w.org\/{rel}","templated":true}]}}