{"id":5581,"date":"2026-05-11T15:07:52","date_gmt":"2026-05-11T15:07:52","guid":{"rendered":"https:\/\/ecosupplements.ch\/?product=now-melatonin-10-mg-extra-strength-100-veg-capsules"},"modified":"2026-05-13T07:26:48","modified_gmt":"2026-05-13T07:26:48","slug":"now-melatonin-10-mg-extra-strength-100-veg-capsules","status":"publish","type":"product","link":"https:\/\/ecosupplements.ch\/?product=now-melatonin-10-mg-extra-strength-100-veg-capsules","title":{"rendered":"NOW Melatonin 10 mg Extra Strength (100 Veg Capsules)"},"content":{"rendered":"<div class=\"chcg-product-description\">\n<h2 class=\"chcg-heading\">\u00dcber NOW \u2013 NOW Melatonin 10 mg Extra Hochdosiert (100 Veg Kapseln)<\/h2>\n<div class=\"chcg-intro\">\n<p>Melatonin ist ein k\u00f6rpereigenes Hormon, das von der Zirbeldr\u00fcse produziert wird und eine zentrale Rolle bei der Regulierung des Schlaf-Wach-Rhythmus spielt. NOW Melatonin 10 mg Extra Hochdosiert bietet eine hohe Dosierung von 10 mg pro Kapsel und eignet sich f\u00fcr Personen, die eine gezielte Unterst\u00fctzung ihres nat\u00fcrlichen Schlafrhythmus suchen.<\/p>\n<p>Das Produkt wird von NOW Foods hergestellt \u2013 einer der renommiertesten Nahrungserg\u00e4nzungsmittelmarken weltweit, bekannt f\u00fcr ihre konsequente Qualit\u00e4tskontrolle und GMP-zertifizierte Produktion. Jede Kapsel ist vegan und enth\u00e4lt ausschliesslich pflanzliche Inhaltsstoffe.<\/p>\n<p>Mit 100 vegetarischen Kapseln pro Packung bietet dieses Produkt einen besonders guten Vorrat f\u00fcr den Alltag. Die praktische Kapselform erm\u00f6glicht eine einfache und pr\u00e4zise Einnahme kurz vor dem Schlafengehen.<\/p>\n<\/p><\/div>\n<div class=\"chcg-nutrition\">\n<h3>N\u00e4hrwertangaben<\/h3>\n<table class=\"chcg-nutrition-table\">\n<thead>\n<tr>\n<th>N\u00e4hrstoff<\/th>\n<th>Pro Portion (1 Veg Kapsel)<\/th>\n<\/tr>\n<\/thead>\n<tbody>\n<tr>\n<td>Melatonin<\/td>\n<td>10 mg **<\/td>\n<\/tr>\n<\/tbody>\n<\/table>\n<p class=\"chcg-footnote\">** Kein festgelegter Tagesbedarf (Nutrient Reference Value) vorhanden.<\/p>\n<\/p><\/div>\n<div class=\"chcg-ingredients\">\n<h3>Zutaten<\/h3>\n<p>Mikrokristalline Cellulose, Hypromellose (Cellulose-Kapsel) und Stearins\u00e4ure (pflanzliche Quelle).<\/p>\n<p class=\"chcg-capsule-shell\">Kapselh\u00fclle: Hypromellose (Cellulose-Kapsel)<\/p>\n<\/p><\/div>\n<div class=\"chcg-dosage\">\n<h3>Verzehrempfehlung<\/h3>\n<p>1 Kapsel kurz vor dem Schlafengehen mit Wasser einnehmen.<\/p>\n<\/p><\/div>\n<div class=\"chcg-warnings\">\n<h3>Warnhinweise<\/h3>\n<p>Nur f\u00fcr Erwachsene, kurz vor dem Schlafengehen einzunehmen. Nicht geeignet f\u00fcr Schwangere oder stillende Frauen. Kann Schl\u00e4frigkeit verursachen. Nicht zusammen mit alkoholischen Getr\u00e4nken verwenden, nicht beim F\u00fchren eines Fahrzeugs oder beim Bedienen von Maschinen einnehmen. Bei Einnahme von Medikamenten (insbesondere Sedativa und Antidepressiva) oder bei bestehenden medizinischen Erkrankungen (einschliesslich Depressionen, Bluthochdruck und Epilepsie) ist vor der Einnahme ein Arzt zu konsultieren. Ausserhalb der Reichweite von Kindern aufbewahren.<\/p>\n<\/p><\/div>\n<div class=\"chcg-allergens\">\n<h3>Allergeninformationen<\/h3>\n<p>Nicht hergestellt mit Weizen, Gluten, Soja, Mais, Milch, Ei, Fisch, Schalentieren, Baumn\u00fcssen oder Sesam als Zutaten. Produziert in einer GMP-zertifizierten Anlage, in der auch andere Zutaten verarbeitet werden, die diese Allergene enthalten k\u00f6nnen.<\/p>\n<\/p><\/div>\n<div class=\"chcg-storage\">\n<h3>Lagerung<\/h3>\n<p>Nach dem \u00d6ffnen an einem k\u00fchlen, trockenen Ort aufbewahren.<\/p>\n<\/p><\/div>\n<div class=\"chcg-dietary\">\n<h3>Ern\u00e4hrungshinweise<\/h3>\n<ul>\n<li>Vegan<\/li>\n<li>Vegetarisch<\/li>\n<li>Glutenfrei<\/li>\n<li>Laktosefrei<\/li>\n<\/ul><\/div>\n<\/div>\n","protected":false},"excerpt":{"rendered":"<p>NOW Melatonin 10 mg Extra Hochdosiert unterst\u00fctzt den nat\u00fcrlichen Schlaf-Wach-Rhythmus. Erh\u00e4ltlich als vegane Kapseln \u2013 100 St\u00fcck pro Packung. Ideal zur Einnahme kurz vor dem Schlafengehen.<\/p>\n","protected":false},"featured_media":5582,"comment_status":"closed","ping_status":"open","template":"","meta":[],"product_brand":[464],"product_cat":[83],"product_tag":[],"class_list":{"0":"post-5581","1":"product","2":"type-product","3":"status-publish","4":"has-post-thumbnail","6":"product_brand-now","7":"product_cat-schlafunterstuetzung","9":"first","10":"outofstock","11":"sale","12":"taxable","13":"shipping-taxable","14":"purchasable","15":"product-type-simple"},"yoast_head":"<!-- This site is optimized with the Yoast SEO plugin v27.5 - https:\/\/yoast.com\/product\/yoast-seo-wordpress\/ -->\n<title>NOW Melatonin 10 mg Extra Hochdosiert \u2013 100 Kapseln | ecosupplements.ch<\/title>\n<meta name=\"description\" content=\"NOW Melatonin 10 mg in veganen Kapseln zur Unterst\u00fctzung des nat\u00fcrlichen Schlafrhythmus \u2013 100 Kapseln pro Packung. Jetzt bestellen.\" \/>\n<meta name=\"robots\" content=\"index, follow, max-snippet:-1, max-image-preview:large, max-video-preview:-1\" \/>\n<link rel=\"canonical\" href=\"https:\/\/ecosupplements.ch\/?product=now-melatonin-10-mg-extra-strength-100-veg-capsules\" \/>\n<meta property=\"og:locale\" content=\"de_DE\" \/>\n<meta property=\"og:type\" content=\"article\" \/>\n<meta property=\"og:title\" content=\"NOW Melatonin 10 mg Extra Hochdosiert \u2013 100 Kapseln | ecosupplements.ch\" \/>\n<meta property=\"og:description\" content=\"NOW Melatonin 10 mg in veganen Kapseln zur Unterst\u00fctzung des nat\u00fcrlichen Schlafrhythmus \u2013 100 Kapseln pro Packung. Jetzt bestellen.\" \/>\n<meta property=\"og:url\" content=\"https:\/\/ecosupplements.ch\/?product=now-melatonin-10-mg-extra-strength-100-veg-capsules\" \/>\n<meta property=\"og:site_name\" content=\"Eco Supplements\" \/>\n<meta property=\"article:modified_time\" content=\"2026-05-13T07:26:48+00:00\" \/>\n<meta property=\"og:image\" content=\"https:\/\/ecosupplements.ch\/wp-content\/uploads\/2026\/05\/NOW-Melatonin-10-mg-Extra-Strength-100-Veg-Capsules.webp\" \/>\n\t<meta property=\"og:image:width\" content=\"1000\" \/>\n\t<meta property=\"og:image:height\" content=\"1000\" \/>\n\t<meta property=\"og:image:type\" content=\"image\/jpeg\" \/>\n<meta name=\"twitter:card\" content=\"summary_large_image\" \/>\n<meta name=\"twitter:label1\" content=\"Price\" \/>\n\t<meta name=\"twitter:data1\" content=\"&#067;&#072;&#070;&nbsp;26.35\" \/>\n\t<meta name=\"twitter:label2\" content=\"Availability\" \/>\n\t<meta name=\"twitter:data2\" content=\"Out of stock\" \/>\n<script type=\"application\/ld+json\" class=\"yoast-schema-graph\">{\"@context\":\"https:\\\/\\\/schema.org\",\"@graph\":[{\"@type\":\"WebPage\",\"@id\":\"https:\\\/\\\/ecosupplements.ch\\\/?product=now-melatonin-10-mg-extra-strength-100-veg-capsules\",\"url\":\"https:\\\/\\\/ecosupplements.ch\\\/?product=now-melatonin-10-mg-extra-strength-100-veg-capsules\",\"name\":\"NOW Melatonin 10 mg Extra Hochdosiert \u2013 100 Kapseln | ecosupplements.ch\",\"isPartOf\":{\"@id\":\"https:\\\/\\\/ecosupplements.ch\\\/#website\"},\"primaryImageOfPage\":{\"@id\":\"https:\\\/\\\/ecosupplements.ch\\\/?product=now-melatonin-10-mg-extra-strength-100-veg-capsules#primaryimage\"},\"image\":{\"@id\":\"https:\\\/\\\/ecosupplements.ch\\\/?product=now-melatonin-10-mg-extra-strength-100-veg-capsules#primaryimage\"},\"thumbnailUrl\":\"https:\\\/\\\/ecosupplements.ch\\\/wp-content\\\/uploads\\\/2026\\\/05\\\/NOW-Melatonin-10-mg-Extra-Strength-100-Veg-Capsules.webp\",\"datePublished\":\"2026-05-11T15:07:52+00:00\",\"dateModified\":\"2026-05-13T07:26:48+00:00\",\"description\":\"NOW Melatonin 10 mg in veganen Kapseln zur Unterst\u00fctzung des nat\u00fcrlichen Schlafrhythmus \u2013 100 Kapseln pro Packung. Jetzt bestellen.\",\"breadcrumb\":{\"@id\":\"https:\\\/\\\/ecosupplements.ch\\\/?product=now-melatonin-10-mg-extra-strength-100-veg-capsules#breadcrumb\"},\"inLanguage\":\"de-CH\",\"potentialAction\":[{\"@type\":\"ReadAction\",\"target\":[\"https:\\\/\\\/ecosupplements.ch\\\/?product=now-melatonin-10-mg-extra-strength-100-veg-capsules\"]}]},{\"@type\":\"ImageObject\",\"inLanguage\":\"de-CH\",\"@id\":\"https:\\\/\\\/ecosupplements.ch\\\/?product=now-melatonin-10-mg-extra-strength-100-veg-capsules#primaryimage\",\"url\":\"https:\\\/\\\/ecosupplements.ch\\\/wp-content\\\/uploads\\\/2026\\\/05\\\/NOW-Melatonin-10-mg-Extra-Strength-100-Veg-Capsules.webp\",\"contentUrl\":\"https:\\\/\\\/ecosupplements.ch\\\/wp-content\\\/uploads\\\/2026\\\/05\\\/NOW-Melatonin-10-mg-Extra-Strength-100-Veg-Capsules.webp\",\"width\":1000,\"height\":1000,\"caption\":\"NOW Melatonin 10 mg Extra Strength (100 Veg Capsules)\"},{\"@type\":\"BreadcrumbList\",\"@id\":\"https:\\\/\\\/ecosupplements.ch\\\/?product=now-melatonin-10-mg-extra-strength-100-veg-capsules#breadcrumb\",\"itemListElement\":[{\"@type\":\"ListItem\",\"position\":1,\"name\":\"Home\",\"item\":\"https:\\\/\\\/ecosupplements.ch\\\/\"},{\"@type\":\"ListItem\",\"position\":2,\"name\":\"Shop\",\"item\":\"https:\\\/\\\/ecosupplements.ch\\\/?page_id=14\"},{\"@type\":\"ListItem\",\"position\":3,\"name\":\"NOW Melatonin 10 mg Extra Strength (100 Veg Capsules)\"}]},{\"@type\":\"WebSite\",\"@id\":\"https:\\\/\\\/ecosupplements.ch\\\/#website\",\"url\":\"https:\\\/\\\/ecosupplements.ch\\\/\",\"name\":\"Eco Supplements\",\"description\":\"\",\"potentialAction\":[{\"@type\":\"SearchAction\",\"target\":{\"@type\":\"EntryPoint\",\"urlTemplate\":\"https:\\\/\\\/ecosupplements.ch\\\/?s={search_term_string}\"},\"query-input\":{\"@type\":\"PropertyValueSpecification\",\"valueRequired\":true,\"valueName\":\"search_term_string\"}}],\"inLanguage\":\"de-CH\"}]}<\/script>\n<meta property=\"product:price:amount\" content=\"26.35\" \/>\n<meta property=\"product:price:currency\" content=\"CHF\" \/>\n<meta property=\"og:availability\" content=\"out of stock\" \/>\n<meta property=\"product:availability\" content=\"out of stock\" \/>\n<meta property=\"product:retailer_item_id\" content=\"733739035578\" \/>\n<meta property=\"product:condition\" content=\"new\" \/>\n<!-- \/ Yoast SEO plugin. -->","yoast_head_json":{"title":"NOW Melatonin 10 mg Extra Hochdosiert \u2013 100 Kapseln | ecosupplements.ch","description":"NOW Melatonin 10 mg in veganen Kapseln zur Unterst\u00fctzung des nat\u00fcrlichen Schlafrhythmus \u2013 100 Kapseln pro Packung. Jetzt bestellen.","robots":{"index":"index","follow":"follow","max-snippet":"max-snippet:-1","max-image-preview":"max-image-preview:large","max-video-preview":"max-video-preview:-1"},"canonical":"https:\/\/ecosupplements.ch\/?product=now-melatonin-10-mg-extra-strength-100-veg-capsules","og_locale":"de_DE","og_type":"article","og_title":"NOW Melatonin 10 mg Extra Hochdosiert \u2013 100 Kapseln | ecosupplements.ch","og_description":"NOW Melatonin 10 mg in veganen Kapseln zur Unterst\u00fctzung des nat\u00fcrlichen Schlafrhythmus \u2013 100 Kapseln pro Packung. Jetzt bestellen.","og_url":"https:\/\/ecosupplements.ch\/?product=now-melatonin-10-mg-extra-strength-100-veg-capsules","og_site_name":"Eco Supplements","article_modified_time":"2026-05-13T07:26:48+00:00","og_image":[{"width":1000,"height":1000,"url":"https:\/\/ecosupplements.ch\/wp-content\/uploads\/2026\/05\/NOW-Melatonin-10-mg-Extra-Strength-100-Veg-Capsules.webp","type":"image\/jpeg"}],"twitter_card":"summary_large_image","twitter_misc":{"Price":"&#67;&#72;&#70;&nbsp;26.35","Availability":"Out of stock"},"schema":{"@context":"https:\/\/schema.org","@graph":[{"@type":"WebPage","@id":"https:\/\/ecosupplements.ch\/?product=now-melatonin-10-mg-extra-strength-100-veg-capsules","url":"https:\/\/ecosupplements.ch\/?product=now-melatonin-10-mg-extra-strength-100-veg-capsules","name":"NOW Melatonin 10 mg Extra Hochdosiert \u2013 100 Kapseln | ecosupplements.ch","isPartOf":{"@id":"https:\/\/ecosupplements.ch\/#website"},"primaryImageOfPage":{"@id":"https:\/\/ecosupplements.ch\/?product=now-melatonin-10-mg-extra-strength-100-veg-capsules#primaryimage"},"image":{"@id":"https:\/\/ecosupplements.ch\/?product=now-melatonin-10-mg-extra-strength-100-veg-capsules#primaryimage"},"thumbnailUrl":"https:\/\/ecosupplements.ch\/wp-content\/uploads\/2026\/05\/NOW-Melatonin-10-mg-Extra-Strength-100-Veg-Capsules.webp","datePublished":"2026-05-11T15:07:52+00:00","dateModified":"2026-05-13T07:26:48+00:00","description":"NOW Melatonin 10 mg in veganen Kapseln zur Unterst\u00fctzung des nat\u00fcrlichen Schlafrhythmus \u2013 100 Kapseln pro Packung. Jetzt bestellen.","breadcrumb":{"@id":"https:\/\/ecosupplements.ch\/?product=now-melatonin-10-mg-extra-strength-100-veg-capsules#breadcrumb"},"inLanguage":"de-CH","potentialAction":[{"@type":"ReadAction","target":["https:\/\/ecosupplements.ch\/?product=now-melatonin-10-mg-extra-strength-100-veg-capsules"]}]},{"@type":"ImageObject","inLanguage":"de-CH","@id":"https:\/\/ecosupplements.ch\/?product=now-melatonin-10-mg-extra-strength-100-veg-capsules#primaryimage","url":"https:\/\/ecosupplements.ch\/wp-content\/uploads\/2026\/05\/NOW-Melatonin-10-mg-Extra-Strength-100-Veg-Capsules.webp","contentUrl":"https:\/\/ecosupplements.ch\/wp-content\/uploads\/2026\/05\/NOW-Melatonin-10-mg-Extra-Strength-100-Veg-Capsules.webp","width":1000,"height":1000,"caption":"NOW Melatonin 10 mg Extra Strength (100 Veg Capsules)"},{"@type":"BreadcrumbList","@id":"https:\/\/ecosupplements.ch\/?product=now-melatonin-10-mg-extra-strength-100-veg-capsules#breadcrumb","itemListElement":[{"@type":"ListItem","position":1,"name":"Home","item":"https:\/\/ecosupplements.ch\/"},{"@type":"ListItem","position":2,"name":"Shop","item":"https:\/\/ecosupplements.ch\/?page_id=14"},{"@type":"ListItem","position":3,"name":"NOW Melatonin 10 mg Extra Strength (100 Veg Capsules)"}]},{"@type":"WebSite","@id":"https:\/\/ecosupplements.ch\/#website","url":"https:\/\/ecosupplements.ch\/","name":"Eco Supplements","description":"","potentialAction":[{"@type":"SearchAction","target":{"@type":"EntryPoint","urlTemplate":"https:\/\/ecosupplements.ch\/?s={search_term_string}"},"query-input":{"@type":"PropertyValueSpecification","valueRequired":true,"valueName":"search_term_string"}}],"inLanguage":"de-CH"}]},"product_price_amount":"26.35","product_price_currency":"CHF","og_availability":"out of stock","product_availability":"out of stock","product_retailer_item_id":"733739035578","product_condition":"new"},"_links":{"self":[{"href":"https:\/\/ecosupplements.ch\/index.php?rest_route=\/wp\/v2\/product\/5581","targetHints":{"allow":["GET"]}}],"collection":[{"href":"https:\/\/ecosupplements.ch\/index.php?rest_route=\/wp\/v2\/product"}],"about":[{"href":"https:\/\/ecosupplements.ch\/index.php?rest_route=\/wp\/v2\/types\/product"}],"replies":[{"embeddable":true,"href":"https:\/\/ecosupplements.ch\/index.php?rest_route=%2Fwp%2Fv2%2Fcomments&post=5581"}],"wp:featuredmedia":[{"embeddable":true,"href":"https:\/\/ecosupplements.ch\/index.php?rest_route=\/wp\/v2\/media\/5582"}],"wp:attachment":[{"href":"https:\/\/ecosupplements.ch\/index.php?rest_route=%2Fwp%2Fv2%2Fmedia&parent=5581"}],"wp:term":[{"taxonomy":"product_brand","embeddable":true,"href":"https:\/\/ecosupplements.ch\/index.php?rest_route=%2Fwp%2Fv2%2Fproduct_brand&post=5581"},{"taxonomy":"product_cat","embeddable":true,"href":"https:\/\/ecosupplements.ch\/index.php?rest_route=%2Fwp%2Fv2%2Fproduct_cat&post=5581"},{"taxonomy":"product_tag","embeddable":true,"href":"https:\/\/ecosupplements.ch\/index.php?rest_route=%2Fwp%2Fv2%2Fproduct_tag&post=5581"}],"curies":[{"name":"wp","href":"https:\/\/api.w.org\/{rel}","templated":true}]}}