{"id":5587,"date":"2026-05-11T15:07:55","date_gmt":"2026-05-11T15:07:55","guid":{"rendered":"https:\/\/ecosupplements.ch\/?product=now-melatonin-5-mg-60-veg-capsules"},"modified":"2026-05-13T07:27:01","modified_gmt":"2026-05-13T07:27:01","slug":"now-melatonin-5-mg-60-veg-capsules","status":"publish","type":"product","link":"https:\/\/ecosupplements.ch\/?product=now-melatonin-5-mg-60-veg-capsules","title":{"rendered":"NOW Melatonin 5 mg (60 Veg Capsules)"},"content":{"rendered":"<div class=\"chcg-product-description\">\n<h2 class=\"chcg-heading\">\u00dcber NOW \u2013 NOW Melatonin 5 mg (60 Veg Kapseln)<\/h2>\n<div class=\"chcg-intro\">\n<p>Melatonin ist ein k\u00f6rpereigenes Hormon, das in der Zirbeldr\u00fcse produziert wird und eine zentrale Rolle bei der Regulierung des Schlaf-Wach-Rhythmus spielt. NOW Melatonin 5 mg liefert pro Kapsel eine klar definierte Menge dieses Wirkstoffs in einer einfach einzunehmenden pflanzlichen Kapsel \u2013 ohne unn\u00f6tige Zusatzstoffe.<\/p>\n<p>Das Produkt eignet sich f\u00fcr Erwachsene, die ihren nat\u00fcrlichen Schlafrhythmus unterst\u00fctzen m\u00f6chten \u2013 beispielsweise bei Jetlag oder unregelm\u00e4ssigen Schlafzeiten. Die vegane Kapsel aus Hypromellose ist frei von tierischen Bestandteilen und damit f\u00fcr eine pflanzliche Ern\u00e4hrung geeignet.<\/p>\n<p>NOW ist ein renommierter amerikanischer Supplement-Hersteller, der seit \u00fcber 50 Jahren auf h\u00f6chste Qualit\u00e4tsstandards setzt. Die Produktion erfolgt in einer GMP-zertifizierten Anlage, die strenge Qualit\u00e4tskontrollen gew\u00e4hrleistet.<\/p>\n<\/p><\/div>\n<div class=\"chcg-nutrition\">\n<h3>N\u00e4hrwertangaben<\/h3>\n<table class=\"chcg-nutrition-table\">\n<thead>\n<tr>\n<th>N\u00e4hrstoff<\/th>\n<th>Pro Portion (1 Veg Kapsel)<\/th>\n<\/tr>\n<\/thead>\n<tbody>\n<tr>\n<td>Melatonin<\/td>\n<td>5 mg *<\/td>\n<\/tr>\n<\/tbody>\n<\/table>\n<p class=\"chcg-footnote\">* Kein festgelegter Tagesbedarf (Referenzwert nicht etabliert).<\/p>\n<\/p><\/div>\n<div class=\"chcg-ingredients\">\n<h3>Zutaten<\/h3>\n<p>Mikrokristalline Cellulose, Hypromellose (Cellulose-Kapsel) und Ascorbylpalmitat.<\/p>\n<p class=\"chcg-capsule-shell\">Kapselh\u00fclle: Hypromellose (Cellulose-Kapsel)<\/p>\n<\/p><\/div>\n<div class=\"chcg-dosage\">\n<h3>Verzehrempfehlung<\/h3>\n<p>1 Kapsel kurz vor dem Schlafengehen mit Wasser einnehmen.<\/p>\n<\/p><\/div>\n<div class=\"chcg-warnings\">\n<h3>Warnhinweise<\/h3>\n<p>Nur f\u00fcr Erwachsene, zur Einnahme vor dem Schlafengehen. Nicht geeignet f\u00fcr schwangere oder stillende Frauen. Kann Schl\u00e4frigkeit verursachen. Nicht zusammen mit alkoholischen Getr\u00e4nken einnehmen und nicht beim F\u00fchren eines Fahrzeugs oder beim Bedienen von Maschinen verwenden. Bei Einnahme von Medikamenten (insbesondere Schlafmitteln und Antidepressiva) oder bei bestehenden Erkrankungen (einschliesslich Depressionen, Bluthochdruck und Epilepsie) ist vor der Einnahme ein Arzt zu konsultieren. Ausserhalb der Reichweite von Kindern aufbewahren.<\/p>\n<\/p><\/div>\n<div class=\"chcg-allergens\">\n<h3>Allergeninformationen<\/h3>\n<p>Nicht hergestellt mit Weizen, Gluten, Soja, Milch, Ei, Fisch, Schalentieren, Baumn\u00fcssen oder Sesam. Produziert in einer GMP-Anlage, die andere Zutaten verarbeitet, welche diese Allergene enthalten k\u00f6nnen.<\/p>\n<\/p><\/div>\n<div class=\"chcg-storage\">\n<h3>Lagerung<\/h3>\n<p>Nach dem \u00d6ffnen an einem k\u00fchlen, trockenen Ort aufbewahren.<\/p>\n<\/p><\/div>\n<div class=\"chcg-dietary\">\n<h3>Ern\u00e4hrungshinweise<\/h3>\n<ul>\n<li>Vegan<\/li>\n<li>Vegetarisch<\/li>\n<li>Glutenfrei<\/li>\n<li>Laktosefrei<\/li>\n<\/ul><\/div>\n<\/div>\n","protected":false},"excerpt":{"rendered":"<p>NOW Melatonin 5 mg unterst\u00fctzt einen gesunden Schlaf-Wach-Rhythmus. Erh\u00e4ltlich in 60 veganen Kapseln, glutenfrei und ohne tierische Inhaltsstoffe. Einfache Einnahme kurz vor dem Schlafengehen.<\/p>\n","protected":false},"featured_media":5588,"comment_status":"closed","ping_status":"open","template":"","meta":[],"product_brand":[464],"product_cat":[83],"product_tag":[],"class_list":{"0":"post-5587","1":"product","2":"type-product","3":"status-publish","4":"has-post-thumbnail","6":"product_brand-now","7":"product_cat-schlafunterstuetzung","9":"first","10":"outofstock","11":"sale","12":"taxable","13":"shipping-taxable","14":"purchasable","15":"product-type-simple"},"yoast_head":"<!-- This site is optimized with the Yoast SEO plugin v27.5 - https:\/\/yoast.com\/product\/yoast-seo-wordpress\/ -->\n<title>NOW Melatonin 5 mg \u2013 60 Veg Kapseln | ecosupplements.ch<\/title>\n<meta name=\"description\" content=\"NOW Melatonin 5 mg in 60 veganen Kapseln zur Unterst\u00fctzung des nat\u00fcrlichen Schlaf-Wach-Rhythmus \u2013 glutenfrei und ohne Zusatzstoffe. Jetzt bestellen.\" \/>\n<meta name=\"robots\" content=\"index, follow, max-snippet:-1, max-image-preview:large, max-video-preview:-1\" \/>\n<link rel=\"canonical\" href=\"https:\/\/ecosupplements.ch\/?product=now-melatonin-5-mg-60-veg-capsules\" \/>\n<meta property=\"og:locale\" content=\"de_DE\" \/>\n<meta property=\"og:type\" content=\"article\" \/>\n<meta property=\"og:title\" content=\"NOW Melatonin 5 mg \u2013 60 Veg Kapseln | ecosupplements.ch\" \/>\n<meta property=\"og:description\" content=\"NOW Melatonin 5 mg in 60 veganen Kapseln zur Unterst\u00fctzung des nat\u00fcrlichen Schlaf-Wach-Rhythmus \u2013 glutenfrei und ohne Zusatzstoffe. Jetzt bestellen.\" \/>\n<meta property=\"og:url\" content=\"https:\/\/ecosupplements.ch\/?product=now-melatonin-5-mg-60-veg-capsules\" \/>\n<meta property=\"og:site_name\" content=\"Eco Supplements\" \/>\n<meta property=\"article:modified_time\" content=\"2026-05-13T07:27:01+00:00\" \/>\n<meta property=\"og:image\" content=\"https:\/\/ecosupplements.ch\/wp-content\/uploads\/2026\/05\/NOW-Melatonin-5-mg-60-Veg-Capsules.webp\" \/>\n\t<meta property=\"og:image:width\" content=\"1000\" \/>\n\t<meta property=\"og:image:height\" content=\"1000\" \/>\n\t<meta property=\"og:image:type\" content=\"image\/jpeg\" \/>\n<meta name=\"twitter:card\" content=\"summary_large_image\" \/>\n<meta name=\"twitter:label1\" content=\"Price\" \/>\n\t<meta name=\"twitter:data1\" content=\"&#067;&#072;&#070;&nbsp;9.11\" \/>\n\t<meta name=\"twitter:label2\" content=\"Availability\" \/>\n\t<meta name=\"twitter:data2\" content=\"Out of stock\" \/>\n<script type=\"application\/ld+json\" class=\"yoast-schema-graph\">{\"@context\":\"https:\\\/\\\/schema.org\",\"@graph\":[{\"@type\":\"WebPage\",\"@id\":\"https:\\\/\\\/ecosupplements.ch\\\/?product=now-melatonin-5-mg-60-veg-capsules\",\"url\":\"https:\\\/\\\/ecosupplements.ch\\\/?product=now-melatonin-5-mg-60-veg-capsules\",\"name\":\"NOW Melatonin 5 mg \u2013 60 Veg Kapseln | ecosupplements.ch\",\"isPartOf\":{\"@id\":\"https:\\\/\\\/ecosupplements.ch\\\/#website\"},\"primaryImageOfPage\":{\"@id\":\"https:\\\/\\\/ecosupplements.ch\\\/?product=now-melatonin-5-mg-60-veg-capsules#primaryimage\"},\"image\":{\"@id\":\"https:\\\/\\\/ecosupplements.ch\\\/?product=now-melatonin-5-mg-60-veg-capsules#primaryimage\"},\"thumbnailUrl\":\"https:\\\/\\\/ecosupplements.ch\\\/wp-content\\\/uploads\\\/2026\\\/05\\\/NOW-Melatonin-5-mg-60-Veg-Capsules.webp\",\"datePublished\":\"2026-05-11T15:07:55+00:00\",\"dateModified\":\"2026-05-13T07:27:01+00:00\",\"description\":\"NOW Melatonin 5 mg in 60 veganen Kapseln zur Unterst\u00fctzung des nat\u00fcrlichen Schlaf-Wach-Rhythmus \u2013 glutenfrei und ohne Zusatzstoffe. Jetzt bestellen.\",\"breadcrumb\":{\"@id\":\"https:\\\/\\\/ecosupplements.ch\\\/?product=now-melatonin-5-mg-60-veg-capsules#breadcrumb\"},\"inLanguage\":\"de-CH\",\"potentialAction\":[{\"@type\":\"ReadAction\",\"target\":[\"https:\\\/\\\/ecosupplements.ch\\\/?product=now-melatonin-5-mg-60-veg-capsules\"]}]},{\"@type\":\"ImageObject\",\"inLanguage\":\"de-CH\",\"@id\":\"https:\\\/\\\/ecosupplements.ch\\\/?product=now-melatonin-5-mg-60-veg-capsules#primaryimage\",\"url\":\"https:\\\/\\\/ecosupplements.ch\\\/wp-content\\\/uploads\\\/2026\\\/05\\\/NOW-Melatonin-5-mg-60-Veg-Capsules.webp\",\"contentUrl\":\"https:\\\/\\\/ecosupplements.ch\\\/wp-content\\\/uploads\\\/2026\\\/05\\\/NOW-Melatonin-5-mg-60-Veg-Capsules.webp\",\"width\":1000,\"height\":1000,\"caption\":\"NOW Melatonin 5 mg (60 Veg Capsules)\"},{\"@type\":\"BreadcrumbList\",\"@id\":\"https:\\\/\\\/ecosupplements.ch\\\/?product=now-melatonin-5-mg-60-veg-capsules#breadcrumb\",\"itemListElement\":[{\"@type\":\"ListItem\",\"position\":1,\"name\":\"Home\",\"item\":\"https:\\\/\\\/ecosupplements.ch\\\/\"},{\"@type\":\"ListItem\",\"position\":2,\"name\":\"Shop\",\"item\":\"https:\\\/\\\/ecosupplements.ch\\\/?page_id=14\"},{\"@type\":\"ListItem\",\"position\":3,\"name\":\"NOW Melatonin 5 mg (60 Veg Capsules)\"}]},{\"@type\":\"WebSite\",\"@id\":\"https:\\\/\\\/ecosupplements.ch\\\/#website\",\"url\":\"https:\\\/\\\/ecosupplements.ch\\\/\",\"name\":\"Eco Supplements\",\"description\":\"\",\"potentialAction\":[{\"@type\":\"SearchAction\",\"target\":{\"@type\":\"EntryPoint\",\"urlTemplate\":\"https:\\\/\\\/ecosupplements.ch\\\/?s={search_term_string}\"},\"query-input\":{\"@type\":\"PropertyValueSpecification\",\"valueRequired\":true,\"valueName\":\"search_term_string\"}}],\"inLanguage\":\"de-CH\"}]}<\/script>\n<meta property=\"product:price:amount\" content=\"9.11\" \/>\n<meta property=\"product:price:currency\" content=\"CHF\" \/>\n<meta property=\"og:availability\" content=\"out of stock\" \/>\n<meta property=\"product:availability\" content=\"out of stock\" \/>\n<meta property=\"product:retailer_item_id\" content=\"733739035554\" \/>\n<meta property=\"product:condition\" content=\"new\" \/>\n<!-- \/ Yoast SEO plugin. -->","yoast_head_json":{"title":"NOW Melatonin 5 mg \u2013 60 Veg Kapseln | ecosupplements.ch","description":"NOW Melatonin 5 mg in 60 veganen Kapseln zur Unterst\u00fctzung des nat\u00fcrlichen Schlaf-Wach-Rhythmus \u2013 glutenfrei und ohne Zusatzstoffe. Jetzt bestellen.","robots":{"index":"index","follow":"follow","max-snippet":"max-snippet:-1","max-image-preview":"max-image-preview:large","max-video-preview":"max-video-preview:-1"},"canonical":"https:\/\/ecosupplements.ch\/?product=now-melatonin-5-mg-60-veg-capsules","og_locale":"de_DE","og_type":"article","og_title":"NOW Melatonin 5 mg \u2013 60 Veg Kapseln | ecosupplements.ch","og_description":"NOW Melatonin 5 mg in 60 veganen Kapseln zur Unterst\u00fctzung des nat\u00fcrlichen Schlaf-Wach-Rhythmus \u2013 glutenfrei und ohne Zusatzstoffe. Jetzt bestellen.","og_url":"https:\/\/ecosupplements.ch\/?product=now-melatonin-5-mg-60-veg-capsules","og_site_name":"Eco Supplements","article_modified_time":"2026-05-13T07:27:01+00:00","og_image":[{"width":1000,"height":1000,"url":"https:\/\/ecosupplements.ch\/wp-content\/uploads\/2026\/05\/NOW-Melatonin-5-mg-60-Veg-Capsules.webp","type":"image\/jpeg"}],"twitter_card":"summary_large_image","twitter_misc":{"Price":"&#67;&#72;&#70;&nbsp;9.11","Availability":"Out of stock"},"schema":{"@context":"https:\/\/schema.org","@graph":[{"@type":"WebPage","@id":"https:\/\/ecosupplements.ch\/?product=now-melatonin-5-mg-60-veg-capsules","url":"https:\/\/ecosupplements.ch\/?product=now-melatonin-5-mg-60-veg-capsules","name":"NOW Melatonin 5 mg \u2013 60 Veg Kapseln | ecosupplements.ch","isPartOf":{"@id":"https:\/\/ecosupplements.ch\/#website"},"primaryImageOfPage":{"@id":"https:\/\/ecosupplements.ch\/?product=now-melatonin-5-mg-60-veg-capsules#primaryimage"},"image":{"@id":"https:\/\/ecosupplements.ch\/?product=now-melatonin-5-mg-60-veg-capsules#primaryimage"},"thumbnailUrl":"https:\/\/ecosupplements.ch\/wp-content\/uploads\/2026\/05\/NOW-Melatonin-5-mg-60-Veg-Capsules.webp","datePublished":"2026-05-11T15:07:55+00:00","dateModified":"2026-05-13T07:27:01+00:00","description":"NOW Melatonin 5 mg in 60 veganen Kapseln zur Unterst\u00fctzung des nat\u00fcrlichen Schlaf-Wach-Rhythmus \u2013 glutenfrei und ohne Zusatzstoffe. Jetzt bestellen.","breadcrumb":{"@id":"https:\/\/ecosupplements.ch\/?product=now-melatonin-5-mg-60-veg-capsules#breadcrumb"},"inLanguage":"de-CH","potentialAction":[{"@type":"ReadAction","target":["https:\/\/ecosupplements.ch\/?product=now-melatonin-5-mg-60-veg-capsules"]}]},{"@type":"ImageObject","inLanguage":"de-CH","@id":"https:\/\/ecosupplements.ch\/?product=now-melatonin-5-mg-60-veg-capsules#primaryimage","url":"https:\/\/ecosupplements.ch\/wp-content\/uploads\/2026\/05\/NOW-Melatonin-5-mg-60-Veg-Capsules.webp","contentUrl":"https:\/\/ecosupplements.ch\/wp-content\/uploads\/2026\/05\/NOW-Melatonin-5-mg-60-Veg-Capsules.webp","width":1000,"height":1000,"caption":"NOW Melatonin 5 mg (60 Veg Capsules)"},{"@type":"BreadcrumbList","@id":"https:\/\/ecosupplements.ch\/?product=now-melatonin-5-mg-60-veg-capsules#breadcrumb","itemListElement":[{"@type":"ListItem","position":1,"name":"Home","item":"https:\/\/ecosupplements.ch\/"},{"@type":"ListItem","position":2,"name":"Shop","item":"https:\/\/ecosupplements.ch\/?page_id=14"},{"@type":"ListItem","position":3,"name":"NOW Melatonin 5 mg (60 Veg Capsules)"}]},{"@type":"WebSite","@id":"https:\/\/ecosupplements.ch\/#website","url":"https:\/\/ecosupplements.ch\/","name":"Eco Supplements","description":"","potentialAction":[{"@type":"SearchAction","target":{"@type":"EntryPoint","urlTemplate":"https:\/\/ecosupplements.ch\/?s={search_term_string}"},"query-input":{"@type":"PropertyValueSpecification","valueRequired":true,"valueName":"search_term_string"}}],"inLanguage":"de-CH"}]},"product_price_amount":"9.11","product_price_currency":"CHF","og_availability":"out of stock","product_availability":"out of stock","product_retailer_item_id":"733739035554","product_condition":"new"},"_links":{"self":[{"href":"https:\/\/ecosupplements.ch\/index.php?rest_route=\/wp\/v2\/product\/5587","targetHints":{"allow":["GET"]}}],"collection":[{"href":"https:\/\/ecosupplements.ch\/index.php?rest_route=\/wp\/v2\/product"}],"about":[{"href":"https:\/\/ecosupplements.ch\/index.php?rest_route=\/wp\/v2\/types\/product"}],"replies":[{"embeddable":true,"href":"https:\/\/ecosupplements.ch\/index.php?rest_route=%2Fwp%2Fv2%2Fcomments&post=5587"}],"wp:featuredmedia":[{"embeddable":true,"href":"https:\/\/ecosupplements.ch\/index.php?rest_route=\/wp\/v2\/media\/5588"}],"wp:attachment":[{"href":"https:\/\/ecosupplements.ch\/index.php?rest_route=%2Fwp%2Fv2%2Fmedia&parent=5587"}],"wp:term":[{"taxonomy":"product_brand","embeddable":true,"href":"https:\/\/ecosupplements.ch\/index.php?rest_route=%2Fwp%2Fv2%2Fproduct_brand&post=5587"},{"taxonomy":"product_cat","embeddable":true,"href":"https:\/\/ecosupplements.ch\/index.php?rest_route=%2Fwp%2Fv2%2Fproduct_cat&post=5587"},{"taxonomy":"product_tag","embeddable":true,"href":"https:\/\/ecosupplements.ch\/index.php?rest_route=%2Fwp%2Fv2%2Fproduct_tag&post=5587"}],"curies":[{"name":"wp","href":"https:\/\/api.w.org\/{rel}","templated":true}]}}