{"id":5593,"date":"2026-05-11T15:07:58","date_gmt":"2026-05-11T15:07:58","guid":{"rendered":"https:\/\/ecosupplements.ch\/?product=now-methyl-folate-5000-mcg-50-veg-capsules"},"modified":"2026-05-13T07:27:07","modified_gmt":"2026-05-13T07:27:07","slug":"now-methyl-folate-5000-mcg-50-veg-capsules","status":"publish","type":"product","link":"https:\/\/ecosupplements.ch\/?product=now-methyl-folate-5000-mcg-50-veg-capsules","title":{"rendered":"NOW Methyl Folate 5000 mcg (50 Veg Capsules)"},"content":{"rendered":"<div class=\"chcg-product-description\">\n<h2 class=\"chcg-heading\">\u00dcber NOW \u2013 Methyl Folate 5000 mcg (50 Veg Kapseln)<\/h2>\n<div class=\"chcg-intro\">\n<p>NOW Methyl Folate 5000 mcg liefert Folat in seiner biologisch aktiven Form \u2013 als (6S)-5-Methyltetrahydrofolat ((6S)-5-MTHF) \u2013 mit dem patentierten Wirkstoff Quatrefolic\u00ae. Im Gegensatz zu herk\u00f6mmlicher Fols\u00e4ure muss diese Form vom K\u00f6rper nicht erst umgewandelt werden und steht daher direkt zur Verf\u00fcgung. Dies ist besonders relevant f\u00fcr Personen, deren genetische Veranlagung die Umwandlung von Fols\u00e4ure einschr\u00e4nkt.<\/p>\n<p>Folat tr\u00e4gt zur normalen Synthese von Aminos\u00e4uren bei und unterst\u00fctzt den normalen Homocystein-Stoffwechsel. Zudem leistet Folat einen Beitrag zur normalen Blutbildung sowie zur Verringerung von M\u00fcdigkeit und Ersch\u00f6pfung. Schwangere und Frauen mit Kinderwunsch profitieren besonders von einer ausreichenden Folatversorgung, da Folat zur normalen Entwicklung des m\u00fctterlichen Gewebes w\u00e4hrend der Schwangerschaft beitr\u00e4gt.<\/p>\n<p>Jede Kapsel enth\u00e4lt 8&#8217;333 mcg DFE (Dietary Folate Equivalents), was 5&#8217;000 mcg (6S)-5-MTHF entspricht. Das Produkt ist vegan, glutenfrei und in vegetarischen Kapseln aus Hypromellose abgef\u00fcllt \u2013 ohne Weizen, Soja, Milch oder andere h\u00e4ufige Allergene.<\/p>\n<\/p><\/div>\n<div class=\"chcg-nutrition\">\n<h3>N\u00e4hrwertangaben<\/h3>\n<table class=\"chcg-nutrition-table\">\n<thead>\n<tr>\n<th>N\u00e4hrstoff<\/th>\n<th>Pro Portion (1 Veg Kapsel)<\/th>\n<\/tr>\n<\/thead>\n<tbody>\n<tr>\n<td>Folat [8&#8217;333 mcg DFE \/ 5&#8217;000 mcg (6S)-5-MTHF]<\/td>\n<td>8&#8217;333 mcg DFE (2083% NRV*)<\/td>\n<\/tr>\n<\/tbody>\n<\/table>\n<p class=\"chcg-footnote\">* N\u00e4hrstoffbezugswert (NRV) gem\u00e4ss EU-Verordnung Nr. 1169\/2011. Portionen pro Packung: 50.<\/p>\n<\/p><\/div>\n<div class=\"chcg-ingredients\">\n<h3>Zutaten<\/h3>\n<p>Folat 8&#8217;333 mcg DFE [5&#8217;000 mcg (6S)-5-MTHF] [aus Quatrefolic\u00ae (6S-5-MTHF Glucosaminsalz)]. Weitere Zutaten: Mikrokristalline Cellulose, Hypromellose (Cellulose-Kapsel) und Stearins\u00e4ure (pflanzlicher Herkunft).<\/p>\n<p class=\"chcg-capsule-shell\">Kapselh\u00fclle: Hypromellose (Cellulose-Kapsel)<\/p>\n<\/p><\/div>\n<div class=\"chcg-dosage\">\n<h3>Verzehrempfehlung<\/h3>\n<p>T\u00e4glich 1 Kapsel zu einer Mahlzeit einnehmen.<\/p>\n<\/p><\/div>\n<div class=\"chcg-warnings\">\n<h3>Warnhinweise<\/h3>\n<p>Nur f\u00fcr Erwachsene. \u00c4ltere Personen sowie Personen mit Erkrankungen, die die Aufnahme von Vitamin B-12 beeintr\u00e4chtigen k\u00f6nnen, sollten den Vitamin-B-12-Status bei der Einnahme dieses Produkts regelm\u00e4ssig kontrollieren lassen, da hoch dosierte Fols\u00e4ure einen Vitamin-B-12-Mangel verschleiern kann. Vor der Einnahme eine \u00c4rztin oder einen Arzt konsultieren, wenn eine Schwangerschaft besteht oder geplant ist, in der Stillzeit, bei gleichzeitiger Einnahme von Medikamenten (insbesondere Phenobarbital, Phenytoin, Primidon und Methotrexat) oder bei Vorliegen einer medizinischen Erkrankung (insbesondere bei Erkrankungen, die mit N\u00e4hrstoffmalabsorption einhergehen). Ausserhalb der Reichweite von Kindern aufbewahren.<\/p>\n<\/p><\/div>\n<div class=\"chcg-allergens\">\n<h3>Allergeninformationen<\/h3>\n<p>Nicht hergestellt mit Weizen, Gluten, Soja, Milch, Ei, Fisch, Schalentieren, Baumn\u00fcssen oder Sesam. Produziert in einem GMP-zertifizierten Betrieb, der andere Zutaten verarbeitet, die diese Allergene enthalten.<\/p>\n<\/p><\/div>\n<div class=\"chcg-storage\">\n<h3>Lagerung<\/h3>\n<p>Nach dem \u00d6ffnen an einem k\u00fchlen, trockenen Ort aufbewahren.<\/p>\n<\/p><\/div>\n<div class=\"chcg-dietary\">\n<h3>Ern\u00e4hrungshinweise<\/h3>\n<ul>\n<li>Vegan<\/li>\n<li>Vegetarisch<\/li>\n<li>Glutenfrei<\/li>\n<li>Laktosefrei<\/li>\n<\/ul><\/div>\n<\/div>\n","protected":false},"excerpt":{"rendered":"<p>NOW Methyl Folate 5000 mcg liefert Folat in der biologisch aktiven (6S)-5-MTHF-Form via Quatrefolic\u00ae \u2013 f\u00fcr eine optimale Bioverf\u00fcgbarkeit. 50 vegane Kapseln, glutenfrei und ohne tierische Zutaten.<\/p>\n","protected":false},"featured_media":5594,"comment_status":"closed","ping_status":"open","template":"","meta":[],"product_brand":[464],"product_cat":[25],"product_tag":[],"class_list":{"0":"post-5593","1":"product","2":"type-product","3":"status-publish","4":"has-post-thumbnail","6":"product_brand-now","7":"product_cat-gesundheit-und-wohlbefinden","9":"first","10":"outofstock","11":"taxable","12":"shipping-taxable","13":"purchasable","14":"product-type-simple"},"yoast_head":"<!-- This site is optimized with the Yoast SEO plugin v27.5 - https:\/\/yoast.com\/product\/yoast-seo-wordpress\/ -->\n<title>NOW Methyl Folate 5000 mcg \u2013 50 Veg Kapseln | ecosupplements.ch<\/title>\n<meta name=\"description\" content=\"Aktives Folat in der (6S)-5-MTHF-Form mit Quatrefolic\u00ae \u2013 hochdosiert, vegan und glutenfrei. 50 Veg Kapseln pro Packung. Jetzt bestellen.\" \/>\n<meta name=\"robots\" content=\"index, follow, max-snippet:-1, max-image-preview:large, max-video-preview:-1\" \/>\n<link rel=\"canonical\" href=\"https:\/\/ecosupplements.ch\/?product=now-methyl-folate-5000-mcg-50-veg-capsules\" \/>\n<meta property=\"og:locale\" content=\"de_DE\" \/>\n<meta property=\"og:type\" content=\"article\" \/>\n<meta property=\"og:title\" content=\"NOW Methyl Folate 5000 mcg \u2013 50 Veg Kapseln | ecosupplements.ch\" \/>\n<meta property=\"og:description\" content=\"Aktives Folat in der (6S)-5-MTHF-Form mit Quatrefolic\u00ae \u2013 hochdosiert, vegan und glutenfrei. 50 Veg Kapseln pro Packung. Jetzt bestellen.\" \/>\n<meta property=\"og:url\" content=\"https:\/\/ecosupplements.ch\/?product=now-methyl-folate-5000-mcg-50-veg-capsules\" \/>\n<meta property=\"og:site_name\" content=\"Eco Supplements\" \/>\n<meta property=\"article:modified_time\" content=\"2026-05-13T07:27:07+00:00\" \/>\n<meta property=\"og:image\" content=\"https:\/\/ecosupplements.ch\/wp-content\/uploads\/2026\/05\/NOW-Methyl-Folate-5000-mcg-50-Veg-Capsules.webp\" \/>\n\t<meta property=\"og:image:width\" content=\"1000\" \/>\n\t<meta property=\"og:image:height\" content=\"1000\" \/>\n\t<meta property=\"og:image:type\" content=\"image\/jpeg\" \/>\n<meta name=\"twitter:card\" content=\"summary_large_image\" \/>\n<meta name=\"twitter:label1\" content=\"Price\" \/>\n\t<meta name=\"twitter:data1\" content=\"&#067;&#072;&#070;&nbsp;30.15\" \/>\n\t<meta name=\"twitter:label2\" content=\"Availability\" \/>\n\t<meta name=\"twitter:data2\" content=\"Out of stock\" \/>\n<script type=\"application\/ld+json\" class=\"yoast-schema-graph\">{\"@context\":\"https:\\\/\\\/schema.org\",\"@graph\":[{\"@type\":\"WebPage\",\"@id\":\"https:\\\/\\\/ecosupplements.ch\\\/?product=now-methyl-folate-5000-mcg-50-veg-capsules\",\"url\":\"https:\\\/\\\/ecosupplements.ch\\\/?product=now-methyl-folate-5000-mcg-50-veg-capsules\",\"name\":\"NOW Methyl Folate 5000 mcg \u2013 50 Veg Kapseln | ecosupplements.ch\",\"isPartOf\":{\"@id\":\"https:\\\/\\\/ecosupplements.ch\\\/#website\"},\"primaryImageOfPage\":{\"@id\":\"https:\\\/\\\/ecosupplements.ch\\\/?product=now-methyl-folate-5000-mcg-50-veg-capsules#primaryimage\"},\"image\":{\"@id\":\"https:\\\/\\\/ecosupplements.ch\\\/?product=now-methyl-folate-5000-mcg-50-veg-capsules#primaryimage\"},\"thumbnailUrl\":\"https:\\\/\\\/ecosupplements.ch\\\/wp-content\\\/uploads\\\/2026\\\/05\\\/NOW-Methyl-Folate-5000-mcg-50-Veg-Capsules.webp\",\"datePublished\":\"2026-05-11T15:07:58+00:00\",\"dateModified\":\"2026-05-13T07:27:07+00:00\",\"description\":\"Aktives Folat in der (6S)-5-MTHF-Form mit Quatrefolic\u00ae \u2013 hochdosiert, vegan und glutenfrei. 50 Veg Kapseln pro Packung. Jetzt bestellen.\",\"breadcrumb\":{\"@id\":\"https:\\\/\\\/ecosupplements.ch\\\/?product=now-methyl-folate-5000-mcg-50-veg-capsules#breadcrumb\"},\"inLanguage\":\"de-CH\",\"potentialAction\":[{\"@type\":\"ReadAction\",\"target\":[\"https:\\\/\\\/ecosupplements.ch\\\/?product=now-methyl-folate-5000-mcg-50-veg-capsules\"]}]},{\"@type\":\"ImageObject\",\"inLanguage\":\"de-CH\",\"@id\":\"https:\\\/\\\/ecosupplements.ch\\\/?product=now-methyl-folate-5000-mcg-50-veg-capsules#primaryimage\",\"url\":\"https:\\\/\\\/ecosupplements.ch\\\/wp-content\\\/uploads\\\/2026\\\/05\\\/NOW-Methyl-Folate-5000-mcg-50-Veg-Capsules.webp\",\"contentUrl\":\"https:\\\/\\\/ecosupplements.ch\\\/wp-content\\\/uploads\\\/2026\\\/05\\\/NOW-Methyl-Folate-5000-mcg-50-Veg-Capsules.webp\",\"width\":1000,\"height\":1000,\"caption\":\"NOW Methyl Folate 5000 mcg (50 Veg Capsules)\"},{\"@type\":\"BreadcrumbList\",\"@id\":\"https:\\\/\\\/ecosupplements.ch\\\/?product=now-methyl-folate-5000-mcg-50-veg-capsules#breadcrumb\",\"itemListElement\":[{\"@type\":\"ListItem\",\"position\":1,\"name\":\"Home\",\"item\":\"https:\\\/\\\/ecosupplements.ch\\\/\"},{\"@type\":\"ListItem\",\"position\":2,\"name\":\"Shop\",\"item\":\"https:\\\/\\\/ecosupplements.ch\\\/?page_id=14\"},{\"@type\":\"ListItem\",\"position\":3,\"name\":\"NOW Methyl Folate 5000 mcg (50 Veg Capsules)\"}]},{\"@type\":\"WebSite\",\"@id\":\"https:\\\/\\\/ecosupplements.ch\\\/#website\",\"url\":\"https:\\\/\\\/ecosupplements.ch\\\/\",\"name\":\"Eco Supplements\",\"description\":\"\",\"potentialAction\":[{\"@type\":\"SearchAction\",\"target\":{\"@type\":\"EntryPoint\",\"urlTemplate\":\"https:\\\/\\\/ecosupplements.ch\\\/?s={search_term_string}\"},\"query-input\":{\"@type\":\"PropertyValueSpecification\",\"valueRequired\":true,\"valueName\":\"search_term_string\"}}],\"inLanguage\":\"de-CH\"}]}<\/script>\n<meta property=\"product:price:amount\" content=\"30.15\" \/>\n<meta property=\"product:price:currency\" content=\"CHF\" \/>\n<meta property=\"og:availability\" content=\"out of stock\" \/>\n<meta property=\"product:availability\" content=\"out of stock\" \/>\n<meta property=\"product:retailer_item_id\" content=\"733739005021\" \/>\n<meta property=\"product:condition\" content=\"new\" \/>\n<!-- \/ Yoast SEO plugin. -->","yoast_head_json":{"title":"NOW Methyl Folate 5000 mcg \u2013 50 Veg Kapseln | ecosupplements.ch","description":"Aktives Folat in der (6S)-5-MTHF-Form mit Quatrefolic\u00ae \u2013 hochdosiert, vegan und glutenfrei. 50 Veg Kapseln pro Packung. Jetzt bestellen.","robots":{"index":"index","follow":"follow","max-snippet":"max-snippet:-1","max-image-preview":"max-image-preview:large","max-video-preview":"max-video-preview:-1"},"canonical":"https:\/\/ecosupplements.ch\/?product=now-methyl-folate-5000-mcg-50-veg-capsules","og_locale":"de_DE","og_type":"article","og_title":"NOW Methyl Folate 5000 mcg \u2013 50 Veg Kapseln | ecosupplements.ch","og_description":"Aktives Folat in der (6S)-5-MTHF-Form mit Quatrefolic\u00ae \u2013 hochdosiert, vegan und glutenfrei. 50 Veg Kapseln pro Packung. Jetzt bestellen.","og_url":"https:\/\/ecosupplements.ch\/?product=now-methyl-folate-5000-mcg-50-veg-capsules","og_site_name":"Eco Supplements","article_modified_time":"2026-05-13T07:27:07+00:00","og_image":[{"width":1000,"height":1000,"url":"https:\/\/ecosupplements.ch\/wp-content\/uploads\/2026\/05\/NOW-Methyl-Folate-5000-mcg-50-Veg-Capsules.webp","type":"image\/jpeg"}],"twitter_card":"summary_large_image","twitter_misc":{"Price":"&#67;&#72;&#70;&nbsp;30.15","Availability":"Out of stock"},"schema":{"@context":"https:\/\/schema.org","@graph":[{"@type":"WebPage","@id":"https:\/\/ecosupplements.ch\/?product=now-methyl-folate-5000-mcg-50-veg-capsules","url":"https:\/\/ecosupplements.ch\/?product=now-methyl-folate-5000-mcg-50-veg-capsules","name":"NOW Methyl Folate 5000 mcg \u2013 50 Veg Kapseln | ecosupplements.ch","isPartOf":{"@id":"https:\/\/ecosupplements.ch\/#website"},"primaryImageOfPage":{"@id":"https:\/\/ecosupplements.ch\/?product=now-methyl-folate-5000-mcg-50-veg-capsules#primaryimage"},"image":{"@id":"https:\/\/ecosupplements.ch\/?product=now-methyl-folate-5000-mcg-50-veg-capsules#primaryimage"},"thumbnailUrl":"https:\/\/ecosupplements.ch\/wp-content\/uploads\/2026\/05\/NOW-Methyl-Folate-5000-mcg-50-Veg-Capsules.webp","datePublished":"2026-05-11T15:07:58+00:00","dateModified":"2026-05-13T07:27:07+00:00","description":"Aktives Folat in der (6S)-5-MTHF-Form mit Quatrefolic\u00ae \u2013 hochdosiert, vegan und glutenfrei. 50 Veg Kapseln pro Packung. Jetzt bestellen.","breadcrumb":{"@id":"https:\/\/ecosupplements.ch\/?product=now-methyl-folate-5000-mcg-50-veg-capsules#breadcrumb"},"inLanguage":"de-CH","potentialAction":[{"@type":"ReadAction","target":["https:\/\/ecosupplements.ch\/?product=now-methyl-folate-5000-mcg-50-veg-capsules"]}]},{"@type":"ImageObject","inLanguage":"de-CH","@id":"https:\/\/ecosupplements.ch\/?product=now-methyl-folate-5000-mcg-50-veg-capsules#primaryimage","url":"https:\/\/ecosupplements.ch\/wp-content\/uploads\/2026\/05\/NOW-Methyl-Folate-5000-mcg-50-Veg-Capsules.webp","contentUrl":"https:\/\/ecosupplements.ch\/wp-content\/uploads\/2026\/05\/NOW-Methyl-Folate-5000-mcg-50-Veg-Capsules.webp","width":1000,"height":1000,"caption":"NOW Methyl Folate 5000 mcg (50 Veg Capsules)"},{"@type":"BreadcrumbList","@id":"https:\/\/ecosupplements.ch\/?product=now-methyl-folate-5000-mcg-50-veg-capsules#breadcrumb","itemListElement":[{"@type":"ListItem","position":1,"name":"Home","item":"https:\/\/ecosupplements.ch\/"},{"@type":"ListItem","position":2,"name":"Shop","item":"https:\/\/ecosupplements.ch\/?page_id=14"},{"@type":"ListItem","position":3,"name":"NOW Methyl Folate 5000 mcg (50 Veg Capsules)"}]},{"@type":"WebSite","@id":"https:\/\/ecosupplements.ch\/#website","url":"https:\/\/ecosupplements.ch\/","name":"Eco Supplements","description":"","potentialAction":[{"@type":"SearchAction","target":{"@type":"EntryPoint","urlTemplate":"https:\/\/ecosupplements.ch\/?s={search_term_string}"},"query-input":{"@type":"PropertyValueSpecification","valueRequired":true,"valueName":"search_term_string"}}],"inLanguage":"de-CH"}]},"product_price_amount":"30.15","product_price_currency":"CHF","og_availability":"out of stock","product_availability":"out of stock","product_retailer_item_id":"733739005021","product_condition":"new"},"_links":{"self":[{"href":"https:\/\/ecosupplements.ch\/index.php?rest_route=\/wp\/v2\/product\/5593","targetHints":{"allow":["GET"]}}],"collection":[{"href":"https:\/\/ecosupplements.ch\/index.php?rest_route=\/wp\/v2\/product"}],"about":[{"href":"https:\/\/ecosupplements.ch\/index.php?rest_route=\/wp\/v2\/types\/product"}],"replies":[{"embeddable":true,"href":"https:\/\/ecosupplements.ch\/index.php?rest_route=%2Fwp%2Fv2%2Fcomments&post=5593"}],"wp:featuredmedia":[{"embeddable":true,"href":"https:\/\/ecosupplements.ch\/index.php?rest_route=\/wp\/v2\/media\/5594"}],"wp:attachment":[{"href":"https:\/\/ecosupplements.ch\/index.php?rest_route=%2Fwp%2Fv2%2Fmedia&parent=5593"}],"wp:term":[{"taxonomy":"product_brand","embeddable":true,"href":"https:\/\/ecosupplements.ch\/index.php?rest_route=%2Fwp%2Fv2%2Fproduct_brand&post=5593"},{"taxonomy":"product_cat","embeddable":true,"href":"https:\/\/ecosupplements.ch\/index.php?rest_route=%2Fwp%2Fv2%2Fproduct_cat&post=5593"},{"taxonomy":"product_tag","embeddable":true,"href":"https:\/\/ecosupplements.ch\/index.php?rest_route=%2Fwp%2Fv2%2Fproduct_tag&post=5593"}],"curies":[{"name":"wp","href":"https:\/\/api.w.org\/{rel}","templated":true}]}}