{"id":5611,"date":"2026-05-11T15:08:07","date_gmt":"2026-05-11T15:08:07","guid":{"rendered":"https:\/\/ecosupplements.ch\/?product=now-organic-liquid-monk-fruit-53-ml-caramel"},"modified":"2026-05-13T07:27:06","modified_gmt":"2026-05-13T07:27:06","slug":"now-organic-liquid-monk-fruit-53-ml-caramel","status":"publish","type":"product","link":"https:\/\/ecosupplements.ch\/?product=now-organic-liquid-monk-fruit-53-ml-caramel","title":{"rendered":"NOW Organic Liquid Monk Fruit  (53 ml, Caramel)"},"content":{"rendered":"<div class=\"chcg-product-description\">\n<h2 class=\"chcg-heading\">\u00dcber NOW \u2013 NOW Organic Liquid Monk Fruit (53 ml, Caramel)<\/h2>\n<div class=\"chcg-intro\">\n<p>NOW Organic Liquid Monk Fruit ist ein nat\u00fcrlicher, kalorienfreier S\u00fcssstoff auf Basis von bio-zertifiziertem M\u00f6nchsfrucht-Extrakt (Luo Han Guo). Die praktische Fl\u00fcssigform im Caramel-Aroma erm\u00f6glicht eine pr\u00e4zise Dosierung mit wenigen Tropfen \u2013 ideal f\u00fcr alle, die ihren Kaffee, Tee oder andere Getr\u00e4nke und Speisen ohne Zucker s\u00fcssen m\u00f6chten.<\/p>\n<p>Der Extrakt wird aus der M\u00f6nchsfrucht gewonnen, einer traditionell in S\u00fcdostasien verwendeten Frucht, die f\u00fcr ihre intensive nat\u00fcrliche S\u00fcsse bekannt ist. Dank des Null-Kalorien-Profils und der einfachen Handhabung passt dieses Produkt hervorragend in eine bewusste Ern\u00e4hrungsweise.<\/p>\n<p>Die Bio-Qualit\u00e4t der Zutaten wird durch entsprechende Zertifizierungen gew\u00e4hrleistet. Das Produkt ist vegan, vegetarisch sowie gluten- und laktosefrei \u2013 und somit f\u00fcr ein breites Spektrum an Ern\u00e4hrungsbed\u00fcrfnissen geeignet.<\/p>\n<\/p><\/div>\n<div class=\"chcg-nutrition\">\n<h3>N\u00e4hrwertangaben<\/h3>\n<table class=\"chcg-nutrition-table\">\n<thead>\n<tr>\n<th>N\u00e4hrstoff<\/th>\n<th>Pro Portion (10 Tropfen \/ 0,39 ml)<\/th>\n<\/tr>\n<\/thead>\n<tbody>\n<tr>\n<td>Kalorien<\/td>\n<td>0<\/td>\n<\/tr>\n<tr>\n<td>Fett<\/td>\n<td>0 g (0 %)<\/td>\n<\/tr>\n<tr>\n<td>Kohlenhydrate<\/td>\n<td>0 g<\/td>\n<\/tr>\n<tr>\n<td>Protein<\/td>\n<td>0 g<\/td>\n<\/tr>\n<\/tbody>\n<\/table>\n<p class=\"chcg-footnote\">Kein bedeutsamer Gehalt an anderen N\u00e4hrstoffen.<\/p>\n<\/p><\/div>\n<div class=\"chcg-ingredients\">\n<h3>Zutaten<\/h3>\n<p>Bio-Glycerin, Bio-Aroma, deionisiertes Wasser, Bio-M\u00f6nchsfrucht (Luo Han Guo) Extrakt. Enth\u00e4lt Soja (Non-GMO). Enth\u00e4lt ca. 3 % Alkohol.<\/p>\n<\/p><\/div>\n<div class=\"chcg-dosage\">\n<h3>Verzehrempfehlung<\/h3>\n<p>Nach Belieben s\u00fcssen mit 8 bis 10 Tropfen. Vor der Verwendung gut sch\u00fctteln.<\/p>\n<\/p><\/div>\n<div class=\"chcg-warnings\">\n<h3>Warnhinweise<\/h3>\n<p>Achtung: Enth\u00e4lt ca. 3 % Alkohol. Hergestellt in einer GMP-zertifizierten Anlage, in der auch andere Zutaten verarbeitet werden, die diese Allergene enthalten.<\/p>\n<\/p><\/div>\n<div class=\"chcg-allergens\">\n<h3>Allergeninformationen<\/h3>\n<p>Enth\u00e4lt Soja (Non-GMO). Nicht hergestellt mit Weizen, Gluten, Milch, Ei, Fisch, Schalentieren, Baumn\u00fcssen oder Sesam als Zutaten. Hergestellt in einer GMP-zertifizierten Anlage, in der auch andere Zutaten verarbeitet werden, die diese Allergene enthalten.<\/p>\n<\/p><\/div>\n<div class=\"chcg-storage\">\n<h3>Lagerung<\/h3>\n<p>Nach dem \u00d6ffnen an einem k\u00fchlen Ort aufbewahren.<\/p>\n<\/p><\/div>\n<div class=\"chcg-dietary\">\n<h3>Ern\u00e4hrungshinweise<\/h3>\n<ul>\n<li>Vegan<\/li>\n<li>Vegetarisch<\/li>\n<li>Glutenfrei<\/li>\n<li>Laktosefrei<\/li>\n<\/ul><\/div>\n<\/div>\n","protected":false},"excerpt":{"rendered":"<p>Kalorienfreies S\u00fcssen leicht gemacht: NOW Organic Liquid Monk Fruit im Caramel-Aroma liefert nat\u00fcrliche S\u00fcsse aus Bio-M\u00f6nchsfrucht-Extrakt \u2013 einfach 8\u201310 Tropfen dosieren. Vegan, glutenfrei, 53 ml.<\/p>\n","protected":false},"featured_media":5612,"comment_status":"closed","ping_status":"open","template":"","meta":[],"product_brand":[464],"product_cat":[20],"product_tag":[],"class_list":{"0":"post-5611","1":"product","2":"type-product","3":"status-publish","4":"has-post-thumbnail","6":"product_brand-now","7":"product_cat-neue-produkte","9":"first","10":"outofstock","11":"taxable","12":"shipping-taxable","13":"purchasable","14":"product-type-simple"},"yoast_head":"<!-- This site is optimized with the Yoast SEO plugin v27.5 - https:\/\/yoast.com\/product\/yoast-seo-wordpress\/ -->\n<title>NOW Organic Liquid Monk Fruit Caramel 53ml | ecosupplements.ch<\/title>\n<meta name=\"description\" content=\"Bio-M\u00f6nchsfrucht-Extrakt als kalorienfreier Fl\u00fcssigs\u00fcssstoff im Caramel-Aroma \u2013 vegan und glutenfrei, 53 ml. Jetzt bestellen.\" \/>\n<meta name=\"robots\" content=\"index, follow, max-snippet:-1, max-image-preview:large, max-video-preview:-1\" \/>\n<link rel=\"canonical\" href=\"https:\/\/ecosupplements.ch\/?product=now-organic-liquid-monk-fruit-53-ml-caramel\" \/>\n<meta property=\"og:locale\" content=\"de_DE\" \/>\n<meta property=\"og:type\" content=\"article\" \/>\n<meta property=\"og:title\" content=\"NOW Organic Liquid Monk Fruit Caramel 53ml | ecosupplements.ch\" \/>\n<meta property=\"og:description\" content=\"Bio-M\u00f6nchsfrucht-Extrakt als kalorienfreier Fl\u00fcssigs\u00fcssstoff im Caramel-Aroma \u2013 vegan und glutenfrei, 53 ml. Jetzt bestellen.\" \/>\n<meta property=\"og:url\" content=\"https:\/\/ecosupplements.ch\/?product=now-organic-liquid-monk-fruit-53-ml-caramel\" \/>\n<meta property=\"og:site_name\" content=\"Eco Supplements\" \/>\n<meta property=\"article:modified_time\" content=\"2026-05-13T07:27:06+00:00\" \/>\n<meta property=\"og:image\" content=\"https:\/\/ecosupplements.ch\/wp-content\/uploads\/2026\/05\/NOW-Organic-Liquid-Monk-Fruit-53-ml-Caramel.webp\" \/>\n\t<meta property=\"og:image:width\" content=\"1000\" \/>\n\t<meta property=\"og:image:height\" content=\"1000\" \/>\n\t<meta property=\"og:image:type\" content=\"image\/jpeg\" \/>\n<meta name=\"twitter:card\" content=\"summary_large_image\" \/>\n<meta name=\"twitter:label1\" content=\"Price\" \/>\n\t<meta name=\"twitter:data1\" content=\"&#067;&#072;&#070;&nbsp;17.33\" \/>\n\t<meta name=\"twitter:label2\" content=\"Availability\" \/>\n\t<meta name=\"twitter:data2\" content=\"Out of stock\" \/>\n<script type=\"application\/ld+json\" class=\"yoast-schema-graph\">{\"@context\":\"https:\\\/\\\/schema.org\",\"@graph\":[{\"@type\":\"WebPage\",\"@id\":\"https:\\\/\\\/ecosupplements.ch\\\/?product=now-organic-liquid-monk-fruit-53-ml-caramel\",\"url\":\"https:\\\/\\\/ecosupplements.ch\\\/?product=now-organic-liquid-monk-fruit-53-ml-caramel\",\"name\":\"NOW Organic Liquid Monk Fruit Caramel 53ml | ecosupplements.ch\",\"isPartOf\":{\"@id\":\"https:\\\/\\\/ecosupplements.ch\\\/#website\"},\"primaryImageOfPage\":{\"@id\":\"https:\\\/\\\/ecosupplements.ch\\\/?product=now-organic-liquid-monk-fruit-53-ml-caramel#primaryimage\"},\"image\":{\"@id\":\"https:\\\/\\\/ecosupplements.ch\\\/?product=now-organic-liquid-monk-fruit-53-ml-caramel#primaryimage\"},\"thumbnailUrl\":\"https:\\\/\\\/ecosupplements.ch\\\/wp-content\\\/uploads\\\/2026\\\/05\\\/NOW-Organic-Liquid-Monk-Fruit-53-ml-Caramel.webp\",\"datePublished\":\"2026-05-11T15:08:07+00:00\",\"dateModified\":\"2026-05-13T07:27:06+00:00\",\"description\":\"Bio-M\u00f6nchsfrucht-Extrakt als kalorienfreier Fl\u00fcssigs\u00fcssstoff im Caramel-Aroma \u2013 vegan und glutenfrei, 53 ml. Jetzt bestellen.\",\"breadcrumb\":{\"@id\":\"https:\\\/\\\/ecosupplements.ch\\\/?product=now-organic-liquid-monk-fruit-53-ml-caramel#breadcrumb\"},\"inLanguage\":\"de-CH\",\"potentialAction\":[{\"@type\":\"ReadAction\",\"target\":[\"https:\\\/\\\/ecosupplements.ch\\\/?product=now-organic-liquid-monk-fruit-53-ml-caramel\"]}]},{\"@type\":\"ImageObject\",\"inLanguage\":\"de-CH\",\"@id\":\"https:\\\/\\\/ecosupplements.ch\\\/?product=now-organic-liquid-monk-fruit-53-ml-caramel#primaryimage\",\"url\":\"https:\\\/\\\/ecosupplements.ch\\\/wp-content\\\/uploads\\\/2026\\\/05\\\/NOW-Organic-Liquid-Monk-Fruit-53-ml-Caramel.webp\",\"contentUrl\":\"https:\\\/\\\/ecosupplements.ch\\\/wp-content\\\/uploads\\\/2026\\\/05\\\/NOW-Organic-Liquid-Monk-Fruit-53-ml-Caramel.webp\",\"width\":1000,\"height\":1000,\"caption\":\"NOW Organic Liquid Monk Fruit (53 ml\"},{\"@type\":\"BreadcrumbList\",\"@id\":\"https:\\\/\\\/ecosupplements.ch\\\/?product=now-organic-liquid-monk-fruit-53-ml-caramel#breadcrumb\",\"itemListElement\":[{\"@type\":\"ListItem\",\"position\":1,\"name\":\"Home\",\"item\":\"https:\\\/\\\/ecosupplements.ch\\\/\"},{\"@type\":\"ListItem\",\"position\":2,\"name\":\"Shop\",\"item\":\"https:\\\/\\\/ecosupplements.ch\\\/?page_id=14\"},{\"@type\":\"ListItem\",\"position\":3,\"name\":\"NOW Organic Liquid Monk Fruit (53 ml, Caramel)\"}]},{\"@type\":\"WebSite\",\"@id\":\"https:\\\/\\\/ecosupplements.ch\\\/#website\",\"url\":\"https:\\\/\\\/ecosupplements.ch\\\/\",\"name\":\"Eco Supplements\",\"description\":\"\",\"potentialAction\":[{\"@type\":\"SearchAction\",\"target\":{\"@type\":\"EntryPoint\",\"urlTemplate\":\"https:\\\/\\\/ecosupplements.ch\\\/?s={search_term_string}\"},\"query-input\":{\"@type\":\"PropertyValueSpecification\",\"valueRequired\":true,\"valueName\":\"search_term_string\"}}],\"inLanguage\":\"de-CH\"}]}<\/script>\n<meta property=\"product:price:amount\" content=\"17.33\" \/>\n<meta property=\"product:price:currency\" content=\"CHF\" \/>\n<meta property=\"og:availability\" content=\"out of stock\" \/>\n<meta property=\"product:availability\" content=\"out of stock\" \/>\n<meta property=\"product:retailer_item_id\" content=\"733739071125\" \/>\n<meta property=\"product:condition\" content=\"new\" \/>\n<!-- \/ Yoast SEO plugin. -->","yoast_head_json":{"title":"NOW Organic Liquid Monk Fruit Caramel 53ml | ecosupplements.ch","description":"Bio-M\u00f6nchsfrucht-Extrakt als kalorienfreier Fl\u00fcssigs\u00fcssstoff im Caramel-Aroma \u2013 vegan und glutenfrei, 53 ml. Jetzt bestellen.","robots":{"index":"index","follow":"follow","max-snippet":"max-snippet:-1","max-image-preview":"max-image-preview:large","max-video-preview":"max-video-preview:-1"},"canonical":"https:\/\/ecosupplements.ch\/?product=now-organic-liquid-monk-fruit-53-ml-caramel","og_locale":"de_DE","og_type":"article","og_title":"NOW Organic Liquid Monk Fruit Caramel 53ml | ecosupplements.ch","og_description":"Bio-M\u00f6nchsfrucht-Extrakt als kalorienfreier Fl\u00fcssigs\u00fcssstoff im Caramel-Aroma \u2013 vegan und glutenfrei, 53 ml. Jetzt bestellen.","og_url":"https:\/\/ecosupplements.ch\/?product=now-organic-liquid-monk-fruit-53-ml-caramel","og_site_name":"Eco Supplements","article_modified_time":"2026-05-13T07:27:06+00:00","og_image":[{"width":1000,"height":1000,"url":"https:\/\/ecosupplements.ch\/wp-content\/uploads\/2026\/05\/NOW-Organic-Liquid-Monk-Fruit-53-ml-Caramel.webp","type":"image\/jpeg"}],"twitter_card":"summary_large_image","twitter_misc":{"Price":"&#67;&#72;&#70;&nbsp;17.33","Availability":"Out of stock"},"schema":{"@context":"https:\/\/schema.org","@graph":[{"@type":"WebPage","@id":"https:\/\/ecosupplements.ch\/?product=now-organic-liquid-monk-fruit-53-ml-caramel","url":"https:\/\/ecosupplements.ch\/?product=now-organic-liquid-monk-fruit-53-ml-caramel","name":"NOW Organic Liquid Monk Fruit Caramel 53ml | ecosupplements.ch","isPartOf":{"@id":"https:\/\/ecosupplements.ch\/#website"},"primaryImageOfPage":{"@id":"https:\/\/ecosupplements.ch\/?product=now-organic-liquid-monk-fruit-53-ml-caramel#primaryimage"},"image":{"@id":"https:\/\/ecosupplements.ch\/?product=now-organic-liquid-monk-fruit-53-ml-caramel#primaryimage"},"thumbnailUrl":"https:\/\/ecosupplements.ch\/wp-content\/uploads\/2026\/05\/NOW-Organic-Liquid-Monk-Fruit-53-ml-Caramel.webp","datePublished":"2026-05-11T15:08:07+00:00","dateModified":"2026-05-13T07:27:06+00:00","description":"Bio-M\u00f6nchsfrucht-Extrakt als kalorienfreier Fl\u00fcssigs\u00fcssstoff im Caramel-Aroma \u2013 vegan und glutenfrei, 53 ml. Jetzt bestellen.","breadcrumb":{"@id":"https:\/\/ecosupplements.ch\/?product=now-organic-liquid-monk-fruit-53-ml-caramel#breadcrumb"},"inLanguage":"de-CH","potentialAction":[{"@type":"ReadAction","target":["https:\/\/ecosupplements.ch\/?product=now-organic-liquid-monk-fruit-53-ml-caramel"]}]},{"@type":"ImageObject","inLanguage":"de-CH","@id":"https:\/\/ecosupplements.ch\/?product=now-organic-liquid-monk-fruit-53-ml-caramel#primaryimage","url":"https:\/\/ecosupplements.ch\/wp-content\/uploads\/2026\/05\/NOW-Organic-Liquid-Monk-Fruit-53-ml-Caramel.webp","contentUrl":"https:\/\/ecosupplements.ch\/wp-content\/uploads\/2026\/05\/NOW-Organic-Liquid-Monk-Fruit-53-ml-Caramel.webp","width":1000,"height":1000,"caption":"NOW Organic Liquid Monk Fruit (53 ml"},{"@type":"BreadcrumbList","@id":"https:\/\/ecosupplements.ch\/?product=now-organic-liquid-monk-fruit-53-ml-caramel#breadcrumb","itemListElement":[{"@type":"ListItem","position":1,"name":"Home","item":"https:\/\/ecosupplements.ch\/"},{"@type":"ListItem","position":2,"name":"Shop","item":"https:\/\/ecosupplements.ch\/?page_id=14"},{"@type":"ListItem","position":3,"name":"NOW Organic Liquid Monk Fruit (53 ml, Caramel)"}]},{"@type":"WebSite","@id":"https:\/\/ecosupplements.ch\/#website","url":"https:\/\/ecosupplements.ch\/","name":"Eco Supplements","description":"","potentialAction":[{"@type":"SearchAction","target":{"@type":"EntryPoint","urlTemplate":"https:\/\/ecosupplements.ch\/?s={search_term_string}"},"query-input":{"@type":"PropertyValueSpecification","valueRequired":true,"valueName":"search_term_string"}}],"inLanguage":"de-CH"}]},"product_price_amount":"17.33","product_price_currency":"CHF","og_availability":"out of stock","product_availability":"out of stock","product_retailer_item_id":"733739071125","product_condition":"new"},"_links":{"self":[{"href":"https:\/\/ecosupplements.ch\/index.php?rest_route=\/wp\/v2\/product\/5611","targetHints":{"allow":["GET"]}}],"collection":[{"href":"https:\/\/ecosupplements.ch\/index.php?rest_route=\/wp\/v2\/product"}],"about":[{"href":"https:\/\/ecosupplements.ch\/index.php?rest_route=\/wp\/v2\/types\/product"}],"replies":[{"embeddable":true,"href":"https:\/\/ecosupplements.ch\/index.php?rest_route=%2Fwp%2Fv2%2Fcomments&post=5611"}],"wp:featuredmedia":[{"embeddable":true,"href":"https:\/\/ecosupplements.ch\/index.php?rest_route=\/wp\/v2\/media\/5612"}],"wp:attachment":[{"href":"https:\/\/ecosupplements.ch\/index.php?rest_route=%2Fwp%2Fv2%2Fmedia&parent=5611"}],"wp:term":[{"taxonomy":"product_brand","embeddable":true,"href":"https:\/\/ecosupplements.ch\/index.php?rest_route=%2Fwp%2Fv2%2Fproduct_brand&post=5611"},{"taxonomy":"product_cat","embeddable":true,"href":"https:\/\/ecosupplements.ch\/index.php?rest_route=%2Fwp%2Fv2%2Fproduct_cat&post=5611"},{"taxonomy":"product_tag","embeddable":true,"href":"https:\/\/ecosupplements.ch\/index.php?rest_route=%2Fwp%2Fv2%2Fproduct_tag&post=5611"}],"curies":[{"name":"wp","href":"https:\/\/api.w.org\/{rel}","templated":true}]}}