{"id":5632,"date":"2026-05-11T15:08:17","date_gmt":"2026-05-11T15:08:17","guid":{"rendered":"https:\/\/ecosupplements.ch\/?product=now-turkey-tail-500-mg-90-capsules"},"modified":"2026-05-13T07:27:05","modified_gmt":"2026-05-13T07:27:05","slug":"now-turkey-tail-500-mg-90-capsules","status":"publish","type":"product","link":"https:\/\/ecosupplements.ch\/?product=now-turkey-tail-500-mg-90-capsules","title":{"rendered":"NOW Turkey Tail 500 mg (90 Capsules)"},"content":{"rendered":"<div class=\"chcg-product-description\">\n<h2 class=\"chcg-heading\">\u00dcber NOW \u2013 Turkey Tail 500 mg (90 Kapseln)<\/h2>\n<div class=\"chcg-intro\">\n<p>Turkey Tail (Trametes versicolor), auch bekannt als Schmetterlingstramete, ist ein in der traditionellen Naturheilkunde weit verbreiteter Heilpilz. NOW Turkey Tail 500 mg liefert pro Kapsel 500 mg biologisch angebauten Turkey-Tail-Pilz \u2013 bestehend aus Fruchtk\u00f6rper und myzelialer Biomasse \u2013 f\u00fcr eine umfassende Versorgung mit den nat\u00fcrlich vorkommenden Inhaltsstoffen dieses besonderen Pilzes.<\/p>\n<p>Das Produkt wird in Bio-Qualit\u00e4t angebaut und sorgf\u00e4ltig verarbeitet, um die charakteristischen Polysaccharide und weitere nat\u00fcrliche Bestandteile des Pilzes zu erhalten. Als praktische Kapsel l\u00e4sst sich Turkey Tail einfach in den Alltag integrieren \u2013 ideal f\u00fcr alle, die auf hochwertige, pflanzliche Nahrungserg\u00e4nzungsmittel setzen.<\/p>\n<p>NOW Turkey Tail 500 mg ist vegan, vegetarisch und glutenfrei. Die Kapseln werden in einem GMP-zertifizierten Betrieb hergestellt und enthalten als weiteren nat\u00fcrlichen F\u00fcllstoff biologisches Inulinpulver sowie biologisches Sorghummehl.<\/p>\n<\/p><\/div>\n<div class=\"chcg-nutrition\">\n<h3>N\u00e4hrwertangaben<\/h3>\n<table class=\"chcg-nutrition-table\">\n<thead>\n<tr>\n<th>N\u00e4hrstoff<\/th>\n<th>Pro Portion (2 Kapseln)<\/th>\n<\/tr>\n<\/thead>\n<tbody>\n<tr>\n<td>Biologischer Turkey Tail (<em>Trametes versicolor<\/em>) (Fruchtk\u00f6rper und myzeliale Biomasse)<\/td>\n<td>1&#8217;000 mg *<\/td>\n<\/tr>\n<\/tbody>\n<\/table>\n<p class=\"chcg-footnote\">* Kein festgelegter Tagesbedarf.<\/p>\n<\/p><\/div>\n<div class=\"chcg-ingredients\">\n<h3>Zutaten<\/h3>\n<p>Biologischer Turkey Tail (<em>Trametes versicolor<\/em>) (Fruchtk\u00f6rper und myzeliale Biomasse) 500 mg pro Kapsel (1&#8217;000 mg pro Portion). Weitere Zutaten: Biologisches Inulinpulver, pflanzliches Polysaccharid (Kapsel), biologisches Sorghummehl.<\/p>\n<p class=\"chcg-capsule-shell\">Kapselh\u00fclle: Pflanzliches Polysaccharid<\/p>\n<\/p><\/div>\n<div class=\"chcg-dosage\">\n<h3>Verzehrempfehlung<\/h3>\n<p>T\u00e4glich 2 Kapseln, 1- bis 2-mal t\u00e4glich einnehmen.<\/p>\n<\/p><\/div>\n<div class=\"chcg-warnings\">\n<h3>Warnhinweise<\/h3>\n<p>Nur f\u00fcr Erwachsene. Bei Schwangerschaft oder Stillzeit, bei Einnahme von Medikamenten oder bei bestehenden gesundheitlichen Beschwerden vor der Einnahme einen Arzt konsultieren. Ausserhalb der Reichweite von Kindern aufbewahren. Nat\u00fcrliche Farbabweichungen k\u00f6nnen bei diesem Produkt auftreten.<\/p>\n<\/p><\/div>\n<div class=\"chcg-allergens\">\n<h3>Allergeninformationen<\/h3>\n<p>Nicht hergestellt mit Weizen, Gluten, Soja, Milch, Ei, Fisch, Schalentieren, Baumn\u00fcssen oder Sesam. Hergestellt in einem GMP-Betrieb, der andere Zutaten verarbeitet, die diese Allergene enthalten k\u00f6nnen.<\/p>\n<\/p><\/div>\n<div class=\"chcg-storage\">\n<h3>Lagerung<\/h3>\n<p>Nach dem \u00d6ffnen an einem k\u00fchlen, trockenen Ort aufbewahren.<\/p>\n<\/p><\/div>\n<div class=\"chcg-dietary\">\n<h3>Ern\u00e4hrungshinweise<\/h3>\n<ul>\n<li>Vegan<\/li>\n<li>Vegetarisch<\/li>\n<li>Glutenfrei<\/li>\n<li>Laktosefrei<\/li>\n<\/ul><\/div>\n<\/div>\n","protected":false},"excerpt":{"rendered":"<p>NOW Turkey Tail 500 mg liefert biologischen Schmetterlingstrameten-Pilz (Fruchtk\u00f6rper und myzeliale Biomasse) in veganer Kapselform. Packung mit 90 Kapseln f\u00fcr 45 Portionen. Vegan, glutenfrei und in GMP-Qualit\u00e4t hergestellt.<\/p>\n","protected":false},"featured_media":5633,"comment_status":"closed","ping_status":"open","template":"","meta":[],"product_brand":[464],"product_cat":[25],"product_tag":[],"class_list":{"0":"post-5632","1":"product","2":"type-product","3":"status-publish","4":"has-post-thumbnail","6":"product_brand-now","7":"product_cat-gesundheit-und-wohlbefinden","9":"first","10":"outofstock","11":"taxable","12":"shipping-taxable","13":"purchasable","14":"product-type-simple"},"yoast_head":"<!-- This site is optimized with the Yoast SEO plugin v27.5 - https:\/\/yoast.com\/product\/yoast-seo-wordpress\/ -->\n<title>NOW Turkey Tail 500 mg \u2013 90 Kapseln | ecosupplements.ch<\/title>\n<meta name=\"description\" content=\"Biologischer Turkey Tail (Trametes versicolor) \u2013 500 mg pro Kapsel, vegan und glutenfrei. 90 Kapseln in GMP-Qualit\u00e4t von NOW. Jetzt bestellen.\" \/>\n<meta name=\"robots\" content=\"index, follow, max-snippet:-1, max-image-preview:large, max-video-preview:-1\" \/>\n<link rel=\"canonical\" href=\"https:\/\/ecosupplements.ch\/?product=now-turkey-tail-500-mg-90-capsules\" \/>\n<meta property=\"og:locale\" content=\"de_DE\" \/>\n<meta property=\"og:type\" content=\"article\" \/>\n<meta property=\"og:title\" content=\"NOW Turkey Tail 500 mg \u2013 90 Kapseln | ecosupplements.ch\" \/>\n<meta property=\"og:description\" content=\"Biologischer Turkey Tail (Trametes versicolor) \u2013 500 mg pro Kapsel, vegan und glutenfrei. 90 Kapseln in GMP-Qualit\u00e4t von NOW. Jetzt bestellen.\" \/>\n<meta property=\"og:url\" content=\"https:\/\/ecosupplements.ch\/?product=now-turkey-tail-500-mg-90-capsules\" \/>\n<meta property=\"og:site_name\" content=\"Eco Supplements\" \/>\n<meta property=\"article:modified_time\" content=\"2026-05-13T07:27:05+00:00\" \/>\n<meta property=\"og:image\" content=\"https:\/\/ecosupplements.ch\/wp-content\/uploads\/2026\/05\/NOW-Turkey-Tail-500-mg-90-Capsules.webp\" \/>\n\t<meta property=\"og:image:width\" content=\"1000\" \/>\n\t<meta property=\"og:image:height\" content=\"1000\" \/>\n\t<meta property=\"og:image:type\" content=\"image\/jpeg\" \/>\n<meta name=\"twitter:card\" content=\"summary_large_image\" \/>\n<meta name=\"twitter:label1\" content=\"Price\" \/>\n\t<meta name=\"twitter:data1\" content=\"&#067;&#072;&#070;&nbsp;23.26\" \/>\n\t<meta name=\"twitter:label2\" content=\"Availability\" \/>\n\t<meta name=\"twitter:data2\" content=\"Out of stock\" \/>\n<script type=\"application\/ld+json\" class=\"yoast-schema-graph\">{\"@context\":\"https:\\\/\\\/schema.org\",\"@graph\":[{\"@type\":\"WebPage\",\"@id\":\"https:\\\/\\\/ecosupplements.ch\\\/?product=now-turkey-tail-500-mg-90-capsules\",\"url\":\"https:\\\/\\\/ecosupplements.ch\\\/?product=now-turkey-tail-500-mg-90-capsules\",\"name\":\"NOW Turkey Tail 500 mg \u2013 90 Kapseln | ecosupplements.ch\",\"isPartOf\":{\"@id\":\"https:\\\/\\\/ecosupplements.ch\\\/#website\"},\"primaryImageOfPage\":{\"@id\":\"https:\\\/\\\/ecosupplements.ch\\\/?product=now-turkey-tail-500-mg-90-capsules#primaryimage\"},\"image\":{\"@id\":\"https:\\\/\\\/ecosupplements.ch\\\/?product=now-turkey-tail-500-mg-90-capsules#primaryimage\"},\"thumbnailUrl\":\"https:\\\/\\\/ecosupplements.ch\\\/wp-content\\\/uploads\\\/2026\\\/05\\\/NOW-Turkey-Tail-500-mg-90-Capsules.webp\",\"datePublished\":\"2026-05-11T15:08:17+00:00\",\"dateModified\":\"2026-05-13T07:27:05+00:00\",\"description\":\"Biologischer Turkey Tail (Trametes versicolor) \u2013 500 mg pro Kapsel, vegan und glutenfrei. 90 Kapseln in GMP-Qualit\u00e4t von NOW. Jetzt bestellen.\",\"breadcrumb\":{\"@id\":\"https:\\\/\\\/ecosupplements.ch\\\/?product=now-turkey-tail-500-mg-90-capsules#breadcrumb\"},\"inLanguage\":\"de-CH\",\"potentialAction\":[{\"@type\":\"ReadAction\",\"target\":[\"https:\\\/\\\/ecosupplements.ch\\\/?product=now-turkey-tail-500-mg-90-capsules\"]}]},{\"@type\":\"ImageObject\",\"inLanguage\":\"de-CH\",\"@id\":\"https:\\\/\\\/ecosupplements.ch\\\/?product=now-turkey-tail-500-mg-90-capsules#primaryimage\",\"url\":\"https:\\\/\\\/ecosupplements.ch\\\/wp-content\\\/uploads\\\/2026\\\/05\\\/NOW-Turkey-Tail-500-mg-90-Capsules.webp\",\"contentUrl\":\"https:\\\/\\\/ecosupplements.ch\\\/wp-content\\\/uploads\\\/2026\\\/05\\\/NOW-Turkey-Tail-500-mg-90-Capsules.webp\",\"width\":1000,\"height\":1000,\"caption\":\"NOW Turkey Tail 500 mg (90 Capsules)\"},{\"@type\":\"BreadcrumbList\",\"@id\":\"https:\\\/\\\/ecosupplements.ch\\\/?product=now-turkey-tail-500-mg-90-capsules#breadcrumb\",\"itemListElement\":[{\"@type\":\"ListItem\",\"position\":1,\"name\":\"Home\",\"item\":\"https:\\\/\\\/ecosupplements.ch\\\/\"},{\"@type\":\"ListItem\",\"position\":2,\"name\":\"Shop\",\"item\":\"https:\\\/\\\/ecosupplements.ch\\\/?page_id=14\"},{\"@type\":\"ListItem\",\"position\":3,\"name\":\"NOW Turkey Tail 500 mg (90 Capsules)\"}]},{\"@type\":\"WebSite\",\"@id\":\"https:\\\/\\\/ecosupplements.ch\\\/#website\",\"url\":\"https:\\\/\\\/ecosupplements.ch\\\/\",\"name\":\"Eco Supplements\",\"description\":\"\",\"potentialAction\":[{\"@type\":\"SearchAction\",\"target\":{\"@type\":\"EntryPoint\",\"urlTemplate\":\"https:\\\/\\\/ecosupplements.ch\\\/?s={search_term_string}\"},\"query-input\":{\"@type\":\"PropertyValueSpecification\",\"valueRequired\":true,\"valueName\":\"search_term_string\"}}],\"inLanguage\":\"de-CH\"}]}<\/script>\n<meta property=\"product:price:amount\" content=\"23.26\" \/>\n<meta property=\"product:price:currency\" content=\"CHF\" \/>\n<meta property=\"og:availability\" content=\"out of stock\" \/>\n<meta property=\"product:availability\" content=\"out of stock\" \/>\n<meta property=\"product:retailer_item_id\" content=\"733739047946\" \/>\n<meta property=\"product:condition\" content=\"new\" \/>\n<!-- \/ Yoast SEO plugin. -->","yoast_head_json":{"title":"NOW Turkey Tail 500 mg \u2013 90 Kapseln | ecosupplements.ch","description":"Biologischer Turkey Tail (Trametes versicolor) \u2013 500 mg pro Kapsel, vegan und glutenfrei. 90 Kapseln in GMP-Qualit\u00e4t von NOW. Jetzt bestellen.","robots":{"index":"index","follow":"follow","max-snippet":"max-snippet:-1","max-image-preview":"max-image-preview:large","max-video-preview":"max-video-preview:-1"},"canonical":"https:\/\/ecosupplements.ch\/?product=now-turkey-tail-500-mg-90-capsules","og_locale":"de_DE","og_type":"article","og_title":"NOW Turkey Tail 500 mg \u2013 90 Kapseln | ecosupplements.ch","og_description":"Biologischer Turkey Tail (Trametes versicolor) \u2013 500 mg pro Kapsel, vegan und glutenfrei. 90 Kapseln in GMP-Qualit\u00e4t von NOW. Jetzt bestellen.","og_url":"https:\/\/ecosupplements.ch\/?product=now-turkey-tail-500-mg-90-capsules","og_site_name":"Eco Supplements","article_modified_time":"2026-05-13T07:27:05+00:00","og_image":[{"width":1000,"height":1000,"url":"https:\/\/ecosupplements.ch\/wp-content\/uploads\/2026\/05\/NOW-Turkey-Tail-500-mg-90-Capsules.webp","type":"image\/jpeg"}],"twitter_card":"summary_large_image","twitter_misc":{"Price":"&#67;&#72;&#70;&nbsp;23.26","Availability":"Out of stock"},"schema":{"@context":"https:\/\/schema.org","@graph":[{"@type":"WebPage","@id":"https:\/\/ecosupplements.ch\/?product=now-turkey-tail-500-mg-90-capsules","url":"https:\/\/ecosupplements.ch\/?product=now-turkey-tail-500-mg-90-capsules","name":"NOW Turkey Tail 500 mg \u2013 90 Kapseln | ecosupplements.ch","isPartOf":{"@id":"https:\/\/ecosupplements.ch\/#website"},"primaryImageOfPage":{"@id":"https:\/\/ecosupplements.ch\/?product=now-turkey-tail-500-mg-90-capsules#primaryimage"},"image":{"@id":"https:\/\/ecosupplements.ch\/?product=now-turkey-tail-500-mg-90-capsules#primaryimage"},"thumbnailUrl":"https:\/\/ecosupplements.ch\/wp-content\/uploads\/2026\/05\/NOW-Turkey-Tail-500-mg-90-Capsules.webp","datePublished":"2026-05-11T15:08:17+00:00","dateModified":"2026-05-13T07:27:05+00:00","description":"Biologischer Turkey Tail (Trametes versicolor) \u2013 500 mg pro Kapsel, vegan und glutenfrei. 90 Kapseln in GMP-Qualit\u00e4t von NOW. Jetzt bestellen.","breadcrumb":{"@id":"https:\/\/ecosupplements.ch\/?product=now-turkey-tail-500-mg-90-capsules#breadcrumb"},"inLanguage":"de-CH","potentialAction":[{"@type":"ReadAction","target":["https:\/\/ecosupplements.ch\/?product=now-turkey-tail-500-mg-90-capsules"]}]},{"@type":"ImageObject","inLanguage":"de-CH","@id":"https:\/\/ecosupplements.ch\/?product=now-turkey-tail-500-mg-90-capsules#primaryimage","url":"https:\/\/ecosupplements.ch\/wp-content\/uploads\/2026\/05\/NOW-Turkey-Tail-500-mg-90-Capsules.webp","contentUrl":"https:\/\/ecosupplements.ch\/wp-content\/uploads\/2026\/05\/NOW-Turkey-Tail-500-mg-90-Capsules.webp","width":1000,"height":1000,"caption":"NOW Turkey Tail 500 mg (90 Capsules)"},{"@type":"BreadcrumbList","@id":"https:\/\/ecosupplements.ch\/?product=now-turkey-tail-500-mg-90-capsules#breadcrumb","itemListElement":[{"@type":"ListItem","position":1,"name":"Home","item":"https:\/\/ecosupplements.ch\/"},{"@type":"ListItem","position":2,"name":"Shop","item":"https:\/\/ecosupplements.ch\/?page_id=14"},{"@type":"ListItem","position":3,"name":"NOW Turkey Tail 500 mg (90 Capsules)"}]},{"@type":"WebSite","@id":"https:\/\/ecosupplements.ch\/#website","url":"https:\/\/ecosupplements.ch\/","name":"Eco Supplements","description":"","potentialAction":[{"@type":"SearchAction","target":{"@type":"EntryPoint","urlTemplate":"https:\/\/ecosupplements.ch\/?s={search_term_string}"},"query-input":{"@type":"PropertyValueSpecification","valueRequired":true,"valueName":"search_term_string"}}],"inLanguage":"de-CH"}]},"product_price_amount":"23.26","product_price_currency":"CHF","og_availability":"out of stock","product_availability":"out of stock","product_retailer_item_id":"733739047946","product_condition":"new"},"_links":{"self":[{"href":"https:\/\/ecosupplements.ch\/index.php?rest_route=\/wp\/v2\/product\/5632","targetHints":{"allow":["GET"]}}],"collection":[{"href":"https:\/\/ecosupplements.ch\/index.php?rest_route=\/wp\/v2\/product"}],"about":[{"href":"https:\/\/ecosupplements.ch\/index.php?rest_route=\/wp\/v2\/types\/product"}],"replies":[{"embeddable":true,"href":"https:\/\/ecosupplements.ch\/index.php?rest_route=%2Fwp%2Fv2%2Fcomments&post=5632"}],"wp:featuredmedia":[{"embeddable":true,"href":"https:\/\/ecosupplements.ch\/index.php?rest_route=\/wp\/v2\/media\/5633"}],"wp:attachment":[{"href":"https:\/\/ecosupplements.ch\/index.php?rest_route=%2Fwp%2Fv2%2Fmedia&parent=5632"}],"wp:term":[{"taxonomy":"product_brand","embeddable":true,"href":"https:\/\/ecosupplements.ch\/index.php?rest_route=%2Fwp%2Fv2%2Fproduct_brand&post=5632"},{"taxonomy":"product_cat","embeddable":true,"href":"https:\/\/ecosupplements.ch\/index.php?rest_route=%2Fwp%2Fv2%2Fproduct_cat&post=5632"},{"taxonomy":"product_tag","embeddable":true,"href":"https:\/\/ecosupplements.ch\/index.php?rest_route=%2Fwp%2Fv2%2Fproduct_tag&post=5632"}],"curies":[{"name":"wp","href":"https:\/\/api.w.org\/{rel}","templated":true}]}}