{"id":5647,"date":"2026-05-11T15:08:25","date_gmt":"2026-05-11T15:08:25","guid":{"rendered":"https:\/\/ecosupplements.ch\/?product=now-vitamin-d-3-10000-iu-30-softgels"},"modified":"2026-05-13T07:27:05","modified_gmt":"2026-05-13T07:27:05","slug":"now-vitamin-d-3-10000-iu-30-softgels","status":"publish","type":"product","link":"https:\/\/ecosupplements.ch\/?product=now-vitamin-d-3-10000-iu-30-softgels","title":{"rendered":"NOW Vitamin D-3 10,000 IU (30 Softgels)"},"content":{"rendered":"<div class=\"chcg-product-description\">\n<h2 class=\"chcg-heading\">\u00dcber NOW \u2013 NOW Vitamin D-3 10,000 IU (30 Softgels)<\/h2>\n<div class=\"chcg-intro\">\n<p>Vitamin D3 (Cholecalciferol) ist die nat\u00fcrliche Form von Vitamin D, die der K\u00f6rper durch Sonnenlichteinwirkung selbst herstellt. NOW Vitamin D-3 10,000 IU liefert pro Softgel eine hochdosierte Menge von 250 mcg (10,000 IU) Vitamin D3, gewonnen aus Lanolin. Vitamin D tr\u00e4gt zur normalen Aufnahme und Verwertung von Calcium und Phosphor bei sowie zur Erhaltung normaler Knochenfunktion und Muskelfunktion.<\/p>\n<p>Dar\u00fcber hinaus unterst\u00fctzt Vitamin D die normale Funktion des Immunsystems und tr\u00e4gt dazu bei, den Calciumspiegel im Blut normal zu halten. Die praktische Dosierung von einem Softgel alle drei Tage macht dieses Produkt besonders einfach in den Alltag zu integrieren. Jeder Softgel enth\u00e4lt Extra Virgin Oliven\u00f6l und Saflor\u00f6l, um eine optimale Aufnahme des fettl\u00f6slichen Vitamins zu f\u00f6rdern.<\/p>\n<p>NOW ist eine renommierte amerikanische Marke mit jahrzehntelanger Erfahrung in der Herstellung hochwertiger Nahrungserg\u00e4nzungsmittel. Das Produkt wird in einer GMP-zertifizierten Anlage produziert und enth\u00e4lt kein BSE-behaftetes Material in der Kapselh\u00fclle.<\/p>\n<\/p><\/div>\n<div class=\"chcg-nutrition\">\n<h3>N\u00e4hrwertangaben<\/h3>\n<table class=\"chcg-nutrition-table\">\n<thead>\n<tr>\n<th>N\u00e4hrstoff<\/th>\n<th>Pro Portion (1 Softgel)<\/th>\n<\/tr>\n<\/thead>\n<tbody>\n<tr>\n<td>Vitamin D (als D3 Cholecalciferol) (aus Lanolin)<\/td>\n<td>250 mcg (10,000 IU) (1250 % des Tagesbedarfs)<\/td>\n<\/tr>\n<\/tbody>\n<\/table><\/div>\n<div class=\"chcg-ingredients\">\n<h3>Zutaten<\/h3>\n<p>Wirkstoff: Vitamin D (als D3 Cholecalciferol) (aus Lanolin) 250 mcg (10,000 IU). Weitere Zutaten: Extra Virgin Oliven\u00f6l, Saflor\u00f6l.<\/p>\n<p class=\"chcg-capsule-shell\">Kapselh\u00fclle: Softgel-Kapsel [bovine Gelatine (BSE-frei), Glycerin, Wasser]\n<\/p><\/div>\n<div class=\"chcg-dosage\">\n<h3>Verzehrempfehlung<\/h3>\n<p>Nehmen Sie 1 Softgel alle 3 Tage zu einer fetthaltigen Mahlzeit ein, oder gem\u00e4ss Anweisung Ihres Arztes oder Ihrer \u00c4rztin.<\/p>\n<\/p><\/div>\n<div class=\"chcg-warnings\">\n<h3>Warnhinweise<\/h3>\n<p>Nur f\u00fcr Erwachsene. Die empfohlene Dosierung nicht \u00fcberschreiten. Konsultieren Sie einen Arzt oder eine \u00c4rztin, wenn Sie schwanger sind oder stillen, Medikamente einnehmen (insbesondere topische Psoriasis-Medikamente oder Thiazid-Diuretika) oder an einer Erkrankung leiden (insbesondere Hyperkalz\u00e4mie, Nierenerkrankungen oder Hyperparathyreoidismus). Ausserhalb der Reichweite von Kindern aufbewahren. Nat\u00fcrliche Farbvariationen des Produkts sind m\u00f6glich.<\/p>\n<\/p><\/div>\n<div class=\"chcg-allergens\">\n<h3>Allergeninformationen<\/h3>\n<p>Nicht hergestellt mit Hefe, Weizen, Gluten, Soja, Mais, Milch, Ei, Fisch, Schalentieren oder Sesam. Produziert in einer GMP-Anlage, die andere Zutaten verarbeitet, welche diese Allergene enthalten k\u00f6nnen.<\/p>\n<\/p><\/div>\n<div class=\"chcg-storage\">\n<h3>Lagerung<\/h3>\n<p>Nach dem \u00d6ffnen an einem k\u00fchlen, trockenen Ort aufbewahren.<\/p>\n<\/p><\/div>\n<div class=\"chcg-dietary\">\n<h3>Ern\u00e4hrungshinweise<\/h3>\n<ul>\n<li>Glutenfrei<\/li>\n<li>Laktosefrei<\/li>\n<\/ul><\/div>\n<\/div>\n","protected":false},"excerpt":{"rendered":"<p>NOW Vitamin D-3 10,000 IU liefert hochdosiertes Vitamin D3 zur Unterst\u00fctzung von Knochen, Muskeln und Immunsystem. 30 Softgels, je 1 Kapsel alle 3 Tage einzunehmen. Glutenfrei und laktosefrei.<\/p>\n","protected":false},"featured_media":5648,"comment_status":"closed","ping_status":"open","template":"","meta":[],"product_brand":[464],"product_cat":[25,21],"product_tag":[],"class_list":{"0":"post-5647","1":"product","2":"type-product","3":"status-publish","4":"has-post-thumbnail","6":"product_brand-now","7":"product_cat-gesundheit-und-wohlbefinden","8":"product_cat-vitamine-und-mineralstoffe","10":"first","11":"outofstock","12":"taxable","13":"shipping-taxable","14":"purchasable","15":"product-type-simple"},"yoast_head":"<!-- This site is optimized with the Yoast SEO plugin v27.5 - https:\/\/yoast.com\/product\/yoast-seo-wordpress\/ -->\n<title>NOW Vitamin D-3 10,000 IU 30 Softgels | ecosupplements.ch<\/title>\n<meta name=\"description\" content=\"Hochdosiertes Vitamin D3 (250 mcg \/ 10,000 IU) pro Softgel f\u00fcr Knochen, Muskeln und Immunsystem. 30 Softgels von NOW. Jetzt bestellen.\" \/>\n<meta name=\"robots\" content=\"index, follow, max-snippet:-1, max-image-preview:large, max-video-preview:-1\" \/>\n<link rel=\"canonical\" href=\"https:\/\/ecosupplements.ch\/?product=now-vitamin-d-3-10000-iu-30-softgels\" \/>\n<meta property=\"og:locale\" content=\"de_DE\" \/>\n<meta property=\"og:type\" content=\"article\" \/>\n<meta property=\"og:title\" content=\"NOW Vitamin D-3 10,000 IU 30 Softgels | ecosupplements.ch\" \/>\n<meta property=\"og:description\" content=\"Hochdosiertes Vitamin D3 (250 mcg \/ 10,000 IU) pro Softgel f\u00fcr Knochen, Muskeln und Immunsystem. 30 Softgels von NOW. Jetzt bestellen.\" \/>\n<meta property=\"og:url\" content=\"https:\/\/ecosupplements.ch\/?product=now-vitamin-d-3-10000-iu-30-softgels\" \/>\n<meta property=\"og:site_name\" content=\"Eco Supplements\" \/>\n<meta property=\"article:modified_time\" content=\"2026-05-13T07:27:05+00:00\" \/>\n<meta property=\"og:image\" content=\"https:\/\/ecosupplements.ch\/wp-content\/uploads\/2026\/05\/NOW-Vitamin-D-3-10000-IU-30-Softgels.webp\" \/>\n\t<meta property=\"og:image:width\" content=\"1000\" \/>\n\t<meta property=\"og:image:height\" content=\"1000\" \/>\n\t<meta property=\"og:image:type\" content=\"image\/jpeg\" \/>\n<meta name=\"twitter:card\" content=\"summary_large_image\" \/>\n<meta name=\"twitter:label1\" content=\"Price\" \/>\n\t<meta name=\"twitter:data1\" content=\"&#067;&#072;&#070;&nbsp;4.95\" \/>\n\t<meta name=\"twitter:label2\" content=\"Availability\" \/>\n\t<meta name=\"twitter:data2\" content=\"Out of stock\" \/>\n<script type=\"application\/ld+json\" class=\"yoast-schema-graph\">{\"@context\":\"https:\\\/\\\/schema.org\",\"@graph\":[{\"@type\":\"WebPage\",\"@id\":\"https:\\\/\\\/ecosupplements.ch\\\/?product=now-vitamin-d-3-10000-iu-30-softgels\",\"url\":\"https:\\\/\\\/ecosupplements.ch\\\/?product=now-vitamin-d-3-10000-iu-30-softgels\",\"name\":\"NOW Vitamin D-3 10,000 IU 30 Softgels | ecosupplements.ch\",\"isPartOf\":{\"@id\":\"https:\\\/\\\/ecosupplements.ch\\\/#website\"},\"primaryImageOfPage\":{\"@id\":\"https:\\\/\\\/ecosupplements.ch\\\/?product=now-vitamin-d-3-10000-iu-30-softgels#primaryimage\"},\"image\":{\"@id\":\"https:\\\/\\\/ecosupplements.ch\\\/?product=now-vitamin-d-3-10000-iu-30-softgels#primaryimage\"},\"thumbnailUrl\":\"https:\\\/\\\/ecosupplements.ch\\\/wp-content\\\/uploads\\\/2026\\\/05\\\/NOW-Vitamin-D-3-10000-IU-30-Softgels.webp\",\"datePublished\":\"2026-05-11T15:08:25+00:00\",\"dateModified\":\"2026-05-13T07:27:05+00:00\",\"description\":\"Hochdosiertes Vitamin D3 (250 mcg \\\/ 10,000 IU) pro Softgel f\u00fcr Knochen, Muskeln und Immunsystem. 30 Softgels von NOW. Jetzt bestellen.\",\"breadcrumb\":{\"@id\":\"https:\\\/\\\/ecosupplements.ch\\\/?product=now-vitamin-d-3-10000-iu-30-softgels#breadcrumb\"},\"inLanguage\":\"de-CH\",\"potentialAction\":[{\"@type\":\"ReadAction\",\"target\":[\"https:\\\/\\\/ecosupplements.ch\\\/?product=now-vitamin-d-3-10000-iu-30-softgels\"]}]},{\"@type\":\"ImageObject\",\"inLanguage\":\"de-CH\",\"@id\":\"https:\\\/\\\/ecosupplements.ch\\\/?product=now-vitamin-d-3-10000-iu-30-softgels#primaryimage\",\"url\":\"https:\\\/\\\/ecosupplements.ch\\\/wp-content\\\/uploads\\\/2026\\\/05\\\/NOW-Vitamin-D-3-10000-IU-30-Softgels.webp\",\"contentUrl\":\"https:\\\/\\\/ecosupplements.ch\\\/wp-content\\\/uploads\\\/2026\\\/05\\\/NOW-Vitamin-D-3-10000-IU-30-Softgels.webp\",\"width\":1000,\"height\":1000,\"caption\":\"NOW Vitamin D-3 10\"},{\"@type\":\"BreadcrumbList\",\"@id\":\"https:\\\/\\\/ecosupplements.ch\\\/?product=now-vitamin-d-3-10000-iu-30-softgels#breadcrumb\",\"itemListElement\":[{\"@type\":\"ListItem\",\"position\":1,\"name\":\"Home\",\"item\":\"https:\\\/\\\/ecosupplements.ch\\\/\"},{\"@type\":\"ListItem\",\"position\":2,\"name\":\"Shop\",\"item\":\"https:\\\/\\\/ecosupplements.ch\\\/?page_id=14\"},{\"@type\":\"ListItem\",\"position\":3,\"name\":\"NOW Vitamin D-3 10,000 IU (30 Softgels)\"}]},{\"@type\":\"WebSite\",\"@id\":\"https:\\\/\\\/ecosupplements.ch\\\/#website\",\"url\":\"https:\\\/\\\/ecosupplements.ch\\\/\",\"name\":\"Eco Supplements\",\"description\":\"\",\"potentialAction\":[{\"@type\":\"SearchAction\",\"target\":{\"@type\":\"EntryPoint\",\"urlTemplate\":\"https:\\\/\\\/ecosupplements.ch\\\/?s={search_term_string}\"},\"query-input\":{\"@type\":\"PropertyValueSpecification\",\"valueRequired\":true,\"valueName\":\"search_term_string\"}}],\"inLanguage\":\"de-CH\"}]}<\/script>\n<meta property=\"product:price:amount\" content=\"4.95\" \/>\n<meta property=\"product:price:currency\" content=\"CHF\" \/>\n<meta property=\"og:availability\" content=\"out of stock\" \/>\n<meta property=\"product:availability\" content=\"out of stock\" \/>\n<meta property=\"product:retailer_item_id\" content=\"733739003874\" \/>\n<meta property=\"product:condition\" content=\"new\" \/>\n<!-- \/ Yoast SEO plugin. -->","yoast_head_json":{"title":"NOW Vitamin D-3 10,000 IU 30 Softgels | ecosupplements.ch","description":"Hochdosiertes Vitamin D3 (250 mcg \/ 10,000 IU) pro Softgel f\u00fcr Knochen, Muskeln und Immunsystem. 30 Softgels von NOW. Jetzt bestellen.","robots":{"index":"index","follow":"follow","max-snippet":"max-snippet:-1","max-image-preview":"max-image-preview:large","max-video-preview":"max-video-preview:-1"},"canonical":"https:\/\/ecosupplements.ch\/?product=now-vitamin-d-3-10000-iu-30-softgels","og_locale":"de_DE","og_type":"article","og_title":"NOW Vitamin D-3 10,000 IU 30 Softgels | ecosupplements.ch","og_description":"Hochdosiertes Vitamin D3 (250 mcg \/ 10,000 IU) pro Softgel f\u00fcr Knochen, Muskeln und Immunsystem. 30 Softgels von NOW. Jetzt bestellen.","og_url":"https:\/\/ecosupplements.ch\/?product=now-vitamin-d-3-10000-iu-30-softgels","og_site_name":"Eco Supplements","article_modified_time":"2026-05-13T07:27:05+00:00","og_image":[{"width":1000,"height":1000,"url":"https:\/\/ecosupplements.ch\/wp-content\/uploads\/2026\/05\/NOW-Vitamin-D-3-10000-IU-30-Softgels.webp","type":"image\/jpeg"}],"twitter_card":"summary_large_image","twitter_misc":{"Price":"&#67;&#72;&#70;&nbsp;4.95","Availability":"Out of stock"},"schema":{"@context":"https:\/\/schema.org","@graph":[{"@type":"WebPage","@id":"https:\/\/ecosupplements.ch\/?product=now-vitamin-d-3-10000-iu-30-softgels","url":"https:\/\/ecosupplements.ch\/?product=now-vitamin-d-3-10000-iu-30-softgels","name":"NOW Vitamin D-3 10,000 IU 30 Softgels | ecosupplements.ch","isPartOf":{"@id":"https:\/\/ecosupplements.ch\/#website"},"primaryImageOfPage":{"@id":"https:\/\/ecosupplements.ch\/?product=now-vitamin-d-3-10000-iu-30-softgels#primaryimage"},"image":{"@id":"https:\/\/ecosupplements.ch\/?product=now-vitamin-d-3-10000-iu-30-softgels#primaryimage"},"thumbnailUrl":"https:\/\/ecosupplements.ch\/wp-content\/uploads\/2026\/05\/NOW-Vitamin-D-3-10000-IU-30-Softgels.webp","datePublished":"2026-05-11T15:08:25+00:00","dateModified":"2026-05-13T07:27:05+00:00","description":"Hochdosiertes Vitamin D3 (250 mcg \/ 10,000 IU) pro Softgel f\u00fcr Knochen, Muskeln und Immunsystem. 30 Softgels von NOW. Jetzt bestellen.","breadcrumb":{"@id":"https:\/\/ecosupplements.ch\/?product=now-vitamin-d-3-10000-iu-30-softgels#breadcrumb"},"inLanguage":"de-CH","potentialAction":[{"@type":"ReadAction","target":["https:\/\/ecosupplements.ch\/?product=now-vitamin-d-3-10000-iu-30-softgels"]}]},{"@type":"ImageObject","inLanguage":"de-CH","@id":"https:\/\/ecosupplements.ch\/?product=now-vitamin-d-3-10000-iu-30-softgels#primaryimage","url":"https:\/\/ecosupplements.ch\/wp-content\/uploads\/2026\/05\/NOW-Vitamin-D-3-10000-IU-30-Softgels.webp","contentUrl":"https:\/\/ecosupplements.ch\/wp-content\/uploads\/2026\/05\/NOW-Vitamin-D-3-10000-IU-30-Softgels.webp","width":1000,"height":1000,"caption":"NOW Vitamin D-3 10"},{"@type":"BreadcrumbList","@id":"https:\/\/ecosupplements.ch\/?product=now-vitamin-d-3-10000-iu-30-softgels#breadcrumb","itemListElement":[{"@type":"ListItem","position":1,"name":"Home","item":"https:\/\/ecosupplements.ch\/"},{"@type":"ListItem","position":2,"name":"Shop","item":"https:\/\/ecosupplements.ch\/?page_id=14"},{"@type":"ListItem","position":3,"name":"NOW Vitamin D-3 10,000 IU (30 Softgels)"}]},{"@type":"WebSite","@id":"https:\/\/ecosupplements.ch\/#website","url":"https:\/\/ecosupplements.ch\/","name":"Eco Supplements","description":"","potentialAction":[{"@type":"SearchAction","target":{"@type":"EntryPoint","urlTemplate":"https:\/\/ecosupplements.ch\/?s={search_term_string}"},"query-input":{"@type":"PropertyValueSpecification","valueRequired":true,"valueName":"search_term_string"}}],"inLanguage":"de-CH"}]},"product_price_amount":"4.95","product_price_currency":"CHF","og_availability":"out of stock","product_availability":"out of stock","product_retailer_item_id":"733739003874","product_condition":"new"},"_links":{"self":[{"href":"https:\/\/ecosupplements.ch\/index.php?rest_route=\/wp\/v2\/product\/5647","targetHints":{"allow":["GET"]}}],"collection":[{"href":"https:\/\/ecosupplements.ch\/index.php?rest_route=\/wp\/v2\/product"}],"about":[{"href":"https:\/\/ecosupplements.ch\/index.php?rest_route=\/wp\/v2\/types\/product"}],"replies":[{"embeddable":true,"href":"https:\/\/ecosupplements.ch\/index.php?rest_route=%2Fwp%2Fv2%2Fcomments&post=5647"}],"wp:featuredmedia":[{"embeddable":true,"href":"https:\/\/ecosupplements.ch\/index.php?rest_route=\/wp\/v2\/media\/5648"}],"wp:attachment":[{"href":"https:\/\/ecosupplements.ch\/index.php?rest_route=%2Fwp%2Fv2%2Fmedia&parent=5647"}],"wp:term":[{"taxonomy":"product_brand","embeddable":true,"href":"https:\/\/ecosupplements.ch\/index.php?rest_route=%2Fwp%2Fv2%2Fproduct_brand&post=5647"},{"taxonomy":"product_cat","embeddable":true,"href":"https:\/\/ecosupplements.ch\/index.php?rest_route=%2Fwp%2Fv2%2Fproduct_cat&post=5647"},{"taxonomy":"product_tag","embeddable":true,"href":"https:\/\/ecosupplements.ch\/index.php?rest_route=%2Fwp%2Fv2%2Fproduct_tag&post=5647"}],"curies":[{"name":"wp","href":"https:\/\/api.w.org\/{rel}","templated":true}]}}