{"id":5677,"date":"2026-05-11T15:08:41","date_gmt":"2026-05-11T15:08:41","guid":{"rendered":"https:\/\/ecosupplements.ch\/?product=natural-factors-biocoenzymated-benfotiamine-b1-plus-sulbutiamine-60-capsules"},"modified":"2026-05-13T07:27:16","modified_gmt":"2026-05-13T07:27:16","slug":"natural-factors-biocoenzymated-benfotiamine-b1-plus-sulbutiamine-60-capsules","status":"publish","type":"product","link":"https:\/\/ecosupplements.ch\/?product=natural-factors-biocoenzymated-benfotiamine-b1-plus-sulbutiamine-60-capsules","title":{"rendered":"Natural Factors BioCoenzymated Benfotiamine \u2022 B1 plus Sulbutiamine (60 Capsules)"},"content":{"rendered":"<div class=\"chcg-product-description\">\n<h2 class=\"chcg-heading\">\u00dcber Natural Factors \u2013 BioCoenzymated Benfotiamine \u2022 B1 plus Sulbutiamine (60 Kapseln)<\/h2>\n<div class=\"chcg-intro\">\n<p>Natural Factors BioCoenzymated Benfotiamine \u2022 B1 plus Sulbutiamine vereint zwei hochwirksame, fettl\u00f6sliche Formen von Vitamin B1 in einer einzigen vegetarischen Kapsel. Benfotiamin und Sulbutiamin sind bekannt f\u00fcr ihre \u00fcberlegene Bioverf\u00fcgbarkeit im Vergleich zu herk\u00f6mmlichem Thiamin, was eine effiziente Aufnahme durch den K\u00f6rper unterst\u00fctzt. Vitamin B1 tr\u00e4gt zur normalen Funktion des Nervensystems sowie zu einem normalen Energiestoffwechsel bei.<\/p>\n<p>Die BioCoenzymated-Formel von Natural Factors wurde entwickelt, um die nat\u00fcrliche Coenzymform von Vitamin B1 bereitzustellen, die der K\u00f6rper direkt verwerten kann. Mit 110,3 mg Vitamin B1 pro Kapsel bietet dieses Produkt eine gezielte Unterst\u00fctzung f\u00fcr all jene, die auf eine optimale N\u00e4hrstoffversorgung Wert legen. Erg\u00e4nzt wird die Formel durch den exklusiven Farm Fresh Factors\u00ae-Komplex aus biologischen Pflanzenextrakten.<\/p>\n<p>Als veganes und glutenfreies Produkt ohne k\u00fcnstliche Zusatzstoffe eignet sich dieses Nahrungserg\u00e4nzungsmittel besonders f\u00fcr Menschen mit erh\u00f6hten Anspr\u00fcchen an Reinheit und Qualit\u00e4t. Mit 60 Kapseln pro Packung bietet Natural Factors eine zuverl\u00e4ssige und praktische Erg\u00e4nzung des t\u00e4glichen N\u00e4hrstoffbedarfs.<\/p>\n<\/p><\/div>\n<div class=\"chcg-nutrition\">\n<h3>N\u00e4hrwertangaben<\/h3>\n<table class=\"chcg-nutrition-table\">\n<thead>\n<tr>\n<th>N\u00e4hrstoff<\/th>\n<th>Pro Portion (1 Kapsel)<\/th>\n<\/tr>\n<\/thead>\n<tbody>\n<tr>\n<td>Vitamin B1 (Benfotiamin, Sulbutiamin)<\/td>\n<td>110,3 mg<\/td>\n<\/tr>\n<\/tbody>\n<\/table><\/div>\n<div class=\"chcg-ingredients\">\n<h3>Zutaten<\/h3>\n<p>Medizinische Wirkstoffe: Vitamin B1 (Benfotiamin, Sulbutiamin) 110,3 mg. Nicht-medizinische Zutaten: Vegetarische Kapsel (Kohlenhydratgummi [Zellulose], gereinigtes Wasser), mikrokristalline Zellulose, Farm Fresh Factors\u00ae* (Bio-Gr\u00fcnkohl, Bio-Alfalfa, Bio-Korianderblatt, Bio-Petersilie, Kapernbeere, gekeimter Knoblauch, Bio-Artischocke, Bio-Schwarzer Rettich, Bio-L\u00f6wenzahn, Gerstengras, Paprika, Bio-Selleriesamen, Bio-Rote Bete, Bio-Tomate), pflanzliches Magnesiumstearat (Gleitmittel), Stearins\u00e4ure.<\/p>\n<p class=\"chcg-capsule-shell\">Kapselh\u00fclle: Vegetarische Kapsel (Kohlenhydratgummi [Zellulose], gereinigtes Wasser)<\/p>\n<\/p><\/div>\n<div class=\"chcg-dosage\">\n<h3>Verzehrempfehlung<\/h3>\n<p>Empfohlene Tagesdosis f\u00fcr Erwachsene: 1 Kapsel t\u00e4glich oder gem\u00e4ss Anweisung einer medizinischen Fachperson. Bioverf\u00fcgbarkeit: 2 Kapseln t\u00e4glich oder gem\u00e4ss Anweisung einer medizinischen Fachperson. Polyneuropathie: 1 Kapsel 3-mal t\u00e4glich oder gem\u00e4ss Anweisung einer medizinischen Fachperson. Bei Anwendung wegen Polyneuropathie: Konsultieren Sie eine medizinische Fachperson bei einer Anwendung \u00fcber 6 Wochen hinaus. F\u00fcr alle anderen Anwendungen: Konsultieren Sie eine medizinische Fachperson bei einer Anwendung \u00fcber 2 Monate hinaus.<\/p>\n<\/p><\/div>\n<div class=\"chcg-warnings\">\n<h3>Warnhinweise<\/h3>\n<p>Konsultieren Sie vor der Einnahme eine medizinische Fachperson, wenn Sie schwanger sind oder stillen, an Gallensteinen oder einer Gallenerkrankung leiden, an Lupus erkrankt sind, an einer fortschreitenden systemischen Erkrankung wie Tuberkulose, Kollagenose, Multipler Sklerose, AIDS und\/oder HIV-Infektion leiden, an einer Autoimmunerkrankung erkrankt sind oder Proteasehemmer einnehmen. Konsultieren Sie eine medizinische Fachperson, wenn die Symptome anhalten oder sich verschlimmern. Ausserhalb der Reichweite von Kindern aufbewahren.<\/p>\n<\/p><\/div>\n<div class=\"chcg-allergens\">\n<h3>Allergeninformationen<\/h3>\n<p>Enth\u00e4lt keine k\u00fcnstlichen Farbstoffe, Konservierungsstoffe oder S\u00fcssungsmittel; kein Milchprodukt, keine St\u00e4rke, keinen Zucker, keinen Weizen, kein Gluten, keine Hefe, kein Soja, kein Ei, keinen Fisch, keine Schalentiere, keine tierischen Produkte, kein Salz, keine Baumn\u00fcsse sowie keine gentechnisch ver\u00e4nderten Gene oder Proteine.<\/p>\n<\/p><\/div>\n<div class=\"chcg-storage\">\n<h3>Lagerung<\/h3>\n<p>Zur Erhaltung der Frische an einem k\u00fchlen, trockenen Ort lagern. Versiegelt zu Ihrem Schutz. Nicht verwenden, wenn das Siegel besch\u00e4digt ist.<\/p>\n<\/p><\/div>\n<div class=\"chcg-dietary\">\n<h3>Ern\u00e4hrungshinweise<\/h3>\n<ul>\n<li>Vegan<\/li>\n<li>Vegetarisch<\/li>\n<li>Glutenfrei<\/li>\n<li>Laktosefrei<\/li>\n<\/ul><\/div>\n<\/div>\n","protected":false},"excerpt":{"rendered":"<p>Natural Factors BioCoenzymated Benfotiamine \u2022 B1 plus Sulbutiamine unterst\u00fctzt das Nervensystem und den Energiestoffwechsel mit hochbioverf\u00fcgbarem Vitamin B1. 60 vegane Kapseln pro Packung, glutenfrei und ohne k\u00fcnstliche Zusatzstoffe.<\/p>\n","protected":false},"featured_media":5678,"comment_status":"closed","ping_status":"open","template":"","meta":[],"product_brand":[296],"product_cat":[25,21],"product_tag":[],"class_list":{"0":"post-5677","1":"product","2":"type-product","3":"status-publish","4":"has-post-thumbnail","6":"product_brand-natural-factors","7":"product_cat-gesundheit-und-wohlbefinden","8":"product_cat-vitamine-und-mineralstoffe","10":"first","11":"outofstock","12":"taxable","13":"shipping-taxable","14":"purchasable","15":"product-type-simple"},"yoast_head":"<!-- This site is optimized with the Yoast SEO plugin v27.5 - https:\/\/yoast.com\/product\/yoast-seo-wordpress\/ -->\n<title>BioCoenzymated Benfotiamine B1 Sulbutiamine \u2013 Natural Factors | ecosupplements.ch<\/title>\n<meta name=\"description\" content=\"Hochbioverf\u00fcgbares Vitamin B1 als Benfotiamin und Sulbutiamin \u2013 60 vegane Kapseln von Natural Factors f\u00fcr Nerven und Energiestoffwechsel. Jetzt bestellen.\" \/>\n<meta name=\"robots\" content=\"index, follow, max-snippet:-1, max-image-preview:large, max-video-preview:-1\" \/>\n<link rel=\"canonical\" href=\"https:\/\/ecosupplements.ch\/?product=natural-factors-biocoenzymated-benfotiamine-b1-plus-sulbutiamine-60-capsules\" \/>\n<meta property=\"og:locale\" content=\"de_DE\" \/>\n<meta property=\"og:type\" content=\"article\" \/>\n<meta property=\"og:title\" content=\"BioCoenzymated Benfotiamine B1 Sulbutiamine \u2013 Natural Factors | ecosupplements.ch\" \/>\n<meta property=\"og:description\" content=\"Hochbioverf\u00fcgbares Vitamin B1 als Benfotiamin und Sulbutiamin \u2013 60 vegane Kapseln von Natural Factors f\u00fcr Nerven und Energiestoffwechsel. Jetzt bestellen.\" \/>\n<meta property=\"og:url\" content=\"https:\/\/ecosupplements.ch\/?product=natural-factors-biocoenzymated-benfotiamine-b1-plus-sulbutiamine-60-capsules\" \/>\n<meta property=\"og:site_name\" content=\"Eco Supplements\" \/>\n<meta property=\"article:modified_time\" content=\"2026-05-13T07:27:16+00:00\" \/>\n<meta property=\"og:image\" content=\"https:\/\/ecosupplements.ch\/wp-content\/uploads\/2026\/05\/Natural-Factors-BioCoenzymated-Benfotiamine-\u2022-B1-plus-Sulbutiamine-60-Capsules.webp\" \/>\n\t<meta property=\"og:image:width\" content=\"1000\" \/>\n\t<meta property=\"og:image:height\" content=\"1000\" \/>\n\t<meta property=\"og:image:type\" content=\"image\/jpeg\" \/>\n<meta name=\"twitter:card\" content=\"summary_large_image\" \/>\n<meta name=\"twitter:label1\" content=\"Price\" \/>\n\t<meta name=\"twitter:data1\" content=\"&#067;&#072;&#070;&nbsp;13.44\" \/>\n\t<meta name=\"twitter:label2\" content=\"Availability\" \/>\n\t<meta name=\"twitter:data2\" content=\"Out of stock\" \/>\n<script type=\"application\/ld+json\" class=\"yoast-schema-graph\">{\"@context\":\"https:\\\/\\\/schema.org\",\"@graph\":[{\"@type\":\"WebPage\",\"@id\":\"https:\\\/\\\/ecosupplements.ch\\\/?product=natural-factors-biocoenzymated-benfotiamine-b1-plus-sulbutiamine-60-capsules\",\"url\":\"https:\\\/\\\/ecosupplements.ch\\\/?product=natural-factors-biocoenzymated-benfotiamine-b1-plus-sulbutiamine-60-capsules\",\"name\":\"BioCoenzymated Benfotiamine B1 Sulbutiamine \u2013 Natural Factors | ecosupplements.ch\",\"isPartOf\":{\"@id\":\"https:\\\/\\\/ecosupplements.ch\\\/#website\"},\"primaryImageOfPage\":{\"@id\":\"https:\\\/\\\/ecosupplements.ch\\\/?product=natural-factors-biocoenzymated-benfotiamine-b1-plus-sulbutiamine-60-capsules#primaryimage\"},\"image\":{\"@id\":\"https:\\\/\\\/ecosupplements.ch\\\/?product=natural-factors-biocoenzymated-benfotiamine-b1-plus-sulbutiamine-60-capsules#primaryimage\"},\"thumbnailUrl\":\"https:\\\/\\\/ecosupplements.ch\\\/wp-content\\\/uploads\\\/2026\\\/05\\\/Natural-Factors-BioCoenzymated-Benfotiamine-\u2022-B1-plus-Sulbutiamine-60-Capsules.webp\",\"datePublished\":\"2026-05-11T15:08:41+00:00\",\"dateModified\":\"2026-05-13T07:27:16+00:00\",\"description\":\"Hochbioverf\u00fcgbares Vitamin B1 als Benfotiamin und Sulbutiamin \u2013 60 vegane Kapseln von Natural Factors f\u00fcr Nerven und Energiestoffwechsel. Jetzt bestellen.\",\"breadcrumb\":{\"@id\":\"https:\\\/\\\/ecosupplements.ch\\\/?product=natural-factors-biocoenzymated-benfotiamine-b1-plus-sulbutiamine-60-capsules#breadcrumb\"},\"inLanguage\":\"de-CH\",\"potentialAction\":[{\"@type\":\"ReadAction\",\"target\":[\"https:\\\/\\\/ecosupplements.ch\\\/?product=natural-factors-biocoenzymated-benfotiamine-b1-plus-sulbutiamine-60-capsules\"]}]},{\"@type\":\"ImageObject\",\"inLanguage\":\"de-CH\",\"@id\":\"https:\\\/\\\/ecosupplements.ch\\\/?product=natural-factors-biocoenzymated-benfotiamine-b1-plus-sulbutiamine-60-capsules#primaryimage\",\"url\":\"https:\\\/\\\/ecosupplements.ch\\\/wp-content\\\/uploads\\\/2026\\\/05\\\/Natural-Factors-BioCoenzymated-Benfotiamine-\u2022-B1-plus-Sulbutiamine-60-Capsules.webp\",\"contentUrl\":\"https:\\\/\\\/ecosupplements.ch\\\/wp-content\\\/uploads\\\/2026\\\/05\\\/Natural-Factors-BioCoenzymated-Benfotiamine-\u2022-B1-plus-Sulbutiamine-60-Capsules.webp\",\"width\":1000,\"height\":1000,\"caption\":\"Natural Factors BioCoenzymated Benfotiamine \u2022 B1 plus Sulbutiamine (60 Capsules)\"},{\"@type\":\"BreadcrumbList\",\"@id\":\"https:\\\/\\\/ecosupplements.ch\\\/?product=natural-factors-biocoenzymated-benfotiamine-b1-plus-sulbutiamine-60-capsules#breadcrumb\",\"itemListElement\":[{\"@type\":\"ListItem\",\"position\":1,\"name\":\"Home\",\"item\":\"https:\\\/\\\/ecosupplements.ch\\\/\"},{\"@type\":\"ListItem\",\"position\":2,\"name\":\"Shop\",\"item\":\"https:\\\/\\\/ecosupplements.ch\\\/?page_id=14\"},{\"@type\":\"ListItem\",\"position\":3,\"name\":\"Natural Factors BioCoenzymated Benfotiamine \u2022 B1 plus Sulbutiamine (60 Capsules)\"}]},{\"@type\":\"WebSite\",\"@id\":\"https:\\\/\\\/ecosupplements.ch\\\/#website\",\"url\":\"https:\\\/\\\/ecosupplements.ch\\\/\",\"name\":\"Eco Supplements\",\"description\":\"\",\"potentialAction\":[{\"@type\":\"SearchAction\",\"target\":{\"@type\":\"EntryPoint\",\"urlTemplate\":\"https:\\\/\\\/ecosupplements.ch\\\/?s={search_term_string}\"},\"query-input\":{\"@type\":\"PropertyValueSpecification\",\"valueRequired\":true,\"valueName\":\"search_term_string\"}}],\"inLanguage\":\"de-CH\"}]}<\/script>\n<meta property=\"product:price:amount\" content=\"13.44\" \/>\n<meta property=\"product:price:currency\" content=\"CHF\" \/>\n<meta property=\"og:availability\" content=\"out of stock\" \/>\n<meta property=\"product:availability\" content=\"out of stock\" \/>\n<meta property=\"product:retailer_item_id\" content=\"627765012583\" \/>\n<meta property=\"product:condition\" content=\"new\" \/>\n<!-- \/ Yoast SEO plugin. -->","yoast_head_json":{"title":"BioCoenzymated Benfotiamine B1 Sulbutiamine \u2013 Natural Factors | ecosupplements.ch","description":"Hochbioverf\u00fcgbares Vitamin B1 als Benfotiamin und Sulbutiamin \u2013 60 vegane Kapseln von Natural Factors f\u00fcr Nerven und Energiestoffwechsel. Jetzt bestellen.","robots":{"index":"index","follow":"follow","max-snippet":"max-snippet:-1","max-image-preview":"max-image-preview:large","max-video-preview":"max-video-preview:-1"},"canonical":"https:\/\/ecosupplements.ch\/?product=natural-factors-biocoenzymated-benfotiamine-b1-plus-sulbutiamine-60-capsules","og_locale":"de_DE","og_type":"article","og_title":"BioCoenzymated Benfotiamine B1 Sulbutiamine \u2013 Natural Factors | ecosupplements.ch","og_description":"Hochbioverf\u00fcgbares Vitamin B1 als Benfotiamin und Sulbutiamin \u2013 60 vegane Kapseln von Natural Factors f\u00fcr Nerven und Energiestoffwechsel. Jetzt bestellen.","og_url":"https:\/\/ecosupplements.ch\/?product=natural-factors-biocoenzymated-benfotiamine-b1-plus-sulbutiamine-60-capsules","og_site_name":"Eco Supplements","article_modified_time":"2026-05-13T07:27:16+00:00","og_image":[{"width":1000,"height":1000,"url":"https:\/\/ecosupplements.ch\/wp-content\/uploads\/2026\/05\/Natural-Factors-BioCoenzymated-Benfotiamine-\u2022-B1-plus-Sulbutiamine-60-Capsules.webp","type":"image\/jpeg"}],"twitter_card":"summary_large_image","twitter_misc":{"Price":"&#67;&#72;&#70;&nbsp;13.44","Availability":"Out of stock"},"schema":{"@context":"https:\/\/schema.org","@graph":[{"@type":"WebPage","@id":"https:\/\/ecosupplements.ch\/?product=natural-factors-biocoenzymated-benfotiamine-b1-plus-sulbutiamine-60-capsules","url":"https:\/\/ecosupplements.ch\/?product=natural-factors-biocoenzymated-benfotiamine-b1-plus-sulbutiamine-60-capsules","name":"BioCoenzymated Benfotiamine B1 Sulbutiamine \u2013 Natural Factors | ecosupplements.ch","isPartOf":{"@id":"https:\/\/ecosupplements.ch\/#website"},"primaryImageOfPage":{"@id":"https:\/\/ecosupplements.ch\/?product=natural-factors-biocoenzymated-benfotiamine-b1-plus-sulbutiamine-60-capsules#primaryimage"},"image":{"@id":"https:\/\/ecosupplements.ch\/?product=natural-factors-biocoenzymated-benfotiamine-b1-plus-sulbutiamine-60-capsules#primaryimage"},"thumbnailUrl":"https:\/\/ecosupplements.ch\/wp-content\/uploads\/2026\/05\/Natural-Factors-BioCoenzymated-Benfotiamine-\u2022-B1-plus-Sulbutiamine-60-Capsules.webp","datePublished":"2026-05-11T15:08:41+00:00","dateModified":"2026-05-13T07:27:16+00:00","description":"Hochbioverf\u00fcgbares Vitamin B1 als Benfotiamin und Sulbutiamin \u2013 60 vegane Kapseln von Natural Factors f\u00fcr Nerven und Energiestoffwechsel. Jetzt bestellen.","breadcrumb":{"@id":"https:\/\/ecosupplements.ch\/?product=natural-factors-biocoenzymated-benfotiamine-b1-plus-sulbutiamine-60-capsules#breadcrumb"},"inLanguage":"de-CH","potentialAction":[{"@type":"ReadAction","target":["https:\/\/ecosupplements.ch\/?product=natural-factors-biocoenzymated-benfotiamine-b1-plus-sulbutiamine-60-capsules"]}]},{"@type":"ImageObject","inLanguage":"de-CH","@id":"https:\/\/ecosupplements.ch\/?product=natural-factors-biocoenzymated-benfotiamine-b1-plus-sulbutiamine-60-capsules#primaryimage","url":"https:\/\/ecosupplements.ch\/wp-content\/uploads\/2026\/05\/Natural-Factors-BioCoenzymated-Benfotiamine-\u2022-B1-plus-Sulbutiamine-60-Capsules.webp","contentUrl":"https:\/\/ecosupplements.ch\/wp-content\/uploads\/2026\/05\/Natural-Factors-BioCoenzymated-Benfotiamine-\u2022-B1-plus-Sulbutiamine-60-Capsules.webp","width":1000,"height":1000,"caption":"Natural Factors BioCoenzymated Benfotiamine \u2022 B1 plus Sulbutiamine (60 Capsules)"},{"@type":"BreadcrumbList","@id":"https:\/\/ecosupplements.ch\/?product=natural-factors-biocoenzymated-benfotiamine-b1-plus-sulbutiamine-60-capsules#breadcrumb","itemListElement":[{"@type":"ListItem","position":1,"name":"Home","item":"https:\/\/ecosupplements.ch\/"},{"@type":"ListItem","position":2,"name":"Shop","item":"https:\/\/ecosupplements.ch\/?page_id=14"},{"@type":"ListItem","position":3,"name":"Natural Factors BioCoenzymated Benfotiamine \u2022 B1 plus Sulbutiamine (60 Capsules)"}]},{"@type":"WebSite","@id":"https:\/\/ecosupplements.ch\/#website","url":"https:\/\/ecosupplements.ch\/","name":"Eco Supplements","description":"","potentialAction":[{"@type":"SearchAction","target":{"@type":"EntryPoint","urlTemplate":"https:\/\/ecosupplements.ch\/?s={search_term_string}"},"query-input":{"@type":"PropertyValueSpecification","valueRequired":true,"valueName":"search_term_string"}}],"inLanguage":"de-CH"}]},"product_price_amount":"13.44","product_price_currency":"CHF","og_availability":"out of stock","product_availability":"out of stock","product_retailer_item_id":"627765012583","product_condition":"new"},"_links":{"self":[{"href":"https:\/\/ecosupplements.ch\/index.php?rest_route=\/wp\/v2\/product\/5677","targetHints":{"allow":["GET"]}}],"collection":[{"href":"https:\/\/ecosupplements.ch\/index.php?rest_route=\/wp\/v2\/product"}],"about":[{"href":"https:\/\/ecosupplements.ch\/index.php?rest_route=\/wp\/v2\/types\/product"}],"replies":[{"embeddable":true,"href":"https:\/\/ecosupplements.ch\/index.php?rest_route=%2Fwp%2Fv2%2Fcomments&post=5677"}],"wp:featuredmedia":[{"embeddable":true,"href":"https:\/\/ecosupplements.ch\/index.php?rest_route=\/wp\/v2\/media\/5678"}],"wp:attachment":[{"href":"https:\/\/ecosupplements.ch\/index.php?rest_route=%2Fwp%2Fv2%2Fmedia&parent=5677"}],"wp:term":[{"taxonomy":"product_brand","embeddable":true,"href":"https:\/\/ecosupplements.ch\/index.php?rest_route=%2Fwp%2Fv2%2Fproduct_brand&post=5677"},{"taxonomy":"product_cat","embeddable":true,"href":"https:\/\/ecosupplements.ch\/index.php?rest_route=%2Fwp%2Fv2%2Fproduct_cat&post=5677"},{"taxonomy":"product_tag","embeddable":true,"href":"https:\/\/ecosupplements.ch\/index.php?rest_route=%2Fwp%2Fv2%2Fproduct_tag&post=5677"}],"curies":[{"name":"wp","href":"https:\/\/api.w.org\/{rel}","templated":true}]}}