{"id":5692,"date":"2026-05-11T15:08:49","date_gmt":"2026-05-11T15:08:49","guid":{"rendered":"https:\/\/ecosupplements.ch\/?product=natural-factors-magnesium-bisglycinate-pure-200-mg-250-capsules"},"modified":"2026-05-13T07:27:17","modified_gmt":"2026-05-13T07:27:17","slug":"natural-factors-magnesium-bisglycinate-pure-200-mg-250-capsules","status":"publish","type":"product","link":"https:\/\/ecosupplements.ch\/?product=natural-factors-magnesium-bisglycinate-pure-200-mg-250-capsules","title":{"rendered":"Natural Factors Magnesium Bisglycinate Pure 200 mg (250 Capsules)"},"content":{"rendered":"<div class=\"chcg-product-description\">\n<h2 class=\"chcg-heading\">\u00dcber Natural Factors \u2013 Magnesium Bisglycinate Pure 200 mg (250 Kapseln)<\/h2>\n<div class=\"chcg-intro\">\n<p>Magnesium ist ein essenzieller Mineralstoff, der an hunderten von Stoffwechselprozessen im K\u00f6rper beteiligt ist. Natural Factors Magnesium Bisglycinate Pure liefert 200 mg Magnesium pro Kapsel in einer gepufferten Bisglycinate-Form \u2013 einer gut vertr\u00e4glichen Verbindung, bei der Magnesium an die Aminos\u00e4ure Glycin gebunden ist, was die Aufnahme im Verdauungstrakt unterst\u00fctzt.<\/p>\n<p>Magnesium tr\u00e4gt zu einer normalen Muskelfunktion, zur Verringerung von M\u00fcdigkeit und Ersch\u00f6pfung sowie zu einem normalen Energiestoffwechsel bei. Zudem unterst\u00fctzt es die normale Funktion des Nervensystems und tr\u00e4gt zur Erhaltung normaler Knochen und Z\u00e4hne bei.<\/p>\n<p>Das Produkt ist frei von tierischen Bestandteilen und eignet sich f\u00fcr vegane sowie vegetarische Ern\u00e4hrungsweisen. Die grosse Packungsgr\u00f6sse mit 250 vegetarischen Kapseln bietet eine langanhaltende Versorgung und ein ausgezeichnetes Preis-Leistungs-Verh\u00e4ltnis.<\/p>\n<\/p><\/div>\n<div class=\"chcg-nutrition\">\n<h3>N\u00e4hrwertangaben<\/h3>\n<table class=\"chcg-nutrition-table\">\n<thead>\n<tr>\n<th>N\u00e4hrstoff<\/th>\n<th>Pro Portion (1 Kapsel)<\/th>\n<\/tr>\n<\/thead>\n<tbody>\n<tr>\n<td>Magnesium (gepuffertes Magnesium Bisglycinate [Bisglycinate, Oxid])<\/td>\n<td>200 mg<\/td>\n<\/tr>\n<\/tbody>\n<\/table><\/div>\n<div class=\"chcg-ingredients\">\n<h3>Zutaten<\/h3>\n<p>Magnesium (gepuffertes Magnesium Bisglycinate [Bisglycinate, Oxid]) 200 mg. Weitere Zutaten: mikrokristalline Cellulose, Magnesiumstearat pflanzlicher Herkunft (Trennmittel), Siliciumdioxid.<\/p>\n<p class=\"chcg-capsule-shell\">Kapselh\u00fclle: Vegetarische Kapsel (Kohlenhydrat-Gum [Cellulose], gereinigtes Wasser)<\/p>\n<\/p><\/div>\n<div class=\"chcg-dosage\">\n<h3>Verzehrempfehlung<\/h3>\n<p>Empfohlene Tagesdosis f\u00fcr Erwachsene: 1 Kapsel t\u00e4glich oder gem\u00e4ss Anweisung einer medizinischen Fachperson.<\/p>\n<\/p><\/div>\n<div class=\"chcg-warnings\">\n<h3>Warnhinweise<\/h3>\n<p>Ausserhalb der Reichweite von Kindern aufbewahren.<\/p>\n<\/p><\/div>\n<div class=\"chcg-allergens\">\n<h3>Allergeninformationen<\/h3>\n<p>Enth\u00e4lt keine k\u00fcnstlichen Farbstoffe, Konservierungsstoffe oder S\u00fcssungsmittel; kein Milchprodukte, St\u00e4rke, Zucker, Weizen, Gluten, Hefe, Soja, Mais, Ei, Fisch, Schalentiere, tierische Produkte, Salz, Baumn\u00fcsse sowie keine gentechnisch ver\u00e4nderten Gene oder Proteine.<\/p>\n<\/p><\/div>\n<div class=\"chcg-storage\">\n<h3>Lagerung<\/h3>\n<p>K\u00fchl, trocken und lichtgesch\u00fctzt lagern. Ausserhalb der Reichweite von Kindern aufbewahren.<\/p>\n<\/p><\/div>\n<div class=\"chcg-dietary\">\n<h3>Ern\u00e4hrungshinweise<\/h3>\n<ul>\n<li>Vegan<\/li>\n<li>Vegetarisch<\/li>\n<li>Glutenfrei<\/li>\n<li>Laktosefrei<\/li>\n<\/ul><\/div>\n<\/div>\n","protected":false},"excerpt":{"rendered":"<p>Natural Factors Magnesium Bisglycinate Pure liefert 200 mg gut vertr\u00e4gliches Magnesium pro vegetarischer Kapsel \u2013 f\u00fcr Muskeln, Nerven und Energiestoffwechsel. Vegan, glutenfrei und ohne k\u00fcnstliche Zus\u00e4tze. Vorteilspackung mit 250 Kapseln.<\/p>\n","protected":false},"featured_media":5693,"comment_status":"closed","ping_status":"open","template":"","meta":[],"product_brand":[296],"product_cat":[25],"product_tag":[],"class_list":{"0":"post-5692","1":"product","2":"type-product","3":"status-publish","4":"has-post-thumbnail","6":"product_brand-natural-factors","7":"product_cat-gesundheit-und-wohlbefinden","9":"first","10":"outofstock","11":"taxable","12":"shipping-taxable","13":"purchasable","14":"product-type-simple"},"yoast_head":"<!-- This site is optimized with the Yoast SEO plugin v27.5 - https:\/\/yoast.com\/product\/yoast-seo-wordpress\/ -->\n<title>Magnesium Bisglycinate Pure 200 mg \u2013 Natural Factors | ecosupplements.ch<\/title>\n<meta name=\"description\" content=\"200 mg Magnesium Bisglycinate pro Kapsel f\u00fcr Muskeln, Nerven und Energiestoffwechsel \u2013 vegan, glutenfrei, 250 Kapseln. Jetzt bestellen.\" \/>\n<meta name=\"robots\" content=\"index, follow, max-snippet:-1, max-image-preview:large, max-video-preview:-1\" \/>\n<link rel=\"canonical\" href=\"https:\/\/ecosupplements.ch\/?product=natural-factors-magnesium-bisglycinate-pure-200-mg-250-capsules\" \/>\n<meta property=\"og:locale\" content=\"de_DE\" \/>\n<meta property=\"og:type\" content=\"article\" \/>\n<meta property=\"og:title\" content=\"Magnesium Bisglycinate Pure 200 mg \u2013 Natural Factors | ecosupplements.ch\" \/>\n<meta property=\"og:description\" content=\"200 mg Magnesium Bisglycinate pro Kapsel f\u00fcr Muskeln, Nerven und Energiestoffwechsel \u2013 vegan, glutenfrei, 250 Kapseln. Jetzt bestellen.\" \/>\n<meta property=\"og:url\" content=\"https:\/\/ecosupplements.ch\/?product=natural-factors-magnesium-bisglycinate-pure-200-mg-250-capsules\" \/>\n<meta property=\"og:site_name\" content=\"Eco Supplements\" \/>\n<meta property=\"article:modified_time\" content=\"2026-05-13T07:27:17+00:00\" \/>\n<meta property=\"og:image\" content=\"https:\/\/ecosupplements.ch\/wp-content\/uploads\/2026\/05\/Natural-Factors-Magnesium-Bisglycinate-Pure-200-mg-250-Capsules.webp\" \/>\n\t<meta property=\"og:image:width\" content=\"1000\" \/>\n\t<meta property=\"og:image:height\" content=\"1000\" \/>\n\t<meta property=\"og:image:type\" content=\"image\/jpeg\" \/>\n<meta name=\"twitter:card\" content=\"summary_large_image\" \/>\n<meta name=\"twitter:label1\" content=\"Price\" \/>\n\t<meta name=\"twitter:data1\" content=\"&#067;&#072;&#070;&nbsp;21.17\" \/>\n\t<meta name=\"twitter:label2\" content=\"Availability\" \/>\n\t<meta name=\"twitter:data2\" content=\"Out of stock\" \/>\n<script type=\"application\/ld+json\" class=\"yoast-schema-graph\">{\"@context\":\"https:\\\/\\\/schema.org\",\"@graph\":[{\"@type\":\"WebPage\",\"@id\":\"https:\\\/\\\/ecosupplements.ch\\\/?product=natural-factors-magnesium-bisglycinate-pure-200-mg-250-capsules\",\"url\":\"https:\\\/\\\/ecosupplements.ch\\\/?product=natural-factors-magnesium-bisglycinate-pure-200-mg-250-capsules\",\"name\":\"Magnesium Bisglycinate Pure 200 mg \u2013 Natural Factors | ecosupplements.ch\",\"isPartOf\":{\"@id\":\"https:\\\/\\\/ecosupplements.ch\\\/#website\"},\"primaryImageOfPage\":{\"@id\":\"https:\\\/\\\/ecosupplements.ch\\\/?product=natural-factors-magnesium-bisglycinate-pure-200-mg-250-capsules#primaryimage\"},\"image\":{\"@id\":\"https:\\\/\\\/ecosupplements.ch\\\/?product=natural-factors-magnesium-bisglycinate-pure-200-mg-250-capsules#primaryimage\"},\"thumbnailUrl\":\"https:\\\/\\\/ecosupplements.ch\\\/wp-content\\\/uploads\\\/2026\\\/05\\\/Natural-Factors-Magnesium-Bisglycinate-Pure-200-mg-250-Capsules.webp\",\"datePublished\":\"2026-05-11T15:08:49+00:00\",\"dateModified\":\"2026-05-13T07:27:17+00:00\",\"description\":\"200 mg Magnesium Bisglycinate pro Kapsel f\u00fcr Muskeln, Nerven und Energiestoffwechsel \u2013 vegan, glutenfrei, 250 Kapseln. Jetzt bestellen.\",\"breadcrumb\":{\"@id\":\"https:\\\/\\\/ecosupplements.ch\\\/?product=natural-factors-magnesium-bisglycinate-pure-200-mg-250-capsules#breadcrumb\"},\"inLanguage\":\"de-CH\",\"potentialAction\":[{\"@type\":\"ReadAction\",\"target\":[\"https:\\\/\\\/ecosupplements.ch\\\/?product=natural-factors-magnesium-bisglycinate-pure-200-mg-250-capsules\"]}]},{\"@type\":\"ImageObject\",\"inLanguage\":\"de-CH\",\"@id\":\"https:\\\/\\\/ecosupplements.ch\\\/?product=natural-factors-magnesium-bisglycinate-pure-200-mg-250-capsules#primaryimage\",\"url\":\"https:\\\/\\\/ecosupplements.ch\\\/wp-content\\\/uploads\\\/2026\\\/05\\\/Natural-Factors-Magnesium-Bisglycinate-Pure-200-mg-250-Capsules.webp\",\"contentUrl\":\"https:\\\/\\\/ecosupplements.ch\\\/wp-content\\\/uploads\\\/2026\\\/05\\\/Natural-Factors-Magnesium-Bisglycinate-Pure-200-mg-250-Capsules.webp\",\"width\":1000,\"height\":1000,\"caption\":\"Natural Factors Magnesium Bisglycinate Pure 200 mg (250 Capsules)\"},{\"@type\":\"BreadcrumbList\",\"@id\":\"https:\\\/\\\/ecosupplements.ch\\\/?product=natural-factors-magnesium-bisglycinate-pure-200-mg-250-capsules#breadcrumb\",\"itemListElement\":[{\"@type\":\"ListItem\",\"position\":1,\"name\":\"Home\",\"item\":\"https:\\\/\\\/ecosupplements.ch\\\/\"},{\"@type\":\"ListItem\",\"position\":2,\"name\":\"Shop\",\"item\":\"https:\\\/\\\/ecosupplements.ch\\\/?page_id=14\"},{\"@type\":\"ListItem\",\"position\":3,\"name\":\"Natural Factors Magnesium Bisglycinate Pure 200 mg (250 Capsules)\"}]},{\"@type\":\"WebSite\",\"@id\":\"https:\\\/\\\/ecosupplements.ch\\\/#website\",\"url\":\"https:\\\/\\\/ecosupplements.ch\\\/\",\"name\":\"Eco Supplements\",\"description\":\"\",\"potentialAction\":[{\"@type\":\"SearchAction\",\"target\":{\"@type\":\"EntryPoint\",\"urlTemplate\":\"https:\\\/\\\/ecosupplements.ch\\\/?s={search_term_string}\"},\"query-input\":{\"@type\":\"PropertyValueSpecification\",\"valueRequired\":true,\"valueName\":\"search_term_string\"}}],\"inLanguage\":\"de-CH\"}]}<\/script>\n<meta property=\"product:price:amount\" content=\"21.17\" \/>\n<meta property=\"product:price:currency\" content=\"CHF\" \/>\n<meta property=\"og:availability\" content=\"out of stock\" \/>\n<meta property=\"product:availability\" content=\"out of stock\" \/>\n<meta property=\"product:retailer_item_id\" content=\"627765016444\" \/>\n<meta property=\"product:condition\" content=\"new\" \/>\n<!-- \/ Yoast SEO plugin. -->","yoast_head_json":{"title":"Magnesium Bisglycinate Pure 200 mg \u2013 Natural Factors | ecosupplements.ch","description":"200 mg Magnesium Bisglycinate pro Kapsel f\u00fcr Muskeln, Nerven und Energiestoffwechsel \u2013 vegan, glutenfrei, 250 Kapseln. Jetzt bestellen.","robots":{"index":"index","follow":"follow","max-snippet":"max-snippet:-1","max-image-preview":"max-image-preview:large","max-video-preview":"max-video-preview:-1"},"canonical":"https:\/\/ecosupplements.ch\/?product=natural-factors-magnesium-bisglycinate-pure-200-mg-250-capsules","og_locale":"de_DE","og_type":"article","og_title":"Magnesium Bisglycinate Pure 200 mg \u2013 Natural Factors | ecosupplements.ch","og_description":"200 mg Magnesium Bisglycinate pro Kapsel f\u00fcr Muskeln, Nerven und Energiestoffwechsel \u2013 vegan, glutenfrei, 250 Kapseln. Jetzt bestellen.","og_url":"https:\/\/ecosupplements.ch\/?product=natural-factors-magnesium-bisglycinate-pure-200-mg-250-capsules","og_site_name":"Eco Supplements","article_modified_time":"2026-05-13T07:27:17+00:00","og_image":[{"width":1000,"height":1000,"url":"https:\/\/ecosupplements.ch\/wp-content\/uploads\/2026\/05\/Natural-Factors-Magnesium-Bisglycinate-Pure-200-mg-250-Capsules.webp","type":"image\/jpeg"}],"twitter_card":"summary_large_image","twitter_misc":{"Price":"&#67;&#72;&#70;&nbsp;21.17","Availability":"Out of stock"},"schema":{"@context":"https:\/\/schema.org","@graph":[{"@type":"WebPage","@id":"https:\/\/ecosupplements.ch\/?product=natural-factors-magnesium-bisglycinate-pure-200-mg-250-capsules","url":"https:\/\/ecosupplements.ch\/?product=natural-factors-magnesium-bisglycinate-pure-200-mg-250-capsules","name":"Magnesium Bisglycinate Pure 200 mg \u2013 Natural Factors | ecosupplements.ch","isPartOf":{"@id":"https:\/\/ecosupplements.ch\/#website"},"primaryImageOfPage":{"@id":"https:\/\/ecosupplements.ch\/?product=natural-factors-magnesium-bisglycinate-pure-200-mg-250-capsules#primaryimage"},"image":{"@id":"https:\/\/ecosupplements.ch\/?product=natural-factors-magnesium-bisglycinate-pure-200-mg-250-capsules#primaryimage"},"thumbnailUrl":"https:\/\/ecosupplements.ch\/wp-content\/uploads\/2026\/05\/Natural-Factors-Magnesium-Bisglycinate-Pure-200-mg-250-Capsules.webp","datePublished":"2026-05-11T15:08:49+00:00","dateModified":"2026-05-13T07:27:17+00:00","description":"200 mg Magnesium Bisglycinate pro Kapsel f\u00fcr Muskeln, Nerven und Energiestoffwechsel \u2013 vegan, glutenfrei, 250 Kapseln. Jetzt bestellen.","breadcrumb":{"@id":"https:\/\/ecosupplements.ch\/?product=natural-factors-magnesium-bisglycinate-pure-200-mg-250-capsules#breadcrumb"},"inLanguage":"de-CH","potentialAction":[{"@type":"ReadAction","target":["https:\/\/ecosupplements.ch\/?product=natural-factors-magnesium-bisglycinate-pure-200-mg-250-capsules"]}]},{"@type":"ImageObject","inLanguage":"de-CH","@id":"https:\/\/ecosupplements.ch\/?product=natural-factors-magnesium-bisglycinate-pure-200-mg-250-capsules#primaryimage","url":"https:\/\/ecosupplements.ch\/wp-content\/uploads\/2026\/05\/Natural-Factors-Magnesium-Bisglycinate-Pure-200-mg-250-Capsules.webp","contentUrl":"https:\/\/ecosupplements.ch\/wp-content\/uploads\/2026\/05\/Natural-Factors-Magnesium-Bisglycinate-Pure-200-mg-250-Capsules.webp","width":1000,"height":1000,"caption":"Natural Factors Magnesium Bisglycinate Pure 200 mg (250 Capsules)"},{"@type":"BreadcrumbList","@id":"https:\/\/ecosupplements.ch\/?product=natural-factors-magnesium-bisglycinate-pure-200-mg-250-capsules#breadcrumb","itemListElement":[{"@type":"ListItem","position":1,"name":"Home","item":"https:\/\/ecosupplements.ch\/"},{"@type":"ListItem","position":2,"name":"Shop","item":"https:\/\/ecosupplements.ch\/?page_id=14"},{"@type":"ListItem","position":3,"name":"Natural Factors Magnesium Bisglycinate Pure 200 mg (250 Capsules)"}]},{"@type":"WebSite","@id":"https:\/\/ecosupplements.ch\/#website","url":"https:\/\/ecosupplements.ch\/","name":"Eco Supplements","description":"","potentialAction":[{"@type":"SearchAction","target":{"@type":"EntryPoint","urlTemplate":"https:\/\/ecosupplements.ch\/?s={search_term_string}"},"query-input":{"@type":"PropertyValueSpecification","valueRequired":true,"valueName":"search_term_string"}}],"inLanguage":"de-CH"}]},"product_price_amount":"21.17","product_price_currency":"CHF","og_availability":"out of stock","product_availability":"out of stock","product_retailer_item_id":"627765016444","product_condition":"new"},"_links":{"self":[{"href":"https:\/\/ecosupplements.ch\/index.php?rest_route=\/wp\/v2\/product\/5692","targetHints":{"allow":["GET"]}}],"collection":[{"href":"https:\/\/ecosupplements.ch\/index.php?rest_route=\/wp\/v2\/product"}],"about":[{"href":"https:\/\/ecosupplements.ch\/index.php?rest_route=\/wp\/v2\/types\/product"}],"replies":[{"embeddable":true,"href":"https:\/\/ecosupplements.ch\/index.php?rest_route=%2Fwp%2Fv2%2Fcomments&post=5692"}],"wp:featuredmedia":[{"embeddable":true,"href":"https:\/\/ecosupplements.ch\/index.php?rest_route=\/wp\/v2\/media\/5693"}],"wp:attachment":[{"href":"https:\/\/ecosupplements.ch\/index.php?rest_route=%2Fwp%2Fv2%2Fmedia&parent=5692"}],"wp:term":[{"taxonomy":"product_brand","embeddable":true,"href":"https:\/\/ecosupplements.ch\/index.php?rest_route=%2Fwp%2Fv2%2Fproduct_brand&post=5692"},{"taxonomy":"product_cat","embeddable":true,"href":"https:\/\/ecosupplements.ch\/index.php?rest_route=%2Fwp%2Fv2%2Fproduct_cat&post=5692"},{"taxonomy":"product_tag","embeddable":true,"href":"https:\/\/ecosupplements.ch\/index.php?rest_route=%2Fwp%2Fv2%2Fproduct_tag&post=5692"}],"curies":[{"name":"wp","href":"https:\/\/api.w.org\/{rel}","templated":true}]}}