{"id":5707,"date":"2026-05-11T15:08:57","date_gmt":"2026-05-11T15:08:57","guid":{"rendered":"https:\/\/ecosupplements.ch\/?product=natural-factors-stress-relax-nighttime-magnesium-bisglycinate-90-capsules"},"modified":"2026-05-13T07:27:11","modified_gmt":"2026-05-13T07:27:11","slug":"natural-factors-stress-relax-nighttime-magnesium-bisglycinate-90-capsules","status":"publish","type":"product","link":"https:\/\/ecosupplements.ch\/?product=natural-factors-stress-relax-nighttime-magnesium-bisglycinate-90-capsules","title":{"rendered":"Natural Factors Stress-Relax Nighttime Magnesium Bisglycinate (90 Capsules)"},"content":{"rendered":"<div class=\"chcg-product-description\">\n<h2 class=\"chcg-heading\">\u00dcber Natural Factors \u2013 Stress-Relax Nighttime Magnesium Bisglycinate (90 Kapseln)<\/h2>\n<div class=\"chcg-intro\">\n<p>Natural Factors Stress-Relax Nighttime Magnesium Bisglycinate kombiniert vier sorgf\u00e4ltig ausgew\u00e4hlte Wirkstoffe in einer einzigen Abendkapsel: Magnesium in der gut vertr\u00e4glichen Bisglycinat-Form, PharmaGABA\u00ae, L-Theanine sowie Melatonin. Diese Formel wurde speziell f\u00fcr den abendlichen Gebrauch entwickelt und unterst\u00fctzt eine entspannte Einschlafphase als Teil einer gesunden Abendroutine.<\/p>\n<p>Magnesium tr\u00e4gt zu einer normalen Muskelfunktion sowie zur Verringerung von M\u00fcdigkeit und Ersch\u00f6pfung bei. L-Theanine ist eine Aminos\u00e4ure, die nat\u00fcrlich im Tee vorkommt und f\u00fcr ihre entspannende Wirkung bekannt ist, w\u00e4hrend GABA (Gamma-Aminobutters\u00e4ure) als Neurotransmitter im K\u00f6rper vorkommt. Melatonin hilft dabei, die Einschlafzeit zu verk\u00fcrzen \u2013 ein Vorteil, der bei einer Einnahme von 1 mg vor dem Schlafengehen anerkannt ist.<\/p>\n<p>Die vegetarischen Kapseln sind frei von k\u00fcnstlichen Farb- und Zusatzstoffen, Gluten, Soja, Milchprodukten sowie tierischen Inhaltsstoffen und eignen sich damit f\u00fcr vegane und vegetarische Ern\u00e4hrungsweisen. Mit 45 Portionen pro Packung bietet dieses Produkt eine praktische und zuverl\u00e4ssige Erg\u00e4nzung f\u00fcr den Abend.<\/p>\n<\/p><\/div>\n<div class=\"chcg-nutrition\">\n<h3>N\u00e4hrwertangaben<\/h3>\n<table class=\"chcg-nutrition-table\">\n<thead>\n<tr>\n<th>N\u00e4hrstoff<\/th>\n<th>Pro Portion (2 Kapseln)<\/th>\n<\/tr>\n<\/thead>\n<tbody>\n<tr>\n<td>Magnesium (als Bisglycinat)<\/td>\n<td>200 mg<\/td>\n<\/tr>\n<tr>\n<td>Gamma-Aminobutters\u00e4ure (GABA) (aus PharmaGABA\u00ae)<\/td>\n<td>100 mg<\/td>\n<\/tr>\n<tr>\n<td>L-Theanine<\/td>\n<td>50 mg<\/td>\n<\/tr>\n<tr>\n<td>Melatonin<\/td>\n<td>2,5 mg<\/td>\n<\/tr>\n<\/tbody>\n<\/table>\n<p class=\"chcg-footnote\">Portionsgr\u00f6sse: 2 Kapseln | Portionen pro Packung: 45<\/p>\n<\/p><\/div>\n<div class=\"chcg-ingredients\">\n<h3>Zutaten<\/h3>\n<p>Wirkstoffhaltige Zutaten (pro 2 Kapseln): Magnesium (als Bisglycinat) 200 mg, Gamma-Aminobutters\u00e4ure (GABA) (aus PharmaGABA\u00ae) 100 mg, L-Theanine 50 mg, Melatonin 2,5 mg. Sonstige Zutaten: Vegetarische Kapsel (Kohlenhydratgummi, Wasser), Reismehl, Magnesiumstearat, Stearins\u00e4ure, Siliziumdioxid.<\/p>\n<p class=\"chcg-capsule-shell\">Kapselh\u00fclle: Vegetarische Kapsel (Kohlenhydratgummi, Wasser)<\/p>\n<\/p><\/div>\n<div class=\"chcg-dosage\">\n<h3>Verzehrempfehlung<\/h3>\n<p>Alle Anwendungen ausser Jetlag: 2 Kapseln 1-mal t\u00e4glich, vor oder beim Schlafengehen, oder gem\u00e4ss Anweisung einer Fachperson des Gesundheitswesens. Jetlag: 2 Kapseln 1-mal t\u00e4glich beim Schlafengehen, w\u00e4hrend der Reise und am Zielort, bis zur Anpassung an die neue Zeitzone oder den neuen Tagesrhythmus, oder gem\u00e4ss Anweisung einer Fachperson des Gesundheitswesens.<\/p>\n<\/p><\/div>\n<div class=\"chcg-warnings\">\n<h3>Warnhinweise<\/h3>\n<p>Nicht Auto fahren oder Maschinen bedienen w\u00e4hrend der ersten 5 Stunden nach der Einnahme von Melatonin. Eine Fachperson des Gesundheitswesens konsultieren, wenn Schlaflosigkeit l\u00e4nger als 4 Wochen anh\u00e4lt (chronische Insomnie). Eine Fachperson des Gesundheitswesens konsultieren, wenn Symptome anhalten oder sich verschlechtern. Nicht zusammen mit Alkohol oder Produkten einnehmen, die Schl\u00e4frigkeit verursachen. Vor der Einnahme eine Fachperson des Gesundheitswesens konsultieren, wenn Steroide, Blutverd\u00fcnner, Medikamente gegen Krampfanf\u00e4lle oder zur Blutdruckregulierung, Medikamente zur Unterdr\u00fcckung des Immunsystems, zur Beeinflussung des Geisteszustands oder zur Erh\u00f6hung der Sedierung eingenommen werden. Vor der Einnahme eine Fachperson des Gesundheitswesens konsultieren bei kardiovaskul\u00e4ren Erkrankungen, Immun-, Leber- oder chronischen Nierenerkrankungen, hormonellen St\u00f6rungen oder Krampfleiden, Asthma, Depressionen, Diabetes, niedrigem Blutzucker oder Migr\u00e4ne. Einnahme abbrechen bei Auftreten einer Allergie oder bei Kopfschmerzen, Verwirrtheit oder \u00dcbelkeit. Vor der Einnahme eine Fachperson des Gesundheitswesens konsultieren, wenn Sie schwanger sind oder stillen, Medikamente einnehmen oder unter einer medizinischen Erkrankung leiden. Nur f\u00fcr gelegentlichen und\/oder zeitweiligen Gebrauch. Ausserhalb der Reichweite von Kindern aufbewahren.<\/p>\n<\/p><\/div>\n<div class=\"chcg-allergens\">\n<h3>Allergeninformationen<\/h3>\n<p>Enth\u00e4lt keine k\u00fcnstlichen Farb-, Konservierungs- oder S\u00fcssungsmittel; kein Milchprodukte, Zucker, Weizen, Gluten, Soja, Sesam, Mais, Ei, Fisch, Schalentiere, tierische Produkte, Baumn\u00fcsse oder GVO.<\/p>\n<\/p><\/div>\n<div class=\"chcg-storage\">\n<h3>Lagerung<\/h3>\n<p>Ausserhalb der Reichweite von Kindern aufbewahren. An einem k\u00fchlen, trockenen Ort lagern.<\/p>\n<\/p><\/div>\n<div class=\"chcg-dietary\">\n<h3>Ern\u00e4hrungshinweise<\/h3>\n<ul>\n<li>Vegan<\/li>\n<li>Vegetarisch<\/li>\n<li>Glutenfrei<\/li>\n<li>Laktosefrei<\/li>\n<\/ul><\/div>\n<\/div>\n","protected":false},"excerpt":{"rendered":"<p>Stress-Relax Nighttime Magnesium Bisglycinate von Natural Factors kombiniert Magnesium, GABA, L-Theanine und Melatonin in einer vegetarischen Abendkapsel. Praktische Packung mit 90 Kapseln (45 Portionen). Vegan, glutenfrei und ohne k\u00fcnstliche Zusatzstoffe.<\/p>\n","protected":false},"featured_media":5708,"comment_status":"closed","ping_status":"open","template":"","meta":[],"product_brand":[296],"product_cat":[25,21],"product_tag":[],"class_list":{"0":"post-5707","1":"product","2":"type-product","3":"status-publish","4":"has-post-thumbnail","6":"product_brand-natural-factors","7":"product_cat-gesundheit-und-wohlbefinden","8":"product_cat-vitamine-und-mineralstoffe","10":"first","11":"outofstock","12":"taxable","13":"shipping-taxable","14":"purchasable","15":"product-type-simple"},"yoast_head":"<!-- This site is optimized with the Yoast SEO plugin v27.5 - https:\/\/yoast.com\/product\/yoast-seo-wordpress\/ -->\n<title>Stress-Relax Nighttime Magnesium Bisglycinate \u2013 Natural Factors | ecosupplements.ch<\/title>\n<meta name=\"description\" content=\"Magnesium Bisglycinate mit Melatonin, GABA &amp; L-Theanine f\u00fcr Ihre Abendroutine \u2013 90 vegane Kapseln von Natural Factors. Jetzt bestellen.\" \/>\n<meta name=\"robots\" content=\"index, follow, max-snippet:-1, max-image-preview:large, max-video-preview:-1\" \/>\n<link rel=\"canonical\" href=\"https:\/\/ecosupplements.ch\/?product=natural-factors-stress-relax-nighttime-magnesium-bisglycinate-90-capsules\" \/>\n<meta property=\"og:locale\" content=\"de_DE\" \/>\n<meta property=\"og:type\" content=\"article\" \/>\n<meta property=\"og:title\" content=\"Stress-Relax Nighttime Magnesium Bisglycinate \u2013 Natural Factors | ecosupplements.ch\" \/>\n<meta property=\"og:description\" content=\"Magnesium Bisglycinate mit Melatonin, GABA &amp; L-Theanine f\u00fcr Ihre Abendroutine \u2013 90 vegane Kapseln von Natural Factors. Jetzt bestellen.\" \/>\n<meta property=\"og:url\" content=\"https:\/\/ecosupplements.ch\/?product=natural-factors-stress-relax-nighttime-magnesium-bisglycinate-90-capsules\" \/>\n<meta property=\"og:site_name\" content=\"Eco Supplements\" \/>\n<meta property=\"article:modified_time\" content=\"2026-05-13T07:27:11+00:00\" \/>\n<meta property=\"og:image\" content=\"https:\/\/ecosupplements.ch\/wp-content\/uploads\/2026\/05\/Natural-Factors-Stress-Relax-Nighttime-Magnesium-Bisglycinate-90-Capsules.webp\" \/>\n\t<meta property=\"og:image:width\" content=\"1000\" \/>\n\t<meta property=\"og:image:height\" content=\"1000\" \/>\n\t<meta property=\"og:image:type\" content=\"image\/jpeg\" \/>\n<meta name=\"twitter:card\" content=\"summary_large_image\" \/>\n<meta name=\"twitter:label1\" content=\"Price\" \/>\n\t<meta name=\"twitter:data1\" content=\"&#067;&#072;&#070;&nbsp;24.36\" \/>\n\t<meta name=\"twitter:label2\" content=\"Availability\" \/>\n\t<meta name=\"twitter:data2\" content=\"Out of stock\" \/>\n<script type=\"application\/ld+json\" class=\"yoast-schema-graph\">{\"@context\":\"https:\\\/\\\/schema.org\",\"@graph\":[{\"@type\":\"WebPage\",\"@id\":\"https:\\\/\\\/ecosupplements.ch\\\/?product=natural-factors-stress-relax-nighttime-magnesium-bisglycinate-90-capsules\",\"url\":\"https:\\\/\\\/ecosupplements.ch\\\/?product=natural-factors-stress-relax-nighttime-magnesium-bisglycinate-90-capsules\",\"name\":\"Stress-Relax Nighttime Magnesium Bisglycinate \u2013 Natural Factors | ecosupplements.ch\",\"isPartOf\":{\"@id\":\"https:\\\/\\\/ecosupplements.ch\\\/#website\"},\"primaryImageOfPage\":{\"@id\":\"https:\\\/\\\/ecosupplements.ch\\\/?product=natural-factors-stress-relax-nighttime-magnesium-bisglycinate-90-capsules#primaryimage\"},\"image\":{\"@id\":\"https:\\\/\\\/ecosupplements.ch\\\/?product=natural-factors-stress-relax-nighttime-magnesium-bisglycinate-90-capsules#primaryimage\"},\"thumbnailUrl\":\"https:\\\/\\\/ecosupplements.ch\\\/wp-content\\\/uploads\\\/2026\\\/05\\\/Natural-Factors-Stress-Relax-Nighttime-Magnesium-Bisglycinate-90-Capsules.webp\",\"datePublished\":\"2026-05-11T15:08:57+00:00\",\"dateModified\":\"2026-05-13T07:27:11+00:00\",\"description\":\"Magnesium Bisglycinate mit Melatonin, GABA & L-Theanine f\u00fcr Ihre Abendroutine \u2013 90 vegane Kapseln von Natural Factors. Jetzt bestellen.\",\"breadcrumb\":{\"@id\":\"https:\\\/\\\/ecosupplements.ch\\\/?product=natural-factors-stress-relax-nighttime-magnesium-bisglycinate-90-capsules#breadcrumb\"},\"inLanguage\":\"de-CH\",\"potentialAction\":[{\"@type\":\"ReadAction\",\"target\":[\"https:\\\/\\\/ecosupplements.ch\\\/?product=natural-factors-stress-relax-nighttime-magnesium-bisglycinate-90-capsules\"]}]},{\"@type\":\"ImageObject\",\"inLanguage\":\"de-CH\",\"@id\":\"https:\\\/\\\/ecosupplements.ch\\\/?product=natural-factors-stress-relax-nighttime-magnesium-bisglycinate-90-capsules#primaryimage\",\"url\":\"https:\\\/\\\/ecosupplements.ch\\\/wp-content\\\/uploads\\\/2026\\\/05\\\/Natural-Factors-Stress-Relax-Nighttime-Magnesium-Bisglycinate-90-Capsules.webp\",\"contentUrl\":\"https:\\\/\\\/ecosupplements.ch\\\/wp-content\\\/uploads\\\/2026\\\/05\\\/Natural-Factors-Stress-Relax-Nighttime-Magnesium-Bisglycinate-90-Capsules.webp\",\"width\":1000,\"height\":1000,\"caption\":\"Natural Factors Stress-Relax Nighttime Magnesium Bisglycinate (90 Capsules)\"},{\"@type\":\"BreadcrumbList\",\"@id\":\"https:\\\/\\\/ecosupplements.ch\\\/?product=natural-factors-stress-relax-nighttime-magnesium-bisglycinate-90-capsules#breadcrumb\",\"itemListElement\":[{\"@type\":\"ListItem\",\"position\":1,\"name\":\"Home\",\"item\":\"https:\\\/\\\/ecosupplements.ch\\\/\"},{\"@type\":\"ListItem\",\"position\":2,\"name\":\"Shop\",\"item\":\"https:\\\/\\\/ecosupplements.ch\\\/?page_id=14\"},{\"@type\":\"ListItem\",\"position\":3,\"name\":\"Natural Factors Stress-Relax Nighttime Magnesium Bisglycinate (90 Capsules)\"}]},{\"@type\":\"WebSite\",\"@id\":\"https:\\\/\\\/ecosupplements.ch\\\/#website\",\"url\":\"https:\\\/\\\/ecosupplements.ch\\\/\",\"name\":\"Eco Supplements\",\"description\":\"\",\"potentialAction\":[{\"@type\":\"SearchAction\",\"target\":{\"@type\":\"EntryPoint\",\"urlTemplate\":\"https:\\\/\\\/ecosupplements.ch\\\/?s={search_term_string}\"},\"query-input\":{\"@type\":\"PropertyValueSpecification\",\"valueRequired\":true,\"valueName\":\"search_term_string\"}}],\"inLanguage\":\"de-CH\"}]}<\/script>\n<meta property=\"product:price:amount\" content=\"24.36\" \/>\n<meta property=\"product:price:currency\" content=\"CHF\" \/>\n<meta property=\"og:availability\" content=\"out of stock\" \/>\n<meta property=\"product:availability\" content=\"out of stock\" \/>\n<meta property=\"product:retailer_item_id\" content=\"627765035292\" \/>\n<meta property=\"product:condition\" content=\"new\" \/>\n<!-- \/ Yoast SEO plugin. -->","yoast_head_json":{"title":"Stress-Relax Nighttime Magnesium Bisglycinate \u2013 Natural Factors | ecosupplements.ch","description":"Magnesium Bisglycinate mit Melatonin, GABA & L-Theanine f\u00fcr Ihre Abendroutine \u2013 90 vegane Kapseln von Natural Factors. Jetzt bestellen.","robots":{"index":"index","follow":"follow","max-snippet":"max-snippet:-1","max-image-preview":"max-image-preview:large","max-video-preview":"max-video-preview:-1"},"canonical":"https:\/\/ecosupplements.ch\/?product=natural-factors-stress-relax-nighttime-magnesium-bisglycinate-90-capsules","og_locale":"de_DE","og_type":"article","og_title":"Stress-Relax Nighttime Magnesium Bisglycinate \u2013 Natural Factors | ecosupplements.ch","og_description":"Magnesium Bisglycinate mit Melatonin, GABA & L-Theanine f\u00fcr Ihre Abendroutine \u2013 90 vegane Kapseln von Natural Factors. Jetzt bestellen.","og_url":"https:\/\/ecosupplements.ch\/?product=natural-factors-stress-relax-nighttime-magnesium-bisglycinate-90-capsules","og_site_name":"Eco Supplements","article_modified_time":"2026-05-13T07:27:11+00:00","og_image":[{"width":1000,"height":1000,"url":"https:\/\/ecosupplements.ch\/wp-content\/uploads\/2026\/05\/Natural-Factors-Stress-Relax-Nighttime-Magnesium-Bisglycinate-90-Capsules.webp","type":"image\/jpeg"}],"twitter_card":"summary_large_image","twitter_misc":{"Price":"&#67;&#72;&#70;&nbsp;24.36","Availability":"Out of stock"},"schema":{"@context":"https:\/\/schema.org","@graph":[{"@type":"WebPage","@id":"https:\/\/ecosupplements.ch\/?product=natural-factors-stress-relax-nighttime-magnesium-bisglycinate-90-capsules","url":"https:\/\/ecosupplements.ch\/?product=natural-factors-stress-relax-nighttime-magnesium-bisglycinate-90-capsules","name":"Stress-Relax Nighttime Magnesium Bisglycinate \u2013 Natural Factors | ecosupplements.ch","isPartOf":{"@id":"https:\/\/ecosupplements.ch\/#website"},"primaryImageOfPage":{"@id":"https:\/\/ecosupplements.ch\/?product=natural-factors-stress-relax-nighttime-magnesium-bisglycinate-90-capsules#primaryimage"},"image":{"@id":"https:\/\/ecosupplements.ch\/?product=natural-factors-stress-relax-nighttime-magnesium-bisglycinate-90-capsules#primaryimage"},"thumbnailUrl":"https:\/\/ecosupplements.ch\/wp-content\/uploads\/2026\/05\/Natural-Factors-Stress-Relax-Nighttime-Magnesium-Bisglycinate-90-Capsules.webp","datePublished":"2026-05-11T15:08:57+00:00","dateModified":"2026-05-13T07:27:11+00:00","description":"Magnesium Bisglycinate mit Melatonin, GABA & L-Theanine f\u00fcr Ihre Abendroutine \u2013 90 vegane Kapseln von Natural Factors. Jetzt bestellen.","breadcrumb":{"@id":"https:\/\/ecosupplements.ch\/?product=natural-factors-stress-relax-nighttime-magnesium-bisglycinate-90-capsules#breadcrumb"},"inLanguage":"de-CH","potentialAction":[{"@type":"ReadAction","target":["https:\/\/ecosupplements.ch\/?product=natural-factors-stress-relax-nighttime-magnesium-bisglycinate-90-capsules"]}]},{"@type":"ImageObject","inLanguage":"de-CH","@id":"https:\/\/ecosupplements.ch\/?product=natural-factors-stress-relax-nighttime-magnesium-bisglycinate-90-capsules#primaryimage","url":"https:\/\/ecosupplements.ch\/wp-content\/uploads\/2026\/05\/Natural-Factors-Stress-Relax-Nighttime-Magnesium-Bisglycinate-90-Capsules.webp","contentUrl":"https:\/\/ecosupplements.ch\/wp-content\/uploads\/2026\/05\/Natural-Factors-Stress-Relax-Nighttime-Magnesium-Bisglycinate-90-Capsules.webp","width":1000,"height":1000,"caption":"Natural Factors Stress-Relax Nighttime Magnesium Bisglycinate (90 Capsules)"},{"@type":"BreadcrumbList","@id":"https:\/\/ecosupplements.ch\/?product=natural-factors-stress-relax-nighttime-magnesium-bisglycinate-90-capsules#breadcrumb","itemListElement":[{"@type":"ListItem","position":1,"name":"Home","item":"https:\/\/ecosupplements.ch\/"},{"@type":"ListItem","position":2,"name":"Shop","item":"https:\/\/ecosupplements.ch\/?page_id=14"},{"@type":"ListItem","position":3,"name":"Natural Factors Stress-Relax Nighttime Magnesium Bisglycinate (90 Capsules)"}]},{"@type":"WebSite","@id":"https:\/\/ecosupplements.ch\/#website","url":"https:\/\/ecosupplements.ch\/","name":"Eco Supplements","description":"","potentialAction":[{"@type":"SearchAction","target":{"@type":"EntryPoint","urlTemplate":"https:\/\/ecosupplements.ch\/?s={search_term_string}"},"query-input":{"@type":"PropertyValueSpecification","valueRequired":true,"valueName":"search_term_string"}}],"inLanguage":"de-CH"}]},"product_price_amount":"24.36","product_price_currency":"CHF","og_availability":"out of stock","product_availability":"out of stock","product_retailer_item_id":"627765035292","product_condition":"new"},"_links":{"self":[{"href":"https:\/\/ecosupplements.ch\/index.php?rest_route=\/wp\/v2\/product\/5707","targetHints":{"allow":["GET"]}}],"collection":[{"href":"https:\/\/ecosupplements.ch\/index.php?rest_route=\/wp\/v2\/product"}],"about":[{"href":"https:\/\/ecosupplements.ch\/index.php?rest_route=\/wp\/v2\/types\/product"}],"replies":[{"embeddable":true,"href":"https:\/\/ecosupplements.ch\/index.php?rest_route=%2Fwp%2Fv2%2Fcomments&post=5707"}],"wp:featuredmedia":[{"embeddable":true,"href":"https:\/\/ecosupplements.ch\/index.php?rest_route=\/wp\/v2\/media\/5708"}],"wp:attachment":[{"href":"https:\/\/ecosupplements.ch\/index.php?rest_route=%2Fwp%2Fv2%2Fmedia&parent=5707"}],"wp:term":[{"taxonomy":"product_brand","embeddable":true,"href":"https:\/\/ecosupplements.ch\/index.php?rest_route=%2Fwp%2Fv2%2Fproduct_brand&post=5707"},{"taxonomy":"product_cat","embeddable":true,"href":"https:\/\/ecosupplements.ch\/index.php?rest_route=%2Fwp%2Fv2%2Fproduct_cat&post=5707"},{"taxonomy":"product_tag","embeddable":true,"href":"https:\/\/ecosupplements.ch\/index.php?rest_route=%2Fwp%2Fv2%2Fproduct_tag&post=5707"}],"curies":[{"name":"wp","href":"https:\/\/api.w.org\/{rel}","templated":true}]}}