{"id":5890,"date":"2026-05-11T15:10:28","date_gmt":"2026-05-11T15:10:28","guid":{"rendered":"https:\/\/ecosupplements.ch\/?product=ostrovit-keep-sleep-melatonin-300-tablets"},"modified":"2026-05-13T07:27:43","modified_gmt":"2026-05-13T07:27:43","slug":"ostrovit-keep-sleep-melatonin-300-tablets","status":"publish","type":"product","link":"https:\/\/ecosupplements.ch\/?product=ostrovit-keep-sleep-melatonin-300-tablets","title":{"rendered":"Ostrovit Keep Sleep Melatonin (300 Tablets)"},"content":{"rendered":"<div class=\"chcg-product-description\">\n<h2 class=\"chcg-heading\">\u00dcber Ostrovit \u2013 Keep Sleep Melatonin (300 Tabletten)<\/h2>\n<div class=\"chcg-intro\">\n<p>Ostrovit Keep Sleep Melatonin liefert pro Tablette 1 mg Melatonin \u2013 einen k\u00f6rpereigenen Wirkstoff, der zur Regulierung des Schlaf-Wach-Rhythmus beitr\u00e4gt. Melatonin tr\u00e4gt dazu bei, die Einschlafzeit zu verk\u00fcrzen. Der positive Effekt tritt bei einer Einnahme von 1 mg kurz vor dem Schlafengehen ein.<\/p>\n<p>Die praktische Dosierform als Tablette macht die t\u00e4gliche Einnahme einfach und unkompliziert. Mit 300 Tabletten pro Packung bietet dieses Produkt einen Vorrat f\u00fcr 300 Tage bei einmaliger t\u00e4glicher Einnahme \u2013 ideal f\u00fcr eine langfristige, konsistente Anwendung.<\/p>\n<p>Dar\u00fcber hinaus kann Melatonin dazu beitragen, subjektive Jetlag-Empfindungen zu lindern. Ein positiver Effekt tritt bei Einnahme von 0,5 mg kurz vor dem Einschlafen am ersten Reisetag sowie in den n\u00e4chsten Tagen nach der Ankunft am Zielort ein.<\/p>\n<\/p><\/div>\n<div class=\"chcg-nutrition\">\n<h3>N\u00e4hrwertangaben<\/h3>\n<table class=\"chcg-nutrition-table\">\n<thead>\n<tr>\n<th>N\u00e4hrstoff<\/th>\n<th>Pro Portion (1 Tablette)<\/th>\n<\/tr>\n<\/thead>\n<tbody>\n<tr>\n<td>Melatonin<\/td>\n<td>1 mg*<\/td>\n<\/tr>\n<\/tbody>\n<\/table>\n<p class=\"chcg-footnote\">* Kein festgelegter Tagesbedarf (NRV).<\/p>\n<\/p><\/div>\n<div class=\"chcg-ingredients\">\n<h3>Zutaten<\/h3>\n<p>F\u00fcllstoffe: mikrokristalline Cellulose, St\u00e4rke; Trennmittel: Magnesiumsalze von Fetts\u00e4uren, Siliziumdioxid; Melatonin.<\/p>\n<\/p><\/div>\n<div class=\"chcg-dosage\">\n<h3>Verzehrempfehlung<\/h3>\n<p>1 Portion (1 Tablette) pro Tag, 30 Minuten vor dem Schlafengehen einnehmen. Ein positiver Effekt tritt ein, wenn 1 mg Melatonin kurz vor dem Schlafengehen eingenommen wird, oder 0,5 mg kurz vor dem Einschlafen am ersten Reisetag sowie in den n\u00e4chsten Tagen nach der Ankunft am Zielort.<\/p>\n<\/p><\/div>\n<div class=\"chcg-warnings\">\n<h3>Warnhinweise<\/h3>\n<p>Die empfohlene Tagesdosis darf nicht \u00fcberschritten werden. Nahrungserg\u00e4nzungsmittel sind kein Ersatz f\u00fcr eine abwechslungsreiche Ern\u00e4hrung. Eine ausgewogene Ern\u00e4hrung und eine gesunde Lebensweise werden empfohlen. Nicht einnehmen bei Allergie gegen einen der Inhaltsstoffe des Produkts. Das Produkt sollte nicht von Kindern, Schwangeren und stillenden M\u00fcttern verwendet werden. Ausserhalb der Reichweite von Kleinkindern aufbewahren. Nicht beim F\u00fchren von Fahrzeugen oder beim Bedienen von Maschinen verwenden; nicht in Kombination mit Alkohol oder anderen Arzneimitteln, einschliesslich pflanzlicher Heilmittel, einnehmen.<\/p>\n<\/p><\/div>\n<div class=\"chcg-allergens\">\n<h3>Allergeninformationen<\/h3>\n<p>Das Produkt kann Spuren von Milch (einschliesslich Laktose), Soja, Erdn\u00fcssen, anderen N\u00fcssen, Sesamsamen, glutenhaltigem Getreide, Eiern, Krebstieren und Fisch enthalten.<\/p>\n<\/p><\/div>\n<div class=\"chcg-storage\">\n<h3>Lagerung<\/h3>\n<p>An einem trockenen Ort bei Raumtemperatur unter 25 \u00b0C, vor direkter Sonneneinstrahlung gesch\u00fctzt, aufbewahren. Ausserhalb der Reichweite von Kindern aufbewahren.<\/p>\n<\/p><\/div>\n<div class=\"chcg-dietary\">\n<h3>Ern\u00e4hrungshinweise<\/h3>\n<ul>\n<li>Vegan<\/li>\n<li>Vegetarisch<\/li>\n<\/ul><\/div>\n<\/div>\n","protected":false},"excerpt":{"rendered":"<p>Ostrovit Keep Sleep Melatonin liefert 1 mg Melatonin pro Tablette und tr\u00e4gt dazu bei, die Einschlafzeit zu verk\u00fcrzen. Praktische Tabletten, vegan, 300 St\u00fcck pro Packung \u2013 f\u00fcr einen Tagesvorrat von 300 Tagen.<\/p>\n","protected":false},"featured_media":5891,"comment_status":"closed","ping_status":"open","template":"","meta":[],"product_brand":[298],"product_cat":[48,83,21],"product_tag":[],"class_list":{"0":"post-5890","1":"product","2":"type-product","3":"status-publish","4":"has-post-thumbnail","6":"product_brand-ostrovit","7":"product_cat-gesunde-ernaehrung","8":"product_cat-schlafunterstuetzung","9":"product_cat-vitamine-und-mineralstoffe","11":"first","12":"outofstock","13":"taxable","14":"shipping-taxable","15":"purchasable","16":"product-type-simple"},"yoast_head":"<!-- This site is optimized with the Yoast SEO plugin v27.5 - https:\/\/yoast.com\/product\/yoast-seo-wordpress\/ -->\n<title>Keep Sleep Melatonin 300 Tabletten \u2013 Ostrovit | ecosupplements.ch<\/title>\n<meta name=\"description\" content=\"Ostrovit Keep Sleep Melatonin mit 1 mg Melatonin pro Tablette \u2013 tr\u00e4gt zur Verk\u00fcrzung der Einschlafzeit bei. 300 vegane Tabletten. Jetzt bestellen.\" \/>\n<meta name=\"robots\" content=\"index, follow, max-snippet:-1, max-image-preview:large, max-video-preview:-1\" \/>\n<link rel=\"canonical\" href=\"https:\/\/ecosupplements.ch\/?product=ostrovit-keep-sleep-melatonin-300-tablets\" \/>\n<meta property=\"og:locale\" content=\"de_DE\" \/>\n<meta property=\"og:type\" content=\"article\" \/>\n<meta property=\"og:title\" content=\"Keep Sleep Melatonin 300 Tabletten \u2013 Ostrovit | ecosupplements.ch\" \/>\n<meta property=\"og:description\" content=\"Ostrovit Keep Sleep Melatonin mit 1 mg Melatonin pro Tablette \u2013 tr\u00e4gt zur Verk\u00fcrzung der Einschlafzeit bei. 300 vegane Tabletten. Jetzt bestellen.\" \/>\n<meta property=\"og:url\" content=\"https:\/\/ecosupplements.ch\/?product=ostrovit-keep-sleep-melatonin-300-tablets\" \/>\n<meta property=\"og:site_name\" content=\"Eco Supplements\" \/>\n<meta property=\"article:modified_time\" content=\"2026-05-13T07:27:43+00:00\" \/>\n<meta property=\"og:image\" content=\"https:\/\/ecosupplements.ch\/wp-content\/uploads\/2026\/05\/Ostrovit-Keep-Sleep-Melatonin-300-Tablets.webp\" \/>\n\t<meta property=\"og:image:width\" content=\"1000\" \/>\n\t<meta property=\"og:image:height\" content=\"1000\" \/>\n\t<meta property=\"og:image:type\" content=\"image\/jpeg\" \/>\n<meta name=\"twitter:card\" content=\"summary_large_image\" \/>\n<meta name=\"twitter:label1\" content=\"Price\" \/>\n\t<meta name=\"twitter:data1\" content=\"&#067;&#072;&#070;&nbsp;6.64\" \/>\n\t<meta name=\"twitter:label2\" content=\"Availability\" \/>\n\t<meta name=\"twitter:data2\" content=\"Out of stock\" \/>\n<script type=\"application\/ld+json\" class=\"yoast-schema-graph\">{\"@context\":\"https:\\\/\\\/schema.org\",\"@graph\":[{\"@type\":\"WebPage\",\"@id\":\"https:\\\/\\\/ecosupplements.ch\\\/?product=ostrovit-keep-sleep-melatonin-300-tablets\",\"url\":\"https:\\\/\\\/ecosupplements.ch\\\/?product=ostrovit-keep-sleep-melatonin-300-tablets\",\"name\":\"Keep Sleep Melatonin 300 Tabletten \u2013 Ostrovit | ecosupplements.ch\",\"isPartOf\":{\"@id\":\"https:\\\/\\\/ecosupplements.ch\\\/#website\"},\"primaryImageOfPage\":{\"@id\":\"https:\\\/\\\/ecosupplements.ch\\\/?product=ostrovit-keep-sleep-melatonin-300-tablets#primaryimage\"},\"image\":{\"@id\":\"https:\\\/\\\/ecosupplements.ch\\\/?product=ostrovit-keep-sleep-melatonin-300-tablets#primaryimage\"},\"thumbnailUrl\":\"https:\\\/\\\/ecosupplements.ch\\\/wp-content\\\/uploads\\\/2026\\\/05\\\/Ostrovit-Keep-Sleep-Melatonin-300-Tablets.webp\",\"datePublished\":\"2026-05-11T15:10:28+00:00\",\"dateModified\":\"2026-05-13T07:27:43+00:00\",\"description\":\"Ostrovit Keep Sleep Melatonin mit 1 mg Melatonin pro Tablette \u2013 tr\u00e4gt zur Verk\u00fcrzung der Einschlafzeit bei. 300 vegane Tabletten. Jetzt bestellen.\",\"breadcrumb\":{\"@id\":\"https:\\\/\\\/ecosupplements.ch\\\/?product=ostrovit-keep-sleep-melatonin-300-tablets#breadcrumb\"},\"inLanguage\":\"de-CH\",\"potentialAction\":[{\"@type\":\"ReadAction\",\"target\":[\"https:\\\/\\\/ecosupplements.ch\\\/?product=ostrovit-keep-sleep-melatonin-300-tablets\"]}]},{\"@type\":\"ImageObject\",\"inLanguage\":\"de-CH\",\"@id\":\"https:\\\/\\\/ecosupplements.ch\\\/?product=ostrovit-keep-sleep-melatonin-300-tablets#primaryimage\",\"url\":\"https:\\\/\\\/ecosupplements.ch\\\/wp-content\\\/uploads\\\/2026\\\/05\\\/Ostrovit-Keep-Sleep-Melatonin-300-Tablets.webp\",\"contentUrl\":\"https:\\\/\\\/ecosupplements.ch\\\/wp-content\\\/uploads\\\/2026\\\/05\\\/Ostrovit-Keep-Sleep-Melatonin-300-Tablets.webp\",\"width\":1000,\"height\":1000,\"caption\":\"Ostrovit Keep Sleep Melatonin (300 Tablets)\"},{\"@type\":\"BreadcrumbList\",\"@id\":\"https:\\\/\\\/ecosupplements.ch\\\/?product=ostrovit-keep-sleep-melatonin-300-tablets#breadcrumb\",\"itemListElement\":[{\"@type\":\"ListItem\",\"position\":1,\"name\":\"Home\",\"item\":\"https:\\\/\\\/ecosupplements.ch\\\/\"},{\"@type\":\"ListItem\",\"position\":2,\"name\":\"Shop\",\"item\":\"https:\\\/\\\/ecosupplements.ch\\\/?page_id=14\"},{\"@type\":\"ListItem\",\"position\":3,\"name\":\"Ostrovit Keep Sleep Melatonin (300 Tablets)\"}]},{\"@type\":\"WebSite\",\"@id\":\"https:\\\/\\\/ecosupplements.ch\\\/#website\",\"url\":\"https:\\\/\\\/ecosupplements.ch\\\/\",\"name\":\"Eco Supplements\",\"description\":\"\",\"potentialAction\":[{\"@type\":\"SearchAction\",\"target\":{\"@type\":\"EntryPoint\",\"urlTemplate\":\"https:\\\/\\\/ecosupplements.ch\\\/?s={search_term_string}\"},\"query-input\":{\"@type\":\"PropertyValueSpecification\",\"valueRequired\":true,\"valueName\":\"search_term_string\"}}],\"inLanguage\":\"de-CH\"}]}<\/script>\n<meta property=\"product:price:amount\" content=\"6.64\" \/>\n<meta property=\"product:price:currency\" content=\"CHF\" \/>\n<meta property=\"og:availability\" content=\"out of stock\" \/>\n<meta property=\"product:availability\" content=\"out of stock\" \/>\n<meta property=\"product:retailer_item_id\" content=\"5903246228779\" \/>\n<meta property=\"product:condition\" content=\"new\" \/>\n<!-- \/ Yoast SEO plugin. -->","yoast_head_json":{"title":"Keep Sleep Melatonin 300 Tabletten \u2013 Ostrovit | ecosupplements.ch","description":"Ostrovit Keep Sleep Melatonin mit 1 mg Melatonin pro Tablette \u2013 tr\u00e4gt zur Verk\u00fcrzung der Einschlafzeit bei. 300 vegane Tabletten. Jetzt bestellen.","robots":{"index":"index","follow":"follow","max-snippet":"max-snippet:-1","max-image-preview":"max-image-preview:large","max-video-preview":"max-video-preview:-1"},"canonical":"https:\/\/ecosupplements.ch\/?product=ostrovit-keep-sleep-melatonin-300-tablets","og_locale":"de_DE","og_type":"article","og_title":"Keep Sleep Melatonin 300 Tabletten \u2013 Ostrovit | ecosupplements.ch","og_description":"Ostrovit Keep Sleep Melatonin mit 1 mg Melatonin pro Tablette \u2013 tr\u00e4gt zur Verk\u00fcrzung der Einschlafzeit bei. 300 vegane Tabletten. Jetzt bestellen.","og_url":"https:\/\/ecosupplements.ch\/?product=ostrovit-keep-sleep-melatonin-300-tablets","og_site_name":"Eco Supplements","article_modified_time":"2026-05-13T07:27:43+00:00","og_image":[{"width":1000,"height":1000,"url":"https:\/\/ecosupplements.ch\/wp-content\/uploads\/2026\/05\/Ostrovit-Keep-Sleep-Melatonin-300-Tablets.webp","type":"image\/jpeg"}],"twitter_card":"summary_large_image","twitter_misc":{"Price":"&#67;&#72;&#70;&nbsp;6.64","Availability":"Out of stock"},"schema":{"@context":"https:\/\/schema.org","@graph":[{"@type":"WebPage","@id":"https:\/\/ecosupplements.ch\/?product=ostrovit-keep-sleep-melatonin-300-tablets","url":"https:\/\/ecosupplements.ch\/?product=ostrovit-keep-sleep-melatonin-300-tablets","name":"Keep Sleep Melatonin 300 Tabletten \u2013 Ostrovit | ecosupplements.ch","isPartOf":{"@id":"https:\/\/ecosupplements.ch\/#website"},"primaryImageOfPage":{"@id":"https:\/\/ecosupplements.ch\/?product=ostrovit-keep-sleep-melatonin-300-tablets#primaryimage"},"image":{"@id":"https:\/\/ecosupplements.ch\/?product=ostrovit-keep-sleep-melatonin-300-tablets#primaryimage"},"thumbnailUrl":"https:\/\/ecosupplements.ch\/wp-content\/uploads\/2026\/05\/Ostrovit-Keep-Sleep-Melatonin-300-Tablets.webp","datePublished":"2026-05-11T15:10:28+00:00","dateModified":"2026-05-13T07:27:43+00:00","description":"Ostrovit Keep Sleep Melatonin mit 1 mg Melatonin pro Tablette \u2013 tr\u00e4gt zur Verk\u00fcrzung der Einschlafzeit bei. 300 vegane Tabletten. Jetzt bestellen.","breadcrumb":{"@id":"https:\/\/ecosupplements.ch\/?product=ostrovit-keep-sleep-melatonin-300-tablets#breadcrumb"},"inLanguage":"de-CH","potentialAction":[{"@type":"ReadAction","target":["https:\/\/ecosupplements.ch\/?product=ostrovit-keep-sleep-melatonin-300-tablets"]}]},{"@type":"ImageObject","inLanguage":"de-CH","@id":"https:\/\/ecosupplements.ch\/?product=ostrovit-keep-sleep-melatonin-300-tablets#primaryimage","url":"https:\/\/ecosupplements.ch\/wp-content\/uploads\/2026\/05\/Ostrovit-Keep-Sleep-Melatonin-300-Tablets.webp","contentUrl":"https:\/\/ecosupplements.ch\/wp-content\/uploads\/2026\/05\/Ostrovit-Keep-Sleep-Melatonin-300-Tablets.webp","width":1000,"height":1000,"caption":"Ostrovit Keep Sleep Melatonin (300 Tablets)"},{"@type":"BreadcrumbList","@id":"https:\/\/ecosupplements.ch\/?product=ostrovit-keep-sleep-melatonin-300-tablets#breadcrumb","itemListElement":[{"@type":"ListItem","position":1,"name":"Home","item":"https:\/\/ecosupplements.ch\/"},{"@type":"ListItem","position":2,"name":"Shop","item":"https:\/\/ecosupplements.ch\/?page_id=14"},{"@type":"ListItem","position":3,"name":"Ostrovit Keep Sleep Melatonin (300 Tablets)"}]},{"@type":"WebSite","@id":"https:\/\/ecosupplements.ch\/#website","url":"https:\/\/ecosupplements.ch\/","name":"Eco Supplements","description":"","potentialAction":[{"@type":"SearchAction","target":{"@type":"EntryPoint","urlTemplate":"https:\/\/ecosupplements.ch\/?s={search_term_string}"},"query-input":{"@type":"PropertyValueSpecification","valueRequired":true,"valueName":"search_term_string"}}],"inLanguage":"de-CH"}]},"product_price_amount":"6.64","product_price_currency":"CHF","og_availability":"out of stock","product_availability":"out of stock","product_retailer_item_id":"5903246228779","product_condition":"new"},"_links":{"self":[{"href":"https:\/\/ecosupplements.ch\/index.php?rest_route=\/wp\/v2\/product\/5890","targetHints":{"allow":["GET"]}}],"collection":[{"href":"https:\/\/ecosupplements.ch\/index.php?rest_route=\/wp\/v2\/product"}],"about":[{"href":"https:\/\/ecosupplements.ch\/index.php?rest_route=\/wp\/v2\/types\/product"}],"replies":[{"embeddable":true,"href":"https:\/\/ecosupplements.ch\/index.php?rest_route=%2Fwp%2Fv2%2Fcomments&post=5890"}],"wp:featuredmedia":[{"embeddable":true,"href":"https:\/\/ecosupplements.ch\/index.php?rest_route=\/wp\/v2\/media\/5891"}],"wp:attachment":[{"href":"https:\/\/ecosupplements.ch\/index.php?rest_route=%2Fwp%2Fv2%2Fmedia&parent=5890"}],"wp:term":[{"taxonomy":"product_brand","embeddable":true,"href":"https:\/\/ecosupplements.ch\/index.php?rest_route=%2Fwp%2Fv2%2Fproduct_brand&post=5890"},{"taxonomy":"product_cat","embeddable":true,"href":"https:\/\/ecosupplements.ch\/index.php?rest_route=%2Fwp%2Fv2%2Fproduct_cat&post=5890"},{"taxonomy":"product_tag","embeddable":true,"href":"https:\/\/ecosupplements.ch\/index.php?rest_route=%2Fwp%2Fv2%2Fproduct_tag&post=5890"}],"curies":[{"name":"wp","href":"https:\/\/api.w.org\/{rel}","templated":true}]}}