{"id":5893,"date":"2026-05-11T15:10:30","date_gmt":"2026-05-11T15:10:30","guid":{"rendered":"https:\/\/ecosupplements.ch\/?product=ostrovit-keep-sleep-melatonin-4k-100-tablets"},"modified":"2026-05-13T07:27:43","modified_gmt":"2026-05-13T07:27:43","slug":"ostrovit-keep-sleep-melatonin-4k-100-tablets","status":"publish","type":"product","link":"https:\/\/ecosupplements.ch\/?product=ostrovit-keep-sleep-melatonin-4k-100-tablets","title":{"rendered":"Ostrovit Keep Sleep Melatonin 4K (100 Tablets)"},"content":{"rendered":"<div class=\"chcg-product-description\">\n<h2 class=\"chcg-heading\">\u00dcber Ostrovit \u2013 Keep Sleep Melatonin 4K (100 Tabletten)<\/h2>\n<div class=\"chcg-intro\">\n<p>Ostrovit Keep Sleep Melatonin 4K liefert 4 mg Melatonin pro Tablette und l\u00e4sst sich dank der praktischen Viertelung flexibel dosieren \u2013 von 1 mg pro Einnahme aufw\u00e4rts. Melatonin tr\u00e4gt dazu bei, die Einschlafzeit zu verk\u00fcrzen und hilft dabei, die Auswirkungen von Jetlag zu lindern. Damit eignet sich dieses Produkt sowohl f\u00fcr Menschen, die ihren Schlaf-Wach-Rhythmus regulieren m\u00f6chten, als auch f\u00fcr Vielreisende.<\/p>\n<p>Jede Packung enth\u00e4lt 100 Tabletten, was bis zu 400 Einzelportionen \u00e0 1 mg entspricht. Die einfache Tablettenform erm\u00f6glicht eine unkomplizierte Einnahme im Alltag und l\u00e4sst sich problemlos auf Reisen mitnehmen.<\/p>\n<p>Ostrovit steht f\u00fcr klar deklarierte Zutaten und pr\u00e4zise Dosierungen \u2013 f\u00fcr alle, die ihren Schlaf gezielt und verantwortungsvoll unterst\u00fctzen m\u00f6chten.<\/p>\n<\/p><\/div>\n<div class=\"chcg-nutrition\">\n<h3>N\u00e4hrwertangaben<\/h3>\n<table class=\"chcg-nutrition-table\">\n<thead>\n<tr>\n<th>N\u00e4hrstoff<\/th>\n<th>Pro Portion (\u00bc Tablette)<\/th>\n<\/tr>\n<\/thead>\n<tbody>\n<tr>\n<td>Melatonin<\/td>\n<td>1 mg<\/td>\n<\/tr>\n<\/tbody>\n<\/table>\n<p class=\"chcg-footnote\">* F\u00fcr Melatonin ist kein Tagesreferenzwert festgelegt. Pro ganzer Tablette: 4 mg Melatonin.<\/p>\n<\/p><\/div>\n<div class=\"chcg-ingredients\">\n<h3>Zutaten<\/h3>\n<p>F\u00fcllstoff: mikrokristalline Cellulose; St\u00e4rke, Melatonin, Trennmittel: Magnesiumsalze von Fetts\u00e4uren, Siliziumdioxid.<\/p>\n<\/p><\/div>\n<div class=\"chcg-dosage\">\n<h3>Verzehrempfehlung<\/h3>\n<p>1 Portion (\u00bc Tablette) t\u00e4glich, 30 Minuten vor dem Schlafengehen einnehmen. Ein f\u00f6rderlicher Effekt tritt auf, wenn 1 mg Melatonin kurz vor dem Schlafengehen eingenommen wird, oder 0,5 mg kurz vor dem Einschlafen am ersten Reisetag sowie in den darauffolgenden Tagen nach Ankunft am Reiseziel.<\/p>\n<\/p><\/div>\n<div class=\"chcg-warnings\">\n<h3>Warnhinweise<\/h3>\n<p>Die empfohlene Tagesdosis nicht \u00fcberschreiten. Das Produkt nicht als Ersatz f\u00fcr eine abwechslungsreiche Ern\u00e4hrung verwenden. Eine ausgewogene Ern\u00e4hrung und ein gesunder Lebensstil werden empfohlen. Bei einer Allergie gegen einen der Inhaltsstoffe nicht einnehmen. Kinder, Schwangere und stillende Frauen d\u00fcrfen das Produkt nicht verwenden. Ausserhalb der Reichweite von Kindern aufbewahren.<\/p>\n<\/p><\/div>\n<div class=\"chcg-allergens\">\n<h3>Allergeninformationen<\/h3>\n<p>Das Produkt kann Spuren von Milch (einschliesslich Laktose), Sojabohnen, Erdn\u00fcssen, anderen N\u00fcssen, Sesamsamen, glutenhaltigen Getreidesorten, Eiern, Krebstieren und Fisch enthalten.<\/p>\n<\/p><\/div>\n<div class=\"chcg-storage\">\n<h3>Lagerung<\/h3>\n<p>Die Verpackung fest verschlossen, an einem trockenen Ort bei einer Temperatur von 15\u201325 \u00b0C aufbewahren.<\/p>\n<\/p><\/div>\n<\/div>\n","protected":false},"excerpt":{"rendered":"<p>Ostrovit Keep Sleep Melatonin 4K unterst\u00fctzt das Einschlafen und kann Jetlag-Symptome lindern. 100 teilbare Tabletten \u00e0 4 mg Melatonin \u2013 flexibel dosierbar ab 1 mg pro Portion.<\/p>\n","protected":false},"featured_media":5894,"comment_status":"closed","ping_status":"open","template":"","meta":[],"product_brand":[298],"product_cat":[48,83],"product_tag":[],"class_list":{"0":"post-5893","1":"product","2":"type-product","3":"status-publish","4":"has-post-thumbnail","6":"product_brand-ostrovit","7":"product_cat-gesunde-ernaehrung","8":"product_cat-schlafunterstuetzung","10":"first","11":"outofstock","12":"taxable","13":"shipping-taxable","14":"purchasable","15":"product-type-simple"},"yoast_head":"<!-- This site is optimized with the Yoast SEO plugin v27.5 - https:\/\/yoast.com\/product\/yoast-seo-wordpress\/ -->\n<title>Keep Sleep Melatonin 4K 100 Tabletten \u2013 Ostrovit | ecosupplements.ch<\/title>\n<meta name=\"description\" content=\"Melatonin 4K von Ostrovit \u2013 100 Tabletten zur flexiblen Dosierung f\u00fcr erholsamen Schlaf und bei Jetlag. Jetzt bestellen.\" \/>\n<meta name=\"robots\" content=\"index, follow, max-snippet:-1, max-image-preview:large, max-video-preview:-1\" \/>\n<link rel=\"canonical\" href=\"https:\/\/ecosupplements.ch\/?product=ostrovit-keep-sleep-melatonin-4k-100-tablets\" \/>\n<meta property=\"og:locale\" content=\"de_DE\" \/>\n<meta property=\"og:type\" content=\"article\" \/>\n<meta property=\"og:title\" content=\"Keep Sleep Melatonin 4K 100 Tabletten \u2013 Ostrovit | ecosupplements.ch\" \/>\n<meta property=\"og:description\" content=\"Melatonin 4K von Ostrovit \u2013 100 Tabletten zur flexiblen Dosierung f\u00fcr erholsamen Schlaf und bei Jetlag. Jetzt bestellen.\" \/>\n<meta property=\"og:url\" content=\"https:\/\/ecosupplements.ch\/?product=ostrovit-keep-sleep-melatonin-4k-100-tablets\" \/>\n<meta property=\"og:site_name\" content=\"Eco Supplements\" \/>\n<meta property=\"article:modified_time\" content=\"2026-05-13T07:27:43+00:00\" \/>\n<meta property=\"og:image\" content=\"https:\/\/ecosupplements.ch\/wp-content\/uploads\/2026\/05\/Ostrovit-Keep-Sleep-Melatonin-4K-100-Tablets.webp\" \/>\n\t<meta property=\"og:image:width\" content=\"1000\" \/>\n\t<meta property=\"og:image:height\" content=\"1000\" \/>\n\t<meta property=\"og:image:type\" content=\"image\/jpeg\" \/>\n<meta name=\"twitter:card\" content=\"summary_large_image\" \/>\n<meta name=\"twitter:label1\" content=\"Price\" \/>\n\t<meta name=\"twitter:data1\" content=\"&#067;&#072;&#070;&nbsp;6.13\" \/>\n\t<meta name=\"twitter:label2\" content=\"Availability\" \/>\n\t<meta name=\"twitter:data2\" content=\"Out of stock\" \/>\n<script type=\"application\/ld+json\" class=\"yoast-schema-graph\">{\"@context\":\"https:\\\/\\\/schema.org\",\"@graph\":[{\"@type\":\"WebPage\",\"@id\":\"https:\\\/\\\/ecosupplements.ch\\\/?product=ostrovit-keep-sleep-melatonin-4k-100-tablets\",\"url\":\"https:\\\/\\\/ecosupplements.ch\\\/?product=ostrovit-keep-sleep-melatonin-4k-100-tablets\",\"name\":\"Keep Sleep Melatonin 4K 100 Tabletten \u2013 Ostrovit | ecosupplements.ch\",\"isPartOf\":{\"@id\":\"https:\\\/\\\/ecosupplements.ch\\\/#website\"},\"primaryImageOfPage\":{\"@id\":\"https:\\\/\\\/ecosupplements.ch\\\/?product=ostrovit-keep-sleep-melatonin-4k-100-tablets#primaryimage\"},\"image\":{\"@id\":\"https:\\\/\\\/ecosupplements.ch\\\/?product=ostrovit-keep-sleep-melatonin-4k-100-tablets#primaryimage\"},\"thumbnailUrl\":\"https:\\\/\\\/ecosupplements.ch\\\/wp-content\\\/uploads\\\/2026\\\/05\\\/Ostrovit-Keep-Sleep-Melatonin-4K-100-Tablets.webp\",\"datePublished\":\"2026-05-11T15:10:30+00:00\",\"dateModified\":\"2026-05-13T07:27:43+00:00\",\"description\":\"Melatonin 4K von Ostrovit \u2013 100 Tabletten zur flexiblen Dosierung f\u00fcr erholsamen Schlaf und bei Jetlag. Jetzt bestellen.\",\"breadcrumb\":{\"@id\":\"https:\\\/\\\/ecosupplements.ch\\\/?product=ostrovit-keep-sleep-melatonin-4k-100-tablets#breadcrumb\"},\"inLanguage\":\"de-CH\",\"potentialAction\":[{\"@type\":\"ReadAction\",\"target\":[\"https:\\\/\\\/ecosupplements.ch\\\/?product=ostrovit-keep-sleep-melatonin-4k-100-tablets\"]}]},{\"@type\":\"ImageObject\",\"inLanguage\":\"de-CH\",\"@id\":\"https:\\\/\\\/ecosupplements.ch\\\/?product=ostrovit-keep-sleep-melatonin-4k-100-tablets#primaryimage\",\"url\":\"https:\\\/\\\/ecosupplements.ch\\\/wp-content\\\/uploads\\\/2026\\\/05\\\/Ostrovit-Keep-Sleep-Melatonin-4K-100-Tablets.webp\",\"contentUrl\":\"https:\\\/\\\/ecosupplements.ch\\\/wp-content\\\/uploads\\\/2026\\\/05\\\/Ostrovit-Keep-Sleep-Melatonin-4K-100-Tablets.webp\",\"width\":1000,\"height\":1000,\"caption\":\"Ostrovit Keep Sleep Melatonin 4K (100 Tablets)\"},{\"@type\":\"BreadcrumbList\",\"@id\":\"https:\\\/\\\/ecosupplements.ch\\\/?product=ostrovit-keep-sleep-melatonin-4k-100-tablets#breadcrumb\",\"itemListElement\":[{\"@type\":\"ListItem\",\"position\":1,\"name\":\"Home\",\"item\":\"https:\\\/\\\/ecosupplements.ch\\\/\"},{\"@type\":\"ListItem\",\"position\":2,\"name\":\"Shop\",\"item\":\"https:\\\/\\\/ecosupplements.ch\\\/?page_id=14\"},{\"@type\":\"ListItem\",\"position\":3,\"name\":\"Ostrovit Keep Sleep Melatonin 4K (100 Tablets)\"}]},{\"@type\":\"WebSite\",\"@id\":\"https:\\\/\\\/ecosupplements.ch\\\/#website\",\"url\":\"https:\\\/\\\/ecosupplements.ch\\\/\",\"name\":\"Eco Supplements\",\"description\":\"\",\"potentialAction\":[{\"@type\":\"SearchAction\",\"target\":{\"@type\":\"EntryPoint\",\"urlTemplate\":\"https:\\\/\\\/ecosupplements.ch\\\/?s={search_term_string}\"},\"query-input\":{\"@type\":\"PropertyValueSpecification\",\"valueRequired\":true,\"valueName\":\"search_term_string\"}}],\"inLanguage\":\"de-CH\"}]}<\/script>\n<meta property=\"product:price:amount\" content=\"6.13\" \/>\n<meta property=\"product:price:currency\" content=\"CHF\" \/>\n<meta property=\"og:availability\" content=\"out of stock\" \/>\n<meta property=\"product:availability\" content=\"out of stock\" \/>\n<meta property=\"product:retailer_item_id\" content=\"5903933913742\" \/>\n<meta property=\"product:condition\" content=\"new\" \/>\n<!-- \/ Yoast SEO plugin. -->","yoast_head_json":{"title":"Keep Sleep Melatonin 4K 100 Tabletten \u2013 Ostrovit | ecosupplements.ch","description":"Melatonin 4K von Ostrovit \u2013 100 Tabletten zur flexiblen Dosierung f\u00fcr erholsamen Schlaf und bei Jetlag. Jetzt bestellen.","robots":{"index":"index","follow":"follow","max-snippet":"max-snippet:-1","max-image-preview":"max-image-preview:large","max-video-preview":"max-video-preview:-1"},"canonical":"https:\/\/ecosupplements.ch\/?product=ostrovit-keep-sleep-melatonin-4k-100-tablets","og_locale":"de_DE","og_type":"article","og_title":"Keep Sleep Melatonin 4K 100 Tabletten \u2013 Ostrovit | ecosupplements.ch","og_description":"Melatonin 4K von Ostrovit \u2013 100 Tabletten zur flexiblen Dosierung f\u00fcr erholsamen Schlaf und bei Jetlag. Jetzt bestellen.","og_url":"https:\/\/ecosupplements.ch\/?product=ostrovit-keep-sleep-melatonin-4k-100-tablets","og_site_name":"Eco Supplements","article_modified_time":"2026-05-13T07:27:43+00:00","og_image":[{"width":1000,"height":1000,"url":"https:\/\/ecosupplements.ch\/wp-content\/uploads\/2026\/05\/Ostrovit-Keep-Sleep-Melatonin-4K-100-Tablets.webp","type":"image\/jpeg"}],"twitter_card":"summary_large_image","twitter_misc":{"Price":"&#67;&#72;&#70;&nbsp;6.13","Availability":"Out of stock"},"schema":{"@context":"https:\/\/schema.org","@graph":[{"@type":"WebPage","@id":"https:\/\/ecosupplements.ch\/?product=ostrovit-keep-sleep-melatonin-4k-100-tablets","url":"https:\/\/ecosupplements.ch\/?product=ostrovit-keep-sleep-melatonin-4k-100-tablets","name":"Keep Sleep Melatonin 4K 100 Tabletten \u2013 Ostrovit | ecosupplements.ch","isPartOf":{"@id":"https:\/\/ecosupplements.ch\/#website"},"primaryImageOfPage":{"@id":"https:\/\/ecosupplements.ch\/?product=ostrovit-keep-sleep-melatonin-4k-100-tablets#primaryimage"},"image":{"@id":"https:\/\/ecosupplements.ch\/?product=ostrovit-keep-sleep-melatonin-4k-100-tablets#primaryimage"},"thumbnailUrl":"https:\/\/ecosupplements.ch\/wp-content\/uploads\/2026\/05\/Ostrovit-Keep-Sleep-Melatonin-4K-100-Tablets.webp","datePublished":"2026-05-11T15:10:30+00:00","dateModified":"2026-05-13T07:27:43+00:00","description":"Melatonin 4K von Ostrovit \u2013 100 Tabletten zur flexiblen Dosierung f\u00fcr erholsamen Schlaf und bei Jetlag. Jetzt bestellen.","breadcrumb":{"@id":"https:\/\/ecosupplements.ch\/?product=ostrovit-keep-sleep-melatonin-4k-100-tablets#breadcrumb"},"inLanguage":"de-CH","potentialAction":[{"@type":"ReadAction","target":["https:\/\/ecosupplements.ch\/?product=ostrovit-keep-sleep-melatonin-4k-100-tablets"]}]},{"@type":"ImageObject","inLanguage":"de-CH","@id":"https:\/\/ecosupplements.ch\/?product=ostrovit-keep-sleep-melatonin-4k-100-tablets#primaryimage","url":"https:\/\/ecosupplements.ch\/wp-content\/uploads\/2026\/05\/Ostrovit-Keep-Sleep-Melatonin-4K-100-Tablets.webp","contentUrl":"https:\/\/ecosupplements.ch\/wp-content\/uploads\/2026\/05\/Ostrovit-Keep-Sleep-Melatonin-4K-100-Tablets.webp","width":1000,"height":1000,"caption":"Ostrovit Keep Sleep Melatonin 4K (100 Tablets)"},{"@type":"BreadcrumbList","@id":"https:\/\/ecosupplements.ch\/?product=ostrovit-keep-sleep-melatonin-4k-100-tablets#breadcrumb","itemListElement":[{"@type":"ListItem","position":1,"name":"Home","item":"https:\/\/ecosupplements.ch\/"},{"@type":"ListItem","position":2,"name":"Shop","item":"https:\/\/ecosupplements.ch\/?page_id=14"},{"@type":"ListItem","position":3,"name":"Ostrovit Keep Sleep Melatonin 4K (100 Tablets)"}]},{"@type":"WebSite","@id":"https:\/\/ecosupplements.ch\/#website","url":"https:\/\/ecosupplements.ch\/","name":"Eco Supplements","description":"","potentialAction":[{"@type":"SearchAction","target":{"@type":"EntryPoint","urlTemplate":"https:\/\/ecosupplements.ch\/?s={search_term_string}"},"query-input":{"@type":"PropertyValueSpecification","valueRequired":true,"valueName":"search_term_string"}}],"inLanguage":"de-CH"}]},"product_price_amount":"6.13","product_price_currency":"CHF","og_availability":"out of stock","product_availability":"out of stock","product_retailer_item_id":"5903933913742","product_condition":"new"},"_links":{"self":[{"href":"https:\/\/ecosupplements.ch\/index.php?rest_route=\/wp\/v2\/product\/5893","targetHints":{"allow":["GET"]}}],"collection":[{"href":"https:\/\/ecosupplements.ch\/index.php?rest_route=\/wp\/v2\/product"}],"about":[{"href":"https:\/\/ecosupplements.ch\/index.php?rest_route=\/wp\/v2\/types\/product"}],"replies":[{"embeddable":true,"href":"https:\/\/ecosupplements.ch\/index.php?rest_route=%2Fwp%2Fv2%2Fcomments&post=5893"}],"wp:featuredmedia":[{"embeddable":true,"href":"https:\/\/ecosupplements.ch\/index.php?rest_route=\/wp\/v2\/media\/5894"}],"wp:attachment":[{"href":"https:\/\/ecosupplements.ch\/index.php?rest_route=%2Fwp%2Fv2%2Fmedia&parent=5893"}],"wp:term":[{"taxonomy":"product_brand","embeddable":true,"href":"https:\/\/ecosupplements.ch\/index.php?rest_route=%2Fwp%2Fv2%2Fproduct_brand&post=5893"},{"taxonomy":"product_cat","embeddable":true,"href":"https:\/\/ecosupplements.ch\/index.php?rest_route=%2Fwp%2Fv2%2Fproduct_cat&post=5893"},{"taxonomy":"product_tag","embeddable":true,"href":"https:\/\/ecosupplements.ch\/index.php?rest_route=%2Fwp%2Fv2%2Fproduct_tag&post=5893"}],"curies":[{"name":"wp","href":"https:\/\/api.w.org\/{rel}","templated":true}]}}