{"id":5899,"date":"2026-05-11T15:10:33","date_gmt":"2026-05-11T15:10:33","guid":{"rendered":"https:\/\/ecosupplements.ch\/?product=ostrovit-magnesium-citrate-raspberry-lemonade-with-mint-200-g"},"modified":"2026-05-13T07:27:36","modified_gmt":"2026-05-13T07:27:36","slug":"ostrovit-magnesium-citrate-raspberry-lemonade-with-mint-200-g","status":"publish","type":"product","link":"https:\/\/ecosupplements.ch\/?product=ostrovit-magnesium-citrate-raspberry-lemonade-with-mint-200-g","title":{"rendered":"Ostrovit Magnesium Citrate &#8211; raspberry lemonade with mint (200 g)"},"content":{"rendered":"<div class=\"chcg-product-description\">\n<h2 class=\"chcg-heading\">\u00dcber Ostrovit \u2013 Magnesium Citrate \u2013 Himbeerlimonade mit Minze (200 g)<\/h2>\n<div class=\"chcg-intro\">\n<p>Ostrovit Magnesium Citrate bietet hochwertiges Magnesium in Form von Magnesiumcitrat \u2013 einer der am besten vertr\u00e4glichen und gut verwertbaren Magnesiumverbindungen. Mit 2000 mg Magnesiumsalzen der Zitronens\u00e4ure pro Portion unterst\u00fctzt dieses Pulver eine gezielte t\u00e4gliche Magnesiumzufuhr auf angenehme Weise.<\/p>\n<p>Das erfrischende Geschmacksprofil aus Himbeere, Limonade und Minze macht die t\u00e4gliche Einnahme besonders angenehm. Das fein aufgel\u00f6ste Pulver l\u00e4sst sich schnell und einfach in Wasser oder Saft einr\u00fchren \u2013 ideal f\u00fcr unterwegs oder als erfrischendes Getr\u00e4nk im Alltag.<\/p>\n<p>Mit 66 Portionen \u00e0 3 g (3 Messl\u00f6ffel) bietet die 200-g-Dose einen ausgiebigen Vorrat f\u00fcr \u00fcber zwei Monate bei t\u00e4glicher Anwendung. Magnesium tr\u00e4gt unter anderem zur normalen Muskelfunktion, zur Verringerung von M\u00fcdigkeit und Ersch\u00f6pfung sowie zur normalen psychischen Funktion bei.<\/p>\n<\/p><\/div>\n<div class=\"chcg-nutrition\">\n<h3>N\u00e4hrwertangaben<\/h3>\n<table class=\"chcg-nutrition-table\">\n<thead>\n<tr>\n<th>N\u00e4hrstoff<\/th>\n<th>Pro Portion (3 g)<\/th>\n<\/tr>\n<\/thead>\n<tbody>\n<tr>\n<td>Magnesiumsalze der Zitronens\u00e4ure<\/td>\n<td>2000 mg<\/td>\n<\/tr>\n<tr>\n<td>\u2013 davon Magnesium (elementar)<\/td>\n<td>k. A.*<\/td>\n<\/tr>\n<\/tbody>\n<\/table>\n<p class=\"chcg-footnote\">* Der genaue Gehalt an elementarem Magnesium sowie der prozentuale Anteil am N\u00e4hrstoffbezugswert (NRV) waren zum Zeitpunkt der Ver\u00f6ffentlichung nicht verf\u00fcgbar.<\/p>\n<\/p><\/div>\n<div class=\"chcg-ingredients\">\n<h3>Zutaten<\/h3>\n<p>Magnesiumsalze der Zitronens\u00e4ure (Magnesium), S\u00e4ureregulator: Zitronens\u00e4ure; Aromen, S\u00fcssstoffe: Sucralose, Acesulfam K.<\/p>\n<\/p><\/div>\n<div class=\"chcg-dosage\">\n<h3>Verzehrempfehlung<\/h3>\n<p>Die empfohlene Portion von 3 g (3 Messl\u00f6ffel) in 150\u2013200 ml Wasser oder Saft einr\u00fchren. Eine Portion t\u00e4glich konsumieren. Bitte den im Paket enthaltenen Messl\u00f6ffel verwenden (1 ml). ACHTUNG! Es wird nicht empfohlen, das Pulver direkt in den Mund zu sch\u00fctten.<\/p>\n<\/p><\/div>\n<div class=\"chcg-warnings\">\n<h3>Warnhinweise<\/h3>\n<p>Die empfohlene Tagesdosis nicht \u00fcberschreiten. Nahrungserg\u00e4nzungsmittel sollten nicht als Ersatz f\u00fcr eine abwechslungsreiche Ern\u00e4hrung verwendet werden. Eine ausgewogene Ern\u00e4hrung und ein gesunder Lebensstil werden empfohlen. Nicht konsumieren, wenn Sie gegen einen der Inhaltsstoffe des Produkts allergisch sind. Das Produkt sollte nicht von Kindern, Schwangeren und stillenden M\u00fcttern verwendet werden. Ausserhalb der Reichweite von Kleinkindern aufbewahren.<\/p>\n<\/p><\/div>\n<div class=\"chcg-allergens\">\n<h3>Allergeninformationen<\/h3>\n<p>Kann Spuren von Milch (einschliesslich Laktose), Soja, Erdn\u00fcssen, anderen N\u00fcssen, Sesamsamen, glutenhaltigem Getreide, Eiern, Krebstieren und Fisch enthalten.<\/p>\n<\/p><\/div>\n<div class=\"chcg-storage\">\n<h3>Lagerung<\/h3>\n<p>An einem trockenen Ort bei Raumtemperatur, unterhalb von 25 \u00b0C, vor direkter Sonneneinstrahlung gesch\u00fctzt aufbewahren.<\/p>\n<\/p><\/div>\n<div class=\"chcg-dietary\">\n<h3>Ern\u00e4hrungshinweise<\/h3>\n<ul>\n<li>Nicht glutenfrei<\/li>\n<li>Nicht laktosefrei<\/li>\n<\/ul><\/div>\n<\/div>\n","protected":false},"excerpt":{"rendered":"<p>Ostrovit Magnesium Citrate im erfrischenden Himbeer-Minze-Geschmack liefert 2000 mg Magnesiumcitrat pro Portion. Das fein l\u00f6sliche Pulver (200 g, 66 Portionen) l\u00e4sst sich einfach in Wasser oder Saft einr\u00fchren.<\/p>\n","protected":false},"featured_media":5900,"comment_status":"closed","ping_status":"open","template":"","meta":[],"product_brand":[298],"product_cat":[23,48,94,26,21],"product_tag":[],"class_list":{"0":"post-5899","1":"product","2":"type-product","3":"status-publish","4":"has-post-thumbnail","6":"product_brand-ostrovit","7":"product_cat-einige-mineralien","8":"product_cat-gesunde-ernaehrung","9":"product_cat-magnesium","10":"product_cat-multivitamine","11":"product_cat-vitamine-und-mineralstoffe","13":"first","14":"outofstock","15":"taxable","16":"shipping-taxable","17":"purchasable","18":"product-type-simple"},"yoast_head":"<!-- This site is optimized with the Yoast SEO plugin v27.5 - https:\/\/yoast.com\/product\/yoast-seo-wordpress\/ -->\n<title>Ostrovit Magnesium Citrate Himbeer-Minze 200g | ecosupplements.ch<\/title>\n<meta name=\"description\" content=\"Magnesiumcitrat-Pulver von Ostrovit im Himbeer-Minze-Geschmack \u2013 2000 mg pro Portion, 66 Portionen. Jetzt bestellen.\" \/>\n<meta name=\"robots\" content=\"index, follow, max-snippet:-1, max-image-preview:large, max-video-preview:-1\" \/>\n<link rel=\"canonical\" href=\"https:\/\/ecosupplements.ch\/?product=ostrovit-magnesium-citrate-raspberry-lemonade-with-mint-200-g\" \/>\n<meta property=\"og:locale\" content=\"de_DE\" \/>\n<meta property=\"og:type\" content=\"article\" \/>\n<meta property=\"og:title\" content=\"Ostrovit Magnesium Citrate Himbeer-Minze 200g | ecosupplements.ch\" \/>\n<meta property=\"og:description\" content=\"Magnesiumcitrat-Pulver von Ostrovit im Himbeer-Minze-Geschmack \u2013 2000 mg pro Portion, 66 Portionen. Jetzt bestellen.\" \/>\n<meta property=\"og:url\" content=\"https:\/\/ecosupplements.ch\/?product=ostrovit-magnesium-citrate-raspberry-lemonade-with-mint-200-g\" \/>\n<meta property=\"og:site_name\" content=\"Eco Supplements\" \/>\n<meta property=\"article:modified_time\" content=\"2026-05-13T07:27:36+00:00\" \/>\n<meta property=\"og:image\" content=\"https:\/\/ecosupplements.ch\/wp-content\/uploads\/2026\/05\/Ostrovit-Magnesium-Citrate-raspberry-lemonade-with-mint-200-g.webp\" \/>\n\t<meta property=\"og:image:width\" content=\"1000\" \/>\n\t<meta property=\"og:image:height\" content=\"1000\" \/>\n\t<meta property=\"og:image:type\" content=\"image\/jpeg\" \/>\n<meta name=\"twitter:card\" content=\"summary_large_image\" \/>\n<meta name=\"twitter:label1\" content=\"Price\" \/>\n\t<meta name=\"twitter:data1\" content=\"&#067;&#072;&#070;&nbsp;8.83\" \/>\n\t<meta name=\"twitter:label2\" content=\"Availability\" \/>\n\t<meta name=\"twitter:data2\" content=\"Out of stock\" \/>\n<script type=\"application\/ld+json\" class=\"yoast-schema-graph\">{\"@context\":\"https:\\\/\\\/schema.org\",\"@graph\":[{\"@type\":\"WebPage\",\"@id\":\"https:\\\/\\\/ecosupplements.ch\\\/?product=ostrovit-magnesium-citrate-raspberry-lemonade-with-mint-200-g\",\"url\":\"https:\\\/\\\/ecosupplements.ch\\\/?product=ostrovit-magnesium-citrate-raspberry-lemonade-with-mint-200-g\",\"name\":\"Ostrovit Magnesium Citrate Himbeer-Minze 200g | ecosupplements.ch\",\"isPartOf\":{\"@id\":\"https:\\\/\\\/ecosupplements.ch\\\/#website\"},\"primaryImageOfPage\":{\"@id\":\"https:\\\/\\\/ecosupplements.ch\\\/?product=ostrovit-magnesium-citrate-raspberry-lemonade-with-mint-200-g#primaryimage\"},\"image\":{\"@id\":\"https:\\\/\\\/ecosupplements.ch\\\/?product=ostrovit-magnesium-citrate-raspberry-lemonade-with-mint-200-g#primaryimage\"},\"thumbnailUrl\":\"https:\\\/\\\/ecosupplements.ch\\\/wp-content\\\/uploads\\\/2026\\\/05\\\/Ostrovit-Magnesium-Citrate-raspberry-lemonade-with-mint-200-g.webp\",\"datePublished\":\"2026-05-11T15:10:33+00:00\",\"dateModified\":\"2026-05-13T07:27:36+00:00\",\"description\":\"Magnesiumcitrat-Pulver von Ostrovit im Himbeer-Minze-Geschmack \u2013 2000 mg pro Portion, 66 Portionen. Jetzt bestellen.\",\"breadcrumb\":{\"@id\":\"https:\\\/\\\/ecosupplements.ch\\\/?product=ostrovit-magnesium-citrate-raspberry-lemonade-with-mint-200-g#breadcrumb\"},\"inLanguage\":\"de-CH\",\"potentialAction\":[{\"@type\":\"ReadAction\",\"target\":[\"https:\\\/\\\/ecosupplements.ch\\\/?product=ostrovit-magnesium-citrate-raspberry-lemonade-with-mint-200-g\"]}]},{\"@type\":\"ImageObject\",\"inLanguage\":\"de-CH\",\"@id\":\"https:\\\/\\\/ecosupplements.ch\\\/?product=ostrovit-magnesium-citrate-raspberry-lemonade-with-mint-200-g#primaryimage\",\"url\":\"https:\\\/\\\/ecosupplements.ch\\\/wp-content\\\/uploads\\\/2026\\\/05\\\/Ostrovit-Magnesium-Citrate-raspberry-lemonade-with-mint-200-g.webp\",\"contentUrl\":\"https:\\\/\\\/ecosupplements.ch\\\/wp-content\\\/uploads\\\/2026\\\/05\\\/Ostrovit-Magnesium-Citrate-raspberry-lemonade-with-mint-200-g.webp\",\"width\":1000,\"height\":1000,\"caption\":\"Ostrovit Magnesium Citrate - raspberry lemonade with mint (200 g)\"},{\"@type\":\"BreadcrumbList\",\"@id\":\"https:\\\/\\\/ecosupplements.ch\\\/?product=ostrovit-magnesium-citrate-raspberry-lemonade-with-mint-200-g#breadcrumb\",\"itemListElement\":[{\"@type\":\"ListItem\",\"position\":1,\"name\":\"Home\",\"item\":\"https:\\\/\\\/ecosupplements.ch\\\/\"},{\"@type\":\"ListItem\",\"position\":2,\"name\":\"Shop\",\"item\":\"https:\\\/\\\/ecosupplements.ch\\\/?page_id=14\"},{\"@type\":\"ListItem\",\"position\":3,\"name\":\"Ostrovit Magnesium Citrate &#8211; raspberry lemonade with mint (200 g)\"}]},{\"@type\":\"WebSite\",\"@id\":\"https:\\\/\\\/ecosupplements.ch\\\/#website\",\"url\":\"https:\\\/\\\/ecosupplements.ch\\\/\",\"name\":\"Eco Supplements\",\"description\":\"\",\"potentialAction\":[{\"@type\":\"SearchAction\",\"target\":{\"@type\":\"EntryPoint\",\"urlTemplate\":\"https:\\\/\\\/ecosupplements.ch\\\/?s={search_term_string}\"},\"query-input\":{\"@type\":\"PropertyValueSpecification\",\"valueRequired\":true,\"valueName\":\"search_term_string\"}}],\"inLanguage\":\"de-CH\"}]}<\/script>\n<meta property=\"product:price:amount\" content=\"8.83\" \/>\n<meta property=\"product:price:currency\" content=\"CHF\" \/>\n<meta property=\"og:availability\" content=\"out of stock\" \/>\n<meta property=\"product:availability\" content=\"out of stock\" \/>\n<meta property=\"product:retailer_item_id\" content=\"5903933904078\" \/>\n<meta property=\"product:condition\" content=\"new\" \/>\n<!-- \/ Yoast SEO plugin. -->","yoast_head_json":{"title":"Ostrovit Magnesium Citrate Himbeer-Minze 200g | ecosupplements.ch","description":"Magnesiumcitrat-Pulver von Ostrovit im Himbeer-Minze-Geschmack \u2013 2000 mg pro Portion, 66 Portionen. Jetzt bestellen.","robots":{"index":"index","follow":"follow","max-snippet":"max-snippet:-1","max-image-preview":"max-image-preview:large","max-video-preview":"max-video-preview:-1"},"canonical":"https:\/\/ecosupplements.ch\/?product=ostrovit-magnesium-citrate-raspberry-lemonade-with-mint-200-g","og_locale":"de_DE","og_type":"article","og_title":"Ostrovit Magnesium Citrate Himbeer-Minze 200g | ecosupplements.ch","og_description":"Magnesiumcitrat-Pulver von Ostrovit im Himbeer-Minze-Geschmack \u2013 2000 mg pro Portion, 66 Portionen. Jetzt bestellen.","og_url":"https:\/\/ecosupplements.ch\/?product=ostrovit-magnesium-citrate-raspberry-lemonade-with-mint-200-g","og_site_name":"Eco Supplements","article_modified_time":"2026-05-13T07:27:36+00:00","og_image":[{"width":1000,"height":1000,"url":"https:\/\/ecosupplements.ch\/wp-content\/uploads\/2026\/05\/Ostrovit-Magnesium-Citrate-raspberry-lemonade-with-mint-200-g.webp","type":"image\/jpeg"}],"twitter_card":"summary_large_image","twitter_misc":{"Price":"&#67;&#72;&#70;&nbsp;8.83","Availability":"Out of stock"},"schema":{"@context":"https:\/\/schema.org","@graph":[{"@type":"WebPage","@id":"https:\/\/ecosupplements.ch\/?product=ostrovit-magnesium-citrate-raspberry-lemonade-with-mint-200-g","url":"https:\/\/ecosupplements.ch\/?product=ostrovit-magnesium-citrate-raspberry-lemonade-with-mint-200-g","name":"Ostrovit Magnesium Citrate Himbeer-Minze 200g | ecosupplements.ch","isPartOf":{"@id":"https:\/\/ecosupplements.ch\/#website"},"primaryImageOfPage":{"@id":"https:\/\/ecosupplements.ch\/?product=ostrovit-magnesium-citrate-raspberry-lemonade-with-mint-200-g#primaryimage"},"image":{"@id":"https:\/\/ecosupplements.ch\/?product=ostrovit-magnesium-citrate-raspberry-lemonade-with-mint-200-g#primaryimage"},"thumbnailUrl":"https:\/\/ecosupplements.ch\/wp-content\/uploads\/2026\/05\/Ostrovit-Magnesium-Citrate-raspberry-lemonade-with-mint-200-g.webp","datePublished":"2026-05-11T15:10:33+00:00","dateModified":"2026-05-13T07:27:36+00:00","description":"Magnesiumcitrat-Pulver von Ostrovit im Himbeer-Minze-Geschmack \u2013 2000 mg pro Portion, 66 Portionen. Jetzt bestellen.","breadcrumb":{"@id":"https:\/\/ecosupplements.ch\/?product=ostrovit-magnesium-citrate-raspberry-lemonade-with-mint-200-g#breadcrumb"},"inLanguage":"de-CH","potentialAction":[{"@type":"ReadAction","target":["https:\/\/ecosupplements.ch\/?product=ostrovit-magnesium-citrate-raspberry-lemonade-with-mint-200-g"]}]},{"@type":"ImageObject","inLanguage":"de-CH","@id":"https:\/\/ecosupplements.ch\/?product=ostrovit-magnesium-citrate-raspberry-lemonade-with-mint-200-g#primaryimage","url":"https:\/\/ecosupplements.ch\/wp-content\/uploads\/2026\/05\/Ostrovit-Magnesium-Citrate-raspberry-lemonade-with-mint-200-g.webp","contentUrl":"https:\/\/ecosupplements.ch\/wp-content\/uploads\/2026\/05\/Ostrovit-Magnesium-Citrate-raspberry-lemonade-with-mint-200-g.webp","width":1000,"height":1000,"caption":"Ostrovit Magnesium Citrate - raspberry lemonade with mint (200 g)"},{"@type":"BreadcrumbList","@id":"https:\/\/ecosupplements.ch\/?product=ostrovit-magnesium-citrate-raspberry-lemonade-with-mint-200-g#breadcrumb","itemListElement":[{"@type":"ListItem","position":1,"name":"Home","item":"https:\/\/ecosupplements.ch\/"},{"@type":"ListItem","position":2,"name":"Shop","item":"https:\/\/ecosupplements.ch\/?page_id=14"},{"@type":"ListItem","position":3,"name":"Ostrovit Magnesium Citrate &#8211; raspberry lemonade with mint (200 g)"}]},{"@type":"WebSite","@id":"https:\/\/ecosupplements.ch\/#website","url":"https:\/\/ecosupplements.ch\/","name":"Eco Supplements","description":"","potentialAction":[{"@type":"SearchAction","target":{"@type":"EntryPoint","urlTemplate":"https:\/\/ecosupplements.ch\/?s={search_term_string}"},"query-input":{"@type":"PropertyValueSpecification","valueRequired":true,"valueName":"search_term_string"}}],"inLanguage":"de-CH"}]},"product_price_amount":"8.83","product_price_currency":"CHF","og_availability":"out of stock","product_availability":"out of stock","product_retailer_item_id":"5903933904078","product_condition":"new"},"_links":{"self":[{"href":"https:\/\/ecosupplements.ch\/index.php?rest_route=\/wp\/v2\/product\/5899","targetHints":{"allow":["GET"]}}],"collection":[{"href":"https:\/\/ecosupplements.ch\/index.php?rest_route=\/wp\/v2\/product"}],"about":[{"href":"https:\/\/ecosupplements.ch\/index.php?rest_route=\/wp\/v2\/types\/product"}],"replies":[{"embeddable":true,"href":"https:\/\/ecosupplements.ch\/index.php?rest_route=%2Fwp%2Fv2%2Fcomments&post=5899"}],"wp:featuredmedia":[{"embeddable":true,"href":"https:\/\/ecosupplements.ch\/index.php?rest_route=\/wp\/v2\/media\/5900"}],"wp:attachment":[{"href":"https:\/\/ecosupplements.ch\/index.php?rest_route=%2Fwp%2Fv2%2Fmedia&parent=5899"}],"wp:term":[{"taxonomy":"product_brand","embeddable":true,"href":"https:\/\/ecosupplements.ch\/index.php?rest_route=%2Fwp%2Fv2%2Fproduct_brand&post=5899"},{"taxonomy":"product_cat","embeddable":true,"href":"https:\/\/ecosupplements.ch\/index.php?rest_route=%2Fwp%2Fv2%2Fproduct_cat&post=5899"},{"taxonomy":"product_tag","embeddable":true,"href":"https:\/\/ecosupplements.ch\/index.php?rest_route=%2Fwp%2Fv2%2Fproduct_tag&post=5899"}],"curies":[{"name":"wp","href":"https:\/\/api.w.org\/{rel}","templated":true}]}}