{"id":5902,"date":"2026-05-11T15:10:34","date_gmt":"2026-05-11T15:10:34","guid":{"rendered":"https:\/\/ecosupplements.ch\/?product=ostrovit-magnesium-citrate-200-g-natural-200-g"},"modified":"2026-05-13T07:27:36","modified_gmt":"2026-05-13T07:27:36","slug":"ostrovit-magnesium-citrate-200-g-natural-200-g","status":"publish","type":"product","link":"https:\/\/ecosupplements.ch\/?product=ostrovit-magnesium-citrate-200-g-natural-200-g","title":{"rendered":"Ostrovit Magnesium Citrate 200 g Natural (200 g)"},"content":{"rendered":"<div class=\"chcg-product-description\">\n<h2 class=\"chcg-heading\">\u00dcber Ostrovit \u2013 Magnesium Citrate 200 g Natural<\/h2>\n<div class=\"chcg-intro\">\n<p>Das Ostrovit Magnesium Citrate Pulver liefert hochwertiges Magnesiumcitrat in praktischer Pulverform \u2013 ideal f\u00fcr alle, die ihren t\u00e4glichen Magnesiumbedarf gezielt und unkompliziert decken m\u00f6chten. Magnesium tr\u00e4gt zur Verringerung von M\u00fcdigkeit und Ersch\u00f6pfung bei und unterst\u00fctzt eine normale Muskelfunktion sowie das normale Funktionieren des Nervensystems.<\/p>\n<p>Mit 378 mg Magnesium pro Tagesportion (3 Messl\u00f6ffel \/ 2,7 g) entspricht eine Portion 101 % des empfohlenen Tagesbedarfs. Magnesiumcitrat gilt als gut bioverf\u00fcgbare Form dieses essenziellen Mineralstoffs und l\u00e4sst sich einfach in Wasser oder Saft einr\u00fchren. Dank des neutralen Geschmacks ist das Pulver vielseitig einsetzbar.<\/p>\n<p>Die praktische 200-g-Dose ergibt rund 74 Portionen und bietet damit eine langfristige Versorgung. Das Produkt enth\u00e4lt ausschliesslich Magnesiumsalze der Zitronens\u00e4ure \u2013 ohne unn\u00f6tige Zusatzstoffe.<\/p>\n<\/p><\/div>\n<div class=\"chcg-nutrition\">\n<h3>N\u00e4hrwertangaben<\/h3>\n<table class=\"chcg-nutrition-table\">\n<thead>\n<tr>\n<th>N\u00e4hrstoff<\/th>\n<th>Pro 100 g<\/th>\n<th>Pro Tagesportion (3 Messl\u00f6ffel \/ 2,7 g)<\/th>\n<th>% NRV<\/th>\n<\/tr>\n<\/thead>\n<tbody>\n<tr>\n<td>Magnesiumsalze der Zitronens\u00e4ure<\/td>\n<td>100 000 mg<\/td>\n<td>2 700 mg<\/td>\n<td>\u2014<\/td>\n<\/tr>\n<tr>\n<td>\u2013 davon Magnesium<\/td>\n<td>14 000 mg<\/td>\n<td>378 mg<\/td>\n<td>101 %<\/td>\n<\/tr>\n<\/tbody>\n<\/table><\/div>\n<div class=\"chcg-ingredients\">\n<h3>Zutaten<\/h3>\n<p>Magnesiumsalze der Zitronens\u00e4ure (Magnesium).<\/p>\n<\/p><\/div>\n<div class=\"chcg-dosage\">\n<h3>Verzehrempfehlung<\/h3>\n<p>Die empfohlene Portion von 2,7 g (3 Messl\u00f6ffel) in 100\u2013150 ml Wasser oder Saft einr\u00fchren. Bitte den im Paket enthaltenen Messl\u00f6ffel verwenden (1 ml). T\u00e4glich eine Portion einnehmen.<\/p>\n<\/p><\/div>\n<div class=\"chcg-warnings\">\n<h3>Warnhinweise<\/h3>\n<p>Die empfohlene Tagesdosis nicht \u00fcberschreiten. Nahrungserg\u00e4nzungsmittel sollten nicht als Ersatz f\u00fcr eine abwechslungsreiche Ern\u00e4hrung verwendet werden. Eine ausgewogene Ern\u00e4hrung und eine gesunde Lebensweise werden empfohlen. Nicht einnehmen, wenn Sie gegen einen der Inhaltsstoffe des Produkts allergisch sind. Das Produkt sollte nicht von Kindern, Schwangeren und stillenden M\u00fcttern verwendet werden. Ausserhalb der Reichweite von Kleinkindern aufbewahren. ACHTUNG! Es wird nicht empfohlen, das Pulver direkt in den Mund zu sch\u00fctten.<\/p>\n<\/p><\/div>\n<div class=\"chcg-allergens\">\n<h3>Allergeninformationen<\/h3>\n<p>Wird in einem Betrieb hergestellt, der Zutaten aus Milch (einschliesslich Laktose), Sojabohnen, Erdn\u00fcssen, anderen N\u00fcssen, Sesamsamen, glutenhaltigem Getreide, Eiern, Krebstieren und Fisch verwendet.<\/p>\n<\/p><\/div>\n<div class=\"chcg-storage\">\n<h3>Lagerung<\/h3>\n<p>Trocken und k\u00fchl lagern, vor direkter Sonneneinstrahlung sch\u00fctzen. Ausserhalb der Reichweite von Kindern aufbewahren.<\/p>\n<\/p><\/div>\n<div class=\"chcg-dietary\">\n<h3>Ern\u00e4hrungshinweise<\/h3>\n<ul>\n<li>Vegan<\/li>\n<li>Vegetarisch<\/li>\n<\/ul><\/div>\n<\/div>\n","protected":false},"excerpt":{"rendered":"<p>Ostrovit Magnesium Citrate liefert 378 mg Magnesium pro Tagesportion und unterst\u00fctzt normale Muskelfunktion und Nervensystem. Das Pulver (200 g, ca. 74 Portionen) l\u00e4sst sich einfach in Wasser oder Saft einr\u00fchren.<\/p>\n","protected":false},"featured_media":5903,"comment_status":"closed","ping_status":"open","template":"","meta":[],"product_brand":[298],"product_cat":[23,48,94,21],"product_tag":[],"class_list":{"0":"post-5902","1":"product","2":"type-product","3":"status-publish","4":"has-post-thumbnail","6":"product_brand-ostrovit","7":"product_cat-einige-mineralien","8":"product_cat-gesunde-ernaehrung","9":"product_cat-magnesium","10":"product_cat-vitamine-und-mineralstoffe","12":"first","13":"outofstock","14":"taxable","15":"shipping-taxable","16":"purchasable","17":"product-type-simple"},"yoast_head":"<!-- This site is optimized with the Yoast SEO plugin v27.5 - https:\/\/yoast.com\/product\/yoast-seo-wordpress\/ -->\n<title>Ostrovit Magnesium Citrate Pulver 200 g | ecosupplements.ch<\/title>\n<meta name=\"description\" content=\"Magnesiumcitrat-Pulver mit 378 mg Magnesium pro Portion (101 % NRV) \u2013 unterst\u00fctzt Muskeln und Nervensystem. 200 g, ca. 74 Portionen. Jetzt bestellen.\" \/>\n<meta name=\"robots\" content=\"index, follow, max-snippet:-1, max-image-preview:large, max-video-preview:-1\" \/>\n<link rel=\"canonical\" href=\"https:\/\/ecosupplements.ch\/?product=ostrovit-magnesium-citrate-200-g-natural-200-g\" \/>\n<meta property=\"og:locale\" content=\"de_DE\" \/>\n<meta property=\"og:type\" content=\"article\" \/>\n<meta property=\"og:title\" content=\"Ostrovit Magnesium Citrate Pulver 200 g | ecosupplements.ch\" \/>\n<meta property=\"og:description\" content=\"Magnesiumcitrat-Pulver mit 378 mg Magnesium pro Portion (101 % NRV) \u2013 unterst\u00fctzt Muskeln und Nervensystem. 200 g, ca. 74 Portionen. Jetzt bestellen.\" \/>\n<meta property=\"og:url\" content=\"https:\/\/ecosupplements.ch\/?product=ostrovit-magnesium-citrate-200-g-natural-200-g\" \/>\n<meta property=\"og:site_name\" content=\"Eco Supplements\" \/>\n<meta property=\"article:modified_time\" content=\"2026-05-13T07:27:36+00:00\" \/>\n<meta property=\"og:image\" content=\"https:\/\/ecosupplements.ch\/wp-content\/uploads\/2026\/05\/Ostrovit-Magnesium-Citrate-200-g-Natural-200-g.webp\" \/>\n\t<meta property=\"og:image:width\" content=\"1000\" \/>\n\t<meta property=\"og:image:height\" content=\"1000\" \/>\n\t<meta property=\"og:image:type\" content=\"image\/jpeg\" \/>\n<meta name=\"twitter:card\" content=\"summary_large_image\" \/>\n<meta name=\"twitter:label1\" content=\"Price\" \/>\n\t<meta name=\"twitter:data1\" content=\"&#067;&#072;&#070;&nbsp;8.83\" \/>\n\t<meta name=\"twitter:label2\" content=\"Availability\" \/>\n\t<meta name=\"twitter:data2\" content=\"Out of stock\" \/>\n<script type=\"application\/ld+json\" class=\"yoast-schema-graph\">{\"@context\":\"https:\\\/\\\/schema.org\",\"@graph\":[{\"@type\":\"WebPage\",\"@id\":\"https:\\\/\\\/ecosupplements.ch\\\/?product=ostrovit-magnesium-citrate-200-g-natural-200-g\",\"url\":\"https:\\\/\\\/ecosupplements.ch\\\/?product=ostrovit-magnesium-citrate-200-g-natural-200-g\",\"name\":\"Ostrovit Magnesium Citrate Pulver 200 g | ecosupplements.ch\",\"isPartOf\":{\"@id\":\"https:\\\/\\\/ecosupplements.ch\\\/#website\"},\"primaryImageOfPage\":{\"@id\":\"https:\\\/\\\/ecosupplements.ch\\\/?product=ostrovit-magnesium-citrate-200-g-natural-200-g#primaryimage\"},\"image\":{\"@id\":\"https:\\\/\\\/ecosupplements.ch\\\/?product=ostrovit-magnesium-citrate-200-g-natural-200-g#primaryimage\"},\"thumbnailUrl\":\"https:\\\/\\\/ecosupplements.ch\\\/wp-content\\\/uploads\\\/2026\\\/05\\\/Ostrovit-Magnesium-Citrate-200-g-Natural-200-g.webp\",\"datePublished\":\"2026-05-11T15:10:34+00:00\",\"dateModified\":\"2026-05-13T07:27:36+00:00\",\"description\":\"Magnesiumcitrat-Pulver mit 378 mg Magnesium pro Portion (101 % NRV) \u2013 unterst\u00fctzt Muskeln und Nervensystem. 200 g, ca. 74 Portionen. Jetzt bestellen.\",\"breadcrumb\":{\"@id\":\"https:\\\/\\\/ecosupplements.ch\\\/?product=ostrovit-magnesium-citrate-200-g-natural-200-g#breadcrumb\"},\"inLanguage\":\"de-CH\",\"potentialAction\":[{\"@type\":\"ReadAction\",\"target\":[\"https:\\\/\\\/ecosupplements.ch\\\/?product=ostrovit-magnesium-citrate-200-g-natural-200-g\"]}]},{\"@type\":\"ImageObject\",\"inLanguage\":\"de-CH\",\"@id\":\"https:\\\/\\\/ecosupplements.ch\\\/?product=ostrovit-magnesium-citrate-200-g-natural-200-g#primaryimage\",\"url\":\"https:\\\/\\\/ecosupplements.ch\\\/wp-content\\\/uploads\\\/2026\\\/05\\\/Ostrovit-Magnesium-Citrate-200-g-Natural-200-g.webp\",\"contentUrl\":\"https:\\\/\\\/ecosupplements.ch\\\/wp-content\\\/uploads\\\/2026\\\/05\\\/Ostrovit-Magnesium-Citrate-200-g-Natural-200-g.webp\",\"width\":1000,\"height\":1000,\"caption\":\"Ostrovit Magnesium Citrate 200 g Natural (200 g)\"},{\"@type\":\"BreadcrumbList\",\"@id\":\"https:\\\/\\\/ecosupplements.ch\\\/?product=ostrovit-magnesium-citrate-200-g-natural-200-g#breadcrumb\",\"itemListElement\":[{\"@type\":\"ListItem\",\"position\":1,\"name\":\"Home\",\"item\":\"https:\\\/\\\/ecosupplements.ch\\\/\"},{\"@type\":\"ListItem\",\"position\":2,\"name\":\"Shop\",\"item\":\"https:\\\/\\\/ecosupplements.ch\\\/?page_id=14\"},{\"@type\":\"ListItem\",\"position\":3,\"name\":\"Ostrovit Magnesium Citrate 200 g Natural (200 g)\"}]},{\"@type\":\"WebSite\",\"@id\":\"https:\\\/\\\/ecosupplements.ch\\\/#website\",\"url\":\"https:\\\/\\\/ecosupplements.ch\\\/\",\"name\":\"Eco Supplements\",\"description\":\"\",\"potentialAction\":[{\"@type\":\"SearchAction\",\"target\":{\"@type\":\"EntryPoint\",\"urlTemplate\":\"https:\\\/\\\/ecosupplements.ch\\\/?s={search_term_string}\"},\"query-input\":{\"@type\":\"PropertyValueSpecification\",\"valueRequired\":true,\"valueName\":\"search_term_string\"}}],\"inLanguage\":\"de-CH\"}]}<\/script>\n<meta property=\"product:price:amount\" content=\"8.83\" \/>\n<meta property=\"product:price:currency\" content=\"CHF\" \/>\n<meta property=\"og:availability\" content=\"out of stock\" \/>\n<meta property=\"product:availability\" content=\"out of stock\" \/>\n<meta property=\"product:retailer_item_id\" content=\"5903246222692\" \/>\n<meta property=\"product:condition\" content=\"new\" \/>\n<!-- \/ Yoast SEO plugin. -->","yoast_head_json":{"title":"Ostrovit Magnesium Citrate Pulver 200 g | ecosupplements.ch","description":"Magnesiumcitrat-Pulver mit 378 mg Magnesium pro Portion (101 % NRV) \u2013 unterst\u00fctzt Muskeln und Nervensystem. 200 g, ca. 74 Portionen. Jetzt bestellen.","robots":{"index":"index","follow":"follow","max-snippet":"max-snippet:-1","max-image-preview":"max-image-preview:large","max-video-preview":"max-video-preview:-1"},"canonical":"https:\/\/ecosupplements.ch\/?product=ostrovit-magnesium-citrate-200-g-natural-200-g","og_locale":"de_DE","og_type":"article","og_title":"Ostrovit Magnesium Citrate Pulver 200 g | ecosupplements.ch","og_description":"Magnesiumcitrat-Pulver mit 378 mg Magnesium pro Portion (101 % NRV) \u2013 unterst\u00fctzt Muskeln und Nervensystem. 200 g, ca. 74 Portionen. Jetzt bestellen.","og_url":"https:\/\/ecosupplements.ch\/?product=ostrovit-magnesium-citrate-200-g-natural-200-g","og_site_name":"Eco Supplements","article_modified_time":"2026-05-13T07:27:36+00:00","og_image":[{"width":1000,"height":1000,"url":"https:\/\/ecosupplements.ch\/wp-content\/uploads\/2026\/05\/Ostrovit-Magnesium-Citrate-200-g-Natural-200-g.webp","type":"image\/jpeg"}],"twitter_card":"summary_large_image","twitter_misc":{"Price":"&#67;&#72;&#70;&nbsp;8.83","Availability":"Out of stock"},"schema":{"@context":"https:\/\/schema.org","@graph":[{"@type":"WebPage","@id":"https:\/\/ecosupplements.ch\/?product=ostrovit-magnesium-citrate-200-g-natural-200-g","url":"https:\/\/ecosupplements.ch\/?product=ostrovit-magnesium-citrate-200-g-natural-200-g","name":"Ostrovit Magnesium Citrate Pulver 200 g | ecosupplements.ch","isPartOf":{"@id":"https:\/\/ecosupplements.ch\/#website"},"primaryImageOfPage":{"@id":"https:\/\/ecosupplements.ch\/?product=ostrovit-magnesium-citrate-200-g-natural-200-g#primaryimage"},"image":{"@id":"https:\/\/ecosupplements.ch\/?product=ostrovit-magnesium-citrate-200-g-natural-200-g#primaryimage"},"thumbnailUrl":"https:\/\/ecosupplements.ch\/wp-content\/uploads\/2026\/05\/Ostrovit-Magnesium-Citrate-200-g-Natural-200-g.webp","datePublished":"2026-05-11T15:10:34+00:00","dateModified":"2026-05-13T07:27:36+00:00","description":"Magnesiumcitrat-Pulver mit 378 mg Magnesium pro Portion (101 % NRV) \u2013 unterst\u00fctzt Muskeln und Nervensystem. 200 g, ca. 74 Portionen. Jetzt bestellen.","breadcrumb":{"@id":"https:\/\/ecosupplements.ch\/?product=ostrovit-magnesium-citrate-200-g-natural-200-g#breadcrumb"},"inLanguage":"de-CH","potentialAction":[{"@type":"ReadAction","target":["https:\/\/ecosupplements.ch\/?product=ostrovit-magnesium-citrate-200-g-natural-200-g"]}]},{"@type":"ImageObject","inLanguage":"de-CH","@id":"https:\/\/ecosupplements.ch\/?product=ostrovit-magnesium-citrate-200-g-natural-200-g#primaryimage","url":"https:\/\/ecosupplements.ch\/wp-content\/uploads\/2026\/05\/Ostrovit-Magnesium-Citrate-200-g-Natural-200-g.webp","contentUrl":"https:\/\/ecosupplements.ch\/wp-content\/uploads\/2026\/05\/Ostrovit-Magnesium-Citrate-200-g-Natural-200-g.webp","width":1000,"height":1000,"caption":"Ostrovit Magnesium Citrate 200 g Natural (200 g)"},{"@type":"BreadcrumbList","@id":"https:\/\/ecosupplements.ch\/?product=ostrovit-magnesium-citrate-200-g-natural-200-g#breadcrumb","itemListElement":[{"@type":"ListItem","position":1,"name":"Home","item":"https:\/\/ecosupplements.ch\/"},{"@type":"ListItem","position":2,"name":"Shop","item":"https:\/\/ecosupplements.ch\/?page_id=14"},{"@type":"ListItem","position":3,"name":"Ostrovit Magnesium Citrate 200 g Natural (200 g)"}]},{"@type":"WebSite","@id":"https:\/\/ecosupplements.ch\/#website","url":"https:\/\/ecosupplements.ch\/","name":"Eco Supplements","description":"","potentialAction":[{"@type":"SearchAction","target":{"@type":"EntryPoint","urlTemplate":"https:\/\/ecosupplements.ch\/?s={search_term_string}"},"query-input":{"@type":"PropertyValueSpecification","valueRequired":true,"valueName":"search_term_string"}}],"inLanguage":"de-CH"}]},"product_price_amount":"8.83","product_price_currency":"CHF","og_availability":"out of stock","product_availability":"out of stock","product_retailer_item_id":"5903246222692","product_condition":"new"},"_links":{"self":[{"href":"https:\/\/ecosupplements.ch\/index.php?rest_route=\/wp\/v2\/product\/5902","targetHints":{"allow":["GET"]}}],"collection":[{"href":"https:\/\/ecosupplements.ch\/index.php?rest_route=\/wp\/v2\/product"}],"about":[{"href":"https:\/\/ecosupplements.ch\/index.php?rest_route=\/wp\/v2\/types\/product"}],"replies":[{"embeddable":true,"href":"https:\/\/ecosupplements.ch\/index.php?rest_route=%2Fwp%2Fv2%2Fcomments&post=5902"}],"wp:featuredmedia":[{"embeddable":true,"href":"https:\/\/ecosupplements.ch\/index.php?rest_route=\/wp\/v2\/media\/5903"}],"wp:attachment":[{"href":"https:\/\/ecosupplements.ch\/index.php?rest_route=%2Fwp%2Fv2%2Fmedia&parent=5902"}],"wp:term":[{"taxonomy":"product_brand","embeddable":true,"href":"https:\/\/ecosupplements.ch\/index.php?rest_route=%2Fwp%2Fv2%2Fproduct_brand&post=5902"},{"taxonomy":"product_cat","embeddable":true,"href":"https:\/\/ecosupplements.ch\/index.php?rest_route=%2Fwp%2Fv2%2Fproduct_cat&post=5902"},{"taxonomy":"product_tag","embeddable":true,"href":"https:\/\/ecosupplements.ch\/index.php?rest_route=%2Fwp%2Fv2%2Fproduct_tag&post=5902"}],"curies":[{"name":"wp","href":"https:\/\/api.w.org\/{rel}","templated":true}]}}