{"id":5908,"date":"2026-05-11T15:10:37","date_gmt":"2026-05-11T15:10:37","guid":{"rendered":"https:\/\/ecosupplements.ch\/?product=ostrovit-magnesium-malate-120-g-lime"},"modified":"2026-05-13T07:27:36","modified_gmt":"2026-05-13T07:27:36","slug":"ostrovit-magnesium-malate-120-g-lime","status":"publish","type":"product","link":"https:\/\/ecosupplements.ch\/?product=ostrovit-magnesium-malate-120-g-lime","title":{"rendered":"Ostrovit Magnesium Malate (120 g, Lime)"},"content":{"rendered":"<div class=\"chcg-product-description\">\n<h2 class=\"chcg-heading\">\u00dcber Ostrovit \u2013 Magnesium Malate Pulver \u2013 Lime (120 g)<\/h2>\n<div class=\"chcg-intro\">\n<p>Das Ostrovit Magnesium Malate Pulver liefert Magnesium in der gut vertr\u00e4glichen Form des Magnesiummalats \u2013 einer Verbindung aus Magnesium und \u00c4pfels\u00e4ure. Magnesium tr\u00e4gt zur Verringerung von M\u00fcdigkeit und Ersch\u00f6pfung bei, unterst\u00fctzt die normale Muskelfunktion sowie den normalen Energiestoffwechsel. Pro Portion (2 g) werden 150 mg Magnesium bereitgestellt, was 40 % des Tagesbedarfs entspricht.<\/p>\n<p>Erg\u00e4nzt wird die Formel durch Vitamin B6 in der hochbioverf\u00fcgbaren Form Pyridoxal-5-Phosphat (P5P). Vitamin B6 tr\u00e4gt unter anderem zur normalen Funktion des Nervensystems, zum normalen Proteinstoffwechsel sowie zur Verringerung von M\u00fcdigkeit und Ersch\u00f6pfung bei. Mit 5 mg pro Portion wird der Tagesbedarf zu 357 % abgedeckt.<\/p>\n<p>Das Pulver ist angenehm mit Limettengeschmack aromatisiert und l\u00e4sst sich unkompliziert in Wasser einr\u00fchren. Der Beutel enth\u00e4lt 60 Portionen \u00e0 2 g \u2013 das entspricht einem zweimonatigen Vorrat bei t\u00e4glicher Einnahme. Geeignet f\u00fcr Veganer und Vegetarier.<\/p>\n<\/p><\/div>\n<div class=\"chcg-nutrition\">\n<h3>N\u00e4hrwertangaben<\/h3>\n<table class=\"chcg-nutrition-table\">\n<thead>\n<tr>\n<th>N\u00e4hrstoff<\/th>\n<th>Pro Portion (2 g)<\/th>\n<\/tr>\n<\/thead>\n<tbody>\n<tr>\n<td>Magnesium (als Magnesiummalat)<\/td>\n<td>150 mg (40 % NRV)<\/td>\n<\/tr>\n<tr>\n<td>Vitamin B6 (als Pyridoxal-5-Phosphat)<\/td>\n<td>5 mg (357 % NRV)<\/td>\n<\/tr>\n<\/tbody>\n<\/table>\n<p class=\"chcg-footnote\">NRV = N\u00e4hrstoffbezugswert (Nutrient Reference Value) gem\u00e4ss EU-Verordnung Nr. 1169\/2011.<\/p>\n<\/p><\/div>\n<div class=\"chcg-ingredients\">\n<h3>Zutaten<\/h3>\n<p>Magnesiummalat (Magnesium), S\u00e4uerungsmittel: Zitronens\u00e4ure; Inulin, Aromen, Pyridoxal-5-Phosphat (Vitamin B6), S\u00fcssungsmittel: Sucralose.<\/p>\n<\/p><\/div>\n<div class=\"chcg-dosage\">\n<h3>Verzehrempfehlung<\/h3>\n<p>Eine Portion von 2 g (2 Messl\u00f6ffel) in 100\u2013150 ml Wasser einr\u00fchren. T\u00e4glich eine Portion einnehmen. Bitte den im Paket enthaltenen Messl\u00f6ffel verwenden (1 ml).<\/p>\n<\/p><\/div>\n<div class=\"chcg-warnings\">\n<h3>Warnhinweise<\/h3>\n<p>Die empfohlene Tagesdosis nicht \u00fcberschreiten. Nahrungserg\u00e4nzungsmittel sollten nicht als Ersatz f\u00fcr eine abwechslungsreiche Ern\u00e4hrung verwendet werden. Eine ausgewogene Ern\u00e4hrung und ein gesunder Lebensstil werden empfohlen. Nicht einnehmen bei Allergie gegen einen der Inhaltsstoffe. Das Produkt sollte nicht von Kindern, Schwangeren oder stillenden M\u00fcttern verwendet werden. Ausserhalb der Reichweite von kleinen Kindern aufbewahren. Enth\u00e4lt S\u00fcssungsmittel.<\/p>\n<\/p><\/div>\n<div class=\"chcg-allergens\">\n<h3>Allergeninformationen<\/h3>\n<p>Hergestellt in einer Anlage, die Zutaten aus Milch (einschliesslich Laktose), Sojabohnen, Erdn\u00fcssen, anderen N\u00fcssen, Sesamsamen, glutenhaltigen Getreiden, Eiern, Schalentieren und Fisch verarbeitet. Enth\u00e4lt S\u00fcssungsmittel.<\/p>\n<\/p><\/div>\n<div class=\"chcg-storage\">\n<h3>Lagerung<\/h3>\n<p>Bei einer Temperatur von 15\u201325 \u00b0C in einem geschlossenen Beh\u00e4lter an einem trockenen Ort aufbewahren. Vor direkter Sonneneinstrahlung sch\u00fctzen.<\/p>\n<\/p><\/div>\n<div class=\"chcg-dietary\">\n<h3>Ern\u00e4hrungshinweise<\/h3>\n<ul>\n<li>Vegan<\/li>\n<li>Vegetarisch<\/li>\n<\/ul><\/div>\n<\/div>\n","protected":false},"excerpt":{"rendered":"<p>Ostrovit Magnesium Malate Pulver unterst\u00fctzt normale Muskelfunktion und Energiestoffwechsel \u2013 angereichert mit Vitamin B6 (P5P). Limettengeschmack, 120 g (60 Portionen). Vegan und vegetarisch geeignet.<\/p>\n","protected":false},"featured_media":5909,"comment_status":"closed","ping_status":"open","template":"","meta":[],"product_brand":[298],"product_cat":[48],"product_tag":[],"class_list":{"0":"post-5908","1":"product","2":"type-product","3":"status-publish","4":"has-post-thumbnail","6":"product_brand-ostrovit","7":"product_cat-gesunde-ernaehrung","9":"first","10":"outofstock","11":"taxable","12":"shipping-taxable","13":"purchasable","14":"product-type-simple"},"yoast_head":"<!-- This site is optimized with the Yoast SEO plugin v27.5 - https:\/\/yoast.com\/product\/yoast-seo-wordpress\/ -->\n<title>Ostrovit Magnesium Malate Pulver Lime 120 g | ecosupplements.ch<\/title>\n<meta name=\"description\" content=\"Magnesium Malate Pulver mit Vitamin B6 (P5P) f\u00fcr Energiestoffwechsel und Muskelfunktion \u2013 60 Portionen, Limettengeschmack. Jetzt bestellen.\" \/>\n<meta name=\"robots\" content=\"index, follow, max-snippet:-1, max-image-preview:large, max-video-preview:-1\" \/>\n<link rel=\"canonical\" href=\"https:\/\/ecosupplements.ch\/?product=ostrovit-magnesium-malate-120-g-lime\" \/>\n<meta property=\"og:locale\" content=\"de_DE\" \/>\n<meta property=\"og:type\" content=\"article\" \/>\n<meta property=\"og:title\" content=\"Ostrovit Magnesium Malate Pulver Lime 120 g | ecosupplements.ch\" \/>\n<meta property=\"og:description\" content=\"Magnesium Malate Pulver mit Vitamin B6 (P5P) f\u00fcr Energiestoffwechsel und Muskelfunktion \u2013 60 Portionen, Limettengeschmack. Jetzt bestellen.\" \/>\n<meta property=\"og:url\" content=\"https:\/\/ecosupplements.ch\/?product=ostrovit-magnesium-malate-120-g-lime\" \/>\n<meta property=\"og:site_name\" content=\"Eco Supplements\" \/>\n<meta property=\"article:modified_time\" content=\"2026-05-13T07:27:36+00:00\" \/>\n<meta property=\"og:image\" content=\"https:\/\/ecosupplements.ch\/wp-content\/uploads\/2026\/05\/Ostrovit-Magnesium-Malate-120-g-Lime.webp\" \/>\n\t<meta property=\"og:image:width\" content=\"1000\" \/>\n\t<meta property=\"og:image:height\" content=\"1000\" \/>\n\t<meta property=\"og:image:type\" content=\"image\/jpeg\" \/>\n<meta name=\"twitter:card\" content=\"summary_large_image\" \/>\n<meta name=\"twitter:label1\" content=\"Price\" \/>\n\t<meta name=\"twitter:data1\" content=\"&#067;&#072;&#070;&nbsp;10.79\" \/>\n\t<meta name=\"twitter:label2\" content=\"Availability\" \/>\n\t<meta name=\"twitter:data2\" content=\"Out of stock\" \/>\n<script type=\"application\/ld+json\" class=\"yoast-schema-graph\">{\"@context\":\"https:\\\/\\\/schema.org\",\"@graph\":[{\"@type\":\"WebPage\",\"@id\":\"https:\\\/\\\/ecosupplements.ch\\\/?product=ostrovit-magnesium-malate-120-g-lime\",\"url\":\"https:\\\/\\\/ecosupplements.ch\\\/?product=ostrovit-magnesium-malate-120-g-lime\",\"name\":\"Ostrovit Magnesium Malate Pulver Lime 120 g | ecosupplements.ch\",\"isPartOf\":{\"@id\":\"https:\\\/\\\/ecosupplements.ch\\\/#website\"},\"primaryImageOfPage\":{\"@id\":\"https:\\\/\\\/ecosupplements.ch\\\/?product=ostrovit-magnesium-malate-120-g-lime#primaryimage\"},\"image\":{\"@id\":\"https:\\\/\\\/ecosupplements.ch\\\/?product=ostrovit-magnesium-malate-120-g-lime#primaryimage\"},\"thumbnailUrl\":\"https:\\\/\\\/ecosupplements.ch\\\/wp-content\\\/uploads\\\/2026\\\/05\\\/Ostrovit-Magnesium-Malate-120-g-Lime.webp\",\"datePublished\":\"2026-05-11T15:10:37+00:00\",\"dateModified\":\"2026-05-13T07:27:36+00:00\",\"description\":\"Magnesium Malate Pulver mit Vitamin B6 (P5P) f\u00fcr Energiestoffwechsel und Muskelfunktion \u2013 60 Portionen, Limettengeschmack. Jetzt bestellen.\",\"breadcrumb\":{\"@id\":\"https:\\\/\\\/ecosupplements.ch\\\/?product=ostrovit-magnesium-malate-120-g-lime#breadcrumb\"},\"inLanguage\":\"de-CH\",\"potentialAction\":[{\"@type\":\"ReadAction\",\"target\":[\"https:\\\/\\\/ecosupplements.ch\\\/?product=ostrovit-magnesium-malate-120-g-lime\"]}]},{\"@type\":\"ImageObject\",\"inLanguage\":\"de-CH\",\"@id\":\"https:\\\/\\\/ecosupplements.ch\\\/?product=ostrovit-magnesium-malate-120-g-lime#primaryimage\",\"url\":\"https:\\\/\\\/ecosupplements.ch\\\/wp-content\\\/uploads\\\/2026\\\/05\\\/Ostrovit-Magnesium-Malate-120-g-Lime.webp\",\"contentUrl\":\"https:\\\/\\\/ecosupplements.ch\\\/wp-content\\\/uploads\\\/2026\\\/05\\\/Ostrovit-Magnesium-Malate-120-g-Lime.webp\",\"width\":1000,\"height\":1000,\"caption\":\"Ostrovit Magnesium Malate (120 g\"},{\"@type\":\"BreadcrumbList\",\"@id\":\"https:\\\/\\\/ecosupplements.ch\\\/?product=ostrovit-magnesium-malate-120-g-lime#breadcrumb\",\"itemListElement\":[{\"@type\":\"ListItem\",\"position\":1,\"name\":\"Home\",\"item\":\"https:\\\/\\\/ecosupplements.ch\\\/\"},{\"@type\":\"ListItem\",\"position\":2,\"name\":\"Shop\",\"item\":\"https:\\\/\\\/ecosupplements.ch\\\/?page_id=14\"},{\"@type\":\"ListItem\",\"position\":3,\"name\":\"Ostrovit Magnesium Malate (120 g, Lime)\"}]},{\"@type\":\"WebSite\",\"@id\":\"https:\\\/\\\/ecosupplements.ch\\\/#website\",\"url\":\"https:\\\/\\\/ecosupplements.ch\\\/\",\"name\":\"Eco Supplements\",\"description\":\"\",\"potentialAction\":[{\"@type\":\"SearchAction\",\"target\":{\"@type\":\"EntryPoint\",\"urlTemplate\":\"https:\\\/\\\/ecosupplements.ch\\\/?s={search_term_string}\"},\"query-input\":{\"@type\":\"PropertyValueSpecification\",\"valueRequired\":true,\"valueName\":\"search_term_string\"}}],\"inLanguage\":\"de-CH\"}]}<\/script>\n<meta property=\"product:price:amount\" content=\"10.79\" \/>\n<meta property=\"product:price:currency\" content=\"CHF\" \/>\n<meta property=\"og:availability\" content=\"out of stock\" \/>\n<meta property=\"product:availability\" content=\"out of stock\" \/>\n<meta property=\"product:retailer_item_id\" content=\"5903933921228\" \/>\n<meta property=\"product:condition\" content=\"new\" \/>\n<!-- \/ Yoast SEO plugin. -->","yoast_head_json":{"title":"Ostrovit Magnesium Malate Pulver Lime 120 g | ecosupplements.ch","description":"Magnesium Malate Pulver mit Vitamin B6 (P5P) f\u00fcr Energiestoffwechsel und Muskelfunktion \u2013 60 Portionen, Limettengeschmack. Jetzt bestellen.","robots":{"index":"index","follow":"follow","max-snippet":"max-snippet:-1","max-image-preview":"max-image-preview:large","max-video-preview":"max-video-preview:-1"},"canonical":"https:\/\/ecosupplements.ch\/?product=ostrovit-magnesium-malate-120-g-lime","og_locale":"de_DE","og_type":"article","og_title":"Ostrovit Magnesium Malate Pulver Lime 120 g | ecosupplements.ch","og_description":"Magnesium Malate Pulver mit Vitamin B6 (P5P) f\u00fcr Energiestoffwechsel und Muskelfunktion \u2013 60 Portionen, Limettengeschmack. Jetzt bestellen.","og_url":"https:\/\/ecosupplements.ch\/?product=ostrovit-magnesium-malate-120-g-lime","og_site_name":"Eco Supplements","article_modified_time":"2026-05-13T07:27:36+00:00","og_image":[{"width":1000,"height":1000,"url":"https:\/\/ecosupplements.ch\/wp-content\/uploads\/2026\/05\/Ostrovit-Magnesium-Malate-120-g-Lime.webp","type":"image\/jpeg"}],"twitter_card":"summary_large_image","twitter_misc":{"Price":"&#67;&#72;&#70;&nbsp;10.79","Availability":"Out of stock"},"schema":{"@context":"https:\/\/schema.org","@graph":[{"@type":"WebPage","@id":"https:\/\/ecosupplements.ch\/?product=ostrovit-magnesium-malate-120-g-lime","url":"https:\/\/ecosupplements.ch\/?product=ostrovit-magnesium-malate-120-g-lime","name":"Ostrovit Magnesium Malate Pulver Lime 120 g | ecosupplements.ch","isPartOf":{"@id":"https:\/\/ecosupplements.ch\/#website"},"primaryImageOfPage":{"@id":"https:\/\/ecosupplements.ch\/?product=ostrovit-magnesium-malate-120-g-lime#primaryimage"},"image":{"@id":"https:\/\/ecosupplements.ch\/?product=ostrovit-magnesium-malate-120-g-lime#primaryimage"},"thumbnailUrl":"https:\/\/ecosupplements.ch\/wp-content\/uploads\/2026\/05\/Ostrovit-Magnesium-Malate-120-g-Lime.webp","datePublished":"2026-05-11T15:10:37+00:00","dateModified":"2026-05-13T07:27:36+00:00","description":"Magnesium Malate Pulver mit Vitamin B6 (P5P) f\u00fcr Energiestoffwechsel und Muskelfunktion \u2013 60 Portionen, Limettengeschmack. Jetzt bestellen.","breadcrumb":{"@id":"https:\/\/ecosupplements.ch\/?product=ostrovit-magnesium-malate-120-g-lime#breadcrumb"},"inLanguage":"de-CH","potentialAction":[{"@type":"ReadAction","target":["https:\/\/ecosupplements.ch\/?product=ostrovit-magnesium-malate-120-g-lime"]}]},{"@type":"ImageObject","inLanguage":"de-CH","@id":"https:\/\/ecosupplements.ch\/?product=ostrovit-magnesium-malate-120-g-lime#primaryimage","url":"https:\/\/ecosupplements.ch\/wp-content\/uploads\/2026\/05\/Ostrovit-Magnesium-Malate-120-g-Lime.webp","contentUrl":"https:\/\/ecosupplements.ch\/wp-content\/uploads\/2026\/05\/Ostrovit-Magnesium-Malate-120-g-Lime.webp","width":1000,"height":1000,"caption":"Ostrovit Magnesium Malate (120 g"},{"@type":"BreadcrumbList","@id":"https:\/\/ecosupplements.ch\/?product=ostrovit-magnesium-malate-120-g-lime#breadcrumb","itemListElement":[{"@type":"ListItem","position":1,"name":"Home","item":"https:\/\/ecosupplements.ch\/"},{"@type":"ListItem","position":2,"name":"Shop","item":"https:\/\/ecosupplements.ch\/?page_id=14"},{"@type":"ListItem","position":3,"name":"Ostrovit Magnesium Malate (120 g, Lime)"}]},{"@type":"WebSite","@id":"https:\/\/ecosupplements.ch\/#website","url":"https:\/\/ecosupplements.ch\/","name":"Eco Supplements","description":"","potentialAction":[{"@type":"SearchAction","target":{"@type":"EntryPoint","urlTemplate":"https:\/\/ecosupplements.ch\/?s={search_term_string}"},"query-input":{"@type":"PropertyValueSpecification","valueRequired":true,"valueName":"search_term_string"}}],"inLanguage":"de-CH"}]},"product_price_amount":"10.79","product_price_currency":"CHF","og_availability":"out of stock","product_availability":"out of stock","product_retailer_item_id":"5903933921228","product_condition":"new"},"_links":{"self":[{"href":"https:\/\/ecosupplements.ch\/index.php?rest_route=\/wp\/v2\/product\/5908","targetHints":{"allow":["GET"]}}],"collection":[{"href":"https:\/\/ecosupplements.ch\/index.php?rest_route=\/wp\/v2\/product"}],"about":[{"href":"https:\/\/ecosupplements.ch\/index.php?rest_route=\/wp\/v2\/types\/product"}],"replies":[{"embeddable":true,"href":"https:\/\/ecosupplements.ch\/index.php?rest_route=%2Fwp%2Fv2%2Fcomments&post=5908"}],"wp:featuredmedia":[{"embeddable":true,"href":"https:\/\/ecosupplements.ch\/index.php?rest_route=\/wp\/v2\/media\/5909"}],"wp:attachment":[{"href":"https:\/\/ecosupplements.ch\/index.php?rest_route=%2Fwp%2Fv2%2Fmedia&parent=5908"}],"wp:term":[{"taxonomy":"product_brand","embeddable":true,"href":"https:\/\/ecosupplements.ch\/index.php?rest_route=%2Fwp%2Fv2%2Fproduct_brand&post=5908"},{"taxonomy":"product_cat","embeddable":true,"href":"https:\/\/ecosupplements.ch\/index.php?rest_route=%2Fwp%2Fv2%2Fproduct_cat&post=5908"},{"taxonomy":"product_tag","embeddable":true,"href":"https:\/\/ecosupplements.ch\/index.php?rest_route=%2Fwp%2Fv2%2Fproduct_tag&post=5908"}],"curies":[{"name":"wp","href":"https:\/\/api.w.org\/{rel}","templated":true}]}}