{"id":5935,"date":"2026-05-11T15:10:50","date_gmt":"2026-05-11T15:10:50","guid":{"rendered":"https:\/\/ecosupplements.ch\/?product=ostrovit-omega-3-ultra-90-capsules"},"modified":"2026-05-13T07:27:37","modified_gmt":"2026-05-13T07:27:37","slug":"ostrovit-omega-3-ultra-90-capsules","status":"publish","type":"product","link":"https:\/\/ecosupplements.ch\/?product=ostrovit-omega-3-ultra-90-capsules","title":{"rendered":"Ostrovit Omega 3 ULTRA  (90 Capsules)"},"content":{"rendered":"<div class=\"chcg-product-description\">\n<h2 class=\"chcg-heading\">\u00dcber Ostrovit \u2013 Omega 3 ULTRA (90 Kapseln)<\/h2>\n<div class=\"chcg-intro\">\n<p>Ostrovit Omega 3 ULTRA liefert pro Softgelkapsel 1000 mg hochwertiges Fisch\u00f6l mit einem konzentrierten Gehalt an den essenziellen Fetts\u00e4uren EPA (330 mg) und DHA (220 mg). DHA tr\u00e4gt zur Erhaltung der normalen Gehirnfunktion und normalen Sehkraft bei. EPA und DHA tragen zur normalen Herzfunktion bei.<\/p>\n<p>Das Produkt ist mit Vitamin E (DL-alpha-Tocopherylacetat) angereichert, das als nat\u00fcrliches Antioxidans die Qualit\u00e4t des Fisch\u00f6ls sch\u00fctzt. Die praktische Softgelkapsel erm\u00f6glicht eine einfache t\u00e4gliche Einnahme und sorgt f\u00fcr eine gute Vertr\u00e4glichkeit.<\/p>\n<p>Mit 90 Softgelkapseln pro Packung bietet Ostrovit Omega 3 ULTRA eine Versorgung f\u00fcr 90 Tage bei einmal t\u00e4glicher Einnahme \u2013 ideal f\u00fcr alle, die ihren t\u00e4glichen Omega-3-Bedarf einfach und zuverl\u00e4ssig decken m\u00f6chten.<\/p>\n<\/p><\/div>\n<div class=\"chcg-nutrition\">\n<h3>N\u00e4hrwertangaben<\/h3>\n<table class=\"chcg-nutrition-table\">\n<thead>\n<tr>\n<th>N\u00e4hrstoff<\/th>\n<th>Pro Portion (1 Kapsel)<\/th>\n<\/tr>\n<\/thead>\n<tbody>\n<tr>\n<td>Fisch\u00f6l<\/td>\n<td>1000 mg<\/td>\n<\/tr>\n<tr>\n<td>\u2013 davon Eicosapentaens\u00e4ure (EPA)<\/td>\n<td>330 mg<\/td>\n<\/tr>\n<tr>\n<td>\u2013 davon Docosahexaens\u00e4ure (DHA)<\/td>\n<td>220 mg<\/td>\n<\/tr>\n<tr>\n<td>Vitamin E (als DL-alpha-Tocopherylacetat)<\/td>\n<td>*<\/td>\n<\/tr>\n<\/tbody>\n<\/table>\n<p class=\"chcg-footnote\">* Kein festgelegter Tagesbedarf.<\/p>\n<\/p><\/div>\n<div class=\"chcg-ingredients\">\n<h3>Zutaten<\/h3>\n<p>Fisch\u00f6l, H\u00fcllzusammensetzung (Gelatine, Feuchthaltemittel: Glycerol; gereinigtes Wasser), DL-alpha-Tocopherylacetat (Vitamin E).<\/p>\n<p class=\"chcg-capsule-shell\">Kapselh\u00fclle: Gelatine, Feuchthaltemittel: Glycerol; gereinigtes Wasser.<\/p>\n<\/p><\/div>\n<div class=\"chcg-dosage\">\n<h3>Verzehrempfehlung<\/h3>\n<p>1 Portion (1 Kapsel) t\u00e4glich einnehmen, vorzugsweise nach einer Mahlzeit. Mit einer ausreichenden Menge Wasser einnehmen.<\/p>\n<\/p><\/div>\n<div class=\"chcg-warnings\">\n<h3>Warnhinweise<\/h3>\n<p>Die empfohlene Tagesdosis nicht \u00fcberschreiten. Nahrungserg\u00e4nzungsmittel sind kein Ersatz f\u00fcr eine abwechslungsreiche Ern\u00e4hrung. Eine ausgewogene Ern\u00e4hrung und eine gesunde Lebensweise werden empfohlen. Nicht einnehmen bei Allergie gegen einen der Inhaltsstoffe des Produkts. Das Produkt sollte nicht von Kindern, Schwangeren und Stillenden verwendet werden. Ausserhalb der Reichweite von Kleinkindern aufbewahren. Frauen, die eine Schwangerschaft planen, schwanger sind oder stillen, sollten einen Arzt konsultieren, um den geeigneten Versorgungsgrad mit Fetts\u00e4uren zu bestimmen. ACHTUNG: Aufgrund des hohen Fisch\u00f6lgehalts ist das Produkt durch einen Fischgeruch gekennzeichnet.<\/p>\n<\/p><\/div>\n<div class=\"chcg-allergens\">\n<h3>Allergeninformationen<\/h3>\n<p>Enth\u00e4lt: Fisch. Hergestellt auf Anlagen, die auch Milch (einschliesslich Laktose), Eier, Soja und Weizen (glutenhaltiges Getreide) verarbeiten.<\/p>\n<\/p><\/div>\n<div class=\"chcg-storage\">\n<h3>Lagerung<\/h3>\n<p>Nach dem \u00d6ffnen k\u00fchl und trocken lagern.<\/p>\n<\/p><\/div>\n<\/div>\n","protected":false},"excerpt":{"rendered":"<p>Ostrovit Omega 3 ULTRA liefert 1000 mg Fisch\u00f6l mit 330 mg EPA und 220 mg DHA pro Softgelkapsel \u2013 f\u00fcr Herz, Gehirn und Sehkraft. 90 Softgelkapseln pro Packung.<\/p>\n","protected":false},"featured_media":5936,"comment_status":"closed","ping_status":"open","template":"","meta":[],"product_brand":[298],"product_cat":[48,39,33,171,21],"product_tag":[],"class_list":{"0":"post-5935","1":"product","2":"type-product","3":"status-publish","4":"has-post-thumbnail","6":"product_brand-ostrovit","7":"product_cat-gesunde-ernaehrung","8":"product_cat-omega-und-fischoel","9":"product_cat-omega-fettsaeuren-essentielle-fettsaeuren-konjugierte-linolsaeure-oele","10":"product_cat-vitamine-und-mineralien","11":"product_cat-vitamine-und-mineralstoffe","13":"first","14":"outofstock","15":"taxable","16":"shipping-taxable","17":"purchasable","18":"product-type-simple"},"yoast_head":"<!-- This site is optimized with the Yoast SEO plugin v27.5 - https:\/\/yoast.com\/product\/yoast-seo-wordpress\/ -->\n<title>Ostrovit Omega 3 ULTRA 90 Kapseln | ecosupplements.ch<\/title>\n<meta name=\"description\" content=\"Omega 3 ULTRA von Ostrovit: 1000 mg Fisch\u00f6l mit EPA &amp; DHA pro Softgelkapsel, 90 St\u00fcck. Jetzt bestellen.\" \/>\n<meta name=\"robots\" content=\"index, follow, max-snippet:-1, max-image-preview:large, max-video-preview:-1\" \/>\n<link rel=\"canonical\" href=\"https:\/\/ecosupplements.ch\/?product=ostrovit-omega-3-ultra-90-capsules\" \/>\n<meta property=\"og:locale\" content=\"de_DE\" \/>\n<meta property=\"og:type\" content=\"article\" \/>\n<meta property=\"og:title\" content=\"Ostrovit Omega 3 ULTRA 90 Kapseln | ecosupplements.ch\" \/>\n<meta property=\"og:description\" content=\"Omega 3 ULTRA von Ostrovit: 1000 mg Fisch\u00f6l mit EPA &amp; DHA pro Softgelkapsel, 90 St\u00fcck. Jetzt bestellen.\" \/>\n<meta property=\"og:url\" content=\"https:\/\/ecosupplements.ch\/?product=ostrovit-omega-3-ultra-90-capsules\" \/>\n<meta property=\"og:site_name\" content=\"Eco Supplements\" \/>\n<meta property=\"article:modified_time\" content=\"2026-05-13T07:27:37+00:00\" \/>\n<meta property=\"og:image\" content=\"https:\/\/ecosupplements.ch\/wp-content\/uploads\/2026\/05\/Ostrovit-Omega-3-ULTRA-90-Capsules.webp\" \/>\n\t<meta property=\"og:image:width\" content=\"1000\" \/>\n\t<meta property=\"og:image:height\" content=\"1000\" \/>\n\t<meta property=\"og:image:type\" content=\"image\/jpeg\" \/>\n<meta name=\"twitter:card\" content=\"summary_large_image\" \/>\n<meta name=\"twitter:label1\" content=\"Price\" \/>\n\t<meta name=\"twitter:data1\" content=\"&#067;&#072;&#070;&nbsp;6.85\" \/>\n\t<meta name=\"twitter:label2\" content=\"Availability\" \/>\n\t<meta name=\"twitter:data2\" content=\"Out of stock\" \/>\n<script type=\"application\/ld+json\" class=\"yoast-schema-graph\">{\"@context\":\"https:\\\/\\\/schema.org\",\"@graph\":[{\"@type\":\"WebPage\",\"@id\":\"https:\\\/\\\/ecosupplements.ch\\\/?product=ostrovit-omega-3-ultra-90-capsules\",\"url\":\"https:\\\/\\\/ecosupplements.ch\\\/?product=ostrovit-omega-3-ultra-90-capsules\",\"name\":\"Ostrovit Omega 3 ULTRA 90 Kapseln | ecosupplements.ch\",\"isPartOf\":{\"@id\":\"https:\\\/\\\/ecosupplements.ch\\\/#website\"},\"primaryImageOfPage\":{\"@id\":\"https:\\\/\\\/ecosupplements.ch\\\/?product=ostrovit-omega-3-ultra-90-capsules#primaryimage\"},\"image\":{\"@id\":\"https:\\\/\\\/ecosupplements.ch\\\/?product=ostrovit-omega-3-ultra-90-capsules#primaryimage\"},\"thumbnailUrl\":\"https:\\\/\\\/ecosupplements.ch\\\/wp-content\\\/uploads\\\/2026\\\/05\\\/Ostrovit-Omega-3-ULTRA-90-Capsules.webp\",\"datePublished\":\"2026-05-11T15:10:50+00:00\",\"dateModified\":\"2026-05-13T07:27:37+00:00\",\"description\":\"Omega 3 ULTRA von Ostrovit: 1000 mg Fisch\u00f6l mit EPA & DHA pro Softgelkapsel, 90 St\u00fcck. Jetzt bestellen.\",\"breadcrumb\":{\"@id\":\"https:\\\/\\\/ecosupplements.ch\\\/?product=ostrovit-omega-3-ultra-90-capsules#breadcrumb\"},\"inLanguage\":\"de-CH\",\"potentialAction\":[{\"@type\":\"ReadAction\",\"target\":[\"https:\\\/\\\/ecosupplements.ch\\\/?product=ostrovit-omega-3-ultra-90-capsules\"]}]},{\"@type\":\"ImageObject\",\"inLanguage\":\"de-CH\",\"@id\":\"https:\\\/\\\/ecosupplements.ch\\\/?product=ostrovit-omega-3-ultra-90-capsules#primaryimage\",\"url\":\"https:\\\/\\\/ecosupplements.ch\\\/wp-content\\\/uploads\\\/2026\\\/05\\\/Ostrovit-Omega-3-ULTRA-90-Capsules.webp\",\"contentUrl\":\"https:\\\/\\\/ecosupplements.ch\\\/wp-content\\\/uploads\\\/2026\\\/05\\\/Ostrovit-Omega-3-ULTRA-90-Capsules.webp\",\"width\":1000,\"height\":1000,\"caption\":\"Ostrovit Omega 3 ULTRA (90 Capsules)\"},{\"@type\":\"BreadcrumbList\",\"@id\":\"https:\\\/\\\/ecosupplements.ch\\\/?product=ostrovit-omega-3-ultra-90-capsules#breadcrumb\",\"itemListElement\":[{\"@type\":\"ListItem\",\"position\":1,\"name\":\"Home\",\"item\":\"https:\\\/\\\/ecosupplements.ch\\\/\"},{\"@type\":\"ListItem\",\"position\":2,\"name\":\"Shop\",\"item\":\"https:\\\/\\\/ecosupplements.ch\\\/?page_id=14\"},{\"@type\":\"ListItem\",\"position\":3,\"name\":\"Ostrovit Omega 3 ULTRA (90 Capsules)\"}]},{\"@type\":\"WebSite\",\"@id\":\"https:\\\/\\\/ecosupplements.ch\\\/#website\",\"url\":\"https:\\\/\\\/ecosupplements.ch\\\/\",\"name\":\"Eco Supplements\",\"description\":\"\",\"potentialAction\":[{\"@type\":\"SearchAction\",\"target\":{\"@type\":\"EntryPoint\",\"urlTemplate\":\"https:\\\/\\\/ecosupplements.ch\\\/?s={search_term_string}\"},\"query-input\":{\"@type\":\"PropertyValueSpecification\",\"valueRequired\":true,\"valueName\":\"search_term_string\"}}],\"inLanguage\":\"de-CH\"}]}<\/script>\n<meta property=\"product:price:amount\" content=\"6.85\" \/>\n<meta property=\"product:price:currency\" content=\"CHF\" \/>\n<meta property=\"og:availability\" content=\"out of stock\" \/>\n<meta property=\"product:availability\" content=\"out of stock\" \/>\n<meta property=\"product:retailer_item_id\" content=\"5902232619041\" \/>\n<meta property=\"product:condition\" content=\"new\" \/>\n<!-- \/ Yoast SEO plugin. -->","yoast_head_json":{"title":"Ostrovit Omega 3 ULTRA 90 Kapseln | ecosupplements.ch","description":"Omega 3 ULTRA von Ostrovit: 1000 mg Fisch\u00f6l mit EPA & DHA pro Softgelkapsel, 90 St\u00fcck. Jetzt bestellen.","robots":{"index":"index","follow":"follow","max-snippet":"max-snippet:-1","max-image-preview":"max-image-preview:large","max-video-preview":"max-video-preview:-1"},"canonical":"https:\/\/ecosupplements.ch\/?product=ostrovit-omega-3-ultra-90-capsules","og_locale":"de_DE","og_type":"article","og_title":"Ostrovit Omega 3 ULTRA 90 Kapseln | ecosupplements.ch","og_description":"Omega 3 ULTRA von Ostrovit: 1000 mg Fisch\u00f6l mit EPA & DHA pro Softgelkapsel, 90 St\u00fcck. Jetzt bestellen.","og_url":"https:\/\/ecosupplements.ch\/?product=ostrovit-omega-3-ultra-90-capsules","og_site_name":"Eco Supplements","article_modified_time":"2026-05-13T07:27:37+00:00","og_image":[{"width":1000,"height":1000,"url":"https:\/\/ecosupplements.ch\/wp-content\/uploads\/2026\/05\/Ostrovit-Omega-3-ULTRA-90-Capsules.webp","type":"image\/jpeg"}],"twitter_card":"summary_large_image","twitter_misc":{"Price":"&#67;&#72;&#70;&nbsp;6.85","Availability":"Out of stock"},"schema":{"@context":"https:\/\/schema.org","@graph":[{"@type":"WebPage","@id":"https:\/\/ecosupplements.ch\/?product=ostrovit-omega-3-ultra-90-capsules","url":"https:\/\/ecosupplements.ch\/?product=ostrovit-omega-3-ultra-90-capsules","name":"Ostrovit Omega 3 ULTRA 90 Kapseln | ecosupplements.ch","isPartOf":{"@id":"https:\/\/ecosupplements.ch\/#website"},"primaryImageOfPage":{"@id":"https:\/\/ecosupplements.ch\/?product=ostrovit-omega-3-ultra-90-capsules#primaryimage"},"image":{"@id":"https:\/\/ecosupplements.ch\/?product=ostrovit-omega-3-ultra-90-capsules#primaryimage"},"thumbnailUrl":"https:\/\/ecosupplements.ch\/wp-content\/uploads\/2026\/05\/Ostrovit-Omega-3-ULTRA-90-Capsules.webp","datePublished":"2026-05-11T15:10:50+00:00","dateModified":"2026-05-13T07:27:37+00:00","description":"Omega 3 ULTRA von Ostrovit: 1000 mg Fisch\u00f6l mit EPA & DHA pro Softgelkapsel, 90 St\u00fcck. Jetzt bestellen.","breadcrumb":{"@id":"https:\/\/ecosupplements.ch\/?product=ostrovit-omega-3-ultra-90-capsules#breadcrumb"},"inLanguage":"de-CH","potentialAction":[{"@type":"ReadAction","target":["https:\/\/ecosupplements.ch\/?product=ostrovit-omega-3-ultra-90-capsules"]}]},{"@type":"ImageObject","inLanguage":"de-CH","@id":"https:\/\/ecosupplements.ch\/?product=ostrovit-omega-3-ultra-90-capsules#primaryimage","url":"https:\/\/ecosupplements.ch\/wp-content\/uploads\/2026\/05\/Ostrovit-Omega-3-ULTRA-90-Capsules.webp","contentUrl":"https:\/\/ecosupplements.ch\/wp-content\/uploads\/2026\/05\/Ostrovit-Omega-3-ULTRA-90-Capsules.webp","width":1000,"height":1000,"caption":"Ostrovit Omega 3 ULTRA (90 Capsules)"},{"@type":"BreadcrumbList","@id":"https:\/\/ecosupplements.ch\/?product=ostrovit-omega-3-ultra-90-capsules#breadcrumb","itemListElement":[{"@type":"ListItem","position":1,"name":"Home","item":"https:\/\/ecosupplements.ch\/"},{"@type":"ListItem","position":2,"name":"Shop","item":"https:\/\/ecosupplements.ch\/?page_id=14"},{"@type":"ListItem","position":3,"name":"Ostrovit Omega 3 ULTRA (90 Capsules)"}]},{"@type":"WebSite","@id":"https:\/\/ecosupplements.ch\/#website","url":"https:\/\/ecosupplements.ch\/","name":"Eco Supplements","description":"","potentialAction":[{"@type":"SearchAction","target":{"@type":"EntryPoint","urlTemplate":"https:\/\/ecosupplements.ch\/?s={search_term_string}"},"query-input":{"@type":"PropertyValueSpecification","valueRequired":true,"valueName":"search_term_string"}}],"inLanguage":"de-CH"}]},"product_price_amount":"6.85","product_price_currency":"CHF","og_availability":"out of stock","product_availability":"out of stock","product_retailer_item_id":"5902232619041","product_condition":"new"},"_links":{"self":[{"href":"https:\/\/ecosupplements.ch\/index.php?rest_route=\/wp\/v2\/product\/5935","targetHints":{"allow":["GET"]}}],"collection":[{"href":"https:\/\/ecosupplements.ch\/index.php?rest_route=\/wp\/v2\/product"}],"about":[{"href":"https:\/\/ecosupplements.ch\/index.php?rest_route=\/wp\/v2\/types\/product"}],"replies":[{"embeddable":true,"href":"https:\/\/ecosupplements.ch\/index.php?rest_route=%2Fwp%2Fv2%2Fcomments&post=5935"}],"wp:featuredmedia":[{"embeddable":true,"href":"https:\/\/ecosupplements.ch\/index.php?rest_route=\/wp\/v2\/media\/5936"}],"wp:attachment":[{"href":"https:\/\/ecosupplements.ch\/index.php?rest_route=%2Fwp%2Fv2%2Fmedia&parent=5935"}],"wp:term":[{"taxonomy":"product_brand","embeddable":true,"href":"https:\/\/ecosupplements.ch\/index.php?rest_route=%2Fwp%2Fv2%2Fproduct_brand&post=5935"},{"taxonomy":"product_cat","embeddable":true,"href":"https:\/\/ecosupplements.ch\/index.php?rest_route=%2Fwp%2Fv2%2Fproduct_cat&post=5935"},{"taxonomy":"product_tag","embeddable":true,"href":"https:\/\/ecosupplements.ch\/index.php?rest_route=%2Fwp%2Fv2%2Fproduct_tag&post=5935"}],"curies":[{"name":"wp","href":"https:\/\/api.w.org\/{rel}","templated":true}]}}