{"id":5981,"date":"2026-05-11T15:11:13","date_gmt":"2026-05-11T15:11:13","guid":{"rendered":"https:\/\/ecosupplements.ch\/?product=ostrovit-vitamin-c-1000-mg-90-tablets"},"modified":"2026-05-13T07:27:39","modified_gmt":"2026-05-13T07:27:39","slug":"ostrovit-vitamin-c-1000-mg-90-tablets","status":"publish","type":"product","link":"https:\/\/ecosupplements.ch\/?product=ostrovit-vitamin-c-1000-mg-90-tablets","title":{"rendered":"Ostrovit Vitamin C 1000 mg (90 Tablets)"},"content":{"rendered":"<div class=\"chcg-product-description\">\n<h2 class=\"chcg-heading\">\u00dcber Ostrovit \u2013 Vitamin C 1000 mg (90 Tabletten)<\/h2>\n<div class=\"chcg-intro\">\n<p>Vitamin C ist ein essenzielles wasserl\u00f6sliches Vitamin, das der menschliche K\u00f6rper nicht selbst herstellen kann und deshalb regelm\u00e4ssig \u00fcber die Nahrung oder gezielte Supplementierung zuf\u00fchren muss. Ostrovit Vitamin C 1000 mg liefert pro Tablette eine hochdosierte Portion L-Ascorbins\u00e4ure \u2013 die biologisch aktive Form des Vitamins \u2013 und unterst\u00fctzt damit eine bedarfsgerechte t\u00e4gliche Versorgung.<\/p>\n<p>Vitamin C tr\u00e4gt zur normalen Funktion des Immunsystems bei, unterst\u00fctzt die normale Kollagenbildung f\u00fcr eine normale Funktion von Haut, Z\u00e4hnen, Zahnfleisch, Knorpel, Knochen und Blutgef\u00e4ssen und hilft, die Zellen vor oxidativem Stress zu sch\u00fctzen. Dar\u00fcber hinaus tr\u00e4gt es zur Verringerung von M\u00fcdigkeit und Ersch\u00f6pfung sowie zur normalen psychischen Funktion bei.<\/p>\n<p>Mit 90 Tabletten pro Packung deckt Ostrovit Vitamin C 1000 mg einen Bedarf von drei Monaten bei t\u00e4glicher Einnahme. Die einfache Tabletten-Form erm\u00f6glicht eine unkomplizierte Integration in den t\u00e4glichen Alltag.<\/p>\n<\/p><\/div>\n<div class=\"chcg-nutrition\">\n<h3>N\u00e4hrwertangaben<\/h3>\n<table class=\"chcg-nutrition-table\">\n<thead>\n<tr>\n<th>N\u00e4hrstoff<\/th>\n<th>Pro Portion (1 Tablette)<\/th>\n<\/tr>\n<\/thead>\n<tbody>\n<tr>\n<td>Vitamin C (L-Ascorbins\u00e4ure)<\/td>\n<td>1000 mg (1250 % NRV*)<\/td>\n<\/tr>\n<\/tbody>\n<\/table>\n<p class=\"chcg-footnote\">* Prozentsatz des N\u00e4hrstoffreferenzwerts (NRV) gem\u00e4ss EU-Verordnung Nr. 1169\/2011.<\/p>\n<\/p><\/div>\n<div class=\"chcg-ingredients\">\n<h3>Zutaten<\/h3>\n<p>L-Ascorbins\u00e4ure (Vit. C), F\u00fcllstoff: mikrokristalline Cellulose; St\u00e4rke, Trennmittel: Siliciumdioxid.<\/p>\n<p>Hergestellt in einem Betrieb, der Zutaten aus Milch (einschliesslich Laktose), Sojabohnen, Erdn\u00fcssen, anderen N\u00fcssen, Sesamsamen, glutenhaltigen Getreiden, Eiern, Krebstieren und Fisch verarbeitet.<\/p>\n<\/p><\/div>\n<div class=\"chcg-dosage\">\n<h3>Verzehrempfehlung<\/h3>\n<p>1 Portion (1 Tablette) t\u00e4glich vor der ersten Mahlzeit einnehmen.<\/p>\n<\/p><\/div>\n<div class=\"chcg-warnings\">\n<h3>Warnhinweise<\/h3>\n<p>Nicht anwenden bei Personen, die eine Veranlagung zur Bildung von Nierensteinen haben oder an Nierensteinen leiden. Die empfohlene Tagesdosis nicht \u00fcberschreiten. Nahrungserg\u00e4nzungsmittel sind kein Ersatz f\u00fcr eine abwechslungsreiche Ern\u00e4hrung. Eine ausgewogene Ern\u00e4hrung und ein gesunder Lebensstil werden empfohlen. Nicht einnehmen, wenn Sie gegen einen der Inhaltsstoffe des Produkts allergisch sind. Das Produkt sollte nicht von Kindern, Schwangeren und Stillenden verwendet werden. Ausserhalb der Reichweite von kleinen Kindern aufbewahren.<\/p>\n<\/p><\/div>\n<div class=\"chcg-allergens\">\n<h3>Allergeninformationen<\/h3>\n<p>Keine Allergene in den Zutaten enthalten. Hinweis auf Kreuzkontamination: Hergestellt in einem Betrieb, der Zutaten aus Milch (einschliesslich Laktose), Sojabohnen, Erdn\u00fcssen, anderen N\u00fcssen, Sesamsamen, glutenhaltigen Getreiden, Eiern, Krebstieren und Fisch verarbeitet.<\/p>\n<\/p><\/div>\n<div class=\"chcg-storage\">\n<h3>Lagerung<\/h3>\n<p>Verpackung fest verschlossen an einem trockenen Ort bei einer Temperatur von 15\u201325 \u00b0C aufbewahren. Vor direktem Sonnenlicht sch\u00fctzen. Ausserhalb der Reichweite von kleinen Kindern aufbewahren.<\/p>\n<\/p><\/div>\n<div class=\"chcg-dietary\">\n<h3>Ern\u00e4hrungshinweise<\/h3>\n<ul>\n<li>Vegan<\/li>\n<li>Vegetarisch<\/li>\n<\/ul><\/div>\n<\/div>\n","protected":false},"excerpt":{"rendered":"<p>Ostrovit Vitamin C 1000 mg unterst\u00fctzt das Immunsystem und sch\u00fctzt die Zellen vor oxidativem Stress. Pro Packung sind 90 Tabletten enthalten \u2013 ideal f\u00fcr eine 3-monatige t\u00e4gliche Versorgung. Vegan und vegetarisch geeignet.<\/p>\n","protected":false},"featured_media":5982,"comment_status":"closed","ping_status":"open","template":"","meta":[],"product_brand":[298],"product_cat":[27,48,29,171,21],"product_tag":[],"class_list":{"0":"post-5981","1":"product","2":"type-product","3":"status-publish","4":"has-post-thumbnail","6":"product_brand-ostrovit","7":"product_cat-einige-vitamine","8":"product_cat-gesunde-ernaehrung","9":"product_cat-vitamin-c","10":"product_cat-vitamine-und-mineralien","11":"product_cat-vitamine-und-mineralstoffe","13":"first","14":"outofstock","15":"taxable","16":"shipping-taxable","17":"purchasable","18":"product-type-simple"},"yoast_head":"<!-- This site is optimized with the Yoast SEO plugin v27.5 - https:\/\/yoast.com\/product\/yoast-seo-wordpress\/ -->\n<title>Ostrovit Vitamin C 1000 mg \u2013 90 Tabletten | ecosupplements.ch<\/title>\n<meta name=\"description\" content=\"Hochdosiertes Vitamin C mit 1000 mg pro Tablette f\u00fcr Immunsystem und Zellschutz \u2013 90 Tabletten, vegan. Jetzt bestellen.\" \/>\n<meta name=\"robots\" content=\"index, follow, max-snippet:-1, max-image-preview:large, max-video-preview:-1\" \/>\n<link rel=\"canonical\" href=\"https:\/\/ecosupplements.ch\/?product=ostrovit-vitamin-c-1000-mg-90-tablets\" \/>\n<meta property=\"og:locale\" content=\"de_DE\" \/>\n<meta property=\"og:type\" content=\"article\" \/>\n<meta property=\"og:title\" content=\"Ostrovit Vitamin C 1000 mg \u2013 90 Tabletten | ecosupplements.ch\" \/>\n<meta property=\"og:description\" content=\"Hochdosiertes Vitamin C mit 1000 mg pro Tablette f\u00fcr Immunsystem und Zellschutz \u2013 90 Tabletten, vegan. Jetzt bestellen.\" \/>\n<meta property=\"og:url\" content=\"https:\/\/ecosupplements.ch\/?product=ostrovit-vitamin-c-1000-mg-90-tablets\" \/>\n<meta property=\"og:site_name\" content=\"Eco Supplements\" \/>\n<meta property=\"article:modified_time\" content=\"2026-05-13T07:27:39+00:00\" \/>\n<meta property=\"og:image\" content=\"https:\/\/ecosupplements.ch\/wp-content\/uploads\/2026\/05\/Ostrovit-Vitamin-C-1000-mg-90-Tablets.webp\" \/>\n\t<meta property=\"og:image:width\" content=\"1000\" \/>\n\t<meta property=\"og:image:height\" content=\"1000\" \/>\n\t<meta property=\"og:image:type\" content=\"image\/jpeg\" \/>\n<meta name=\"twitter:card\" content=\"summary_large_image\" \/>\n<meta name=\"twitter:label1\" content=\"Price\" \/>\n\t<meta name=\"twitter:data1\" content=\"&#067;&#072;&#070;&nbsp;4.99\" \/>\n\t<meta name=\"twitter:label2\" content=\"Availability\" \/>\n\t<meta name=\"twitter:data2\" content=\"Out of stock\" \/>\n<script type=\"application\/ld+json\" class=\"yoast-schema-graph\">{\"@context\":\"https:\\\/\\\/schema.org\",\"@graph\":[{\"@type\":\"WebPage\",\"@id\":\"https:\\\/\\\/ecosupplements.ch\\\/?product=ostrovit-vitamin-c-1000-mg-90-tablets\",\"url\":\"https:\\\/\\\/ecosupplements.ch\\\/?product=ostrovit-vitamin-c-1000-mg-90-tablets\",\"name\":\"Ostrovit Vitamin C 1000 mg \u2013 90 Tabletten | ecosupplements.ch\",\"isPartOf\":{\"@id\":\"https:\\\/\\\/ecosupplements.ch\\\/#website\"},\"primaryImageOfPage\":{\"@id\":\"https:\\\/\\\/ecosupplements.ch\\\/?product=ostrovit-vitamin-c-1000-mg-90-tablets#primaryimage\"},\"image\":{\"@id\":\"https:\\\/\\\/ecosupplements.ch\\\/?product=ostrovit-vitamin-c-1000-mg-90-tablets#primaryimage\"},\"thumbnailUrl\":\"https:\\\/\\\/ecosupplements.ch\\\/wp-content\\\/uploads\\\/2026\\\/05\\\/Ostrovit-Vitamin-C-1000-mg-90-Tablets.webp\",\"datePublished\":\"2026-05-11T15:11:13+00:00\",\"dateModified\":\"2026-05-13T07:27:39+00:00\",\"description\":\"Hochdosiertes Vitamin C mit 1000 mg pro Tablette f\u00fcr Immunsystem und Zellschutz \u2013 90 Tabletten, vegan. Jetzt bestellen.\",\"breadcrumb\":{\"@id\":\"https:\\\/\\\/ecosupplements.ch\\\/?product=ostrovit-vitamin-c-1000-mg-90-tablets#breadcrumb\"},\"inLanguage\":\"de-CH\",\"potentialAction\":[{\"@type\":\"ReadAction\",\"target\":[\"https:\\\/\\\/ecosupplements.ch\\\/?product=ostrovit-vitamin-c-1000-mg-90-tablets\"]}]},{\"@type\":\"ImageObject\",\"inLanguage\":\"de-CH\",\"@id\":\"https:\\\/\\\/ecosupplements.ch\\\/?product=ostrovit-vitamin-c-1000-mg-90-tablets#primaryimage\",\"url\":\"https:\\\/\\\/ecosupplements.ch\\\/wp-content\\\/uploads\\\/2026\\\/05\\\/Ostrovit-Vitamin-C-1000-mg-90-Tablets.webp\",\"contentUrl\":\"https:\\\/\\\/ecosupplements.ch\\\/wp-content\\\/uploads\\\/2026\\\/05\\\/Ostrovit-Vitamin-C-1000-mg-90-Tablets.webp\",\"width\":1000,\"height\":1000,\"caption\":\"Ostrovit Vitamin C 1000 mg (90 Tablets)\"},{\"@type\":\"BreadcrumbList\",\"@id\":\"https:\\\/\\\/ecosupplements.ch\\\/?product=ostrovit-vitamin-c-1000-mg-90-tablets#breadcrumb\",\"itemListElement\":[{\"@type\":\"ListItem\",\"position\":1,\"name\":\"Home\",\"item\":\"https:\\\/\\\/ecosupplements.ch\\\/\"},{\"@type\":\"ListItem\",\"position\":2,\"name\":\"Shop\",\"item\":\"https:\\\/\\\/ecosupplements.ch\\\/?page_id=14\"},{\"@type\":\"ListItem\",\"position\":3,\"name\":\"Ostrovit Vitamin C 1000 mg (90 Tablets)\"}]},{\"@type\":\"WebSite\",\"@id\":\"https:\\\/\\\/ecosupplements.ch\\\/#website\",\"url\":\"https:\\\/\\\/ecosupplements.ch\\\/\",\"name\":\"Eco Supplements\",\"description\":\"\",\"potentialAction\":[{\"@type\":\"SearchAction\",\"target\":{\"@type\":\"EntryPoint\",\"urlTemplate\":\"https:\\\/\\\/ecosupplements.ch\\\/?s={search_term_string}\"},\"query-input\":{\"@type\":\"PropertyValueSpecification\",\"valueRequired\":true,\"valueName\":\"search_term_string\"}}],\"inLanguage\":\"de-CH\"}]}<\/script>\n<meta property=\"product:price:amount\" content=\"4.99\" \/>\n<meta property=\"product:price:currency\" content=\"CHF\" \/>\n<meta property=\"og:availability\" content=\"out of stock\" \/>\n<meta property=\"product:availability\" content=\"out of stock\" \/>\n<meta property=\"product:retailer_item_id\" content=\"5902232610925\" \/>\n<meta property=\"product:condition\" content=\"new\" \/>\n<!-- \/ Yoast SEO plugin. -->","yoast_head_json":{"title":"Ostrovit Vitamin C 1000 mg \u2013 90 Tabletten | ecosupplements.ch","description":"Hochdosiertes Vitamin C mit 1000 mg pro Tablette f\u00fcr Immunsystem und Zellschutz \u2013 90 Tabletten, vegan. Jetzt bestellen.","robots":{"index":"index","follow":"follow","max-snippet":"max-snippet:-1","max-image-preview":"max-image-preview:large","max-video-preview":"max-video-preview:-1"},"canonical":"https:\/\/ecosupplements.ch\/?product=ostrovit-vitamin-c-1000-mg-90-tablets","og_locale":"de_DE","og_type":"article","og_title":"Ostrovit Vitamin C 1000 mg \u2013 90 Tabletten | ecosupplements.ch","og_description":"Hochdosiertes Vitamin C mit 1000 mg pro Tablette f\u00fcr Immunsystem und Zellschutz \u2013 90 Tabletten, vegan. Jetzt bestellen.","og_url":"https:\/\/ecosupplements.ch\/?product=ostrovit-vitamin-c-1000-mg-90-tablets","og_site_name":"Eco Supplements","article_modified_time":"2026-05-13T07:27:39+00:00","og_image":[{"width":1000,"height":1000,"url":"https:\/\/ecosupplements.ch\/wp-content\/uploads\/2026\/05\/Ostrovit-Vitamin-C-1000-mg-90-Tablets.webp","type":"image\/jpeg"}],"twitter_card":"summary_large_image","twitter_misc":{"Price":"&#67;&#72;&#70;&nbsp;4.99","Availability":"Out of stock"},"schema":{"@context":"https:\/\/schema.org","@graph":[{"@type":"WebPage","@id":"https:\/\/ecosupplements.ch\/?product=ostrovit-vitamin-c-1000-mg-90-tablets","url":"https:\/\/ecosupplements.ch\/?product=ostrovit-vitamin-c-1000-mg-90-tablets","name":"Ostrovit Vitamin C 1000 mg \u2013 90 Tabletten | ecosupplements.ch","isPartOf":{"@id":"https:\/\/ecosupplements.ch\/#website"},"primaryImageOfPage":{"@id":"https:\/\/ecosupplements.ch\/?product=ostrovit-vitamin-c-1000-mg-90-tablets#primaryimage"},"image":{"@id":"https:\/\/ecosupplements.ch\/?product=ostrovit-vitamin-c-1000-mg-90-tablets#primaryimage"},"thumbnailUrl":"https:\/\/ecosupplements.ch\/wp-content\/uploads\/2026\/05\/Ostrovit-Vitamin-C-1000-mg-90-Tablets.webp","datePublished":"2026-05-11T15:11:13+00:00","dateModified":"2026-05-13T07:27:39+00:00","description":"Hochdosiertes Vitamin C mit 1000 mg pro Tablette f\u00fcr Immunsystem und Zellschutz \u2013 90 Tabletten, vegan. Jetzt bestellen.","breadcrumb":{"@id":"https:\/\/ecosupplements.ch\/?product=ostrovit-vitamin-c-1000-mg-90-tablets#breadcrumb"},"inLanguage":"de-CH","potentialAction":[{"@type":"ReadAction","target":["https:\/\/ecosupplements.ch\/?product=ostrovit-vitamin-c-1000-mg-90-tablets"]}]},{"@type":"ImageObject","inLanguage":"de-CH","@id":"https:\/\/ecosupplements.ch\/?product=ostrovit-vitamin-c-1000-mg-90-tablets#primaryimage","url":"https:\/\/ecosupplements.ch\/wp-content\/uploads\/2026\/05\/Ostrovit-Vitamin-C-1000-mg-90-Tablets.webp","contentUrl":"https:\/\/ecosupplements.ch\/wp-content\/uploads\/2026\/05\/Ostrovit-Vitamin-C-1000-mg-90-Tablets.webp","width":1000,"height":1000,"caption":"Ostrovit Vitamin C 1000 mg (90 Tablets)"},{"@type":"BreadcrumbList","@id":"https:\/\/ecosupplements.ch\/?product=ostrovit-vitamin-c-1000-mg-90-tablets#breadcrumb","itemListElement":[{"@type":"ListItem","position":1,"name":"Home","item":"https:\/\/ecosupplements.ch\/"},{"@type":"ListItem","position":2,"name":"Shop","item":"https:\/\/ecosupplements.ch\/?page_id=14"},{"@type":"ListItem","position":3,"name":"Ostrovit Vitamin C 1000 mg (90 Tablets)"}]},{"@type":"WebSite","@id":"https:\/\/ecosupplements.ch\/#website","url":"https:\/\/ecosupplements.ch\/","name":"Eco Supplements","description":"","potentialAction":[{"@type":"SearchAction","target":{"@type":"EntryPoint","urlTemplate":"https:\/\/ecosupplements.ch\/?s={search_term_string}"},"query-input":{"@type":"PropertyValueSpecification","valueRequired":true,"valueName":"search_term_string"}}],"inLanguage":"de-CH"}]},"product_price_amount":"4.99","product_price_currency":"CHF","og_availability":"out of stock","product_availability":"out of stock","product_retailer_item_id":"5902232610925","product_condition":"new"},"_links":{"self":[{"href":"https:\/\/ecosupplements.ch\/index.php?rest_route=\/wp\/v2\/product\/5981","targetHints":{"allow":["GET"]}}],"collection":[{"href":"https:\/\/ecosupplements.ch\/index.php?rest_route=\/wp\/v2\/product"}],"about":[{"href":"https:\/\/ecosupplements.ch\/index.php?rest_route=\/wp\/v2\/types\/product"}],"replies":[{"embeddable":true,"href":"https:\/\/ecosupplements.ch\/index.php?rest_route=%2Fwp%2Fv2%2Fcomments&post=5981"}],"wp:featuredmedia":[{"embeddable":true,"href":"https:\/\/ecosupplements.ch\/index.php?rest_route=\/wp\/v2\/media\/5982"}],"wp:attachment":[{"href":"https:\/\/ecosupplements.ch\/index.php?rest_route=%2Fwp%2Fv2%2Fmedia&parent=5981"}],"wp:term":[{"taxonomy":"product_brand","embeddable":true,"href":"https:\/\/ecosupplements.ch\/index.php?rest_route=%2Fwp%2Fv2%2Fproduct_brand&post=5981"},{"taxonomy":"product_cat","embeddable":true,"href":"https:\/\/ecosupplements.ch\/index.php?rest_route=%2Fwp%2Fv2%2Fproduct_cat&post=5981"},{"taxonomy":"product_tag","embeddable":true,"href":"https:\/\/ecosupplements.ch\/index.php?rest_route=%2Fwp%2Fv2%2Fproduct_tag&post=5981"}],"curies":[{"name":"wp","href":"https:\/\/api.w.org\/{rel}","templated":true}]}}