{"id":6024,"date":"2026-05-11T15:11:33","date_gmt":"2026-05-11T15:11:33","guid":{"rendered":"https:\/\/ecosupplements.ch\/?product=usa-medical-magnesium-bisglycinate-60-capsules"},"modified":"2026-05-13T07:27:40","modified_gmt":"2026-05-13T07:27:40","slug":"usa-medical-magnesium-bisglycinate-60-capsules","status":"publish","type":"product","link":"https:\/\/ecosupplements.ch\/?product=usa-medical-magnesium-bisglycinate-60-capsules","title":{"rendered":"USA medical Magnesium Bisglycinate (60 Capsules)"},"content":{"rendered":"<div class=\"chcg-product-description\">\n<h2 class=\"chcg-heading\">\u00dcber USA medical \u2013 Magnesium Bisglycinate (60 Kapseln)<\/h2>\n<div class=\"chcg-intro\">\n<p>Magnesium ist ein essenzieller Mineralstoff, der an \u00fcber 300 enzymatischen Prozessen im menschlichen K\u00f6rper beteiligt ist. USA medical Magnesium Bisglycinate liefert Magnesium in der Bisglycinate-Form \u2013 einer organischen Verbindung, bei der Magnesium an die Aminos\u00e4ure Glycin gebunden ist. Diese Form gilt als besonders magenvertr\u00e4glich und eignet sich daher auch f\u00fcr empfindliche Personen.<\/p>\n<p>Magnesium tr\u00e4gt zur Verringerung von M\u00fcdigkeit und Ersch\u00f6pfung bei, unterst\u00fctzt die normale Muskelfunktion sowie die normale Funktion des Nervensystems. Zudem leistet es einen Beitrag zur normalen psychischen Funktion und zur Aufrechterhaltung normaler Knochen und Z\u00e4hne. Jede Tagesportion (2 Kapseln) liefert 1200 mg Magnesium Bisglycinate, wovon 120 mg elementares organisches Magnesium (32 % des Tagesreferenzwertes) enthalten sind.<\/p>\n<p>Das Produkt von USA medical \u00fcberzeugt durch seine sorgf\u00e4ltige Formulierung mit vollst\u00e4ndig umgesetztem (\u00abfully reacted\u00bb) Magnesium Bisglycinate \u2013 ohne unn\u00f6tige Zusatzstoffe. Mit 60 Kapseln pro Packung ist eine Versorgung f\u00fcr 30 Tage gew\u00e4hrleistet.<\/p>\n<\/p><\/div>\n<div class=\"chcg-nutrition\">\n<h3>N\u00e4hrwertangaben<\/h3>\n<table class=\"chcg-nutrition-table\">\n<thead>\n<tr>\n<th>N\u00e4hrstoff<\/th>\n<th>Pro Portion (2 Kapseln)<\/th>\n<\/tr>\n<\/thead>\n<tbody>\n<tr>\n<td>Magnesium Bisglycinate<\/td>\n<td>1200 mg<\/td>\n<\/tr>\n<tr>\n<td>\u2013 davon organisches Magnesium<\/td>\n<td>120 mg (32 % NRW*)<\/td>\n<\/tr>\n<\/tbody>\n<\/table>\n<p class=\"chcg-footnote\">* NRW = N\u00e4hrstoffbezugswert f\u00fcr Erwachsene (375 mg\/Tag f\u00fcr Magnesium gem\u00e4ss EU-Verordnung)<\/p>\n<\/p><\/div>\n<div class=\"chcg-ingredients\">\n<h3>Zutaten<\/h3>\n<p>Vollst\u00e4ndig umgesetztes (\u00abfully reacted\u00bb) Magnesium Bisglycinate, Gelatine (Kapselh\u00fclle). Wirkstoff pro Tagesportion (2 Kapseln): Magnesium Glycinate 1200 mg, davon organisches Magnesium 120 mg.<\/p>\n<p class=\"chcg-capsule-shell\">Kapselh\u00fclle: Gelatine<\/p>\n<\/p><\/div>\n<div class=\"chcg-dosage\">\n<h3>Verzehrempfehlung<\/h3>\n<p>T\u00e4glich 2 Kapseln einnehmen. F\u00fcr beste Ergebnisse wird empfohlen, die Kapseln vor dem Schlafengehen mit ausreichend Wasser einzunehmen oder gem\u00e4ss Anweisung eines Arztes bzw. einer \u00c4rztin. Die empfohlene Tagesdosis nicht \u00fcberschreiten.<\/p>\n<\/p><\/div>\n<div class=\"chcg-warnings\">\n<h3>Warnhinweise<\/h3>\n<p>Nicht verwenden, wenn Sie gegen einen der Inhaltsstoffe allergisch sind. Die empfohlene Tagesdosis nicht \u00fcberschreiten. Dieses Nahrungserg\u00e4nzungsmittel ersetzt keine ausgewogene, abwechslungsreiche Ern\u00e4hrung und einen gesunden Lebensstil. Vor der Einnahme einen Arzt bzw. eine \u00c4rztin konsultieren, wenn Sie schwanger sind oder stillen, an einer ernsthaften Erkrankung leiden oder verschreibungspflichtige Medikamente einnehmen. Bei unerw\u00fcnschten Symptomen die Einnahme sofort abbrechen. Ausserhalb der Reichweite von Kindern aufbewahren.<\/p>\n<\/p><\/div>\n<div class=\"chcg-allergens\">\n<h3>Allergeninformationen<\/h3>\n<p>Keine Allergene deklariert. Glutenfrei.<\/p>\n<\/p><\/div>\n<div class=\"chcg-storage\">\n<h3>Lagerung<\/h3>\n<p>An einem k\u00fchlen, trockenen Ort, vor direkter Sonneneinstrahlung gesch\u00fctzt, aufbewahren.<\/p>\n<\/p><\/div>\n<div class=\"chcg-dietary\">\n<h3>Ern\u00e4hrungshinweise<\/h3>\n<ul>\n<li>Glutenfrei<\/li>\n<\/ul><\/div>\n<\/div>\n","protected":false},"excerpt":{"rendered":"<p>USA medical Magnesium Bisglycinate unterst\u00fctzt Muskeln, Nervensystem und hilft, M\u00fcdigkeit zu reduzieren. Pro Tagesportion (2 Kapseln) 120 mg organisches Magnesium (32 % NRW). 60 Kapseln pro Packung \u2013 glutenfrei.<\/p>\n","protected":false},"featured_media":6025,"comment_status":"closed","ping_status":"open","template":"","meta":[],"product_brand":[480],"product_cat":[48],"product_tag":[],"class_list":{"0":"post-6024","1":"product","2":"type-product","3":"status-publish","4":"has-post-thumbnail","6":"product_brand-usa-medical","7":"product_cat-gesunde-ernaehrung","9":"first","10":"outofstock","11":"taxable","12":"shipping-taxable","13":"purchasable","14":"product-type-simple"},"yoast_head":"<!-- This site is optimized with the Yoast SEO plugin v27.5 - https:\/\/yoast.com\/product\/yoast-seo-wordpress\/ -->\n<title>Magnesium Bisglycinate 60 Kapseln \u2013 USA medical | ecosupplements.ch<\/title>\n<meta name=\"description\" content=\"Magnesium Bisglycinate von USA medical \u2013 magenvertr\u00e4glich, glutenfrei, 120 mg organisches Magnesium pro Tagesdosis. 60 Kapseln. Jetzt bestellen.\" \/>\n<meta name=\"robots\" content=\"index, follow, max-snippet:-1, max-image-preview:large, max-video-preview:-1\" \/>\n<link rel=\"canonical\" href=\"https:\/\/ecosupplements.ch\/?product=usa-medical-magnesium-bisglycinate-60-capsules\" \/>\n<meta property=\"og:locale\" content=\"de_DE\" \/>\n<meta property=\"og:type\" content=\"article\" \/>\n<meta property=\"og:title\" content=\"Magnesium Bisglycinate 60 Kapseln \u2013 USA medical | ecosupplements.ch\" \/>\n<meta property=\"og:description\" content=\"Magnesium Bisglycinate von USA medical \u2013 magenvertr\u00e4glich, glutenfrei, 120 mg organisches Magnesium pro Tagesdosis. 60 Kapseln. Jetzt bestellen.\" \/>\n<meta property=\"og:url\" content=\"https:\/\/ecosupplements.ch\/?product=usa-medical-magnesium-bisglycinate-60-capsules\" \/>\n<meta property=\"og:site_name\" content=\"Eco Supplements\" \/>\n<meta property=\"article:modified_time\" content=\"2026-05-13T07:27:40+00:00\" \/>\n<meta property=\"og:image\" content=\"https:\/\/ecosupplements.ch\/wp-content\/uploads\/2026\/05\/USA-medical-Magnesium-Bisglycinate-60-Capsules.webp\" \/>\n\t<meta property=\"og:image:width\" content=\"1000\" \/>\n\t<meta property=\"og:image:height\" content=\"1000\" \/>\n\t<meta property=\"og:image:type\" content=\"image\/jpeg\" \/>\n<meta name=\"twitter:card\" content=\"summary_large_image\" \/>\n<meta name=\"twitter:label1\" content=\"Price\" \/>\n\t<meta name=\"twitter:data1\" content=\"&#067;&#072;&#070;&nbsp;11.27\" \/>\n\t<meta name=\"twitter:label2\" content=\"Availability\" \/>\n\t<meta name=\"twitter:data2\" content=\"Out of stock\" \/>\n<script type=\"application\/ld+json\" class=\"yoast-schema-graph\">{\"@context\":\"https:\\\/\\\/schema.org\",\"@graph\":[{\"@type\":\"WebPage\",\"@id\":\"https:\\\/\\\/ecosupplements.ch\\\/?product=usa-medical-magnesium-bisglycinate-60-capsules\",\"url\":\"https:\\\/\\\/ecosupplements.ch\\\/?product=usa-medical-magnesium-bisglycinate-60-capsules\",\"name\":\"Magnesium Bisglycinate 60 Kapseln \u2013 USA medical | ecosupplements.ch\",\"isPartOf\":{\"@id\":\"https:\\\/\\\/ecosupplements.ch\\\/#website\"},\"primaryImageOfPage\":{\"@id\":\"https:\\\/\\\/ecosupplements.ch\\\/?product=usa-medical-magnesium-bisglycinate-60-capsules#primaryimage\"},\"image\":{\"@id\":\"https:\\\/\\\/ecosupplements.ch\\\/?product=usa-medical-magnesium-bisglycinate-60-capsules#primaryimage\"},\"thumbnailUrl\":\"https:\\\/\\\/ecosupplements.ch\\\/wp-content\\\/uploads\\\/2026\\\/05\\\/USA-medical-Magnesium-Bisglycinate-60-Capsules.webp\",\"datePublished\":\"2026-05-11T15:11:33+00:00\",\"dateModified\":\"2026-05-13T07:27:40+00:00\",\"description\":\"Magnesium Bisglycinate von USA medical \u2013 magenvertr\u00e4glich, glutenfrei, 120 mg organisches Magnesium pro Tagesdosis. 60 Kapseln. Jetzt bestellen.\",\"breadcrumb\":{\"@id\":\"https:\\\/\\\/ecosupplements.ch\\\/?product=usa-medical-magnesium-bisglycinate-60-capsules#breadcrumb\"},\"inLanguage\":\"de-CH\",\"potentialAction\":[{\"@type\":\"ReadAction\",\"target\":[\"https:\\\/\\\/ecosupplements.ch\\\/?product=usa-medical-magnesium-bisglycinate-60-capsules\"]}]},{\"@type\":\"ImageObject\",\"inLanguage\":\"de-CH\",\"@id\":\"https:\\\/\\\/ecosupplements.ch\\\/?product=usa-medical-magnesium-bisglycinate-60-capsules#primaryimage\",\"url\":\"https:\\\/\\\/ecosupplements.ch\\\/wp-content\\\/uploads\\\/2026\\\/05\\\/USA-medical-Magnesium-Bisglycinate-60-Capsules.webp\",\"contentUrl\":\"https:\\\/\\\/ecosupplements.ch\\\/wp-content\\\/uploads\\\/2026\\\/05\\\/USA-medical-Magnesium-Bisglycinate-60-Capsules.webp\",\"width\":1000,\"height\":1000,\"caption\":\"USA medical Magnesium Bisglycinate (60 Capsules)\"},{\"@type\":\"BreadcrumbList\",\"@id\":\"https:\\\/\\\/ecosupplements.ch\\\/?product=usa-medical-magnesium-bisglycinate-60-capsules#breadcrumb\",\"itemListElement\":[{\"@type\":\"ListItem\",\"position\":1,\"name\":\"Home\",\"item\":\"https:\\\/\\\/ecosupplements.ch\\\/\"},{\"@type\":\"ListItem\",\"position\":2,\"name\":\"Shop\",\"item\":\"https:\\\/\\\/ecosupplements.ch\\\/?page_id=14\"},{\"@type\":\"ListItem\",\"position\":3,\"name\":\"USA medical Magnesium Bisglycinate (60 Capsules)\"}]},{\"@type\":\"WebSite\",\"@id\":\"https:\\\/\\\/ecosupplements.ch\\\/#website\",\"url\":\"https:\\\/\\\/ecosupplements.ch\\\/\",\"name\":\"Eco Supplements\",\"description\":\"\",\"potentialAction\":[{\"@type\":\"SearchAction\",\"target\":{\"@type\":\"EntryPoint\",\"urlTemplate\":\"https:\\\/\\\/ecosupplements.ch\\\/?s={search_term_string}\"},\"query-input\":{\"@type\":\"PropertyValueSpecification\",\"valueRequired\":true,\"valueName\":\"search_term_string\"}}],\"inLanguage\":\"de-CH\"}]}<\/script>\n<meta property=\"product:price:amount\" content=\"11.27\" \/>\n<meta property=\"product:price:currency\" content=\"CHF\" \/>\n<meta property=\"og:availability\" content=\"out of stock\" \/>\n<meta property=\"product:availability\" content=\"out of stock\" \/>\n<meta property=\"product:retailer_item_id\" content=\"5999861931163\" \/>\n<meta property=\"product:condition\" content=\"new\" \/>\n<!-- \/ Yoast SEO plugin. -->","yoast_head_json":{"title":"Magnesium Bisglycinate 60 Kapseln \u2013 USA medical | ecosupplements.ch","description":"Magnesium Bisglycinate von USA medical \u2013 magenvertr\u00e4glich, glutenfrei, 120 mg organisches Magnesium pro Tagesdosis. 60 Kapseln. Jetzt bestellen.","robots":{"index":"index","follow":"follow","max-snippet":"max-snippet:-1","max-image-preview":"max-image-preview:large","max-video-preview":"max-video-preview:-1"},"canonical":"https:\/\/ecosupplements.ch\/?product=usa-medical-magnesium-bisglycinate-60-capsules","og_locale":"de_DE","og_type":"article","og_title":"Magnesium Bisglycinate 60 Kapseln \u2013 USA medical | ecosupplements.ch","og_description":"Magnesium Bisglycinate von USA medical \u2013 magenvertr\u00e4glich, glutenfrei, 120 mg organisches Magnesium pro Tagesdosis. 60 Kapseln. Jetzt bestellen.","og_url":"https:\/\/ecosupplements.ch\/?product=usa-medical-magnesium-bisglycinate-60-capsules","og_site_name":"Eco Supplements","article_modified_time":"2026-05-13T07:27:40+00:00","og_image":[{"width":1000,"height":1000,"url":"https:\/\/ecosupplements.ch\/wp-content\/uploads\/2026\/05\/USA-medical-Magnesium-Bisglycinate-60-Capsules.webp","type":"image\/jpeg"}],"twitter_card":"summary_large_image","twitter_misc":{"Price":"&#67;&#72;&#70;&nbsp;11.27","Availability":"Out of stock"},"schema":{"@context":"https:\/\/schema.org","@graph":[{"@type":"WebPage","@id":"https:\/\/ecosupplements.ch\/?product=usa-medical-magnesium-bisglycinate-60-capsules","url":"https:\/\/ecosupplements.ch\/?product=usa-medical-magnesium-bisglycinate-60-capsules","name":"Magnesium Bisglycinate 60 Kapseln \u2013 USA medical | ecosupplements.ch","isPartOf":{"@id":"https:\/\/ecosupplements.ch\/#website"},"primaryImageOfPage":{"@id":"https:\/\/ecosupplements.ch\/?product=usa-medical-magnesium-bisglycinate-60-capsules#primaryimage"},"image":{"@id":"https:\/\/ecosupplements.ch\/?product=usa-medical-magnesium-bisglycinate-60-capsules#primaryimage"},"thumbnailUrl":"https:\/\/ecosupplements.ch\/wp-content\/uploads\/2026\/05\/USA-medical-Magnesium-Bisglycinate-60-Capsules.webp","datePublished":"2026-05-11T15:11:33+00:00","dateModified":"2026-05-13T07:27:40+00:00","description":"Magnesium Bisglycinate von USA medical \u2013 magenvertr\u00e4glich, glutenfrei, 120 mg organisches Magnesium pro Tagesdosis. 60 Kapseln. Jetzt bestellen.","breadcrumb":{"@id":"https:\/\/ecosupplements.ch\/?product=usa-medical-magnesium-bisglycinate-60-capsules#breadcrumb"},"inLanguage":"de-CH","potentialAction":[{"@type":"ReadAction","target":["https:\/\/ecosupplements.ch\/?product=usa-medical-magnesium-bisglycinate-60-capsules"]}]},{"@type":"ImageObject","inLanguage":"de-CH","@id":"https:\/\/ecosupplements.ch\/?product=usa-medical-magnesium-bisglycinate-60-capsules#primaryimage","url":"https:\/\/ecosupplements.ch\/wp-content\/uploads\/2026\/05\/USA-medical-Magnesium-Bisglycinate-60-Capsules.webp","contentUrl":"https:\/\/ecosupplements.ch\/wp-content\/uploads\/2026\/05\/USA-medical-Magnesium-Bisglycinate-60-Capsules.webp","width":1000,"height":1000,"caption":"USA medical Magnesium Bisglycinate (60 Capsules)"},{"@type":"BreadcrumbList","@id":"https:\/\/ecosupplements.ch\/?product=usa-medical-magnesium-bisglycinate-60-capsules#breadcrumb","itemListElement":[{"@type":"ListItem","position":1,"name":"Home","item":"https:\/\/ecosupplements.ch\/"},{"@type":"ListItem","position":2,"name":"Shop","item":"https:\/\/ecosupplements.ch\/?page_id=14"},{"@type":"ListItem","position":3,"name":"USA medical Magnesium Bisglycinate (60 Capsules)"}]},{"@type":"WebSite","@id":"https:\/\/ecosupplements.ch\/#website","url":"https:\/\/ecosupplements.ch\/","name":"Eco Supplements","description":"","potentialAction":[{"@type":"SearchAction","target":{"@type":"EntryPoint","urlTemplate":"https:\/\/ecosupplements.ch\/?s={search_term_string}"},"query-input":{"@type":"PropertyValueSpecification","valueRequired":true,"valueName":"search_term_string"}}],"inLanguage":"de-CH"}]},"product_price_amount":"11.27","product_price_currency":"CHF","og_availability":"out of stock","product_availability":"out of stock","product_retailer_item_id":"5999861931163","product_condition":"new"},"_links":{"self":[{"href":"https:\/\/ecosupplements.ch\/index.php?rest_route=\/wp\/v2\/product\/6024","targetHints":{"allow":["GET"]}}],"collection":[{"href":"https:\/\/ecosupplements.ch\/index.php?rest_route=\/wp\/v2\/product"}],"about":[{"href":"https:\/\/ecosupplements.ch\/index.php?rest_route=\/wp\/v2\/types\/product"}],"replies":[{"embeddable":true,"href":"https:\/\/ecosupplements.ch\/index.php?rest_route=%2Fwp%2Fv2%2Fcomments&post=6024"}],"wp:featuredmedia":[{"embeddable":true,"href":"https:\/\/ecosupplements.ch\/index.php?rest_route=\/wp\/v2\/media\/6025"}],"wp:attachment":[{"href":"https:\/\/ecosupplements.ch\/index.php?rest_route=%2Fwp%2Fv2%2Fmedia&parent=6024"}],"wp:term":[{"taxonomy":"product_brand","embeddable":true,"href":"https:\/\/ecosupplements.ch\/index.php?rest_route=%2Fwp%2Fv2%2Fproduct_brand&post=6024"},{"taxonomy":"product_cat","embeddable":true,"href":"https:\/\/ecosupplements.ch\/index.php?rest_route=%2Fwp%2Fv2%2Fproduct_cat&post=6024"},{"taxonomy":"product_tag","embeddable":true,"href":"https:\/\/ecosupplements.ch\/index.php?rest_route=%2Fwp%2Fv2%2Fproduct_tag&post=6024"}],"curies":[{"name":"wp","href":"https:\/\/api.w.org\/{rel}","templated":true}]}}