{"id":6054,"date":"2026-05-11T15:11:48","date_gmt":"2026-05-11T15:11:48","guid":{"rendered":"https:\/\/ecosupplements.ch\/?product=vitabiotics-wellwoman-original-multivitamin-for-women-30-capsules"},"modified":"2026-05-13T07:27:46","modified_gmt":"2026-05-13T07:27:46","slug":"vitabiotics-wellwoman-original-multivitamin-for-women-30-capsules","status":"publish","type":"product","link":"https:\/\/ecosupplements.ch\/?product=vitabiotics-wellwoman-original-multivitamin-for-women-30-capsules","title":{"rendered":"Vitabiotics Wellwoman Original &#8211; Multivitamin For Women (30 Capsules)"},"content":{"rendered":"<div class=\"chcg-product-description\">\n<h2 class=\"chcg-heading\">\u00dcber Vitabiotics \u2013 Wellwoman Original \u2013 Multivitamin F\u00fcr Frauen (30 Kapseln)<\/h2>\n<div class=\"chcg-intro\">\n<p>Wellwoman Original von Vitabiotics ist ein sorgf\u00e4ltig zusammengestelltes Multivitaminpr\u00e4parat, das speziell auf die Bed\u00fcrfnisse erwachsener Frauen ausgerichtet ist. Die Formel kombiniert 24 N\u00e4hrstoffe \u2013 darunter essentielle Vitamine, Mineralstoffe sowie Starflower Oil und Evening Primrose Oil \u2013 in einer praktischen Tageskapsel.<\/p>\n<p>Die Kombination aus Vitaminen der B-Gruppe (B1, B2, B3, B6, B12, Fols\u00e4ure, Biotin und Pantothens\u00e4ure) unterst\u00fctzt den normalen Energiestoffwechsel und tr\u00e4gt zur Verringerung von M\u00fcdigkeit und Ersch\u00f6pfung bei. Vitamin D3, Magnesium und Vitamin K tragen zur normalen Erhaltung der Knochen bei, w\u00e4hrend Vitamin C und Selen zur normalen Funktion des Immunsystems beitragen.<\/p>\n<p>Wellwoman Original ist in der Schweiz ein bew\u00e4hrtes Pr\u00e4parat f\u00fcr Frauen, die ihren Alltag mit einer zuverl\u00e4ssigen N\u00e4hrstoffbasis erg\u00e4nzen m\u00f6chten. Die Kapseln sind einfach in der Anwendung: eine Kapsel t\u00e4glich zur Hauptmahlzeit gen\u00fcgt.<\/p>\n<\/p><\/div>\n<div class=\"chcg-nutrition\">\n<h3>N\u00e4hrwertangaben<\/h3>\n<table class=\"chcg-nutrition-table\">\n<thead>\n<tr>\n<th>N\u00e4hrstoff<\/th>\n<th>Pro Portion (1 Kapsel)<\/th>\n<\/tr>\n<\/thead>\n<tbody>\n<tr>\n<td>Starflower Oil<\/td>\n<td>100 mg*<\/td>\n<\/tr>\n<tr>\n<td>Evening Primrose Oil<\/td>\n<td>100 mg*<\/td>\n<\/tr>\n<tr>\n<td>Vitamin D3 (Cholecalciferol)<\/td>\n<td>5 \u00b5g (200 IU) (100% NRV)<\/td>\n<\/tr>\n<tr>\n<td>Vitamin E<\/td>\n<td>30 mg (250% NRV)<\/td>\n<\/tr>\n<tr>\n<td>Vitamin C (Ascorbins\u00e4ure)<\/td>\n<td>60 mg (75% NRV)<\/td>\n<\/tr>\n<tr>\n<td>Vitamin B1 (Thiamin)<\/td>\n<td>10 mg (909% NRV)<\/td>\n<\/tr>\n<tr>\n<td>Vitamin B2 (Riboflavin)<\/td>\n<td>5 mg (357% NRV)<\/td>\n<\/tr>\n<tr>\n<td>Niacin (Vitamin B3)<\/td>\n<td>36 mg (225% NRV)<\/td>\n<\/tr>\n<tr>\n<td>Vitamin B6<\/td>\n<td>20 mg (1429% NRV)<\/td>\n<\/tr>\n<tr>\n<td>Fols\u00e4ure<\/td>\n<td>400 \u00b5g (200% NRV)<\/td>\n<\/tr>\n<tr>\n<td>Vitamin B12<\/td>\n<td>20 \u00b5g (800% NRV)<\/td>\n<\/tr>\n<tr>\n<td>Biotin<\/td>\n<td>50 \u00b5g (100% NRV)<\/td>\n<\/tr>\n<tr>\n<td>Pantothens\u00e4ure<\/td>\n<td>6 mg (100% NRV)<\/td>\n<\/tr>\n<tr>\n<td>Vitamin K<\/td>\n<td>90 \u00b5g (120% NRV)<\/td>\n<\/tr>\n<tr>\n<td>Betacarotin (Nat\u00fcrliche gemischte Carotinoide)<\/td>\n<td>2 mg*<\/td>\n<\/tr>\n<tr>\n<td>Eisen<\/td>\n<td>12 mg (86% NRV)<\/td>\n<\/tr>\n<tr>\n<td>Magnesium<\/td>\n<td>100 mg (27% NRV)<\/td>\n<\/tr>\n<tr>\n<td>Zink<\/td>\n<td>12 mg (120% NRV)<\/td>\n<\/tr>\n<tr>\n<td>Mangan<\/td>\n<td>2.5 mg (125% NRV)<\/td>\n<\/tr>\n<tr>\n<td>Kupfer<\/td>\n<td>1.5 mg (150% NRV)<\/td>\n<\/tr>\n<tr>\n<td>Selen<\/td>\n<td>100 \u00b5g (182% NRV)<\/td>\n<\/tr>\n<tr>\n<td>Chrom<\/td>\n<td>50 \u00b5g (125% NRV)<\/td>\n<\/tr>\n<tr>\n<td>P.A.B.A. (Para-Aminobenzoes\u00e4ure)<\/td>\n<td>30 mg*<\/td>\n<\/tr>\n<tr>\n<td>Citrus-Bioflavonoide-Komplex<\/td>\n<td>10 mg*<\/td>\n<\/tr>\n<\/tbody>\n<\/table>\n<p class=\"chcg-footnote\">NRV = N\u00e4hrstoffbezugswert (Nutrient Reference Value)<\/p>\n<p class=\"chcg-footnote\">* Kein festgelegter N\u00e4hrstoffbezugswert vorhanden.<\/p>\n<\/p><\/div>\n<div class=\"chcg-ingredients\">\n<h3>Zutaten<\/h3>\n<p>Kapselh\u00fclle (Gelatine pharmazeutischer Qualit\u00e4t [Halal-Rinderquelle], Glycerin, Farbstoff [Eisenoxide], Orangenaroma), Soja\u00f6l (aus Soja), Magnesiumoxid, Evening Primrose Oil, Starflower Oil, Vitamin C (Ascorbins\u00e4ure), Vitamin E (DL-Alpha-Tocopherylacetat), Niacin (als Nicotinamid), Eisen(II)-Fumarat, Zinksulfat, Para-Aminobenzoes\u00e4ure, Lecithin (aus Soja), Citrus-Bioflavonoide, Thiamin (Vitamin B1 als Mononitrat), Aroma: Nat\u00fcrliches Orangen\u00f6l, Vitamin B6 (als HCl), Pantothens\u00e4ure (Calciumsalz), Mangansulfat, Betacarotin (Antioxidationsmittel: DL-Alpha-Tocopherol), Riboflavin (Vitamin B2), Kupfersulfat, Verdickungsmittel: Bienenwachs, Vitamin D3 (Cholecalciferol [Antioxidationsmittel: DL-Alpha-Tocopherol]), Fols\u00e4ure (als Pteroylmonoglutamins\u00e4ure), Chromtrichlorid, Selen (Natriumselenit), Vitamin K, Biotin, Vitamin B12 (als Cyanocobalamin).<\/p>\n<p class=\"chcg-capsule-shell\">Kapselh\u00fclle: Gelatine pharmazeutischer Qualit\u00e4t (Halal-Rinderquelle), Glycerin, Farbstoff (Eisenoxide), Orangenaroma.<\/p>\n<\/p><\/div>\n<div class=\"chcg-dosage\">\n<h3>Verzehrempfehlung<\/h3>\n<p>Eine Kapsel t\u00e4glich zur Hauptmahlzeit einnehmen. Mit Wasser oder einem kalten Getr\u00e4nk schlucken. Nicht kauen. Die empfohlene Tagesmenge nicht \u00fcberschreiten. Auf vollem Magen einnehmen. Nicht f\u00fcr Kinder geeignet.<\/p>\n<\/p><\/div>\n<div class=\"chcg-warnings\">\n<h3>Warnhinweise<\/h3>\n<p>Nahrungserg\u00e4nzungsmittel sind kein Ersatz f\u00fcr eine abwechslungsreiche und ausgewogene Ern\u00e4hrung und eine gesunde Lebensweise. Wie bei anderen Nahrungserg\u00e4nzungsmitteln sollten Sie vor der Einnahme Ihren Arzt oder Apotheker konsultieren, wenn Sie unter \u00e4rztlicher Aufsicht stehen, schwanger sind, stillen, an Epilepsie oder H\u00e4mochromatose leiden, Lebensmittelallergien haben oder gegen einen der Inhaltsstoffe allergisch sind. Nicht f\u00fcr Kinder geeignet. Dieses Produkt enth\u00e4lt Vitamin K \u2013 Personen, die Antikoagulantien (Blutverd\u00fcnner) einnehmen, d\u00fcrfen dieses Produkt nur auf \u00e4rztlichen Rat hin verwenden. Dieses Produkt enth\u00e4lt Eisen, das bei \u00fcberm\u00e4ssiger Einnahme f\u00fcr Kleinkinder sch\u00e4dlich sein kann. Bei \u00dcberdosierung sofort \u00e4rztlichen Rat einholen.<\/p>\n<\/p><\/div>\n<div class=\"chcg-allergens\">\n<h3>Allergeninformationen<\/h3>\n<p>Enth\u00e4lt Soja. Hergestellt in einem Betrieb, in dem m\u00f6glicherweise N\u00fcsse verarbeitet werden. Allergene: Siehe fettgedruckte Zutaten auf der Unterseite der Verpackung.<\/p>\n<\/p><\/div>\n<div class=\"chcg-storage\">\n<h3>Lagerung<\/h3>\n<p>Unterhalb von 25 \u00b0C an einem trockenen Ort lagern. Ausserhalb der Sicht- und Reichweite von Kindern aufbewahren.<\/p>\n<\/p><\/div>\n<div class=\"chcg-dietary\">\n<h3>Ern\u00e4hrungshinweise<\/h3>\n<ul>\n<li>Glutenfrei<\/li>\n<\/ul><\/div>\n<\/div>\n","protected":false},"excerpt":{"rendered":"<p>Wellwoman Original von Vitabiotics ist ein umfassendes Multivitaminpr\u00e4parat f\u00fcr Frauen mit 24 N\u00e4hrstoffen, darunter Vitamine, Mineralstoffe sowie Starflower Oil und Evening Primrose Oil. Eine Kapsel t\u00e4glich \u2013 f\u00fcr 30 Tage. Jetzt bestellen.<\/p>\n","protected":false},"featured_media":6055,"comment_status":"closed","ping_status":"open","template":"","meta":[],"product_brand":[481],"product_cat":[48],"product_tag":[],"class_list":{"0":"post-6054","1":"product","2":"type-product","3":"status-publish","4":"has-post-thumbnail","6":"product_brand-vitabiotics","7":"product_cat-gesunde-ernaehrung","9":"first","10":"outofstock","11":"taxable","12":"shipping-taxable","13":"purchasable","14":"product-type-simple"},"yoast_head":"<!-- This site is optimized with the Yoast SEO plugin v27.5 - https:\/\/yoast.com\/product\/yoast-seo-wordpress\/ -->\n<title>Wellwoman Original Multivitamin \u2013 Vitabiotics | ecosupplements.ch<\/title>\n<meta name=\"description\" content=\"Wellwoman Original liefert 24 N\u00e4hrstoffe speziell f\u00fcr Frauen \u2013 praktisch als Tageskapsel, 30 St\u00fcck. Jetzt bestellen.\" \/>\n<meta name=\"robots\" content=\"index, follow, max-snippet:-1, max-image-preview:large, max-video-preview:-1\" \/>\n<link rel=\"canonical\" href=\"https:\/\/ecosupplements.ch\/?product=vitabiotics-wellwoman-original-multivitamin-for-women-30-capsules\" \/>\n<meta property=\"og:locale\" content=\"de_DE\" \/>\n<meta property=\"og:type\" content=\"article\" \/>\n<meta property=\"og:title\" content=\"Wellwoman Original Multivitamin \u2013 Vitabiotics | ecosupplements.ch\" \/>\n<meta property=\"og:description\" content=\"Wellwoman Original liefert 24 N\u00e4hrstoffe speziell f\u00fcr Frauen \u2013 praktisch als Tageskapsel, 30 St\u00fcck. Jetzt bestellen.\" \/>\n<meta property=\"og:url\" content=\"https:\/\/ecosupplements.ch\/?product=vitabiotics-wellwoman-original-multivitamin-for-women-30-capsules\" \/>\n<meta property=\"og:site_name\" content=\"Eco Supplements\" \/>\n<meta property=\"article:modified_time\" content=\"2026-05-13T07:27:46+00:00\" \/>\n<meta property=\"og:image\" content=\"https:\/\/ecosupplements.ch\/wp-content\/uploads\/2026\/05\/Vitabiotics-Wellwoman-Original-Multivitamin-For-Women-30-Capsules.webp\" \/>\n\t<meta property=\"og:image:width\" content=\"1000\" \/>\n\t<meta property=\"og:image:height\" content=\"1000\" \/>\n\t<meta property=\"og:image:type\" content=\"image\/jpeg\" \/>\n<meta name=\"twitter:card\" content=\"summary_large_image\" \/>\n<meta name=\"twitter:label1\" content=\"Price\" \/>\n\t<meta name=\"twitter:data1\" content=\"&#067;&#072;&#070;&nbsp;9.33\" \/>\n\t<meta name=\"twitter:label2\" content=\"Availability\" \/>\n\t<meta name=\"twitter:data2\" content=\"Out of stock\" \/>\n<script type=\"application\/ld+json\" class=\"yoast-schema-graph\">{\"@context\":\"https:\\\/\\\/schema.org\",\"@graph\":[{\"@type\":\"WebPage\",\"@id\":\"https:\\\/\\\/ecosupplements.ch\\\/?product=vitabiotics-wellwoman-original-multivitamin-for-women-30-capsules\",\"url\":\"https:\\\/\\\/ecosupplements.ch\\\/?product=vitabiotics-wellwoman-original-multivitamin-for-women-30-capsules\",\"name\":\"Wellwoman Original Multivitamin \u2013 Vitabiotics | ecosupplements.ch\",\"isPartOf\":{\"@id\":\"https:\\\/\\\/ecosupplements.ch\\\/#website\"},\"primaryImageOfPage\":{\"@id\":\"https:\\\/\\\/ecosupplements.ch\\\/?product=vitabiotics-wellwoman-original-multivitamin-for-women-30-capsules#primaryimage\"},\"image\":{\"@id\":\"https:\\\/\\\/ecosupplements.ch\\\/?product=vitabiotics-wellwoman-original-multivitamin-for-women-30-capsules#primaryimage\"},\"thumbnailUrl\":\"https:\\\/\\\/ecosupplements.ch\\\/wp-content\\\/uploads\\\/2026\\\/05\\\/Vitabiotics-Wellwoman-Original-Multivitamin-For-Women-30-Capsules.webp\",\"datePublished\":\"2026-05-11T15:11:48+00:00\",\"dateModified\":\"2026-05-13T07:27:46+00:00\",\"description\":\"Wellwoman Original liefert 24 N\u00e4hrstoffe speziell f\u00fcr Frauen \u2013 praktisch als Tageskapsel, 30 St\u00fcck. Jetzt bestellen.\",\"breadcrumb\":{\"@id\":\"https:\\\/\\\/ecosupplements.ch\\\/?product=vitabiotics-wellwoman-original-multivitamin-for-women-30-capsules#breadcrumb\"},\"inLanguage\":\"de-CH\",\"potentialAction\":[{\"@type\":\"ReadAction\",\"target\":[\"https:\\\/\\\/ecosupplements.ch\\\/?product=vitabiotics-wellwoman-original-multivitamin-for-women-30-capsules\"]}]},{\"@type\":\"ImageObject\",\"inLanguage\":\"de-CH\",\"@id\":\"https:\\\/\\\/ecosupplements.ch\\\/?product=vitabiotics-wellwoman-original-multivitamin-for-women-30-capsules#primaryimage\",\"url\":\"https:\\\/\\\/ecosupplements.ch\\\/wp-content\\\/uploads\\\/2026\\\/05\\\/Vitabiotics-Wellwoman-Original-Multivitamin-For-Women-30-Capsules.webp\",\"contentUrl\":\"https:\\\/\\\/ecosupplements.ch\\\/wp-content\\\/uploads\\\/2026\\\/05\\\/Vitabiotics-Wellwoman-Original-Multivitamin-For-Women-30-Capsules.webp\",\"width\":1000,\"height\":1000,\"caption\":\"Vitabiotics Wellwoman Original - Multivitamin For Women (30 Capsules)\"},{\"@type\":\"BreadcrumbList\",\"@id\":\"https:\\\/\\\/ecosupplements.ch\\\/?product=vitabiotics-wellwoman-original-multivitamin-for-women-30-capsules#breadcrumb\",\"itemListElement\":[{\"@type\":\"ListItem\",\"position\":1,\"name\":\"Home\",\"item\":\"https:\\\/\\\/ecosupplements.ch\\\/\"},{\"@type\":\"ListItem\",\"position\":2,\"name\":\"Shop\",\"item\":\"https:\\\/\\\/ecosupplements.ch\\\/?page_id=14\"},{\"@type\":\"ListItem\",\"position\":3,\"name\":\"Vitabiotics Wellwoman Original &#8211; Multivitamin For Women (30 Capsules)\"}]},{\"@type\":\"WebSite\",\"@id\":\"https:\\\/\\\/ecosupplements.ch\\\/#website\",\"url\":\"https:\\\/\\\/ecosupplements.ch\\\/\",\"name\":\"Eco Supplements\",\"description\":\"\",\"potentialAction\":[{\"@type\":\"SearchAction\",\"target\":{\"@type\":\"EntryPoint\",\"urlTemplate\":\"https:\\\/\\\/ecosupplements.ch\\\/?s={search_term_string}\"},\"query-input\":{\"@type\":\"PropertyValueSpecification\",\"valueRequired\":true,\"valueName\":\"search_term_string\"}}],\"inLanguage\":\"de-CH\"}]}<\/script>\n<meta property=\"product:price:amount\" content=\"9.33\" \/>\n<meta property=\"product:price:currency\" content=\"CHF\" \/>\n<meta property=\"og:availability\" content=\"out of stock\" \/>\n<meta property=\"product:availability\" content=\"out of stock\" \/>\n<meta property=\"product:retailer_item_id\" content=\"5021265222001\" \/>\n<meta property=\"product:condition\" content=\"new\" \/>\n<!-- \/ Yoast SEO plugin. -->","yoast_head_json":{"title":"Wellwoman Original Multivitamin \u2013 Vitabiotics | ecosupplements.ch","description":"Wellwoman Original liefert 24 N\u00e4hrstoffe speziell f\u00fcr Frauen \u2013 praktisch als Tageskapsel, 30 St\u00fcck. Jetzt bestellen.","robots":{"index":"index","follow":"follow","max-snippet":"max-snippet:-1","max-image-preview":"max-image-preview:large","max-video-preview":"max-video-preview:-1"},"canonical":"https:\/\/ecosupplements.ch\/?product=vitabiotics-wellwoman-original-multivitamin-for-women-30-capsules","og_locale":"de_DE","og_type":"article","og_title":"Wellwoman Original Multivitamin \u2013 Vitabiotics | ecosupplements.ch","og_description":"Wellwoman Original liefert 24 N\u00e4hrstoffe speziell f\u00fcr Frauen \u2013 praktisch als Tageskapsel, 30 St\u00fcck. Jetzt bestellen.","og_url":"https:\/\/ecosupplements.ch\/?product=vitabiotics-wellwoman-original-multivitamin-for-women-30-capsules","og_site_name":"Eco Supplements","article_modified_time":"2026-05-13T07:27:46+00:00","og_image":[{"width":1000,"height":1000,"url":"https:\/\/ecosupplements.ch\/wp-content\/uploads\/2026\/05\/Vitabiotics-Wellwoman-Original-Multivitamin-For-Women-30-Capsules.webp","type":"image\/jpeg"}],"twitter_card":"summary_large_image","twitter_misc":{"Price":"&#67;&#72;&#70;&nbsp;9.33","Availability":"Out of stock"},"schema":{"@context":"https:\/\/schema.org","@graph":[{"@type":"WebPage","@id":"https:\/\/ecosupplements.ch\/?product=vitabiotics-wellwoman-original-multivitamin-for-women-30-capsules","url":"https:\/\/ecosupplements.ch\/?product=vitabiotics-wellwoman-original-multivitamin-for-women-30-capsules","name":"Wellwoman Original Multivitamin \u2013 Vitabiotics | ecosupplements.ch","isPartOf":{"@id":"https:\/\/ecosupplements.ch\/#website"},"primaryImageOfPage":{"@id":"https:\/\/ecosupplements.ch\/?product=vitabiotics-wellwoman-original-multivitamin-for-women-30-capsules#primaryimage"},"image":{"@id":"https:\/\/ecosupplements.ch\/?product=vitabiotics-wellwoman-original-multivitamin-for-women-30-capsules#primaryimage"},"thumbnailUrl":"https:\/\/ecosupplements.ch\/wp-content\/uploads\/2026\/05\/Vitabiotics-Wellwoman-Original-Multivitamin-For-Women-30-Capsules.webp","datePublished":"2026-05-11T15:11:48+00:00","dateModified":"2026-05-13T07:27:46+00:00","description":"Wellwoman Original liefert 24 N\u00e4hrstoffe speziell f\u00fcr Frauen \u2013 praktisch als Tageskapsel, 30 St\u00fcck. Jetzt bestellen.","breadcrumb":{"@id":"https:\/\/ecosupplements.ch\/?product=vitabiotics-wellwoman-original-multivitamin-for-women-30-capsules#breadcrumb"},"inLanguage":"de-CH","potentialAction":[{"@type":"ReadAction","target":["https:\/\/ecosupplements.ch\/?product=vitabiotics-wellwoman-original-multivitamin-for-women-30-capsules"]}]},{"@type":"ImageObject","inLanguage":"de-CH","@id":"https:\/\/ecosupplements.ch\/?product=vitabiotics-wellwoman-original-multivitamin-for-women-30-capsules#primaryimage","url":"https:\/\/ecosupplements.ch\/wp-content\/uploads\/2026\/05\/Vitabiotics-Wellwoman-Original-Multivitamin-For-Women-30-Capsules.webp","contentUrl":"https:\/\/ecosupplements.ch\/wp-content\/uploads\/2026\/05\/Vitabiotics-Wellwoman-Original-Multivitamin-For-Women-30-Capsules.webp","width":1000,"height":1000,"caption":"Vitabiotics Wellwoman Original - Multivitamin For Women (30 Capsules)"},{"@type":"BreadcrumbList","@id":"https:\/\/ecosupplements.ch\/?product=vitabiotics-wellwoman-original-multivitamin-for-women-30-capsules#breadcrumb","itemListElement":[{"@type":"ListItem","position":1,"name":"Home","item":"https:\/\/ecosupplements.ch\/"},{"@type":"ListItem","position":2,"name":"Shop","item":"https:\/\/ecosupplements.ch\/?page_id=14"},{"@type":"ListItem","position":3,"name":"Vitabiotics Wellwoman Original &#8211; Multivitamin For Women (30 Capsules)"}]},{"@type":"WebSite","@id":"https:\/\/ecosupplements.ch\/#website","url":"https:\/\/ecosupplements.ch\/","name":"Eco Supplements","description":"","potentialAction":[{"@type":"SearchAction","target":{"@type":"EntryPoint","urlTemplate":"https:\/\/ecosupplements.ch\/?s={search_term_string}"},"query-input":{"@type":"PropertyValueSpecification","valueRequired":true,"valueName":"search_term_string"}}],"inLanguage":"de-CH"}]},"product_price_amount":"9.33","product_price_currency":"CHF","og_availability":"out of stock","product_availability":"out of stock","product_retailer_item_id":"5021265222001","product_condition":"new"},"_links":{"self":[{"href":"https:\/\/ecosupplements.ch\/index.php?rest_route=\/wp\/v2\/product\/6054","targetHints":{"allow":["GET"]}}],"collection":[{"href":"https:\/\/ecosupplements.ch\/index.php?rest_route=\/wp\/v2\/product"}],"about":[{"href":"https:\/\/ecosupplements.ch\/index.php?rest_route=\/wp\/v2\/types\/product"}],"replies":[{"embeddable":true,"href":"https:\/\/ecosupplements.ch\/index.php?rest_route=%2Fwp%2Fv2%2Fcomments&post=6054"}],"wp:featuredmedia":[{"embeddable":true,"href":"https:\/\/ecosupplements.ch\/index.php?rest_route=\/wp\/v2\/media\/6055"}],"wp:attachment":[{"href":"https:\/\/ecosupplements.ch\/index.php?rest_route=%2Fwp%2Fv2%2Fmedia&parent=6054"}],"wp:term":[{"taxonomy":"product_brand","embeddable":true,"href":"https:\/\/ecosupplements.ch\/index.php?rest_route=%2Fwp%2Fv2%2Fproduct_brand&post=6054"},{"taxonomy":"product_cat","embeddable":true,"href":"https:\/\/ecosupplements.ch\/index.php?rest_route=%2Fwp%2Fv2%2Fproduct_cat&post=6054"},{"taxonomy":"product_tag","embeddable":true,"href":"https:\/\/ecosupplements.ch\/index.php?rest_route=%2Fwp%2Fv2%2Fproduct_tag&post=6054"}],"curies":[{"name":"wp","href":"https:\/\/api.w.org\/{rel}","templated":true}]}}