{"id":6135,"date":"2026-05-11T15:12:29","date_gmt":"2026-05-11T15:12:29","guid":{"rendered":"https:\/\/ecosupplements.ch\/?product=vital-proteins-collagen-peptides-576-g-unflavored"},"modified":"2026-05-13T07:24:19","modified_gmt":"2026-05-13T07:24:19","slug":"vital-proteins-collagen-peptides-576-g-unflavored","status":"publish","type":"product","link":"https:\/\/ecosupplements.ch\/?product=vital-proteins-collagen-peptides-576-g-unflavored","title":{"rendered":"Vital Proteins Collagen Peptides (576 g, Unflavored)"},"content":{"rendered":"<div class=\"chcg-product-description\">\n<h2 class=\"chcg-heading\">\u00dcber Vital Proteins \u2013 Collagen Peptides (576 g, Unflavored)<\/h2>\n<div class=\"chcg-intro\">\n<p>Die Vital Proteins Collagen Peptides sind ein hochwertiges Kollagenpulver aus Rinderhaut, das sich einfach in den Alltag integrieren l\u00e4sst. Pro Portion liefert das Pulver 20 g Kollagenpeptide sowie 18 g Protein \u2013 ideal als Erg\u00e4nzung zu einer ausgewogenen Ern\u00e4hrung. Das Pulver ist geschmacksneutral (unflavored) und l\u00e4sst sich problemlos in heissen oder kalten Getr\u00e4nken sowie in Speisen einr\u00fchren.<\/p>\n<p>Kollagen ist das am h\u00e4ufigsten vorkommende Protein im menschlichen K\u00f6rper und ein wichtiger Bestandteil von Haut, Knochen, Sehnen und Knorpel. Die Peptidform von Vital Proteins zeichnet sich durch eine gute L\u00f6slichkeit und schnelle Aufnahme aus. Das Produkt enth\u00e4lt keine k\u00fcnstlichen Zusatzstoffe und besteht aus einem einzigen, klar definierten Rohstoff.<\/p>\n<p>Mit rund 28 Portionen pro Packung (576 g) bietet dieses Produkt einen praktischen Vorrat f\u00fcr knapp einen Monat bei t\u00e4glicher Anwendung. Es ist glutenfrei und laktosefrei, was es f\u00fcr Menschen mit entsprechenden Unvertr\u00e4glichkeiten geeignet macht.<\/p>\n<\/p><\/div>\n<div class=\"chcg-nutrition\">\n<h3>N\u00e4hrwertangaben<\/h3>\n<table class=\"chcg-nutrition-table\">\n<thead>\n<tr>\n<th>N\u00e4hrstoff<\/th>\n<th>Pro Portion (20 g)<\/th>\n<\/tr>\n<\/thead>\n<tbody>\n<tr>\n<td>Brennwert<\/td>\n<td>70 kcal<\/td>\n<\/tr>\n<tr>\n<td>Fett, gesamt<\/td>\n<td>0 g<\/td>\n<\/tr>\n<tr>\n<td>Kohlenhydrate, gesamt<\/td>\n<td>0 g<\/td>\n<\/tr>\n<tr>\n<td>\u2013 davon Zucker<\/td>\n<td>0 g<\/td>\n<\/tr>\n<tr>\n<td>Protein<\/td>\n<td>18 g<\/td>\n<\/tr>\n<tr>\n<td>Kollagenpeptide<\/td>\n<td>20 g*<\/td>\n<\/tr>\n<\/tbody>\n<\/table>\n<p class=\"chcg-footnote\">* Kein festgelegter Tagesreferenzwert vorhanden.<\/p>\n<p class=\"chcg-footnote\">Portionsgr\u00f6sse: 4 geh\u00e4ufte EL (20 g) | Ca. 28 Portionen pro Packung (basierend auf 567 g Referenzgr\u00f6sse).<\/p>\n<\/p><\/div>\n<div class=\"chcg-ingredients\">\n<h3>Zutaten<\/h3>\n<p>Kollagenpeptide aus Rinderhaut<\/p>\n<\/p><\/div>\n<div class=\"chcg-dosage\">\n<h3>Verzehrempfehlung<\/h3>\n<p>T\u00e4glich 4 gestrichene Essl\u00f6ffel (20 g) verwenden \u2013 entweder auf einmal oder \u00fcber den Tag verteilt. Gut in ein Lieblingsgericht oder -getr\u00e4nk einr\u00fchren.<\/p>\n<\/p><\/div>\n<div class=\"chcg-warnings\">\n<h3>Warnhinweise<\/h3>\n<p>Wenn Sie schwanger sind, stillen oder an einer Erkrankung leiden, konsultieren Sie vor der Einnahme Ihren Arzt. Nicht verwenden, wenn das Sicherheitssiegel besch\u00e4digt oder nicht vorhanden ist. Dieses Produkt nur als Nahrungserg\u00e4nzungsmittel verwenden. Nicht zur Gewichtsreduktion einsetzen. Kollagen ist kein vollst\u00e4ndiges Protein. Nicht als Ersatz f\u00fcr Nahrungsprotein verwenden.<\/p>\n<\/p><\/div>\n<div class=\"chcg-allergens\">\n<h3>Allergeninformationen<\/h3>\n<p>Dieses Produkt wird in einem Betrieb hergestellt, der auch Milch, Fisch und Schalenfr\u00fcchte verarbeitet. Enth\u00e4lt kein Gluten und keine Milchprodukte.<\/p>\n<\/p><\/div>\n<div class=\"chcg-storage\">\n<h3>Lagerung<\/h3>\n<p>An einem k\u00fchlen, trockenen Ort lagern.<\/p>\n<\/p><\/div>\n<div class=\"chcg-dietary\">\n<h3>Ern\u00e4hrungshinweise<\/h3>\n<ul>\n<li>Glutenfrei<\/li>\n<li>Laktosefrei<\/li>\n<\/ul><\/div>\n<\/div>\n","protected":false},"excerpt":{"rendered":"<p>Vital Proteins Collagen Peptides liefern 20 g Kollagenpeptide pro Portion als geschmacksneutrales Pulver. Die 576-g-Packung ergibt ca. 28 Portionen und l\u00e4sst sich einfach in Getr\u00e4nke oder Speisen einr\u00fchren. Glutenfrei und laktosefrei.<\/p>\n","protected":false},"featured_media":6136,"comment_status":"closed","ping_status":"open","template":"","meta":[],"product_brand":[231],"product_cat":[48,25,80,134],"product_tag":[],"class_list":{"0":"post-6135","1":"product","2":"type-product","3":"status-publish","4":"has-post-thumbnail","6":"product_brand-vital-proteins","7":"product_cat-gesunde-ernaehrung","8":"product_cat-gesundheit-und-wohlbefinden","9":"product_cat-kollagen","10":"product_cat-schoenheit","12":"first","13":"outofstock","14":"taxable","15":"shipping-taxable","16":"purchasable","17":"product-type-simple"},"yoast_head":"<!-- This site is optimized with the Yoast SEO plugin v27.5 - https:\/\/yoast.com\/product\/yoast-seo-wordpress\/ -->\n<title>Collagen Peptides Pulver 576 g \u2013 Vital Proteins | ecosupplements.ch<\/title>\n<meta name=\"description\" content=\"Vital Proteins Collagen Peptides \u2013 20 g Kollagenpeptide pro Portion, geschmacksneutrales Pulver, glutenfrei, ca. 28 Portionen. Jetzt bestellen.\" \/>\n<meta name=\"robots\" content=\"index, follow, max-snippet:-1, max-image-preview:large, max-video-preview:-1\" \/>\n<link rel=\"canonical\" href=\"https:\/\/ecosupplements.ch\/?product=vital-proteins-collagen-peptides-576-g-unflavored\" \/>\n<meta property=\"og:locale\" content=\"de_DE\" \/>\n<meta property=\"og:type\" content=\"article\" \/>\n<meta property=\"og:title\" content=\"Collagen Peptides Pulver 576 g \u2013 Vital Proteins | ecosupplements.ch\" \/>\n<meta property=\"og:description\" content=\"Vital Proteins Collagen Peptides \u2013 20 g Kollagenpeptide pro Portion, geschmacksneutrales Pulver, glutenfrei, ca. 28 Portionen. Jetzt bestellen.\" \/>\n<meta property=\"og:url\" content=\"https:\/\/ecosupplements.ch\/?product=vital-proteins-collagen-peptides-576-g-unflavored\" \/>\n<meta property=\"og:site_name\" content=\"Eco Supplements\" \/>\n<meta property=\"article:modified_time\" content=\"2026-05-13T07:24:19+00:00\" \/>\n<meta property=\"og:image\" content=\"https:\/\/ecosupplements.ch\/wp-content\/uploads\/2026\/05\/Vital-Proteins-Collagen-Peptides-576-g-Unflavored.webp\" \/>\n\t<meta property=\"og:image:width\" content=\"1000\" \/>\n\t<meta property=\"og:image:height\" content=\"1000\" \/>\n\t<meta property=\"og:image:type\" content=\"image\/jpeg\" \/>\n<meta name=\"twitter:card\" content=\"summary_large_image\" \/>\n<meta name=\"twitter:label1\" content=\"Price\" \/>\n\t<meta name=\"twitter:data1\" content=\"&#067;&#072;&#070;&nbsp;64.87\" \/>\n\t<meta name=\"twitter:label2\" content=\"Availability\" \/>\n\t<meta name=\"twitter:data2\" content=\"Out of stock\" \/>\n<script type=\"application\/ld+json\" class=\"yoast-schema-graph\">{\"@context\":\"https:\\\/\\\/schema.org\",\"@graph\":[{\"@type\":\"WebPage\",\"@id\":\"https:\\\/\\\/ecosupplements.ch\\\/?product=vital-proteins-collagen-peptides-576-g-unflavored\",\"url\":\"https:\\\/\\\/ecosupplements.ch\\\/?product=vital-proteins-collagen-peptides-576-g-unflavored\",\"name\":\"Collagen Peptides Pulver 576 g \u2013 Vital Proteins | ecosupplements.ch\",\"isPartOf\":{\"@id\":\"https:\\\/\\\/ecosupplements.ch\\\/#website\"},\"primaryImageOfPage\":{\"@id\":\"https:\\\/\\\/ecosupplements.ch\\\/?product=vital-proteins-collagen-peptides-576-g-unflavored#primaryimage\"},\"image\":{\"@id\":\"https:\\\/\\\/ecosupplements.ch\\\/?product=vital-proteins-collagen-peptides-576-g-unflavored#primaryimage\"},\"thumbnailUrl\":\"https:\\\/\\\/ecosupplements.ch\\\/wp-content\\\/uploads\\\/2026\\\/05\\\/Vital-Proteins-Collagen-Peptides-576-g-Unflavored.webp\",\"datePublished\":\"2026-05-11T15:12:29+00:00\",\"dateModified\":\"2026-05-13T07:24:19+00:00\",\"description\":\"Vital Proteins Collagen Peptides \u2013 20 g Kollagenpeptide pro Portion, geschmacksneutrales Pulver, glutenfrei, ca. 28 Portionen. Jetzt bestellen.\",\"breadcrumb\":{\"@id\":\"https:\\\/\\\/ecosupplements.ch\\\/?product=vital-proteins-collagen-peptides-576-g-unflavored#breadcrumb\"},\"inLanguage\":\"de-CH\",\"potentialAction\":[{\"@type\":\"ReadAction\",\"target\":[\"https:\\\/\\\/ecosupplements.ch\\\/?product=vital-proteins-collagen-peptides-576-g-unflavored\"]}]},{\"@type\":\"ImageObject\",\"inLanguage\":\"de-CH\",\"@id\":\"https:\\\/\\\/ecosupplements.ch\\\/?product=vital-proteins-collagen-peptides-576-g-unflavored#primaryimage\",\"url\":\"https:\\\/\\\/ecosupplements.ch\\\/wp-content\\\/uploads\\\/2026\\\/05\\\/Vital-Proteins-Collagen-Peptides-576-g-Unflavored.webp\",\"contentUrl\":\"https:\\\/\\\/ecosupplements.ch\\\/wp-content\\\/uploads\\\/2026\\\/05\\\/Vital-Proteins-Collagen-Peptides-576-g-Unflavored.webp\",\"width\":1000,\"height\":1000,\"caption\":\"Vital Proteins Collagen Peptides (576 g\"},{\"@type\":\"BreadcrumbList\",\"@id\":\"https:\\\/\\\/ecosupplements.ch\\\/?product=vital-proteins-collagen-peptides-576-g-unflavored#breadcrumb\",\"itemListElement\":[{\"@type\":\"ListItem\",\"position\":1,\"name\":\"Home\",\"item\":\"https:\\\/\\\/ecosupplements.ch\\\/\"},{\"@type\":\"ListItem\",\"position\":2,\"name\":\"Shop\",\"item\":\"https:\\\/\\\/ecosupplements.ch\\\/?page_id=14\"},{\"@type\":\"ListItem\",\"position\":3,\"name\":\"Vital Proteins Collagen Peptides (576 g, Unflavored)\"}]},{\"@type\":\"WebSite\",\"@id\":\"https:\\\/\\\/ecosupplements.ch\\\/#website\",\"url\":\"https:\\\/\\\/ecosupplements.ch\\\/\",\"name\":\"Eco Supplements\",\"description\":\"\",\"potentialAction\":[{\"@type\":\"SearchAction\",\"target\":{\"@type\":\"EntryPoint\",\"urlTemplate\":\"https:\\\/\\\/ecosupplements.ch\\\/?s={search_term_string}\"},\"query-input\":{\"@type\":\"PropertyValueSpecification\",\"valueRequired\":true,\"valueName\":\"search_term_string\"}}],\"inLanguage\":\"de-CH\"}]}<\/script>\n<meta property=\"product:price:amount\" content=\"64.87\" \/>\n<meta property=\"product:price:currency\" content=\"CHF\" \/>\n<meta property=\"og:availability\" content=\"out of stock\" \/>\n<meta property=\"product:availability\" content=\"out of stock\" \/>\n<meta property=\"product:retailer_item_id\" content=\"850005892007\" \/>\n<meta property=\"product:condition\" content=\"new\" \/>\n<!-- \/ Yoast SEO plugin. -->","yoast_head_json":{"title":"Collagen Peptides Pulver 576 g \u2013 Vital Proteins | ecosupplements.ch","description":"Vital Proteins Collagen Peptides \u2013 20 g Kollagenpeptide pro Portion, geschmacksneutrales Pulver, glutenfrei, ca. 28 Portionen. Jetzt bestellen.","robots":{"index":"index","follow":"follow","max-snippet":"max-snippet:-1","max-image-preview":"max-image-preview:large","max-video-preview":"max-video-preview:-1"},"canonical":"https:\/\/ecosupplements.ch\/?product=vital-proteins-collagen-peptides-576-g-unflavored","og_locale":"de_DE","og_type":"article","og_title":"Collagen Peptides Pulver 576 g \u2013 Vital Proteins | ecosupplements.ch","og_description":"Vital Proteins Collagen Peptides \u2013 20 g Kollagenpeptide pro Portion, geschmacksneutrales Pulver, glutenfrei, ca. 28 Portionen. Jetzt bestellen.","og_url":"https:\/\/ecosupplements.ch\/?product=vital-proteins-collagen-peptides-576-g-unflavored","og_site_name":"Eco Supplements","article_modified_time":"2026-05-13T07:24:19+00:00","og_image":[{"width":1000,"height":1000,"url":"https:\/\/ecosupplements.ch\/wp-content\/uploads\/2026\/05\/Vital-Proteins-Collagen-Peptides-576-g-Unflavored.webp","type":"image\/jpeg"}],"twitter_card":"summary_large_image","twitter_misc":{"Price":"&#67;&#72;&#70;&nbsp;64.87","Availability":"Out of stock"},"schema":{"@context":"https:\/\/schema.org","@graph":[{"@type":"WebPage","@id":"https:\/\/ecosupplements.ch\/?product=vital-proteins-collagen-peptides-576-g-unflavored","url":"https:\/\/ecosupplements.ch\/?product=vital-proteins-collagen-peptides-576-g-unflavored","name":"Collagen Peptides Pulver 576 g \u2013 Vital Proteins | ecosupplements.ch","isPartOf":{"@id":"https:\/\/ecosupplements.ch\/#website"},"primaryImageOfPage":{"@id":"https:\/\/ecosupplements.ch\/?product=vital-proteins-collagen-peptides-576-g-unflavored#primaryimage"},"image":{"@id":"https:\/\/ecosupplements.ch\/?product=vital-proteins-collagen-peptides-576-g-unflavored#primaryimage"},"thumbnailUrl":"https:\/\/ecosupplements.ch\/wp-content\/uploads\/2026\/05\/Vital-Proteins-Collagen-Peptides-576-g-Unflavored.webp","datePublished":"2026-05-11T15:12:29+00:00","dateModified":"2026-05-13T07:24:19+00:00","description":"Vital Proteins Collagen Peptides \u2013 20 g Kollagenpeptide pro Portion, geschmacksneutrales Pulver, glutenfrei, ca. 28 Portionen. Jetzt bestellen.","breadcrumb":{"@id":"https:\/\/ecosupplements.ch\/?product=vital-proteins-collagen-peptides-576-g-unflavored#breadcrumb"},"inLanguage":"de-CH","potentialAction":[{"@type":"ReadAction","target":["https:\/\/ecosupplements.ch\/?product=vital-proteins-collagen-peptides-576-g-unflavored"]}]},{"@type":"ImageObject","inLanguage":"de-CH","@id":"https:\/\/ecosupplements.ch\/?product=vital-proteins-collagen-peptides-576-g-unflavored#primaryimage","url":"https:\/\/ecosupplements.ch\/wp-content\/uploads\/2026\/05\/Vital-Proteins-Collagen-Peptides-576-g-Unflavored.webp","contentUrl":"https:\/\/ecosupplements.ch\/wp-content\/uploads\/2026\/05\/Vital-Proteins-Collagen-Peptides-576-g-Unflavored.webp","width":1000,"height":1000,"caption":"Vital Proteins Collagen Peptides (576 g"},{"@type":"BreadcrumbList","@id":"https:\/\/ecosupplements.ch\/?product=vital-proteins-collagen-peptides-576-g-unflavored#breadcrumb","itemListElement":[{"@type":"ListItem","position":1,"name":"Home","item":"https:\/\/ecosupplements.ch\/"},{"@type":"ListItem","position":2,"name":"Shop","item":"https:\/\/ecosupplements.ch\/?page_id=14"},{"@type":"ListItem","position":3,"name":"Vital Proteins Collagen Peptides (576 g, Unflavored)"}]},{"@type":"WebSite","@id":"https:\/\/ecosupplements.ch\/#website","url":"https:\/\/ecosupplements.ch\/","name":"Eco Supplements","description":"","potentialAction":[{"@type":"SearchAction","target":{"@type":"EntryPoint","urlTemplate":"https:\/\/ecosupplements.ch\/?s={search_term_string}"},"query-input":{"@type":"PropertyValueSpecification","valueRequired":true,"valueName":"search_term_string"}}],"inLanguage":"de-CH"}]},"product_price_amount":"64.87","product_price_currency":"CHF","og_availability":"out of stock","product_availability":"out of stock","product_retailer_item_id":"850005892007","product_condition":"new"},"_links":{"self":[{"href":"https:\/\/ecosupplements.ch\/index.php?rest_route=\/wp\/v2\/product\/6135","targetHints":{"allow":["GET"]}}],"collection":[{"href":"https:\/\/ecosupplements.ch\/index.php?rest_route=\/wp\/v2\/product"}],"about":[{"href":"https:\/\/ecosupplements.ch\/index.php?rest_route=\/wp\/v2\/types\/product"}],"replies":[{"embeddable":true,"href":"https:\/\/ecosupplements.ch\/index.php?rest_route=%2Fwp%2Fv2%2Fcomments&post=6135"}],"wp:featuredmedia":[{"embeddable":true,"href":"https:\/\/ecosupplements.ch\/index.php?rest_route=\/wp\/v2\/media\/6136"}],"wp:attachment":[{"href":"https:\/\/ecosupplements.ch\/index.php?rest_route=%2Fwp%2Fv2%2Fmedia&parent=6135"}],"wp:term":[{"taxonomy":"product_brand","embeddable":true,"href":"https:\/\/ecosupplements.ch\/index.php?rest_route=%2Fwp%2Fv2%2Fproduct_brand&post=6135"},{"taxonomy":"product_cat","embeddable":true,"href":"https:\/\/ecosupplements.ch\/index.php?rest_route=%2Fwp%2Fv2%2Fproduct_cat&post=6135"},{"taxonomy":"product_tag","embeddable":true,"href":"https:\/\/ecosupplements.ch\/index.php?rest_route=%2Fwp%2Fv2%2Fproduct_tag&post=6135"}],"curies":[{"name":"wp","href":"https:\/\/api.w.org\/{rel}","templated":true}]}}