{"id":6192,"date":"2026-05-11T15:12:58","date_gmt":"2026-05-11T15:12:58","guid":{"rendered":"https:\/\/ecosupplements.ch\/?product=natures-way-sleep-well-gummies-60-gummies"},"modified":"2026-05-13T07:27:53","modified_gmt":"2026-05-13T07:27:53","slug":"natures-way-sleep-well-gummies-60-gummies","status":"publish","type":"product","link":"https:\/\/ecosupplements.ch\/?product=natures-way-sleep-well-gummies-60-gummies","title":{"rendered":"Natures Way Sleep Well Gummies (60 Gummies)"},"content":{"rendered":"<div class=\"chcg-product-description\">\n<h2 class=\"chcg-heading\">\u00dcber Natures Way \u2013 Sleep Well Gummies (60 Gummies)<\/h2>\n<div class=\"chcg-intro\">\n<p>Die Natures Way Sleep Well Gummies verbinden drei sorgf\u00e4ltig ausgew\u00e4hlte Wirkstoffe \u2013 Melatonin, Ashwagandha (Sensoril\u00ae) sowie Magnesium \u2013 in einer praktischen Gummiform, die speziell f\u00fcr den Abend konzipiert wurde. Melatonin tr\u00e4gt dazu bei, die Einschlafzeit zu verk\u00fcrzen, w\u00e4hrend Magnesium zur normalen Funktion des Nervensystems beitr\u00e4gt. Die angenehme Gummi-Textur macht die Einnahme einfach und unkompliziert.<\/p>\n<p>Ashwagandha Sensoril\u00ae ist ein standardisierter Extrakt aus Wurzel und Blatt der Ashwagandha-Pflanze und geh\u00f6rt zu den beliebtesten pflanzlichen Zutaten im Bereich der Entspannung. In Kombination mit Magnesiumcitrat und Melatonin ergibt sich eine ausgewogene Formel, die sich ideal als Teil einer abendlichen Routine eignet.<\/p>\n<p>Die Sleep Well Gummies von Natures Way sind glutenfrei, gelatinefrei und vegetarisch \u2013 und damit eine geeignete Wahl f\u00fcr Menschen mit entsprechenden Ern\u00e4hrungspr\u00e4ferenzen. Eine Packung enth\u00e4lt 60 Gummies, was einem Vorrat von 30 Portionen entspricht.<\/p>\n<\/p><\/div>\n<div class=\"chcg-nutrition\">\n<h3>N\u00e4hrwertangaben<\/h3>\n<table class=\"chcg-nutrition-table\">\n<thead>\n<tr>\n<th>N\u00e4hrstoff<\/th>\n<th>Pro Portion (2 Gummies)<\/th>\n<\/tr>\n<\/thead>\n<tbody>\n<tr>\n<td>Kalorien<\/td>\n<td>25<\/td>\n<\/tr>\n<tr>\n<td>Gesamtkohlenhydrate<\/td>\n<td>6 g (2 % des Tagesbedarfs)<\/td>\n<\/tr>\n<tr>\n<td>\u2013 davon Gesamtzucker<\/td>\n<td>3 g<\/td>\n<\/tr>\n<tr>\n<td>\u2013 davon zugesetzter Zucker<\/td>\n<td>3 g (6 % des Tagesbedarfs)<\/td>\n<\/tr>\n<tr>\n<td>Magnesium (als Magnesiumcitrat)<\/td>\n<td>84 mg (20 % des Tagesbedarfs)<\/td>\n<\/tr>\n<tr>\n<td>Natrium<\/td>\n<td>10 mg (&lt;1 % des Tagesbedarfs)<\/td>\n<\/tr>\n<tr>\n<td>Ashwagandha (Sensoril\u00ae) (Wurzel, Blatt) Extrakt<\/td>\n<td>125 mg *<\/td>\n<\/tr>\n<tr>\n<td>Melatonin<\/td>\n<td>5 mg *<\/td>\n<\/tr>\n<\/tbody>\n<\/table>\n<p class=\"chcg-footnote\">* Kein festgelegter Tagesbedarf.<\/p>\n<\/p><\/div>\n<div class=\"chcg-ingredients\">\n<h3>Zutaten<\/h3>\n<p>Wirkstoffe (pro 2 Gummies): Magnesium (als Magnesiumcitrat) 84 mg, Ashwagandha (Sensoril\u00ae) (Wurzel, Blatt) Extrakt 125 mg, Melatonin 5 mg. Sonstige Zutaten: Glukosesirup, Rohrzucker, gereinigtes Wasser, nat\u00fcrliche Aromen, Pektin, Zitronens\u00e4ure, Natriumcitrat, Gem\u00fcse- und Fruchtsaftfarbe, Bienenwachs.<\/p>\n<\/p><\/div>\n<div class=\"chcg-dosage\">\n<h3>Verzehrempfehlung<\/h3>\n<p>Erwachsene kauen 2 Gummies 30\u201360 Minuten vor dem Schlafengehen. Nicht f\u00fcr Kinder konzipiert. Nur gem\u00e4ss Anweisung einnehmen. Die empfohlene Tagesdosis nicht \u00fcberschreiten.<\/p>\n<\/p><\/div>\n<div class=\"chcg-warnings\">\n<h3>Warnhinweise<\/h3>\n<p>Nicht verwenden bei Schwangerschaft, beabsichtigter Schwangerschaft oder Stillzeit. Bei einer bestehenden Erkrankung (einschliesslich Depressionen, Demenz, Diabetes, Autoimmunerkrankungen, endokrinen St\u00f6rungen, Blutgerinnungsst\u00f6rungen oder Krampfleiden) oder bei Einnahme von Medikamenten vor der Anwendung eine medizinische Fachperson konsultieren. Dieses Produkt kann Schl\u00e4frigkeit verursachen; w\u00e4hrend der Einnahme kein Fahrzeug f\u00fchren oder Maschinen bedienen. Alkohol und andere Sedativa w\u00e4hrend der Einnahme dieses Produkts vermeiden. Nur bei gelegentlichen Einschlafschwierigkeiten geeignet; bei anhaltenden Schlafproblemen eine medizinische Fachperson aufsuchen. Ausserhalb der Reichweite von Kindern aufbewahren. Sicherheitsversiegelt mit Innensiegel. Nicht verwenden, wenn das Siegel besch\u00e4digt oder nicht vorhanden ist.<\/p>\n<\/p><\/div>\n<div class=\"chcg-allergens\">\n<h3>Allergeninformationen<\/h3>\n<p>Enth\u00e4lt kein: Gluten, Weizen, Soja, Gelatine, Milchprodukte, Ei, Erdn\u00fcsse.<\/p>\n<\/p><\/div>\n<div class=\"chcg-storage\">\n<h3>Lagerung<\/h3>\n<p>Beh\u00e4lter fest verschlossen halten. Bei Raumtemperatur lagern. \u00dcberm\u00e4ssige Hitze und direkte Sonneneinstrahlung vermeiden.<\/p>\n<\/p><\/div>\n<div class=\"chcg-dietary\">\n<h3>Ern\u00e4hrungshinweise<\/h3>\n<ul>\n<li>Vegetarisch<\/li>\n<li>Glutenfrei<\/li>\n<li>Laktosefrei<\/li>\n<\/ul><\/div>\n<\/div>\n","protected":false},"excerpt":{"rendered":"<p>Sleep Well Gummies von Natures Way kombinieren Melatonin, Ashwagandha Sensoril\u00ae und Magnesium f\u00fcr eine entspannte Abendroutine. Vegetarisch, glutenfrei und gelatinefrei \u2013 pro Packung 60 Gummies (30 Portionen).<\/p>\n","protected":false},"featured_media":6193,"comment_status":"closed","ping_status":"open","template":"","meta":[],"product_brand":[469],"product_cat":[48],"product_tag":[],"class_list":{"0":"post-6192","1":"product","2":"type-product","3":"status-publish","4":"has-post-thumbnail","6":"product_brand-natures-way","7":"product_cat-gesunde-ernaehrung","9":"first","10":"outofstock","11":"taxable","12":"shipping-taxable","13":"purchasable","14":"product-type-simple"},"yoast_head":"<!-- This site is optimized with the Yoast SEO plugin v27.5 - https:\/\/yoast.com\/product\/yoast-seo-wordpress\/ -->\n<title>Sleep Well Gummies \u2013 Natures Way | ecosupplements.ch<\/title>\n<meta name=\"description\" content=\"Natures Way Sleep Well Gummies mit Melatonin, Ashwagandha Sensoril\u00ae und Magnesium \u2013 60 vegetarische Gummies f\u00fcr Ihre Abendroutine. Jetzt bestellen.\" \/>\n<meta name=\"robots\" content=\"index, follow, max-snippet:-1, max-image-preview:large, max-video-preview:-1\" \/>\n<link rel=\"canonical\" href=\"https:\/\/ecosupplements.ch\/?product=natures-way-sleep-well-gummies-60-gummies\" \/>\n<meta property=\"og:locale\" content=\"de_DE\" \/>\n<meta property=\"og:type\" content=\"article\" \/>\n<meta property=\"og:title\" content=\"Sleep Well Gummies \u2013 Natures Way | ecosupplements.ch\" \/>\n<meta property=\"og:description\" content=\"Natures Way Sleep Well Gummies mit Melatonin, Ashwagandha Sensoril\u00ae und Magnesium \u2013 60 vegetarische Gummies f\u00fcr Ihre Abendroutine. Jetzt bestellen.\" \/>\n<meta property=\"og:url\" content=\"https:\/\/ecosupplements.ch\/?product=natures-way-sleep-well-gummies-60-gummies\" \/>\n<meta property=\"og:site_name\" content=\"Eco Supplements\" \/>\n<meta property=\"article:modified_time\" content=\"2026-05-13T07:27:53+00:00\" \/>\n<meta property=\"og:image\" content=\"https:\/\/ecosupplements.ch\/wp-content\/uploads\/2026\/05\/Natures-Way-Sleep-Well-Gummies-60-Gummies.webp\" \/>\n\t<meta property=\"og:image:width\" content=\"1000\" \/>\n\t<meta property=\"og:image:height\" content=\"1000\" \/>\n\t<meta property=\"og:image:type\" content=\"image\/jpeg\" \/>\n<meta name=\"twitter:card\" content=\"summary_large_image\" \/>\n<meta name=\"twitter:label1\" content=\"Price\" \/>\n\t<meta name=\"twitter:data1\" content=\"&#067;&#072;&#070;&nbsp;14.64\" \/>\n\t<meta name=\"twitter:label2\" content=\"Availability\" \/>\n\t<meta name=\"twitter:data2\" content=\"Out of stock\" \/>\n<script type=\"application\/ld+json\" class=\"yoast-schema-graph\">{\"@context\":\"https:\\\/\\\/schema.org\",\"@graph\":[{\"@type\":\"WebPage\",\"@id\":\"https:\\\/\\\/ecosupplements.ch\\\/?product=natures-way-sleep-well-gummies-60-gummies\",\"url\":\"https:\\\/\\\/ecosupplements.ch\\\/?product=natures-way-sleep-well-gummies-60-gummies\",\"name\":\"Sleep Well Gummies \u2013 Natures Way | ecosupplements.ch\",\"isPartOf\":{\"@id\":\"https:\\\/\\\/ecosupplements.ch\\\/#website\"},\"primaryImageOfPage\":{\"@id\":\"https:\\\/\\\/ecosupplements.ch\\\/?product=natures-way-sleep-well-gummies-60-gummies#primaryimage\"},\"image\":{\"@id\":\"https:\\\/\\\/ecosupplements.ch\\\/?product=natures-way-sleep-well-gummies-60-gummies#primaryimage\"},\"thumbnailUrl\":\"https:\\\/\\\/ecosupplements.ch\\\/wp-content\\\/uploads\\\/2026\\\/05\\\/Natures-Way-Sleep-Well-Gummies-60-Gummies.webp\",\"datePublished\":\"2026-05-11T15:12:58+00:00\",\"dateModified\":\"2026-05-13T07:27:53+00:00\",\"description\":\"Natures Way Sleep Well Gummies mit Melatonin, Ashwagandha Sensoril\u00ae und Magnesium \u2013 60 vegetarische Gummies f\u00fcr Ihre Abendroutine. Jetzt bestellen.\",\"breadcrumb\":{\"@id\":\"https:\\\/\\\/ecosupplements.ch\\\/?product=natures-way-sleep-well-gummies-60-gummies#breadcrumb\"},\"inLanguage\":\"de-CH\",\"potentialAction\":[{\"@type\":\"ReadAction\",\"target\":[\"https:\\\/\\\/ecosupplements.ch\\\/?product=natures-way-sleep-well-gummies-60-gummies\"]}]},{\"@type\":\"ImageObject\",\"inLanguage\":\"de-CH\",\"@id\":\"https:\\\/\\\/ecosupplements.ch\\\/?product=natures-way-sleep-well-gummies-60-gummies#primaryimage\",\"url\":\"https:\\\/\\\/ecosupplements.ch\\\/wp-content\\\/uploads\\\/2026\\\/05\\\/Natures-Way-Sleep-Well-Gummies-60-Gummies.webp\",\"contentUrl\":\"https:\\\/\\\/ecosupplements.ch\\\/wp-content\\\/uploads\\\/2026\\\/05\\\/Natures-Way-Sleep-Well-Gummies-60-Gummies.webp\",\"width\":1000,\"height\":1000,\"caption\":\"Natures Way Sleep Well Gummies (60 Gummies)\"},{\"@type\":\"BreadcrumbList\",\"@id\":\"https:\\\/\\\/ecosupplements.ch\\\/?product=natures-way-sleep-well-gummies-60-gummies#breadcrumb\",\"itemListElement\":[{\"@type\":\"ListItem\",\"position\":1,\"name\":\"Home\",\"item\":\"https:\\\/\\\/ecosupplements.ch\\\/\"},{\"@type\":\"ListItem\",\"position\":2,\"name\":\"Shop\",\"item\":\"https:\\\/\\\/ecosupplements.ch\\\/?page_id=14\"},{\"@type\":\"ListItem\",\"position\":3,\"name\":\"Natures Way Sleep Well Gummies (60 Gummies)\"}]},{\"@type\":\"WebSite\",\"@id\":\"https:\\\/\\\/ecosupplements.ch\\\/#website\",\"url\":\"https:\\\/\\\/ecosupplements.ch\\\/\",\"name\":\"Eco Supplements\",\"description\":\"\",\"potentialAction\":[{\"@type\":\"SearchAction\",\"target\":{\"@type\":\"EntryPoint\",\"urlTemplate\":\"https:\\\/\\\/ecosupplements.ch\\\/?s={search_term_string}\"},\"query-input\":{\"@type\":\"PropertyValueSpecification\",\"valueRequired\":true,\"valueName\":\"search_term_string\"}}],\"inLanguage\":\"de-CH\"}]}<\/script>\n<meta property=\"product:price:amount\" content=\"14.64\" \/>\n<meta property=\"product:price:currency\" content=\"CHF\" \/>\n<meta property=\"og:availability\" content=\"out of stock\" \/>\n<meta property=\"product:availability\" content=\"out of stock\" \/>\n<meta property=\"product:retailer_item_id\" content=\"033674139202\" \/>\n<meta property=\"product:condition\" content=\"new\" \/>\n<!-- \/ Yoast SEO plugin. -->","yoast_head_json":{"title":"Sleep Well Gummies \u2013 Natures Way | ecosupplements.ch","description":"Natures Way Sleep Well Gummies mit Melatonin, Ashwagandha Sensoril\u00ae und Magnesium \u2013 60 vegetarische Gummies f\u00fcr Ihre Abendroutine. Jetzt bestellen.","robots":{"index":"index","follow":"follow","max-snippet":"max-snippet:-1","max-image-preview":"max-image-preview:large","max-video-preview":"max-video-preview:-1"},"canonical":"https:\/\/ecosupplements.ch\/?product=natures-way-sleep-well-gummies-60-gummies","og_locale":"de_DE","og_type":"article","og_title":"Sleep Well Gummies \u2013 Natures Way | ecosupplements.ch","og_description":"Natures Way Sleep Well Gummies mit Melatonin, Ashwagandha Sensoril\u00ae und Magnesium \u2013 60 vegetarische Gummies f\u00fcr Ihre Abendroutine. Jetzt bestellen.","og_url":"https:\/\/ecosupplements.ch\/?product=natures-way-sleep-well-gummies-60-gummies","og_site_name":"Eco Supplements","article_modified_time":"2026-05-13T07:27:53+00:00","og_image":[{"width":1000,"height":1000,"url":"https:\/\/ecosupplements.ch\/wp-content\/uploads\/2026\/05\/Natures-Way-Sleep-Well-Gummies-60-Gummies.webp","type":"image\/jpeg"}],"twitter_card":"summary_large_image","twitter_misc":{"Price":"&#67;&#72;&#70;&nbsp;14.64","Availability":"Out of stock"},"schema":{"@context":"https:\/\/schema.org","@graph":[{"@type":"WebPage","@id":"https:\/\/ecosupplements.ch\/?product=natures-way-sleep-well-gummies-60-gummies","url":"https:\/\/ecosupplements.ch\/?product=natures-way-sleep-well-gummies-60-gummies","name":"Sleep Well Gummies \u2013 Natures Way | ecosupplements.ch","isPartOf":{"@id":"https:\/\/ecosupplements.ch\/#website"},"primaryImageOfPage":{"@id":"https:\/\/ecosupplements.ch\/?product=natures-way-sleep-well-gummies-60-gummies#primaryimage"},"image":{"@id":"https:\/\/ecosupplements.ch\/?product=natures-way-sleep-well-gummies-60-gummies#primaryimage"},"thumbnailUrl":"https:\/\/ecosupplements.ch\/wp-content\/uploads\/2026\/05\/Natures-Way-Sleep-Well-Gummies-60-Gummies.webp","datePublished":"2026-05-11T15:12:58+00:00","dateModified":"2026-05-13T07:27:53+00:00","description":"Natures Way Sleep Well Gummies mit Melatonin, Ashwagandha Sensoril\u00ae und Magnesium \u2013 60 vegetarische Gummies f\u00fcr Ihre Abendroutine. Jetzt bestellen.","breadcrumb":{"@id":"https:\/\/ecosupplements.ch\/?product=natures-way-sleep-well-gummies-60-gummies#breadcrumb"},"inLanguage":"de-CH","potentialAction":[{"@type":"ReadAction","target":["https:\/\/ecosupplements.ch\/?product=natures-way-sleep-well-gummies-60-gummies"]}]},{"@type":"ImageObject","inLanguage":"de-CH","@id":"https:\/\/ecosupplements.ch\/?product=natures-way-sleep-well-gummies-60-gummies#primaryimage","url":"https:\/\/ecosupplements.ch\/wp-content\/uploads\/2026\/05\/Natures-Way-Sleep-Well-Gummies-60-Gummies.webp","contentUrl":"https:\/\/ecosupplements.ch\/wp-content\/uploads\/2026\/05\/Natures-Way-Sleep-Well-Gummies-60-Gummies.webp","width":1000,"height":1000,"caption":"Natures Way Sleep Well Gummies (60 Gummies)"},{"@type":"BreadcrumbList","@id":"https:\/\/ecosupplements.ch\/?product=natures-way-sleep-well-gummies-60-gummies#breadcrumb","itemListElement":[{"@type":"ListItem","position":1,"name":"Home","item":"https:\/\/ecosupplements.ch\/"},{"@type":"ListItem","position":2,"name":"Shop","item":"https:\/\/ecosupplements.ch\/?page_id=14"},{"@type":"ListItem","position":3,"name":"Natures Way Sleep Well Gummies (60 Gummies)"}]},{"@type":"WebSite","@id":"https:\/\/ecosupplements.ch\/#website","url":"https:\/\/ecosupplements.ch\/","name":"Eco Supplements","description":"","potentialAction":[{"@type":"SearchAction","target":{"@type":"EntryPoint","urlTemplate":"https:\/\/ecosupplements.ch\/?s={search_term_string}"},"query-input":{"@type":"PropertyValueSpecification","valueRequired":true,"valueName":"search_term_string"}}],"inLanguage":"de-CH"}]},"product_price_amount":"14.64","product_price_currency":"CHF","og_availability":"out of stock","product_availability":"out of stock","product_retailer_item_id":"033674139202","product_condition":"new"},"_links":{"self":[{"href":"https:\/\/ecosupplements.ch\/index.php?rest_route=\/wp\/v2\/product\/6192","targetHints":{"allow":["GET"]}}],"collection":[{"href":"https:\/\/ecosupplements.ch\/index.php?rest_route=\/wp\/v2\/product"}],"about":[{"href":"https:\/\/ecosupplements.ch\/index.php?rest_route=\/wp\/v2\/types\/product"}],"replies":[{"embeddable":true,"href":"https:\/\/ecosupplements.ch\/index.php?rest_route=%2Fwp%2Fv2%2Fcomments&post=6192"}],"wp:featuredmedia":[{"embeddable":true,"href":"https:\/\/ecosupplements.ch\/index.php?rest_route=\/wp\/v2\/media\/6193"}],"wp:attachment":[{"href":"https:\/\/ecosupplements.ch\/index.php?rest_route=%2Fwp%2Fv2%2Fmedia&parent=6192"}],"wp:term":[{"taxonomy":"product_brand","embeddable":true,"href":"https:\/\/ecosupplements.ch\/index.php?rest_route=%2Fwp%2Fv2%2Fproduct_brand&post=6192"},{"taxonomy":"product_cat","embeddable":true,"href":"https:\/\/ecosupplements.ch\/index.php?rest_route=%2Fwp%2Fv2%2Fproduct_cat&post=6192"},{"taxonomy":"product_tag","embeddable":true,"href":"https:\/\/ecosupplements.ch\/index.php?rest_route=%2Fwp%2Fv2%2Fproduct_tag&post=6192"}],"curies":[{"name":"wp","href":"https:\/\/api.w.org\/{rel}","templated":true}]}}