{"id":6202,"date":"2026-05-11T15:13:04","date_gmt":"2026-05-11T15:13:04","guid":{"rendered":"https:\/\/ecosupplements.ch\/?product=natures-way-slippery-elm-bark-100-capsules"},"modified":"2026-05-13T07:29:18","modified_gmt":"2026-05-13T07:29:18","slug":"natures-way-slippery-elm-bark-100-capsules","status":"publish","type":"product","link":"https:\/\/ecosupplements.ch\/?product=natures-way-slippery-elm-bark-100-capsules","title":{"rendered":"Natures Way Slippery Elm Bark (100 Capsules)"},"content":{"rendered":"<div class=\"chcg-product-description\">\n<h2 class=\"chcg-heading\">\u00dcber Natures Way \u2013 Slippery Elm Bark (100 Kapseln)<\/h2>\n<div class=\"chcg-intro\">\n<p>Slippery Elm (Ulmus rubra), auch bekannt als R\u00fcster-Rinde, wird seit Jahrhunderten in der traditionellen Naturheilkunde gesch\u00e4tzt. Natures Way bietet diesen klassischen Pflanzenstoff in praktischer Kapselform an \u2013 mit 1&#8217;600 mg Slippery-Elm-Rindenextrakt pro Tagesportion (4 Kapseln) in veganer Qualit\u00e4t.<\/p>\n<p>Die Kapseln von Natures Way Slippery Elm Bark sind frei von tierischen Bestandteilen und eignen sich daher auch f\u00fcr eine vegane und vegetarische Ern\u00e4hrungsweise. Die Rezeptur verzichtet bewusst auf k\u00fcnstliche Farb- und Aromastoffe sowie auf h\u00e4ufige Allergene wie Weizen, Mais, Soja und Milchprodukte.<\/p>\n<p>Jede Packung enth\u00e4lt 100 vegane Kapseln \u2013 das entspricht 25 Portionen \u2013 und bietet damit einen komfortablen Vorrat f\u00fcr den t\u00e4glichen Gebrauch. Natures Way steht seit Jahrzehnten f\u00fcr gepr\u00fcfte Qualit\u00e4t und transparente Inhaltsstoffe.<\/p>\n<\/p><\/div>\n<div class=\"chcg-nutrition\">\n<h3>N\u00e4hrwertangaben<\/h3>\n<table class=\"chcg-nutrition-table\">\n<thead>\n<tr>\n<th>N\u00e4hrstoff<\/th>\n<th>Pro Portion (4 Kapseln)<\/th>\n<\/tr>\n<\/thead>\n<tbody>\n<tr>\n<td>Slippery Elm (Rinde)<\/td>\n<td>1&#8217;600 mg (1,6 g) *<\/td>\n<\/tr>\n<\/tbody>\n<\/table>\n<p class=\"chcg-footnote\">* Kein festgelegter Tagesreferenzwert vorhanden.<\/p>\n<\/p><\/div>\n<div class=\"chcg-ingredients\">\n<h3>Zutaten<\/h3>\n<p>Slippery Elm (Rinde) 400 mg pro Kapsel (1&#8217;600 mg pro 4-Kapseln-Portion). Weitere Zutaten: pflanzliche Kapsel (Hypromellose), Cellulose, Magnesiumstearat.<\/p>\n<p class=\"chcg-capsule-shell\">Kapselh\u00fclle: Pflanzliche Kapsel (Hypromellose)<\/p>\n<\/p><\/div>\n<div class=\"chcg-dosage\">\n<h3>Verzehrempfehlung<\/h3>\n<p>Erwachsene nehmen t\u00e4glich zweimal 4 Kapseln mit warmem Wasser zwischen den Mahlzeiten ein.<\/p>\n<\/p><\/div>\n<div class=\"chcg-warnings\">\n<h3>Warnhinweise<\/h3>\n<p>Slippery Elm sollte nicht gleichzeitig mit Medikamenten eingenommen werden, da es die Aufnahme von Arzneimitteln beeintr\u00e4chtigen kann. Wenn Sie schwanger sind, stillen oder Medikamente einnehmen, konsultieren Sie vor der Einnahme einen Arzt oder eine \u00c4rztin. Ausserhalb der Reichweite von Kindern aufbewahren. Mit einer Innensiegelung gesichert. Nicht verwenden, wenn das Siegel besch\u00e4digt oder nicht vorhanden ist.<\/p>\n<\/p><\/div>\n<div class=\"chcg-allergens\">\n<h3>Allergeninformationen<\/h3>\n<p>Ohne Weizen, Mais, Soja, Milchprodukte, Gelatine sowie k\u00fcnstliche Farb- und Aromastoffe.<\/p>\n<\/p><\/div>\n<div class=\"chcg-storage\">\n<h3>Lagerung<\/h3>\n<p>Beh\u00e4lter fest verschlossen halten. Bei Raumtemperatur lagern. \u00dcberm\u00e4ssige W\u00e4rme und direkte Sonneneinstrahlung vermeiden.<\/p>\n<\/p><\/div>\n<div class=\"chcg-dietary\">\n<h3>Ern\u00e4hrungshinweise<\/h3>\n<ul>\n<li>Vegan<\/li>\n<li>Vegetarisch<\/li>\n<li>Glutenfrei<\/li>\n<li>Laktosefrei<\/li>\n<\/ul><\/div>\n<\/div>\n","protected":false},"excerpt":{"rendered":"<p>Natures Way Slippery Elm Bark liefert 1&#8217;600 mg Ulmus-rubra-Rindenextrakt pro Portion in veganen Kapseln. Die Packung enth\u00e4lt 100 Kapseln (25 Portionen) und ist frei von Gluten, Laktose und k\u00fcnstlichen Zus\u00e4tzen.<\/p>\n","protected":false},"featured_media":6203,"comment_status":"closed","ping_status":"open","template":"","meta":[],"product_brand":[469],"product_cat":[48],"product_tag":[],"class_list":{"0":"post-6202","1":"product","2":"type-product","3":"status-publish","4":"has-post-thumbnail","6":"product_brand-natures-way","7":"product_cat-gesunde-ernaehrung","9":"first","10":"outofstock","11":"taxable","12":"shipping-taxable","13":"purchasable","14":"product-type-simple"},"yoast_head":"<!-- This site is optimized with the Yoast SEO plugin v27.5 - https:\/\/yoast.com\/product\/yoast-seo-wordpress\/ -->\n<title>Slippery Elm Bark Kapseln \u2013 Natures Way | ecosupplements.ch<\/title>\n<meta name=\"description\" content=\"Natures Way Slippery Elm Bark \u2013 1&#039;600 mg pro Portion in 100 veganen Kapseln, glutenfrei und ohne k\u00fcnstliche Zus\u00e4tze. Jetzt bestellen.\" \/>\n<meta name=\"robots\" content=\"index, follow, max-snippet:-1, max-image-preview:large, max-video-preview:-1\" \/>\n<link rel=\"canonical\" href=\"https:\/\/ecosupplements.ch\/?product=natures-way-slippery-elm-bark-100-capsules\" \/>\n<meta property=\"og:locale\" content=\"de_DE\" \/>\n<meta property=\"og:type\" content=\"article\" \/>\n<meta property=\"og:title\" content=\"Slippery Elm Bark Kapseln \u2013 Natures Way | ecosupplements.ch\" \/>\n<meta property=\"og:description\" content=\"Natures Way Slippery Elm Bark \u2013 1&#039;600 mg pro Portion in 100 veganen Kapseln, glutenfrei und ohne k\u00fcnstliche Zus\u00e4tze. Jetzt bestellen.\" \/>\n<meta property=\"og:url\" content=\"https:\/\/ecosupplements.ch\/?product=natures-way-slippery-elm-bark-100-capsules\" \/>\n<meta property=\"og:site_name\" content=\"Eco Supplements\" \/>\n<meta property=\"article:modified_time\" content=\"2026-05-13T07:29:18+00:00\" \/>\n<meta property=\"og:image\" content=\"https:\/\/ecosupplements.ch\/wp-content\/uploads\/2026\/05\/Natures-Way-Slippery-Elm-Bark-100-Capsules.webp\" \/>\n\t<meta property=\"og:image:width\" content=\"1000\" \/>\n\t<meta property=\"og:image:height\" content=\"1000\" \/>\n\t<meta property=\"og:image:type\" content=\"image\/jpeg\" \/>\n<meta name=\"twitter:card\" content=\"summary_large_image\" \/>\n<meta name=\"twitter:label1\" content=\"Price\" \/>\n\t<meta name=\"twitter:data1\" content=\"&#067;&#072;&#070;&nbsp;10.37\" \/>\n\t<meta name=\"twitter:label2\" content=\"Availability\" \/>\n\t<meta name=\"twitter:data2\" content=\"Out of stock\" \/>\n<script type=\"application\/ld+json\" class=\"yoast-schema-graph\">{\"@context\":\"https:\\\/\\\/schema.org\",\"@graph\":[{\"@type\":\"WebPage\",\"@id\":\"https:\\\/\\\/ecosupplements.ch\\\/?product=natures-way-slippery-elm-bark-100-capsules\",\"url\":\"https:\\\/\\\/ecosupplements.ch\\\/?product=natures-way-slippery-elm-bark-100-capsules\",\"name\":\"Slippery Elm Bark Kapseln \u2013 Natures Way | ecosupplements.ch\",\"isPartOf\":{\"@id\":\"https:\\\/\\\/ecosupplements.ch\\\/#website\"},\"primaryImageOfPage\":{\"@id\":\"https:\\\/\\\/ecosupplements.ch\\\/?product=natures-way-slippery-elm-bark-100-capsules#primaryimage\"},\"image\":{\"@id\":\"https:\\\/\\\/ecosupplements.ch\\\/?product=natures-way-slippery-elm-bark-100-capsules#primaryimage\"},\"thumbnailUrl\":\"https:\\\/\\\/ecosupplements.ch\\\/wp-content\\\/uploads\\\/2026\\\/05\\\/Natures-Way-Slippery-Elm-Bark-100-Capsules.webp\",\"datePublished\":\"2026-05-11T15:13:04+00:00\",\"dateModified\":\"2026-05-13T07:29:18+00:00\",\"description\":\"Natures Way Slippery Elm Bark \u2013 1'600 mg pro Portion in 100 veganen Kapseln, glutenfrei und ohne k\u00fcnstliche Zus\u00e4tze. Jetzt bestellen.\",\"breadcrumb\":{\"@id\":\"https:\\\/\\\/ecosupplements.ch\\\/?product=natures-way-slippery-elm-bark-100-capsules#breadcrumb\"},\"inLanguage\":\"de-CH\",\"potentialAction\":[{\"@type\":\"ReadAction\",\"target\":[\"https:\\\/\\\/ecosupplements.ch\\\/?product=natures-way-slippery-elm-bark-100-capsules\"]}]},{\"@type\":\"ImageObject\",\"inLanguage\":\"de-CH\",\"@id\":\"https:\\\/\\\/ecosupplements.ch\\\/?product=natures-way-slippery-elm-bark-100-capsules#primaryimage\",\"url\":\"https:\\\/\\\/ecosupplements.ch\\\/wp-content\\\/uploads\\\/2026\\\/05\\\/Natures-Way-Slippery-Elm-Bark-100-Capsules.webp\",\"contentUrl\":\"https:\\\/\\\/ecosupplements.ch\\\/wp-content\\\/uploads\\\/2026\\\/05\\\/Natures-Way-Slippery-Elm-Bark-100-Capsules.webp\",\"width\":1000,\"height\":1000,\"caption\":\"Natures Way Slippery Elm Bark (100 Capsules)\"},{\"@type\":\"BreadcrumbList\",\"@id\":\"https:\\\/\\\/ecosupplements.ch\\\/?product=natures-way-slippery-elm-bark-100-capsules#breadcrumb\",\"itemListElement\":[{\"@type\":\"ListItem\",\"position\":1,\"name\":\"Home\",\"item\":\"https:\\\/\\\/ecosupplements.ch\\\/\"},{\"@type\":\"ListItem\",\"position\":2,\"name\":\"Shop\",\"item\":\"https:\\\/\\\/ecosupplements.ch\\\/?page_id=14\"},{\"@type\":\"ListItem\",\"position\":3,\"name\":\"Natures Way Slippery Elm Bark (100 Capsules)\"}]},{\"@type\":\"WebSite\",\"@id\":\"https:\\\/\\\/ecosupplements.ch\\\/#website\",\"url\":\"https:\\\/\\\/ecosupplements.ch\\\/\",\"name\":\"Eco Supplements\",\"description\":\"\",\"potentialAction\":[{\"@type\":\"SearchAction\",\"target\":{\"@type\":\"EntryPoint\",\"urlTemplate\":\"https:\\\/\\\/ecosupplements.ch\\\/?s={search_term_string}\"},\"query-input\":{\"@type\":\"PropertyValueSpecification\",\"valueRequired\":true,\"valueName\":\"search_term_string\"}}],\"inLanguage\":\"de-CH\"}]}<\/script>\n<meta property=\"product:price:amount\" content=\"10.37\" \/>\n<meta property=\"product:price:currency\" content=\"CHF\" \/>\n<meta property=\"og:availability\" content=\"out of stock\" \/>\n<meta property=\"product:availability\" content=\"out of stock\" \/>\n<meta property=\"product:retailer_item_id\" content=\"033674171004\" \/>\n<meta property=\"product:condition\" content=\"new\" \/>\n<!-- \/ Yoast SEO plugin. -->","yoast_head_json":{"title":"Slippery Elm Bark Kapseln \u2013 Natures Way | ecosupplements.ch","description":"Natures Way Slippery Elm Bark \u2013 1'600 mg pro Portion in 100 veganen Kapseln, glutenfrei und ohne k\u00fcnstliche Zus\u00e4tze. Jetzt bestellen.","robots":{"index":"index","follow":"follow","max-snippet":"max-snippet:-1","max-image-preview":"max-image-preview:large","max-video-preview":"max-video-preview:-1"},"canonical":"https:\/\/ecosupplements.ch\/?product=natures-way-slippery-elm-bark-100-capsules","og_locale":"de_DE","og_type":"article","og_title":"Slippery Elm Bark Kapseln \u2013 Natures Way | ecosupplements.ch","og_description":"Natures Way Slippery Elm Bark \u2013 1'600 mg pro Portion in 100 veganen Kapseln, glutenfrei und ohne k\u00fcnstliche Zus\u00e4tze. Jetzt bestellen.","og_url":"https:\/\/ecosupplements.ch\/?product=natures-way-slippery-elm-bark-100-capsules","og_site_name":"Eco Supplements","article_modified_time":"2026-05-13T07:29:18+00:00","og_image":[{"width":1000,"height":1000,"url":"https:\/\/ecosupplements.ch\/wp-content\/uploads\/2026\/05\/Natures-Way-Slippery-Elm-Bark-100-Capsules.webp","type":"image\/jpeg"}],"twitter_card":"summary_large_image","twitter_misc":{"Price":"&#67;&#72;&#70;&nbsp;10.37","Availability":"Out of stock"},"schema":{"@context":"https:\/\/schema.org","@graph":[{"@type":"WebPage","@id":"https:\/\/ecosupplements.ch\/?product=natures-way-slippery-elm-bark-100-capsules","url":"https:\/\/ecosupplements.ch\/?product=natures-way-slippery-elm-bark-100-capsules","name":"Slippery Elm Bark Kapseln \u2013 Natures Way | ecosupplements.ch","isPartOf":{"@id":"https:\/\/ecosupplements.ch\/#website"},"primaryImageOfPage":{"@id":"https:\/\/ecosupplements.ch\/?product=natures-way-slippery-elm-bark-100-capsules#primaryimage"},"image":{"@id":"https:\/\/ecosupplements.ch\/?product=natures-way-slippery-elm-bark-100-capsules#primaryimage"},"thumbnailUrl":"https:\/\/ecosupplements.ch\/wp-content\/uploads\/2026\/05\/Natures-Way-Slippery-Elm-Bark-100-Capsules.webp","datePublished":"2026-05-11T15:13:04+00:00","dateModified":"2026-05-13T07:29:18+00:00","description":"Natures Way Slippery Elm Bark \u2013 1'600 mg pro Portion in 100 veganen Kapseln, glutenfrei und ohne k\u00fcnstliche Zus\u00e4tze. Jetzt bestellen.","breadcrumb":{"@id":"https:\/\/ecosupplements.ch\/?product=natures-way-slippery-elm-bark-100-capsules#breadcrumb"},"inLanguage":"de-CH","potentialAction":[{"@type":"ReadAction","target":["https:\/\/ecosupplements.ch\/?product=natures-way-slippery-elm-bark-100-capsules"]}]},{"@type":"ImageObject","inLanguage":"de-CH","@id":"https:\/\/ecosupplements.ch\/?product=natures-way-slippery-elm-bark-100-capsules#primaryimage","url":"https:\/\/ecosupplements.ch\/wp-content\/uploads\/2026\/05\/Natures-Way-Slippery-Elm-Bark-100-Capsules.webp","contentUrl":"https:\/\/ecosupplements.ch\/wp-content\/uploads\/2026\/05\/Natures-Way-Slippery-Elm-Bark-100-Capsules.webp","width":1000,"height":1000,"caption":"Natures Way Slippery Elm Bark (100 Capsules)"},{"@type":"BreadcrumbList","@id":"https:\/\/ecosupplements.ch\/?product=natures-way-slippery-elm-bark-100-capsules#breadcrumb","itemListElement":[{"@type":"ListItem","position":1,"name":"Home","item":"https:\/\/ecosupplements.ch\/"},{"@type":"ListItem","position":2,"name":"Shop","item":"https:\/\/ecosupplements.ch\/?page_id=14"},{"@type":"ListItem","position":3,"name":"Natures Way Slippery Elm Bark (100 Capsules)"}]},{"@type":"WebSite","@id":"https:\/\/ecosupplements.ch\/#website","url":"https:\/\/ecosupplements.ch\/","name":"Eco Supplements","description":"","potentialAction":[{"@type":"SearchAction","target":{"@type":"EntryPoint","urlTemplate":"https:\/\/ecosupplements.ch\/?s={search_term_string}"},"query-input":{"@type":"PropertyValueSpecification","valueRequired":true,"valueName":"search_term_string"}}],"inLanguage":"de-CH"}]},"product_price_amount":"10.37","product_price_currency":"CHF","og_availability":"out of stock","product_availability":"out of stock","product_retailer_item_id":"033674171004","product_condition":"new"},"_links":{"self":[{"href":"https:\/\/ecosupplements.ch\/index.php?rest_route=\/wp\/v2\/product\/6202","targetHints":{"allow":["GET"]}}],"collection":[{"href":"https:\/\/ecosupplements.ch\/index.php?rest_route=\/wp\/v2\/product"}],"about":[{"href":"https:\/\/ecosupplements.ch\/index.php?rest_route=\/wp\/v2\/types\/product"}],"replies":[{"embeddable":true,"href":"https:\/\/ecosupplements.ch\/index.php?rest_route=%2Fwp%2Fv2%2Fcomments&post=6202"}],"wp:featuredmedia":[{"embeddable":true,"href":"https:\/\/ecosupplements.ch\/index.php?rest_route=\/wp\/v2\/media\/6203"}],"wp:attachment":[{"href":"https:\/\/ecosupplements.ch\/index.php?rest_route=%2Fwp%2Fv2%2Fmedia&parent=6202"}],"wp:term":[{"taxonomy":"product_brand","embeddable":true,"href":"https:\/\/ecosupplements.ch\/index.php?rest_route=%2Fwp%2Fv2%2Fproduct_brand&post=6202"},{"taxonomy":"product_cat","embeddable":true,"href":"https:\/\/ecosupplements.ch\/index.php?rest_route=%2Fwp%2Fv2%2Fproduct_cat&post=6202"},{"taxonomy":"product_tag","embeddable":true,"href":"https:\/\/ecosupplements.ch\/index.php?rest_route=%2Fwp%2Fv2%2Fproduct_tag&post=6202"}],"curies":[{"name":"wp","href":"https:\/\/api.w.org\/{rel}","templated":true}]}}