{"id":6248,"date":"2026-05-11T15:13:27","date_gmt":"2026-05-11T15:13:27","guid":{"rendered":"https:\/\/ecosupplements.ch\/?product=agewell-40-trt-orange-burst-300g"},"modified":"2026-05-13T07:29:09","modified_gmt":"2026-05-13T07:29:09","slug":"agewell-40-trt-orange-burst-300g","status":"publish","type":"product","link":"https:\/\/ecosupplements.ch\/?product=agewell-40-trt-orange-burst-300g","title":{"rendered":"Agewell 40+ TRT, Orange Burst &#8211; 300g"},"content":{"rendered":"<div class=\"chcg-product-description\">\n<h2 class=\"chcg-heading\">\u00dcber Applied Nutrition \u2013 Agewell 40+ TRT, Orange Burst \u2013 300g Pulver<\/h2>\n<div class=\"chcg-intro\">\n<p>Das Agewell 40+ TRT von Applied Nutrition ist ein umfassendes Nahrungserg\u00e4nzungsmittel in Pulverform, das speziell f\u00fcr M\u00e4nner ab 40 Jahren entwickelt wurde. Die Formel kombiniert eine breite Auswahl an Vitaminen, Mineralstoffen und Pflanzenextrakten in einer praktischen Tagesportion \u2013 mit dem erfrischenden Geschmack Orange Burst.<\/p>\n<p>Jede Portion liefert wichtige N\u00e4hrstoffe wie Vitamin D3, Vitamin C und alle acht B-Vitamine in 100 % des N\u00e4hrstoffreferenzwertes, erg\u00e4nzt durch Magnesium und Zink. Zudem enth\u00e4lt das Produkt bew\u00e4hrte Pflanzenextrakte wie Maca-Wurzelextrakt, Ashwagandha-Wurzelextrakt, Shilajit-Extrakt, Tribulus Terrestris-Extrakt sowie Broccoli-Sprossenextrakt (Sulforaphan) und Irish Sea Moss-Extrakt.<\/p>\n<p>Die Pulverform erm\u00f6glicht eine schnelle und einfache Zubereitung: einfach in Wasser einr\u00fchren und t\u00e4glich konsumieren. Mit 30 Portionen pro Packung bietet das Agewell 40+ TRT einen vollst\u00e4ndigen Monatsvorrat in einer einzigen 300-g-Dose.<\/p>\n<\/p><\/div>\n<div class=\"chcg-nutrition\">\n<h3>N\u00e4hrwertangaben<\/h3>\n<table class=\"chcg-nutrition-table\">\n<thead>\n<tr>\n<th>N\u00e4hrstoff<\/th>\n<th>Pro Portion (1 Messl\u00f6ffel \/ 10 g)<\/th>\n<th>%NRV<\/th>\n<\/tr>\n<\/thead>\n<tbody>\n<tr>\n<td>Vitamin D3<\/td>\n<td>5 \u00b5g<\/td>\n<td>100%<\/td>\n<\/tr>\n<tr>\n<td>Vitamin C<\/td>\n<td>80 mg<\/td>\n<td>100%<\/td>\n<\/tr>\n<tr>\n<td>Thiamin<\/td>\n<td>1,10 mg<\/td>\n<td>100%<\/td>\n<\/tr>\n<tr>\n<td>Riboflavin<\/td>\n<td>1,40 mg<\/td>\n<td>100%<\/td>\n<\/tr>\n<tr>\n<td>Niacin<\/td>\n<td>16 mg<\/td>\n<td>100%<\/td>\n<\/tr>\n<tr>\n<td>Vitamin B6<\/td>\n<td>1,40 mg<\/td>\n<td>100%<\/td>\n<\/tr>\n<tr>\n<td>Fols\u00e4ure<\/td>\n<td>200 \u00b5g<\/td>\n<td>100%<\/td>\n<\/tr>\n<tr>\n<td>Vitamin B12<\/td>\n<td>2 \u00b5g<\/td>\n<td>80%<\/td>\n<\/tr>\n<tr>\n<td>Biotin<\/td>\n<td>200 \u00b5g<\/td>\n<td>400%<\/td>\n<\/tr>\n<tr>\n<td>Pantothens\u00e4ure<\/td>\n<td>6 mg<\/td>\n<td>100%<\/td>\n<\/tr>\n<tr>\n<td>Kalium<\/td>\n<td>280 mg<\/td>\n<td>14%<\/td>\n<\/tr>\n<tr>\n<td>Calcium<\/td>\n<td>26,3 mg<\/td>\n<td>3%<\/td>\n<\/tr>\n<tr>\n<td>Magnesium<\/td>\n<td>104 mg<\/td>\n<td>28%<\/td>\n<\/tr>\n<tr>\n<td>Zink<\/td>\n<td>12 mg<\/td>\n<td>120%<\/td>\n<\/tr>\n<tr>\n<td>D-Asparagins\u00e4ure<\/td>\n<td>3200 mg<\/td>\n<td>*<\/td>\n<\/tr>\n<tr>\n<td>Maca-Wurzelextrakt 10:1<\/td>\n<td>500 mg<\/td>\n<td>*<\/td>\n<\/tr>\n<tr>\n<td>Shilajit-Extrakt 20:1<\/td>\n<td>500 mg<\/td>\n<td>*<\/td>\n<\/tr>\n<tr>\n<td>Ashwagandha-Wurzelextrakt 10:1<\/td>\n<td>300 mg<\/td>\n<td>*<\/td>\n<\/tr>\n<tr>\n<td>Tribulus Terrestris-Extrakt<\/td>\n<td>250 mg<\/td>\n<td>*<\/td>\n<\/tr>\n<tr>\n<td>Broccoli-Sprossenextrakt (Sulforaphan)<\/td>\n<td>200 mg<\/td>\n<td>*<\/td>\n<\/tr>\n<tr>\n<td>Irish Sea Moss-Extrakt 15:1<\/td>\n<td>200 mg<\/td>\n<td>*<\/td>\n<\/tr>\n<tr>\n<td>Himalayan Pink Salt<\/td>\n<td>200 mg<\/td>\n<td>*<\/td>\n<\/tr>\n<\/tbody>\n<\/table>\n<p class=\"chcg-footnote\">* Kein festgelegter N\u00e4hrstoffreferenzwert vorhanden.<\/p>\n<\/p><\/div>\n<div class=\"chcg-ingredients\">\n<h3>Zutaten<\/h3>\n<p>D-Asparagins\u00e4ure, S\u00e4uerungsmittel (Zitronens\u00e4ure), Maltodextrin, Kaliumcitrate, Aroma, Maca-Wurzelextrakt (10:1), Shilajit-Extrakt (20:1), Vitamin C (L-Ascorbins\u00e4ure), Magnesiumcitrat, Ashwagandha-Wurzelextrakt (10:1), Tribulus Terrestris, Magnesiumbisglycinate, Broccoli-Sprossenextrakt (Sulforaphan), Himalayan Pink Salt, Irish Sea Moss-Extrakt (15:1), Natriumcitrate, Calciumbisglycinate, Antiklumpmittel (Siliziumdioxid), S\u00fcssstoff (Sucralose), Zinkbisglycinate, Farbstoffe (Curcumin, Carotine), Niacin (Vitamin B3), Pantothens\u00e4ure (Vitamin B5), Vitamin B6 (Pyridoxinhydrochlorid), Riboflavin (Vitamin B2), Thiamin (Vitamin B1), Vitamin B12 (Cyanocobalamin), Fols\u00e4ure, Biotin, Vitamin D3 (Cholecalciferol).<\/p>\n<\/p><\/div>\n<div class=\"chcg-dosage\">\n<h3>Verzehrempfehlung<\/h3>\n<p>1 Messl\u00f6ffel (10 g) mit 250\u2013500 ml kaltem Wasser verr\u00fchren bzw. sch\u00fctteln und trinken. 1 Portion t\u00e4glich einnehmen. Messl\u00f6ffelangaben sind N\u00e4herungswerte; die Verwendung einer K\u00fcchenwaage wird empfohlen.<\/p>\n<\/p><\/div>\n<div class=\"chcg-warnings\">\n<h3>Warnhinweise<\/h3>\n<p>Konsultieren Sie vor der Einnahme dieses Produkts einen qualifizierten Fachmann f\u00fcr Gesundheitsfragen, wenn Sie unter 18 Jahre alt sind, schwanger sind oder ein Baby stillen, oder wenn Sie eine bekannte oder vermutete Erkrankung haben bzw. verschreibungspflichtige oder rezeptfreie Medikamente einnehmen. Dieses Produkt ist kein Ersatz f\u00fcr eine abwechslungsreiche Ern\u00e4hrung und einen gesunden Lebensstil. Das Produkt k\u00fchl und trocken sowie ausserhalb der Reichweite von Kindern aufbewahren. Die empfohlene Tagesdosis nicht \u00fcberschreiten. Mindesthaltbarkeitsdatum und Chargennummer sind auf dem Etikett angegeben.<\/p>\n<\/p><\/div>\n<div class=\"chcg-allergens\">\n<h3>Allergeninformationen<\/h3>\n<p>Enth\u00e4lt keine g\u00e4ngigen Allergene. Hergestellt in einer Anlage, die Milch, Ei, Soja, Fisch, Sellerie sowie glutenhaltige Getreide und daraus hergestellte Erzeugnisse verarbeitet.<\/p>\n<\/p><\/div>\n<div class=\"chcg-storage\">\n<h3>Lagerung<\/h3>\n<p>K\u00fchl und trocken, vor direkter Sonneneinstrahlung gesch\u00fctzt und mit fest verschlossenem Deckel aufbewahren. Ausserhalb der Reichweite von Kindern lagern.<\/p>\n<\/p><\/div>\n<div class=\"chcg-dietary\">\n<h3>Ern\u00e4hrungshinweise<\/h3>\n<ul>\n<li>Vegetarisch<\/li>\n<\/ul><\/div>\n<\/div>\n","protected":false},"excerpt":{"rendered":"<p>Agewell 40+ TRT von Applied Nutrition ist ein Multivitamin-Pulver mit Vitaminen, Mineralstoffen und Pflanzenextrakten f\u00fcr M\u00e4nner ab 40. Orange-Burst-Geschmack, 300 g (30 Portionen). T\u00e4glich 1 Messl\u00f6ffel in Wasser.<\/p>\n","protected":false},"featured_media":6249,"comment_status":"closed","ping_status":"open","template":"","meta":[],"product_brand":[173],"product_cat":[48,51,26,21],"product_tag":[],"class_list":{"0":"post-6248","1":"product","2":"type-product","3":"status-publish","4":"has-post-thumbnail","6":"product_brand-applied-nutrition","7":"product_cat-gesunde-ernaehrung","8":"product_cat-multimineralien","9":"product_cat-multivitamine","10":"product_cat-vitamine-und-mineralstoffe","12":"first","13":"outofstock","14":"taxable","15":"shipping-taxable","16":"purchasable","17":"product-type-simple"},"yoast_head":"<!-- This site is optimized with the Yoast SEO plugin v27.5 - https:\/\/yoast.com\/product\/yoast-seo-wordpress\/ -->\n<title>Agewell 40+ TRT Pulver \u2013 Applied Nutrition | ecosupplements.ch<\/title>\n<meta name=\"description\" content=\"Multivitamin-Pulver f\u00fcr M\u00e4nner ab 40 mit Vitaminen, Mineralstoffen und Pflanzenextrakten \u2013 300 g (30 Portionen). Jetzt bestellen.\" \/>\n<meta name=\"robots\" content=\"index, follow, max-snippet:-1, max-image-preview:large, max-video-preview:-1\" \/>\n<link rel=\"canonical\" href=\"https:\/\/ecosupplements.ch\/?product=agewell-40-trt-orange-burst-300g\" \/>\n<meta property=\"og:locale\" content=\"de_DE\" \/>\n<meta property=\"og:type\" content=\"article\" \/>\n<meta property=\"og:title\" content=\"Agewell 40+ TRT Pulver \u2013 Applied Nutrition | ecosupplements.ch\" \/>\n<meta property=\"og:description\" content=\"Multivitamin-Pulver f\u00fcr M\u00e4nner ab 40 mit Vitaminen, Mineralstoffen und Pflanzenextrakten \u2013 300 g (30 Portionen). Jetzt bestellen.\" \/>\n<meta property=\"og:url\" content=\"https:\/\/ecosupplements.ch\/?product=agewell-40-trt-orange-burst-300g\" \/>\n<meta property=\"og:site_name\" content=\"Eco Supplements\" \/>\n<meta property=\"article:modified_time\" content=\"2026-05-13T07:29:09+00:00\" \/>\n<meta property=\"og:image\" content=\"https:\/\/ecosupplements.ch\/wp-content\/uploads\/2026\/05\/Agewell-40-TRT-Orange-Burst-300g.jpg\" \/>\n\t<meta property=\"og:image:width\" content=\"600\" \/>\n\t<meta property=\"og:image:height\" content=\"600\" \/>\n\t<meta property=\"og:image:type\" content=\"image\/jpeg\" \/>\n<meta name=\"twitter:card\" content=\"summary_large_image\" \/>\n<meta name=\"twitter:label1\" content=\"Price\" \/>\n\t<meta name=\"twitter:data1\" content=\"&#067;&#072;&#070;&nbsp;25.52\" \/>\n\t<meta name=\"twitter:label2\" content=\"Availability\" \/>\n\t<meta name=\"twitter:data2\" content=\"Out of stock\" \/>\n<script type=\"application\/ld+json\" class=\"yoast-schema-graph\">{\"@context\":\"https:\\\/\\\/schema.org\",\"@graph\":[{\"@type\":\"WebPage\",\"@id\":\"https:\\\/\\\/ecosupplements.ch\\\/?product=agewell-40-trt-orange-burst-300g\",\"url\":\"https:\\\/\\\/ecosupplements.ch\\\/?product=agewell-40-trt-orange-burst-300g\",\"name\":\"Agewell 40+ TRT Pulver \u2013 Applied Nutrition | ecosupplements.ch\",\"isPartOf\":{\"@id\":\"https:\\\/\\\/ecosupplements.ch\\\/#website\"},\"primaryImageOfPage\":{\"@id\":\"https:\\\/\\\/ecosupplements.ch\\\/?product=agewell-40-trt-orange-burst-300g#primaryimage\"},\"image\":{\"@id\":\"https:\\\/\\\/ecosupplements.ch\\\/?product=agewell-40-trt-orange-burst-300g#primaryimage\"},\"thumbnailUrl\":\"https:\\\/\\\/ecosupplements.ch\\\/wp-content\\\/uploads\\\/2026\\\/05\\\/Agewell-40-TRT-Orange-Burst-300g.jpg\",\"datePublished\":\"2026-05-11T15:13:27+00:00\",\"dateModified\":\"2026-05-13T07:29:09+00:00\",\"description\":\"Multivitamin-Pulver f\u00fcr M\u00e4nner ab 40 mit Vitaminen, Mineralstoffen und Pflanzenextrakten \u2013 300 g (30 Portionen). Jetzt bestellen.\",\"breadcrumb\":{\"@id\":\"https:\\\/\\\/ecosupplements.ch\\\/?product=agewell-40-trt-orange-burst-300g#breadcrumb\"},\"inLanguage\":\"de-CH\",\"potentialAction\":[{\"@type\":\"ReadAction\",\"target\":[\"https:\\\/\\\/ecosupplements.ch\\\/?product=agewell-40-trt-orange-burst-300g\"]}]},{\"@type\":\"ImageObject\",\"inLanguage\":\"de-CH\",\"@id\":\"https:\\\/\\\/ecosupplements.ch\\\/?product=agewell-40-trt-orange-burst-300g#primaryimage\",\"url\":\"https:\\\/\\\/ecosupplements.ch\\\/wp-content\\\/uploads\\\/2026\\\/05\\\/Agewell-40-TRT-Orange-Burst-300g.jpg\",\"contentUrl\":\"https:\\\/\\\/ecosupplements.ch\\\/wp-content\\\/uploads\\\/2026\\\/05\\\/Agewell-40-TRT-Orange-Burst-300g.jpg\",\"width\":600,\"height\":600,\"caption\":\"Agewell 40+ TRT\"},{\"@type\":\"BreadcrumbList\",\"@id\":\"https:\\\/\\\/ecosupplements.ch\\\/?product=agewell-40-trt-orange-burst-300g#breadcrumb\",\"itemListElement\":[{\"@type\":\"ListItem\",\"position\":1,\"name\":\"Home\",\"item\":\"https:\\\/\\\/ecosupplements.ch\\\/\"},{\"@type\":\"ListItem\",\"position\":2,\"name\":\"Shop\",\"item\":\"https:\\\/\\\/ecosupplements.ch\\\/?page_id=14\"},{\"@type\":\"ListItem\",\"position\":3,\"name\":\"Agewell 40+ TRT, Orange Burst &#8211; 300g\"}]},{\"@type\":\"WebSite\",\"@id\":\"https:\\\/\\\/ecosupplements.ch\\\/#website\",\"url\":\"https:\\\/\\\/ecosupplements.ch\\\/\",\"name\":\"Eco Supplements\",\"description\":\"\",\"potentialAction\":[{\"@type\":\"SearchAction\",\"target\":{\"@type\":\"EntryPoint\",\"urlTemplate\":\"https:\\\/\\\/ecosupplements.ch\\\/?s={search_term_string}\"},\"query-input\":{\"@type\":\"PropertyValueSpecification\",\"valueRequired\":true,\"valueName\":\"search_term_string\"}}],\"inLanguage\":\"de-CH\"}]}<\/script>\n<meta property=\"product:price:amount\" content=\"25.52\" \/>\n<meta property=\"product:price:currency\" content=\"CHF\" \/>\n<meta property=\"og:availability\" content=\"out of stock\" \/>\n<meta property=\"product:availability\" content=\"out of stock\" \/>\n<meta property=\"product:retailer_item_id\" content=\"5056555210055\" \/>\n<meta property=\"product:condition\" content=\"new\" \/>\n<!-- \/ Yoast SEO plugin. -->","yoast_head_json":{"title":"Agewell 40+ TRT Pulver \u2013 Applied Nutrition | ecosupplements.ch","description":"Multivitamin-Pulver f\u00fcr M\u00e4nner ab 40 mit Vitaminen, Mineralstoffen und Pflanzenextrakten \u2013 300 g (30 Portionen). Jetzt bestellen.","robots":{"index":"index","follow":"follow","max-snippet":"max-snippet:-1","max-image-preview":"max-image-preview:large","max-video-preview":"max-video-preview:-1"},"canonical":"https:\/\/ecosupplements.ch\/?product=agewell-40-trt-orange-burst-300g","og_locale":"de_DE","og_type":"article","og_title":"Agewell 40+ TRT Pulver \u2013 Applied Nutrition | ecosupplements.ch","og_description":"Multivitamin-Pulver f\u00fcr M\u00e4nner ab 40 mit Vitaminen, Mineralstoffen und Pflanzenextrakten \u2013 300 g (30 Portionen). Jetzt bestellen.","og_url":"https:\/\/ecosupplements.ch\/?product=agewell-40-trt-orange-burst-300g","og_site_name":"Eco Supplements","article_modified_time":"2026-05-13T07:29:09+00:00","og_image":[{"width":600,"height":600,"url":"https:\/\/ecosupplements.ch\/wp-content\/uploads\/2026\/05\/Agewell-40-TRT-Orange-Burst-300g.jpg","type":"image\/jpeg"}],"twitter_card":"summary_large_image","twitter_misc":{"Price":"&#67;&#72;&#70;&nbsp;25.52","Availability":"Out of stock"},"schema":{"@context":"https:\/\/schema.org","@graph":[{"@type":"WebPage","@id":"https:\/\/ecosupplements.ch\/?product=agewell-40-trt-orange-burst-300g","url":"https:\/\/ecosupplements.ch\/?product=agewell-40-trt-orange-burst-300g","name":"Agewell 40+ TRT Pulver \u2013 Applied Nutrition | ecosupplements.ch","isPartOf":{"@id":"https:\/\/ecosupplements.ch\/#website"},"primaryImageOfPage":{"@id":"https:\/\/ecosupplements.ch\/?product=agewell-40-trt-orange-burst-300g#primaryimage"},"image":{"@id":"https:\/\/ecosupplements.ch\/?product=agewell-40-trt-orange-burst-300g#primaryimage"},"thumbnailUrl":"https:\/\/ecosupplements.ch\/wp-content\/uploads\/2026\/05\/Agewell-40-TRT-Orange-Burst-300g.jpg","datePublished":"2026-05-11T15:13:27+00:00","dateModified":"2026-05-13T07:29:09+00:00","description":"Multivitamin-Pulver f\u00fcr M\u00e4nner ab 40 mit Vitaminen, Mineralstoffen und Pflanzenextrakten \u2013 300 g (30 Portionen). Jetzt bestellen.","breadcrumb":{"@id":"https:\/\/ecosupplements.ch\/?product=agewell-40-trt-orange-burst-300g#breadcrumb"},"inLanguage":"de-CH","potentialAction":[{"@type":"ReadAction","target":["https:\/\/ecosupplements.ch\/?product=agewell-40-trt-orange-burst-300g"]}]},{"@type":"ImageObject","inLanguage":"de-CH","@id":"https:\/\/ecosupplements.ch\/?product=agewell-40-trt-orange-burst-300g#primaryimage","url":"https:\/\/ecosupplements.ch\/wp-content\/uploads\/2026\/05\/Agewell-40-TRT-Orange-Burst-300g.jpg","contentUrl":"https:\/\/ecosupplements.ch\/wp-content\/uploads\/2026\/05\/Agewell-40-TRT-Orange-Burst-300g.jpg","width":600,"height":600,"caption":"Agewell 40+ TRT"},{"@type":"BreadcrumbList","@id":"https:\/\/ecosupplements.ch\/?product=agewell-40-trt-orange-burst-300g#breadcrumb","itemListElement":[{"@type":"ListItem","position":1,"name":"Home","item":"https:\/\/ecosupplements.ch\/"},{"@type":"ListItem","position":2,"name":"Shop","item":"https:\/\/ecosupplements.ch\/?page_id=14"},{"@type":"ListItem","position":3,"name":"Agewell 40+ TRT, Orange Burst &#8211; 300g"}]},{"@type":"WebSite","@id":"https:\/\/ecosupplements.ch\/#website","url":"https:\/\/ecosupplements.ch\/","name":"Eco Supplements","description":"","potentialAction":[{"@type":"SearchAction","target":{"@type":"EntryPoint","urlTemplate":"https:\/\/ecosupplements.ch\/?s={search_term_string}"},"query-input":{"@type":"PropertyValueSpecification","valueRequired":true,"valueName":"search_term_string"}}],"inLanguage":"de-CH"}]},"product_price_amount":"25.52","product_price_currency":"CHF","og_availability":"out of stock","product_availability":"out of stock","product_retailer_item_id":"5056555210055","product_condition":"new"},"_links":{"self":[{"href":"https:\/\/ecosupplements.ch\/index.php?rest_route=\/wp\/v2\/product\/6248","targetHints":{"allow":["GET"]}}],"collection":[{"href":"https:\/\/ecosupplements.ch\/index.php?rest_route=\/wp\/v2\/product"}],"about":[{"href":"https:\/\/ecosupplements.ch\/index.php?rest_route=\/wp\/v2\/types\/product"}],"replies":[{"embeddable":true,"href":"https:\/\/ecosupplements.ch\/index.php?rest_route=%2Fwp%2Fv2%2Fcomments&post=6248"}],"wp:featuredmedia":[{"embeddable":true,"href":"https:\/\/ecosupplements.ch\/index.php?rest_route=\/wp\/v2\/media\/6249"}],"wp:attachment":[{"href":"https:\/\/ecosupplements.ch\/index.php?rest_route=%2Fwp%2Fv2%2Fmedia&parent=6248"}],"wp:term":[{"taxonomy":"product_brand","embeddable":true,"href":"https:\/\/ecosupplements.ch\/index.php?rest_route=%2Fwp%2Fv2%2Fproduct_brand&post=6248"},{"taxonomy":"product_cat","embeddable":true,"href":"https:\/\/ecosupplements.ch\/index.php?rest_route=%2Fwp%2Fv2%2Fproduct_cat&post=6248"},{"taxonomy":"product_tag","embeddable":true,"href":"https:\/\/ecosupplements.ch\/index.php?rest_route=%2Fwp%2Fv2%2Fproduct_tag&post=6248"}],"curies":[{"name":"wp","href":"https:\/\/api.w.org\/{rel}","templated":true}]}}