{"id":6254,"date":"2026-05-11T15:13:29","date_gmt":"2026-05-11T15:13:29","guid":{"rendered":"https:\/\/ecosupplements.ch\/?product=aura-herbals-berberine-500-mg-berberis-aristata-60-caps"},"modified":"2026-05-13T07:27:56","modified_gmt":"2026-05-13T07:27:56","slug":"aura-herbals-berberine-500-mg-berberis-aristata-60-caps","status":"publish","type":"product","link":"https:\/\/ecosupplements.ch\/?product=aura-herbals-berberine-500-mg-berberis-aristata-60-caps","title":{"rendered":"AURA HERBALS Berberine, 500 mg &#8211; Berberis aristata (60 caps)"},"content":{"rendered":"<div class=\"chcg-product-description\">\n<h2 class=\"chcg-heading\">\u00dcber Aura Herbals \u2013 Berberine, 500 mg \u2013 Berberis aristata (60 Kapseln)<\/h2>\n<div class=\"chcg-intro\">\n<p>Berberine von Aura Herbals liefert pro Tagesdosis zwei Kapseln mit insgesamt 500 mg Berberis-aristata-Rindenextrakt, standardisiert auf 98 % Berberin-Hydrochlorid \u2013 das entspricht 490 mg reinem Berberin HCL. Der verwendete Extrakt weist ein Droge-Extrakt-Verh\u00e4ltnis von 18:1 auf, was f\u00fcr eine hohe Konzentration der Wirkstoffe aus der Berberitzenwurzel steht.<\/p>\n<p>Die Formel wird durch Inulin als nat\u00fcrlichen Ballaststoff sowie L-Leucin erg\u00e4nzt. Die Kapselh\u00fclle besteht aus Hydroxypropylmethylcellulose (HPMC) pflanzlichen Ursprungs, sodass das Produkt sowohl f\u00fcr Veganer als auch f\u00fcr Vegetarier geeignet ist.<\/p>\n<p>Mit 60 Kapseln pro Packung deckt dieses Produkt einen Vorrat von 30 Tagen ab \u2013 bei konsequenter Einnahme gem\u00e4ss der Verzehrempfehlung.<\/p>\n<\/p><\/div>\n<div class=\"chcg-nutrition\">\n<h3>N\u00e4hrwertangaben<\/h3>\n<table class=\"chcg-nutrition-table\">\n<thead>\n<tr>\n<th>N\u00e4hrstoff<\/th>\n<th>Pro Portion (2 Kapseln)<\/th>\n<\/tr>\n<\/thead>\n<tbody>\n<tr>\n<td>Berberis-aristata-Rindenextrakt<\/td>\n<td>500 mg*<\/td>\n<\/tr>\n<tr>\n<td>\u2013 davon Berberin (Berberin HCL)<\/td>\n<td>490 mg (2273 % NRV)<\/td>\n<\/tr>\n<tr>\n<td>L-Leucin<\/td>\n<td>22 mg*<\/td>\n<\/tr>\n<\/tbody>\n<\/table>\n<p class=\"chcg-footnote\">* Kein festgelegter Tagesbedarf (NRV nicht etabliert).<\/p>\n<p class=\"chcg-footnote\">NRV = Referenzwerte f\u00fcr die N\u00e4hrstoffzufuhr.<\/p>\n<\/p><\/div>\n<div class=\"chcg-ingredients\">\n<h3>Zutaten<\/h3>\n<p>Berberitzenwurzelextrakt (<em>Berberis aristata<\/em>) DER 18:1, standardisiert auf 98 % Berberin HCL (Berberinhydrochlorid), Inulin, L-Leucin, Kapselh\u00fclle: Hydroxypropylmethylcellulose.<\/p>\n<p class=\"chcg-capsule-shell\">Kapselh\u00fclle: Hydroxypropylmethylcellulose (HPMC) \u2013 pflanzlichen Ursprungs, geeignet f\u00fcr Veganer und Vegetarier.<\/p>\n<\/p><\/div>\n<div class=\"chcg-dosage\">\n<h3>Verzehrempfehlung<\/h3>\n<p>1 Kapsel mit Wasser einnehmen. Zweimal t\u00e4glich verwenden. Empfohlene Tagesdosis: 2 Kapseln (30 Portionen pro Packung). Die empfohlene Tagesdosis nicht \u00fcberschreiten.<\/p>\n<\/p><\/div>\n<div class=\"chcg-warnings\">\n<h3>Warnhinweise<\/h3>\n<p>Nicht verwenden bei \u00dcberempfindlichkeit (Allergie) gegen\u00fcber einem der Inhaltsstoffe des Nahrungserg\u00e4nzungsmittels. Nahrungserg\u00e4nzungsmittel sind kein Ersatz f\u00fcr eine abwechslungsreiche Ern\u00e4hrung. Eine ausgewogene Ern\u00e4hrung und ein gesunder Lebensstil sind wichtig und empfehlenswert. Nicht empfohlen f\u00fcr Kinder, Schwangere oder stillende Frauen. Ausserhalb der Reichweite von Kindern aufbewahren.<\/p>\n<\/p><\/div>\n<div class=\"chcg-allergens\">\n<h3>Allergeninformationen<\/h3>\n<p>Keine Allergene ausdr\u00fccklich deklariert. Nicht verwenden, wenn eine Allergie gegen\u00fcber einem der Inhaltsstoffe des Nahrungserg\u00e4nzungsmittels besteht.<\/p>\n<\/p><\/div>\n<div class=\"chcg-storage\">\n<h3>Lagerung<\/h3>\n<p>An einem trockenen Ort bei einer Temperatur von 15\u201325 \u00b0C lagern. Nicht einfrieren. Ausserhalb der Reichweite von Kleinkindern aufbewahren. Mindesthaltbarkeitsdatum und Chargennummer befinden sich auf der Unterseite der Verpackung.<\/p>\n<\/p><\/div>\n<div class=\"chcg-dietary\">\n<h3>Ern\u00e4hrungshinweise<\/h3>\n<ul>\n<li>Vegan<\/li>\n<li>Vegetarisch<\/li>\n<\/ul><\/div>\n<\/div>\n","protected":false},"excerpt":{"rendered":"<p>Hochdosiertes Berberin aus Berberis aristata \u2013 490 mg Berberin HCL pro Tagesdosis in veganen HPMC-Kapseln. 60 Kapseln f\u00fcr 30 Tage Anwendung.<\/p>\n","protected":false},"featured_media":6255,"comment_status":"closed","ping_status":"open","template":"","meta":[],"product_brand":[311],"product_cat":[21],"product_tag":[],"class_list":{"0":"post-6254","1":"product","2":"type-product","3":"status-publish","4":"has-post-thumbnail","6":"product_brand-aura-herbals","7":"product_cat-vitamine-und-mineralstoffe","9":"first","10":"outofstock","11":"taxable","12":"shipping-taxable","13":"purchasable","14":"product-type-simple"},"yoast_head":"<!-- This site is optimized with the Yoast SEO plugin v27.5 - https:\/\/yoast.com\/product\/yoast-seo-wordpress\/ -->\n<title>Berberine 500 mg Berberis aristata \u2013 Aura Herbals | ecosupplements.ch<\/title>\n<meta name=\"description\" content=\"490 mg Berberin HCL pro Tagesdosis aus standardisiertem Berberis-aristata-Extrakt \u2013 60 vegane Kapseln. Jetzt bestellen.\" \/>\n<meta name=\"robots\" content=\"index, follow, max-snippet:-1, max-image-preview:large, max-video-preview:-1\" \/>\n<link rel=\"canonical\" href=\"https:\/\/ecosupplements.ch\/?product=aura-herbals-berberine-500-mg-berberis-aristata-60-caps\" \/>\n<meta property=\"og:locale\" content=\"de_DE\" \/>\n<meta property=\"og:type\" content=\"article\" \/>\n<meta property=\"og:title\" content=\"Berberine 500 mg Berberis aristata \u2013 Aura Herbals | ecosupplements.ch\" \/>\n<meta property=\"og:description\" content=\"490 mg Berberin HCL pro Tagesdosis aus standardisiertem Berberis-aristata-Extrakt \u2013 60 vegane Kapseln. Jetzt bestellen.\" \/>\n<meta property=\"og:url\" content=\"https:\/\/ecosupplements.ch\/?product=aura-herbals-berberine-500-mg-berberis-aristata-60-caps\" \/>\n<meta property=\"og:site_name\" content=\"Eco Supplements\" \/>\n<meta property=\"article:modified_time\" content=\"2026-05-13T07:27:56+00:00\" \/>\n<meta property=\"og:image\" content=\"https:\/\/ecosupplements.ch\/wp-content\/uploads\/2026\/05\/AURA-HERBALS-Berberine-500-mg-Berberis-aristata-60-caps.jpg\" \/>\n\t<meta property=\"og:image:width\" content=\"1080\" \/>\n\t<meta property=\"og:image:height\" content=\"1080\" \/>\n\t<meta property=\"og:image:type\" content=\"image\/jpeg\" \/>\n<meta name=\"twitter:card\" content=\"summary_large_image\" \/>\n<meta name=\"twitter:label1\" content=\"Price\" \/>\n\t<meta name=\"twitter:data1\" content=\"&#067;&#072;&#070;&nbsp;11.00\" \/>\n\t<meta name=\"twitter:label2\" content=\"Availability\" \/>\n\t<meta name=\"twitter:data2\" content=\"Out of stock\" \/>\n<script type=\"application\/ld+json\" class=\"yoast-schema-graph\">{\"@context\":\"https:\\\/\\\/schema.org\",\"@graph\":[{\"@type\":\"WebPage\",\"@id\":\"https:\\\/\\\/ecosupplements.ch\\\/?product=aura-herbals-berberine-500-mg-berberis-aristata-60-caps\",\"url\":\"https:\\\/\\\/ecosupplements.ch\\\/?product=aura-herbals-berberine-500-mg-berberis-aristata-60-caps\",\"name\":\"Berberine 500 mg Berberis aristata \u2013 Aura Herbals | ecosupplements.ch\",\"isPartOf\":{\"@id\":\"https:\\\/\\\/ecosupplements.ch\\\/#website\"},\"primaryImageOfPage\":{\"@id\":\"https:\\\/\\\/ecosupplements.ch\\\/?product=aura-herbals-berberine-500-mg-berberis-aristata-60-caps#primaryimage\"},\"image\":{\"@id\":\"https:\\\/\\\/ecosupplements.ch\\\/?product=aura-herbals-berberine-500-mg-berberis-aristata-60-caps#primaryimage\"},\"thumbnailUrl\":\"https:\\\/\\\/ecosupplements.ch\\\/wp-content\\\/uploads\\\/2026\\\/05\\\/AURA-HERBALS-Berberine-500-mg-Berberis-aristata-60-caps.jpg\",\"datePublished\":\"2026-05-11T15:13:29+00:00\",\"dateModified\":\"2026-05-13T07:27:56+00:00\",\"description\":\"490 mg Berberin HCL pro Tagesdosis aus standardisiertem Berberis-aristata-Extrakt \u2013 60 vegane Kapseln. Jetzt bestellen.\",\"breadcrumb\":{\"@id\":\"https:\\\/\\\/ecosupplements.ch\\\/?product=aura-herbals-berberine-500-mg-berberis-aristata-60-caps#breadcrumb\"},\"inLanguage\":\"de-CH\",\"potentialAction\":[{\"@type\":\"ReadAction\",\"target\":[\"https:\\\/\\\/ecosupplements.ch\\\/?product=aura-herbals-berberine-500-mg-berberis-aristata-60-caps\"]}]},{\"@type\":\"ImageObject\",\"inLanguage\":\"de-CH\",\"@id\":\"https:\\\/\\\/ecosupplements.ch\\\/?product=aura-herbals-berberine-500-mg-berberis-aristata-60-caps#primaryimage\",\"url\":\"https:\\\/\\\/ecosupplements.ch\\\/wp-content\\\/uploads\\\/2026\\\/05\\\/AURA-HERBALS-Berberine-500-mg-Berberis-aristata-60-caps.jpg\",\"contentUrl\":\"https:\\\/\\\/ecosupplements.ch\\\/wp-content\\\/uploads\\\/2026\\\/05\\\/AURA-HERBALS-Berberine-500-mg-Berberis-aristata-60-caps.jpg\",\"width\":1080,\"height\":1080,\"caption\":\"AURA HERBALS Berberine\"},{\"@type\":\"BreadcrumbList\",\"@id\":\"https:\\\/\\\/ecosupplements.ch\\\/?product=aura-herbals-berberine-500-mg-berberis-aristata-60-caps#breadcrumb\",\"itemListElement\":[{\"@type\":\"ListItem\",\"position\":1,\"name\":\"Home\",\"item\":\"https:\\\/\\\/ecosupplements.ch\\\/\"},{\"@type\":\"ListItem\",\"position\":2,\"name\":\"Shop\",\"item\":\"https:\\\/\\\/ecosupplements.ch\\\/?page_id=14\"},{\"@type\":\"ListItem\",\"position\":3,\"name\":\"AURA HERBALS Berberine, 500 mg &#8211; Berberis aristata (60 caps)\"}]},{\"@type\":\"WebSite\",\"@id\":\"https:\\\/\\\/ecosupplements.ch\\\/#website\",\"url\":\"https:\\\/\\\/ecosupplements.ch\\\/\",\"name\":\"Eco Supplements\",\"description\":\"\",\"potentialAction\":[{\"@type\":\"SearchAction\",\"target\":{\"@type\":\"EntryPoint\",\"urlTemplate\":\"https:\\\/\\\/ecosupplements.ch\\\/?s={search_term_string}\"},\"query-input\":{\"@type\":\"PropertyValueSpecification\",\"valueRequired\":true,\"valueName\":\"search_term_string\"}}],\"inLanguage\":\"de-CH\"}]}<\/script>\n<meta property=\"product:price:amount\" content=\"11.00\" \/>\n<meta property=\"product:price:currency\" content=\"CHF\" \/>\n<meta property=\"og:availability\" content=\"out of stock\" \/>\n<meta property=\"product:availability\" content=\"out of stock\" \/>\n<meta property=\"product:retailer_item_id\" content=\"5902479614076\" \/>\n<meta property=\"product:condition\" content=\"new\" \/>\n<!-- \/ Yoast SEO plugin. -->","yoast_head_json":{"title":"Berberine 500 mg Berberis aristata \u2013 Aura Herbals | ecosupplements.ch","description":"490 mg Berberin HCL pro Tagesdosis aus standardisiertem Berberis-aristata-Extrakt \u2013 60 vegane Kapseln. Jetzt bestellen.","robots":{"index":"index","follow":"follow","max-snippet":"max-snippet:-1","max-image-preview":"max-image-preview:large","max-video-preview":"max-video-preview:-1"},"canonical":"https:\/\/ecosupplements.ch\/?product=aura-herbals-berberine-500-mg-berberis-aristata-60-caps","og_locale":"de_DE","og_type":"article","og_title":"Berberine 500 mg Berberis aristata \u2013 Aura Herbals | ecosupplements.ch","og_description":"490 mg Berberin HCL pro Tagesdosis aus standardisiertem Berberis-aristata-Extrakt \u2013 60 vegane Kapseln. Jetzt bestellen.","og_url":"https:\/\/ecosupplements.ch\/?product=aura-herbals-berberine-500-mg-berberis-aristata-60-caps","og_site_name":"Eco Supplements","article_modified_time":"2026-05-13T07:27:56+00:00","og_image":[{"width":1080,"height":1080,"url":"https:\/\/ecosupplements.ch\/wp-content\/uploads\/2026\/05\/AURA-HERBALS-Berberine-500-mg-Berberis-aristata-60-caps.jpg","type":"image\/jpeg"}],"twitter_card":"summary_large_image","twitter_misc":{"Price":"&#67;&#72;&#70;&nbsp;11.00","Availability":"Out of stock"},"schema":{"@context":"https:\/\/schema.org","@graph":[{"@type":"WebPage","@id":"https:\/\/ecosupplements.ch\/?product=aura-herbals-berberine-500-mg-berberis-aristata-60-caps","url":"https:\/\/ecosupplements.ch\/?product=aura-herbals-berberine-500-mg-berberis-aristata-60-caps","name":"Berberine 500 mg Berberis aristata \u2013 Aura Herbals | ecosupplements.ch","isPartOf":{"@id":"https:\/\/ecosupplements.ch\/#website"},"primaryImageOfPage":{"@id":"https:\/\/ecosupplements.ch\/?product=aura-herbals-berberine-500-mg-berberis-aristata-60-caps#primaryimage"},"image":{"@id":"https:\/\/ecosupplements.ch\/?product=aura-herbals-berberine-500-mg-berberis-aristata-60-caps#primaryimage"},"thumbnailUrl":"https:\/\/ecosupplements.ch\/wp-content\/uploads\/2026\/05\/AURA-HERBALS-Berberine-500-mg-Berberis-aristata-60-caps.jpg","datePublished":"2026-05-11T15:13:29+00:00","dateModified":"2026-05-13T07:27:56+00:00","description":"490 mg Berberin HCL pro Tagesdosis aus standardisiertem Berberis-aristata-Extrakt \u2013 60 vegane Kapseln. Jetzt bestellen.","breadcrumb":{"@id":"https:\/\/ecosupplements.ch\/?product=aura-herbals-berberine-500-mg-berberis-aristata-60-caps#breadcrumb"},"inLanguage":"de-CH","potentialAction":[{"@type":"ReadAction","target":["https:\/\/ecosupplements.ch\/?product=aura-herbals-berberine-500-mg-berberis-aristata-60-caps"]}]},{"@type":"ImageObject","inLanguage":"de-CH","@id":"https:\/\/ecosupplements.ch\/?product=aura-herbals-berberine-500-mg-berberis-aristata-60-caps#primaryimage","url":"https:\/\/ecosupplements.ch\/wp-content\/uploads\/2026\/05\/AURA-HERBALS-Berberine-500-mg-Berberis-aristata-60-caps.jpg","contentUrl":"https:\/\/ecosupplements.ch\/wp-content\/uploads\/2026\/05\/AURA-HERBALS-Berberine-500-mg-Berberis-aristata-60-caps.jpg","width":1080,"height":1080,"caption":"AURA HERBALS Berberine"},{"@type":"BreadcrumbList","@id":"https:\/\/ecosupplements.ch\/?product=aura-herbals-berberine-500-mg-berberis-aristata-60-caps#breadcrumb","itemListElement":[{"@type":"ListItem","position":1,"name":"Home","item":"https:\/\/ecosupplements.ch\/"},{"@type":"ListItem","position":2,"name":"Shop","item":"https:\/\/ecosupplements.ch\/?page_id=14"},{"@type":"ListItem","position":3,"name":"AURA HERBALS Berberine, 500 mg &#8211; Berberis aristata (60 caps)"}]},{"@type":"WebSite","@id":"https:\/\/ecosupplements.ch\/#website","url":"https:\/\/ecosupplements.ch\/","name":"Eco Supplements","description":"","potentialAction":[{"@type":"SearchAction","target":{"@type":"EntryPoint","urlTemplate":"https:\/\/ecosupplements.ch\/?s={search_term_string}"},"query-input":{"@type":"PropertyValueSpecification","valueRequired":true,"valueName":"search_term_string"}}],"inLanguage":"de-CH"}]},"product_price_amount":"11.00","product_price_currency":"CHF","og_availability":"out of stock","product_availability":"out of stock","product_retailer_item_id":"5902479614076","product_condition":"new"},"_links":{"self":[{"href":"https:\/\/ecosupplements.ch\/index.php?rest_route=\/wp\/v2\/product\/6254","targetHints":{"allow":["GET"]}}],"collection":[{"href":"https:\/\/ecosupplements.ch\/index.php?rest_route=\/wp\/v2\/product"}],"about":[{"href":"https:\/\/ecosupplements.ch\/index.php?rest_route=\/wp\/v2\/types\/product"}],"replies":[{"embeddable":true,"href":"https:\/\/ecosupplements.ch\/index.php?rest_route=%2Fwp%2Fv2%2Fcomments&post=6254"}],"wp:featuredmedia":[{"embeddable":true,"href":"https:\/\/ecosupplements.ch\/index.php?rest_route=\/wp\/v2\/media\/6255"}],"wp:attachment":[{"href":"https:\/\/ecosupplements.ch\/index.php?rest_route=%2Fwp%2Fv2%2Fmedia&parent=6254"}],"wp:term":[{"taxonomy":"product_brand","embeddable":true,"href":"https:\/\/ecosupplements.ch\/index.php?rest_route=%2Fwp%2Fv2%2Fproduct_brand&post=6254"},{"taxonomy":"product_cat","embeddable":true,"href":"https:\/\/ecosupplements.ch\/index.php?rest_route=%2Fwp%2Fv2%2Fproduct_cat&post=6254"},{"taxonomy":"product_tag","embeddable":true,"href":"https:\/\/ecosupplements.ch\/index.php?rest_route=%2Fwp%2Fv2%2Fproduct_tag&post=6254"}],"curies":[{"name":"wp","href":"https:\/\/api.w.org\/{rel}","templated":true}]}}