{"id":6266,"date":"2026-05-11T15:13:35","date_gmt":"2026-05-11T15:13:35","guid":{"rendered":"https:\/\/ecosupplements.ch\/?product=aura-herbals-omega-vitamin-d3-2000-iu-60-sgel-caps"},"modified":"2026-05-13T07:27:58","modified_gmt":"2026-05-13T07:27:58","slug":"aura-herbals-omega-vitamin-d3-2000-iu-60-sgel-caps","status":"publish","type":"product","link":"https:\/\/ecosupplements.ch\/?product=aura-herbals-omega-vitamin-d3-2000-iu-60-sgel-caps","title":{"rendered":"AURA HERBALS Omega+ Vitamin D3 2000 IU (60 sgel caps)"},"content":{"rendered":"<div class=\"chcg-product-description\">\n<h2 class=\"chcg-heading\">\u00dcber Aura Herbals \u2013 Omega+ Vitamin D3 2000 IU (60 Softgel-Kapseln)<\/h2>\n<div class=\"chcg-intro\">\n<p>Omega+ Vitamin D3 2000 IU von Aura Herbals vereint hochwertiges Fisch\u00f6l mit Vitamin D3 (Cholecalciferol) in einer praktischen Softgel-Kapsel. Jede Kapsel liefert 1000 mg Fisch\u00f6l mit 360 mg EPA und 240 mg DHA sowie 50 \u00b5g (2000 IU) Vitamin D3 \u2013 N\u00e4hrstoffe, die gezielt auf den Bedarf gesunder Erwachsener abgestimmt sind.<\/p>\n<p>DHA tr\u00e4gt zur Erhaltung der normalen Gehirnfunktion und normalen Sehkraft bei. EPA und DHA tragen zur normalen Herzfunktion bei. Vitamin D tr\u00e4gt zur normalen Funktion des Immunsystems, zur Erhaltung normaler Knochen und Muskeln sowie zur normalen Aufnahme und Verwertung von Kalzium und Phosphor bei.<\/p>\n<p>Die flexible Dosierung \u2013 1 Kapsel f\u00fcr gesunde Erwachsene bis 75 Jahre, 2 Kapseln f\u00fcr gesunde Erwachsene \u00fcber 75 Jahre \u2013 erm\u00f6glicht eine einfache Anpassung an individuelle Bed\u00fcrfnisse. Die Softgel-Form sorgt f\u00fcr eine angenehme Einnahme und eine gute Vertr\u00e4glichkeit.<\/p>\n<\/p><\/div>\n<div class=\"chcg-nutrition\">\n<h3>N\u00e4hrwertangaben<\/h3>\n<table class=\"chcg-nutrition-table\">\n<thead>\n<tr>\n<th>N\u00e4hrstoff<\/th>\n<th>Pro 1 Kapsel<\/th>\n<th>Pro 2 Kapseln*<\/th>\n<th>% NRV (1 Kapsel)<\/th>\n<th>% NRV (2 Kapseln)<\/th>\n<\/tr>\n<\/thead>\n<tbody>\n<tr>\n<td>Fisch\u00f6l, davon:<\/td>\n<td>1000 mg<\/td>\n<td>2000 mg<\/td>\n<td>\u2014<\/td>\n<td>\u2014<\/td>\n<\/tr>\n<tr>\n<td>\u2013 EPA (Eicosapentaens\u00e4ure)<\/td>\n<td>360 mg<\/td>\n<td>720 mg<\/td>\n<td>\u2014<\/td>\n<td>\u2014<\/td>\n<\/tr>\n<tr>\n<td>\u2013 DHA (Docosahexaens\u00e4ure)<\/td>\n<td>240 mg<\/td>\n<td>480 mg<\/td>\n<td>\u2014<\/td>\n<td>\u2014<\/td>\n<\/tr>\n<tr>\n<td>Vitamin D (Cholecalciferol)<\/td>\n<td>50 \u00b5g (2000 IU)<\/td>\n<td>100 \u00b5g (4000 IU)<\/td>\n<td>1000 %<\/td>\n<td>2000 %<\/td>\n<\/tr>\n<\/tbody>\n<\/table>\n<p class=\"chcg-footnote\">* 2 Kapseln: empfohlen f\u00fcr gesunde Personen \u00fcber 75 Jahre.<\/p>\n<p class=\"chcg-footnote\">NRV = N\u00e4hrstoffbezugswert (Nutrient Reference Value)<\/p>\n<\/p><\/div>\n<div class=\"chcg-ingredients\">\n<h3>Zutaten<\/h3>\n<p>Fisch\u00f6l (Quelle f\u00fcr Fetts\u00e4uren, einschliesslich EPA und DHA), Cholecalciferol (Vitamin D aus Lanolin).<\/p>\n<p class=\"chcg-capsule-shell\">Kapselh\u00fclle: Gelatine, Glycerin, Wasser.<\/p>\n<\/p><\/div>\n<div class=\"chcg-dosage\">\n<h3>Verzehrempfehlung<\/h3>\n<p>T\u00e4glich 1\u20132 Kapseln mit Wasser einnehmen. 1 Kapsel f\u00fcr gesunde Erwachsene bis 75 Jahre; 2 Kapseln f\u00fcr gesunde Erwachsene \u00fcber 75 Jahre. Die empfohlene Tagesdosis nicht \u00fcberschreiten.<\/p>\n<\/p><\/div>\n<div class=\"chcg-warnings\">\n<h3>Warnhinweise<\/h3>\n<p>Nicht verwenden bei \u00dcberempfindlichkeit (Allergie) gegen\u00fcber einem der Inhaltsstoffe des Nahrungserg\u00e4nzungsmittels. Vor der Einnahme empfiehlt es sich, einen 25-(OH)D-Bluttest durchf\u00fchren zu lassen und das Ergebnis mit einem Arzt oder Apotheker zu besprechen. Ein Nahrungserg\u00e4nzungsmittel kann eine abwechslungsreiche Ern\u00e4hrung nicht ersetzen. Eine ausgewogene Ern\u00e4hrung und eine gesunde Lebensweise sind sehr wichtig und werden empfohlen.<\/p>\n<\/p><\/div>\n<div class=\"chcg-allergens\">\n<h3>Allergeninformationen<\/h3>\n<p>Enth\u00e4lt Fisch (Sardellen). Nicht verwenden bei \u00dcberempfindlichkeit (Allergie) gegen\u00fcber einem der Inhaltsstoffe des Nahrungserg\u00e4nzungsmittels.<\/p>\n<\/p><\/div>\n<div class=\"chcg-storage\">\n<h3>Lagerung<\/h3>\n<p>Bei Temperaturen unter 25 \u00b0C an einem trockenen Ort und ausserhalb der Reichweite von kleinen Kindern aufbewahren. Mindesthaltbarkeitsdatum und Chargennummer befinden sich auf der Unterseite der Verpackung.<\/p>\n<\/p><\/div>\n<div class=\"chcg-dietary\">\n<h3>Ern\u00e4hrungshinweise<\/h3>\n<ul>\n<li>Nicht vegan<\/li>\n<li>Nicht vegetarisch<\/li>\n<\/ul><\/div>\n<\/div>\n","protected":false},"excerpt":{"rendered":"<p>Omega+ Vitamin D3 2000 IU von Aura Herbals liefert hochwertiges Fisch\u00f6l (EPA &amp; DHA) kombiniert mit Vitamin D3 zur Unterst\u00fctzung von Herz, Immunsystem und Knochen. 60 Softgel-Kapseln, flexible Dosierung f\u00fcr Erwachsene jeden Alters.<\/p>\n","protected":false},"featured_media":6267,"comment_status":"closed","ping_status":"open","template":"","meta":[],"product_brand":[311],"product_cat":[27,33,30,31,171,21],"product_tag":[],"class_list":{"0":"post-6266","1":"product","2":"type-product","3":"status-publish","4":"has-post-thumbnail","6":"product_brand-aura-herbals","7":"product_cat-einige-vitamine","8":"product_cat-omega-fettsaeuren-essentielle-fettsaeuren-konjugierte-linolsaeure-oele","9":"product_cat-vitamin-d","10":"product_cat-vitamin-k","11":"product_cat-vitamine-und-mineralien","12":"product_cat-vitamine-und-mineralstoffe","14":"first","15":"outofstock","16":"taxable","17":"shipping-taxable","18":"purchasable","19":"product-type-simple"},"yoast_head":"<!-- This site is optimized with the Yoast SEO plugin v27.5 - https:\/\/yoast.com\/product\/yoast-seo-wordpress\/ -->\n<title>Omega+ Vitamin D3 2000 IU \u2013 Aura Herbals | ecosupplements.ch<\/title>\n<meta name=\"description\" content=\"Fisch\u00f6l mit EPA, DHA und Vitamin D3 in 60 Softgel-Kapseln \u2013 f\u00fcr Herz, Immunsystem und Knochen. Jetzt bestellen.\" \/>\n<meta name=\"robots\" content=\"index, follow, max-snippet:-1, max-image-preview:large, max-video-preview:-1\" \/>\n<link rel=\"canonical\" href=\"https:\/\/ecosupplements.ch\/?product=aura-herbals-omega-vitamin-d3-2000-iu-60-sgel-caps\" \/>\n<meta property=\"og:locale\" content=\"de_DE\" \/>\n<meta property=\"og:type\" content=\"article\" \/>\n<meta property=\"og:title\" content=\"Omega+ Vitamin D3 2000 IU \u2013 Aura Herbals | ecosupplements.ch\" \/>\n<meta property=\"og:description\" content=\"Fisch\u00f6l mit EPA, DHA und Vitamin D3 in 60 Softgel-Kapseln \u2013 f\u00fcr Herz, Immunsystem und Knochen. Jetzt bestellen.\" \/>\n<meta property=\"og:url\" content=\"https:\/\/ecosupplements.ch\/?product=aura-herbals-omega-vitamin-d3-2000-iu-60-sgel-caps\" \/>\n<meta property=\"og:site_name\" content=\"Eco Supplements\" \/>\n<meta property=\"article:modified_time\" content=\"2026-05-13T07:27:58+00:00\" \/>\n<meta property=\"og:image\" content=\"https:\/\/ecosupplements.ch\/wp-content\/uploads\/2026\/05\/AURA-HERBALS-Omega-Vitamin-D3-2000-IU-60-sgel-caps.jpg\" \/>\n\t<meta property=\"og:image:width\" content=\"1024\" \/>\n\t<meta property=\"og:image:height\" content=\"1024\" \/>\n\t<meta property=\"og:image:type\" content=\"image\/jpeg\" \/>\n<meta name=\"twitter:card\" content=\"summary_large_image\" \/>\n<meta name=\"twitter:label1\" content=\"Price\" \/>\n\t<meta name=\"twitter:data1\" content=\"&#067;&#072;&#070;&nbsp;8.23\" \/>\n\t<meta name=\"twitter:label2\" content=\"Availability\" \/>\n\t<meta name=\"twitter:data2\" content=\"Out of stock\" \/>\n<script type=\"application\/ld+json\" class=\"yoast-schema-graph\">{\"@context\":\"https:\\\/\\\/schema.org\",\"@graph\":[{\"@type\":\"WebPage\",\"@id\":\"https:\\\/\\\/ecosupplements.ch\\\/?product=aura-herbals-omega-vitamin-d3-2000-iu-60-sgel-caps\",\"url\":\"https:\\\/\\\/ecosupplements.ch\\\/?product=aura-herbals-omega-vitamin-d3-2000-iu-60-sgel-caps\",\"name\":\"Omega+ Vitamin D3 2000 IU \u2013 Aura Herbals | ecosupplements.ch\",\"isPartOf\":{\"@id\":\"https:\\\/\\\/ecosupplements.ch\\\/#website\"},\"primaryImageOfPage\":{\"@id\":\"https:\\\/\\\/ecosupplements.ch\\\/?product=aura-herbals-omega-vitamin-d3-2000-iu-60-sgel-caps#primaryimage\"},\"image\":{\"@id\":\"https:\\\/\\\/ecosupplements.ch\\\/?product=aura-herbals-omega-vitamin-d3-2000-iu-60-sgel-caps#primaryimage\"},\"thumbnailUrl\":\"https:\\\/\\\/ecosupplements.ch\\\/wp-content\\\/uploads\\\/2026\\\/05\\\/AURA-HERBALS-Omega-Vitamin-D3-2000-IU-60-sgel-caps.jpg\",\"datePublished\":\"2026-05-11T15:13:35+00:00\",\"dateModified\":\"2026-05-13T07:27:58+00:00\",\"description\":\"Fisch\u00f6l mit EPA, DHA und Vitamin D3 in 60 Softgel-Kapseln \u2013 f\u00fcr Herz, Immunsystem und Knochen. Jetzt bestellen.\",\"breadcrumb\":{\"@id\":\"https:\\\/\\\/ecosupplements.ch\\\/?product=aura-herbals-omega-vitamin-d3-2000-iu-60-sgel-caps#breadcrumb\"},\"inLanguage\":\"de-CH\",\"potentialAction\":[{\"@type\":\"ReadAction\",\"target\":[\"https:\\\/\\\/ecosupplements.ch\\\/?product=aura-herbals-omega-vitamin-d3-2000-iu-60-sgel-caps\"]}]},{\"@type\":\"ImageObject\",\"inLanguage\":\"de-CH\",\"@id\":\"https:\\\/\\\/ecosupplements.ch\\\/?product=aura-herbals-omega-vitamin-d3-2000-iu-60-sgel-caps#primaryimage\",\"url\":\"https:\\\/\\\/ecosupplements.ch\\\/wp-content\\\/uploads\\\/2026\\\/05\\\/AURA-HERBALS-Omega-Vitamin-D3-2000-IU-60-sgel-caps.jpg\",\"contentUrl\":\"https:\\\/\\\/ecosupplements.ch\\\/wp-content\\\/uploads\\\/2026\\\/05\\\/AURA-HERBALS-Omega-Vitamin-D3-2000-IU-60-sgel-caps.jpg\",\"width\":1024,\"height\":1024,\"caption\":\"AURA HERBALS Omega+ Vitamin D3 2000 IU (60 sgel caps)\"},{\"@type\":\"BreadcrumbList\",\"@id\":\"https:\\\/\\\/ecosupplements.ch\\\/?product=aura-herbals-omega-vitamin-d3-2000-iu-60-sgel-caps#breadcrumb\",\"itemListElement\":[{\"@type\":\"ListItem\",\"position\":1,\"name\":\"Home\",\"item\":\"https:\\\/\\\/ecosupplements.ch\\\/\"},{\"@type\":\"ListItem\",\"position\":2,\"name\":\"Shop\",\"item\":\"https:\\\/\\\/ecosupplements.ch\\\/?page_id=14\"},{\"@type\":\"ListItem\",\"position\":3,\"name\":\"AURA HERBALS Omega+ Vitamin D3 2000 IU (60 sgel caps)\"}]},{\"@type\":\"WebSite\",\"@id\":\"https:\\\/\\\/ecosupplements.ch\\\/#website\",\"url\":\"https:\\\/\\\/ecosupplements.ch\\\/\",\"name\":\"Eco Supplements\",\"description\":\"\",\"potentialAction\":[{\"@type\":\"SearchAction\",\"target\":{\"@type\":\"EntryPoint\",\"urlTemplate\":\"https:\\\/\\\/ecosupplements.ch\\\/?s={search_term_string}\"},\"query-input\":{\"@type\":\"PropertyValueSpecification\",\"valueRequired\":true,\"valueName\":\"search_term_string\"}}],\"inLanguage\":\"de-CH\"}]}<\/script>\n<meta property=\"product:price:amount\" content=\"8.23\" \/>\n<meta property=\"product:price:currency\" content=\"CHF\" \/>\n<meta property=\"og:availability\" content=\"out of stock\" \/>\n<meta property=\"product:availability\" content=\"out of stock\" \/>\n<meta property=\"product:retailer_item_id\" content=\"5902479612911\" \/>\n<meta property=\"product:condition\" content=\"new\" \/>\n<!-- \/ Yoast SEO plugin. -->","yoast_head_json":{"title":"Omega+ Vitamin D3 2000 IU \u2013 Aura Herbals | ecosupplements.ch","description":"Fisch\u00f6l mit EPA, DHA und Vitamin D3 in 60 Softgel-Kapseln \u2013 f\u00fcr Herz, Immunsystem und Knochen. Jetzt bestellen.","robots":{"index":"index","follow":"follow","max-snippet":"max-snippet:-1","max-image-preview":"max-image-preview:large","max-video-preview":"max-video-preview:-1"},"canonical":"https:\/\/ecosupplements.ch\/?product=aura-herbals-omega-vitamin-d3-2000-iu-60-sgel-caps","og_locale":"de_DE","og_type":"article","og_title":"Omega+ Vitamin D3 2000 IU \u2013 Aura Herbals | ecosupplements.ch","og_description":"Fisch\u00f6l mit EPA, DHA und Vitamin D3 in 60 Softgel-Kapseln \u2013 f\u00fcr Herz, Immunsystem und Knochen. Jetzt bestellen.","og_url":"https:\/\/ecosupplements.ch\/?product=aura-herbals-omega-vitamin-d3-2000-iu-60-sgel-caps","og_site_name":"Eco Supplements","article_modified_time":"2026-05-13T07:27:58+00:00","og_image":[{"width":1024,"height":1024,"url":"https:\/\/ecosupplements.ch\/wp-content\/uploads\/2026\/05\/AURA-HERBALS-Omega-Vitamin-D3-2000-IU-60-sgel-caps.jpg","type":"image\/jpeg"}],"twitter_card":"summary_large_image","twitter_misc":{"Price":"&#67;&#72;&#70;&nbsp;8.23","Availability":"Out of stock"},"schema":{"@context":"https:\/\/schema.org","@graph":[{"@type":"WebPage","@id":"https:\/\/ecosupplements.ch\/?product=aura-herbals-omega-vitamin-d3-2000-iu-60-sgel-caps","url":"https:\/\/ecosupplements.ch\/?product=aura-herbals-omega-vitamin-d3-2000-iu-60-sgel-caps","name":"Omega+ Vitamin D3 2000 IU \u2013 Aura Herbals | ecosupplements.ch","isPartOf":{"@id":"https:\/\/ecosupplements.ch\/#website"},"primaryImageOfPage":{"@id":"https:\/\/ecosupplements.ch\/?product=aura-herbals-omega-vitamin-d3-2000-iu-60-sgel-caps#primaryimage"},"image":{"@id":"https:\/\/ecosupplements.ch\/?product=aura-herbals-omega-vitamin-d3-2000-iu-60-sgel-caps#primaryimage"},"thumbnailUrl":"https:\/\/ecosupplements.ch\/wp-content\/uploads\/2026\/05\/AURA-HERBALS-Omega-Vitamin-D3-2000-IU-60-sgel-caps.jpg","datePublished":"2026-05-11T15:13:35+00:00","dateModified":"2026-05-13T07:27:58+00:00","description":"Fisch\u00f6l mit EPA, DHA und Vitamin D3 in 60 Softgel-Kapseln \u2013 f\u00fcr Herz, Immunsystem und Knochen. Jetzt bestellen.","breadcrumb":{"@id":"https:\/\/ecosupplements.ch\/?product=aura-herbals-omega-vitamin-d3-2000-iu-60-sgel-caps#breadcrumb"},"inLanguage":"de-CH","potentialAction":[{"@type":"ReadAction","target":["https:\/\/ecosupplements.ch\/?product=aura-herbals-omega-vitamin-d3-2000-iu-60-sgel-caps"]}]},{"@type":"ImageObject","inLanguage":"de-CH","@id":"https:\/\/ecosupplements.ch\/?product=aura-herbals-omega-vitamin-d3-2000-iu-60-sgel-caps#primaryimage","url":"https:\/\/ecosupplements.ch\/wp-content\/uploads\/2026\/05\/AURA-HERBALS-Omega-Vitamin-D3-2000-IU-60-sgel-caps.jpg","contentUrl":"https:\/\/ecosupplements.ch\/wp-content\/uploads\/2026\/05\/AURA-HERBALS-Omega-Vitamin-D3-2000-IU-60-sgel-caps.jpg","width":1024,"height":1024,"caption":"AURA HERBALS Omega+ Vitamin D3 2000 IU (60 sgel caps)"},{"@type":"BreadcrumbList","@id":"https:\/\/ecosupplements.ch\/?product=aura-herbals-omega-vitamin-d3-2000-iu-60-sgel-caps#breadcrumb","itemListElement":[{"@type":"ListItem","position":1,"name":"Home","item":"https:\/\/ecosupplements.ch\/"},{"@type":"ListItem","position":2,"name":"Shop","item":"https:\/\/ecosupplements.ch\/?page_id=14"},{"@type":"ListItem","position":3,"name":"AURA HERBALS Omega+ Vitamin D3 2000 IU (60 sgel caps)"}]},{"@type":"WebSite","@id":"https:\/\/ecosupplements.ch\/#website","url":"https:\/\/ecosupplements.ch\/","name":"Eco Supplements","description":"","potentialAction":[{"@type":"SearchAction","target":{"@type":"EntryPoint","urlTemplate":"https:\/\/ecosupplements.ch\/?s={search_term_string}"},"query-input":{"@type":"PropertyValueSpecification","valueRequired":true,"valueName":"search_term_string"}}],"inLanguage":"de-CH"}]},"product_price_amount":"8.23","product_price_currency":"CHF","og_availability":"out of stock","product_availability":"out of stock","product_retailer_item_id":"5902479612911","product_condition":"new"},"_links":{"self":[{"href":"https:\/\/ecosupplements.ch\/index.php?rest_route=\/wp\/v2\/product\/6266","targetHints":{"allow":["GET"]}}],"collection":[{"href":"https:\/\/ecosupplements.ch\/index.php?rest_route=\/wp\/v2\/product"}],"about":[{"href":"https:\/\/ecosupplements.ch\/index.php?rest_route=\/wp\/v2\/types\/product"}],"replies":[{"embeddable":true,"href":"https:\/\/ecosupplements.ch\/index.php?rest_route=%2Fwp%2Fv2%2Fcomments&post=6266"}],"wp:featuredmedia":[{"embeddable":true,"href":"https:\/\/ecosupplements.ch\/index.php?rest_route=\/wp\/v2\/media\/6267"}],"wp:attachment":[{"href":"https:\/\/ecosupplements.ch\/index.php?rest_route=%2Fwp%2Fv2%2Fmedia&parent=6266"}],"wp:term":[{"taxonomy":"product_brand","embeddable":true,"href":"https:\/\/ecosupplements.ch\/index.php?rest_route=%2Fwp%2Fv2%2Fproduct_brand&post=6266"},{"taxonomy":"product_cat","embeddable":true,"href":"https:\/\/ecosupplements.ch\/index.php?rest_route=%2Fwp%2Fv2%2Fproduct_cat&post=6266"},{"taxonomy":"product_tag","embeddable":true,"href":"https:\/\/ecosupplements.ch\/index.php?rest_route=%2Fwp%2Fv2%2Fproduct_tag&post=6266"}],"curies":[{"name":"wp","href":"https:\/\/api.w.org\/{rel}","templated":true}]}}