{"id":6286,"date":"2026-05-11T15:13:44","date_gmt":"2026-05-11T15:13:44","guid":{"rendered":"https:\/\/ecosupplements.ch\/?product=aura-herbals-vitamin-d3-k2-zinc-selenium-90-tabs"},"modified":"2026-05-13T07:28:00","modified_gmt":"2026-05-13T07:28:00","slug":"aura-herbals-vitamin-d3-k2-zinc-selenium-90-tabs","status":"publish","type":"product","link":"https:\/\/ecosupplements.ch\/?product=aura-herbals-vitamin-d3-k2-zinc-selenium-90-tabs","title":{"rendered":"AURA HERBALS Vitamin D3 + K2 + Zinc + Selenium (90 tabs)"},"content":{"rendered":"<div class=\"chcg-product-description\">\n<h2 class=\"chcg-heading\">\u00dcber Aura Herbals \u2013 Vitamin D3 + K2 + Zinc + Selenium (90 Tabletten)<\/h2>\n<div class=\"chcg-intro\">\n<p>Vitamin D3 + K2 + Zinc + Selenium von Aura Herbals ist eine sorgf\u00e4ltig zusammengestellte Kombination aus vier essenziellen Mikron\u00e4hrstoffen in einer praktischen Tagestablette. Vitamin D3 (Cholecalciferol) tr\u00e4gt zur normalen Funktion des Immunsystems, zur Erhaltung normaler Knochen und Z\u00e4hne sowie zur Erhaltung einer normalen Muskelfunktion bei. Mit einer Dosierung von 2000 IU (50 \u00b5g) pro Tablette deckt dieses Produkt 1000 % des Tagesbedarfs (NRW) ab.<\/p>\n<p>Vitamin K2 in der hochwertigen MK-7-Form \u2013 gewonnen aus fermentiertem Natto \u2013 wird mit 75 \u00b5g pro Tablette bereitgestellt und deckt 100 % des Referenzwertes. Vitamin K2 tr\u00e4gt zur Erhaltung normaler Knochen und zur normalen Blutgerinnung bei. Die Kombination von D3 und K2 ist besonders sinnvoll, da beide Vitamine im Stoffwechsel von Calcium eine wichtige Rolle spielen.<\/p>\n<p>Erg\u00e4nzt wird die Formel durch Zink (3 mg, 30 % NRW) und Selen (16,5 \u00b5g, 30 % NRW). Zink tr\u00e4gt unter anderem zur normalen Funktion des Immunsystems, zur Erhaltung normaler Haut, Haare und N\u00e4gel sowie zum Schutz der Zellen vor oxidativem Stress bei. Selen unterst\u00fctzt ebenfalls die normale Funktion des Immunsystems und tr\u00e4gt zum Schutz der Zellen vor oxidativem Stress bei.<\/p>\n<\/p><\/div>\n<div class=\"chcg-nutrition\">\n<h3>N\u00e4hrwertangaben<\/h3>\n<table class=\"chcg-nutrition-table\">\n<thead>\n<tr>\n<th>N\u00e4hrstoff<\/th>\n<th>Pro Portion (1 Tablette)<\/th>\n<\/tr>\n<\/thead>\n<tbody>\n<tr>\n<td>Vitamin D3 (Cholecalciferol)<\/td>\n<td>50 \u00b5g (2000 IU) \u2014 1000 % NRW<\/td>\n<\/tr>\n<tr>\n<td>Vitamin K2 (Menachinon MK-7)<\/td>\n<td>75 \u00b5g \u2014 100 % NRW<\/td>\n<\/tr>\n<tr>\n<td>Zink<\/td>\n<td>3 mg \u2014 30 % NRW<\/td>\n<\/tr>\n<tr>\n<td>Selen<\/td>\n<td>16,5 \u00b5g \u2014 30 % NRW<\/td>\n<\/tr>\n<\/tbody>\n<\/table>\n<p class=\"chcg-footnote\">NRW = N\u00e4hrstoff-Referenzwert gem\u00e4ss Tagesreferenzwert f\u00fcr Erwachsene.<\/p>\n<\/p><\/div>\n<div class=\"chcg-ingredients\">\n<h3>Zutaten<\/h3>\n<p>F\u00fcllstoff: mikrokristalline Cellulose, Cholecalciferol (Vitamin D3 aus Lanolin), Zinkgluconat (Zink), Maisst\u00e4rke, nat\u00fcrliche Selenhefen (Selen), Menachinon (MK-7, Vitamin K2 aus Natto), Trennmittel: Magnesiumsalze von Fetts\u00e4uren und Siliciumdioxid.<\/p>\n<\/p><\/div>\n<div class=\"chcg-dosage\">\n<h3>Verzehrempfehlung<\/h3>\n<p>1 Tablette t\u00e4glich mit Wasser einnehmen. Empfohlene Tagesdosis: 1 Tablette. Die empfohlene Tagesdosis nicht \u00fcberschreiten.<\/p>\n<\/p><\/div>\n<div class=\"chcg-warnings\">\n<h3>Warnhinweise<\/h3>\n<p>Nicht verwenden bei \u00dcberempfindlichkeit gegen\u00fcber einem der Inhaltsstoffe des Nahrungserg\u00e4nzungsmittels. Nahrungserg\u00e4nzungsmittel sind kein Ersatz f\u00fcr eine abwechslungsreiche Ern\u00e4hrung. Eine ausgewogene Ern\u00e4hrung und eine gesunde Lebensweise sind wichtig und empfehlenswert. Vor der Anwendung wird empfohlen, einen 25-(OH)D-Bluttest durchzuf\u00fchren und das Ergebnis mit einem Arzt oder Apotheker zu besprechen. Das Produkt sollte nicht von Personen eingenommen werden, die Antikoagulanzien mit Vitamin-K-Antagonisten (z. B. Warfarin und Acenocoumarol) einnehmen. Ausserhalb der Reichweite von kleinen Kindern aufbewahren.<\/p>\n<\/p><\/div>\n<div class=\"chcg-allergens\">\n<h3>Allergeninformationen<\/h3>\n<p>Auf der Etikette sind keine Allergene ausdr\u00fccklich deklariert. Vitamin K2 (MK-7) wird aus Natto (fermentierter Soja) gewonnen; Selen stammt aus nat\u00fcrlichen Selenhefen. Dies kann f\u00fcr Personen mit Empfindlichkeit gegen\u00fcber Soja oder Hefe relevant sein.<\/p>\n<\/p><\/div>\n<div class=\"chcg-storage\">\n<h3>Lagerung<\/h3>\n<p>Bei einer Temperatur unter 25 \u00b0C lagern. Nahrungserg\u00e4nzungsmittel ausserhalb der Reichweite von kleinen Kindern aufbewahren.<\/p>\n<\/p><\/div>\n<div class=\"chcg-dietary\">\n<h3>Ern\u00e4hrungshinweise<\/h3>\n<ul>\n<li>Vegetarisch geeignet<\/li>\n<\/ul><\/div>\n<\/div>\n","protected":false},"excerpt":{"rendered":"<p>Aura Herbals Vitamin D3 + K2 + Zinc + Selenium unterst\u00fctzt Immunsystem, Knochen und Zellschutz in einer Tablette t\u00e4glich. 90 Tabletten pro Packung \u2013 praktische Dreimonatskur.<\/p>\n","protected":false},"featured_media":6287,"comment_status":"closed","ping_status":"open","template":"","meta":[],"product_brand":[311],"product_cat":[23,27,26,111,30,31,21,24],"product_tag":[],"class_list":{"0":"post-6286","1":"product","2":"type-product","3":"status-publish","4":"has-post-thumbnail","6":"product_brand-aura-herbals","7":"product_cat-einige-mineralien","8":"product_cat-einige-vitamine","9":"product_cat-multivitamine","10":"product_cat-selen","11":"product_cat-vitamin-d","12":"product_cat-vitamin-k","13":"product_cat-vitamine-und-mineralstoffe","14":"product_cat-zink","16":"first","17":"outofstock","18":"taxable","19":"shipping-taxable","20":"purchasable","21":"product-type-simple"},"yoast_head":"<!-- This site is optimized with the Yoast SEO plugin v27.5 - https:\/\/yoast.com\/product\/yoast-seo-wordpress\/ -->\n<title>Vitamin D3 + K2 + Zinc + Selenium \u2013 Aura Herbals | ecosupplements.ch<\/title>\n<meta name=\"description\" content=\"Vitamin D3, K2 MK-7, Zink und Selen in einer Tablette \u2013 f\u00fcr Immunsystem und Knochen. 90 Tabletten von Aura Herbals. Jetzt bestellen.\" \/>\n<meta name=\"robots\" content=\"index, follow, max-snippet:-1, max-image-preview:large, max-video-preview:-1\" \/>\n<link rel=\"canonical\" href=\"https:\/\/ecosupplements.ch\/?product=aura-herbals-vitamin-d3-k2-zinc-selenium-90-tabs\" \/>\n<meta property=\"og:locale\" content=\"de_DE\" \/>\n<meta property=\"og:type\" content=\"article\" \/>\n<meta property=\"og:title\" content=\"Vitamin D3 + K2 + Zinc + Selenium \u2013 Aura Herbals | ecosupplements.ch\" \/>\n<meta property=\"og:description\" content=\"Vitamin D3, K2 MK-7, Zink und Selen in einer Tablette \u2013 f\u00fcr Immunsystem und Knochen. 90 Tabletten von Aura Herbals. Jetzt bestellen.\" \/>\n<meta property=\"og:url\" content=\"https:\/\/ecosupplements.ch\/?product=aura-herbals-vitamin-d3-k2-zinc-selenium-90-tabs\" \/>\n<meta property=\"og:site_name\" content=\"Eco Supplements\" \/>\n<meta property=\"article:modified_time\" content=\"2026-05-13T07:28:00+00:00\" \/>\n<meta property=\"og:image\" content=\"https:\/\/ecosupplements.ch\/wp-content\/uploads\/2026\/05\/AURA-HERBALS-Vitamin-D3-K2-Zinc-Selenium-90-tabs.jpg\" \/>\n\t<meta property=\"og:image:width\" content=\"1080\" \/>\n\t<meta property=\"og:image:height\" content=\"1080\" \/>\n\t<meta property=\"og:image:type\" content=\"image\/jpeg\" \/>\n<meta name=\"twitter:card\" content=\"summary_large_image\" \/>\n<meta name=\"twitter:label1\" content=\"Price\" \/>\n\t<meta name=\"twitter:data1\" content=\"&#067;&#072;&#070;&nbsp;8.23\" \/>\n\t<meta name=\"twitter:label2\" content=\"Availability\" \/>\n\t<meta name=\"twitter:data2\" content=\"Out of stock\" \/>\n<script type=\"application\/ld+json\" class=\"yoast-schema-graph\">{\"@context\":\"https:\\\/\\\/schema.org\",\"@graph\":[{\"@type\":\"WebPage\",\"@id\":\"https:\\\/\\\/ecosupplements.ch\\\/?product=aura-herbals-vitamin-d3-k2-zinc-selenium-90-tabs\",\"url\":\"https:\\\/\\\/ecosupplements.ch\\\/?product=aura-herbals-vitamin-d3-k2-zinc-selenium-90-tabs\",\"name\":\"Vitamin D3 + K2 + Zinc + Selenium \u2013 Aura Herbals | ecosupplements.ch\",\"isPartOf\":{\"@id\":\"https:\\\/\\\/ecosupplements.ch\\\/#website\"},\"primaryImageOfPage\":{\"@id\":\"https:\\\/\\\/ecosupplements.ch\\\/?product=aura-herbals-vitamin-d3-k2-zinc-selenium-90-tabs#primaryimage\"},\"image\":{\"@id\":\"https:\\\/\\\/ecosupplements.ch\\\/?product=aura-herbals-vitamin-d3-k2-zinc-selenium-90-tabs#primaryimage\"},\"thumbnailUrl\":\"https:\\\/\\\/ecosupplements.ch\\\/wp-content\\\/uploads\\\/2026\\\/05\\\/AURA-HERBALS-Vitamin-D3-K2-Zinc-Selenium-90-tabs.jpg\",\"datePublished\":\"2026-05-11T15:13:44+00:00\",\"dateModified\":\"2026-05-13T07:28:00+00:00\",\"description\":\"Vitamin D3, K2 MK-7, Zink und Selen in einer Tablette \u2013 f\u00fcr Immunsystem und Knochen. 90 Tabletten von Aura Herbals. Jetzt bestellen.\",\"breadcrumb\":{\"@id\":\"https:\\\/\\\/ecosupplements.ch\\\/?product=aura-herbals-vitamin-d3-k2-zinc-selenium-90-tabs#breadcrumb\"},\"inLanguage\":\"de-CH\",\"potentialAction\":[{\"@type\":\"ReadAction\",\"target\":[\"https:\\\/\\\/ecosupplements.ch\\\/?product=aura-herbals-vitamin-d3-k2-zinc-selenium-90-tabs\"]}]},{\"@type\":\"ImageObject\",\"inLanguage\":\"de-CH\",\"@id\":\"https:\\\/\\\/ecosupplements.ch\\\/?product=aura-herbals-vitamin-d3-k2-zinc-selenium-90-tabs#primaryimage\",\"url\":\"https:\\\/\\\/ecosupplements.ch\\\/wp-content\\\/uploads\\\/2026\\\/05\\\/AURA-HERBALS-Vitamin-D3-K2-Zinc-Selenium-90-tabs.jpg\",\"contentUrl\":\"https:\\\/\\\/ecosupplements.ch\\\/wp-content\\\/uploads\\\/2026\\\/05\\\/AURA-HERBALS-Vitamin-D3-K2-Zinc-Selenium-90-tabs.jpg\",\"width\":1080,\"height\":1080,\"caption\":\"AURA HERBALS Vitamin D3 + K2 + Zinc + Selenium (90 tabs)\"},{\"@type\":\"BreadcrumbList\",\"@id\":\"https:\\\/\\\/ecosupplements.ch\\\/?product=aura-herbals-vitamin-d3-k2-zinc-selenium-90-tabs#breadcrumb\",\"itemListElement\":[{\"@type\":\"ListItem\",\"position\":1,\"name\":\"Home\",\"item\":\"https:\\\/\\\/ecosupplements.ch\\\/\"},{\"@type\":\"ListItem\",\"position\":2,\"name\":\"Shop\",\"item\":\"https:\\\/\\\/ecosupplements.ch\\\/?page_id=14\"},{\"@type\":\"ListItem\",\"position\":3,\"name\":\"AURA HERBALS Vitamin D3 + K2 + Zinc + Selenium (90 tabs)\"}]},{\"@type\":\"WebSite\",\"@id\":\"https:\\\/\\\/ecosupplements.ch\\\/#website\",\"url\":\"https:\\\/\\\/ecosupplements.ch\\\/\",\"name\":\"Eco Supplements\",\"description\":\"\",\"potentialAction\":[{\"@type\":\"SearchAction\",\"target\":{\"@type\":\"EntryPoint\",\"urlTemplate\":\"https:\\\/\\\/ecosupplements.ch\\\/?s={search_term_string}\"},\"query-input\":{\"@type\":\"PropertyValueSpecification\",\"valueRequired\":true,\"valueName\":\"search_term_string\"}}],\"inLanguage\":\"de-CH\"}]}<\/script>\n<meta property=\"product:price:amount\" content=\"8.23\" \/>\n<meta property=\"product:price:currency\" content=\"CHF\" \/>\n<meta property=\"og:availability\" content=\"out of stock\" \/>\n<meta property=\"product:availability\" content=\"out of stock\" \/>\n<meta property=\"product:retailer_item_id\" content=\"5902479611297\" \/>\n<meta property=\"product:condition\" content=\"new\" \/>\n<!-- \/ Yoast SEO plugin. -->","yoast_head_json":{"title":"Vitamin D3 + K2 + Zinc + Selenium \u2013 Aura Herbals | ecosupplements.ch","description":"Vitamin D3, K2 MK-7, Zink und Selen in einer Tablette \u2013 f\u00fcr Immunsystem und Knochen. 90 Tabletten von Aura Herbals. Jetzt bestellen.","robots":{"index":"index","follow":"follow","max-snippet":"max-snippet:-1","max-image-preview":"max-image-preview:large","max-video-preview":"max-video-preview:-1"},"canonical":"https:\/\/ecosupplements.ch\/?product=aura-herbals-vitamin-d3-k2-zinc-selenium-90-tabs","og_locale":"de_DE","og_type":"article","og_title":"Vitamin D3 + K2 + Zinc + Selenium \u2013 Aura Herbals | ecosupplements.ch","og_description":"Vitamin D3, K2 MK-7, Zink und Selen in einer Tablette \u2013 f\u00fcr Immunsystem und Knochen. 90 Tabletten von Aura Herbals. Jetzt bestellen.","og_url":"https:\/\/ecosupplements.ch\/?product=aura-herbals-vitamin-d3-k2-zinc-selenium-90-tabs","og_site_name":"Eco Supplements","article_modified_time":"2026-05-13T07:28:00+00:00","og_image":[{"width":1080,"height":1080,"url":"https:\/\/ecosupplements.ch\/wp-content\/uploads\/2026\/05\/AURA-HERBALS-Vitamin-D3-K2-Zinc-Selenium-90-tabs.jpg","type":"image\/jpeg"}],"twitter_card":"summary_large_image","twitter_misc":{"Price":"&#67;&#72;&#70;&nbsp;8.23","Availability":"Out of stock"},"schema":{"@context":"https:\/\/schema.org","@graph":[{"@type":"WebPage","@id":"https:\/\/ecosupplements.ch\/?product=aura-herbals-vitamin-d3-k2-zinc-selenium-90-tabs","url":"https:\/\/ecosupplements.ch\/?product=aura-herbals-vitamin-d3-k2-zinc-selenium-90-tabs","name":"Vitamin D3 + K2 + Zinc + Selenium \u2013 Aura Herbals | ecosupplements.ch","isPartOf":{"@id":"https:\/\/ecosupplements.ch\/#website"},"primaryImageOfPage":{"@id":"https:\/\/ecosupplements.ch\/?product=aura-herbals-vitamin-d3-k2-zinc-selenium-90-tabs#primaryimage"},"image":{"@id":"https:\/\/ecosupplements.ch\/?product=aura-herbals-vitamin-d3-k2-zinc-selenium-90-tabs#primaryimage"},"thumbnailUrl":"https:\/\/ecosupplements.ch\/wp-content\/uploads\/2026\/05\/AURA-HERBALS-Vitamin-D3-K2-Zinc-Selenium-90-tabs.jpg","datePublished":"2026-05-11T15:13:44+00:00","dateModified":"2026-05-13T07:28:00+00:00","description":"Vitamin D3, K2 MK-7, Zink und Selen in einer Tablette \u2013 f\u00fcr Immunsystem und Knochen. 90 Tabletten von Aura Herbals. Jetzt bestellen.","breadcrumb":{"@id":"https:\/\/ecosupplements.ch\/?product=aura-herbals-vitamin-d3-k2-zinc-selenium-90-tabs#breadcrumb"},"inLanguage":"de-CH","potentialAction":[{"@type":"ReadAction","target":["https:\/\/ecosupplements.ch\/?product=aura-herbals-vitamin-d3-k2-zinc-selenium-90-tabs"]}]},{"@type":"ImageObject","inLanguage":"de-CH","@id":"https:\/\/ecosupplements.ch\/?product=aura-herbals-vitamin-d3-k2-zinc-selenium-90-tabs#primaryimage","url":"https:\/\/ecosupplements.ch\/wp-content\/uploads\/2026\/05\/AURA-HERBALS-Vitamin-D3-K2-Zinc-Selenium-90-tabs.jpg","contentUrl":"https:\/\/ecosupplements.ch\/wp-content\/uploads\/2026\/05\/AURA-HERBALS-Vitamin-D3-K2-Zinc-Selenium-90-tabs.jpg","width":1080,"height":1080,"caption":"AURA HERBALS Vitamin D3 + K2 + Zinc + Selenium (90 tabs)"},{"@type":"BreadcrumbList","@id":"https:\/\/ecosupplements.ch\/?product=aura-herbals-vitamin-d3-k2-zinc-selenium-90-tabs#breadcrumb","itemListElement":[{"@type":"ListItem","position":1,"name":"Home","item":"https:\/\/ecosupplements.ch\/"},{"@type":"ListItem","position":2,"name":"Shop","item":"https:\/\/ecosupplements.ch\/?page_id=14"},{"@type":"ListItem","position":3,"name":"AURA HERBALS Vitamin D3 + K2 + Zinc + Selenium (90 tabs)"}]},{"@type":"WebSite","@id":"https:\/\/ecosupplements.ch\/#website","url":"https:\/\/ecosupplements.ch\/","name":"Eco Supplements","description":"","potentialAction":[{"@type":"SearchAction","target":{"@type":"EntryPoint","urlTemplate":"https:\/\/ecosupplements.ch\/?s={search_term_string}"},"query-input":{"@type":"PropertyValueSpecification","valueRequired":true,"valueName":"search_term_string"}}],"inLanguage":"de-CH"}]},"product_price_amount":"8.23","product_price_currency":"CHF","og_availability":"out of stock","product_availability":"out of stock","product_retailer_item_id":"5902479611297","product_condition":"new"},"_links":{"self":[{"href":"https:\/\/ecosupplements.ch\/index.php?rest_route=\/wp\/v2\/product\/6286","targetHints":{"allow":["GET"]}}],"collection":[{"href":"https:\/\/ecosupplements.ch\/index.php?rest_route=\/wp\/v2\/product"}],"about":[{"href":"https:\/\/ecosupplements.ch\/index.php?rest_route=\/wp\/v2\/types\/product"}],"replies":[{"embeddable":true,"href":"https:\/\/ecosupplements.ch\/index.php?rest_route=%2Fwp%2Fv2%2Fcomments&post=6286"}],"wp:featuredmedia":[{"embeddable":true,"href":"https:\/\/ecosupplements.ch\/index.php?rest_route=\/wp\/v2\/media\/6287"}],"wp:attachment":[{"href":"https:\/\/ecosupplements.ch\/index.php?rest_route=%2Fwp%2Fv2%2Fmedia&parent=6286"}],"wp:term":[{"taxonomy":"product_brand","embeddable":true,"href":"https:\/\/ecosupplements.ch\/index.php?rest_route=%2Fwp%2Fv2%2Fproduct_brand&post=6286"},{"taxonomy":"product_cat","embeddable":true,"href":"https:\/\/ecosupplements.ch\/index.php?rest_route=%2Fwp%2Fv2%2Fproduct_cat&post=6286"},{"taxonomy":"product_tag","embeddable":true,"href":"https:\/\/ecosupplements.ch\/index.php?rest_route=%2Fwp%2Fv2%2Fproduct_tag&post=6286"}],"curies":[{"name":"wp","href":"https:\/\/api.w.org\/{rel}","templated":true}]}}