{"id":6300,"date":"2026-05-11T15:13:51","date_gmt":"2026-05-11T15:13:51","guid":{"rendered":"https:\/\/ecosupplements.ch\/?product=aurospirul-guduchi-100-caps"},"modified":"2026-05-13T07:28:01","modified_gmt":"2026-05-13T07:28:01","slug":"aurospirul-guduchi-100-caps","status":"publish","type":"product","link":"https:\/\/ecosupplements.ch\/?product=aurospirul-guduchi-100-caps","title":{"rendered":"AUROSPIRUL Guduchi (100 caps)"},"content":{"rendered":"<div class=\"chcg-product-description\">\n<h2 class=\"chcg-heading\">\u00dcber Aurospirul \u2013 AUROSPIRUL Guduchi (100 Kapseln)<\/h2>\n<div class=\"chcg-intro\">\n<p>Guduchi (<em>Tinospora cordifolia<\/em>) ist eine der am meisten gesch\u00e4tzten Pflanzen der ayurvedischen Tradition und wird seit Jahrhunderten in der indischen Heilkunde verwendet. AUROSPIRUL Guduchi liefert 100 % reines, zertifiziertes Bio-Guduchi-Pulver in praktischer Kapselform \u2013 ohne Zusatzstoffe, ohne F\u00fcllstoffe.<\/p>\n<p>Jede Packung enth\u00e4lt 100 vegetarische Kapseln aus pflanzlicher HPMC-H\u00fclle und eignet sich damit auch f\u00fcr vegane Ern\u00e4hrungsweisen. Die Qualit\u00e4t des Rohstoffs wird durch eine Bio-Zertifizierung gesichert, die eine sorgf\u00e4ltige Auswahl und Verarbeitung der Pflanze garantiert.<\/p>\n<p>Dank der flexiblen Dosierung von 2 bis 6 Kapseln pro Tag l\u00e4sst sich AUROSPIRUL Guduchi einfach in den Alltag integrieren \u2013 ideal als Erg\u00e4nzung zu einer ausgewogenen und abwechslungsreichen Ern\u00e4hrung.<\/p>\n<\/p><\/div>\n<div class=\"chcg-nutrition\">\n<h3>N\u00e4hrwertangaben<\/h3>\n<table class=\"chcg-nutrition-table\">\n<thead>\n<tr>\n<th>N\u00e4hrstoff<\/th>\n<th>Pro Portion<\/th>\n<\/tr>\n<\/thead>\n<tbody>\n<tr>\n<td>Guduchi (<em>Tinospora cordifolia<\/em>) \u2013 pro 2 Kapseln<\/td>\n<td>0,8 g<\/td>\n<\/tr>\n<tr>\n<td>Guduchi (<em>Tinospora cordifolia<\/em>) \u2013 pro 6 Kapseln<\/td>\n<td>2,4 g<\/td>\n<\/tr>\n<\/tbody>\n<\/table>\n<p class=\"chcg-footnote\">* Kein festgelegter Tagesreferenzwert.<\/p>\n<\/p><\/div>\n<div class=\"chcg-ingredients\">\n<h3>Zutaten<\/h3>\n<p>100 % reines, zertifiziertes, biologisches Guduchi (<em>Tinospora cordifolia<\/em>) \u2013 Kraut; pflanzliche Kapselh\u00fclle: Hydroxypropylmethylcellulose (HPMC).<\/p>\n<p class=\"chcg-capsule-shell\">Kapselh\u00fclle: Hydroxypropylmethylcellulose (HPMC) \u2013 pflanzliche Kapsel.<\/p>\n<\/p><\/div>\n<div class=\"chcg-dosage\">\n<h3>Verzehrempfehlung<\/h3>\n<p>2\u20136 Kapseln pro Tag, w\u00e4hrend oder nach einer Mahlzeit. Die empfohlene Tagesdosis nicht \u00fcberschreiten.<\/p>\n<\/p><\/div>\n<div class=\"chcg-warnings\">\n<h3>Warnhinweise<\/h3>\n<p>Dieses Produkt sollte von schwangeren oder stillenden Frauen sowie von Kindern nicht ohne \u00e4rztliche R\u00fccksprache verwendet werden. Nicht verwenden bei Allergie gegen einen der Inhaltsstoffe. Dieses Nahrungserg\u00e4nzungsmittel kann eine abwechslungsreiche Ern\u00e4hrung nicht ersetzen.<\/p>\n<\/p><\/div>\n<div class=\"chcg-allergens\">\n<h3>Allergeninformationen<\/h3>\n<p>Keine Allergene deklariert. Nicht verwenden bei Allergie gegen einen der Inhaltsstoffe.<\/p>\n<\/p><\/div>\n<div class=\"chcg-storage\">\n<h3>Lagerung<\/h3>\n<p>Vor Licht sch\u00fctzen. Bei Raumtemperatur an einem trockenen Ort aufbewahren. Ausserhalb der Reichweite von Kleinkindern lagern.<\/p>\n<\/p><\/div>\n<div class=\"chcg-dietary\">\n<h3>Ern\u00e4hrungshinweise<\/h3>\n<ul>\n<li>Vegan<\/li>\n<li>Vegetarisch<\/li>\n<\/ul><\/div>\n<\/div>\n","protected":false},"excerpt":{"rendered":"<p>AUROSPIRUL Guduchi liefert 100 % reines Bio-Guduchi (Tinospora cordifolia) in praktischen pflanzlichen Kapseln. Inhalt: 100 Kapseln. Vegan und vegetarisch geeignet.<\/p>\n","protected":false},"featured_media":6301,"comment_status":"closed","ping_status":"open","template":"","meta":[],"product_brand":[483],"product_cat":[25,44,171,21],"product_tag":[],"class_list":{"0":"post-6300","1":"product","2":"type-product","3":"status-publish","4":"has-post-thumbnail","6":"product_brand-aurospirul","7":"product_cat-gesundheit-und-wohlbefinden","8":"product_cat-pflanzliche-nahrungsergaenzungsmittel","9":"product_cat-vitamine-und-mineralien","10":"product_cat-vitamine-und-mineralstoffe","12":"first","13":"outofstock","14":"taxable","15":"shipping-taxable","16":"purchasable","17":"product-type-simple"},"yoast_head":"<!-- This site is optimized with the Yoast SEO plugin v27.5 - https:\/\/yoast.com\/product\/yoast-seo-wordpress\/ -->\n<title>AUROSPIRUL Guduchi 100 Kapseln \u2013 Aurospirul | ecosupplements.ch<\/title>\n<meta name=\"description\" content=\"Bio-Guduchi (Tinospora cordifolia) in 100 veganen Kapseln \u2013 100 % reiner Pflanzenstoff ohne Zus\u00e4tze. Jetzt bestellen.\" \/>\n<meta name=\"robots\" content=\"index, follow, max-snippet:-1, max-image-preview:large, max-video-preview:-1\" \/>\n<link rel=\"canonical\" href=\"https:\/\/ecosupplements.ch\/?product=aurospirul-guduchi-100-caps\" \/>\n<meta property=\"og:locale\" content=\"de_DE\" \/>\n<meta property=\"og:type\" content=\"article\" \/>\n<meta property=\"og:title\" content=\"AUROSPIRUL Guduchi 100 Kapseln \u2013 Aurospirul | ecosupplements.ch\" \/>\n<meta property=\"og:description\" content=\"Bio-Guduchi (Tinospora cordifolia) in 100 veganen Kapseln \u2013 100 % reiner Pflanzenstoff ohne Zus\u00e4tze. Jetzt bestellen.\" \/>\n<meta property=\"og:url\" content=\"https:\/\/ecosupplements.ch\/?product=aurospirul-guduchi-100-caps\" \/>\n<meta property=\"og:site_name\" content=\"Eco Supplements\" \/>\n<meta property=\"article:modified_time\" content=\"2026-05-13T07:28:01+00:00\" \/>\n<meta property=\"og:image\" content=\"https:\/\/ecosupplements.ch\/wp-content\/uploads\/2026\/05\/AUROSPIRUL-Guduchi-100-caps.jpg\" \/>\n\t<meta property=\"og:image:width\" content=\"1080\" \/>\n\t<meta property=\"og:image:height\" content=\"1080\" \/>\n\t<meta property=\"og:image:type\" content=\"image\/jpeg\" \/>\n<meta name=\"twitter:card\" content=\"summary_large_image\" \/>\n<meta name=\"twitter:label1\" content=\"Price\" \/>\n\t<meta name=\"twitter:data1\" content=\"&#067;&#072;&#070;&nbsp;16.81\" \/>\n\t<meta name=\"twitter:label2\" content=\"Availability\" \/>\n\t<meta name=\"twitter:data2\" content=\"Out of stock\" \/>\n<script type=\"application\/ld+json\" class=\"yoast-schema-graph\">{\"@context\":\"https:\\\/\\\/schema.org\",\"@graph\":[{\"@type\":\"WebPage\",\"@id\":\"https:\\\/\\\/ecosupplements.ch\\\/?product=aurospirul-guduchi-100-caps\",\"url\":\"https:\\\/\\\/ecosupplements.ch\\\/?product=aurospirul-guduchi-100-caps\",\"name\":\"AUROSPIRUL Guduchi 100 Kapseln \u2013 Aurospirul | ecosupplements.ch\",\"isPartOf\":{\"@id\":\"https:\\\/\\\/ecosupplements.ch\\\/#website\"},\"primaryImageOfPage\":{\"@id\":\"https:\\\/\\\/ecosupplements.ch\\\/?product=aurospirul-guduchi-100-caps#primaryimage\"},\"image\":{\"@id\":\"https:\\\/\\\/ecosupplements.ch\\\/?product=aurospirul-guduchi-100-caps#primaryimage\"},\"thumbnailUrl\":\"https:\\\/\\\/ecosupplements.ch\\\/wp-content\\\/uploads\\\/2026\\\/05\\\/AUROSPIRUL-Guduchi-100-caps.jpg\",\"datePublished\":\"2026-05-11T15:13:51+00:00\",\"dateModified\":\"2026-05-13T07:28:01+00:00\",\"description\":\"Bio-Guduchi (Tinospora cordifolia) in 100 veganen Kapseln \u2013 100 % reiner Pflanzenstoff ohne Zus\u00e4tze. Jetzt bestellen.\",\"breadcrumb\":{\"@id\":\"https:\\\/\\\/ecosupplements.ch\\\/?product=aurospirul-guduchi-100-caps#breadcrumb\"},\"inLanguage\":\"de-CH\",\"potentialAction\":[{\"@type\":\"ReadAction\",\"target\":[\"https:\\\/\\\/ecosupplements.ch\\\/?product=aurospirul-guduchi-100-caps\"]}]},{\"@type\":\"ImageObject\",\"inLanguage\":\"de-CH\",\"@id\":\"https:\\\/\\\/ecosupplements.ch\\\/?product=aurospirul-guduchi-100-caps#primaryimage\",\"url\":\"https:\\\/\\\/ecosupplements.ch\\\/wp-content\\\/uploads\\\/2026\\\/05\\\/AUROSPIRUL-Guduchi-100-caps.jpg\",\"contentUrl\":\"https:\\\/\\\/ecosupplements.ch\\\/wp-content\\\/uploads\\\/2026\\\/05\\\/AUROSPIRUL-Guduchi-100-caps.jpg\",\"width\":1080,\"height\":1080,\"caption\":\"AUROSPIRUL Guduchi (100 caps)\"},{\"@type\":\"BreadcrumbList\",\"@id\":\"https:\\\/\\\/ecosupplements.ch\\\/?product=aurospirul-guduchi-100-caps#breadcrumb\",\"itemListElement\":[{\"@type\":\"ListItem\",\"position\":1,\"name\":\"Home\",\"item\":\"https:\\\/\\\/ecosupplements.ch\\\/\"},{\"@type\":\"ListItem\",\"position\":2,\"name\":\"Shop\",\"item\":\"https:\\\/\\\/ecosupplements.ch\\\/?page_id=14\"},{\"@type\":\"ListItem\",\"position\":3,\"name\":\"AUROSPIRUL Guduchi (100 caps)\"}]},{\"@type\":\"WebSite\",\"@id\":\"https:\\\/\\\/ecosupplements.ch\\\/#website\",\"url\":\"https:\\\/\\\/ecosupplements.ch\\\/\",\"name\":\"Eco Supplements\",\"description\":\"\",\"potentialAction\":[{\"@type\":\"SearchAction\",\"target\":{\"@type\":\"EntryPoint\",\"urlTemplate\":\"https:\\\/\\\/ecosupplements.ch\\\/?s={search_term_string}\"},\"query-input\":{\"@type\":\"PropertyValueSpecification\",\"valueRequired\":true,\"valueName\":\"search_term_string\"}}],\"inLanguage\":\"de-CH\"}]}<\/script>\n<meta property=\"product:price:amount\" content=\"16.81\" \/>\n<meta property=\"product:price:currency\" content=\"CHF\" \/>\n<meta property=\"og:availability\" content=\"out of stock\" \/>\n<meta property=\"product:availability\" content=\"out of stock\" \/>\n<meta property=\"product:retailer_item_id\" content=\"0730490942855\" \/>\n<meta property=\"product:condition\" content=\"new\" \/>\n<!-- \/ Yoast SEO plugin. -->","yoast_head_json":{"title":"AUROSPIRUL Guduchi 100 Kapseln \u2013 Aurospirul | ecosupplements.ch","description":"Bio-Guduchi (Tinospora cordifolia) in 100 veganen Kapseln \u2013 100 % reiner Pflanzenstoff ohne Zus\u00e4tze. Jetzt bestellen.","robots":{"index":"index","follow":"follow","max-snippet":"max-snippet:-1","max-image-preview":"max-image-preview:large","max-video-preview":"max-video-preview:-1"},"canonical":"https:\/\/ecosupplements.ch\/?product=aurospirul-guduchi-100-caps","og_locale":"de_DE","og_type":"article","og_title":"AUROSPIRUL Guduchi 100 Kapseln \u2013 Aurospirul | ecosupplements.ch","og_description":"Bio-Guduchi (Tinospora cordifolia) in 100 veganen Kapseln \u2013 100 % reiner Pflanzenstoff ohne Zus\u00e4tze. Jetzt bestellen.","og_url":"https:\/\/ecosupplements.ch\/?product=aurospirul-guduchi-100-caps","og_site_name":"Eco Supplements","article_modified_time":"2026-05-13T07:28:01+00:00","og_image":[{"width":1080,"height":1080,"url":"https:\/\/ecosupplements.ch\/wp-content\/uploads\/2026\/05\/AUROSPIRUL-Guduchi-100-caps.jpg","type":"image\/jpeg"}],"twitter_card":"summary_large_image","twitter_misc":{"Price":"&#67;&#72;&#70;&nbsp;16.81","Availability":"Out of stock"},"schema":{"@context":"https:\/\/schema.org","@graph":[{"@type":"WebPage","@id":"https:\/\/ecosupplements.ch\/?product=aurospirul-guduchi-100-caps","url":"https:\/\/ecosupplements.ch\/?product=aurospirul-guduchi-100-caps","name":"AUROSPIRUL Guduchi 100 Kapseln \u2013 Aurospirul | ecosupplements.ch","isPartOf":{"@id":"https:\/\/ecosupplements.ch\/#website"},"primaryImageOfPage":{"@id":"https:\/\/ecosupplements.ch\/?product=aurospirul-guduchi-100-caps#primaryimage"},"image":{"@id":"https:\/\/ecosupplements.ch\/?product=aurospirul-guduchi-100-caps#primaryimage"},"thumbnailUrl":"https:\/\/ecosupplements.ch\/wp-content\/uploads\/2026\/05\/AUROSPIRUL-Guduchi-100-caps.jpg","datePublished":"2026-05-11T15:13:51+00:00","dateModified":"2026-05-13T07:28:01+00:00","description":"Bio-Guduchi (Tinospora cordifolia) in 100 veganen Kapseln \u2013 100 % reiner Pflanzenstoff ohne Zus\u00e4tze. Jetzt bestellen.","breadcrumb":{"@id":"https:\/\/ecosupplements.ch\/?product=aurospirul-guduchi-100-caps#breadcrumb"},"inLanguage":"de-CH","potentialAction":[{"@type":"ReadAction","target":["https:\/\/ecosupplements.ch\/?product=aurospirul-guduchi-100-caps"]}]},{"@type":"ImageObject","inLanguage":"de-CH","@id":"https:\/\/ecosupplements.ch\/?product=aurospirul-guduchi-100-caps#primaryimage","url":"https:\/\/ecosupplements.ch\/wp-content\/uploads\/2026\/05\/AUROSPIRUL-Guduchi-100-caps.jpg","contentUrl":"https:\/\/ecosupplements.ch\/wp-content\/uploads\/2026\/05\/AUROSPIRUL-Guduchi-100-caps.jpg","width":1080,"height":1080,"caption":"AUROSPIRUL Guduchi (100 caps)"},{"@type":"BreadcrumbList","@id":"https:\/\/ecosupplements.ch\/?product=aurospirul-guduchi-100-caps#breadcrumb","itemListElement":[{"@type":"ListItem","position":1,"name":"Home","item":"https:\/\/ecosupplements.ch\/"},{"@type":"ListItem","position":2,"name":"Shop","item":"https:\/\/ecosupplements.ch\/?page_id=14"},{"@type":"ListItem","position":3,"name":"AUROSPIRUL Guduchi (100 caps)"}]},{"@type":"WebSite","@id":"https:\/\/ecosupplements.ch\/#website","url":"https:\/\/ecosupplements.ch\/","name":"Eco Supplements","description":"","potentialAction":[{"@type":"SearchAction","target":{"@type":"EntryPoint","urlTemplate":"https:\/\/ecosupplements.ch\/?s={search_term_string}"},"query-input":{"@type":"PropertyValueSpecification","valueRequired":true,"valueName":"search_term_string"}}],"inLanguage":"de-CH"}]},"product_price_amount":"16.81","product_price_currency":"CHF","og_availability":"out of stock","product_availability":"out of stock","product_retailer_item_id":"0730490942855","product_condition":"new"},"_links":{"self":[{"href":"https:\/\/ecosupplements.ch\/index.php?rest_route=\/wp\/v2\/product\/6300","targetHints":{"allow":["GET"]}}],"collection":[{"href":"https:\/\/ecosupplements.ch\/index.php?rest_route=\/wp\/v2\/product"}],"about":[{"href":"https:\/\/ecosupplements.ch\/index.php?rest_route=\/wp\/v2\/types\/product"}],"replies":[{"embeddable":true,"href":"https:\/\/ecosupplements.ch\/index.php?rest_route=%2Fwp%2Fv2%2Fcomments&post=6300"}],"wp:featuredmedia":[{"embeddable":true,"href":"https:\/\/ecosupplements.ch\/index.php?rest_route=\/wp\/v2\/media\/6301"}],"wp:attachment":[{"href":"https:\/\/ecosupplements.ch\/index.php?rest_route=%2Fwp%2Fv2%2Fmedia&parent=6300"}],"wp:term":[{"taxonomy":"product_brand","embeddable":true,"href":"https:\/\/ecosupplements.ch\/index.php?rest_route=%2Fwp%2Fv2%2Fproduct_brand&post=6300"},{"taxonomy":"product_cat","embeddable":true,"href":"https:\/\/ecosupplements.ch\/index.php?rest_route=%2Fwp%2Fv2%2Fproduct_cat&post=6300"},{"taxonomy":"product_tag","embeddable":true,"href":"https:\/\/ecosupplements.ch\/index.php?rest_route=%2Fwp%2Fv2%2Fproduct_tag&post=6300"}],"curies":[{"name":"wp","href":"https:\/\/api.w.org\/{rel}","templated":true}]}}