{"id":6308,"date":"2026-05-11T15:13:55","date_gmt":"2026-05-11T15:13:55","guid":{"rendered":"https:\/\/ecosupplements.ch\/?product=dr-mercola-vitamin-b12-25-ml-0845-fl-oz"},"modified":"2026-05-13T07:28:05","modified_gmt":"2026-05-13T07:28:05","slug":"dr-mercola-vitamin-b12-25-ml-0845-fl-oz","status":"publish","type":"product","link":"https:\/\/ecosupplements.ch\/?product=dr-mercola-vitamin-b12-25-ml-0845-fl-oz","title":{"rendered":"DR. MERCOLA Vitamin B12 (25 ml \/ 0,845 fl. oz.)"},"content":{"rendered":"<div class=\"chcg-product-description\">\n<h2 class=\"chcg-heading\">\u00dcber Dr. Mercola \u2013 DR. MERCOLA Vitamin B12 (25 ml \/ 0,845 fl. oz.)<\/h2>\n<div class=\"chcg-intro\">\n<p>Vitamin B12 ist ein essenzielles Vitamin, das massgeblich zur normalen Funktion des Nervensystems sowie zur Verringerung von M\u00fcdigkeit und Ersch\u00f6pfung beitr\u00e4gt. Das Vitamin B12 Spray von Dr. Mercola liefert 1&#8217;000 mcg Methylcobalamin pro Portion \u2013 eine Form, die vom K\u00f6rper direkt verwertet werden kann. Die praktische Spr\u00fchflasche erm\u00f6glicht eine einfache und pr\u00e4zise Dosierung im Alltag.<\/p>\n<p>Methylcobalamin gilt als besonders bioverf\u00fcgbare Form von Vitamin B12 und ist die nat\u00fcrlich vorkommende Cobalamin-Form, die im menschlichen Gewebe gespeichert wird. Im Gegensatz zu Kapseln oder Tabletten wird dieses fl\u00fcssige Spray sublingual (unter die Zunge) angewendet, was eine schnelle Aufnahme \u00fcber die Mundschleimhaut unterst\u00fctzt.<\/p>\n<p>Die Formulierung von Dr. Mercola ist frei von Gluten, Soja, Zucker, St\u00e4rke, Weizen, Hefe, Salz, Milchprodukten sowie k\u00fcnstlichen Aromen und Farbstoffen. Das Produkt enth\u00e4lt keine tierischen Nebenprodukte und eignet sich damit sowohl f\u00fcr Veganerinnen und Veganer als auch f\u00fcr Vegetarierinnen und Vegetarier.<\/p>\n<\/p><\/div>\n<div class=\"chcg-nutrition\">\n<h3>N\u00e4hrwertangaben<\/h3>\n<table class=\"chcg-nutrition-table\">\n<thead>\n<tr>\n<th>N\u00e4hrstoff<\/th>\n<th>Pro Portion (6 Spr\u00fchst\u00f6sse, ca. 0,78 ml)<\/th>\n<\/tr>\n<\/thead>\n<tbody>\n<tr>\n<td>Vitamin B12 (als Methylcobalamin)<\/td>\n<td>1&#8217;000 mcg (41&#8217;667 % des Tagesbedarfs)<\/td>\n<\/tr>\n<\/tbody>\n<\/table>\n<p class=\"chcg-footnote\">Portionsgr\u00f6sse: 6 Spr\u00fchst\u00f6sse (ca. 0,78 ml) | Portionen pro Beh\u00e4lter: ca. 32<\/p>\n<\/p><\/div>\n<div class=\"chcg-ingredients\">\n<h3>Zutaten<\/h3>\n<p>Vitamin B12 1&#8217;000 mcg 41&#8217;667 % (als Methylcobalamin). Weitere Zutaten: Wasser, pflanzliches Glycerin, nat\u00fcrliche Aromen, Zitronens\u00e4ure, Kaliumsorbat (zur Konservierung der Frische).<\/p>\n<\/p><\/div>\n<div class=\"chcg-dosage\">\n<h3>Verzehrempfehlung<\/h3>\n<p>Erwachsene nehmen als Nahrungserg\u00e4nzungsmittel t\u00e4glich f\u00fcnf (5) bis sechs (6) Spr\u00fchst\u00f6sse. Vor der ersten Verwendung: Lasche vorne abbrechen, kindersicheren Verschluss eindr\u00fccken und nach rechts drehen zum \u00d6ffnen. Gut sch\u00fctteln und den Pumpkopf bei Bedarf 3 weitere Male nach unten dr\u00fccken, um die Pumpe zu entl\u00fcften. Vor dem Gebrauch sch\u00fctteln. F\u00fcr beste Ergebnisse nach dem \u00d6ffnen im K\u00fchlschrank aufbewahren.<\/p>\n<\/p><\/div>\n<div class=\"chcg-warnings\">\n<h3>Warnhinweise<\/h3>\n<p>Nicht in die Augen spr\u00fchen. Ausserhalb der Reichweite von Kindern aufbewahren. Nicht verwenden, wenn das Sicherheitssiegel besch\u00e4digt ist. Wenn Sie stillen, schwanger sind, Medikamente einnehmen oder an einer medizinischen Erkrankung leiden, konsultieren Sie vor der Einnahme dieses Produkts Ihre \u00c4rztin oder Ihren Arzt. Empfohlen ab 18 Jahren, sofern nicht von einer medizinischen Fachperson anders angegeben.<\/p>\n<\/p><\/div>\n<div class=\"chcg-allergens\">\n<h3>Allergeninformationen<\/h3>\n<p>Frei von: Gluten, Soja, Zucker, St\u00e4rke, Weizen, Hefe, Salz, Milchprodukten, k\u00fcnstlichen Aromen und Farbstoffen. Enth\u00e4lt keine tierischen Nebenprodukte.<\/p>\n<\/p><\/div>\n<div class=\"chcg-storage\">\n<h3>Lagerung<\/h3>\n<p>An einem k\u00fchlen, trockenen Ort aufbewahren. L\u00e4ngere Einwirkung von \u00fcberm\u00e4ssiger Hitze vermeiden (z. B. heisses Auto, direkte Sonneneinstrahlung). Haltbarkeit von zwei Jahren bei Lagerung bei Raumtemperatur. K\u00fchlung nach dem \u00d6ffnen empfohlen, jedoch nicht zwingend erforderlich.<\/p>\n<\/p><\/div>\n<div class=\"chcg-dietary\">\n<h3>Ern\u00e4hrungshinweise<\/h3>\n<ul>\n<li>Vegan<\/li>\n<li>Vegetarisch<\/li>\n<li>Glutenfrei<\/li>\n<li>Laktosefrei<\/li>\n<\/ul><\/div>\n<\/div>\n","protected":false},"excerpt":{"rendered":"<p>DR. MERCOLA Vitamin B12 liefert 1&#8217;000 mcg Methylcobalamin pro Portion als praktisches Mundspray zur einfachen t\u00e4glichen Einnahme. Das vegane und glutenfreie Spray (25 ml) unterst\u00fctzt die normale Funktion des Nervensystems und hilft, M\u00fcdigkeit zu reduzieren.<\/p>\n","protected":false},"featured_media":6309,"comment_status":"closed","ping_status":"open","template":"","meta":[],"product_brand":[487],"product_cat":[118,27,28,171,21],"product_tag":[],"class_list":{"0":"post-6308","1":"product","2":"type-product","3":"status-publish","4":"has-post-thumbnail","6":"product_brand-dr-mercola","7":"product_cat-b12","8":"product_cat-einige-vitamine","9":"product_cat-vitamin-b","10":"product_cat-vitamine-und-mineralien","11":"product_cat-vitamine-und-mineralstoffe","13":"first","14":"outofstock","15":"taxable","16":"shipping-taxable","17":"purchasable","18":"product-type-simple"},"yoast_head":"<!-- This site is optimized with the Yoast SEO plugin v27.5 - https:\/\/yoast.com\/product\/yoast-seo-wordpress\/ -->\n<title>DR. MERCOLA Vitamin B12 Spray 25 ml \u2013 Dr. Mercola | ecosupplements.ch<\/title>\n<meta name=\"description\" content=\"Vitamin B12 als Methylcobalamin-Spray \u2013 1&#039;000 mcg pro Portion, vegan und glutenfrei. 25 ml Mundspray von Dr. Mercola f\u00fcr einfache t\u00e4gliche Anwendung. Jetzt bestellen.\" \/>\n<meta name=\"robots\" content=\"index, follow, max-snippet:-1, max-image-preview:large, max-video-preview:-1\" \/>\n<link rel=\"canonical\" href=\"https:\/\/ecosupplements.ch\/?product=dr-mercola-vitamin-b12-25-ml-0845-fl-oz\" \/>\n<meta property=\"og:locale\" content=\"de_DE\" \/>\n<meta property=\"og:type\" content=\"article\" \/>\n<meta property=\"og:title\" content=\"DR. MERCOLA Vitamin B12 Spray 25 ml \u2013 Dr. Mercola | ecosupplements.ch\" \/>\n<meta property=\"og:description\" content=\"Vitamin B12 als Methylcobalamin-Spray \u2013 1&#039;000 mcg pro Portion, vegan und glutenfrei. 25 ml Mundspray von Dr. Mercola f\u00fcr einfache t\u00e4gliche Anwendung. Jetzt bestellen.\" \/>\n<meta property=\"og:url\" content=\"https:\/\/ecosupplements.ch\/?product=dr-mercola-vitamin-b12-25-ml-0845-fl-oz\" \/>\n<meta property=\"og:site_name\" content=\"Eco Supplements\" \/>\n<meta property=\"article:modified_time\" content=\"2026-05-13T07:28:05+00:00\" \/>\n<meta property=\"og:image\" content=\"https:\/\/ecosupplements.ch\/wp-content\/uploads\/2026\/05\/DR.-MERCOLA-Vitamin-B12-25-ml-0845-fl.-oz.jpg\" \/>\n\t<meta property=\"og:image:width\" content=\"600\" \/>\n\t<meta property=\"og:image:height\" content=\"800\" \/>\n\t<meta property=\"og:image:type\" content=\"image\/jpeg\" \/>\n<meta name=\"twitter:card\" content=\"summary_large_image\" \/>\n<meta name=\"twitter:label1\" content=\"Price\" \/>\n\t<meta name=\"twitter:data1\" content=\"&#067;&#072;&#070;&nbsp;26.44\" \/>\n\t<meta name=\"twitter:label2\" content=\"Availability\" \/>\n\t<meta name=\"twitter:data2\" content=\"Out of stock\" \/>\n<script type=\"application\/ld+json\" class=\"yoast-schema-graph\">{\"@context\":\"https:\\\/\\\/schema.org\",\"@graph\":[{\"@type\":\"WebPage\",\"@id\":\"https:\\\/\\\/ecosupplements.ch\\\/?product=dr-mercola-vitamin-b12-25-ml-0845-fl-oz\",\"url\":\"https:\\\/\\\/ecosupplements.ch\\\/?product=dr-mercola-vitamin-b12-25-ml-0845-fl-oz\",\"name\":\"DR. MERCOLA Vitamin B12 Spray 25 ml \u2013 Dr. Mercola | ecosupplements.ch\",\"isPartOf\":{\"@id\":\"https:\\\/\\\/ecosupplements.ch\\\/#website\"},\"primaryImageOfPage\":{\"@id\":\"https:\\\/\\\/ecosupplements.ch\\\/?product=dr-mercola-vitamin-b12-25-ml-0845-fl-oz#primaryimage\"},\"image\":{\"@id\":\"https:\\\/\\\/ecosupplements.ch\\\/?product=dr-mercola-vitamin-b12-25-ml-0845-fl-oz#primaryimage\"},\"thumbnailUrl\":\"https:\\\/\\\/ecosupplements.ch\\\/wp-content\\\/uploads\\\/2026\\\/05\\\/DR.-MERCOLA-Vitamin-B12-25-ml-0845-fl.-oz.jpg\",\"datePublished\":\"2026-05-11T15:13:55+00:00\",\"dateModified\":\"2026-05-13T07:28:05+00:00\",\"description\":\"Vitamin B12 als Methylcobalamin-Spray \u2013 1'000 mcg pro Portion, vegan und glutenfrei. 25 ml Mundspray von Dr. Mercola f\u00fcr einfache t\u00e4gliche Anwendung. Jetzt bestellen.\",\"breadcrumb\":{\"@id\":\"https:\\\/\\\/ecosupplements.ch\\\/?product=dr-mercola-vitamin-b12-25-ml-0845-fl-oz#breadcrumb\"},\"inLanguage\":\"de-CH\",\"potentialAction\":[{\"@type\":\"ReadAction\",\"target\":[\"https:\\\/\\\/ecosupplements.ch\\\/?product=dr-mercola-vitamin-b12-25-ml-0845-fl-oz\"]}]},{\"@type\":\"ImageObject\",\"inLanguage\":\"de-CH\",\"@id\":\"https:\\\/\\\/ecosupplements.ch\\\/?product=dr-mercola-vitamin-b12-25-ml-0845-fl-oz#primaryimage\",\"url\":\"https:\\\/\\\/ecosupplements.ch\\\/wp-content\\\/uploads\\\/2026\\\/05\\\/DR.-MERCOLA-Vitamin-B12-25-ml-0845-fl.-oz.jpg\",\"contentUrl\":\"https:\\\/\\\/ecosupplements.ch\\\/wp-content\\\/uploads\\\/2026\\\/05\\\/DR.-MERCOLA-Vitamin-B12-25-ml-0845-fl.-oz.jpg\",\"width\":600,\"height\":800,\"caption\":\"DR. MERCOLA Vitamin B12 (25 ml \\\/ 0\"},{\"@type\":\"BreadcrumbList\",\"@id\":\"https:\\\/\\\/ecosupplements.ch\\\/?product=dr-mercola-vitamin-b12-25-ml-0845-fl-oz#breadcrumb\",\"itemListElement\":[{\"@type\":\"ListItem\",\"position\":1,\"name\":\"Home\",\"item\":\"https:\\\/\\\/ecosupplements.ch\\\/\"},{\"@type\":\"ListItem\",\"position\":2,\"name\":\"Shop\",\"item\":\"https:\\\/\\\/ecosupplements.ch\\\/?page_id=14\"},{\"@type\":\"ListItem\",\"position\":3,\"name\":\"DR. MERCOLA Vitamin B12 (25 ml \\\/ 0,845 fl. oz.)\"}]},{\"@type\":\"WebSite\",\"@id\":\"https:\\\/\\\/ecosupplements.ch\\\/#website\",\"url\":\"https:\\\/\\\/ecosupplements.ch\\\/\",\"name\":\"Eco Supplements\",\"description\":\"\",\"potentialAction\":[{\"@type\":\"SearchAction\",\"target\":{\"@type\":\"EntryPoint\",\"urlTemplate\":\"https:\\\/\\\/ecosupplements.ch\\\/?s={search_term_string}\"},\"query-input\":{\"@type\":\"PropertyValueSpecification\",\"valueRequired\":true,\"valueName\":\"search_term_string\"}}],\"inLanguage\":\"de-CH\"}]}<\/script>\n<meta property=\"product:price:amount\" content=\"26.44\" \/>\n<meta property=\"product:price:currency\" content=\"CHF\" \/>\n<meta property=\"og:availability\" content=\"out of stock\" \/>\n<meta property=\"product:availability\" content=\"out of stock\" \/>\n<meta property=\"product:retailer_item_id\" content=\"813006010443\" \/>\n<meta property=\"product:condition\" content=\"new\" \/>\n<!-- \/ Yoast SEO plugin. -->","yoast_head_json":{"title":"DR. MERCOLA Vitamin B12 Spray 25 ml \u2013 Dr. Mercola | ecosupplements.ch","description":"Vitamin B12 als Methylcobalamin-Spray \u2013 1'000 mcg pro Portion, vegan und glutenfrei. 25 ml Mundspray von Dr. Mercola f\u00fcr einfache t\u00e4gliche Anwendung. Jetzt bestellen.","robots":{"index":"index","follow":"follow","max-snippet":"max-snippet:-1","max-image-preview":"max-image-preview:large","max-video-preview":"max-video-preview:-1"},"canonical":"https:\/\/ecosupplements.ch\/?product=dr-mercola-vitamin-b12-25-ml-0845-fl-oz","og_locale":"de_DE","og_type":"article","og_title":"DR. MERCOLA Vitamin B12 Spray 25 ml \u2013 Dr. Mercola | ecosupplements.ch","og_description":"Vitamin B12 als Methylcobalamin-Spray \u2013 1'000 mcg pro Portion, vegan und glutenfrei. 25 ml Mundspray von Dr. Mercola f\u00fcr einfache t\u00e4gliche Anwendung. Jetzt bestellen.","og_url":"https:\/\/ecosupplements.ch\/?product=dr-mercola-vitamin-b12-25-ml-0845-fl-oz","og_site_name":"Eco Supplements","article_modified_time":"2026-05-13T07:28:05+00:00","og_image":[{"width":600,"height":800,"url":"https:\/\/ecosupplements.ch\/wp-content\/uploads\/2026\/05\/DR.-MERCOLA-Vitamin-B12-25-ml-0845-fl.-oz.jpg","type":"image\/jpeg"}],"twitter_card":"summary_large_image","twitter_misc":{"Price":"&#67;&#72;&#70;&nbsp;26.44","Availability":"Out of stock"},"schema":{"@context":"https:\/\/schema.org","@graph":[{"@type":"WebPage","@id":"https:\/\/ecosupplements.ch\/?product=dr-mercola-vitamin-b12-25-ml-0845-fl-oz","url":"https:\/\/ecosupplements.ch\/?product=dr-mercola-vitamin-b12-25-ml-0845-fl-oz","name":"DR. MERCOLA Vitamin B12 Spray 25 ml \u2013 Dr. Mercola | ecosupplements.ch","isPartOf":{"@id":"https:\/\/ecosupplements.ch\/#website"},"primaryImageOfPage":{"@id":"https:\/\/ecosupplements.ch\/?product=dr-mercola-vitamin-b12-25-ml-0845-fl-oz#primaryimage"},"image":{"@id":"https:\/\/ecosupplements.ch\/?product=dr-mercola-vitamin-b12-25-ml-0845-fl-oz#primaryimage"},"thumbnailUrl":"https:\/\/ecosupplements.ch\/wp-content\/uploads\/2026\/05\/DR.-MERCOLA-Vitamin-B12-25-ml-0845-fl.-oz.jpg","datePublished":"2026-05-11T15:13:55+00:00","dateModified":"2026-05-13T07:28:05+00:00","description":"Vitamin B12 als Methylcobalamin-Spray \u2013 1'000 mcg pro Portion, vegan und glutenfrei. 25 ml Mundspray von Dr. Mercola f\u00fcr einfache t\u00e4gliche Anwendung. Jetzt bestellen.","breadcrumb":{"@id":"https:\/\/ecosupplements.ch\/?product=dr-mercola-vitamin-b12-25-ml-0845-fl-oz#breadcrumb"},"inLanguage":"de-CH","potentialAction":[{"@type":"ReadAction","target":["https:\/\/ecosupplements.ch\/?product=dr-mercola-vitamin-b12-25-ml-0845-fl-oz"]}]},{"@type":"ImageObject","inLanguage":"de-CH","@id":"https:\/\/ecosupplements.ch\/?product=dr-mercola-vitamin-b12-25-ml-0845-fl-oz#primaryimage","url":"https:\/\/ecosupplements.ch\/wp-content\/uploads\/2026\/05\/DR.-MERCOLA-Vitamin-B12-25-ml-0845-fl.-oz.jpg","contentUrl":"https:\/\/ecosupplements.ch\/wp-content\/uploads\/2026\/05\/DR.-MERCOLA-Vitamin-B12-25-ml-0845-fl.-oz.jpg","width":600,"height":800,"caption":"DR. MERCOLA Vitamin B12 (25 ml \/ 0"},{"@type":"BreadcrumbList","@id":"https:\/\/ecosupplements.ch\/?product=dr-mercola-vitamin-b12-25-ml-0845-fl-oz#breadcrumb","itemListElement":[{"@type":"ListItem","position":1,"name":"Home","item":"https:\/\/ecosupplements.ch\/"},{"@type":"ListItem","position":2,"name":"Shop","item":"https:\/\/ecosupplements.ch\/?page_id=14"},{"@type":"ListItem","position":3,"name":"DR. MERCOLA Vitamin B12 (25 ml \/ 0,845 fl. oz.)"}]},{"@type":"WebSite","@id":"https:\/\/ecosupplements.ch\/#website","url":"https:\/\/ecosupplements.ch\/","name":"Eco Supplements","description":"","potentialAction":[{"@type":"SearchAction","target":{"@type":"EntryPoint","urlTemplate":"https:\/\/ecosupplements.ch\/?s={search_term_string}"},"query-input":{"@type":"PropertyValueSpecification","valueRequired":true,"valueName":"search_term_string"}}],"inLanguage":"de-CH"}]},"product_price_amount":"26.44","product_price_currency":"CHF","og_availability":"out of stock","product_availability":"out of stock","product_retailer_item_id":"813006010443","product_condition":"new"},"_links":{"self":[{"href":"https:\/\/ecosupplements.ch\/index.php?rest_route=\/wp\/v2\/product\/6308","targetHints":{"allow":["GET"]}}],"collection":[{"href":"https:\/\/ecosupplements.ch\/index.php?rest_route=\/wp\/v2\/product"}],"about":[{"href":"https:\/\/ecosupplements.ch\/index.php?rest_route=\/wp\/v2\/types\/product"}],"replies":[{"embeddable":true,"href":"https:\/\/ecosupplements.ch\/index.php?rest_route=%2Fwp%2Fv2%2Fcomments&post=6308"}],"wp:featuredmedia":[{"embeddable":true,"href":"https:\/\/ecosupplements.ch\/index.php?rest_route=\/wp\/v2\/media\/6309"}],"wp:attachment":[{"href":"https:\/\/ecosupplements.ch\/index.php?rest_route=%2Fwp%2Fv2%2Fmedia&parent=6308"}],"wp:term":[{"taxonomy":"product_brand","embeddable":true,"href":"https:\/\/ecosupplements.ch\/index.php?rest_route=%2Fwp%2Fv2%2Fproduct_brand&post=6308"},{"taxonomy":"product_cat","embeddable":true,"href":"https:\/\/ecosupplements.ch\/index.php?rest_route=%2Fwp%2Fv2%2Fproduct_cat&post=6308"},{"taxonomy":"product_tag","embeddable":true,"href":"https:\/\/ecosupplements.ch\/index.php?rest_route=%2Fwp%2Fv2%2Fproduct_tag&post=6308"}],"curies":[{"name":"wp","href":"https:\/\/api.w.org\/{rel}","templated":true}]}}