{"id":6334,"date":"2026-05-11T15:14:06","date_gmt":"2026-05-11T15:14:06","guid":{"rendered":"https:\/\/ecosupplements.ch\/?product=hepatica-lions-mane-60-caps"},"modified":"2026-05-13T07:28:08","modified_gmt":"2026-05-13T07:28:08","slug":"hepatica-lions-mane-60-caps","status":"publish","type":"product","link":"https:\/\/ecosupplements.ch\/?product=hepatica-lions-mane-60-caps","title":{"rendered":"HEPATICA Lion&#8217;s Mane (60 caps)"},"content":{"rendered":"<div class=\"chcg-product-description\">\n<h2 class=\"chcg-heading\">\u00dcber Hepatica \u2013 HEPATICA Lion&#8217;s Mane \u2013 60 Kapseln<\/h2>\n<div class=\"chcg-intro\">\n<p>HEPATICA Lion&#8217;s Mane liefert pro Kapsel 500 mg standardisierten Extrakt aus dem Igelstachelbart (<em>Hericium erinaceus<\/em>), einem in der Naturheilkunde seit Jahrhunderten gesch\u00e4tzten Speise- und Heilpilz. Der Extrakt ist auf einen Mindestgehalt von 30 % Polysacchariden (150 mg pro Tagesportion) standardisiert und gew\u00e4hrleistet damit eine gleichbleibend hohe Wirkstoffkonzentration in jeder Kapsel.<\/p>\n<p>Lion&#8217;s Mane \u2013 auf Deutsch auch \u00abL\u00f6wenm\u00e4hne\u00bb oder Igelstachelbart genannt \u2013 wird von Forschern und Naturheilkundlern gleichermassen f\u00fcr seine einzigartigen bioaktiven Verbindungen gesch\u00e4tzt. Die pflanzliche Kapselh\u00fclle aus Hydroxypropylmethylcellulose (HPMC) macht dieses Produkt sowohl f\u00fcr Veganer als auch f\u00fcr Vegetarier geeignet.<\/p>\n<p>Mit 60 Kapseln pro Packung ergibt sich bei der empfohlenen Tagesdosis von einer Kapsel ein Vorrat f\u00fcr zwei Monate \u2013 praktisch, unkompliziert und einfach in den Alltag zu integrieren.<\/p>\n<\/p><\/div>\n<div class=\"chcg-nutrition\">\n<h3>N\u00e4hrwertangaben<\/h3>\n<table class=\"chcg-nutrition-table\">\n<thead>\n<tr>\n<th>N\u00e4hrstoff<\/th>\n<th>Pro Portion (1 Kapsel)<\/th>\n<\/tr>\n<\/thead>\n<tbody>\n<tr>\n<td>Lion&#8217;s Mane Extrakt (<em>Hericium erinaceus<\/em>)<\/td>\n<td>500 mg<\/td>\n<\/tr>\n<tr>\n<td>\u2013 davon Polysaccharide<\/td>\n<td>150 mg<\/td>\n<\/tr>\n<\/tbody>\n<\/table>\n<p class=\"chcg-footnote\">* Kein festgelegter Tagesreferenzwert.<\/p>\n<\/p><\/div>\n<div class=\"chcg-ingredients\">\n<h3>Zutaten<\/h3>\n<p>Lion&#8217;s Mane Extrakt (<em>Hericium erinaceus<\/em> (Bull.) Pers), standardisiert auf mindestens 30 % Polysaccharide, Hydroxypropylmethylcellulose (Bestandteil der Kapselh\u00fclle).<\/p>\n<p class=\"chcg-capsule-shell\">Kapselh\u00fclle: Hydroxypropylmethylcellulose (HPMC) \u2013 pflanzliche Kapselh\u00fclle<\/p>\n<\/p><\/div>\n<div class=\"chcg-dosage\">\n<h3>Verzehrempfehlung<\/h3>\n<p>1 Kapsel pro Tag. Tagesportion: 500 mg Lion&#8217;s Mane Extrakt, davon 150 mg Polysaccharide.<\/p>\n<\/p><\/div>\n<div class=\"chcg-warnings\">\n<h3>Warnhinweise<\/h3>\n<p>Die empfohlene Tagesdosis nicht \u00fcberschreiten. Nahrungserg\u00e4nzungsmittel sind kein Ersatz f\u00fcr eine abwechslungsreiche und ausgewogene Ern\u00e4hrung. Nicht verwenden bei \u00dcberempfindlichkeit gegen\u00fcber einem der Inhaltsstoffe des Produkts. Nicht empfohlen f\u00fcr Kinder, Schwangere oder stillende M\u00fctter. W\u00e4hrend der Schwangerschaft und Stillzeit vor der Anwendung einen Arzt oder Apotheker konsultieren. Ausserhalb der Reichweite von Kleinkindern aufbewahren.<\/p>\n<\/p><\/div>\n<div class=\"chcg-allergens\">\n<h3>Allergeninformationen<\/h3>\n<p>Auf der Verpackung sind keine Allergene deklariert. Nicht verwenden bei \u00dcberempfindlichkeit gegen\u00fcber einem der Inhaltsstoffe des Produkts.<\/p>\n<\/p><\/div>\n<div class=\"chcg-storage\">\n<h3>Lagerung<\/h3>\n<p>An einem trockenen und dunklen Ort bei 0\u201325 \u00b0C lagern. Ausserhalb der Reichweite von Kleinkindern aufbewahren.<\/p>\n<\/p><\/div>\n<div class=\"chcg-dietary\">\n<h3>Ern\u00e4hrungshinweise<\/h3>\n<ul>\n<li>Vegan<\/li>\n<li>Vegetarisch<\/li>\n<\/ul><\/div>\n<\/div>\n","protected":false},"excerpt":{"rendered":"<p>HEPATICA Lion&#8217;s Mane liefert 500 mg standardisierten Igelstachelbart-Extrakt (mind. 30 % Polysaccharide) pro pflanzlicher Kapsel. 60 Kapseln \u2013 2 Monate Vorrat. Vegan und vegetarisch geeignet.<\/p>\n","protected":false},"featured_media":6335,"comment_status":"closed","ping_status":"open","template":"","meta":[],"product_brand":[329],"product_cat":[25,44,102,21],"product_tag":[],"class_list":{"0":"post-6334","1":"product","2":"type-product","3":"status-publish","4":"has-post-thumbnail","6":"product_brand-hepatica","7":"product_cat-gesundheit-und-wohlbefinden","8":"product_cat-pflanzliche-nahrungsergaenzungsmittel","9":"product_cat-verdauungsgesundheit","10":"product_cat-vitamine-und-mineralstoffe","12":"first","13":"outofstock","14":"taxable","15":"shipping-taxable","16":"purchasable","17":"product-type-simple"},"yoast_head":"<!-- This site is optimized with the Yoast SEO plugin v27.5 - https:\/\/yoast.com\/product\/yoast-seo-wordpress\/ -->\n<title>HEPATICA Lion&#039;s Mane 60 Kapseln \u2013 Hepatica | ecosupplements.ch<\/title>\n<meta name=\"description\" content=\"500 mg Lion&#039;s Mane Extrakt (30 % Polysaccharide) pro veganer Kapsel \u2013 60 Kapseln f\u00fcr 2 Monate. Jetzt bestellen.\" \/>\n<meta name=\"robots\" content=\"index, follow, max-snippet:-1, max-image-preview:large, max-video-preview:-1\" \/>\n<link rel=\"canonical\" href=\"https:\/\/ecosupplements.ch\/?product=hepatica-lions-mane-60-caps\" \/>\n<meta property=\"og:locale\" content=\"de_DE\" \/>\n<meta property=\"og:type\" content=\"article\" \/>\n<meta property=\"og:title\" content=\"HEPATICA Lion&#039;s Mane 60 Kapseln \u2013 Hepatica | ecosupplements.ch\" \/>\n<meta property=\"og:description\" content=\"500 mg Lion&#039;s Mane Extrakt (30 % Polysaccharide) pro veganer Kapsel \u2013 60 Kapseln f\u00fcr 2 Monate. Jetzt bestellen.\" \/>\n<meta property=\"og:url\" content=\"https:\/\/ecosupplements.ch\/?product=hepatica-lions-mane-60-caps\" \/>\n<meta property=\"og:site_name\" content=\"Eco Supplements\" \/>\n<meta property=\"article:modified_time\" content=\"2026-05-13T07:28:08+00:00\" \/>\n<meta property=\"og:image\" content=\"https:\/\/ecosupplements.ch\/wp-content\/uploads\/2026\/05\/HEPATICA-Lions-Mane-60-caps.jpg\" \/>\n\t<meta property=\"og:image:width\" content=\"632\" \/>\n\t<meta property=\"og:image:height\" content=\"877\" \/>\n\t<meta property=\"og:image:type\" content=\"image\/jpeg\" \/>\n<meta name=\"twitter:card\" content=\"summary_large_image\" \/>\n<meta name=\"twitter:label1\" content=\"Price\" \/>\n\t<meta name=\"twitter:data1\" content=\"&#067;&#072;&#070;&nbsp;6.20\" \/>\n\t<meta name=\"twitter:label2\" content=\"Availability\" \/>\n\t<meta name=\"twitter:data2\" content=\"Out of stock\" \/>\n<script type=\"application\/ld+json\" class=\"yoast-schema-graph\">{\"@context\":\"https:\\\/\\\/schema.org\",\"@graph\":[{\"@type\":\"WebPage\",\"@id\":\"https:\\\/\\\/ecosupplements.ch\\\/?product=hepatica-lions-mane-60-caps\",\"url\":\"https:\\\/\\\/ecosupplements.ch\\\/?product=hepatica-lions-mane-60-caps\",\"name\":\"HEPATICA Lion's Mane 60 Kapseln \u2013 Hepatica | ecosupplements.ch\",\"isPartOf\":{\"@id\":\"https:\\\/\\\/ecosupplements.ch\\\/#website\"},\"primaryImageOfPage\":{\"@id\":\"https:\\\/\\\/ecosupplements.ch\\\/?product=hepatica-lions-mane-60-caps#primaryimage\"},\"image\":{\"@id\":\"https:\\\/\\\/ecosupplements.ch\\\/?product=hepatica-lions-mane-60-caps#primaryimage\"},\"thumbnailUrl\":\"https:\\\/\\\/ecosupplements.ch\\\/wp-content\\\/uploads\\\/2026\\\/05\\\/HEPATICA-Lions-Mane-60-caps.jpg\",\"datePublished\":\"2026-05-11T15:14:06+00:00\",\"dateModified\":\"2026-05-13T07:28:08+00:00\",\"description\":\"500 mg Lion's Mane Extrakt (30 % Polysaccharide) pro veganer Kapsel \u2013 60 Kapseln f\u00fcr 2 Monate. Jetzt bestellen.\",\"breadcrumb\":{\"@id\":\"https:\\\/\\\/ecosupplements.ch\\\/?product=hepatica-lions-mane-60-caps#breadcrumb\"},\"inLanguage\":\"de-CH\",\"potentialAction\":[{\"@type\":\"ReadAction\",\"target\":[\"https:\\\/\\\/ecosupplements.ch\\\/?product=hepatica-lions-mane-60-caps\"]}]},{\"@type\":\"ImageObject\",\"inLanguage\":\"de-CH\",\"@id\":\"https:\\\/\\\/ecosupplements.ch\\\/?product=hepatica-lions-mane-60-caps#primaryimage\",\"url\":\"https:\\\/\\\/ecosupplements.ch\\\/wp-content\\\/uploads\\\/2026\\\/05\\\/HEPATICA-Lions-Mane-60-caps.jpg\",\"contentUrl\":\"https:\\\/\\\/ecosupplements.ch\\\/wp-content\\\/uploads\\\/2026\\\/05\\\/HEPATICA-Lions-Mane-60-caps.jpg\",\"width\":632,\"height\":877,\"caption\":\"HEPATICA Lion's Mane (60 caps)\"},{\"@type\":\"BreadcrumbList\",\"@id\":\"https:\\\/\\\/ecosupplements.ch\\\/?product=hepatica-lions-mane-60-caps#breadcrumb\",\"itemListElement\":[{\"@type\":\"ListItem\",\"position\":1,\"name\":\"Home\",\"item\":\"https:\\\/\\\/ecosupplements.ch\\\/\"},{\"@type\":\"ListItem\",\"position\":2,\"name\":\"Shop\",\"item\":\"https:\\\/\\\/ecosupplements.ch\\\/?page_id=14\"},{\"@type\":\"ListItem\",\"position\":3,\"name\":\"HEPATICA Lion&#8217;s Mane (60 caps)\"}]},{\"@type\":\"WebSite\",\"@id\":\"https:\\\/\\\/ecosupplements.ch\\\/#website\",\"url\":\"https:\\\/\\\/ecosupplements.ch\\\/\",\"name\":\"Eco Supplements\",\"description\":\"\",\"potentialAction\":[{\"@type\":\"SearchAction\",\"target\":{\"@type\":\"EntryPoint\",\"urlTemplate\":\"https:\\\/\\\/ecosupplements.ch\\\/?s={search_term_string}\"},\"query-input\":{\"@type\":\"PropertyValueSpecification\",\"valueRequired\":true,\"valueName\":\"search_term_string\"}}],\"inLanguage\":\"de-CH\"}]}<\/script>\n<meta property=\"product:price:amount\" content=\"6.20\" \/>\n<meta property=\"product:price:currency\" content=\"CHF\" \/>\n<meta property=\"og:availability\" content=\"out of stock\" \/>\n<meta property=\"product:availability\" content=\"out of stock\" \/>\n<meta property=\"product:retailer_item_id\" content=\"5904996527754\" \/>\n<meta property=\"product:condition\" content=\"new\" \/>\n<!-- \/ Yoast SEO plugin. -->","yoast_head_json":{"title":"HEPATICA Lion's Mane 60 Kapseln \u2013 Hepatica | ecosupplements.ch","description":"500 mg Lion's Mane Extrakt (30 % Polysaccharide) pro veganer Kapsel \u2013 60 Kapseln f\u00fcr 2 Monate. Jetzt bestellen.","robots":{"index":"index","follow":"follow","max-snippet":"max-snippet:-1","max-image-preview":"max-image-preview:large","max-video-preview":"max-video-preview:-1"},"canonical":"https:\/\/ecosupplements.ch\/?product=hepatica-lions-mane-60-caps","og_locale":"de_DE","og_type":"article","og_title":"HEPATICA Lion's Mane 60 Kapseln \u2013 Hepatica | ecosupplements.ch","og_description":"500 mg Lion's Mane Extrakt (30 % Polysaccharide) pro veganer Kapsel \u2013 60 Kapseln f\u00fcr 2 Monate. Jetzt bestellen.","og_url":"https:\/\/ecosupplements.ch\/?product=hepatica-lions-mane-60-caps","og_site_name":"Eco Supplements","article_modified_time":"2026-05-13T07:28:08+00:00","og_image":[{"width":632,"height":877,"url":"https:\/\/ecosupplements.ch\/wp-content\/uploads\/2026\/05\/HEPATICA-Lions-Mane-60-caps.jpg","type":"image\/jpeg"}],"twitter_card":"summary_large_image","twitter_misc":{"Price":"&#67;&#72;&#70;&nbsp;6.20","Availability":"Out of stock"},"schema":{"@context":"https:\/\/schema.org","@graph":[{"@type":"WebPage","@id":"https:\/\/ecosupplements.ch\/?product=hepatica-lions-mane-60-caps","url":"https:\/\/ecosupplements.ch\/?product=hepatica-lions-mane-60-caps","name":"HEPATICA Lion's Mane 60 Kapseln \u2013 Hepatica | ecosupplements.ch","isPartOf":{"@id":"https:\/\/ecosupplements.ch\/#website"},"primaryImageOfPage":{"@id":"https:\/\/ecosupplements.ch\/?product=hepatica-lions-mane-60-caps#primaryimage"},"image":{"@id":"https:\/\/ecosupplements.ch\/?product=hepatica-lions-mane-60-caps#primaryimage"},"thumbnailUrl":"https:\/\/ecosupplements.ch\/wp-content\/uploads\/2026\/05\/HEPATICA-Lions-Mane-60-caps.jpg","datePublished":"2026-05-11T15:14:06+00:00","dateModified":"2026-05-13T07:28:08+00:00","description":"500 mg Lion's Mane Extrakt (30 % Polysaccharide) pro veganer Kapsel \u2013 60 Kapseln f\u00fcr 2 Monate. Jetzt bestellen.","breadcrumb":{"@id":"https:\/\/ecosupplements.ch\/?product=hepatica-lions-mane-60-caps#breadcrumb"},"inLanguage":"de-CH","potentialAction":[{"@type":"ReadAction","target":["https:\/\/ecosupplements.ch\/?product=hepatica-lions-mane-60-caps"]}]},{"@type":"ImageObject","inLanguage":"de-CH","@id":"https:\/\/ecosupplements.ch\/?product=hepatica-lions-mane-60-caps#primaryimage","url":"https:\/\/ecosupplements.ch\/wp-content\/uploads\/2026\/05\/HEPATICA-Lions-Mane-60-caps.jpg","contentUrl":"https:\/\/ecosupplements.ch\/wp-content\/uploads\/2026\/05\/HEPATICA-Lions-Mane-60-caps.jpg","width":632,"height":877,"caption":"HEPATICA Lion's Mane (60 caps)"},{"@type":"BreadcrumbList","@id":"https:\/\/ecosupplements.ch\/?product=hepatica-lions-mane-60-caps#breadcrumb","itemListElement":[{"@type":"ListItem","position":1,"name":"Home","item":"https:\/\/ecosupplements.ch\/"},{"@type":"ListItem","position":2,"name":"Shop","item":"https:\/\/ecosupplements.ch\/?page_id=14"},{"@type":"ListItem","position":3,"name":"HEPATICA Lion&#8217;s Mane (60 caps)"}]},{"@type":"WebSite","@id":"https:\/\/ecosupplements.ch\/#website","url":"https:\/\/ecosupplements.ch\/","name":"Eco Supplements","description":"","potentialAction":[{"@type":"SearchAction","target":{"@type":"EntryPoint","urlTemplate":"https:\/\/ecosupplements.ch\/?s={search_term_string}"},"query-input":{"@type":"PropertyValueSpecification","valueRequired":true,"valueName":"search_term_string"}}],"inLanguage":"de-CH"}]},"product_price_amount":"6.20","product_price_currency":"CHF","og_availability":"out of stock","product_availability":"out of stock","product_retailer_item_id":"5904996527754","product_condition":"new"},"_links":{"self":[{"href":"https:\/\/ecosupplements.ch\/index.php?rest_route=\/wp\/v2\/product\/6334","targetHints":{"allow":["GET"]}}],"collection":[{"href":"https:\/\/ecosupplements.ch\/index.php?rest_route=\/wp\/v2\/product"}],"about":[{"href":"https:\/\/ecosupplements.ch\/index.php?rest_route=\/wp\/v2\/types\/product"}],"replies":[{"embeddable":true,"href":"https:\/\/ecosupplements.ch\/index.php?rest_route=%2Fwp%2Fv2%2Fcomments&post=6334"}],"wp:featuredmedia":[{"embeddable":true,"href":"https:\/\/ecosupplements.ch\/index.php?rest_route=\/wp\/v2\/media\/6335"}],"wp:attachment":[{"href":"https:\/\/ecosupplements.ch\/index.php?rest_route=%2Fwp%2Fv2%2Fmedia&parent=6334"}],"wp:term":[{"taxonomy":"product_brand","embeddable":true,"href":"https:\/\/ecosupplements.ch\/index.php?rest_route=%2Fwp%2Fv2%2Fproduct_brand&post=6334"},{"taxonomy":"product_cat","embeddable":true,"href":"https:\/\/ecosupplements.ch\/index.php?rest_route=%2Fwp%2Fv2%2Fproduct_cat&post=6334"},{"taxonomy":"product_tag","embeddable":true,"href":"https:\/\/ecosupplements.ch\/index.php?rest_route=%2Fwp%2Fv2%2Fproduct_tag&post=6334"}],"curies":[{"name":"wp","href":"https:\/\/api.w.org\/{rel}","templated":true}]}}