{"id":6375,"date":"2026-05-11T15:14:25","date_gmt":"2026-05-11T15:14:25","guid":{"rendered":"https:\/\/ecosupplements.ch\/?product=kenay-broccoraphanin-activated-broccoli-seed-extract-60-caps"},"modified":"2026-05-13T07:28:12","modified_gmt":"2026-05-13T07:28:12","slug":"kenay-broccoraphanin-activated-broccoli-seed-extract-60-caps","status":"publish","type":"product","link":"https:\/\/ecosupplements.ch\/?product=kenay-broccoraphanin-activated-broccoli-seed-extract-60-caps","title":{"rendered":"KENAY BroccoRaphanin Activated broccoli seed extract (60 caps)"},"content":{"rendered":"<div class=\"chcg-product-description\">\n<h2 class=\"chcg-heading\">\u00dcber Kenay \u2013 BroccoRaphanin Aktivierter Brokkoli-Samenextrakt (60 Kapseln)<\/h2>\n<div class=\"chcg-intro\">\n<p>BroccoRaphanin\u00ae von Kenay ist ein hochwertiger, standardisierter Brokkoli-Samenextrakt (<em>Brassica oleracea<\/em> var. <em>italica<\/em>), der 10 % Glucoraphanin enth\u00e4lt \u2013 den nat\u00fcrlichen Vorl\u00e4uferstoff von Sulforaphan. Dank der im Extrakt enthaltenen Myrosinase-Enzymaktivit\u00e4t wird die Umwandlung von Glucoraphanin in Sulforaphan direkt im K\u00f6rper unterst\u00fctzt, was eine optimale Bioverf\u00fcgbarkeit des Wirkstoffs gew\u00e4hrleistet.<\/p>\n<p>Jede Kapsel liefert 200 mg BroccoRaphanin\u00ae, davon 20 mg Glucoraphanin sowie eine Myrosinase-Aktivit\u00e4t von 17,7 \u00b5M\/g. Die Formulierung basiert auf einem pflanzlichen Kapselgeh\u00e4use aus Hydroxypropylmethylcellulose (HPMC) und ist damit f\u00fcr Veganer und Vegetarier geeignet.<\/p>\n<p>Das Produkt wird sorgf\u00e4ltig hergestellt und standardisiert, um eine gleichbleibend hohe Qualit\u00e4t und einen kontrollierten Wirkstoffgehalt pro Portion zu gew\u00e4hrleisten. Mit 60 Kapseln pro Packung deckt BroccoRaphanin\u00ae einen Bedarf von 60 Tagen bei t\u00e4glicher Einnahme.<\/p>\n<\/p><\/div>\n<div class=\"chcg-nutrition\">\n<h3>N\u00e4hrwertangaben<\/h3>\n<table class=\"chcg-nutrition-table\">\n<thead>\n<tr>\n<th>N\u00e4hrstoff<\/th>\n<th>Pro Portion (1 Kapsel)<\/th>\n<\/tr>\n<\/thead>\n<tbody>\n<tr>\n<td>BroccoRaphanin\u00ae Brokkoli-Samenextrakt (<em>Brassica oleracea<\/em> var. <em>italica<\/em>)<\/td>\n<td>200 mg *<\/td>\n<\/tr>\n<tr>\n<td>\u2013 davon Glucoraphanin (10 %)<\/td>\n<td>20 mg *<\/td>\n<\/tr>\n<tr>\n<td>\u2013 Myrosinase-Enzymaktivit\u00e4t<\/td>\n<td>17,7 \u00b5M\/g *<\/td>\n<\/tr>\n<\/tbody>\n<\/table>\n<p class=\"chcg-footnote\">* Kein festgelegter Tagesbedarf (NRV).<\/p>\n<\/p><\/div>\n<div class=\"chcg-ingredients\">\n<h3>Zutaten<\/h3>\n<p>F\u00fcllstoff: mikrokristalline Cellulose; Brokkoli-Samenextrakt (<em>Brassica oleracea<\/em> L. var. <em>italica<\/em> Plenck), standardisiert auf einen Glucoraphanin-Gehalt von 10 %.<\/p>\n<p class=\"chcg-capsule-shell\">Kapselh\u00fclle: Hydroxypropylmethylcellulose (HPMC) \u2013 pflanzliche Kapsel.<\/p>\n<\/p><\/div>\n<div class=\"chcg-dosage\">\n<h3>Verzehrempfehlung<\/h3>\n<p>1 Kapsel pro Tag.<\/p>\n<\/p><\/div>\n<div class=\"chcg-warnings\">\n<h3>Warnhinweise<\/h3>\n<p>Die empfohlene Tagesdosis darf nicht \u00fcberschritten werden. Nahrungserg\u00e4nzungsmittel sind kein Ersatz f\u00fcr eine abwechslungsreiche und ausgewogene Ern\u00e4hrung. Nicht anwenden bei \u00dcberempfindlichkeit gegen\u00fcber einem der Bestandteile des Pr\u00e4parats. Nicht empfohlen f\u00fcr Schwangere und stillende Frauen sowie f\u00fcr Kinder und Jugendliche unter 18 Jahren.<\/p>\n<\/p><\/div>\n<div class=\"chcg-allergens\">\n<h3>Allergeninformationen<\/h3>\n<p>Keine Allergene auf der Etikette deklariert. Bei bekannter \u00dcberempfindlichkeit gegen\u00fcber einem der Inhaltsstoffe nicht einnehmen.<\/p>\n<\/p><\/div>\n<div class=\"chcg-storage\">\n<h3>Lagerung<\/h3>\n<p>In einem verschlossenen Beh\u00e4lter bei Raumtemperatur und ausserhalb der Reichweite von Kleinkindern aufbewahren.<\/p>\n<\/p><\/div>\n<div class=\"chcg-dietary\">\n<h3>Ern\u00e4hrungshinweise<\/h3>\n<ul>\n<li>Vegan<\/li>\n<li>Vegetarisch<\/li>\n<li>Glutenfrei<\/li>\n<li>Laktosefrei<\/li>\n<\/ul><\/div>\n<\/div>\n","protected":false},"excerpt":{"rendered":"<p>BroccoRaphanin\u00ae von Kenay liefert 200 mg standardisierten Brokkoli-Samenextrakt mit 10 % Glucoraphanin und aktiver Myrosinase pro Kapsel. 60 vegane Pflanzenkapseln pro Packung \u2013 f\u00fcr 60 Tage Anwendung.<\/p>\n","protected":false},"featured_media":6376,"comment_status":"closed","ping_status":"open","template":"","meta":[],"product_brand":[335],"product_cat":[26,21],"product_tag":[],"class_list":{"0":"post-6375","1":"product","2":"type-product","3":"status-publish","4":"has-post-thumbnail","6":"product_brand-kenay","7":"product_cat-multivitamine","8":"product_cat-vitamine-und-mineralstoffe","10":"first","11":"outofstock","12":"taxable","13":"shipping-taxable","14":"purchasable","15":"product-type-simple"},"yoast_head":"<!-- This site is optimized with the Yoast SEO plugin v27.5 - https:\/\/yoast.com\/product\/yoast-seo-wordpress\/ -->\n<title>BroccoRaphanin Brokkoli-Extrakt 60 Kapseln \u2013 Kenay | ecosupplements.ch<\/title>\n<meta name=\"description\" content=\"Kenay BroccoRaphanin\u00ae \u2013 200 mg Brokkoli-Samenextrakt mit 10 % Glucoraphanin, 60 vegane Kapseln. Jetzt bestellen.\" \/>\n<meta name=\"robots\" content=\"index, follow, max-snippet:-1, max-image-preview:large, max-video-preview:-1\" \/>\n<link rel=\"canonical\" href=\"https:\/\/ecosupplements.ch\/?product=kenay-broccoraphanin-activated-broccoli-seed-extract-60-caps\" \/>\n<meta property=\"og:locale\" content=\"de_DE\" \/>\n<meta property=\"og:type\" content=\"article\" \/>\n<meta property=\"og:title\" content=\"BroccoRaphanin Brokkoli-Extrakt 60 Kapseln \u2013 Kenay | ecosupplements.ch\" \/>\n<meta property=\"og:description\" content=\"Kenay BroccoRaphanin\u00ae \u2013 200 mg Brokkoli-Samenextrakt mit 10 % Glucoraphanin, 60 vegane Kapseln. Jetzt bestellen.\" \/>\n<meta property=\"og:url\" content=\"https:\/\/ecosupplements.ch\/?product=kenay-broccoraphanin-activated-broccoli-seed-extract-60-caps\" \/>\n<meta property=\"og:site_name\" content=\"Eco Supplements\" \/>\n<meta property=\"article:modified_time\" content=\"2026-05-13T07:28:12+00:00\" \/>\n<meta property=\"og:image\" content=\"https:\/\/ecosupplements.ch\/wp-content\/uploads\/2026\/05\/KENAY-BroccoRaphanin-Activated-broccoli-seed-extract-60-caps.jpg\" \/>\n\t<meta property=\"og:image:width\" content=\"600\" \/>\n\t<meta property=\"og:image:height\" content=\"600\" \/>\n\t<meta property=\"og:image:type\" content=\"image\/jpeg\" \/>\n<meta name=\"twitter:card\" content=\"summary_large_image\" \/>\n<meta name=\"twitter:label1\" content=\"Price\" \/>\n\t<meta name=\"twitter:data1\" content=\"&#067;&#072;&#070;&nbsp;22.59\" \/>\n\t<meta name=\"twitter:label2\" content=\"Availability\" \/>\n\t<meta name=\"twitter:data2\" content=\"Out of stock\" \/>\n<script type=\"application\/ld+json\" class=\"yoast-schema-graph\">{\"@context\":\"https:\\\/\\\/schema.org\",\"@graph\":[{\"@type\":\"WebPage\",\"@id\":\"https:\\\/\\\/ecosupplements.ch\\\/?product=kenay-broccoraphanin-activated-broccoli-seed-extract-60-caps\",\"url\":\"https:\\\/\\\/ecosupplements.ch\\\/?product=kenay-broccoraphanin-activated-broccoli-seed-extract-60-caps\",\"name\":\"BroccoRaphanin Brokkoli-Extrakt 60 Kapseln \u2013 Kenay | ecosupplements.ch\",\"isPartOf\":{\"@id\":\"https:\\\/\\\/ecosupplements.ch\\\/#website\"},\"primaryImageOfPage\":{\"@id\":\"https:\\\/\\\/ecosupplements.ch\\\/?product=kenay-broccoraphanin-activated-broccoli-seed-extract-60-caps#primaryimage\"},\"image\":{\"@id\":\"https:\\\/\\\/ecosupplements.ch\\\/?product=kenay-broccoraphanin-activated-broccoli-seed-extract-60-caps#primaryimage\"},\"thumbnailUrl\":\"https:\\\/\\\/ecosupplements.ch\\\/wp-content\\\/uploads\\\/2026\\\/05\\\/KENAY-BroccoRaphanin-Activated-broccoli-seed-extract-60-caps.jpg\",\"datePublished\":\"2026-05-11T15:14:25+00:00\",\"dateModified\":\"2026-05-13T07:28:12+00:00\",\"description\":\"Kenay BroccoRaphanin\u00ae \u2013 200 mg Brokkoli-Samenextrakt mit 10 % Glucoraphanin, 60 vegane Kapseln. Jetzt bestellen.\",\"breadcrumb\":{\"@id\":\"https:\\\/\\\/ecosupplements.ch\\\/?product=kenay-broccoraphanin-activated-broccoli-seed-extract-60-caps#breadcrumb\"},\"inLanguage\":\"de-CH\",\"potentialAction\":[{\"@type\":\"ReadAction\",\"target\":[\"https:\\\/\\\/ecosupplements.ch\\\/?product=kenay-broccoraphanin-activated-broccoli-seed-extract-60-caps\"]}]},{\"@type\":\"ImageObject\",\"inLanguage\":\"de-CH\",\"@id\":\"https:\\\/\\\/ecosupplements.ch\\\/?product=kenay-broccoraphanin-activated-broccoli-seed-extract-60-caps#primaryimage\",\"url\":\"https:\\\/\\\/ecosupplements.ch\\\/wp-content\\\/uploads\\\/2026\\\/05\\\/KENAY-BroccoRaphanin-Activated-broccoli-seed-extract-60-caps.jpg\",\"contentUrl\":\"https:\\\/\\\/ecosupplements.ch\\\/wp-content\\\/uploads\\\/2026\\\/05\\\/KENAY-BroccoRaphanin-Activated-broccoli-seed-extract-60-caps.jpg\",\"width\":600,\"height\":600,\"caption\":\"KENAY BroccoRaphanin Activated broccoli seed extract (60 caps)\"},{\"@type\":\"BreadcrumbList\",\"@id\":\"https:\\\/\\\/ecosupplements.ch\\\/?product=kenay-broccoraphanin-activated-broccoli-seed-extract-60-caps#breadcrumb\",\"itemListElement\":[{\"@type\":\"ListItem\",\"position\":1,\"name\":\"Home\",\"item\":\"https:\\\/\\\/ecosupplements.ch\\\/\"},{\"@type\":\"ListItem\",\"position\":2,\"name\":\"Shop\",\"item\":\"https:\\\/\\\/ecosupplements.ch\\\/?page_id=14\"},{\"@type\":\"ListItem\",\"position\":3,\"name\":\"KENAY BroccoRaphanin Activated broccoli seed extract (60 caps)\"}]},{\"@type\":\"WebSite\",\"@id\":\"https:\\\/\\\/ecosupplements.ch\\\/#website\",\"url\":\"https:\\\/\\\/ecosupplements.ch\\\/\",\"name\":\"Eco Supplements\",\"description\":\"\",\"potentialAction\":[{\"@type\":\"SearchAction\",\"target\":{\"@type\":\"EntryPoint\",\"urlTemplate\":\"https:\\\/\\\/ecosupplements.ch\\\/?s={search_term_string}\"},\"query-input\":{\"@type\":\"PropertyValueSpecification\",\"valueRequired\":true,\"valueName\":\"search_term_string\"}}],\"inLanguage\":\"de-CH\"}]}<\/script>\n<meta property=\"product:price:amount\" content=\"22.59\" \/>\n<meta property=\"product:price:currency\" content=\"CHF\" \/>\n<meta property=\"og:availability\" content=\"out of stock\" \/>\n<meta property=\"product:availability\" content=\"out of stock\" \/>\n<meta property=\"product:retailer_item_id\" content=\"5900672153118\" \/>\n<meta property=\"product:condition\" content=\"new\" \/>\n<!-- \/ Yoast SEO plugin. -->","yoast_head_json":{"title":"BroccoRaphanin Brokkoli-Extrakt 60 Kapseln \u2013 Kenay | ecosupplements.ch","description":"Kenay BroccoRaphanin\u00ae \u2013 200 mg Brokkoli-Samenextrakt mit 10 % Glucoraphanin, 60 vegane Kapseln. Jetzt bestellen.","robots":{"index":"index","follow":"follow","max-snippet":"max-snippet:-1","max-image-preview":"max-image-preview:large","max-video-preview":"max-video-preview:-1"},"canonical":"https:\/\/ecosupplements.ch\/?product=kenay-broccoraphanin-activated-broccoli-seed-extract-60-caps","og_locale":"de_DE","og_type":"article","og_title":"BroccoRaphanin Brokkoli-Extrakt 60 Kapseln \u2013 Kenay | ecosupplements.ch","og_description":"Kenay BroccoRaphanin\u00ae \u2013 200 mg Brokkoli-Samenextrakt mit 10 % Glucoraphanin, 60 vegane Kapseln. Jetzt bestellen.","og_url":"https:\/\/ecosupplements.ch\/?product=kenay-broccoraphanin-activated-broccoli-seed-extract-60-caps","og_site_name":"Eco Supplements","article_modified_time":"2026-05-13T07:28:12+00:00","og_image":[{"width":600,"height":600,"url":"https:\/\/ecosupplements.ch\/wp-content\/uploads\/2026\/05\/KENAY-BroccoRaphanin-Activated-broccoli-seed-extract-60-caps.jpg","type":"image\/jpeg"}],"twitter_card":"summary_large_image","twitter_misc":{"Price":"&#67;&#72;&#70;&nbsp;22.59","Availability":"Out of stock"},"schema":{"@context":"https:\/\/schema.org","@graph":[{"@type":"WebPage","@id":"https:\/\/ecosupplements.ch\/?product=kenay-broccoraphanin-activated-broccoli-seed-extract-60-caps","url":"https:\/\/ecosupplements.ch\/?product=kenay-broccoraphanin-activated-broccoli-seed-extract-60-caps","name":"BroccoRaphanin Brokkoli-Extrakt 60 Kapseln \u2013 Kenay | ecosupplements.ch","isPartOf":{"@id":"https:\/\/ecosupplements.ch\/#website"},"primaryImageOfPage":{"@id":"https:\/\/ecosupplements.ch\/?product=kenay-broccoraphanin-activated-broccoli-seed-extract-60-caps#primaryimage"},"image":{"@id":"https:\/\/ecosupplements.ch\/?product=kenay-broccoraphanin-activated-broccoli-seed-extract-60-caps#primaryimage"},"thumbnailUrl":"https:\/\/ecosupplements.ch\/wp-content\/uploads\/2026\/05\/KENAY-BroccoRaphanin-Activated-broccoli-seed-extract-60-caps.jpg","datePublished":"2026-05-11T15:14:25+00:00","dateModified":"2026-05-13T07:28:12+00:00","description":"Kenay BroccoRaphanin\u00ae \u2013 200 mg Brokkoli-Samenextrakt mit 10 % Glucoraphanin, 60 vegane Kapseln. Jetzt bestellen.","breadcrumb":{"@id":"https:\/\/ecosupplements.ch\/?product=kenay-broccoraphanin-activated-broccoli-seed-extract-60-caps#breadcrumb"},"inLanguage":"de-CH","potentialAction":[{"@type":"ReadAction","target":["https:\/\/ecosupplements.ch\/?product=kenay-broccoraphanin-activated-broccoli-seed-extract-60-caps"]}]},{"@type":"ImageObject","inLanguage":"de-CH","@id":"https:\/\/ecosupplements.ch\/?product=kenay-broccoraphanin-activated-broccoli-seed-extract-60-caps#primaryimage","url":"https:\/\/ecosupplements.ch\/wp-content\/uploads\/2026\/05\/KENAY-BroccoRaphanin-Activated-broccoli-seed-extract-60-caps.jpg","contentUrl":"https:\/\/ecosupplements.ch\/wp-content\/uploads\/2026\/05\/KENAY-BroccoRaphanin-Activated-broccoli-seed-extract-60-caps.jpg","width":600,"height":600,"caption":"KENAY BroccoRaphanin Activated broccoli seed extract (60 caps)"},{"@type":"BreadcrumbList","@id":"https:\/\/ecosupplements.ch\/?product=kenay-broccoraphanin-activated-broccoli-seed-extract-60-caps#breadcrumb","itemListElement":[{"@type":"ListItem","position":1,"name":"Home","item":"https:\/\/ecosupplements.ch\/"},{"@type":"ListItem","position":2,"name":"Shop","item":"https:\/\/ecosupplements.ch\/?page_id=14"},{"@type":"ListItem","position":3,"name":"KENAY BroccoRaphanin Activated broccoli seed extract (60 caps)"}]},{"@type":"WebSite","@id":"https:\/\/ecosupplements.ch\/#website","url":"https:\/\/ecosupplements.ch\/","name":"Eco Supplements","description":"","potentialAction":[{"@type":"SearchAction","target":{"@type":"EntryPoint","urlTemplate":"https:\/\/ecosupplements.ch\/?s={search_term_string}"},"query-input":{"@type":"PropertyValueSpecification","valueRequired":true,"valueName":"search_term_string"}}],"inLanguage":"de-CH"}]},"product_price_amount":"22.59","product_price_currency":"CHF","og_availability":"out of stock","product_availability":"out of stock","product_retailer_item_id":"5900672153118","product_condition":"new"},"_links":{"self":[{"href":"https:\/\/ecosupplements.ch\/index.php?rest_route=\/wp\/v2\/product\/6375","targetHints":{"allow":["GET"]}}],"collection":[{"href":"https:\/\/ecosupplements.ch\/index.php?rest_route=\/wp\/v2\/product"}],"about":[{"href":"https:\/\/ecosupplements.ch\/index.php?rest_route=\/wp\/v2\/types\/product"}],"replies":[{"embeddable":true,"href":"https:\/\/ecosupplements.ch\/index.php?rest_route=%2Fwp%2Fv2%2Fcomments&post=6375"}],"wp:featuredmedia":[{"embeddable":true,"href":"https:\/\/ecosupplements.ch\/index.php?rest_route=\/wp\/v2\/media\/6376"}],"wp:attachment":[{"href":"https:\/\/ecosupplements.ch\/index.php?rest_route=%2Fwp%2Fv2%2Fmedia&parent=6375"}],"wp:term":[{"taxonomy":"product_brand","embeddable":true,"href":"https:\/\/ecosupplements.ch\/index.php?rest_route=%2Fwp%2Fv2%2Fproduct_brand&post=6375"},{"taxonomy":"product_cat","embeddable":true,"href":"https:\/\/ecosupplements.ch\/index.php?rest_route=%2Fwp%2Fv2%2Fproduct_cat&post=6375"},{"taxonomy":"product_tag","embeddable":true,"href":"https:\/\/ecosupplements.ch\/index.php?rest_route=%2Fwp%2Fv2%2Fproduct_tag&post=6375"}],"curies":[{"name":"wp","href":"https:\/\/api.w.org\/{rel}","templated":true}]}}