{"id":6399,"date":"2026-05-11T15:14:36","date_gmt":"2026-05-11T15:14:36","guid":{"rendered":"https:\/\/ecosupplements.ch\/?product=kenay-curcumin-bcm-95-with-piperine-60-caps"},"modified":"2026-05-13T07:28:15","modified_gmt":"2026-05-13T07:28:15","slug":"kenay-curcumin-bcm-95-with-piperine-60-caps","status":"publish","type":"product","link":"https:\/\/ecosupplements.ch\/?product=kenay-curcumin-bcm-95-with-piperine-60-caps","title":{"rendered":"KENAY Curcumin BCM-95 with Piperine (60 caps)"},"content":{"rendered":"<div class=\"chcg-product-description\">\n<h2 class=\"chcg-heading\">\u00dcber KENAY \u2013 Curcumin BCM-95 mit Piperine (60 Kapseln)<\/h2>\n<div class=\"chcg-intro\">\n<p>KENAY Curcumin BCM-95 mit Piperine vereint zwei bew\u00e4hrte Pflanzenextrakte in einer hochwertigen Kapsel. Der patentierte BCM-95\u00ae-Extrakt aus Kurkuma-Rhizom (<em>Curcuma longa<\/em>) liefert pro Tagesdosis 712,5 mg Curcuminoide (95 %) sowie den nat\u00fcrlich vorkommenden fl\u00fcchtigen Wirkstoff ar-Turmeron \u2013 beides in einer einzigartigen synergistischen Kombination, die f\u00fcr eine optimierte Bioverf\u00fcgbarkeit entwickelt wurde.<\/p>\n<p>Erg\u00e4nzt wird die Formel durch den patentierten BioPerine\u00ae-Extrakt aus schwarzem Pfeffer (<em>Piper nigrum L.<\/em>), der pro Tagesdosis 9,5 mg Piperin (95 %) enth\u00e4lt. Piperin ist bekannt daf\u00fcr, die Aufnahme anderer N\u00e4hrstoffe im K\u00f6rper zu unterst\u00fctzen.<\/p>\n<p>Die Kapseln bestehen aus Hydroxypropylmethylcellulose (HPMC \/ Vcaps\u00ae) und sind damit f\u00fcr vegetarische Ern\u00e4hrungsweisen geeignet. Mit 60 Kapseln pro Packung ergibt sich ein Vorrat von 30 Tagen bei der empfohlenen Tagesdosis.<\/p>\n<\/p><\/div>\n<div class=\"chcg-nutrition\">\n<h3>N\u00e4hrwertangaben<\/h3>\n<table class=\"chcg-nutrition-table\">\n<thead>\n<tr>\n<th>N\u00e4hrstoff<\/th>\n<th>Pro Portion (2 Kapseln)<\/th>\n<\/tr>\n<\/thead>\n<tbody>\n<tr>\n<td>Kurkuma-Rhizomextrakt \/BCM-95\u00ae\/ (<em>Curcuma longa<\/em>)<\/td>\n<td>750 mg*<\/td>\n<\/tr>\n<tr>\n<td>\u2013 davon Curcuminoide (95 %)<\/td>\n<td>712,5 mg*<\/td>\n<\/tr>\n<tr>\n<td>\u2013 enth\u00e4lt fl\u00fcchtige Verbindung ar-Turmeron<\/td>\n<td>\u2013<\/td>\n<\/tr>\n<tr>\n<td>Schwarzpfeffer-Fruchtextrakt \/BioPerine\u00ae\/ (<em>Piper nigrum L.<\/em>)<\/td>\n<td>10 mg*<\/td>\n<\/tr>\n<tr>\n<td>\u2013 davon Piperin (95 %)<\/td>\n<td>9,5 mg*<\/td>\n<\/tr>\n<\/tbody>\n<\/table>\n<p class=\"chcg-footnote\">* Kein festgelegter Referenzwert f\u00fcr die t\u00e4gliche Zufuhr.<\/p>\n<\/p><\/div>\n<div class=\"chcg-ingredients\">\n<h3>Zutaten<\/h3>\n<p>Kurkuma-Rhizomextrakt (<em>Curcuma longa<\/em> L.), standardisiert auf einen Curcuminoid-Gehalt von 95 %, enth\u00e4lt die fl\u00fcchtige Verbindung ar-Turmeron; Schwarzpfeffer-Samenextrakt (<em>Piper nigrum<\/em> L.), standardisiert auf einen Piperingehalt von 95 %; Kapselh\u00fclle: Hydroxypropylmethylcellulose.<\/p>\n<p class=\"chcg-capsule-shell\">Kapselh\u00fclle: Hydroxypropylmethylcellulose (HPMC \/ Vcaps\u00ae)<\/p>\n<\/p><\/div>\n<div class=\"chcg-dosage\">\n<h3>Verzehrempfehlung<\/h3>\n<p>1 Kapsel 2-mal t\u00e4glich zu einer Mahlzeit einnehmen. Tagesdosis: 2 Kapseln.<\/p>\n<\/p><\/div>\n<div class=\"chcg-warnings\">\n<h3>Warnhinweise<\/h3>\n<p>Die empfohlene Tagesdosis darf nicht \u00fcberschritten werden. Nahrungserg\u00e4nzungsmittel sind kein Ersatz f\u00fcr eine abwechslungsreiche Ern\u00e4hrung. Bei \u00dcberempfindlichkeit gegen\u00fcber einem der Inhaltsstoffe des Pr\u00e4parats nicht verwenden. Nicht empfohlen f\u00fcr Schwangere oder stillende Frauen sowie f\u00fcr Kinder und Jugendliche unter 18 Jahren. Personen, die gerinnungshemmende Medikamente einnehmen, sollten vor der Verwendung einen Arzt konsultieren. Achten Sie auf einen gesunden Lebensstil und eine ausgewogene Ern\u00e4hrung.<\/p>\n<\/p><\/div>\n<div class=\"chcg-allergens\">\n<h3>Allergeninformationen<\/h3>\n<p>Keine Allergene deklariert. BCM-95\u00ae enth\u00e4lt gem\u00e4ss Herstellerangaben keine Allergene.<\/p>\n<\/p><\/div>\n<div class=\"chcg-storage\">\n<h3>Lagerung<\/h3>\n<p>In einem verschlossenen Beh\u00e4lter bei Raumtemperatur und ausserhalb der Reichweite von Kleinkindern aufbewahren.<\/p>\n<\/p><\/div>\n<div class=\"chcg-dietary\">\n<h3>Ern\u00e4hrungshinweise<\/h3>\n<ul>\n<li>Vegetarisch<\/li>\n<\/ul><\/div>\n<\/div>\n","protected":false},"excerpt":{"rendered":"<p>KENAY Curcumin BCM-95 mit Piperine liefert pro Tagesdosis 712,5 mg Curcuminoide aus dem patentierten BCM-95\u00ae-Extrakt, erg\u00e4nzt durch BioPerine\u00ae-Piperin. 60 vegetarische HPMC-Kapseln f\u00fcr 30 Tage.<\/p>\n","protected":false},"featured_media":6400,"comment_status":"closed","ping_status":"open","template":"","meta":[],"product_brand":[335],"product_cat":[25,117,44,21],"product_tag":[],"class_list":{"0":"post-6399","1":"product","2":"type-product","3":"status-publish","4":"has-post-thumbnail","6":"product_brand-kenay","7":"product_cat-gesundheit-und-wohlbefinden","8":"product_cat-kurkuma","9":"product_cat-pflanzliche-nahrungsergaenzungsmittel","10":"product_cat-vitamine-und-mineralstoffe","12":"first","13":"outofstock","14":"taxable","15":"shipping-taxable","16":"purchasable","17":"product-type-simple"},"yoast_head":"<!-- This site is optimized with the Yoast SEO plugin v27.5 - https:\/\/yoast.com\/product\/yoast-seo-wordpress\/ -->\n<title>KENAY Curcumin BCM-95 mit Piperine 60 Kapseln | ecosupplements.ch<\/title>\n<meta name=\"description\" content=\"Hochdosiertes Curcumin BCM-95\u00ae mit BioPerine\u00ae-Piperin \u2013 712,5 mg Curcuminoide pro Tagesdosis in 60 vegetarischen Kapseln. Jetzt bestellen.\" \/>\n<meta name=\"robots\" content=\"index, follow, max-snippet:-1, max-image-preview:large, max-video-preview:-1\" \/>\n<link rel=\"canonical\" href=\"https:\/\/ecosupplements.ch\/?product=kenay-curcumin-bcm-95-with-piperine-60-caps\" \/>\n<meta property=\"og:locale\" content=\"de_DE\" \/>\n<meta property=\"og:type\" content=\"article\" \/>\n<meta property=\"og:title\" content=\"KENAY Curcumin BCM-95 mit Piperine 60 Kapseln | ecosupplements.ch\" \/>\n<meta property=\"og:description\" content=\"Hochdosiertes Curcumin BCM-95\u00ae mit BioPerine\u00ae-Piperin \u2013 712,5 mg Curcuminoide pro Tagesdosis in 60 vegetarischen Kapseln. Jetzt bestellen.\" \/>\n<meta property=\"og:url\" content=\"https:\/\/ecosupplements.ch\/?product=kenay-curcumin-bcm-95-with-piperine-60-caps\" \/>\n<meta property=\"og:site_name\" content=\"Eco Supplements\" \/>\n<meta property=\"article:modified_time\" content=\"2026-05-13T07:28:15+00:00\" \/>\n<meta property=\"og:image\" content=\"https:\/\/ecosupplements.ch\/wp-content\/uploads\/2026\/05\/KENAY-Curcumin-BCM-95-with-Piperine-60-caps.jpg\" \/>\n\t<meta property=\"og:image:width\" content=\"600\" \/>\n\t<meta property=\"og:image:height\" content=\"600\" \/>\n\t<meta property=\"og:image:type\" content=\"image\/jpeg\" \/>\n<meta name=\"twitter:card\" content=\"summary_large_image\" \/>\n<meta name=\"twitter:label1\" content=\"Price\" \/>\n\t<meta name=\"twitter:data1\" content=\"&#067;&#072;&#070;&nbsp;21.37\" \/>\n\t<meta name=\"twitter:label2\" content=\"Availability\" \/>\n\t<meta name=\"twitter:data2\" content=\"Out of stock\" \/>\n<script type=\"application\/ld+json\" class=\"yoast-schema-graph\">{\"@context\":\"https:\\\/\\\/schema.org\",\"@graph\":[{\"@type\":\"WebPage\",\"@id\":\"https:\\\/\\\/ecosupplements.ch\\\/?product=kenay-curcumin-bcm-95-with-piperine-60-caps\",\"url\":\"https:\\\/\\\/ecosupplements.ch\\\/?product=kenay-curcumin-bcm-95-with-piperine-60-caps\",\"name\":\"KENAY Curcumin BCM-95 mit Piperine 60 Kapseln | ecosupplements.ch\",\"isPartOf\":{\"@id\":\"https:\\\/\\\/ecosupplements.ch\\\/#website\"},\"primaryImageOfPage\":{\"@id\":\"https:\\\/\\\/ecosupplements.ch\\\/?product=kenay-curcumin-bcm-95-with-piperine-60-caps#primaryimage\"},\"image\":{\"@id\":\"https:\\\/\\\/ecosupplements.ch\\\/?product=kenay-curcumin-bcm-95-with-piperine-60-caps#primaryimage\"},\"thumbnailUrl\":\"https:\\\/\\\/ecosupplements.ch\\\/wp-content\\\/uploads\\\/2026\\\/05\\\/KENAY-Curcumin-BCM-95-with-Piperine-60-caps.jpg\",\"datePublished\":\"2026-05-11T15:14:36+00:00\",\"dateModified\":\"2026-05-13T07:28:15+00:00\",\"description\":\"Hochdosiertes Curcumin BCM-95\u00ae mit BioPerine\u00ae-Piperin \u2013 712,5 mg Curcuminoide pro Tagesdosis in 60 vegetarischen Kapseln. Jetzt bestellen.\",\"breadcrumb\":{\"@id\":\"https:\\\/\\\/ecosupplements.ch\\\/?product=kenay-curcumin-bcm-95-with-piperine-60-caps#breadcrumb\"},\"inLanguage\":\"de-CH\",\"potentialAction\":[{\"@type\":\"ReadAction\",\"target\":[\"https:\\\/\\\/ecosupplements.ch\\\/?product=kenay-curcumin-bcm-95-with-piperine-60-caps\"]}]},{\"@type\":\"ImageObject\",\"inLanguage\":\"de-CH\",\"@id\":\"https:\\\/\\\/ecosupplements.ch\\\/?product=kenay-curcumin-bcm-95-with-piperine-60-caps#primaryimage\",\"url\":\"https:\\\/\\\/ecosupplements.ch\\\/wp-content\\\/uploads\\\/2026\\\/05\\\/KENAY-Curcumin-BCM-95-with-Piperine-60-caps.jpg\",\"contentUrl\":\"https:\\\/\\\/ecosupplements.ch\\\/wp-content\\\/uploads\\\/2026\\\/05\\\/KENAY-Curcumin-BCM-95-with-Piperine-60-caps.jpg\",\"width\":600,\"height\":600,\"caption\":\"KENAY Curcumin BCM-95 with Piperine (60 caps)\"},{\"@type\":\"BreadcrumbList\",\"@id\":\"https:\\\/\\\/ecosupplements.ch\\\/?product=kenay-curcumin-bcm-95-with-piperine-60-caps#breadcrumb\",\"itemListElement\":[{\"@type\":\"ListItem\",\"position\":1,\"name\":\"Home\",\"item\":\"https:\\\/\\\/ecosupplements.ch\\\/\"},{\"@type\":\"ListItem\",\"position\":2,\"name\":\"Shop\",\"item\":\"https:\\\/\\\/ecosupplements.ch\\\/?page_id=14\"},{\"@type\":\"ListItem\",\"position\":3,\"name\":\"KENAY Curcumin BCM-95 with Piperine (60 caps)\"}]},{\"@type\":\"WebSite\",\"@id\":\"https:\\\/\\\/ecosupplements.ch\\\/#website\",\"url\":\"https:\\\/\\\/ecosupplements.ch\\\/\",\"name\":\"Eco Supplements\",\"description\":\"\",\"potentialAction\":[{\"@type\":\"SearchAction\",\"target\":{\"@type\":\"EntryPoint\",\"urlTemplate\":\"https:\\\/\\\/ecosupplements.ch\\\/?s={search_term_string}\"},\"query-input\":{\"@type\":\"PropertyValueSpecification\",\"valueRequired\":true,\"valueName\":\"search_term_string\"}}],\"inLanguage\":\"de-CH\"}]}<\/script>\n<meta property=\"product:price:amount\" content=\"21.37\" \/>\n<meta property=\"product:price:currency\" content=\"CHF\" \/>\n<meta property=\"og:availability\" content=\"out of stock\" \/>\n<meta property=\"product:availability\" content=\"out of stock\" \/>\n<meta property=\"product:retailer_item_id\" content=\"5900672154436\" \/>\n<meta property=\"product:condition\" content=\"new\" \/>\n<!-- \/ Yoast SEO plugin. -->","yoast_head_json":{"title":"KENAY Curcumin BCM-95 mit Piperine 60 Kapseln | ecosupplements.ch","description":"Hochdosiertes Curcumin BCM-95\u00ae mit BioPerine\u00ae-Piperin \u2013 712,5 mg Curcuminoide pro Tagesdosis in 60 vegetarischen Kapseln. Jetzt bestellen.","robots":{"index":"index","follow":"follow","max-snippet":"max-snippet:-1","max-image-preview":"max-image-preview:large","max-video-preview":"max-video-preview:-1"},"canonical":"https:\/\/ecosupplements.ch\/?product=kenay-curcumin-bcm-95-with-piperine-60-caps","og_locale":"de_DE","og_type":"article","og_title":"KENAY Curcumin BCM-95 mit Piperine 60 Kapseln | ecosupplements.ch","og_description":"Hochdosiertes Curcumin BCM-95\u00ae mit BioPerine\u00ae-Piperin \u2013 712,5 mg Curcuminoide pro Tagesdosis in 60 vegetarischen Kapseln. Jetzt bestellen.","og_url":"https:\/\/ecosupplements.ch\/?product=kenay-curcumin-bcm-95-with-piperine-60-caps","og_site_name":"Eco Supplements","article_modified_time":"2026-05-13T07:28:15+00:00","og_image":[{"width":600,"height":600,"url":"https:\/\/ecosupplements.ch\/wp-content\/uploads\/2026\/05\/KENAY-Curcumin-BCM-95-with-Piperine-60-caps.jpg","type":"image\/jpeg"}],"twitter_card":"summary_large_image","twitter_misc":{"Price":"&#67;&#72;&#70;&nbsp;21.37","Availability":"Out of stock"},"schema":{"@context":"https:\/\/schema.org","@graph":[{"@type":"WebPage","@id":"https:\/\/ecosupplements.ch\/?product=kenay-curcumin-bcm-95-with-piperine-60-caps","url":"https:\/\/ecosupplements.ch\/?product=kenay-curcumin-bcm-95-with-piperine-60-caps","name":"KENAY Curcumin BCM-95 mit Piperine 60 Kapseln | ecosupplements.ch","isPartOf":{"@id":"https:\/\/ecosupplements.ch\/#website"},"primaryImageOfPage":{"@id":"https:\/\/ecosupplements.ch\/?product=kenay-curcumin-bcm-95-with-piperine-60-caps#primaryimage"},"image":{"@id":"https:\/\/ecosupplements.ch\/?product=kenay-curcumin-bcm-95-with-piperine-60-caps#primaryimage"},"thumbnailUrl":"https:\/\/ecosupplements.ch\/wp-content\/uploads\/2026\/05\/KENAY-Curcumin-BCM-95-with-Piperine-60-caps.jpg","datePublished":"2026-05-11T15:14:36+00:00","dateModified":"2026-05-13T07:28:15+00:00","description":"Hochdosiertes Curcumin BCM-95\u00ae mit BioPerine\u00ae-Piperin \u2013 712,5 mg Curcuminoide pro Tagesdosis in 60 vegetarischen Kapseln. Jetzt bestellen.","breadcrumb":{"@id":"https:\/\/ecosupplements.ch\/?product=kenay-curcumin-bcm-95-with-piperine-60-caps#breadcrumb"},"inLanguage":"de-CH","potentialAction":[{"@type":"ReadAction","target":["https:\/\/ecosupplements.ch\/?product=kenay-curcumin-bcm-95-with-piperine-60-caps"]}]},{"@type":"ImageObject","inLanguage":"de-CH","@id":"https:\/\/ecosupplements.ch\/?product=kenay-curcumin-bcm-95-with-piperine-60-caps#primaryimage","url":"https:\/\/ecosupplements.ch\/wp-content\/uploads\/2026\/05\/KENAY-Curcumin-BCM-95-with-Piperine-60-caps.jpg","contentUrl":"https:\/\/ecosupplements.ch\/wp-content\/uploads\/2026\/05\/KENAY-Curcumin-BCM-95-with-Piperine-60-caps.jpg","width":600,"height":600,"caption":"KENAY Curcumin BCM-95 with Piperine (60 caps)"},{"@type":"BreadcrumbList","@id":"https:\/\/ecosupplements.ch\/?product=kenay-curcumin-bcm-95-with-piperine-60-caps#breadcrumb","itemListElement":[{"@type":"ListItem","position":1,"name":"Home","item":"https:\/\/ecosupplements.ch\/"},{"@type":"ListItem","position":2,"name":"Shop","item":"https:\/\/ecosupplements.ch\/?page_id=14"},{"@type":"ListItem","position":3,"name":"KENAY Curcumin BCM-95 with Piperine (60 caps)"}]},{"@type":"WebSite","@id":"https:\/\/ecosupplements.ch\/#website","url":"https:\/\/ecosupplements.ch\/","name":"Eco Supplements","description":"","potentialAction":[{"@type":"SearchAction","target":{"@type":"EntryPoint","urlTemplate":"https:\/\/ecosupplements.ch\/?s={search_term_string}"},"query-input":{"@type":"PropertyValueSpecification","valueRequired":true,"valueName":"search_term_string"}}],"inLanguage":"de-CH"}]},"product_price_amount":"21.37","product_price_currency":"CHF","og_availability":"out of stock","product_availability":"out of stock","product_retailer_item_id":"5900672154436","product_condition":"new"},"_links":{"self":[{"href":"https:\/\/ecosupplements.ch\/index.php?rest_route=\/wp\/v2\/product\/6399","targetHints":{"allow":["GET"]}}],"collection":[{"href":"https:\/\/ecosupplements.ch\/index.php?rest_route=\/wp\/v2\/product"}],"about":[{"href":"https:\/\/ecosupplements.ch\/index.php?rest_route=\/wp\/v2\/types\/product"}],"replies":[{"embeddable":true,"href":"https:\/\/ecosupplements.ch\/index.php?rest_route=%2Fwp%2Fv2%2Fcomments&post=6399"}],"wp:featuredmedia":[{"embeddable":true,"href":"https:\/\/ecosupplements.ch\/index.php?rest_route=\/wp\/v2\/media\/6400"}],"wp:attachment":[{"href":"https:\/\/ecosupplements.ch\/index.php?rest_route=%2Fwp%2Fv2%2Fmedia&parent=6399"}],"wp:term":[{"taxonomy":"product_brand","embeddable":true,"href":"https:\/\/ecosupplements.ch\/index.php?rest_route=%2Fwp%2Fv2%2Fproduct_brand&post=6399"},{"taxonomy":"product_cat","embeddable":true,"href":"https:\/\/ecosupplements.ch\/index.php?rest_route=%2Fwp%2Fv2%2Fproduct_cat&post=6399"},{"taxonomy":"product_tag","embeddable":true,"href":"https:\/\/ecosupplements.ch\/index.php?rest_route=%2Fwp%2Fv2%2Fproduct_tag&post=6399"}],"curies":[{"name":"wp","href":"https:\/\/api.w.org\/{rel}","templated":true}]}}