{"id":6405,"date":"2026-05-11T15:14:38","date_gmt":"2026-05-11T15:14:38","guid":{"rendered":"https:\/\/ecosupplements.ch\/?product=kenay-sodium-butyrate-supreme-60-caps"},"modified":"2026-05-13T07:28:16","modified_gmt":"2026-05-13T07:28:16","slug":"kenay-sodium-butyrate-supreme-60-caps","status":"publish","type":"product","link":"https:\/\/ecosupplements.ch\/?product=kenay-sodium-butyrate-supreme-60-caps","title":{"rendered":"KENAY Sodium Butyrate SUPREME (60 caps)"},"content":{"rendered":"<div class=\"chcg-product-description\">\n<h2 class=\"chcg-heading\">\u00dcber KENAY \u2013 Sodium Butyrate SUPREME (60 Kapseln)<\/h2>\n<div class=\"chcg-intro\">\n<p>Sodium Butyrate SUPREME von Kenay liefert pro Tagesdosis (2 Kapseln) 1200 mg Natriumbutyrat, davon 940 mg Butters\u00e4ure \u2013 in einer sorgf\u00e4ltig dosierten, magensaftresistenten Form. Butters\u00e4ure (Butyrat) ist eine kurzkettige Fetts\u00e4ure, die im Dickdarm auf nat\u00fcrliche Weise entsteht und dort als wichtigste Energiequelle der Darmschleimhautzellen dient. Eine gezielte Zufuhr \u00fcber hochwertige Supplemente kann dazu beitragen, dieses Gleichgewicht zu unterst\u00fctzen.<\/p>\n<p>Ein besonderes Merkmal dieses Produkts ist die Verwendung von DRcaps\u00ae \u2013 pflanzlichen, magensaftresistenten Kapseln mit verz\u00f6gerter Freisetzung. Diese Technologie gew\u00e4hrleistet, dass der Wirkstoff erst im D\u00fcnndarm und Dickdarm freigesetzt wird und nicht bereits im Magen, was die Wirksamkeit des Pr\u00e4parats deutlich verbessert. Die Kapselh\u00fclle besteht aus Hydroxypropylmethylcellulose (HPMC) und ist vollst\u00e4ndig pflanzlichen Ursprungs.<\/p>\n<p>Die Rezeptur von Kenay zeichnet sich durch ihre Reinheit aus: Das Produkt enth\u00e4lt ausschliesslich den Wirkstoff Natriumbutyrat und die HPMC-Kapselh\u00fclle \u2013 ohne Bindemittel, F\u00fcllstoffe, Gleitmittel oder sonstige Zusatzstoffe. Dies macht Sodium Butyrate SUPREME zu einer besonders reinen Wahl f\u00fcr alle, die auf unn\u00f6tige Hilfsstoffe verzichten m\u00f6chten.<\/p>\n<\/p><\/div>\n<div class=\"chcg-nutrition\">\n<h3>N\u00e4hrwertangaben<\/h3>\n<table class=\"chcg-nutrition-table\">\n<thead>\n<tr>\n<th>N\u00e4hrstoff<\/th>\n<th>Pro Portion (2 Kapseln)<\/th>\n<\/tr>\n<\/thead>\n<tbody>\n<tr>\n<td>Natriumbutyrat<\/td>\n<td>1200 mg<\/td>\n<\/tr>\n<tr>\n<td>\u2013 davon Butters\u00e4ure<\/td>\n<td>940 mg<\/td>\n<\/tr>\n<\/tbody>\n<\/table>\n<p class=\"chcg-footnote\">* Kein festgelegter Tagesreferenzwert vorhanden.<\/p>\n<\/p><\/div>\n<div class=\"chcg-ingredients\">\n<h3>Zutaten<\/h3>\n<p>Natriumbutyrat, davon: Butters\u00e4ure; Kapselh\u00fcllenstoff: Hydroxypropylmethylcellulose (HPMC).<\/p>\n<p class=\"chcg-capsule-shell\">Kapselh\u00fclle: Hydroxypropylmethylcellulose (HPMC) \u2013 DRcaps\u00ae magensaftresistente Kapsel mit verz\u00f6gerter Freisetzung (pflanzlich).<\/p>\n<\/p><\/div>\n<div class=\"chcg-dosage\">\n<h3>Verzehrempfehlung<\/h3>\n<p>1 Kapsel zweimal t\u00e4glich (2 Kapseln pro Tag). Tagesportion: 2 Kapseln.<\/p>\n<\/p><\/div>\n<div class=\"chcg-warnings\">\n<h3>Warnhinweise<\/h3>\n<p>Die empfohlene Tagesdosis nicht \u00fcberschreiten. Nahrungserg\u00e4nzungsmittel sind kein Ersatz f\u00fcr eine abwechslungsreiche Ern\u00e4hrung und eine gesunde Lebensweise. Bei \u00dcberempfindlichkeit gegen\u00fcber einem der Bestandteile des Pr\u00e4parats nicht verwenden. Nicht geeignet f\u00fcr Schwangere, Stillende sowie Kinder und Jugendliche unter 18 Jahren.<\/p>\n<\/p><\/div>\n<div class=\"chcg-allergens\">\n<h3>Allergeninformationen<\/h3>\n<p>Auf dem Etikett sind keine Allergene deklariert. Das Produkt enth\u00e4lt ausschliesslich den Wirkstoff Natriumbutyrat sowie die HPMC-Kapselh\u00fclle \u2013 ohne Bindemittel, F\u00fcllstoffe, Gleitmittel oder sonstige Zusatzstoffe.<\/p>\n<\/p><\/div>\n<div class=\"chcg-storage\">\n<h3>Lagerung<\/h3>\n<p>In einem fest verschlossenen Beh\u00e4lter bei Raumtemperatur lagern. Ausserhalb der Reichweite von Kleinkindern aufbewahren.<\/p>\n<\/p><\/div>\n<div class=\"chcg-dietary\">\n<h3>Ern\u00e4hrungshinweise<\/h3>\n<ul>\n<li>Vegan<\/li>\n<li>Vegetarisch<\/li>\n<\/ul><\/div>\n<\/div>\n","protected":false},"excerpt":{"rendered":"<p>Sodium Butyrate SUPREME von Kenay liefert 1200 mg Natriumbutyrat pro Tag in magensaftresistenten DRcaps\u00ae-Kapseln mit verz\u00f6gerter Freisetzung. Reine Formel ohne Zusatzstoffe, vegan, 60 Kapseln.<\/p>\n","protected":false},"featured_media":6406,"comment_status":"closed","ping_status":"open","template":"","meta":[],"product_brand":[335],"product_cat":[25,171,21],"product_tag":[],"class_list":{"0":"post-6405","1":"product","2":"type-product","3":"status-publish","4":"has-post-thumbnail","6":"product_brand-kenay","7":"product_cat-gesundheit-und-wohlbefinden","8":"product_cat-vitamine-und-mineralien","9":"product_cat-vitamine-und-mineralstoffe","11":"first","12":"outofstock","13":"taxable","14":"shipping-taxable","15":"purchasable","16":"product-type-simple"},"yoast_head":"<!-- This site is optimized with the Yoast SEO plugin v27.5 - https:\/\/yoast.com\/product\/yoast-seo-wordpress\/ -->\n<title>Sodium Butyrate SUPREME \u2013 KENAY | ecosupplements.ch<\/title>\n<meta name=\"description\" content=\"Natriumbutyrat hochdosiert in magensaftresistenten DRcaps\u00ae-Kapseln \u2013 1200 mg pro Tagesdosis, vegan, ohne Zusatzstoffe, 60 Kapseln. Jetzt bestellen.\" \/>\n<meta name=\"robots\" content=\"index, follow, max-snippet:-1, max-image-preview:large, max-video-preview:-1\" \/>\n<link rel=\"canonical\" href=\"https:\/\/ecosupplements.ch\/?product=kenay-sodium-butyrate-supreme-60-caps\" \/>\n<meta property=\"og:locale\" content=\"de_DE\" \/>\n<meta property=\"og:type\" content=\"article\" \/>\n<meta property=\"og:title\" content=\"Sodium Butyrate SUPREME \u2013 KENAY | ecosupplements.ch\" \/>\n<meta property=\"og:description\" content=\"Natriumbutyrat hochdosiert in magensaftresistenten DRcaps\u00ae-Kapseln \u2013 1200 mg pro Tagesdosis, vegan, ohne Zusatzstoffe, 60 Kapseln. Jetzt bestellen.\" \/>\n<meta property=\"og:url\" content=\"https:\/\/ecosupplements.ch\/?product=kenay-sodium-butyrate-supreme-60-caps\" \/>\n<meta property=\"og:site_name\" content=\"Eco Supplements\" \/>\n<meta property=\"article:modified_time\" content=\"2026-05-13T07:28:16+00:00\" \/>\n<meta property=\"og:image\" content=\"https:\/\/ecosupplements.ch\/wp-content\/uploads\/2026\/05\/KENAY-Sodium-Butyrate-SUPREME-60-caps.jpg\" \/>\n\t<meta property=\"og:image:width\" content=\"600\" \/>\n\t<meta property=\"og:image:height\" content=\"800\" \/>\n\t<meta property=\"og:image:type\" content=\"image\/jpeg\" \/>\n<meta name=\"twitter:card\" content=\"summary_large_image\" \/>\n<meta name=\"twitter:label1\" content=\"Price\" \/>\n\t<meta name=\"twitter:data1\" content=\"&#067;&#072;&#070;&nbsp;16.55\" \/>\n\t<meta name=\"twitter:label2\" content=\"Availability\" \/>\n\t<meta name=\"twitter:data2\" content=\"Out of stock\" \/>\n<script type=\"application\/ld+json\" class=\"yoast-schema-graph\">{\"@context\":\"https:\\\/\\\/schema.org\",\"@graph\":[{\"@type\":\"WebPage\",\"@id\":\"https:\\\/\\\/ecosupplements.ch\\\/?product=kenay-sodium-butyrate-supreme-60-caps\",\"url\":\"https:\\\/\\\/ecosupplements.ch\\\/?product=kenay-sodium-butyrate-supreme-60-caps\",\"name\":\"Sodium Butyrate SUPREME \u2013 KENAY | ecosupplements.ch\",\"isPartOf\":{\"@id\":\"https:\\\/\\\/ecosupplements.ch\\\/#website\"},\"primaryImageOfPage\":{\"@id\":\"https:\\\/\\\/ecosupplements.ch\\\/?product=kenay-sodium-butyrate-supreme-60-caps#primaryimage\"},\"image\":{\"@id\":\"https:\\\/\\\/ecosupplements.ch\\\/?product=kenay-sodium-butyrate-supreme-60-caps#primaryimage\"},\"thumbnailUrl\":\"https:\\\/\\\/ecosupplements.ch\\\/wp-content\\\/uploads\\\/2026\\\/05\\\/KENAY-Sodium-Butyrate-SUPREME-60-caps.jpg\",\"datePublished\":\"2026-05-11T15:14:38+00:00\",\"dateModified\":\"2026-05-13T07:28:16+00:00\",\"description\":\"Natriumbutyrat hochdosiert in magensaftresistenten DRcaps\u00ae-Kapseln \u2013 1200 mg pro Tagesdosis, vegan, ohne Zusatzstoffe, 60 Kapseln. Jetzt bestellen.\",\"breadcrumb\":{\"@id\":\"https:\\\/\\\/ecosupplements.ch\\\/?product=kenay-sodium-butyrate-supreme-60-caps#breadcrumb\"},\"inLanguage\":\"de-CH\",\"potentialAction\":[{\"@type\":\"ReadAction\",\"target\":[\"https:\\\/\\\/ecosupplements.ch\\\/?product=kenay-sodium-butyrate-supreme-60-caps\"]}]},{\"@type\":\"ImageObject\",\"inLanguage\":\"de-CH\",\"@id\":\"https:\\\/\\\/ecosupplements.ch\\\/?product=kenay-sodium-butyrate-supreme-60-caps#primaryimage\",\"url\":\"https:\\\/\\\/ecosupplements.ch\\\/wp-content\\\/uploads\\\/2026\\\/05\\\/KENAY-Sodium-Butyrate-SUPREME-60-caps.jpg\",\"contentUrl\":\"https:\\\/\\\/ecosupplements.ch\\\/wp-content\\\/uploads\\\/2026\\\/05\\\/KENAY-Sodium-Butyrate-SUPREME-60-caps.jpg\",\"width\":600,\"height\":800,\"caption\":\"KENAY Sodium Butyrate SUPREME (60 caps)\"},{\"@type\":\"BreadcrumbList\",\"@id\":\"https:\\\/\\\/ecosupplements.ch\\\/?product=kenay-sodium-butyrate-supreme-60-caps#breadcrumb\",\"itemListElement\":[{\"@type\":\"ListItem\",\"position\":1,\"name\":\"Home\",\"item\":\"https:\\\/\\\/ecosupplements.ch\\\/\"},{\"@type\":\"ListItem\",\"position\":2,\"name\":\"Shop\",\"item\":\"https:\\\/\\\/ecosupplements.ch\\\/?page_id=14\"},{\"@type\":\"ListItem\",\"position\":3,\"name\":\"KENAY Sodium Butyrate SUPREME (60 caps)\"}]},{\"@type\":\"WebSite\",\"@id\":\"https:\\\/\\\/ecosupplements.ch\\\/#website\",\"url\":\"https:\\\/\\\/ecosupplements.ch\\\/\",\"name\":\"Eco Supplements\",\"description\":\"\",\"potentialAction\":[{\"@type\":\"SearchAction\",\"target\":{\"@type\":\"EntryPoint\",\"urlTemplate\":\"https:\\\/\\\/ecosupplements.ch\\\/?s={search_term_string}\"},\"query-input\":{\"@type\":\"PropertyValueSpecification\",\"valueRequired\":true,\"valueName\":\"search_term_string\"}}],\"inLanguage\":\"de-CH\"}]}<\/script>\n<meta property=\"product:price:amount\" content=\"16.55\" \/>\n<meta property=\"product:price:currency\" content=\"CHF\" \/>\n<meta property=\"og:availability\" content=\"out of stock\" \/>\n<meta property=\"product:availability\" content=\"out of stock\" \/>\n<meta property=\"product:retailer_item_id\" content=\"5900672155532\" \/>\n<meta property=\"product:condition\" content=\"new\" \/>\n<!-- \/ Yoast SEO plugin. -->","yoast_head_json":{"title":"Sodium Butyrate SUPREME \u2013 KENAY | ecosupplements.ch","description":"Natriumbutyrat hochdosiert in magensaftresistenten DRcaps\u00ae-Kapseln \u2013 1200 mg pro Tagesdosis, vegan, ohne Zusatzstoffe, 60 Kapseln. Jetzt bestellen.","robots":{"index":"index","follow":"follow","max-snippet":"max-snippet:-1","max-image-preview":"max-image-preview:large","max-video-preview":"max-video-preview:-1"},"canonical":"https:\/\/ecosupplements.ch\/?product=kenay-sodium-butyrate-supreme-60-caps","og_locale":"de_DE","og_type":"article","og_title":"Sodium Butyrate SUPREME \u2013 KENAY | ecosupplements.ch","og_description":"Natriumbutyrat hochdosiert in magensaftresistenten DRcaps\u00ae-Kapseln \u2013 1200 mg pro Tagesdosis, vegan, ohne Zusatzstoffe, 60 Kapseln. Jetzt bestellen.","og_url":"https:\/\/ecosupplements.ch\/?product=kenay-sodium-butyrate-supreme-60-caps","og_site_name":"Eco Supplements","article_modified_time":"2026-05-13T07:28:16+00:00","og_image":[{"width":600,"height":800,"url":"https:\/\/ecosupplements.ch\/wp-content\/uploads\/2026\/05\/KENAY-Sodium-Butyrate-SUPREME-60-caps.jpg","type":"image\/jpeg"}],"twitter_card":"summary_large_image","twitter_misc":{"Price":"&#67;&#72;&#70;&nbsp;16.55","Availability":"Out of stock"},"schema":{"@context":"https:\/\/schema.org","@graph":[{"@type":"WebPage","@id":"https:\/\/ecosupplements.ch\/?product=kenay-sodium-butyrate-supreme-60-caps","url":"https:\/\/ecosupplements.ch\/?product=kenay-sodium-butyrate-supreme-60-caps","name":"Sodium Butyrate SUPREME \u2013 KENAY | ecosupplements.ch","isPartOf":{"@id":"https:\/\/ecosupplements.ch\/#website"},"primaryImageOfPage":{"@id":"https:\/\/ecosupplements.ch\/?product=kenay-sodium-butyrate-supreme-60-caps#primaryimage"},"image":{"@id":"https:\/\/ecosupplements.ch\/?product=kenay-sodium-butyrate-supreme-60-caps#primaryimage"},"thumbnailUrl":"https:\/\/ecosupplements.ch\/wp-content\/uploads\/2026\/05\/KENAY-Sodium-Butyrate-SUPREME-60-caps.jpg","datePublished":"2026-05-11T15:14:38+00:00","dateModified":"2026-05-13T07:28:16+00:00","description":"Natriumbutyrat hochdosiert in magensaftresistenten DRcaps\u00ae-Kapseln \u2013 1200 mg pro Tagesdosis, vegan, ohne Zusatzstoffe, 60 Kapseln. Jetzt bestellen.","breadcrumb":{"@id":"https:\/\/ecosupplements.ch\/?product=kenay-sodium-butyrate-supreme-60-caps#breadcrumb"},"inLanguage":"de-CH","potentialAction":[{"@type":"ReadAction","target":["https:\/\/ecosupplements.ch\/?product=kenay-sodium-butyrate-supreme-60-caps"]}]},{"@type":"ImageObject","inLanguage":"de-CH","@id":"https:\/\/ecosupplements.ch\/?product=kenay-sodium-butyrate-supreme-60-caps#primaryimage","url":"https:\/\/ecosupplements.ch\/wp-content\/uploads\/2026\/05\/KENAY-Sodium-Butyrate-SUPREME-60-caps.jpg","contentUrl":"https:\/\/ecosupplements.ch\/wp-content\/uploads\/2026\/05\/KENAY-Sodium-Butyrate-SUPREME-60-caps.jpg","width":600,"height":800,"caption":"KENAY Sodium Butyrate SUPREME (60 caps)"},{"@type":"BreadcrumbList","@id":"https:\/\/ecosupplements.ch\/?product=kenay-sodium-butyrate-supreme-60-caps#breadcrumb","itemListElement":[{"@type":"ListItem","position":1,"name":"Home","item":"https:\/\/ecosupplements.ch\/"},{"@type":"ListItem","position":2,"name":"Shop","item":"https:\/\/ecosupplements.ch\/?page_id=14"},{"@type":"ListItem","position":3,"name":"KENAY Sodium Butyrate SUPREME (60 caps)"}]},{"@type":"WebSite","@id":"https:\/\/ecosupplements.ch\/#website","url":"https:\/\/ecosupplements.ch\/","name":"Eco Supplements","description":"","potentialAction":[{"@type":"SearchAction","target":{"@type":"EntryPoint","urlTemplate":"https:\/\/ecosupplements.ch\/?s={search_term_string}"},"query-input":{"@type":"PropertyValueSpecification","valueRequired":true,"valueName":"search_term_string"}}],"inLanguage":"de-CH"}]},"product_price_amount":"16.55","product_price_currency":"CHF","og_availability":"out of stock","product_availability":"out of stock","product_retailer_item_id":"5900672155532","product_condition":"new"},"_links":{"self":[{"href":"https:\/\/ecosupplements.ch\/index.php?rest_route=\/wp\/v2\/product\/6405","targetHints":{"allow":["GET"]}}],"collection":[{"href":"https:\/\/ecosupplements.ch\/index.php?rest_route=\/wp\/v2\/product"}],"about":[{"href":"https:\/\/ecosupplements.ch\/index.php?rest_route=\/wp\/v2\/types\/product"}],"replies":[{"embeddable":true,"href":"https:\/\/ecosupplements.ch\/index.php?rest_route=%2Fwp%2Fv2%2Fcomments&post=6405"}],"wp:featuredmedia":[{"embeddable":true,"href":"https:\/\/ecosupplements.ch\/index.php?rest_route=\/wp\/v2\/media\/6406"}],"wp:attachment":[{"href":"https:\/\/ecosupplements.ch\/index.php?rest_route=%2Fwp%2Fv2%2Fmedia&parent=6405"}],"wp:term":[{"taxonomy":"product_brand","embeddable":true,"href":"https:\/\/ecosupplements.ch\/index.php?rest_route=%2Fwp%2Fv2%2Fproduct_brand&post=6405"},{"taxonomy":"product_cat","embeddable":true,"href":"https:\/\/ecosupplements.ch\/index.php?rest_route=%2Fwp%2Fv2%2Fproduct_cat&post=6405"},{"taxonomy":"product_tag","embeddable":true,"href":"https:\/\/ecosupplements.ch\/index.php?rest_route=%2Fwp%2Fv2%2Fproduct_tag&post=6405"}],"curies":[{"name":"wp","href":"https:\/\/api.w.org\/{rel}","templated":true}]}}