{"id":6407,"date":"2026-05-11T15:14:39","date_gmt":"2026-05-11T15:14:39","guid":{"rendered":"https:\/\/ecosupplements.ch\/?product=kenay-melatonin-microactive-60-caps"},"modified":"2026-05-13T07:28:16","modified_gmt":"2026-05-13T07:28:16","slug":"kenay-melatonin-microactive-60-caps","status":"publish","type":"product","link":"https:\/\/ecosupplements.ch\/?product=kenay-melatonin-microactive-60-caps","title":{"rendered":"KENAY Melatonin MicroActive (60 caps)"},"content":{"rendered":"<div class=\"chcg-product-description\">\n<h2 class=\"chcg-heading\">\u00dcber KENAY \u2013 Melatonin MicroActive (60 Kapseln)<\/h2>\n<div class=\"chcg-intro\">\n<p>Das KENAY Melatonin MicroActive ist ein Nahrungserg\u00e4nzungsmittel mit der patentierten MicroActive\u00ae-Technologie, die eine schrittweise Freisetzung von Melatonin \u00fcber mehrere Stunden erm\u00f6glicht. Jede Kapsel enth\u00e4lt 1 mg reines Melatonin, eingebettet in 34 mg des MicroActive\u00ae-Komplexes, was eine gleichm\u00e4ssige Wirkstoffabgabe w\u00e4hrend der Nacht unterst\u00fctzt.<\/p>\n<p>Melatonin tr\u00e4gt dazu bei, die Einschlafzeit zu verk\u00fcrzen. Dieser positive Effekt wird bei einer Einnahme von 1 mg Melatonin kurz vor dem Schlafengehen erzielt. Die Formulierung ist vegan und frei von tierischen Inhaltsstoffen.<\/p>\n<p>Mit 60 Kapseln pro Packung bietet dieses Produkt einen Vorrat f\u00fcr zwei Monate bei t\u00e4glicher Einnahme. Es eignet sich f\u00fcr Erwachsene, die ihren nat\u00fcrlichen Schlaf-Wach-Rhythmus unterst\u00fctzen m\u00f6chten.<\/p>\n<\/p><\/div>\n<div class=\"chcg-nutrition\">\n<h3>N\u00e4hrwertangaben<\/h3>\n<table class=\"chcg-nutrition-table\">\n<thead>\n<tr>\n<th>N\u00e4hrstoff<\/th>\n<th>Pro Portion (1 Kapsel)<\/th>\n<\/tr>\n<\/thead>\n<tbody>\n<tr>\n<td>MicroActive\u00ae Melatonin<\/td>\n<td>34 mg*<\/td>\n<\/tr>\n<tr>\n<td>\u2013 davon Melatonin (3 %)<\/td>\n<td>1 mg*<\/td>\n<\/tr>\n<\/tbody>\n<\/table>\n<p class=\"chcg-footnote\">* Kein festgelegter Tagesreferenzwert.<\/p>\n<\/p><\/div>\n<div class=\"chcg-ingredients\">\n<h3>Zutaten<\/h3>\n<p>F\u00fcllstoff: Inulin, mikrokristalline Cellulose; Trennmittel: Natriumalginat; Emulgator: Hydroxypropylmethylcellulose; Verdickungsmittel: Carnaubawachs; Melatonin; Kapselh\u00fclle: Hydroxypropylmethylcellulose.<\/p>\n<p class=\"chcg-capsule-shell\">Kapselh\u00fclle: Hydroxypropylmethylcellulose.<\/p>\n<\/p><\/div>\n<div class=\"chcg-dosage\">\n<h3>Verzehrempfehlung<\/h3>\n<p>1 Kapsel t\u00e4glich kurz vor dem Schlafengehen einnehmen.<\/p>\n<\/p><\/div>\n<div class=\"chcg-warnings\">\n<h3>Warnhinweise<\/h3>\n<p>Die empfohlene Tagesdosis nicht \u00fcberschreiten. Nahrungserg\u00e4nzungsmittel sind kein Ersatz f\u00fcr eine abwechslungsreiche und ausgewogene Ern\u00e4hrung. Nicht verwenden bei \u00dcberempfindlichkeit gegen\u00fcber einem der Bestandteile des Pr\u00e4parats. Nicht empfohlen f\u00fcr Schwangere oder stillende Frauen sowie f\u00fcr Kinder und Jugendliche unter 18 Jahren.<\/p>\n<\/p><\/div>\n<div class=\"chcg-allergens\">\n<h3>Allergeninformationen<\/h3>\n<p>Keine Allergene auf dem Etikett deklariert. Nicht verwenden bei \u00dcberempfindlichkeit gegen\u00fcber einem der Bestandteile des Pr\u00e4parats.<\/p>\n<\/p><\/div>\n<div class=\"chcg-storage\">\n<h3>Lagerung<\/h3>\n<p>In einem geschlossenen Beh\u00e4lter bei Raumtemperatur und ausserhalb der Reichweite von Kleinkindern aufbewahren.<\/p>\n<\/p><\/div>\n<div class=\"chcg-dietary\">\n<h3>Ern\u00e4hrungshinweise<\/h3>\n<ul>\n<li>Vegan<\/li>\n<li>Vegetarisch<\/li>\n<\/ul><\/div>\n<\/div>\n","protected":false},"excerpt":{"rendered":"<p>KENAY Melatonin MicroActive liefert 1 mg Melatonin pro Kapsel mit patentierter Langzeitfreisetzung f\u00fcr die Nacht. 60 vegane Kapseln pro Packung \u2013 ideal zur Unterst\u00fctzung des Einschlafens.<\/p>\n","protected":false},"featured_media":6408,"comment_status":"closed","ping_status":"open","template":"","meta":[],"product_brand":[335],"product_cat":[514,90,25,83,21],"product_tag":[],"class_list":{"0":"post-6407","1":"product","2":"type-product","3":"status-publish","4":"has-post-thumbnail","6":"product_brand-kenay","7":"product_cat-aminosaeuren-und-bcaas","8":"product_cat-fitness-training","9":"product_cat-gesundheit-und-wohlbefinden","10":"product_cat-schlafunterstuetzung","11":"product_cat-vitamine-und-mineralstoffe","13":"first","14":"outofstock","15":"taxable","16":"shipping-taxable","17":"purchasable","18":"product-type-simple"},"yoast_head":"<!-- This site is optimized with the Yoast SEO plugin v27.5 - https:\/\/yoast.com\/product\/yoast-seo-wordpress\/ -->\n<title>KENAY Melatonin MicroActive 60 Kapseln | ecosupplements.ch<\/title>\n<meta name=\"description\" content=\"1 mg Melatonin mit MicroActive\u00ae-Technologie zur Unterst\u00fctzung des Einschlafens \u2013 60 vegane Kapseln. Jetzt bestellen.\" \/>\n<meta name=\"robots\" content=\"index, follow, max-snippet:-1, max-image-preview:large, max-video-preview:-1\" \/>\n<link rel=\"canonical\" href=\"https:\/\/ecosupplements.ch\/?product=kenay-melatonin-microactive-60-caps\" \/>\n<meta property=\"og:locale\" content=\"de_DE\" \/>\n<meta property=\"og:type\" content=\"article\" \/>\n<meta property=\"og:title\" content=\"KENAY Melatonin MicroActive 60 Kapseln | ecosupplements.ch\" \/>\n<meta property=\"og:description\" content=\"1 mg Melatonin mit MicroActive\u00ae-Technologie zur Unterst\u00fctzung des Einschlafens \u2013 60 vegane Kapseln. Jetzt bestellen.\" \/>\n<meta property=\"og:url\" content=\"https:\/\/ecosupplements.ch\/?product=kenay-melatonin-microactive-60-caps\" \/>\n<meta property=\"og:site_name\" content=\"Eco Supplements\" \/>\n<meta property=\"article:modified_time\" content=\"2026-05-13T07:28:16+00:00\" \/>\n<meta property=\"og:image\" content=\"https:\/\/ecosupplements.ch\/wp-content\/uploads\/2026\/05\/KENAY-Melatonin-MicroActive-60-caps.jpg\" \/>\n\t<meta property=\"og:image:width\" content=\"600\" \/>\n\t<meta property=\"og:image:height\" content=\"600\" \/>\n\t<meta property=\"og:image:type\" content=\"image\/jpeg\" \/>\n<meta name=\"twitter:card\" content=\"summary_large_image\" \/>\n<meta name=\"twitter:label1\" content=\"Price\" \/>\n\t<meta name=\"twitter:data1\" content=\"&#067;&#072;&#070;&nbsp;9.88\" \/>\n\t<meta name=\"twitter:label2\" content=\"Availability\" \/>\n\t<meta name=\"twitter:data2\" content=\"Out of stock\" \/>\n<script type=\"application\/ld+json\" class=\"yoast-schema-graph\">{\"@context\":\"https:\\\/\\\/schema.org\",\"@graph\":[{\"@type\":\"WebPage\",\"@id\":\"https:\\\/\\\/ecosupplements.ch\\\/?product=kenay-melatonin-microactive-60-caps\",\"url\":\"https:\\\/\\\/ecosupplements.ch\\\/?product=kenay-melatonin-microactive-60-caps\",\"name\":\"KENAY Melatonin MicroActive 60 Kapseln | ecosupplements.ch\",\"isPartOf\":{\"@id\":\"https:\\\/\\\/ecosupplements.ch\\\/#website\"},\"primaryImageOfPage\":{\"@id\":\"https:\\\/\\\/ecosupplements.ch\\\/?product=kenay-melatonin-microactive-60-caps#primaryimage\"},\"image\":{\"@id\":\"https:\\\/\\\/ecosupplements.ch\\\/?product=kenay-melatonin-microactive-60-caps#primaryimage\"},\"thumbnailUrl\":\"https:\\\/\\\/ecosupplements.ch\\\/wp-content\\\/uploads\\\/2026\\\/05\\\/KENAY-Melatonin-MicroActive-60-caps.jpg\",\"datePublished\":\"2026-05-11T15:14:39+00:00\",\"dateModified\":\"2026-05-13T07:28:16+00:00\",\"description\":\"1 mg Melatonin mit MicroActive\u00ae-Technologie zur Unterst\u00fctzung des Einschlafens \u2013 60 vegane Kapseln. Jetzt bestellen.\",\"breadcrumb\":{\"@id\":\"https:\\\/\\\/ecosupplements.ch\\\/?product=kenay-melatonin-microactive-60-caps#breadcrumb\"},\"inLanguage\":\"de-CH\",\"potentialAction\":[{\"@type\":\"ReadAction\",\"target\":[\"https:\\\/\\\/ecosupplements.ch\\\/?product=kenay-melatonin-microactive-60-caps\"]}]},{\"@type\":\"ImageObject\",\"inLanguage\":\"de-CH\",\"@id\":\"https:\\\/\\\/ecosupplements.ch\\\/?product=kenay-melatonin-microactive-60-caps#primaryimage\",\"url\":\"https:\\\/\\\/ecosupplements.ch\\\/wp-content\\\/uploads\\\/2026\\\/05\\\/KENAY-Melatonin-MicroActive-60-caps.jpg\",\"contentUrl\":\"https:\\\/\\\/ecosupplements.ch\\\/wp-content\\\/uploads\\\/2026\\\/05\\\/KENAY-Melatonin-MicroActive-60-caps.jpg\",\"width\":600,\"height\":600,\"caption\":\"KENAY Melatonin MicroActive (60 caps)\"},{\"@type\":\"BreadcrumbList\",\"@id\":\"https:\\\/\\\/ecosupplements.ch\\\/?product=kenay-melatonin-microactive-60-caps#breadcrumb\",\"itemListElement\":[{\"@type\":\"ListItem\",\"position\":1,\"name\":\"Home\",\"item\":\"https:\\\/\\\/ecosupplements.ch\\\/\"},{\"@type\":\"ListItem\",\"position\":2,\"name\":\"Shop\",\"item\":\"https:\\\/\\\/ecosupplements.ch\\\/?page_id=14\"},{\"@type\":\"ListItem\",\"position\":3,\"name\":\"KENAY Melatonin MicroActive (60 caps)\"}]},{\"@type\":\"WebSite\",\"@id\":\"https:\\\/\\\/ecosupplements.ch\\\/#website\",\"url\":\"https:\\\/\\\/ecosupplements.ch\\\/\",\"name\":\"Eco Supplements\",\"description\":\"\",\"potentialAction\":[{\"@type\":\"SearchAction\",\"target\":{\"@type\":\"EntryPoint\",\"urlTemplate\":\"https:\\\/\\\/ecosupplements.ch\\\/?s={search_term_string}\"},\"query-input\":{\"@type\":\"PropertyValueSpecification\",\"valueRequired\":true,\"valueName\":\"search_term_string\"}}],\"inLanguage\":\"de-CH\"}]}<\/script>\n<meta property=\"product:price:amount\" content=\"9.88\" \/>\n<meta property=\"product:price:currency\" content=\"CHF\" \/>\n<meta property=\"og:availability\" content=\"out of stock\" \/>\n<meta property=\"product:availability\" content=\"out of stock\" \/>\n<meta property=\"product:retailer_item_id\" content=\"5900672154146\" \/>\n<meta property=\"product:condition\" content=\"new\" \/>\n<!-- \/ Yoast SEO plugin. -->","yoast_head_json":{"title":"KENAY Melatonin MicroActive 60 Kapseln | ecosupplements.ch","description":"1 mg Melatonin mit MicroActive\u00ae-Technologie zur Unterst\u00fctzung des Einschlafens \u2013 60 vegane Kapseln. Jetzt bestellen.","robots":{"index":"index","follow":"follow","max-snippet":"max-snippet:-1","max-image-preview":"max-image-preview:large","max-video-preview":"max-video-preview:-1"},"canonical":"https:\/\/ecosupplements.ch\/?product=kenay-melatonin-microactive-60-caps","og_locale":"de_DE","og_type":"article","og_title":"KENAY Melatonin MicroActive 60 Kapseln | ecosupplements.ch","og_description":"1 mg Melatonin mit MicroActive\u00ae-Technologie zur Unterst\u00fctzung des Einschlafens \u2013 60 vegane Kapseln. Jetzt bestellen.","og_url":"https:\/\/ecosupplements.ch\/?product=kenay-melatonin-microactive-60-caps","og_site_name":"Eco Supplements","article_modified_time":"2026-05-13T07:28:16+00:00","og_image":[{"width":600,"height":600,"url":"https:\/\/ecosupplements.ch\/wp-content\/uploads\/2026\/05\/KENAY-Melatonin-MicroActive-60-caps.jpg","type":"image\/jpeg"}],"twitter_card":"summary_large_image","twitter_misc":{"Price":"&#67;&#72;&#70;&nbsp;9.88","Availability":"Out of stock"},"schema":{"@context":"https:\/\/schema.org","@graph":[{"@type":"WebPage","@id":"https:\/\/ecosupplements.ch\/?product=kenay-melatonin-microactive-60-caps","url":"https:\/\/ecosupplements.ch\/?product=kenay-melatonin-microactive-60-caps","name":"KENAY Melatonin MicroActive 60 Kapseln | ecosupplements.ch","isPartOf":{"@id":"https:\/\/ecosupplements.ch\/#website"},"primaryImageOfPage":{"@id":"https:\/\/ecosupplements.ch\/?product=kenay-melatonin-microactive-60-caps#primaryimage"},"image":{"@id":"https:\/\/ecosupplements.ch\/?product=kenay-melatonin-microactive-60-caps#primaryimage"},"thumbnailUrl":"https:\/\/ecosupplements.ch\/wp-content\/uploads\/2026\/05\/KENAY-Melatonin-MicroActive-60-caps.jpg","datePublished":"2026-05-11T15:14:39+00:00","dateModified":"2026-05-13T07:28:16+00:00","description":"1 mg Melatonin mit MicroActive\u00ae-Technologie zur Unterst\u00fctzung des Einschlafens \u2013 60 vegane Kapseln. Jetzt bestellen.","breadcrumb":{"@id":"https:\/\/ecosupplements.ch\/?product=kenay-melatonin-microactive-60-caps#breadcrumb"},"inLanguage":"de-CH","potentialAction":[{"@type":"ReadAction","target":["https:\/\/ecosupplements.ch\/?product=kenay-melatonin-microactive-60-caps"]}]},{"@type":"ImageObject","inLanguage":"de-CH","@id":"https:\/\/ecosupplements.ch\/?product=kenay-melatonin-microactive-60-caps#primaryimage","url":"https:\/\/ecosupplements.ch\/wp-content\/uploads\/2026\/05\/KENAY-Melatonin-MicroActive-60-caps.jpg","contentUrl":"https:\/\/ecosupplements.ch\/wp-content\/uploads\/2026\/05\/KENAY-Melatonin-MicroActive-60-caps.jpg","width":600,"height":600,"caption":"KENAY Melatonin MicroActive (60 caps)"},{"@type":"BreadcrumbList","@id":"https:\/\/ecosupplements.ch\/?product=kenay-melatonin-microactive-60-caps#breadcrumb","itemListElement":[{"@type":"ListItem","position":1,"name":"Home","item":"https:\/\/ecosupplements.ch\/"},{"@type":"ListItem","position":2,"name":"Shop","item":"https:\/\/ecosupplements.ch\/?page_id=14"},{"@type":"ListItem","position":3,"name":"KENAY Melatonin MicroActive (60 caps)"}]},{"@type":"WebSite","@id":"https:\/\/ecosupplements.ch\/#website","url":"https:\/\/ecosupplements.ch\/","name":"Eco Supplements","description":"","potentialAction":[{"@type":"SearchAction","target":{"@type":"EntryPoint","urlTemplate":"https:\/\/ecosupplements.ch\/?s={search_term_string}"},"query-input":{"@type":"PropertyValueSpecification","valueRequired":true,"valueName":"search_term_string"}}],"inLanguage":"de-CH"}]},"product_price_amount":"9.88","product_price_currency":"CHF","og_availability":"out of stock","product_availability":"out of stock","product_retailer_item_id":"5900672154146","product_condition":"new"},"_links":{"self":[{"href":"https:\/\/ecosupplements.ch\/index.php?rest_route=\/wp\/v2\/product\/6407","targetHints":{"allow":["GET"]}}],"collection":[{"href":"https:\/\/ecosupplements.ch\/index.php?rest_route=\/wp\/v2\/product"}],"about":[{"href":"https:\/\/ecosupplements.ch\/index.php?rest_route=\/wp\/v2\/types\/product"}],"replies":[{"embeddable":true,"href":"https:\/\/ecosupplements.ch\/index.php?rest_route=%2Fwp%2Fv2%2Fcomments&post=6407"}],"wp:featuredmedia":[{"embeddable":true,"href":"https:\/\/ecosupplements.ch\/index.php?rest_route=\/wp\/v2\/media\/6408"}],"wp:attachment":[{"href":"https:\/\/ecosupplements.ch\/index.php?rest_route=%2Fwp%2Fv2%2Fmedia&parent=6407"}],"wp:term":[{"taxonomy":"product_brand","embeddable":true,"href":"https:\/\/ecosupplements.ch\/index.php?rest_route=%2Fwp%2Fv2%2Fproduct_brand&post=6407"},{"taxonomy":"product_cat","embeddable":true,"href":"https:\/\/ecosupplements.ch\/index.php?rest_route=%2Fwp%2Fv2%2Fproduct_cat&post=6407"},{"taxonomy":"product_tag","embeddable":true,"href":"https:\/\/ecosupplements.ch\/index.php?rest_route=%2Fwp%2Fv2%2Fproduct_tag&post=6407"}],"curies":[{"name":"wp","href":"https:\/\/api.w.org\/{rel}","templated":true}]}}