{"id":6411,"date":"2026-05-11T15:14:41","date_gmt":"2026-05-11T15:14:41","guid":{"rendered":"https:\/\/ecosupplements.ch\/?product=kenay-pterostilbene-90-silbinol-60-caps"},"modified":"2026-05-13T07:28:16","modified_gmt":"2026-05-13T07:28:16","slug":"kenay-pterostilbene-90-silbinol-60-caps","status":"publish","type":"product","link":"https:\/\/ecosupplements.ch\/?product=kenay-pterostilbene-90-silbinol-60-caps","title":{"rendered":"KENAY Pterostilbene 90% SILBINOL (60 caps)"},"content":{"rendered":"<div class=\"chcg-product-description\">\n<h2 class=\"chcg-heading\">\u00dcber Kenay \u2013 KENAY Pterostilbene 90% SILBINOL (60 Kapseln)<\/h2>\n<div class=\"chcg-intro\">\n<p>Pterostilben ist ein nat\u00fcrlich vorkommender Pflanzenstoff aus der Gruppe der Stilbene, der im Kernholz des Pterocarpus marsupium-Baums vorkommt. Das Produkt von Kenay verwendet den patentierten Silbinol\u00ae-Extrakt von Sabinsa Corporation, der auf einen Pterostilben-Gehalt von 90 % standardisiert ist \u2013 eine aussergew\u00f6hnlich hohe Reinheit, die eine pr\u00e4zise und zuverl\u00e4ssige Dosierung erm\u00f6glicht.<\/p>\n<p>Jede Tagesportion liefert 90 mg reines Pterostilben aus 2 Kapseln. Die Kapselh\u00fclle besteht aus Hydroxypropylmethylcellulose (Vcaps\u00ae von Lonza) und macht das Produkt damit f\u00fcr vegane und vegetarische Ern\u00e4hrungsweisen geeignet. Als F\u00fcllstoff wird Inulin verwendet, ein pr\u00e4biotischer Ballaststoff pflanzlichen Ursprungs.<\/p>\n<p>KENAY Pterostilbene 90% SILBINOL ist f\u00fcr all jene konzipiert, die auf der Suche nach einem hochwertigen, sauber formulierten Nahrungserg\u00e4nzungsmittel mit einem spezifischen, gut charakterisierten Pflanzenstoffextrakt sind. Das Produkt enth\u00e4lt 60 Kapseln f\u00fcr 30 Tagesportionen.<\/p>\n<\/p><\/div>\n<div class=\"chcg-nutrition\">\n<h3>N\u00e4hrwertangaben<\/h3>\n<table class=\"chcg-nutrition-table\">\n<thead>\n<tr>\n<th>N\u00e4hrstoff<\/th>\n<th>Pro Portion (2 Kapseln)<\/th>\n<\/tr>\n<\/thead>\n<tbody>\n<tr>\n<td>Pterostilben (aus Pterocarpus marsupium-Extrakt, standardisiert auf 90% Pterostilbene \u2013 Silbinol\u00ae)<\/td>\n<td>90 mg*<\/td>\n<\/tr>\n<\/tbody>\n<\/table>\n<p class=\"chcg-footnote\">* Kein etablierter Tagesreferenzwert (NRW) vorhanden.<\/p>\n<\/p><\/div>\n<div class=\"chcg-ingredients\">\n<h3>Zutaten<\/h3>\n<p>Inulin; Extrakt aus dem Kernholz des Pterocarpus marsupium-Baums, standardisiert auf einen Pterostilben-Gehalt von 90 % (Silbinol\u00ae); Kapselh\u00fclle: Hydroxypropylmethylcellulose. Silbinol\u00ae ist eine eingetragene Marke der Sabinsa Corporation. Vcaps\u00ae ist eine Marke von Lonza oder deren verbundenen Unternehmen.<\/p>\n<p class=\"chcg-capsule-shell\">Kapselh\u00fclle: Hydroxypropylmethylcellulose (Vcaps\u00ae \u2013 Marke von Lonza oder deren verbundenen Unternehmen)<\/p>\n<\/p><\/div>\n<div class=\"chcg-dosage\">\n<h3>Verzehrempfehlung<\/h3>\n<p>T\u00e4glich 1 Kapsel zweimal einnehmen (2 Kapseln pro Tag). Portionsgr\u00f6sse: 2 Kapseln. Portionen pro Packung: 30.<\/p>\n<\/p><\/div>\n<div class=\"chcg-warnings\">\n<h3>Warnhinweise<\/h3>\n<p>Die empfohlene Tagesportion nicht \u00fcberschreiten. Nahrungserg\u00e4nzungsmittel sind kein Ersatz f\u00fcr eine abwechslungsreiche Ern\u00e4hrung. Auf einen gesunden Lebensstil und eine ausgewogene Ern\u00e4hrung achten. Bei \u00dcberempfindlichkeit gegen\u00fcber einem der Inhaltsstoffe des Produkts nicht verwenden. Das Produkt sollte nicht von schwangeren Frauen, stillenden M\u00fcttern sowie Kindern und Jugendlichen unter 18 Jahren verwendet werden.<\/p>\n<\/p><\/div>\n<div class=\"chcg-allergens\">\n<h3>Allergeninformationen<\/h3>\n<p>Auf der Verpackung sind keine Allergene deklariert. Bei \u00dcberempfindlichkeit gegen\u00fcber einem der Inhaltsstoffe des Produkts nicht verwenden.<\/p>\n<\/p><\/div>\n<div class=\"chcg-storage\">\n<h3>Lagerung<\/h3>\n<p>In einem verschlossenen Beh\u00e4lter bei Raumtemperatur und ausser Reichweite von kleinen Kindern aufbewahren.<\/p>\n<\/p><\/div>\n<div class=\"chcg-dietary\">\n<h3>Ern\u00e4hrungshinweise<\/h3>\n<ul>\n<li>Vegan<\/li>\n<li>Vegetarisch<\/li>\n<\/ul><\/div>\n<\/div>\n","protected":false},"excerpt":{"rendered":"<p>KENAY Pterostilbene 90% SILBINOL liefert 90 mg hochreines Pterostilben pro Tagesportion aus dem patentierten Silbinol\u00ae-Extrakt. Erh\u00e4ltlich in 60 veganen Kapseln (30 Portionen). Pr\u00e4zise formuliert, ohne deklarierte Allergene.<\/p>\n","protected":false},"featured_media":6412,"comment_status":"closed","ping_status":"open","template":"","meta":[],"product_brand":[335],"product_cat":[34,25,171,21],"product_tag":[],"class_list":{"0":"post-6411","1":"product","2":"type-product","3":"status-publish","4":"has-post-thumbnail","6":"product_brand-kenay","7":"product_cat-antioxidantien","8":"product_cat-gesundheit-und-wohlbefinden","9":"product_cat-vitamine-und-mineralien","10":"product_cat-vitamine-und-mineralstoffe","12":"first","13":"outofstock","14":"taxable","15":"shipping-taxable","16":"purchasable","17":"product-type-simple"},"yoast_head":"<!-- This site is optimized with the Yoast SEO plugin v27.5 - https:\/\/yoast.com\/product\/yoast-seo-wordpress\/ -->\n<title>KENAY Pterostilbene 90% SILBINOL 60 Kapseln \u2013 Kenay | ecosupplements.ch<\/title>\n<meta name=\"description\" content=\"90 mg Pterostilben pro Tagesportion mit dem patentierten Silbinol\u00ae-Extrakt \u2013 vegan, 60 Kapseln. Jetzt bestellen.\" \/>\n<meta name=\"robots\" content=\"index, follow, max-snippet:-1, max-image-preview:large, max-video-preview:-1\" \/>\n<link rel=\"canonical\" href=\"https:\/\/ecosupplements.ch\/?product=kenay-pterostilbene-90-silbinol-60-caps\" \/>\n<meta property=\"og:locale\" content=\"de_DE\" \/>\n<meta property=\"og:type\" content=\"article\" \/>\n<meta property=\"og:title\" content=\"KENAY Pterostilbene 90% SILBINOL 60 Kapseln \u2013 Kenay | ecosupplements.ch\" \/>\n<meta property=\"og:description\" content=\"90 mg Pterostilben pro Tagesportion mit dem patentierten Silbinol\u00ae-Extrakt \u2013 vegan, 60 Kapseln. Jetzt bestellen.\" \/>\n<meta property=\"og:url\" content=\"https:\/\/ecosupplements.ch\/?product=kenay-pterostilbene-90-silbinol-60-caps\" \/>\n<meta property=\"og:site_name\" content=\"Eco Supplements\" \/>\n<meta property=\"article:modified_time\" content=\"2026-05-13T07:28:16+00:00\" \/>\n<meta property=\"og:image\" content=\"https:\/\/ecosupplements.ch\/wp-content\/uploads\/2026\/05\/KENAY-Pterostilbene-90-SILBINOL-60-caps.jpg\" \/>\n\t<meta property=\"og:image:width\" content=\"600\" \/>\n\t<meta property=\"og:image:height\" content=\"800\" \/>\n\t<meta property=\"og:image:type\" content=\"image\/jpeg\" \/>\n<meta name=\"twitter:card\" content=\"summary_large_image\" \/>\n<meta name=\"twitter:label1\" content=\"Price\" \/>\n\t<meta name=\"twitter:data1\" content=\"&#067;&#072;&#070;&nbsp;17.89\" \/>\n\t<meta name=\"twitter:label2\" content=\"Availability\" \/>\n\t<meta name=\"twitter:data2\" content=\"Out of stock\" \/>\n<script type=\"application\/ld+json\" class=\"yoast-schema-graph\">{\"@context\":\"https:\\\/\\\/schema.org\",\"@graph\":[{\"@type\":\"WebPage\",\"@id\":\"https:\\\/\\\/ecosupplements.ch\\\/?product=kenay-pterostilbene-90-silbinol-60-caps\",\"url\":\"https:\\\/\\\/ecosupplements.ch\\\/?product=kenay-pterostilbene-90-silbinol-60-caps\",\"name\":\"KENAY Pterostilbene 90% SILBINOL 60 Kapseln \u2013 Kenay | ecosupplements.ch\",\"isPartOf\":{\"@id\":\"https:\\\/\\\/ecosupplements.ch\\\/#website\"},\"primaryImageOfPage\":{\"@id\":\"https:\\\/\\\/ecosupplements.ch\\\/?product=kenay-pterostilbene-90-silbinol-60-caps#primaryimage\"},\"image\":{\"@id\":\"https:\\\/\\\/ecosupplements.ch\\\/?product=kenay-pterostilbene-90-silbinol-60-caps#primaryimage\"},\"thumbnailUrl\":\"https:\\\/\\\/ecosupplements.ch\\\/wp-content\\\/uploads\\\/2026\\\/05\\\/KENAY-Pterostilbene-90-SILBINOL-60-caps.jpg\",\"datePublished\":\"2026-05-11T15:14:41+00:00\",\"dateModified\":\"2026-05-13T07:28:16+00:00\",\"description\":\"90 mg Pterostilben pro Tagesportion mit dem patentierten Silbinol\u00ae-Extrakt \u2013 vegan, 60 Kapseln. Jetzt bestellen.\",\"breadcrumb\":{\"@id\":\"https:\\\/\\\/ecosupplements.ch\\\/?product=kenay-pterostilbene-90-silbinol-60-caps#breadcrumb\"},\"inLanguage\":\"de-CH\",\"potentialAction\":[{\"@type\":\"ReadAction\",\"target\":[\"https:\\\/\\\/ecosupplements.ch\\\/?product=kenay-pterostilbene-90-silbinol-60-caps\"]}]},{\"@type\":\"ImageObject\",\"inLanguage\":\"de-CH\",\"@id\":\"https:\\\/\\\/ecosupplements.ch\\\/?product=kenay-pterostilbene-90-silbinol-60-caps#primaryimage\",\"url\":\"https:\\\/\\\/ecosupplements.ch\\\/wp-content\\\/uploads\\\/2026\\\/05\\\/KENAY-Pterostilbene-90-SILBINOL-60-caps.jpg\",\"contentUrl\":\"https:\\\/\\\/ecosupplements.ch\\\/wp-content\\\/uploads\\\/2026\\\/05\\\/KENAY-Pterostilbene-90-SILBINOL-60-caps.jpg\",\"width\":600,\"height\":800,\"caption\":\"KENAY Pterostilbene 90% SILBINOL (60 caps)\"},{\"@type\":\"BreadcrumbList\",\"@id\":\"https:\\\/\\\/ecosupplements.ch\\\/?product=kenay-pterostilbene-90-silbinol-60-caps#breadcrumb\",\"itemListElement\":[{\"@type\":\"ListItem\",\"position\":1,\"name\":\"Home\",\"item\":\"https:\\\/\\\/ecosupplements.ch\\\/\"},{\"@type\":\"ListItem\",\"position\":2,\"name\":\"Shop\",\"item\":\"https:\\\/\\\/ecosupplements.ch\\\/?page_id=14\"},{\"@type\":\"ListItem\",\"position\":3,\"name\":\"KENAY Pterostilbene 90% SILBINOL (60 caps)\"}]},{\"@type\":\"WebSite\",\"@id\":\"https:\\\/\\\/ecosupplements.ch\\\/#website\",\"url\":\"https:\\\/\\\/ecosupplements.ch\\\/\",\"name\":\"Eco Supplements\",\"description\":\"\",\"potentialAction\":[{\"@type\":\"SearchAction\",\"target\":{\"@type\":\"EntryPoint\",\"urlTemplate\":\"https:\\\/\\\/ecosupplements.ch\\\/?s={search_term_string}\"},\"query-input\":{\"@type\":\"PropertyValueSpecification\",\"valueRequired\":true,\"valueName\":\"search_term_string\"}}],\"inLanguage\":\"de-CH\"}]}<\/script>\n<meta property=\"product:price:amount\" content=\"17.89\" \/>\n<meta property=\"product:price:currency\" content=\"CHF\" \/>\n<meta property=\"og:availability\" content=\"out of stock\" \/>\n<meta property=\"product:availability\" content=\"out of stock\" \/>\n<meta property=\"product:retailer_item_id\" content=\"5900672154832\" \/>\n<meta property=\"product:condition\" content=\"new\" \/>\n<!-- \/ Yoast SEO plugin. -->","yoast_head_json":{"title":"KENAY Pterostilbene 90% SILBINOL 60 Kapseln \u2013 Kenay | ecosupplements.ch","description":"90 mg Pterostilben pro Tagesportion mit dem patentierten Silbinol\u00ae-Extrakt \u2013 vegan, 60 Kapseln. Jetzt bestellen.","robots":{"index":"index","follow":"follow","max-snippet":"max-snippet:-1","max-image-preview":"max-image-preview:large","max-video-preview":"max-video-preview:-1"},"canonical":"https:\/\/ecosupplements.ch\/?product=kenay-pterostilbene-90-silbinol-60-caps","og_locale":"de_DE","og_type":"article","og_title":"KENAY Pterostilbene 90% SILBINOL 60 Kapseln \u2013 Kenay | ecosupplements.ch","og_description":"90 mg Pterostilben pro Tagesportion mit dem patentierten Silbinol\u00ae-Extrakt \u2013 vegan, 60 Kapseln. Jetzt bestellen.","og_url":"https:\/\/ecosupplements.ch\/?product=kenay-pterostilbene-90-silbinol-60-caps","og_site_name":"Eco Supplements","article_modified_time":"2026-05-13T07:28:16+00:00","og_image":[{"width":600,"height":800,"url":"https:\/\/ecosupplements.ch\/wp-content\/uploads\/2026\/05\/KENAY-Pterostilbene-90-SILBINOL-60-caps.jpg","type":"image\/jpeg"}],"twitter_card":"summary_large_image","twitter_misc":{"Price":"&#67;&#72;&#70;&nbsp;17.89","Availability":"Out of stock"},"schema":{"@context":"https:\/\/schema.org","@graph":[{"@type":"WebPage","@id":"https:\/\/ecosupplements.ch\/?product=kenay-pterostilbene-90-silbinol-60-caps","url":"https:\/\/ecosupplements.ch\/?product=kenay-pterostilbene-90-silbinol-60-caps","name":"KENAY Pterostilbene 90% SILBINOL 60 Kapseln \u2013 Kenay | ecosupplements.ch","isPartOf":{"@id":"https:\/\/ecosupplements.ch\/#website"},"primaryImageOfPage":{"@id":"https:\/\/ecosupplements.ch\/?product=kenay-pterostilbene-90-silbinol-60-caps#primaryimage"},"image":{"@id":"https:\/\/ecosupplements.ch\/?product=kenay-pterostilbene-90-silbinol-60-caps#primaryimage"},"thumbnailUrl":"https:\/\/ecosupplements.ch\/wp-content\/uploads\/2026\/05\/KENAY-Pterostilbene-90-SILBINOL-60-caps.jpg","datePublished":"2026-05-11T15:14:41+00:00","dateModified":"2026-05-13T07:28:16+00:00","description":"90 mg Pterostilben pro Tagesportion mit dem patentierten Silbinol\u00ae-Extrakt \u2013 vegan, 60 Kapseln. Jetzt bestellen.","breadcrumb":{"@id":"https:\/\/ecosupplements.ch\/?product=kenay-pterostilbene-90-silbinol-60-caps#breadcrumb"},"inLanguage":"de-CH","potentialAction":[{"@type":"ReadAction","target":["https:\/\/ecosupplements.ch\/?product=kenay-pterostilbene-90-silbinol-60-caps"]}]},{"@type":"ImageObject","inLanguage":"de-CH","@id":"https:\/\/ecosupplements.ch\/?product=kenay-pterostilbene-90-silbinol-60-caps#primaryimage","url":"https:\/\/ecosupplements.ch\/wp-content\/uploads\/2026\/05\/KENAY-Pterostilbene-90-SILBINOL-60-caps.jpg","contentUrl":"https:\/\/ecosupplements.ch\/wp-content\/uploads\/2026\/05\/KENAY-Pterostilbene-90-SILBINOL-60-caps.jpg","width":600,"height":800,"caption":"KENAY Pterostilbene 90% SILBINOL (60 caps)"},{"@type":"BreadcrumbList","@id":"https:\/\/ecosupplements.ch\/?product=kenay-pterostilbene-90-silbinol-60-caps#breadcrumb","itemListElement":[{"@type":"ListItem","position":1,"name":"Home","item":"https:\/\/ecosupplements.ch\/"},{"@type":"ListItem","position":2,"name":"Shop","item":"https:\/\/ecosupplements.ch\/?page_id=14"},{"@type":"ListItem","position":3,"name":"KENAY Pterostilbene 90% SILBINOL (60 caps)"}]},{"@type":"WebSite","@id":"https:\/\/ecosupplements.ch\/#website","url":"https:\/\/ecosupplements.ch\/","name":"Eco Supplements","description":"","potentialAction":[{"@type":"SearchAction","target":{"@type":"EntryPoint","urlTemplate":"https:\/\/ecosupplements.ch\/?s={search_term_string}"},"query-input":{"@type":"PropertyValueSpecification","valueRequired":true,"valueName":"search_term_string"}}],"inLanguage":"de-CH"}]},"product_price_amount":"17.89","product_price_currency":"CHF","og_availability":"out of stock","product_availability":"out of stock","product_retailer_item_id":"5900672154832","product_condition":"new"},"_links":{"self":[{"href":"https:\/\/ecosupplements.ch\/index.php?rest_route=\/wp\/v2\/product\/6411","targetHints":{"allow":["GET"]}}],"collection":[{"href":"https:\/\/ecosupplements.ch\/index.php?rest_route=\/wp\/v2\/product"}],"about":[{"href":"https:\/\/ecosupplements.ch\/index.php?rest_route=\/wp\/v2\/types\/product"}],"replies":[{"embeddable":true,"href":"https:\/\/ecosupplements.ch\/index.php?rest_route=%2Fwp%2Fv2%2Fcomments&post=6411"}],"wp:featuredmedia":[{"embeddable":true,"href":"https:\/\/ecosupplements.ch\/index.php?rest_route=\/wp\/v2\/media\/6412"}],"wp:attachment":[{"href":"https:\/\/ecosupplements.ch\/index.php?rest_route=%2Fwp%2Fv2%2Fmedia&parent=6411"}],"wp:term":[{"taxonomy":"product_brand","embeddable":true,"href":"https:\/\/ecosupplements.ch\/index.php?rest_route=%2Fwp%2Fv2%2Fproduct_brand&post=6411"},{"taxonomy":"product_cat","embeddable":true,"href":"https:\/\/ecosupplements.ch\/index.php?rest_route=%2Fwp%2Fv2%2Fproduct_cat&post=6411"},{"taxonomy":"product_tag","embeddable":true,"href":"https:\/\/ecosupplements.ch\/index.php?rest_route=%2Fwp%2Fv2%2Fproduct_tag&post=6411"}],"curies":[{"name":"wp","href":"https:\/\/api.w.org\/{rel}","templated":true}]}}