{"id":6439,"date":"2026-05-11T15:14:55","date_gmt":"2026-05-11T15:14:55","guid":{"rendered":"https:\/\/ecosupplements.ch\/?product=labs212-l-ornithine-l-aspartate-70-g-2469-oz"},"modified":"2026-05-13T07:28:20","modified_gmt":"2026-05-13T07:28:20","slug":"labs212-l-ornithine-l-aspartate-70-g-2469-oz","status":"publish","type":"product","link":"https:\/\/ecosupplements.ch\/?product=labs212-l-ornithine-l-aspartate-70-g-2469-oz","title":{"rendered":"LABS212 L-Ornithine-L-Aspartate (70 g \/ 2,469 oz.)"},"content":{"rendered":"<div class=\"chcg-product-description\">\n<h2 class=\"chcg-heading\">\u00dcber Labs212 \u2013 LABS212 L-Ornithine-L-Aspartate (70 g \/ 2,469 oz.)<\/h2>\n<div class=\"chcg-intro\">\n<p>L-Ornithine-L-Aspartate (LOLA) ist eine Verbindung aus zwei nat\u00fcrlich vorkommenden Aminos\u00e4uren \u2013 L-Ornithin und L-Aspartat \u2013 die im K\u00f6rper eine wichtige Rolle im Stoffwechsel spielen. Das Pulver von Labs212 liefert pro Tagesportion 1000 mg reines L-Ornithine-L-Aspartate ohne unn\u00f6tige Zusatzstoffe \u2013 nichts weiter als der Wirkstoff selbst.<\/p>\n<p>Das Produkt ist geschmacksneutral und l\u00e4sst sich einfach in Wasser aufl\u00f6sen, was eine flexible und angenehme Einnahme erm\u00f6glicht. Dank der hochwertigen Reinform eignet sich dieses Pulver f\u00fcr alle, die gezielt und unkompliziert supplementieren m\u00f6chten.<\/p>\n<p>Mit 70 g Inhalt und einem mitgelieferten Messl\u00f6ffel bietet Labs212 eine praktische und pr\u00e4zise Dosierung f\u00fcr den t\u00e4glichen Gebrauch. Das Produkt richtet sich an Erwachsene, die Wert auf eine sorgf\u00e4ltig formulierte Erg\u00e4nzung ohne \u00fcberfl\u00fcssige Inhaltsstoffe legen.<\/p>\n<\/p><\/div>\n<div class=\"chcg-nutrition\">\n<h3>N\u00e4hrwertangaben<\/h3>\n<table class=\"chcg-nutrition-table\">\n<thead>\n<tr>\n<th>N\u00e4hrstoff<\/th>\n<th>Pro Portion (1 g \/ 1000 mg)<\/th>\n<\/tr>\n<\/thead>\n<tbody>\n<tr>\n<td>L-Ornithine-L-Aspartate<\/td>\n<td>1 g (1000 mg)<\/td>\n<\/tr>\n<\/tbody>\n<\/table>\n<p class=\"chcg-footnote\">* Kein festgelegter Tagesbedarf (N\u00e4hrstoffbezugswert) vorhanden.<\/p>\n<\/p><\/div>\n<div class=\"chcg-ingredients\">\n<h3>Zutaten<\/h3>\n<p>L-Ornithine-L-Aspartate.<\/p>\n<\/p><\/div>\n<div class=\"chcg-dosage\">\n<h3>Verzehrempfehlung<\/h3>\n<p>T\u00e4glich 1000 mg einnehmen (entspricht 1\/5 Teel\u00f6ffel oder 2 flach gef\u00fcllten Messl\u00f6ffeln, die dem Beh\u00e4lter beiliegen). Empfohlener Einnahmezeitpunkt: In einem Teel\u00f6ffel Wasser oder einer kleinen Menge Wasser aufl\u00f6sen (das Nahrungserg\u00e4nzungsmittel ist geschmacksneutral) und vor dem Abendessen einnehmen. Es ist zul\u00e4ssig, die Tagesdosis in kleinere Portionen aufzuteilen und diese mehrmals \u00fcber den Tag verteilt einzunehmen, stets vor einer Mahlzeit.<\/p>\n<\/p><\/div>\n<div class=\"chcg-warnings\">\n<h3>Warnhinweise<\/h3>\n<p>Die empfohlene Tagesdosis nicht \u00fcberschreiten. Nahrungserg\u00e4nzungsmittel sind kein Ersatz f\u00fcr eine abwechslungsreiche Ern\u00e4hrung. Nicht verwenden bei \u00dcberempfindlichkeit gegen\u00fcber einem der Inhaltsstoffe. Das Produkt wird f\u00fcr Erwachsene empfohlen. Schwangere und stillende Frauen sollten vor der Verwendung dieses Produkts einen Arzt konsultieren.<\/p>\n<\/p><\/div>\n<div class=\"chcg-allergens\">\n<h3>Allergeninformationen<\/h3>\n<p>Auf dem Etikett sind keine Allergene deklariert.<\/p>\n<\/p><\/div>\n<div class=\"chcg-storage\">\n<h3>Lagerung<\/h3>\n<p>An einem Ort ausserhalb direkter Sonneneinstrahlung bei einer Temperatur unter 25 \u00b0C lagern. Nach dem \u00d6ffnen kann das Produkt aufgrund von Feuchtigkeit auf nat\u00fcrliche Weise verklumpen.<\/p>\n<\/p><\/div>\n<\/div>\n","protected":false},"excerpt":{"rendered":"<p>LABS212 L-Ornithine-L-Aspartate liefert 1000 mg reines LOLA-Pulver pro Tagesportion \u2013 geschmacksneutral und ohne Zusatzstoffe. Der Inhalt von 70 g reicht f\u00fcr 70 Portionen und eignet sich f\u00fcr Erwachsene, die gezielt supplementieren m\u00f6chten.<\/p>\n","protected":false},"featured_media":6440,"comment_status":"closed","ping_status":"open","template":"","meta":[],"product_brand":[493],"product_cat":[517,514,90,171,21],"product_tag":[],"class_list":{"0":"post-6439","1":"product","2":"type-product","3":"status-publish","4":"has-post-thumbnail","6":"product_brand-labs212","7":"product_cat-aminosaeuremischungen-aminosaeuren-und-bcaas","8":"product_cat-aminosaeuren-und-bcaas","9":"product_cat-fitness-training","10":"product_cat-vitamine-und-mineralien","11":"product_cat-vitamine-und-mineralstoffe","13":"first","14":"outofstock","15":"taxable","16":"shipping-taxable","17":"purchasable","18":"product-type-simple"},"yoast_head":"<!-- This site is optimized with the Yoast SEO plugin v27.5 - https:\/\/yoast.com\/product\/yoast-seo-wordpress\/ -->\n<title>LABS212 L-Ornithine-L-Aspartate Pulver 70 g \u2013 Labs212<\/title>\n<meta name=\"description\" content=\"Reines L-Ornithine-L-Aspartate Pulver von Labs212 \u2013 1000 mg pro Portion, geschmacksneutral, 70 g. Jetzt bestellen.\" \/>\n<meta name=\"robots\" content=\"index, follow, max-snippet:-1, max-image-preview:large, max-video-preview:-1\" \/>\n<link rel=\"canonical\" href=\"https:\/\/ecosupplements.ch\/?product=labs212-l-ornithine-l-aspartate-70-g-2469-oz\" \/>\n<meta property=\"og:locale\" content=\"de_DE\" \/>\n<meta property=\"og:type\" content=\"article\" \/>\n<meta property=\"og:title\" content=\"LABS212 L-Ornithine-L-Aspartate Pulver 70 g \u2013 Labs212\" \/>\n<meta property=\"og:description\" content=\"Reines L-Ornithine-L-Aspartate Pulver von Labs212 \u2013 1000 mg pro Portion, geschmacksneutral, 70 g. Jetzt bestellen.\" \/>\n<meta property=\"og:url\" content=\"https:\/\/ecosupplements.ch\/?product=labs212-l-ornithine-l-aspartate-70-g-2469-oz\" \/>\n<meta property=\"og:site_name\" content=\"Eco Supplements\" \/>\n<meta property=\"article:modified_time\" content=\"2026-05-13T07:28:20+00:00\" \/>\n<meta property=\"og:image\" content=\"https:\/\/ecosupplements.ch\/wp-content\/uploads\/2026\/05\/LABS212-L-Ornithine-L-Aspartate-70-g-2469-oz.jpg\" \/>\n\t<meta property=\"og:image:width\" content=\"863\" \/>\n\t<meta property=\"og:image:height\" content=\"1227\" \/>\n\t<meta property=\"og:image:type\" content=\"image\/jpeg\" \/>\n<meta name=\"twitter:card\" content=\"summary_large_image\" \/>\n<meta name=\"twitter:label1\" content=\"Price\" \/>\n\t<meta name=\"twitter:data1\" content=\"&#067;&#072;&#070;&nbsp;38.87\" \/>\n\t<meta name=\"twitter:label2\" content=\"Availability\" \/>\n\t<meta name=\"twitter:data2\" content=\"Out of stock\" \/>\n<script type=\"application\/ld+json\" class=\"yoast-schema-graph\">{\"@context\":\"https:\\\/\\\/schema.org\",\"@graph\":[{\"@type\":\"WebPage\",\"@id\":\"https:\\\/\\\/ecosupplements.ch\\\/?product=labs212-l-ornithine-l-aspartate-70-g-2469-oz\",\"url\":\"https:\\\/\\\/ecosupplements.ch\\\/?product=labs212-l-ornithine-l-aspartate-70-g-2469-oz\",\"name\":\"LABS212 L-Ornithine-L-Aspartate Pulver 70 g \u2013 Labs212\",\"isPartOf\":{\"@id\":\"https:\\\/\\\/ecosupplements.ch\\\/#website\"},\"primaryImageOfPage\":{\"@id\":\"https:\\\/\\\/ecosupplements.ch\\\/?product=labs212-l-ornithine-l-aspartate-70-g-2469-oz#primaryimage\"},\"image\":{\"@id\":\"https:\\\/\\\/ecosupplements.ch\\\/?product=labs212-l-ornithine-l-aspartate-70-g-2469-oz#primaryimage\"},\"thumbnailUrl\":\"https:\\\/\\\/ecosupplements.ch\\\/wp-content\\\/uploads\\\/2026\\\/05\\\/LABS212-L-Ornithine-L-Aspartate-70-g-2469-oz.jpg\",\"datePublished\":\"2026-05-11T15:14:55+00:00\",\"dateModified\":\"2026-05-13T07:28:20+00:00\",\"description\":\"Reines L-Ornithine-L-Aspartate Pulver von Labs212 \u2013 1000 mg pro Portion, geschmacksneutral, 70 g. Jetzt bestellen.\",\"breadcrumb\":{\"@id\":\"https:\\\/\\\/ecosupplements.ch\\\/?product=labs212-l-ornithine-l-aspartate-70-g-2469-oz#breadcrumb\"},\"inLanguage\":\"de-CH\",\"potentialAction\":[{\"@type\":\"ReadAction\",\"target\":[\"https:\\\/\\\/ecosupplements.ch\\\/?product=labs212-l-ornithine-l-aspartate-70-g-2469-oz\"]}]},{\"@type\":\"ImageObject\",\"inLanguage\":\"de-CH\",\"@id\":\"https:\\\/\\\/ecosupplements.ch\\\/?product=labs212-l-ornithine-l-aspartate-70-g-2469-oz#primaryimage\",\"url\":\"https:\\\/\\\/ecosupplements.ch\\\/wp-content\\\/uploads\\\/2026\\\/05\\\/LABS212-L-Ornithine-L-Aspartate-70-g-2469-oz.jpg\",\"contentUrl\":\"https:\\\/\\\/ecosupplements.ch\\\/wp-content\\\/uploads\\\/2026\\\/05\\\/LABS212-L-Ornithine-L-Aspartate-70-g-2469-oz.jpg\",\"width\":863,\"height\":1227,\"caption\":\"LABS212 L-Ornithine-L-Aspartate (70 g \\\/ 2\"},{\"@type\":\"BreadcrumbList\",\"@id\":\"https:\\\/\\\/ecosupplements.ch\\\/?product=labs212-l-ornithine-l-aspartate-70-g-2469-oz#breadcrumb\",\"itemListElement\":[{\"@type\":\"ListItem\",\"position\":1,\"name\":\"Home\",\"item\":\"https:\\\/\\\/ecosupplements.ch\\\/\"},{\"@type\":\"ListItem\",\"position\":2,\"name\":\"Shop\",\"item\":\"https:\\\/\\\/ecosupplements.ch\\\/?page_id=14\"},{\"@type\":\"ListItem\",\"position\":3,\"name\":\"LABS212 L-Ornithine-L-Aspartate (70 g \\\/ 2,469 oz.)\"}]},{\"@type\":\"WebSite\",\"@id\":\"https:\\\/\\\/ecosupplements.ch\\\/#website\",\"url\":\"https:\\\/\\\/ecosupplements.ch\\\/\",\"name\":\"Eco Supplements\",\"description\":\"\",\"potentialAction\":[{\"@type\":\"SearchAction\",\"target\":{\"@type\":\"EntryPoint\",\"urlTemplate\":\"https:\\\/\\\/ecosupplements.ch\\\/?s={search_term_string}\"},\"query-input\":{\"@type\":\"PropertyValueSpecification\",\"valueRequired\":true,\"valueName\":\"search_term_string\"}}],\"inLanguage\":\"de-CH\"}]}<\/script>\n<meta property=\"product:price:amount\" content=\"38.87\" \/>\n<meta property=\"product:price:currency\" content=\"CHF\" \/>\n<meta property=\"og:availability\" content=\"out of stock\" \/>\n<meta property=\"product:availability\" content=\"out of stock\" \/>\n<meta property=\"product:retailer_item_id\" content=\"5903796033236\" \/>\n<meta property=\"product:condition\" content=\"new\" \/>\n<!-- \/ Yoast SEO plugin. -->","yoast_head_json":{"title":"LABS212 L-Ornithine-L-Aspartate Pulver 70 g \u2013 Labs212","description":"Reines L-Ornithine-L-Aspartate Pulver von Labs212 \u2013 1000 mg pro Portion, geschmacksneutral, 70 g. Jetzt bestellen.","robots":{"index":"index","follow":"follow","max-snippet":"max-snippet:-1","max-image-preview":"max-image-preview:large","max-video-preview":"max-video-preview:-1"},"canonical":"https:\/\/ecosupplements.ch\/?product=labs212-l-ornithine-l-aspartate-70-g-2469-oz","og_locale":"de_DE","og_type":"article","og_title":"LABS212 L-Ornithine-L-Aspartate Pulver 70 g \u2013 Labs212","og_description":"Reines L-Ornithine-L-Aspartate Pulver von Labs212 \u2013 1000 mg pro Portion, geschmacksneutral, 70 g. Jetzt bestellen.","og_url":"https:\/\/ecosupplements.ch\/?product=labs212-l-ornithine-l-aspartate-70-g-2469-oz","og_site_name":"Eco Supplements","article_modified_time":"2026-05-13T07:28:20+00:00","og_image":[{"width":863,"height":1227,"url":"https:\/\/ecosupplements.ch\/wp-content\/uploads\/2026\/05\/LABS212-L-Ornithine-L-Aspartate-70-g-2469-oz.jpg","type":"image\/jpeg"}],"twitter_card":"summary_large_image","twitter_misc":{"Price":"&#67;&#72;&#70;&nbsp;38.87","Availability":"Out of stock"},"schema":{"@context":"https:\/\/schema.org","@graph":[{"@type":"WebPage","@id":"https:\/\/ecosupplements.ch\/?product=labs212-l-ornithine-l-aspartate-70-g-2469-oz","url":"https:\/\/ecosupplements.ch\/?product=labs212-l-ornithine-l-aspartate-70-g-2469-oz","name":"LABS212 L-Ornithine-L-Aspartate Pulver 70 g \u2013 Labs212","isPartOf":{"@id":"https:\/\/ecosupplements.ch\/#website"},"primaryImageOfPage":{"@id":"https:\/\/ecosupplements.ch\/?product=labs212-l-ornithine-l-aspartate-70-g-2469-oz#primaryimage"},"image":{"@id":"https:\/\/ecosupplements.ch\/?product=labs212-l-ornithine-l-aspartate-70-g-2469-oz#primaryimage"},"thumbnailUrl":"https:\/\/ecosupplements.ch\/wp-content\/uploads\/2026\/05\/LABS212-L-Ornithine-L-Aspartate-70-g-2469-oz.jpg","datePublished":"2026-05-11T15:14:55+00:00","dateModified":"2026-05-13T07:28:20+00:00","description":"Reines L-Ornithine-L-Aspartate Pulver von Labs212 \u2013 1000 mg pro Portion, geschmacksneutral, 70 g. Jetzt bestellen.","breadcrumb":{"@id":"https:\/\/ecosupplements.ch\/?product=labs212-l-ornithine-l-aspartate-70-g-2469-oz#breadcrumb"},"inLanguage":"de-CH","potentialAction":[{"@type":"ReadAction","target":["https:\/\/ecosupplements.ch\/?product=labs212-l-ornithine-l-aspartate-70-g-2469-oz"]}]},{"@type":"ImageObject","inLanguage":"de-CH","@id":"https:\/\/ecosupplements.ch\/?product=labs212-l-ornithine-l-aspartate-70-g-2469-oz#primaryimage","url":"https:\/\/ecosupplements.ch\/wp-content\/uploads\/2026\/05\/LABS212-L-Ornithine-L-Aspartate-70-g-2469-oz.jpg","contentUrl":"https:\/\/ecosupplements.ch\/wp-content\/uploads\/2026\/05\/LABS212-L-Ornithine-L-Aspartate-70-g-2469-oz.jpg","width":863,"height":1227,"caption":"LABS212 L-Ornithine-L-Aspartate (70 g \/ 2"},{"@type":"BreadcrumbList","@id":"https:\/\/ecosupplements.ch\/?product=labs212-l-ornithine-l-aspartate-70-g-2469-oz#breadcrumb","itemListElement":[{"@type":"ListItem","position":1,"name":"Home","item":"https:\/\/ecosupplements.ch\/"},{"@type":"ListItem","position":2,"name":"Shop","item":"https:\/\/ecosupplements.ch\/?page_id=14"},{"@type":"ListItem","position":3,"name":"LABS212 L-Ornithine-L-Aspartate (70 g \/ 2,469 oz.)"}]},{"@type":"WebSite","@id":"https:\/\/ecosupplements.ch\/#website","url":"https:\/\/ecosupplements.ch\/","name":"Eco Supplements","description":"","potentialAction":[{"@type":"SearchAction","target":{"@type":"EntryPoint","urlTemplate":"https:\/\/ecosupplements.ch\/?s={search_term_string}"},"query-input":{"@type":"PropertyValueSpecification","valueRequired":true,"valueName":"search_term_string"}}],"inLanguage":"de-CH"}]},"product_price_amount":"38.87","product_price_currency":"CHF","og_availability":"out of stock","product_availability":"out of stock","product_retailer_item_id":"5903796033236","product_condition":"new"},"_links":{"self":[{"href":"https:\/\/ecosupplements.ch\/index.php?rest_route=\/wp\/v2\/product\/6439","targetHints":{"allow":["GET"]}}],"collection":[{"href":"https:\/\/ecosupplements.ch\/index.php?rest_route=\/wp\/v2\/product"}],"about":[{"href":"https:\/\/ecosupplements.ch\/index.php?rest_route=\/wp\/v2\/types\/product"}],"replies":[{"embeddable":true,"href":"https:\/\/ecosupplements.ch\/index.php?rest_route=%2Fwp%2Fv2%2Fcomments&post=6439"}],"wp:featuredmedia":[{"embeddable":true,"href":"https:\/\/ecosupplements.ch\/index.php?rest_route=\/wp\/v2\/media\/6440"}],"wp:attachment":[{"href":"https:\/\/ecosupplements.ch\/index.php?rest_route=%2Fwp%2Fv2%2Fmedia&parent=6439"}],"wp:term":[{"taxonomy":"product_brand","embeddable":true,"href":"https:\/\/ecosupplements.ch\/index.php?rest_route=%2Fwp%2Fv2%2Fproduct_brand&post=6439"},{"taxonomy":"product_cat","embeddable":true,"href":"https:\/\/ecosupplements.ch\/index.php?rest_route=%2Fwp%2Fv2%2Fproduct_cat&post=6439"},{"taxonomy":"product_tag","embeddable":true,"href":"https:\/\/ecosupplements.ch\/index.php?rest_route=%2Fwp%2Fv2%2Fproduct_tag&post=6439"}],"curies":[{"name":"wp","href":"https:\/\/api.w.org\/{rel}","templated":true}]}}