{"id":6461,"date":"2026-05-11T15:15:05","date_gmt":"2026-05-11T15:15:05","guid":{"rendered":"https:\/\/ecosupplements.ch\/?product=norsan-omega-3-vegan-100-ml-34-fl-oz"},"modified":"2026-05-13T07:28:22","modified_gmt":"2026-05-13T07:28:22","slug":"norsan-omega-3-vegan-100-ml-34-fl-oz","status":"publish","type":"product","link":"https:\/\/ecosupplements.ch\/?product=norsan-omega-3-vegan-100-ml-34-fl-oz","title":{"rendered":"NORSAN Omega-3 VEGAN (100 ml \/ 3,4 fl. oz.)"},"content":{"rendered":"<div class=\"chcg-product-description\">\n<h2 class=\"chcg-heading\">\u00dcber NORSAN \u2013 NORSAN Omega-3 VEGAN (100 ml \/ 3,4 fl. oz.)<\/h2>\n<div class=\"chcg-intro\">\n<p>NORSAN Omega-3 VEGAN ist ein hochwertiges, pflanzliches Omega-3-\u00d6l auf Basis von Algen\u00f6l \u2013 der direkten Quelle, aus der auch Meeresfische ihre Omega-3-Fetts\u00e4uren beziehen. Mit 2&#8217;000 mg Omega-3 pro Tagesportion, davon 1&#8217;158 mg DHA und 609 mg EPA, liefert dieses fl\u00fcssige Nahrungserg\u00e4nzungsmittel eine hohe Konzentration an essenziellen langkettigen Fetts\u00e4uren \u2013 vollst\u00e4ndig vegan und frei von Fischprodukten.<\/p>\n<p>DHA tr\u00e4gt zur Erhaltung der normalen Gehirnfunktion und der normalen Sehkraft bei. EPA und DHA tragen zur normalen Herzfunktion bei. Zus\u00e4tzlich enth\u00e4lt das \u00d6l Vitamin D3 (20 \u00b5g \/ 800 IU, 400 % des Referenzwertes) sowie Vitamin E als nat\u00fcrlichen Antioxidans. Das \u00d6l wird mit nat\u00fcrlichem Zitronen\u00f6l verfeinert und ist angenehm im Geschmack \u2013 ideal zum Einr\u00fchren in Speisen oder zum direkten Verzehr.<\/p>\n<p>Die Rezeptur wird ohne Fisch\u00f6l hergestellt und ist damit eine ideale Wahl f\u00fcr Veganerinnen und Veganer, Vegetarierinnen und Vegetarier sowie f\u00fcr alle, die auf tierische Meeresprodukte verzichten m\u00f6chten. Ein Fl\u00e4schchen enth\u00e4lt bei der empfohlenen Tagesdosis von 5 ml insgesamt 20 Portionen.<\/p>\n<\/p><\/div>\n<div class=\"chcg-nutrition\">\n<h3>N\u00e4hrwertangaben<\/h3>\n<table class=\"chcg-nutrition-table\">\n<thead>\n<tr>\n<th>N\u00e4hrstoff<\/th>\n<th>Pro Portion (5 ml)<\/th>\n<\/tr>\n<\/thead>\n<tbody>\n<tr>\n<td>Algen\u00f6l<\/td>\n<td>3,5 g<\/td>\n<\/tr>\n<tr>\n<td>Oliven\u00f6l<\/td>\n<td>1,1 g<\/td>\n<\/tr>\n<tr>\n<td>Vitamin D3 (Cholecalciferol)<\/td>\n<td>20 \u00b5g (800 IU) (400 % NRV)<\/td>\n<\/tr>\n<tr>\n<td>Vitamin E<\/td>\n<td>3,0 mg \u03b1-TE (25 % NRV)<\/td>\n<\/tr>\n<tr>\n<td>Mehrfach unges\u00e4ttigte Fetts\u00e4uren<\/td>\n<td>2,2 g<\/td>\n<\/tr>\n<tr>\n<td>Omega-3-Fetts\u00e4uren (gesamt)<\/td>\n<td>2&#8217;000 mg<\/td>\n<\/tr>\n<tr>\n<td>\u2013 EPA (Eicosapentaens\u00e4ure)<\/td>\n<td>609 mg<\/td>\n<\/tr>\n<tr>\n<td>\u2013 DPA (Docosapentaens\u00e4ure)<\/td>\n<td>157 mg<\/td>\n<\/tr>\n<tr>\n<td>\u2013 DHA (Docosahexaens\u00e4ure)<\/td>\n<td>1&#8217;158 mg<\/td>\n<\/tr>\n<\/tbody>\n<\/table>\n<p class=\"chcg-footnote\">NRV = Referenzmenge f\u00fcr die t\u00e4gliche Zufuhr (Nutrient Reference Value)<\/p>\n<\/p><\/div>\n<div class=\"chcg-ingredients\">\n<h3>Zutaten<\/h3>\n<p>Algen\u00f6l (DHA- und EPA-reiches \u00d6l aus der Mikroalge Schizochytrium sp. (74 %)), Oliven\u00f6l (23 %), Sonnenblumen\u00f6l (2 %), Rosmarinextrakt, Antioxidationsmittel (Tocopherole, Ascorbylpalmitat), Cholecalciferol (Vitamin D3), nat\u00fcrliches Zitronen\u00f6l.<\/p>\n<\/p><\/div>\n<div class=\"chcg-dosage\">\n<h3>Verzehrempfehlung<\/h3>\n<p>Empfohlene Tagesportion: 5 ml (ca. 1 Teel\u00f6ffel). Bei der empfohlenen Dosierung reicht eine Flasche f\u00fcr 20 Tage. Die empfohlene Tagesdosis darf nicht \u00fcberschritten werden, es sei denn, dies wird von einer \u00c4rztin, einem Arzt, einer Therapeutin, einem Therapeuten oder einer Apothekerin bzw. einem Apotheker empfohlen. Bei Schwangerschaft oder Stillzeit: 5 ml alle 4 Tage.<\/p>\n<\/p><\/div>\n<div class=\"chcg-warnings\">\n<h3>Warnhinweise<\/h3>\n<p>Die empfohlene Tagesportion nicht \u00fcberschreiten. Nahrungserg\u00e4nzungsmittel sind kein Ersatz f\u00fcr eine abwechslungsreiche und ausgewogene Ern\u00e4hrung sowie eine gesunde Lebensweise. Ausserhalb der Reichweite von kleinen Kindern aufbewahren. Das \u00d6l nicht erhitzen; warme Speisen kurz abk\u00fchlen lassen, bevor das \u00d6l zugegeben wird. Nach dem \u00d6ffnen innerhalb von 30 Tagen verbrauchen.<\/p>\n<\/p><\/div>\n<div class=\"chcg-allergens\">\n<h3>Allergeninformationen<\/h3>\n<p>Keine Allergene auf dem Produktetikett deklariert. Das Produkt wird in einer Anlage hergestellt, die von der Fisch\u00f6lproduktion getrennt ist.<\/p>\n<\/p><\/div>\n<div class=\"chcg-storage\">\n<h3>Lagerung<\/h3>\n<p>Unge\u00f6ffnete Flasche vor direktem Sonnenlicht gesch\u00fctzt, an einem k\u00fchlen und trockenen Ort aufbewahren. Nach dem \u00d6ffnen im K\u00fchlschrank lagern und innerhalb von 30 Tagen verbrauchen. Unterhalb von 4 \u00b0C (39 \u00b0F) k\u00f6nnen sich Kristalle bilden, die sich bei Raumtemperatur wieder aufl\u00f6sen. Vor Gebrauch kurz sch\u00fctteln.<\/p>\n<\/p><\/div>\n<div class=\"chcg-dietary\">\n<h3>Ern\u00e4hrungshinweise<\/h3>\n<ul>\n<li>Vegan<\/li>\n<li>Vegetarisch<\/li>\n<li>Glutenfrei<\/li>\n<li>Laktosefrei<\/li>\n<\/ul><\/div>\n<\/div>\n","protected":false},"excerpt":{"rendered":"<p>NORSAN Omega-3 VEGAN liefert 2&#8217;000 mg pflanzliche Omega-3-Fetts\u00e4uren (DHA &amp; EPA) aus Algen\u00f6l pro Tagesportion \u2013 erg\u00e4nzt mit Vitamin D3 und Vitamin E. Das fl\u00fcssige \u00d6l (100 ml, 20 Portionen) ist vegan, glutenfrei und laktosefrei.<\/p>\n","protected":false},"featured_media":6462,"comment_status":"closed","ping_status":"open","template":"","meta":[],"product_brand":[495],"product_cat":[33,171,21],"product_tag":[],"class_list":{"0":"post-6461","1":"product","2":"type-product","3":"status-publish","4":"has-post-thumbnail","6":"product_brand-norsan","7":"product_cat-omega-fettsaeuren-essentielle-fettsaeuren-konjugierte-linolsaeure-oele","8":"product_cat-vitamine-und-mineralien","9":"product_cat-vitamine-und-mineralstoffe","11":"first","12":"outofstock","13":"taxable","14":"shipping-taxable","15":"purchasable","16":"product-type-simple"},"yoast_head":"<!-- This site is optimized with the Yoast SEO plugin v27.5 - https:\/\/yoast.com\/product\/yoast-seo-wordpress\/ -->\n<title>NORSAN Omega-3 VEGAN 100 ml \u2013 Algen\u00f6l | ecosupplements.ch<\/title>\n<meta name=\"description\" content=\"Veganes Omega-3-\u00d6l aus Algen\u00f6l mit 2&#039;000 mg DHA &amp; EPA plus Vitamin D3 \u2013 100 ml, 20 Portionen. Jetzt bestellen.\" \/>\n<meta name=\"robots\" content=\"index, follow, max-snippet:-1, max-image-preview:large, max-video-preview:-1\" \/>\n<link rel=\"canonical\" href=\"https:\/\/ecosupplements.ch\/?product=norsan-omega-3-vegan-100-ml-34-fl-oz\" \/>\n<meta property=\"og:locale\" content=\"de_DE\" \/>\n<meta property=\"og:type\" content=\"article\" \/>\n<meta property=\"og:title\" content=\"NORSAN Omega-3 VEGAN 100 ml \u2013 Algen\u00f6l | ecosupplements.ch\" \/>\n<meta property=\"og:description\" content=\"Veganes Omega-3-\u00d6l aus Algen\u00f6l mit 2&#039;000 mg DHA &amp; EPA plus Vitamin D3 \u2013 100 ml, 20 Portionen. Jetzt bestellen.\" \/>\n<meta property=\"og:url\" content=\"https:\/\/ecosupplements.ch\/?product=norsan-omega-3-vegan-100-ml-34-fl-oz\" \/>\n<meta property=\"og:site_name\" content=\"Eco Supplements\" \/>\n<meta property=\"article:modified_time\" content=\"2026-05-13T07:28:22+00:00\" \/>\n<meta property=\"og:image\" content=\"https:\/\/ecosupplements.ch\/wp-content\/uploads\/2026\/05\/NORSAN-Omega-3-VEGAN-100-ml-34-fl.-oz.jpg\" \/>\n\t<meta property=\"og:image:width\" content=\"1080\" \/>\n\t<meta property=\"og:image:height\" content=\"1080\" \/>\n\t<meta property=\"og:image:type\" content=\"image\/jpeg\" \/>\n<meta name=\"twitter:card\" content=\"summary_large_image\" \/>\n<meta name=\"twitter:label1\" content=\"Price\" \/>\n\t<meta name=\"twitter:data1\" content=\"&#067;&#072;&#070;&nbsp;31.79\" \/>\n\t<meta name=\"twitter:label2\" content=\"Availability\" \/>\n\t<meta name=\"twitter:data2\" content=\"Out of stock\" \/>\n<script type=\"application\/ld+json\" class=\"yoast-schema-graph\">{\"@context\":\"https:\\\/\\\/schema.org\",\"@graph\":[{\"@type\":\"WebPage\",\"@id\":\"https:\\\/\\\/ecosupplements.ch\\\/?product=norsan-omega-3-vegan-100-ml-34-fl-oz\",\"url\":\"https:\\\/\\\/ecosupplements.ch\\\/?product=norsan-omega-3-vegan-100-ml-34-fl-oz\",\"name\":\"NORSAN Omega-3 VEGAN 100 ml \u2013 Algen\u00f6l | ecosupplements.ch\",\"isPartOf\":{\"@id\":\"https:\\\/\\\/ecosupplements.ch\\\/#website\"},\"primaryImageOfPage\":{\"@id\":\"https:\\\/\\\/ecosupplements.ch\\\/?product=norsan-omega-3-vegan-100-ml-34-fl-oz#primaryimage\"},\"image\":{\"@id\":\"https:\\\/\\\/ecosupplements.ch\\\/?product=norsan-omega-3-vegan-100-ml-34-fl-oz#primaryimage\"},\"thumbnailUrl\":\"https:\\\/\\\/ecosupplements.ch\\\/wp-content\\\/uploads\\\/2026\\\/05\\\/NORSAN-Omega-3-VEGAN-100-ml-34-fl.-oz.jpg\",\"datePublished\":\"2026-05-11T15:15:05+00:00\",\"dateModified\":\"2026-05-13T07:28:22+00:00\",\"description\":\"Veganes Omega-3-\u00d6l aus Algen\u00f6l mit 2'000 mg DHA & EPA plus Vitamin D3 \u2013 100 ml, 20 Portionen. Jetzt bestellen.\",\"breadcrumb\":{\"@id\":\"https:\\\/\\\/ecosupplements.ch\\\/?product=norsan-omega-3-vegan-100-ml-34-fl-oz#breadcrumb\"},\"inLanguage\":\"de-CH\",\"potentialAction\":[{\"@type\":\"ReadAction\",\"target\":[\"https:\\\/\\\/ecosupplements.ch\\\/?product=norsan-omega-3-vegan-100-ml-34-fl-oz\"]}]},{\"@type\":\"ImageObject\",\"inLanguage\":\"de-CH\",\"@id\":\"https:\\\/\\\/ecosupplements.ch\\\/?product=norsan-omega-3-vegan-100-ml-34-fl-oz#primaryimage\",\"url\":\"https:\\\/\\\/ecosupplements.ch\\\/wp-content\\\/uploads\\\/2026\\\/05\\\/NORSAN-Omega-3-VEGAN-100-ml-34-fl.-oz.jpg\",\"contentUrl\":\"https:\\\/\\\/ecosupplements.ch\\\/wp-content\\\/uploads\\\/2026\\\/05\\\/NORSAN-Omega-3-VEGAN-100-ml-34-fl.-oz.jpg\",\"width\":1080,\"height\":1080,\"caption\":\"NORSAN Omega-3 VEGAN (100 ml \\\/ 3\"},{\"@type\":\"BreadcrumbList\",\"@id\":\"https:\\\/\\\/ecosupplements.ch\\\/?product=norsan-omega-3-vegan-100-ml-34-fl-oz#breadcrumb\",\"itemListElement\":[{\"@type\":\"ListItem\",\"position\":1,\"name\":\"Home\",\"item\":\"https:\\\/\\\/ecosupplements.ch\\\/\"},{\"@type\":\"ListItem\",\"position\":2,\"name\":\"Shop\",\"item\":\"https:\\\/\\\/ecosupplements.ch\\\/?page_id=14\"},{\"@type\":\"ListItem\",\"position\":3,\"name\":\"NORSAN Omega-3 VEGAN (100 ml \\\/ 3,4 fl. oz.)\"}]},{\"@type\":\"WebSite\",\"@id\":\"https:\\\/\\\/ecosupplements.ch\\\/#website\",\"url\":\"https:\\\/\\\/ecosupplements.ch\\\/\",\"name\":\"Eco Supplements\",\"description\":\"\",\"potentialAction\":[{\"@type\":\"SearchAction\",\"target\":{\"@type\":\"EntryPoint\",\"urlTemplate\":\"https:\\\/\\\/ecosupplements.ch\\\/?s={search_term_string}\"},\"query-input\":{\"@type\":\"PropertyValueSpecification\",\"valueRequired\":true,\"valueName\":\"search_term_string\"}}],\"inLanguage\":\"de-CH\"}]}<\/script>\n<meta property=\"product:price:amount\" content=\"31.79\" \/>\n<meta property=\"product:price:currency\" content=\"CHF\" \/>\n<meta property=\"og:availability\" content=\"out of stock\" \/>\n<meta property=\"product:availability\" content=\"out of stock\" \/>\n<meta property=\"product:retailer_item_id\" content=\"781490329917\" \/>\n<meta property=\"product:condition\" content=\"new\" \/>\n<!-- \/ Yoast SEO plugin. -->","yoast_head_json":{"title":"NORSAN Omega-3 VEGAN 100 ml \u2013 Algen\u00f6l | ecosupplements.ch","description":"Veganes Omega-3-\u00d6l aus Algen\u00f6l mit 2'000 mg DHA & EPA plus Vitamin D3 \u2013 100 ml, 20 Portionen. Jetzt bestellen.","robots":{"index":"index","follow":"follow","max-snippet":"max-snippet:-1","max-image-preview":"max-image-preview:large","max-video-preview":"max-video-preview:-1"},"canonical":"https:\/\/ecosupplements.ch\/?product=norsan-omega-3-vegan-100-ml-34-fl-oz","og_locale":"de_DE","og_type":"article","og_title":"NORSAN Omega-3 VEGAN 100 ml \u2013 Algen\u00f6l | ecosupplements.ch","og_description":"Veganes Omega-3-\u00d6l aus Algen\u00f6l mit 2'000 mg DHA & EPA plus Vitamin D3 \u2013 100 ml, 20 Portionen. Jetzt bestellen.","og_url":"https:\/\/ecosupplements.ch\/?product=norsan-omega-3-vegan-100-ml-34-fl-oz","og_site_name":"Eco Supplements","article_modified_time":"2026-05-13T07:28:22+00:00","og_image":[{"width":1080,"height":1080,"url":"https:\/\/ecosupplements.ch\/wp-content\/uploads\/2026\/05\/NORSAN-Omega-3-VEGAN-100-ml-34-fl.-oz.jpg","type":"image\/jpeg"}],"twitter_card":"summary_large_image","twitter_misc":{"Price":"&#67;&#72;&#70;&nbsp;31.79","Availability":"Out of stock"},"schema":{"@context":"https:\/\/schema.org","@graph":[{"@type":"WebPage","@id":"https:\/\/ecosupplements.ch\/?product=norsan-omega-3-vegan-100-ml-34-fl-oz","url":"https:\/\/ecosupplements.ch\/?product=norsan-omega-3-vegan-100-ml-34-fl-oz","name":"NORSAN Omega-3 VEGAN 100 ml \u2013 Algen\u00f6l | ecosupplements.ch","isPartOf":{"@id":"https:\/\/ecosupplements.ch\/#website"},"primaryImageOfPage":{"@id":"https:\/\/ecosupplements.ch\/?product=norsan-omega-3-vegan-100-ml-34-fl-oz#primaryimage"},"image":{"@id":"https:\/\/ecosupplements.ch\/?product=norsan-omega-3-vegan-100-ml-34-fl-oz#primaryimage"},"thumbnailUrl":"https:\/\/ecosupplements.ch\/wp-content\/uploads\/2026\/05\/NORSAN-Omega-3-VEGAN-100-ml-34-fl.-oz.jpg","datePublished":"2026-05-11T15:15:05+00:00","dateModified":"2026-05-13T07:28:22+00:00","description":"Veganes Omega-3-\u00d6l aus Algen\u00f6l mit 2'000 mg DHA & EPA plus Vitamin D3 \u2013 100 ml, 20 Portionen. Jetzt bestellen.","breadcrumb":{"@id":"https:\/\/ecosupplements.ch\/?product=norsan-omega-3-vegan-100-ml-34-fl-oz#breadcrumb"},"inLanguage":"de-CH","potentialAction":[{"@type":"ReadAction","target":["https:\/\/ecosupplements.ch\/?product=norsan-omega-3-vegan-100-ml-34-fl-oz"]}]},{"@type":"ImageObject","inLanguage":"de-CH","@id":"https:\/\/ecosupplements.ch\/?product=norsan-omega-3-vegan-100-ml-34-fl-oz#primaryimage","url":"https:\/\/ecosupplements.ch\/wp-content\/uploads\/2026\/05\/NORSAN-Omega-3-VEGAN-100-ml-34-fl.-oz.jpg","contentUrl":"https:\/\/ecosupplements.ch\/wp-content\/uploads\/2026\/05\/NORSAN-Omega-3-VEGAN-100-ml-34-fl.-oz.jpg","width":1080,"height":1080,"caption":"NORSAN Omega-3 VEGAN (100 ml \/ 3"},{"@type":"BreadcrumbList","@id":"https:\/\/ecosupplements.ch\/?product=norsan-omega-3-vegan-100-ml-34-fl-oz#breadcrumb","itemListElement":[{"@type":"ListItem","position":1,"name":"Home","item":"https:\/\/ecosupplements.ch\/"},{"@type":"ListItem","position":2,"name":"Shop","item":"https:\/\/ecosupplements.ch\/?page_id=14"},{"@type":"ListItem","position":3,"name":"NORSAN Omega-3 VEGAN (100 ml \/ 3,4 fl. oz.)"}]},{"@type":"WebSite","@id":"https:\/\/ecosupplements.ch\/#website","url":"https:\/\/ecosupplements.ch\/","name":"Eco Supplements","description":"","potentialAction":[{"@type":"SearchAction","target":{"@type":"EntryPoint","urlTemplate":"https:\/\/ecosupplements.ch\/?s={search_term_string}"},"query-input":{"@type":"PropertyValueSpecification","valueRequired":true,"valueName":"search_term_string"}}],"inLanguage":"de-CH"}]},"product_price_amount":"31.79","product_price_currency":"CHF","og_availability":"out of stock","product_availability":"out of stock","product_retailer_item_id":"781490329917","product_condition":"new"},"_links":{"self":[{"href":"https:\/\/ecosupplements.ch\/index.php?rest_route=\/wp\/v2\/product\/6461","targetHints":{"allow":["GET"]}}],"collection":[{"href":"https:\/\/ecosupplements.ch\/index.php?rest_route=\/wp\/v2\/product"}],"about":[{"href":"https:\/\/ecosupplements.ch\/index.php?rest_route=\/wp\/v2\/types\/product"}],"replies":[{"embeddable":true,"href":"https:\/\/ecosupplements.ch\/index.php?rest_route=%2Fwp%2Fv2%2Fcomments&post=6461"}],"wp:featuredmedia":[{"embeddable":true,"href":"https:\/\/ecosupplements.ch\/index.php?rest_route=\/wp\/v2\/media\/6462"}],"wp:attachment":[{"href":"https:\/\/ecosupplements.ch\/index.php?rest_route=%2Fwp%2Fv2%2Fmedia&parent=6461"}],"wp:term":[{"taxonomy":"product_brand","embeddable":true,"href":"https:\/\/ecosupplements.ch\/index.php?rest_route=%2Fwp%2Fv2%2Fproduct_brand&post=6461"},{"taxonomy":"product_cat","embeddable":true,"href":"https:\/\/ecosupplements.ch\/index.php?rest_route=%2Fwp%2Fv2%2Fproduct_cat&post=6461"},{"taxonomy":"product_tag","embeddable":true,"href":"https:\/\/ecosupplements.ch\/index.php?rest_route=%2Fwp%2Fv2%2Fproduct_tag&post=6461"}],"curies":[{"name":"wp","href":"https:\/\/api.w.org\/{rel}","templated":true}]}}