{"id":6467,"date":"2026-05-11T15:15:08","date_gmt":"2026-05-11T15:15:08","guid":{"rendered":"https:\/\/ecosupplements.ch\/?product=now-foods-mega-d3-mk-7-60-caps"},"modified":"2026-05-13T07:28:23","modified_gmt":"2026-05-13T07:28:23","slug":"now-foods-mega-d3-mk-7-60-caps","status":"publish","type":"product","link":"https:\/\/ecosupplements.ch\/?product=now-foods-mega-d3-mk-7-60-caps","title":{"rendered":"NOW FOODS Mega D3 &amp; MK-7 (60 caps.)"},"content":{"rendered":"<div class=\"chcg-product-description\">\n<h2 class=\"chcg-heading\">\u00dcber NOW Foods \u2013 Mega D3 &amp; MK-7 (60 Kapseln)<\/h2>\n<div class=\"chcg-intro\">\n<p>NOW Foods Mega D3 &amp; MK-7 kombiniert zwei bew\u00e4hrte fettl\u00f6sliche Vitamine in einer einzigen vegetarischen Kapsel: Vitamin D3 (Cholecalciferol) in einer Dosierung von 100 mcg (4000 IU) und Vitamin K2 in Form von Menaquinon-7 (MK-7) aus dem patentierten MenaQ7\u00ae-Extrakt. Diese Kombination unterst\u00fctzt eine gezielte t\u00e4gliche Versorgung mit beiden Mikron\u00e4hrstoffen.<\/p>\n<p>Vitamin D tr\u00e4gt zur normalen Aufnahme und Verwertung von Calcium und Phosphor bei, unterst\u00fctzt die Erhaltung normaler Knochen und Z\u00e4hne und tr\u00e4gt zur normalen Muskelfunktion sowie zur Funktion des Immunsystems bei. Vitamin K2 als Menaquinon-7 tr\u00e4gt zur normalen Blutgerinnung sowie zur Erhaltung normaler Knochen bei.<\/p>\n<p>Die Kapselh\u00fclle besteht aus Hydroxypropylmethylcellulose (HPMC) \u2013 einem pflanzlichen Material \u2013 und ist somit f\u00fcr Vegetarierinnen und Vegetarier geeignet. Das Produkt wird in einer GMP-zertifizierten Produktionsst\u00e4tte hergestellt und ist frei von Gluten und Laktose.<\/p>\n<\/p><\/div>\n<div class=\"chcg-nutrition\">\n<h3>N\u00e4hrwertangaben<\/h3>\n<table class=\"chcg-nutrition-table\">\n<thead>\n<tr>\n<th>N\u00e4hrstoff<\/th>\n<th>Pro Portion (1 Kapsel)<\/th>\n<\/tr>\n<\/thead>\n<tbody>\n<tr>\n<td>Vitamin D (als D3 Cholecalciferol, aus Lanolin)<\/td>\n<td>100 mcg (4000 IU) | 2000% NRV<\/td>\n<\/tr>\n<tr>\n<td>Vitamin K2 (als Menaquinon-7, MK-7 MenaQ7\u00ae)<\/td>\n<td>180 mcg | 240% NRV<\/td>\n<\/tr>\n<\/tbody>\n<\/table><\/div>\n<div class=\"chcg-ingredients\">\n<h3>Zutaten<\/h3>\n<p>Vitamin K2 (MK-7 MenaQ7\u00ae, Menaquinon); Vitamin D (Cholecalciferol aus Lanolin); Trennmittel: mikrokristalline Cellulose, Siliciumdioxid.<\/p>\n<p class=\"chcg-capsule-shell\">Kapselh\u00fclle: \u00dcberzugsmittel (Hydroxypropylmethylcellulose) \u2014 pflanzliche Cellulose-Kapsel.<\/p>\n<\/p><\/div>\n<div class=\"chcg-dosage\">\n<h3>Verzehrempfehlung<\/h3>\n<p>1 Kapsel t\u00e4glich zu einer fetthaltigen Mahlzeit einnehmen.<\/p>\n<\/p><\/div>\n<div class=\"chcg-warnings\">\n<h3>Warnhinweise<\/h3>\n<p>Nur f\u00fcr Erwachsene. Die empfohlene Tagesdosis nicht \u00fcberschreiten. Vor der Einnahme einen Arzt konsultieren, wenn Sie schwanger sind oder stillen, gerinnungshemmende Mittel einnehmen (wie Warfarin, Coumadin\u00ae, Heparin), andere Medikamente verwenden (insbesondere topische Psoriasis-Medikamente oder Thiazid-Diuretika) oder an einer Erkrankung leiden (insbesondere Hyperkalz\u00e4mie, Nierenerkrankungen oder Hyperparathyreoidismus). Die Einnahme zwei Wochen vor einem operativen Eingriff absetzen. Ausserhalb der Reichweite von Kindern aufbewahren.<\/p>\n<\/p><\/div>\n<div class=\"chcg-allergens\">\n<h3>Allergeninformationen<\/h3>\n<p>Nicht hergestellt mit Weizen, Gluten, Soja, Milch, Ei, Fisch, Schalentieren oder Sesam. Produziert in einer GMP-Einrichtung, die andere Zutaten verarbeitet, welche diese Allergene enthalten k\u00f6nnen.<\/p>\n<\/p><\/div>\n<div class=\"chcg-storage\">\n<h3>Lagerung<\/h3>\n<p>Nach dem \u00d6ffnen k\u00fchl und trocken lagern.<\/p>\n<\/p><\/div>\n<div class=\"chcg-dietary\">\n<h3>Ern\u00e4hrungshinweise<\/h3>\n<ul>\n<li>Vegetarisch<\/li>\n<li>Glutenfrei<\/li>\n<li>Laktosefrei<\/li>\n<\/ul><\/div>\n<\/div>\n","protected":false},"excerpt":{"rendered":"<p>NOW Foods Mega D3 &amp; MK-7 liefert 4000 IU Vitamin D3 und 180 mcg Vitamin K2 (MenaQ7\u00ae) pro vegetarischer Kapsel zur Unterst\u00fctzung von Knochen und Immunsystem. 60 Kapseln pro Packung.<\/p>\n","protected":false},"featured_media":6468,"comment_status":"closed","ping_status":"open","template":"","meta":[],"product_brand":[207],"product_cat":[27,30,31,21],"product_tag":[],"class_list":{"0":"post-6467","1":"product","2":"type-product","3":"status-publish","4":"has-post-thumbnail","6":"product_brand-now-foods","7":"product_cat-einige-vitamine","8":"product_cat-vitamin-d","9":"product_cat-vitamin-k","10":"product_cat-vitamine-und-mineralstoffe","12":"first","13":"outofstock","14":"taxable","15":"shipping-taxable","16":"purchasable","17":"product-type-simple"},"yoast_head":"<!-- This site is optimized with the Yoast SEO plugin v27.5 - https:\/\/yoast.com\/product\/yoast-seo-wordpress\/ -->\n<title>NOW Foods Mega D3 &amp; MK-7 60 Kapseln | ecosupplements.ch<\/title>\n<meta name=\"description\" content=\"Vitamin D3 (4000 IU) &amp; K2 MenaQ7\u00ae in einer vegetarischen Kapsel \u2013 f\u00fcr Knochen und Immunsystem. 60 Kapseln pro Packung. Jetzt bestellen.\" \/>\n<meta name=\"robots\" content=\"index, follow, max-snippet:-1, max-image-preview:large, max-video-preview:-1\" \/>\n<link rel=\"canonical\" href=\"https:\/\/ecosupplements.ch\/?product=now-foods-mega-d3-mk-7-60-caps\" \/>\n<meta property=\"og:locale\" content=\"de_DE\" \/>\n<meta property=\"og:type\" content=\"article\" \/>\n<meta property=\"og:title\" content=\"NOW Foods Mega D3 &amp; MK-7 60 Kapseln | ecosupplements.ch\" \/>\n<meta property=\"og:description\" content=\"Vitamin D3 (4000 IU) &amp; K2 MenaQ7\u00ae in einer vegetarischen Kapsel \u2013 f\u00fcr Knochen und Immunsystem. 60 Kapseln pro Packung. Jetzt bestellen.\" \/>\n<meta property=\"og:url\" content=\"https:\/\/ecosupplements.ch\/?product=now-foods-mega-d3-mk-7-60-caps\" \/>\n<meta property=\"og:site_name\" content=\"Eco Supplements\" \/>\n<meta property=\"article:modified_time\" content=\"2026-05-13T07:28:23+00:00\" \/>\n<meta property=\"og:image\" content=\"https:\/\/ecosupplements.ch\/wp-content\/uploads\/2026\/05\/NOW-FOODS-Mega-D3-MK-7-60-caps.jpg\" \/>\n\t<meta property=\"og:image:width\" content=\"1000\" \/>\n\t<meta property=\"og:image:height\" content=\"1000\" \/>\n\t<meta property=\"og:image:type\" content=\"image\/jpeg\" \/>\n<meta name=\"twitter:card\" content=\"summary_large_image\" \/>\n<meta name=\"twitter:label1\" content=\"Price\" \/>\n\t<meta name=\"twitter:data1\" content=\"&#067;&#072;&#070;&nbsp;18.11\" \/>\n\t<meta name=\"twitter:label2\" content=\"Availability\" \/>\n\t<meta name=\"twitter:data2\" content=\"Out of stock\" \/>\n<script type=\"application\/ld+json\" class=\"yoast-schema-graph\">{\"@context\":\"https:\\\/\\\/schema.org\",\"@graph\":[{\"@type\":\"WebPage\",\"@id\":\"https:\\\/\\\/ecosupplements.ch\\\/?product=now-foods-mega-d3-mk-7-60-caps\",\"url\":\"https:\\\/\\\/ecosupplements.ch\\\/?product=now-foods-mega-d3-mk-7-60-caps\",\"name\":\"NOW Foods Mega D3 & MK-7 60 Kapseln | ecosupplements.ch\",\"isPartOf\":{\"@id\":\"https:\\\/\\\/ecosupplements.ch\\\/#website\"},\"primaryImageOfPage\":{\"@id\":\"https:\\\/\\\/ecosupplements.ch\\\/?product=now-foods-mega-d3-mk-7-60-caps#primaryimage\"},\"image\":{\"@id\":\"https:\\\/\\\/ecosupplements.ch\\\/?product=now-foods-mega-d3-mk-7-60-caps#primaryimage\"},\"thumbnailUrl\":\"https:\\\/\\\/ecosupplements.ch\\\/wp-content\\\/uploads\\\/2026\\\/05\\\/NOW-FOODS-Mega-D3-MK-7-60-caps.jpg\",\"datePublished\":\"2026-05-11T15:15:08+00:00\",\"dateModified\":\"2026-05-13T07:28:23+00:00\",\"description\":\"Vitamin D3 (4000 IU) & K2 MenaQ7\u00ae in einer vegetarischen Kapsel \u2013 f\u00fcr Knochen und Immunsystem. 60 Kapseln pro Packung. Jetzt bestellen.\",\"breadcrumb\":{\"@id\":\"https:\\\/\\\/ecosupplements.ch\\\/?product=now-foods-mega-d3-mk-7-60-caps#breadcrumb\"},\"inLanguage\":\"de-CH\",\"potentialAction\":[{\"@type\":\"ReadAction\",\"target\":[\"https:\\\/\\\/ecosupplements.ch\\\/?product=now-foods-mega-d3-mk-7-60-caps\"]}]},{\"@type\":\"ImageObject\",\"inLanguage\":\"de-CH\",\"@id\":\"https:\\\/\\\/ecosupplements.ch\\\/?product=now-foods-mega-d3-mk-7-60-caps#primaryimage\",\"url\":\"https:\\\/\\\/ecosupplements.ch\\\/wp-content\\\/uploads\\\/2026\\\/05\\\/NOW-FOODS-Mega-D3-MK-7-60-caps.jpg\",\"contentUrl\":\"https:\\\/\\\/ecosupplements.ch\\\/wp-content\\\/uploads\\\/2026\\\/05\\\/NOW-FOODS-Mega-D3-MK-7-60-caps.jpg\",\"width\":1000,\"height\":1000,\"caption\":\"NOW FOODS Mega D3 & MK-7 (60 caps.)\"},{\"@type\":\"BreadcrumbList\",\"@id\":\"https:\\\/\\\/ecosupplements.ch\\\/?product=now-foods-mega-d3-mk-7-60-caps#breadcrumb\",\"itemListElement\":[{\"@type\":\"ListItem\",\"position\":1,\"name\":\"Home\",\"item\":\"https:\\\/\\\/ecosupplements.ch\\\/\"},{\"@type\":\"ListItem\",\"position\":2,\"name\":\"Shop\",\"item\":\"https:\\\/\\\/ecosupplements.ch\\\/?page_id=14\"},{\"@type\":\"ListItem\",\"position\":3,\"name\":\"NOW FOODS Mega D3 &amp; MK-7 (60 caps.)\"}]},{\"@type\":\"WebSite\",\"@id\":\"https:\\\/\\\/ecosupplements.ch\\\/#website\",\"url\":\"https:\\\/\\\/ecosupplements.ch\\\/\",\"name\":\"Eco Supplements\",\"description\":\"\",\"potentialAction\":[{\"@type\":\"SearchAction\",\"target\":{\"@type\":\"EntryPoint\",\"urlTemplate\":\"https:\\\/\\\/ecosupplements.ch\\\/?s={search_term_string}\"},\"query-input\":{\"@type\":\"PropertyValueSpecification\",\"valueRequired\":true,\"valueName\":\"search_term_string\"}}],\"inLanguage\":\"de-CH\"}]}<\/script>\n<meta property=\"product:price:amount\" content=\"18.11\" \/>\n<meta property=\"product:price:currency\" content=\"CHF\" \/>\n<meta property=\"og:availability\" content=\"out of stock\" \/>\n<meta property=\"product:availability\" content=\"out of stock\" \/>\n<meta property=\"product:retailer_item_id\" content=\"733739903846\" \/>\n<meta property=\"product:condition\" content=\"new\" \/>\n<!-- \/ Yoast SEO plugin. -->","yoast_head_json":{"title":"NOW Foods Mega D3 & MK-7 60 Kapseln | ecosupplements.ch","description":"Vitamin D3 (4000 IU) & K2 MenaQ7\u00ae in einer vegetarischen Kapsel \u2013 f\u00fcr Knochen und Immunsystem. 60 Kapseln pro Packung. Jetzt bestellen.","robots":{"index":"index","follow":"follow","max-snippet":"max-snippet:-1","max-image-preview":"max-image-preview:large","max-video-preview":"max-video-preview:-1"},"canonical":"https:\/\/ecosupplements.ch\/?product=now-foods-mega-d3-mk-7-60-caps","og_locale":"de_DE","og_type":"article","og_title":"NOW Foods Mega D3 & MK-7 60 Kapseln | ecosupplements.ch","og_description":"Vitamin D3 (4000 IU) & K2 MenaQ7\u00ae in einer vegetarischen Kapsel \u2013 f\u00fcr Knochen und Immunsystem. 60 Kapseln pro Packung. Jetzt bestellen.","og_url":"https:\/\/ecosupplements.ch\/?product=now-foods-mega-d3-mk-7-60-caps","og_site_name":"Eco Supplements","article_modified_time":"2026-05-13T07:28:23+00:00","og_image":[{"width":1000,"height":1000,"url":"https:\/\/ecosupplements.ch\/wp-content\/uploads\/2026\/05\/NOW-FOODS-Mega-D3-MK-7-60-caps.jpg","type":"image\/jpeg"}],"twitter_card":"summary_large_image","twitter_misc":{"Price":"&#67;&#72;&#70;&nbsp;18.11","Availability":"Out of stock"},"schema":{"@context":"https:\/\/schema.org","@graph":[{"@type":"WebPage","@id":"https:\/\/ecosupplements.ch\/?product=now-foods-mega-d3-mk-7-60-caps","url":"https:\/\/ecosupplements.ch\/?product=now-foods-mega-d3-mk-7-60-caps","name":"NOW Foods Mega D3 & MK-7 60 Kapseln | ecosupplements.ch","isPartOf":{"@id":"https:\/\/ecosupplements.ch\/#website"},"primaryImageOfPage":{"@id":"https:\/\/ecosupplements.ch\/?product=now-foods-mega-d3-mk-7-60-caps#primaryimage"},"image":{"@id":"https:\/\/ecosupplements.ch\/?product=now-foods-mega-d3-mk-7-60-caps#primaryimage"},"thumbnailUrl":"https:\/\/ecosupplements.ch\/wp-content\/uploads\/2026\/05\/NOW-FOODS-Mega-D3-MK-7-60-caps.jpg","datePublished":"2026-05-11T15:15:08+00:00","dateModified":"2026-05-13T07:28:23+00:00","description":"Vitamin D3 (4000 IU) & K2 MenaQ7\u00ae in einer vegetarischen Kapsel \u2013 f\u00fcr Knochen und Immunsystem. 60 Kapseln pro Packung. Jetzt bestellen.","breadcrumb":{"@id":"https:\/\/ecosupplements.ch\/?product=now-foods-mega-d3-mk-7-60-caps#breadcrumb"},"inLanguage":"de-CH","potentialAction":[{"@type":"ReadAction","target":["https:\/\/ecosupplements.ch\/?product=now-foods-mega-d3-mk-7-60-caps"]}]},{"@type":"ImageObject","inLanguage":"de-CH","@id":"https:\/\/ecosupplements.ch\/?product=now-foods-mega-d3-mk-7-60-caps#primaryimage","url":"https:\/\/ecosupplements.ch\/wp-content\/uploads\/2026\/05\/NOW-FOODS-Mega-D3-MK-7-60-caps.jpg","contentUrl":"https:\/\/ecosupplements.ch\/wp-content\/uploads\/2026\/05\/NOW-FOODS-Mega-D3-MK-7-60-caps.jpg","width":1000,"height":1000,"caption":"NOW FOODS Mega D3 & MK-7 (60 caps.)"},{"@type":"BreadcrumbList","@id":"https:\/\/ecosupplements.ch\/?product=now-foods-mega-d3-mk-7-60-caps#breadcrumb","itemListElement":[{"@type":"ListItem","position":1,"name":"Home","item":"https:\/\/ecosupplements.ch\/"},{"@type":"ListItem","position":2,"name":"Shop","item":"https:\/\/ecosupplements.ch\/?page_id=14"},{"@type":"ListItem","position":3,"name":"NOW FOODS Mega D3 &amp; MK-7 (60 caps.)"}]},{"@type":"WebSite","@id":"https:\/\/ecosupplements.ch\/#website","url":"https:\/\/ecosupplements.ch\/","name":"Eco Supplements","description":"","potentialAction":[{"@type":"SearchAction","target":{"@type":"EntryPoint","urlTemplate":"https:\/\/ecosupplements.ch\/?s={search_term_string}"},"query-input":{"@type":"PropertyValueSpecification","valueRequired":true,"valueName":"search_term_string"}}],"inLanguage":"de-CH"}]},"product_price_amount":"18.11","product_price_currency":"CHF","og_availability":"out of stock","product_availability":"out of stock","product_retailer_item_id":"733739903846","product_condition":"new"},"_links":{"self":[{"href":"https:\/\/ecosupplements.ch\/index.php?rest_route=\/wp\/v2\/product\/6467","targetHints":{"allow":["GET"]}}],"collection":[{"href":"https:\/\/ecosupplements.ch\/index.php?rest_route=\/wp\/v2\/product"}],"about":[{"href":"https:\/\/ecosupplements.ch\/index.php?rest_route=\/wp\/v2\/types\/product"}],"replies":[{"embeddable":true,"href":"https:\/\/ecosupplements.ch\/index.php?rest_route=%2Fwp%2Fv2%2Fcomments&post=6467"}],"wp:featuredmedia":[{"embeddable":true,"href":"https:\/\/ecosupplements.ch\/index.php?rest_route=\/wp\/v2\/media\/6468"}],"wp:attachment":[{"href":"https:\/\/ecosupplements.ch\/index.php?rest_route=%2Fwp%2Fv2%2Fmedia&parent=6467"}],"wp:term":[{"taxonomy":"product_brand","embeddable":true,"href":"https:\/\/ecosupplements.ch\/index.php?rest_route=%2Fwp%2Fv2%2Fproduct_brand&post=6467"},{"taxonomy":"product_cat","embeddable":true,"href":"https:\/\/ecosupplements.ch\/index.php?rest_route=%2Fwp%2Fv2%2Fproduct_cat&post=6467"},{"taxonomy":"product_tag","embeddable":true,"href":"https:\/\/ecosupplements.ch\/index.php?rest_route=%2Fwp%2Fv2%2Fproduct_tag&post=6467"}],"curies":[{"name":"wp","href":"https:\/\/api.w.org\/{rel}","templated":true}]}}