{"id":6471,"date":"2026-05-11T15:15:10","date_gmt":"2026-05-11T15:15:10","guid":{"rendered":"https:\/\/ecosupplements.ch\/?product=now-foods-vitamin-d3-4000-iu-240-sgels"},"modified":"2026-05-13T07:28:24","modified_gmt":"2026-05-13T07:28:24","slug":"now-foods-vitamin-d3-4000-iu-240-sgels","status":"publish","type":"product","link":"https:\/\/ecosupplements.ch\/?product=now-foods-vitamin-d3-4000-iu-240-sgels","title":{"rendered":"NOW FOODS Vitamin D3 4000 IU (240 sgels)"},"content":{"rendered":"<div class=\"chcg-product-description\">\n<h2 class=\"chcg-heading\">\u00dcber NOW Foods \u2013 Vitamin D3 4000 IU \u2013 240 Softgels<\/h2>\n<div class=\"chcg-intro\">\n<p>Vitamin D3 (Cholecalciferol) ist die k\u00f6rpereigene Form von Vitamin D, die in der Haut durch Sonnenlichteinwirkung gebildet wird. NOW Foods Vitamin D3 4000 IU liefert pro Softgel 100 mcg (4&#8217;000 IU) Vitamin D3 in einer hochwertig formulierten Darreichungsform. Vitamin D tr\u00e4gt zur normalen Funktion des Immunsystems, zur Erhaltung normaler Knochen und Z\u00e4hne sowie zur Erhaltung einer normalen Muskelfunktion bei.<\/p>\n<p>Die Softgels enthalten natives Oliven\u00f6l extra als Tr\u00e4ger\u00f6l, was die Aufnahme des fettl\u00f6slichen Vitamins D3 unterst\u00fctzt. Das verwendete Lanolin stammt aus einer BSE-freien Quelle, und die Produktion erfolgt nach GMP-Standards (Good Manufacturing Practice), die h\u00f6chste Qualit\u00e4t und Reinheit gew\u00e4hrleisten.<\/p>\n<p>Mit 240 Softgels pro Packung bietet dieses Produkt einen Vorrat f\u00fcr 240 Tage bei einmal t\u00e4glicher Einnahme \u2013 ideal f\u00fcr eine zuverl\u00e4ssige und langfristige Versorgung.<\/p>\n<\/p><\/div>\n<div class=\"chcg-nutrition\">\n<h3>N\u00e4hrwertangaben<\/h3>\n<table class=\"chcg-nutrition-table\">\n<thead>\n<tr>\n<th>N\u00e4hrstoff<\/th>\n<th>Pro Portion (1 Softgel)<\/th>\n<\/tr>\n<\/thead>\n<tbody>\n<tr>\n<td>Vitamin D (als D3 Cholecalciferol) (aus Lanolin)<\/td>\n<td>100 mcg \/ 4&#8217;000 IU (500 % des Tagesbedarfs)<\/td>\n<\/tr>\n<\/tbody>\n<\/table><\/div>\n<div class=\"chcg-ingredients\">\n<h3>Zutaten<\/h3>\n<p>Vitamin D (als D3 Cholecalciferol) (aus Lanolin) 100 mcg (4&#8217;000 IU). Weitere Zutaten: Natives Oliven\u00f6l Extra, Distel\u00f6l.<\/p>\n<p class=\"chcg-capsule-shell\">Kapselh\u00fclle: Bovine Gelatine (BSE-frei), Glycerin, Wasser.<\/p>\n<\/p><\/div>\n<div class=\"chcg-dosage\">\n<h3>Verzehrempfehlung<\/h3>\n<p>T\u00e4glich 1 Softgel zusammen mit einer fetthaltigen Mahlzeit einnehmen oder gem\u00e4ss Anweisung Ihrer medizinischen Fachperson.<\/p>\n<\/p><\/div>\n<div class=\"chcg-warnings\">\n<h3>Warnhinweise<\/h3>\n<p>Achtung: Nur f\u00fcr Erwachsene. Die empfohlene Dosierung nicht \u00fcberschreiten. Vor der Einnahme einen Arzt konsultieren, wenn Sie schwanger sind oder stillen, Medikamente einnehmen (insbesondere topische Psoriasis-Medikamente oder Thiazid-Diuretika) oder an einer Erkrankung leiden (insbesondere Hyperkalz\u00e4mie, Nierenerkrankungen oder Hyperparathyreoidismus). Ausserhalb der Reichweite von Kindern aufbewahren. Nat\u00fcrliche Farbabweichungen k\u00f6nnen bei diesem Produkt auftreten.<\/p>\n<\/p><\/div>\n<div class=\"chcg-allergens\">\n<h3>Allergeninformationen<\/h3>\n<p>Nicht hergestellt mit Hefe, Weizen, Gluten, Soja, Mais, Milch, Ei, Fisch, Schalentieren, Baumn\u00fcssen oder Sesam. Hergestellt in einer GMP-zertifizierten Anlage, in der auch andere Zutaten verarbeitet werden, die diese Allergene enthalten.<\/p>\n<\/p><\/div>\n<div class=\"chcg-storage\">\n<h3>Lagerung<\/h3>\n<p>Nach dem \u00d6ffnen an einem k\u00fchlen, trockenen Ort aufbewahren.<\/p>\n<\/p><\/div>\n<div class=\"chcg-dietary\">\n<h3>Ern\u00e4hrungshinweise<\/h3>\n<ul>\n<li>Glutenfrei<\/li>\n<li>Laktosefrei<\/li>\n<\/ul><\/div>\n<\/div>\n","protected":false},"excerpt":{"rendered":"<p>NOW Foods Vitamin D3 4000 IU unterst\u00fctzt Immunsystem, Knochen und Muskeln. Pro Packung 240 Softgels mit nativem Oliven\u00f6l extra f\u00fcr optimale Aufnahme. Glutenfrei und laktosefrei.<\/p>\n","protected":false},"featured_media":6472,"comment_status":"closed","ping_status":"open","template":"","meta":[],"product_brand":[207],"product_cat":[27,28,30,171,21],"product_tag":[],"class_list":{"0":"post-6471","1":"product","2":"type-product","3":"status-publish","4":"has-post-thumbnail","6":"product_brand-now-foods","7":"product_cat-einige-vitamine","8":"product_cat-vitamin-b","9":"product_cat-vitamin-d","10":"product_cat-vitamine-und-mineralien","11":"product_cat-vitamine-und-mineralstoffe","13":"first","14":"outofstock","15":"taxable","16":"shipping-taxable","17":"purchasable","18":"product-type-simple"},"yoast_head":"<!-- This site is optimized with the Yoast SEO plugin v27.5 - https:\/\/yoast.com\/product\/yoast-seo-wordpress\/ -->\n<title>NOW Foods Vitamin D3 4000 IU \u2013 240 Softgels | ecosupplements.ch<\/title>\n<meta name=\"description\" content=\"Vitamin D3 4000 IU von NOW Foods \u2013 240 Softgels f\u00fcr Immunsystem, Knochen und Muskeln. Glutenfrei, laktosefrei. Jetzt bestellen.\" \/>\n<meta name=\"robots\" content=\"index, follow, max-snippet:-1, max-image-preview:large, max-video-preview:-1\" \/>\n<link rel=\"canonical\" href=\"https:\/\/ecosupplements.ch\/?product=now-foods-vitamin-d3-4000-iu-240-sgels\" \/>\n<meta property=\"og:locale\" content=\"de_DE\" \/>\n<meta property=\"og:type\" content=\"article\" \/>\n<meta property=\"og:title\" content=\"NOW Foods Vitamin D3 4000 IU \u2013 240 Softgels | ecosupplements.ch\" \/>\n<meta property=\"og:description\" content=\"Vitamin D3 4000 IU von NOW Foods \u2013 240 Softgels f\u00fcr Immunsystem, Knochen und Muskeln. Glutenfrei, laktosefrei. Jetzt bestellen.\" \/>\n<meta property=\"og:url\" content=\"https:\/\/ecosupplements.ch\/?product=now-foods-vitamin-d3-4000-iu-240-sgels\" \/>\n<meta property=\"og:site_name\" content=\"Eco Supplements\" \/>\n<meta property=\"article:modified_time\" content=\"2026-05-13T07:28:24+00:00\" \/>\n<meta property=\"og:image\" content=\"https:\/\/ecosupplements.ch\/wp-content\/uploads\/2026\/05\/NOW-FOODS-Vitamin-D3-4000-IU-240-sgels.jpg\" \/>\n\t<meta property=\"og:image:width\" content=\"880\" \/>\n\t<meta property=\"og:image:height\" content=\"880\" \/>\n\t<meta property=\"og:image:type\" content=\"image\/jpeg\" \/>\n<meta name=\"twitter:card\" content=\"summary_large_image\" \/>\n<meta name=\"twitter:label1\" content=\"Price\" \/>\n\t<meta name=\"twitter:data1\" content=\"&#067;&#072;&#070;&nbsp;15.78\" \/>\n\t<meta name=\"twitter:label2\" content=\"Availability\" \/>\n\t<meta name=\"twitter:data2\" content=\"Out of stock\" \/>\n<script type=\"application\/ld+json\" class=\"yoast-schema-graph\">{\"@context\":\"https:\\\/\\\/schema.org\",\"@graph\":[{\"@type\":\"WebPage\",\"@id\":\"https:\\\/\\\/ecosupplements.ch\\\/?product=now-foods-vitamin-d3-4000-iu-240-sgels\",\"url\":\"https:\\\/\\\/ecosupplements.ch\\\/?product=now-foods-vitamin-d3-4000-iu-240-sgels\",\"name\":\"NOW Foods Vitamin D3 4000 IU \u2013 240 Softgels | ecosupplements.ch\",\"isPartOf\":{\"@id\":\"https:\\\/\\\/ecosupplements.ch\\\/#website\"},\"primaryImageOfPage\":{\"@id\":\"https:\\\/\\\/ecosupplements.ch\\\/?product=now-foods-vitamin-d3-4000-iu-240-sgels#primaryimage\"},\"image\":{\"@id\":\"https:\\\/\\\/ecosupplements.ch\\\/?product=now-foods-vitamin-d3-4000-iu-240-sgels#primaryimage\"},\"thumbnailUrl\":\"https:\\\/\\\/ecosupplements.ch\\\/wp-content\\\/uploads\\\/2026\\\/05\\\/NOW-FOODS-Vitamin-D3-4000-IU-240-sgels.jpg\",\"datePublished\":\"2026-05-11T15:15:10+00:00\",\"dateModified\":\"2026-05-13T07:28:24+00:00\",\"description\":\"Vitamin D3 4000 IU von NOW Foods \u2013 240 Softgels f\u00fcr Immunsystem, Knochen und Muskeln. Glutenfrei, laktosefrei. Jetzt bestellen.\",\"breadcrumb\":{\"@id\":\"https:\\\/\\\/ecosupplements.ch\\\/?product=now-foods-vitamin-d3-4000-iu-240-sgels#breadcrumb\"},\"inLanguage\":\"de-CH\",\"potentialAction\":[{\"@type\":\"ReadAction\",\"target\":[\"https:\\\/\\\/ecosupplements.ch\\\/?product=now-foods-vitamin-d3-4000-iu-240-sgels\"]}]},{\"@type\":\"ImageObject\",\"inLanguage\":\"de-CH\",\"@id\":\"https:\\\/\\\/ecosupplements.ch\\\/?product=now-foods-vitamin-d3-4000-iu-240-sgels#primaryimage\",\"url\":\"https:\\\/\\\/ecosupplements.ch\\\/wp-content\\\/uploads\\\/2026\\\/05\\\/NOW-FOODS-Vitamin-D3-4000-IU-240-sgels.jpg\",\"contentUrl\":\"https:\\\/\\\/ecosupplements.ch\\\/wp-content\\\/uploads\\\/2026\\\/05\\\/NOW-FOODS-Vitamin-D3-4000-IU-240-sgels.jpg\",\"width\":880,\"height\":880,\"caption\":\"NOW FOODS Vitamin D3 4000 IU (240 sgels)\"},{\"@type\":\"BreadcrumbList\",\"@id\":\"https:\\\/\\\/ecosupplements.ch\\\/?product=now-foods-vitamin-d3-4000-iu-240-sgels#breadcrumb\",\"itemListElement\":[{\"@type\":\"ListItem\",\"position\":1,\"name\":\"Home\",\"item\":\"https:\\\/\\\/ecosupplements.ch\\\/\"},{\"@type\":\"ListItem\",\"position\":2,\"name\":\"Shop\",\"item\":\"https:\\\/\\\/ecosupplements.ch\\\/?page_id=14\"},{\"@type\":\"ListItem\",\"position\":3,\"name\":\"NOW FOODS Vitamin D3 4000 IU (240 sgels)\"}]},{\"@type\":\"WebSite\",\"@id\":\"https:\\\/\\\/ecosupplements.ch\\\/#website\",\"url\":\"https:\\\/\\\/ecosupplements.ch\\\/\",\"name\":\"Eco Supplements\",\"description\":\"\",\"potentialAction\":[{\"@type\":\"SearchAction\",\"target\":{\"@type\":\"EntryPoint\",\"urlTemplate\":\"https:\\\/\\\/ecosupplements.ch\\\/?s={search_term_string}\"},\"query-input\":{\"@type\":\"PropertyValueSpecification\",\"valueRequired\":true,\"valueName\":\"search_term_string\"}}],\"inLanguage\":\"de-CH\"}]}<\/script>\n<meta property=\"product:price:amount\" content=\"15.78\" \/>\n<meta property=\"product:price:currency\" content=\"CHF\" \/>\n<meta property=\"og:availability\" content=\"out of stock\" \/>\n<meta property=\"product:availability\" content=\"out of stock\" \/>\n<meta property=\"product:retailer_item_id\" content=\"733739903730\" \/>\n<meta property=\"product:condition\" content=\"new\" \/>\n<!-- \/ Yoast SEO plugin. -->","yoast_head_json":{"title":"NOW Foods Vitamin D3 4000 IU \u2013 240 Softgels | ecosupplements.ch","description":"Vitamin D3 4000 IU von NOW Foods \u2013 240 Softgels f\u00fcr Immunsystem, Knochen und Muskeln. Glutenfrei, laktosefrei. Jetzt bestellen.","robots":{"index":"index","follow":"follow","max-snippet":"max-snippet:-1","max-image-preview":"max-image-preview:large","max-video-preview":"max-video-preview:-1"},"canonical":"https:\/\/ecosupplements.ch\/?product=now-foods-vitamin-d3-4000-iu-240-sgels","og_locale":"de_DE","og_type":"article","og_title":"NOW Foods Vitamin D3 4000 IU \u2013 240 Softgels | ecosupplements.ch","og_description":"Vitamin D3 4000 IU von NOW Foods \u2013 240 Softgels f\u00fcr Immunsystem, Knochen und Muskeln. Glutenfrei, laktosefrei. Jetzt bestellen.","og_url":"https:\/\/ecosupplements.ch\/?product=now-foods-vitamin-d3-4000-iu-240-sgels","og_site_name":"Eco Supplements","article_modified_time":"2026-05-13T07:28:24+00:00","og_image":[{"width":880,"height":880,"url":"https:\/\/ecosupplements.ch\/wp-content\/uploads\/2026\/05\/NOW-FOODS-Vitamin-D3-4000-IU-240-sgels.jpg","type":"image\/jpeg"}],"twitter_card":"summary_large_image","twitter_misc":{"Price":"&#67;&#72;&#70;&nbsp;15.78","Availability":"Out of stock"},"schema":{"@context":"https:\/\/schema.org","@graph":[{"@type":"WebPage","@id":"https:\/\/ecosupplements.ch\/?product=now-foods-vitamin-d3-4000-iu-240-sgels","url":"https:\/\/ecosupplements.ch\/?product=now-foods-vitamin-d3-4000-iu-240-sgels","name":"NOW Foods Vitamin D3 4000 IU \u2013 240 Softgels | ecosupplements.ch","isPartOf":{"@id":"https:\/\/ecosupplements.ch\/#website"},"primaryImageOfPage":{"@id":"https:\/\/ecosupplements.ch\/?product=now-foods-vitamin-d3-4000-iu-240-sgels#primaryimage"},"image":{"@id":"https:\/\/ecosupplements.ch\/?product=now-foods-vitamin-d3-4000-iu-240-sgels#primaryimage"},"thumbnailUrl":"https:\/\/ecosupplements.ch\/wp-content\/uploads\/2026\/05\/NOW-FOODS-Vitamin-D3-4000-IU-240-sgels.jpg","datePublished":"2026-05-11T15:15:10+00:00","dateModified":"2026-05-13T07:28:24+00:00","description":"Vitamin D3 4000 IU von NOW Foods \u2013 240 Softgels f\u00fcr Immunsystem, Knochen und Muskeln. Glutenfrei, laktosefrei. Jetzt bestellen.","breadcrumb":{"@id":"https:\/\/ecosupplements.ch\/?product=now-foods-vitamin-d3-4000-iu-240-sgels#breadcrumb"},"inLanguage":"de-CH","potentialAction":[{"@type":"ReadAction","target":["https:\/\/ecosupplements.ch\/?product=now-foods-vitamin-d3-4000-iu-240-sgels"]}]},{"@type":"ImageObject","inLanguage":"de-CH","@id":"https:\/\/ecosupplements.ch\/?product=now-foods-vitamin-d3-4000-iu-240-sgels#primaryimage","url":"https:\/\/ecosupplements.ch\/wp-content\/uploads\/2026\/05\/NOW-FOODS-Vitamin-D3-4000-IU-240-sgels.jpg","contentUrl":"https:\/\/ecosupplements.ch\/wp-content\/uploads\/2026\/05\/NOW-FOODS-Vitamin-D3-4000-IU-240-sgels.jpg","width":880,"height":880,"caption":"NOW FOODS Vitamin D3 4000 IU (240 sgels)"},{"@type":"BreadcrumbList","@id":"https:\/\/ecosupplements.ch\/?product=now-foods-vitamin-d3-4000-iu-240-sgels#breadcrumb","itemListElement":[{"@type":"ListItem","position":1,"name":"Home","item":"https:\/\/ecosupplements.ch\/"},{"@type":"ListItem","position":2,"name":"Shop","item":"https:\/\/ecosupplements.ch\/?page_id=14"},{"@type":"ListItem","position":3,"name":"NOW FOODS Vitamin D3 4000 IU (240 sgels)"}]},{"@type":"WebSite","@id":"https:\/\/ecosupplements.ch\/#website","url":"https:\/\/ecosupplements.ch\/","name":"Eco Supplements","description":"","potentialAction":[{"@type":"SearchAction","target":{"@type":"EntryPoint","urlTemplate":"https:\/\/ecosupplements.ch\/?s={search_term_string}"},"query-input":{"@type":"PropertyValueSpecification","valueRequired":true,"valueName":"search_term_string"}}],"inLanguage":"de-CH"}]},"product_price_amount":"15.78","product_price_currency":"CHF","og_availability":"out of stock","product_availability":"out of stock","product_retailer_item_id":"733739903730","product_condition":"new"},"_links":{"self":[{"href":"https:\/\/ecosupplements.ch\/index.php?rest_route=\/wp\/v2\/product\/6471","targetHints":{"allow":["GET"]}}],"collection":[{"href":"https:\/\/ecosupplements.ch\/index.php?rest_route=\/wp\/v2\/product"}],"about":[{"href":"https:\/\/ecosupplements.ch\/index.php?rest_route=\/wp\/v2\/types\/product"}],"replies":[{"embeddable":true,"href":"https:\/\/ecosupplements.ch\/index.php?rest_route=%2Fwp%2Fv2%2Fcomments&post=6471"}],"wp:featuredmedia":[{"embeddable":true,"href":"https:\/\/ecosupplements.ch\/index.php?rest_route=\/wp\/v2\/media\/6472"}],"wp:attachment":[{"href":"https:\/\/ecosupplements.ch\/index.php?rest_route=%2Fwp%2Fv2%2Fmedia&parent=6471"}],"wp:term":[{"taxonomy":"product_brand","embeddable":true,"href":"https:\/\/ecosupplements.ch\/index.php?rest_route=%2Fwp%2Fv2%2Fproduct_brand&post=6471"},{"taxonomy":"product_cat","embeddable":true,"href":"https:\/\/ecosupplements.ch\/index.php?rest_route=%2Fwp%2Fv2%2Fproduct_cat&post=6471"},{"taxonomy":"product_tag","embeddable":true,"href":"https:\/\/ecosupplements.ch\/index.php?rest_route=%2Fwp%2Fv2%2Fproduct_tag&post=6471"}],"curies":[{"name":"wp","href":"https:\/\/api.w.org\/{rel}","templated":true}]}}