{"id":6493,"date":"2026-05-11T15:15:19","date_gmt":"2026-05-11T15:15:19","guid":{"rendered":"https:\/\/ecosupplements.ch\/?product=osavi-sodium-butyrate-120-caps"},"modified":"2026-05-13T07:28:26","modified_gmt":"2026-05-13T07:28:26","slug":"osavi-sodium-butyrate-120-caps","status":"publish","type":"product","link":"https:\/\/ecosupplements.ch\/?product=osavi-sodium-butyrate-120-caps","title":{"rendered":"OSAVI Sodium butyrate (120 caps)"},"content":{"rendered":"<div class=\"chcg-product-description\">\n<h2 class=\"chcg-heading\">\u00dcber OSAVI \u2013 Sodium Butyrate \u2013 120 Kapseln<\/h2>\n<div class=\"chcg-intro\">\n<p>Natriumbutyrat ist das Natriumsalz der Butters\u00e4ure, einer kurzkettigen Fetts\u00e4ure, die auf nat\u00fcrliche Weise durch die Fermentation von Ballaststoffen im Dickdarm entsteht. Jede Tagesdosis (2 Kapseln) liefert 960 mg Natriumbutyrat, davon 768 mg Butters\u00e4ure \u2013 in einer praktischen, magensaftresistenten HPMC-Kapsel, die einen pr\u00e4zisen Wirkstoffgehalt sicherstellt.<\/p>\n<p>OSAVI steht f\u00fcr transparente Rezepturen ohne unn\u00f6tige Zusatzstoffe. Die Kapseln sind frei von Gluten, Laktose, Soja und Palm\u00f6l und werden ohne den Einsatz von Gentechnik hergestellt \u2013 ideal f\u00fcr Personen, die auf eine saubere und klare Zusammensetzung Wert legen.<\/p>\n<p>Als Nahrungserg\u00e4nzungsmittel in Kapselform ist dieses Produkt einfach in den Alltag zu integrieren und eignet sich sowohl f\u00fcr vegane als auch f\u00fcr vegetarische Ern\u00e4hrungsweisen.<\/p>\n<\/p><\/div>\n<div class=\"chcg-nutrition\">\n<h3>N\u00e4hrwertangaben<\/h3>\n<table class=\"chcg-nutrition-table\">\n<thead>\n<tr>\n<th>N\u00e4hrstoff<\/th>\n<th>Pro Portion (2 Kapseln)<\/th>\n<\/tr>\n<\/thead>\n<tbody>\n<tr>\n<td>Natriumbutyrat<\/td>\n<td>960 mg<\/td>\n<\/tr>\n<tr>\n<td>\u2013 davon Butters\u00e4ure<\/td>\n<td>768 mg<\/td>\n<\/tr>\n<\/tbody>\n<\/table>\n<p class=\"chcg-footnote\">* F\u00fcr diese Stoffe ist kein N\u00e4hrstoffbezugswert (NRV) festgelegt.<\/p>\n<\/p><\/div>\n<div class=\"chcg-ingredients\">\n<h3>Zutaten<\/h3>\n<p>Natriumbutyrat, H\u00fclle (Hydroxypropylmethylcellulose), F\u00fcllstoff: Cellulose, Verdickungsmittel: Hydroxypropylmethylcellulose, \u00dcberzugsmittel: Ethylcellulose.<\/p>\n<p class=\"chcg-capsule-shell\">Kapselh\u00fclle: Hydroxypropylmethylcellulose (HPMC)<\/p>\n<\/p><\/div>\n<div class=\"chcg-dosage\">\n<h3>Verzehrempfehlung<\/h3>\n<p>Die Kapsel mit einem Glas Wasser schlucken. Empfohlen wird die Einnahme von 1 Kapsel zweimal t\u00e4glich (1 morgens, 1 abends), jeweils nach einer Mahlzeit. Empfohlene Tagesdosis: 2 Kapseln.<\/p>\n<\/p><\/div>\n<div class=\"chcg-warnings\">\n<h3>Warnhinweise<\/h3>\n<p>Die empfohlene Tagesdosis darf nicht \u00fcberschritten werden. Vor der Einnahme dieses Produkts ist bei Kinderwunsch, w\u00e4hrend der Schwangerschaft, in der Stillzeit, bei \u00e4rztlicher Behandlung oder bei Lebensmittelallergien R\u00fccksprache mit einem Apotheker oder Arzt zu halten. Nicht f\u00fcr Kinder geeignet. Nahrungserg\u00e4nzungsmittel sollten nicht als Ersatz f\u00fcr eine ausgewogene Ern\u00e4hrung verwendet werden. Eine abwechslungsreiche Ern\u00e4hrung und ein gesunder Lebensstil sind wichtig, um die normale Gesundheit zu erhalten.<\/p>\n<\/p><\/div>\n<div class=\"chcg-allergens\">\n<h3>Allergeninformationen<\/h3>\n<p>Frei von Gluten, Laktose, Soja, Palm\u00f6l und gentechnisch ver\u00e4nderten Organismen (GVO). Keine g\u00e4ngigen Allergene deklariert.<\/p>\n<\/p><\/div>\n<div class=\"chcg-storage\">\n<h3>Lagerung<\/h3>\n<p>An einem dunklen und trockenen Ort bei Raumtemperatur lagern. Ausserhalb der Reichweite von Kleinkindern aufbewahren.<\/p>\n<\/p><\/div>\n<div class=\"chcg-dietary\">\n<h3>Ern\u00e4hrungshinweise<\/h3>\n<ul>\n<li>Vegan<\/li>\n<li>Vegetarisch<\/li>\n<li>Glutenfrei<\/li>\n<li>Laktosefrei<\/li>\n<\/ul><\/div>\n<\/div>\n","protected":false},"excerpt":{"rendered":"<p>OSAVI Sodium Butyrate liefert 960 mg Natriumbutyrat pro Tagesdosis in veganen HPMC-Kapseln. Die Packung enth\u00e4lt 120 Kapseln \u2013 frei von Gluten, Laktose, Soja und Palm\u00f6l.<\/p>\n","protected":false},"featured_media":6494,"comment_status":"closed","ping_status":"open","template":"","meta":[],"product_brand":[219],"product_cat":[25,21],"product_tag":[],"class_list":{"0":"post-6493","1":"product","2":"type-product","3":"status-publish","4":"has-post-thumbnail","6":"product_brand-osavi","7":"product_cat-gesundheit-und-wohlbefinden","8":"product_cat-vitamine-und-mineralstoffe","10":"first","11":"outofstock","12":"taxable","13":"shipping-taxable","14":"purchasable","15":"product-type-simple"},"yoast_head":"<!-- This site is optimized with the Yoast SEO plugin v27.5 - https:\/\/yoast.com\/product\/yoast-seo-wordpress\/ -->\n<title>OSAVI Sodium Butyrate 120 Kapseln | ecosupplements.ch<\/title>\n<meta name=\"description\" content=\"OSAVI Sodium Butyrate \u2013 960 mg Natriumbutyrat pro Tagesdosis, 120 vegane Kapseln, glutenfrei und ohne Zusatzstoffe. Jetzt bestellen.\" \/>\n<meta name=\"robots\" content=\"index, follow, max-snippet:-1, max-image-preview:large, max-video-preview:-1\" \/>\n<link rel=\"canonical\" href=\"https:\/\/ecosupplements.ch\/?product=osavi-sodium-butyrate-120-caps\" \/>\n<meta property=\"og:locale\" content=\"de_DE\" \/>\n<meta property=\"og:type\" content=\"article\" \/>\n<meta property=\"og:title\" content=\"OSAVI Sodium Butyrate 120 Kapseln | ecosupplements.ch\" \/>\n<meta property=\"og:description\" content=\"OSAVI Sodium Butyrate \u2013 960 mg Natriumbutyrat pro Tagesdosis, 120 vegane Kapseln, glutenfrei und ohne Zusatzstoffe. Jetzt bestellen.\" \/>\n<meta property=\"og:url\" content=\"https:\/\/ecosupplements.ch\/?product=osavi-sodium-butyrate-120-caps\" \/>\n<meta property=\"og:site_name\" content=\"Eco Supplements\" \/>\n<meta property=\"article:modified_time\" content=\"2026-05-13T07:28:26+00:00\" \/>\n<meta property=\"og:image\" content=\"https:\/\/ecosupplements.ch\/wp-content\/uploads\/2026\/05\/OSAVI-Sodium-butyrate-120-caps.jpg\" \/>\n\t<meta property=\"og:image:width\" content=\"1080\" \/>\n\t<meta property=\"og:image:height\" content=\"1080\" \/>\n\t<meta property=\"og:image:type\" content=\"image\/jpeg\" \/>\n<meta name=\"twitter:card\" content=\"summary_large_image\" \/>\n<meta name=\"twitter:label1\" content=\"Price\" \/>\n\t<meta name=\"twitter:data1\" content=\"&#067;&#072;&#070;&nbsp;18.81\" \/>\n\t<meta name=\"twitter:label2\" content=\"Availability\" \/>\n\t<meta name=\"twitter:data2\" content=\"Out of stock\" \/>\n<script type=\"application\/ld+json\" class=\"yoast-schema-graph\">{\"@context\":\"https:\\\/\\\/schema.org\",\"@graph\":[{\"@type\":\"WebPage\",\"@id\":\"https:\\\/\\\/ecosupplements.ch\\\/?product=osavi-sodium-butyrate-120-caps\",\"url\":\"https:\\\/\\\/ecosupplements.ch\\\/?product=osavi-sodium-butyrate-120-caps\",\"name\":\"OSAVI Sodium Butyrate 120 Kapseln | ecosupplements.ch\",\"isPartOf\":{\"@id\":\"https:\\\/\\\/ecosupplements.ch\\\/#website\"},\"primaryImageOfPage\":{\"@id\":\"https:\\\/\\\/ecosupplements.ch\\\/?product=osavi-sodium-butyrate-120-caps#primaryimage\"},\"image\":{\"@id\":\"https:\\\/\\\/ecosupplements.ch\\\/?product=osavi-sodium-butyrate-120-caps#primaryimage\"},\"thumbnailUrl\":\"https:\\\/\\\/ecosupplements.ch\\\/wp-content\\\/uploads\\\/2026\\\/05\\\/OSAVI-Sodium-butyrate-120-caps.jpg\",\"datePublished\":\"2026-05-11T15:15:19+00:00\",\"dateModified\":\"2026-05-13T07:28:26+00:00\",\"description\":\"OSAVI Sodium Butyrate \u2013 960 mg Natriumbutyrat pro Tagesdosis, 120 vegane Kapseln, glutenfrei und ohne Zusatzstoffe. Jetzt bestellen.\",\"breadcrumb\":{\"@id\":\"https:\\\/\\\/ecosupplements.ch\\\/?product=osavi-sodium-butyrate-120-caps#breadcrumb\"},\"inLanguage\":\"de-CH\",\"potentialAction\":[{\"@type\":\"ReadAction\",\"target\":[\"https:\\\/\\\/ecosupplements.ch\\\/?product=osavi-sodium-butyrate-120-caps\"]}]},{\"@type\":\"ImageObject\",\"inLanguage\":\"de-CH\",\"@id\":\"https:\\\/\\\/ecosupplements.ch\\\/?product=osavi-sodium-butyrate-120-caps#primaryimage\",\"url\":\"https:\\\/\\\/ecosupplements.ch\\\/wp-content\\\/uploads\\\/2026\\\/05\\\/OSAVI-Sodium-butyrate-120-caps.jpg\",\"contentUrl\":\"https:\\\/\\\/ecosupplements.ch\\\/wp-content\\\/uploads\\\/2026\\\/05\\\/OSAVI-Sodium-butyrate-120-caps.jpg\",\"width\":1080,\"height\":1080,\"caption\":\"OSAVI Sodium butyrate (120 caps)\"},{\"@type\":\"BreadcrumbList\",\"@id\":\"https:\\\/\\\/ecosupplements.ch\\\/?product=osavi-sodium-butyrate-120-caps#breadcrumb\",\"itemListElement\":[{\"@type\":\"ListItem\",\"position\":1,\"name\":\"Home\",\"item\":\"https:\\\/\\\/ecosupplements.ch\\\/\"},{\"@type\":\"ListItem\",\"position\":2,\"name\":\"Shop\",\"item\":\"https:\\\/\\\/ecosupplements.ch\\\/?page_id=14\"},{\"@type\":\"ListItem\",\"position\":3,\"name\":\"OSAVI Sodium butyrate (120 caps)\"}]},{\"@type\":\"WebSite\",\"@id\":\"https:\\\/\\\/ecosupplements.ch\\\/#website\",\"url\":\"https:\\\/\\\/ecosupplements.ch\\\/\",\"name\":\"Eco Supplements\",\"description\":\"\",\"potentialAction\":[{\"@type\":\"SearchAction\",\"target\":{\"@type\":\"EntryPoint\",\"urlTemplate\":\"https:\\\/\\\/ecosupplements.ch\\\/?s={search_term_string}\"},\"query-input\":{\"@type\":\"PropertyValueSpecification\",\"valueRequired\":true,\"valueName\":\"search_term_string\"}}],\"inLanguage\":\"de-CH\"}]}<\/script>\n<meta property=\"product:price:amount\" content=\"18.81\" \/>\n<meta property=\"product:price:currency\" content=\"CHF\" \/>\n<meta property=\"og:availability\" content=\"out of stock\" \/>\n<meta property=\"product:availability\" content=\"out of stock\" \/>\n<meta property=\"product:retailer_item_id\" content=\"5904139924594\" \/>\n<meta property=\"product:condition\" content=\"new\" \/>\n<!-- \/ Yoast SEO plugin. -->","yoast_head_json":{"title":"OSAVI Sodium Butyrate 120 Kapseln | ecosupplements.ch","description":"OSAVI Sodium Butyrate \u2013 960 mg Natriumbutyrat pro Tagesdosis, 120 vegane Kapseln, glutenfrei und ohne Zusatzstoffe. Jetzt bestellen.","robots":{"index":"index","follow":"follow","max-snippet":"max-snippet:-1","max-image-preview":"max-image-preview:large","max-video-preview":"max-video-preview:-1"},"canonical":"https:\/\/ecosupplements.ch\/?product=osavi-sodium-butyrate-120-caps","og_locale":"de_DE","og_type":"article","og_title":"OSAVI Sodium Butyrate 120 Kapseln | ecosupplements.ch","og_description":"OSAVI Sodium Butyrate \u2013 960 mg Natriumbutyrat pro Tagesdosis, 120 vegane Kapseln, glutenfrei und ohne Zusatzstoffe. Jetzt bestellen.","og_url":"https:\/\/ecosupplements.ch\/?product=osavi-sodium-butyrate-120-caps","og_site_name":"Eco Supplements","article_modified_time":"2026-05-13T07:28:26+00:00","og_image":[{"width":1080,"height":1080,"url":"https:\/\/ecosupplements.ch\/wp-content\/uploads\/2026\/05\/OSAVI-Sodium-butyrate-120-caps.jpg","type":"image\/jpeg"}],"twitter_card":"summary_large_image","twitter_misc":{"Price":"&#67;&#72;&#70;&nbsp;18.81","Availability":"Out of stock"},"schema":{"@context":"https:\/\/schema.org","@graph":[{"@type":"WebPage","@id":"https:\/\/ecosupplements.ch\/?product=osavi-sodium-butyrate-120-caps","url":"https:\/\/ecosupplements.ch\/?product=osavi-sodium-butyrate-120-caps","name":"OSAVI Sodium Butyrate 120 Kapseln | ecosupplements.ch","isPartOf":{"@id":"https:\/\/ecosupplements.ch\/#website"},"primaryImageOfPage":{"@id":"https:\/\/ecosupplements.ch\/?product=osavi-sodium-butyrate-120-caps#primaryimage"},"image":{"@id":"https:\/\/ecosupplements.ch\/?product=osavi-sodium-butyrate-120-caps#primaryimage"},"thumbnailUrl":"https:\/\/ecosupplements.ch\/wp-content\/uploads\/2026\/05\/OSAVI-Sodium-butyrate-120-caps.jpg","datePublished":"2026-05-11T15:15:19+00:00","dateModified":"2026-05-13T07:28:26+00:00","description":"OSAVI Sodium Butyrate \u2013 960 mg Natriumbutyrat pro Tagesdosis, 120 vegane Kapseln, glutenfrei und ohne Zusatzstoffe. Jetzt bestellen.","breadcrumb":{"@id":"https:\/\/ecosupplements.ch\/?product=osavi-sodium-butyrate-120-caps#breadcrumb"},"inLanguage":"de-CH","potentialAction":[{"@type":"ReadAction","target":["https:\/\/ecosupplements.ch\/?product=osavi-sodium-butyrate-120-caps"]}]},{"@type":"ImageObject","inLanguage":"de-CH","@id":"https:\/\/ecosupplements.ch\/?product=osavi-sodium-butyrate-120-caps#primaryimage","url":"https:\/\/ecosupplements.ch\/wp-content\/uploads\/2026\/05\/OSAVI-Sodium-butyrate-120-caps.jpg","contentUrl":"https:\/\/ecosupplements.ch\/wp-content\/uploads\/2026\/05\/OSAVI-Sodium-butyrate-120-caps.jpg","width":1080,"height":1080,"caption":"OSAVI Sodium butyrate (120 caps)"},{"@type":"BreadcrumbList","@id":"https:\/\/ecosupplements.ch\/?product=osavi-sodium-butyrate-120-caps#breadcrumb","itemListElement":[{"@type":"ListItem","position":1,"name":"Home","item":"https:\/\/ecosupplements.ch\/"},{"@type":"ListItem","position":2,"name":"Shop","item":"https:\/\/ecosupplements.ch\/?page_id=14"},{"@type":"ListItem","position":3,"name":"OSAVI Sodium butyrate (120 caps)"}]},{"@type":"WebSite","@id":"https:\/\/ecosupplements.ch\/#website","url":"https:\/\/ecosupplements.ch\/","name":"Eco Supplements","description":"","potentialAction":[{"@type":"SearchAction","target":{"@type":"EntryPoint","urlTemplate":"https:\/\/ecosupplements.ch\/?s={search_term_string}"},"query-input":{"@type":"PropertyValueSpecification","valueRequired":true,"valueName":"search_term_string"}}],"inLanguage":"de-CH"}]},"product_price_amount":"18.81","product_price_currency":"CHF","og_availability":"out of stock","product_availability":"out of stock","product_retailer_item_id":"5904139924594","product_condition":"new"},"_links":{"self":[{"href":"https:\/\/ecosupplements.ch\/index.php?rest_route=\/wp\/v2\/product\/6493","targetHints":{"allow":["GET"]}}],"collection":[{"href":"https:\/\/ecosupplements.ch\/index.php?rest_route=\/wp\/v2\/product"}],"about":[{"href":"https:\/\/ecosupplements.ch\/index.php?rest_route=\/wp\/v2\/types\/product"}],"replies":[{"embeddable":true,"href":"https:\/\/ecosupplements.ch\/index.php?rest_route=%2Fwp%2Fv2%2Fcomments&post=6493"}],"wp:featuredmedia":[{"embeddable":true,"href":"https:\/\/ecosupplements.ch\/index.php?rest_route=\/wp\/v2\/media\/6494"}],"wp:attachment":[{"href":"https:\/\/ecosupplements.ch\/index.php?rest_route=%2Fwp%2Fv2%2Fmedia&parent=6493"}],"wp:term":[{"taxonomy":"product_brand","embeddable":true,"href":"https:\/\/ecosupplements.ch\/index.php?rest_route=%2Fwp%2Fv2%2Fproduct_brand&post=6493"},{"taxonomy":"product_cat","embeddable":true,"href":"https:\/\/ecosupplements.ch\/index.php?rest_route=%2Fwp%2Fv2%2Fproduct_cat&post=6493"},{"taxonomy":"product_tag","embeddable":true,"href":"https:\/\/ecosupplements.ch\/index.php?rest_route=%2Fwp%2Fv2%2Fproduct_tag&post=6493"}],"curies":[{"name":"wp","href":"https:\/\/api.w.org\/{rel}","templated":true}]}}