{"id":6505,"date":"2026-05-11T15:15:25","date_gmt":"2026-05-11T15:15:25","guid":{"rendered":"https:\/\/ecosupplements.ch\/?product=osavi-methylfolate-metyl-b12-120-vcaps"},"modified":"2026-05-13T07:28:26","modified_gmt":"2026-05-13T07:28:26","slug":"osavi-methylfolate-metyl-b12-120-vcaps","status":"publish","type":"product","link":"https:\/\/ecosupplements.ch\/?product=osavi-methylfolate-metyl-b12-120-vcaps","title":{"rendered":"OSAVI Methylfolate &amp; Metyl-B12 (120 vcaps)"},"content":{"rendered":"<div class=\"chcg-product-description\">\n<h2 class=\"chcg-heading\">\u00dcber OSAVI \u2013 Methylfolate &amp; Methyl-B12 (120 vcaps)<\/h2>\n<div class=\"chcg-intro\">\n<p>OSAVI Methylfolate &amp; Methyl-B12 kombiniert drei wichtige B-Vitamine in einer einzigen veganen Kapsel: Vitamin B6 in seiner aktiven Form Pyridoxal-5&#8242;-Phosphat, Fols\u00e4ure als hochwirksames Quatrefolic\u00ae sowie Vitamin B12 als Methylcobalamin. Diese bioaktiven Formen werden vom K\u00f6rper direkt aufgenommen und m\u00fcssen nicht erst umgewandelt werden \u2013 ein entscheidender Vorteil gegen\u00fcber herk\u00f6mmlichen Supplementen.<\/p>\n<p>Vitamin B6, Fols\u00e4ure und Vitamin B12 tragen zur normalen Funktion des Homocystein-Stoffwechsels bei. Zudem unterst\u00fctzen sie die normale psychische Funktion, die Funktion des Nervensystems sowie die Verringerung von M\u00fcdigkeit und Ersch\u00f6pfung. Vitamin B12 tr\u00e4gt ausserdem zur normalen Bildung roter Blutk\u00f6rperchen und zur normalen Funktion des Immunsystems bei.<\/p>\n<p>Das Produkt ist vegan, glutenfrei und laktosefrei formuliert und enth\u00e4lt keine Gelatine. Mit Inulin und Reisfaser als F\u00fcllstoffe und einer Kapselh\u00fclle aus Hydroxypropylmethylcellulose (HPMC) eignet es sich f\u00fcr Menschen mit einem veganen oder vegetarischen Lebensstil.<\/p>\n<\/p><\/div>\n<div class=\"chcg-nutrition\">\n<h3>N\u00e4hrwertangaben<\/h3>\n<table class=\"chcg-nutrition-table\">\n<thead>\n<tr>\n<th>N\u00e4hrstoff<\/th>\n<th>Pro Portion (1 Kapsel)<\/th>\n<\/tr>\n<\/thead>\n<tbody>\n<tr>\n<td>Energie<\/td>\n<td>3 kJ \/ 1 kcal<\/td>\n<\/tr>\n<tr>\n<td>Ballaststoffe<\/td>\n<td>0.3 g<\/td>\n<\/tr>\n<tr>\n<td>Vitamin B6 (Pyridoxal-5&#8242;-Phosphat)<\/td>\n<td>2.8 mg (200% NRV*)<\/td>\n<\/tr>\n<tr>\n<td>Fols\u00e4ure (Quatrefolic\u00ae)<\/td>\n<td>400 mcg (200% NRV*)<\/td>\n<\/tr>\n<tr>\n<td>Vitamin B12 (Methylcobalamin)<\/td>\n<td>100 mcg (4000% NRV*)<\/td>\n<\/tr>\n<\/tbody>\n<\/table>\n<p class=\"chcg-footnote\">* NRV = N\u00e4hrstoff-Referenzwert (Nutrient Reference Value)<\/p>\n<\/p><\/div>\n<div class=\"chcg-ingredients\">\n<h3>Zutaten<\/h3>\n<p>Inulin, Kapselh\u00fclle (Hydroxypropylmethylcellulose), Reisfaser, Pyridoxal-5&#8242;-Phosphat, (6S)-5-Methyltetrahydrofols\u00e4ure-Glucosaminsalz (Quatrefolic\u00ae), Methylcobalamin.<\/p>\n<p class=\"chcg-capsule-shell\">Kapselh\u00fclle: Hydroxypropylmethylcellulose (HPMC)<\/p>\n<\/p><\/div>\n<div class=\"chcg-dosage\">\n<h3>Verzehrempfehlung<\/h3>\n<p>1 Kapsel pro Tag. Die Kapsel mit Wasser schlucken. Es wird empfohlen, die Kapsel morgens einzunehmen.<\/p>\n<\/p><\/div>\n<div class=\"chcg-warnings\">\n<h3>Warnhinweise<\/h3>\n<p>Die empfohlene Tagesdosis nicht \u00fcberschreiten. Nahrungserg\u00e4nzungsmittel sollten nicht als Ersatz f\u00fcr eine abwechslungsreiche und ausgewogene Ern\u00e4hrung verwendet werden. Eine abwechslungsreiche Ern\u00e4hrung und ein gesunder Lebensstil sollten zur Erhaltung der normalen Gesundheit beibehalten werden.<\/p>\n<\/p><\/div>\n<div class=\"chcg-allergens\">\n<h3>Allergeninformationen<\/h3>\n<p>Kein Gluten, keine Laktose, kein Soja. Kann Allergene enthalten (gem\u00e4ss Angaben des polnischen Distributors). Frei von GVO.<\/p>\n<\/p><\/div>\n<div class=\"chcg-storage\">\n<h3>Lagerung<\/h3>\n<p>An einem dunklen und trockenen Ort bei Raumtemperatur lagern. Ausserhalb der Reichweite von Kleinkindern aufbewahren.<\/p>\n<\/p><\/div>\n<div class=\"chcg-dietary\">\n<h3>Ern\u00e4hrungshinweise<\/h3>\n<ul>\n<li>Vegan<\/li>\n<li>Vegetarisch<\/li>\n<li>Glutenfrei<\/li>\n<li>Laktosefrei<\/li>\n<\/ul><\/div>\n<\/div>\n","protected":false},"excerpt":{"rendered":"<p>OSAVI Methylfolate &amp; Methyl-B12 liefert Vitamin B6, Fols\u00e4ure (Quatrefolic\u00ae) und Vitamin B12 in bioaktiven Formen zur Unterst\u00fctzung des normalen Nervensystems und Stoffwechsels. 120 vegane Kapseln, glutenfrei und laktosefrei.<\/p>\n","protected":false},"featured_media":6506,"comment_status":"closed","ping_status":"open","template":"","meta":[],"product_brand":[219],"product_cat":[118,27,114,26,28,31,21],"product_tag":[],"class_list":{"0":"post-6505","1":"product","2":"type-product","3":"status-publish","4":"has-post-thumbnail","6":"product_brand-osavi","7":"product_cat-b12","8":"product_cat-einige-vitamine","9":"product_cat-folsaeure","10":"product_cat-multivitamine","11":"product_cat-vitamin-b","12":"product_cat-vitamin-k","13":"product_cat-vitamine-und-mineralstoffe","15":"first","16":"outofstock","17":"taxable","18":"shipping-taxable","19":"purchasable","20":"product-type-simple"},"yoast_head":"<!-- This site is optimized with the Yoast SEO plugin v27.5 - https:\/\/yoast.com\/product\/yoast-seo-wordpress\/ -->\n<title>OSAVI Methylfolate &amp; Methyl-B12 120 vcaps | ecosupplements.ch<\/title>\n<meta name=\"description\" content=\"Bioaktives B6, Fols\u00e4ure &amp; B12 in einer veganen Kapsel \u2013 f\u00fcr normalen Stoffwechsel und Nervenfunktion. 120 Kapseln. Jetzt bestellen.\" \/>\n<meta name=\"robots\" content=\"index, follow, max-snippet:-1, max-image-preview:large, max-video-preview:-1\" \/>\n<link rel=\"canonical\" href=\"https:\/\/ecosupplements.ch\/?product=osavi-methylfolate-metyl-b12-120-vcaps\" \/>\n<meta property=\"og:locale\" content=\"de_DE\" \/>\n<meta property=\"og:type\" content=\"article\" \/>\n<meta property=\"og:title\" content=\"OSAVI Methylfolate &amp; Methyl-B12 120 vcaps | ecosupplements.ch\" \/>\n<meta property=\"og:description\" content=\"Bioaktives B6, Fols\u00e4ure &amp; B12 in einer veganen Kapsel \u2013 f\u00fcr normalen Stoffwechsel und Nervenfunktion. 120 Kapseln. Jetzt bestellen.\" \/>\n<meta property=\"og:url\" content=\"https:\/\/ecosupplements.ch\/?product=osavi-methylfolate-metyl-b12-120-vcaps\" \/>\n<meta property=\"og:site_name\" content=\"Eco Supplements\" \/>\n<meta property=\"article:modified_time\" content=\"2026-05-13T07:28:26+00:00\" \/>\n<meta property=\"og:image\" content=\"https:\/\/ecosupplements.ch\/wp-content\/uploads\/2026\/05\/OSAVI-Methylfolate-Metyl-B12-120-vcaps.jpg\" \/>\n\t<meta property=\"og:image:width\" content=\"650\" \/>\n\t<meta property=\"og:image:height\" content=\"650\" \/>\n\t<meta property=\"og:image:type\" content=\"image\/jpeg\" \/>\n<meta name=\"twitter:card\" content=\"summary_large_image\" \/>\n<meta name=\"twitter:label1\" content=\"Price\" \/>\n\t<meta name=\"twitter:data1\" content=\"&#067;&#072;&#070;&nbsp;14.23\" \/>\n\t<meta name=\"twitter:label2\" content=\"Availability\" \/>\n\t<meta name=\"twitter:data2\" content=\"Out of stock\" \/>\n<script type=\"application\/ld+json\" class=\"yoast-schema-graph\">{\"@context\":\"https:\\\/\\\/schema.org\",\"@graph\":[{\"@type\":\"WebPage\",\"@id\":\"https:\\\/\\\/ecosupplements.ch\\\/?product=osavi-methylfolate-metyl-b12-120-vcaps\",\"url\":\"https:\\\/\\\/ecosupplements.ch\\\/?product=osavi-methylfolate-metyl-b12-120-vcaps\",\"name\":\"OSAVI Methylfolate & Methyl-B12 120 vcaps | ecosupplements.ch\",\"isPartOf\":{\"@id\":\"https:\\\/\\\/ecosupplements.ch\\\/#website\"},\"primaryImageOfPage\":{\"@id\":\"https:\\\/\\\/ecosupplements.ch\\\/?product=osavi-methylfolate-metyl-b12-120-vcaps#primaryimage\"},\"image\":{\"@id\":\"https:\\\/\\\/ecosupplements.ch\\\/?product=osavi-methylfolate-metyl-b12-120-vcaps#primaryimage\"},\"thumbnailUrl\":\"https:\\\/\\\/ecosupplements.ch\\\/wp-content\\\/uploads\\\/2026\\\/05\\\/OSAVI-Methylfolate-Metyl-B12-120-vcaps.jpg\",\"datePublished\":\"2026-05-11T15:15:25+00:00\",\"dateModified\":\"2026-05-13T07:28:26+00:00\",\"description\":\"Bioaktives B6, Fols\u00e4ure & B12 in einer veganen Kapsel \u2013 f\u00fcr normalen Stoffwechsel und Nervenfunktion. 120 Kapseln. Jetzt bestellen.\",\"breadcrumb\":{\"@id\":\"https:\\\/\\\/ecosupplements.ch\\\/?product=osavi-methylfolate-metyl-b12-120-vcaps#breadcrumb\"},\"inLanguage\":\"de-CH\",\"potentialAction\":[{\"@type\":\"ReadAction\",\"target\":[\"https:\\\/\\\/ecosupplements.ch\\\/?product=osavi-methylfolate-metyl-b12-120-vcaps\"]}]},{\"@type\":\"ImageObject\",\"inLanguage\":\"de-CH\",\"@id\":\"https:\\\/\\\/ecosupplements.ch\\\/?product=osavi-methylfolate-metyl-b12-120-vcaps#primaryimage\",\"url\":\"https:\\\/\\\/ecosupplements.ch\\\/wp-content\\\/uploads\\\/2026\\\/05\\\/OSAVI-Methylfolate-Metyl-B12-120-vcaps.jpg\",\"contentUrl\":\"https:\\\/\\\/ecosupplements.ch\\\/wp-content\\\/uploads\\\/2026\\\/05\\\/OSAVI-Methylfolate-Metyl-B12-120-vcaps.jpg\",\"width\":650,\"height\":650,\"caption\":\"OSAVI Methylfolate & Metyl-B12 (120 vcaps)\"},{\"@type\":\"BreadcrumbList\",\"@id\":\"https:\\\/\\\/ecosupplements.ch\\\/?product=osavi-methylfolate-metyl-b12-120-vcaps#breadcrumb\",\"itemListElement\":[{\"@type\":\"ListItem\",\"position\":1,\"name\":\"Home\",\"item\":\"https:\\\/\\\/ecosupplements.ch\\\/\"},{\"@type\":\"ListItem\",\"position\":2,\"name\":\"Shop\",\"item\":\"https:\\\/\\\/ecosupplements.ch\\\/?page_id=14\"},{\"@type\":\"ListItem\",\"position\":3,\"name\":\"OSAVI Methylfolate &amp; Metyl-B12 (120 vcaps)\"}]},{\"@type\":\"WebSite\",\"@id\":\"https:\\\/\\\/ecosupplements.ch\\\/#website\",\"url\":\"https:\\\/\\\/ecosupplements.ch\\\/\",\"name\":\"Eco Supplements\",\"description\":\"\",\"potentialAction\":[{\"@type\":\"SearchAction\",\"target\":{\"@type\":\"EntryPoint\",\"urlTemplate\":\"https:\\\/\\\/ecosupplements.ch\\\/?s={search_term_string}\"},\"query-input\":{\"@type\":\"PropertyValueSpecification\",\"valueRequired\":true,\"valueName\":\"search_term_string\"}}],\"inLanguage\":\"de-CH\"}]}<\/script>\n<meta property=\"product:price:amount\" content=\"14.23\" \/>\n<meta property=\"product:price:currency\" content=\"CHF\" \/>\n<meta property=\"og:availability\" content=\"out of stock\" \/>\n<meta property=\"product:availability\" content=\"out of stock\" \/>\n<meta property=\"product:retailer_item_id\" content=\"5904139921258\" \/>\n<meta property=\"product:condition\" content=\"new\" \/>\n<!-- \/ Yoast SEO plugin. -->","yoast_head_json":{"title":"OSAVI Methylfolate & Methyl-B12 120 vcaps | ecosupplements.ch","description":"Bioaktives B6, Fols\u00e4ure & B12 in einer veganen Kapsel \u2013 f\u00fcr normalen Stoffwechsel und Nervenfunktion. 120 Kapseln. Jetzt bestellen.","robots":{"index":"index","follow":"follow","max-snippet":"max-snippet:-1","max-image-preview":"max-image-preview:large","max-video-preview":"max-video-preview:-1"},"canonical":"https:\/\/ecosupplements.ch\/?product=osavi-methylfolate-metyl-b12-120-vcaps","og_locale":"de_DE","og_type":"article","og_title":"OSAVI Methylfolate & Methyl-B12 120 vcaps | ecosupplements.ch","og_description":"Bioaktives B6, Fols\u00e4ure & B12 in einer veganen Kapsel \u2013 f\u00fcr normalen Stoffwechsel und Nervenfunktion. 120 Kapseln. Jetzt bestellen.","og_url":"https:\/\/ecosupplements.ch\/?product=osavi-methylfolate-metyl-b12-120-vcaps","og_site_name":"Eco Supplements","article_modified_time":"2026-05-13T07:28:26+00:00","og_image":[{"width":650,"height":650,"url":"https:\/\/ecosupplements.ch\/wp-content\/uploads\/2026\/05\/OSAVI-Methylfolate-Metyl-B12-120-vcaps.jpg","type":"image\/jpeg"}],"twitter_card":"summary_large_image","twitter_misc":{"Price":"&#67;&#72;&#70;&nbsp;14.23","Availability":"Out of stock"},"schema":{"@context":"https:\/\/schema.org","@graph":[{"@type":"WebPage","@id":"https:\/\/ecosupplements.ch\/?product=osavi-methylfolate-metyl-b12-120-vcaps","url":"https:\/\/ecosupplements.ch\/?product=osavi-methylfolate-metyl-b12-120-vcaps","name":"OSAVI Methylfolate & Methyl-B12 120 vcaps | ecosupplements.ch","isPartOf":{"@id":"https:\/\/ecosupplements.ch\/#website"},"primaryImageOfPage":{"@id":"https:\/\/ecosupplements.ch\/?product=osavi-methylfolate-metyl-b12-120-vcaps#primaryimage"},"image":{"@id":"https:\/\/ecosupplements.ch\/?product=osavi-methylfolate-metyl-b12-120-vcaps#primaryimage"},"thumbnailUrl":"https:\/\/ecosupplements.ch\/wp-content\/uploads\/2026\/05\/OSAVI-Methylfolate-Metyl-B12-120-vcaps.jpg","datePublished":"2026-05-11T15:15:25+00:00","dateModified":"2026-05-13T07:28:26+00:00","description":"Bioaktives B6, Fols\u00e4ure & B12 in einer veganen Kapsel \u2013 f\u00fcr normalen Stoffwechsel und Nervenfunktion. 120 Kapseln. Jetzt bestellen.","breadcrumb":{"@id":"https:\/\/ecosupplements.ch\/?product=osavi-methylfolate-metyl-b12-120-vcaps#breadcrumb"},"inLanguage":"de-CH","potentialAction":[{"@type":"ReadAction","target":["https:\/\/ecosupplements.ch\/?product=osavi-methylfolate-metyl-b12-120-vcaps"]}]},{"@type":"ImageObject","inLanguage":"de-CH","@id":"https:\/\/ecosupplements.ch\/?product=osavi-methylfolate-metyl-b12-120-vcaps#primaryimage","url":"https:\/\/ecosupplements.ch\/wp-content\/uploads\/2026\/05\/OSAVI-Methylfolate-Metyl-B12-120-vcaps.jpg","contentUrl":"https:\/\/ecosupplements.ch\/wp-content\/uploads\/2026\/05\/OSAVI-Methylfolate-Metyl-B12-120-vcaps.jpg","width":650,"height":650,"caption":"OSAVI Methylfolate & Metyl-B12 (120 vcaps)"},{"@type":"BreadcrumbList","@id":"https:\/\/ecosupplements.ch\/?product=osavi-methylfolate-metyl-b12-120-vcaps#breadcrumb","itemListElement":[{"@type":"ListItem","position":1,"name":"Home","item":"https:\/\/ecosupplements.ch\/"},{"@type":"ListItem","position":2,"name":"Shop","item":"https:\/\/ecosupplements.ch\/?page_id=14"},{"@type":"ListItem","position":3,"name":"OSAVI Methylfolate &amp; Metyl-B12 (120 vcaps)"}]},{"@type":"WebSite","@id":"https:\/\/ecosupplements.ch\/#website","url":"https:\/\/ecosupplements.ch\/","name":"Eco Supplements","description":"","potentialAction":[{"@type":"SearchAction","target":{"@type":"EntryPoint","urlTemplate":"https:\/\/ecosupplements.ch\/?s={search_term_string}"},"query-input":{"@type":"PropertyValueSpecification","valueRequired":true,"valueName":"search_term_string"}}],"inLanguage":"de-CH"}]},"product_price_amount":"14.23","product_price_currency":"CHF","og_availability":"out of stock","product_availability":"out of stock","product_retailer_item_id":"5904139921258","product_condition":"new"},"_links":{"self":[{"href":"https:\/\/ecosupplements.ch\/index.php?rest_route=\/wp\/v2\/product\/6505","targetHints":{"allow":["GET"]}}],"collection":[{"href":"https:\/\/ecosupplements.ch\/index.php?rest_route=\/wp\/v2\/product"}],"about":[{"href":"https:\/\/ecosupplements.ch\/index.php?rest_route=\/wp\/v2\/types\/product"}],"replies":[{"embeddable":true,"href":"https:\/\/ecosupplements.ch\/index.php?rest_route=%2Fwp%2Fv2%2Fcomments&post=6505"}],"wp:featuredmedia":[{"embeddable":true,"href":"https:\/\/ecosupplements.ch\/index.php?rest_route=\/wp\/v2\/media\/6506"}],"wp:attachment":[{"href":"https:\/\/ecosupplements.ch\/index.php?rest_route=%2Fwp%2Fv2%2Fmedia&parent=6505"}],"wp:term":[{"taxonomy":"product_brand","embeddable":true,"href":"https:\/\/ecosupplements.ch\/index.php?rest_route=%2Fwp%2Fv2%2Fproduct_brand&post=6505"},{"taxonomy":"product_cat","embeddable":true,"href":"https:\/\/ecosupplements.ch\/index.php?rest_route=%2Fwp%2Fv2%2Fproduct_cat&post=6505"},{"taxonomy":"product_tag","embeddable":true,"href":"https:\/\/ecosupplements.ch\/index.php?rest_route=%2Fwp%2Fv2%2Fproduct_tag&post=6505"}],"curies":[{"name":"wp","href":"https:\/\/api.w.org\/{rel}","templated":true}]}}