{"id":6507,"date":"2026-05-11T15:15:26","date_gmt":"2026-05-11T15:15:26","guid":{"rendered":"https:\/\/ecosupplements.ch\/?product=osavi-methylfolate-metyl-b12-60-vcaps"},"modified":"2026-05-13T07:28:26","modified_gmt":"2026-05-13T07:28:26","slug":"osavi-methylfolate-metyl-b12-60-vcaps","status":"publish","type":"product","link":"https:\/\/ecosupplements.ch\/?product=osavi-methylfolate-metyl-b12-60-vcaps","title":{"rendered":"OSAVI Methylfolate &amp; Metyl-B12 (60 vcaps)"},"content":{"rendered":"<div class=\"chcg-product-description\">\n<h2 class=\"chcg-heading\">\u00dcber OSAVI \u2013 Methylfolate &amp; Metyl-B12 (60 vcaps)<\/h2>\n<div class=\"chcg-intro\">\n<p>OSAVI Methylfolate &amp; Metyl-B12 kombiniert drei aktive B-Vitamine in einer einzigen veganen Kapsel: Vitamin B6 als Pyridoxal-5&#8242;-phosphat, Fols\u00e4ure in der hochbioverf\u00fcgbaren Quatrefolic\u00ae-Form sowie Vitamin B12 als Methylcobalamin. Diese bioaktiven Formen werden vom K\u00f6rper direkt verwertet und m\u00fcssen nicht erst umgewandelt werden.<\/p>\n<p>Vitamin B6 tr\u00e4gt zur normalen Funktion des Nervensystems und zum normalen Energiestoffwechsel bei. Fols\u00e4ure unterst\u00fctzt die normale Zellteilung und tr\u00e4gt zur normalen Blutbildung bei. Vitamin B12 tr\u00e4gt zur normalen Funktion des Nervensystems sowie zur Verringerung von M\u00fcdigkeit und Ersch\u00f6pfung bei.<\/p>\n<p>Das Produkt ist frei von Gluten, Soja, Laktose und Zucker, enth\u00e4lt keine gentechnisch ver\u00e4nderten Organismen und ist dank der HPMC-Kapselh\u00fclle sowohl f\u00fcr Veganer als auch f\u00fcr Vegetarier geeignet. Die praktische Einmaldosis pro Tag erleichtert die regelm\u00e4ssige Einnahme.<\/p>\n<\/p><\/div>\n<div class=\"chcg-nutrition\">\n<h3>N\u00e4hrwertangaben<\/h3>\n<table class=\"chcg-nutrition-table\">\n<thead>\n<tr>\n<th>N\u00e4hrstoff<\/th>\n<th>Pro Portion (1 Kapsel)<\/th>\n<\/tr>\n<\/thead>\n<tbody>\n<tr>\n<td>Vitamin B6 (Pyridoxal-5&#8242;-phosphat)<\/td>\n<td>2,8 mg (200 % NRV)<\/td>\n<\/tr>\n<tr>\n<td>Fols\u00e4ure (Quatrefolic\u00ae)<\/td>\n<td>400 mcg (200 % NRV)<\/td>\n<\/tr>\n<tr>\n<td>Vitamin B12 (Methylcobalamin)<\/td>\n<td>100 mcg (4000 % NRV)<\/td>\n<\/tr>\n<\/tbody>\n<\/table>\n<p class=\"chcg-footnote\">NRV = N\u00e4hrstoffbezugswert (Nutrient Reference Value) gem\u00e4ss EU-Verordnung Nr. 1169\/2011.<\/p>\n<\/p><\/div>\n<div class=\"chcg-ingredients\">\n<h3>Zutaten<\/h3>\n<p>Inulin, Reisfaser, Pyridoxal-5&#8242;-phosphat, Glucosaminsalz der (6S)-5-Methyltetrahydrofols\u00e4ure (Quatrefolic\u00ae), Methylcobalamin.<\/p>\n<p class=\"chcg-capsule-shell\">Kapselh\u00fclle: Hydroxypropylmethylcellulose (HPMC) \u2013 vegan\/vegetarisch<\/p>\n<\/p><\/div>\n<div class=\"chcg-dosage\">\n<h3>Verzehrempfehlung<\/h3>\n<p>1 Kapsel t\u00e4glich mit einem Schluck Wasser schlucken. Es empfiehlt sich, die Kapsel morgens einzunehmen. Empfohlene Tagesdosis: 1 Kapsel.<\/p>\n<\/p><\/div>\n<div class=\"chcg-warnings\">\n<h3>Warnhinweise<\/h3>\n<p>Die empfohlene Tagesdosis nicht \u00fcberschreiten. Nahrungserg\u00e4nzungsmittel sollten nicht als Ersatz f\u00fcr eine abwechslungsreiche Ern\u00e4hrung verwendet werden. Eine abwechslungsreiche Ern\u00e4hrung und ein gesunder Lebensstil sollten zur Erhaltung der normalen Gesundheit beibehalten werden. Ausserhalb der Reichweite von kleinen Kindern aufbewahren.<\/p>\n<\/p><\/div>\n<div class=\"chcg-allergens\">\n<h3>Allergeninformationen<\/h3>\n<p>Keine Allergene deklariert. Das Produkt ist glutenfrei, sojafrei, laktosefrei, zuckerfrei und frei von gentechnisch ver\u00e4nderten Organismen (GVO-frei).<\/p>\n<\/p><\/div>\n<div class=\"chcg-storage\">\n<h3>Lagerung<\/h3>\n<p>An einem dunklen und trockenen Ort bei Raumtemperatur lagern. Ausserhalb der Reichweite von kleinen Kindern aufbewahren.<\/p>\n<\/p><\/div>\n<div class=\"chcg-dietary\">\n<h3>Ern\u00e4hrungshinweise<\/h3>\n<ul>\n<li>Vegan<\/li>\n<li>Vegetarisch<\/li>\n<li>Glutenfrei<\/li>\n<li>Laktosefrei<\/li>\n<\/ul><\/div>\n<\/div>\n","protected":false},"excerpt":{"rendered":"<p>OSAVI Methylfolate &amp; Metyl-B12 liefert Vitamin B6, Fols\u00e4ure (Quatrefolic\u00ae) und Vitamin B12 als Methylcobalamin in bioaktiver Form. 60 vegane Kapseln, eine pro Tag \u2013 ideal f\u00fcr eine gezielte Erg\u00e4nzung.<\/p>\n","protected":false},"featured_media":6508,"comment_status":"closed","ping_status":"open","template":"","meta":[],"product_brand":[219],"product_cat":[23,27,26,21,24],"product_tag":[],"class_list":{"0":"post-6507","1":"product","2":"type-product","3":"status-publish","4":"has-post-thumbnail","6":"product_brand-osavi","7":"product_cat-einige-mineralien","8":"product_cat-einige-vitamine","9":"product_cat-multivitamine","10":"product_cat-vitamine-und-mineralstoffe","11":"product_cat-zink","13":"first","14":"outofstock","15":"taxable","16":"shipping-taxable","17":"purchasable","18":"product-type-simple"},"yoast_head":"<!-- This site is optimized with the Yoast SEO plugin v27.5 - https:\/\/yoast.com\/product\/yoast-seo-wordpress\/ -->\n<title>OSAVI Methylfolate &amp; Metyl-B12 60 vcaps \u2013 Osavi | ecosupplements.ch<\/title>\n<meta name=\"description\" content=\"Bioaktives B6, Fols\u00e4ure (Quatrefolic\u00ae) und Vitamin B12 in 60 veganen Kapseln. Unterst\u00fctzt Nervensystem und Energiestoffwechsel. Jetzt bestellen.\" \/>\n<meta name=\"robots\" content=\"index, follow, max-snippet:-1, max-image-preview:large, max-video-preview:-1\" \/>\n<link rel=\"canonical\" href=\"https:\/\/ecosupplements.ch\/?product=osavi-methylfolate-metyl-b12-60-vcaps\" \/>\n<meta property=\"og:locale\" content=\"de_DE\" \/>\n<meta property=\"og:type\" content=\"article\" \/>\n<meta property=\"og:title\" content=\"OSAVI Methylfolate &amp; Metyl-B12 60 vcaps \u2013 Osavi | ecosupplements.ch\" \/>\n<meta property=\"og:description\" content=\"Bioaktives B6, Fols\u00e4ure (Quatrefolic\u00ae) und Vitamin B12 in 60 veganen Kapseln. Unterst\u00fctzt Nervensystem und Energiestoffwechsel. Jetzt bestellen.\" \/>\n<meta property=\"og:url\" content=\"https:\/\/ecosupplements.ch\/?product=osavi-methylfolate-metyl-b12-60-vcaps\" \/>\n<meta property=\"og:site_name\" content=\"Eco Supplements\" \/>\n<meta property=\"article:modified_time\" content=\"2026-05-13T07:28:26+00:00\" \/>\n<meta property=\"og:image\" content=\"https:\/\/ecosupplements.ch\/wp-content\/uploads\/2026\/05\/OSAVI-Methylfolate-Metyl-B12-60-vcaps.jpg\" \/>\n\t<meta property=\"og:image:width\" content=\"1080\" \/>\n\t<meta property=\"og:image:height\" content=\"1080\" \/>\n\t<meta property=\"og:image:type\" content=\"image\/jpeg\" \/>\n<meta name=\"twitter:card\" content=\"summary_large_image\" \/>\n<meta name=\"twitter:label1\" content=\"Price\" \/>\n\t<meta name=\"twitter:data1\" content=\"&#067;&#072;&#070;&nbsp;8.86\" \/>\n\t<meta name=\"twitter:label2\" content=\"Availability\" \/>\n\t<meta name=\"twitter:data2\" content=\"Out of stock\" \/>\n<script type=\"application\/ld+json\" class=\"yoast-schema-graph\">{\"@context\":\"https:\\\/\\\/schema.org\",\"@graph\":[{\"@type\":\"WebPage\",\"@id\":\"https:\\\/\\\/ecosupplements.ch\\\/?product=osavi-methylfolate-metyl-b12-60-vcaps\",\"url\":\"https:\\\/\\\/ecosupplements.ch\\\/?product=osavi-methylfolate-metyl-b12-60-vcaps\",\"name\":\"OSAVI Methylfolate & Metyl-B12 60 vcaps \u2013 Osavi | ecosupplements.ch\",\"isPartOf\":{\"@id\":\"https:\\\/\\\/ecosupplements.ch\\\/#website\"},\"primaryImageOfPage\":{\"@id\":\"https:\\\/\\\/ecosupplements.ch\\\/?product=osavi-methylfolate-metyl-b12-60-vcaps#primaryimage\"},\"image\":{\"@id\":\"https:\\\/\\\/ecosupplements.ch\\\/?product=osavi-methylfolate-metyl-b12-60-vcaps#primaryimage\"},\"thumbnailUrl\":\"https:\\\/\\\/ecosupplements.ch\\\/wp-content\\\/uploads\\\/2026\\\/05\\\/OSAVI-Methylfolate-Metyl-B12-60-vcaps.jpg\",\"datePublished\":\"2026-05-11T15:15:26+00:00\",\"dateModified\":\"2026-05-13T07:28:26+00:00\",\"description\":\"Bioaktives B6, Fols\u00e4ure (Quatrefolic\u00ae) und Vitamin B12 in 60 veganen Kapseln. Unterst\u00fctzt Nervensystem und Energiestoffwechsel. Jetzt bestellen.\",\"breadcrumb\":{\"@id\":\"https:\\\/\\\/ecosupplements.ch\\\/?product=osavi-methylfolate-metyl-b12-60-vcaps#breadcrumb\"},\"inLanguage\":\"de-CH\",\"potentialAction\":[{\"@type\":\"ReadAction\",\"target\":[\"https:\\\/\\\/ecosupplements.ch\\\/?product=osavi-methylfolate-metyl-b12-60-vcaps\"]}]},{\"@type\":\"ImageObject\",\"inLanguage\":\"de-CH\",\"@id\":\"https:\\\/\\\/ecosupplements.ch\\\/?product=osavi-methylfolate-metyl-b12-60-vcaps#primaryimage\",\"url\":\"https:\\\/\\\/ecosupplements.ch\\\/wp-content\\\/uploads\\\/2026\\\/05\\\/OSAVI-Methylfolate-Metyl-B12-60-vcaps.jpg\",\"contentUrl\":\"https:\\\/\\\/ecosupplements.ch\\\/wp-content\\\/uploads\\\/2026\\\/05\\\/OSAVI-Methylfolate-Metyl-B12-60-vcaps.jpg\",\"width\":1080,\"height\":1080,\"caption\":\"OSAVI Methylfolate & Metyl-B12 (60 vcaps)\"},{\"@type\":\"BreadcrumbList\",\"@id\":\"https:\\\/\\\/ecosupplements.ch\\\/?product=osavi-methylfolate-metyl-b12-60-vcaps#breadcrumb\",\"itemListElement\":[{\"@type\":\"ListItem\",\"position\":1,\"name\":\"Home\",\"item\":\"https:\\\/\\\/ecosupplements.ch\\\/\"},{\"@type\":\"ListItem\",\"position\":2,\"name\":\"Shop\",\"item\":\"https:\\\/\\\/ecosupplements.ch\\\/?page_id=14\"},{\"@type\":\"ListItem\",\"position\":3,\"name\":\"OSAVI Methylfolate &amp; Metyl-B12 (60 vcaps)\"}]},{\"@type\":\"WebSite\",\"@id\":\"https:\\\/\\\/ecosupplements.ch\\\/#website\",\"url\":\"https:\\\/\\\/ecosupplements.ch\\\/\",\"name\":\"Eco Supplements\",\"description\":\"\",\"potentialAction\":[{\"@type\":\"SearchAction\",\"target\":{\"@type\":\"EntryPoint\",\"urlTemplate\":\"https:\\\/\\\/ecosupplements.ch\\\/?s={search_term_string}\"},\"query-input\":{\"@type\":\"PropertyValueSpecification\",\"valueRequired\":true,\"valueName\":\"search_term_string\"}}],\"inLanguage\":\"de-CH\"}]}<\/script>\n<meta property=\"product:price:amount\" content=\"8.86\" \/>\n<meta property=\"product:price:currency\" content=\"CHF\" \/>\n<meta property=\"og:availability\" content=\"out of stock\" \/>\n<meta property=\"product:availability\" content=\"out of stock\" \/>\n<meta property=\"product:retailer_item_id\" content=\"5904139921234\" \/>\n<meta property=\"product:condition\" content=\"new\" \/>\n<!-- \/ Yoast SEO plugin. -->","yoast_head_json":{"title":"OSAVI Methylfolate & Metyl-B12 60 vcaps \u2013 Osavi | ecosupplements.ch","description":"Bioaktives B6, Fols\u00e4ure (Quatrefolic\u00ae) und Vitamin B12 in 60 veganen Kapseln. Unterst\u00fctzt Nervensystem und Energiestoffwechsel. Jetzt bestellen.","robots":{"index":"index","follow":"follow","max-snippet":"max-snippet:-1","max-image-preview":"max-image-preview:large","max-video-preview":"max-video-preview:-1"},"canonical":"https:\/\/ecosupplements.ch\/?product=osavi-methylfolate-metyl-b12-60-vcaps","og_locale":"de_DE","og_type":"article","og_title":"OSAVI Methylfolate & Metyl-B12 60 vcaps \u2013 Osavi | ecosupplements.ch","og_description":"Bioaktives B6, Fols\u00e4ure (Quatrefolic\u00ae) und Vitamin B12 in 60 veganen Kapseln. Unterst\u00fctzt Nervensystem und Energiestoffwechsel. Jetzt bestellen.","og_url":"https:\/\/ecosupplements.ch\/?product=osavi-methylfolate-metyl-b12-60-vcaps","og_site_name":"Eco Supplements","article_modified_time":"2026-05-13T07:28:26+00:00","og_image":[{"width":1080,"height":1080,"url":"https:\/\/ecosupplements.ch\/wp-content\/uploads\/2026\/05\/OSAVI-Methylfolate-Metyl-B12-60-vcaps.jpg","type":"image\/jpeg"}],"twitter_card":"summary_large_image","twitter_misc":{"Price":"&#67;&#72;&#70;&nbsp;8.86","Availability":"Out of stock"},"schema":{"@context":"https:\/\/schema.org","@graph":[{"@type":"WebPage","@id":"https:\/\/ecosupplements.ch\/?product=osavi-methylfolate-metyl-b12-60-vcaps","url":"https:\/\/ecosupplements.ch\/?product=osavi-methylfolate-metyl-b12-60-vcaps","name":"OSAVI Methylfolate & Metyl-B12 60 vcaps \u2013 Osavi | ecosupplements.ch","isPartOf":{"@id":"https:\/\/ecosupplements.ch\/#website"},"primaryImageOfPage":{"@id":"https:\/\/ecosupplements.ch\/?product=osavi-methylfolate-metyl-b12-60-vcaps#primaryimage"},"image":{"@id":"https:\/\/ecosupplements.ch\/?product=osavi-methylfolate-metyl-b12-60-vcaps#primaryimage"},"thumbnailUrl":"https:\/\/ecosupplements.ch\/wp-content\/uploads\/2026\/05\/OSAVI-Methylfolate-Metyl-B12-60-vcaps.jpg","datePublished":"2026-05-11T15:15:26+00:00","dateModified":"2026-05-13T07:28:26+00:00","description":"Bioaktives B6, Fols\u00e4ure (Quatrefolic\u00ae) und Vitamin B12 in 60 veganen Kapseln. Unterst\u00fctzt Nervensystem und Energiestoffwechsel. Jetzt bestellen.","breadcrumb":{"@id":"https:\/\/ecosupplements.ch\/?product=osavi-methylfolate-metyl-b12-60-vcaps#breadcrumb"},"inLanguage":"de-CH","potentialAction":[{"@type":"ReadAction","target":["https:\/\/ecosupplements.ch\/?product=osavi-methylfolate-metyl-b12-60-vcaps"]}]},{"@type":"ImageObject","inLanguage":"de-CH","@id":"https:\/\/ecosupplements.ch\/?product=osavi-methylfolate-metyl-b12-60-vcaps#primaryimage","url":"https:\/\/ecosupplements.ch\/wp-content\/uploads\/2026\/05\/OSAVI-Methylfolate-Metyl-B12-60-vcaps.jpg","contentUrl":"https:\/\/ecosupplements.ch\/wp-content\/uploads\/2026\/05\/OSAVI-Methylfolate-Metyl-B12-60-vcaps.jpg","width":1080,"height":1080,"caption":"OSAVI Methylfolate & Metyl-B12 (60 vcaps)"},{"@type":"BreadcrumbList","@id":"https:\/\/ecosupplements.ch\/?product=osavi-methylfolate-metyl-b12-60-vcaps#breadcrumb","itemListElement":[{"@type":"ListItem","position":1,"name":"Home","item":"https:\/\/ecosupplements.ch\/"},{"@type":"ListItem","position":2,"name":"Shop","item":"https:\/\/ecosupplements.ch\/?page_id=14"},{"@type":"ListItem","position":3,"name":"OSAVI Methylfolate &amp; Metyl-B12 (60 vcaps)"}]},{"@type":"WebSite","@id":"https:\/\/ecosupplements.ch\/#website","url":"https:\/\/ecosupplements.ch\/","name":"Eco Supplements","description":"","potentialAction":[{"@type":"SearchAction","target":{"@type":"EntryPoint","urlTemplate":"https:\/\/ecosupplements.ch\/?s={search_term_string}"},"query-input":{"@type":"PropertyValueSpecification","valueRequired":true,"valueName":"search_term_string"}}],"inLanguage":"de-CH"}]},"product_price_amount":"8.86","product_price_currency":"CHF","og_availability":"out of stock","product_availability":"out of stock","product_retailer_item_id":"5904139921234","product_condition":"new"},"_links":{"self":[{"href":"https:\/\/ecosupplements.ch\/index.php?rest_route=\/wp\/v2\/product\/6507","targetHints":{"allow":["GET"]}}],"collection":[{"href":"https:\/\/ecosupplements.ch\/index.php?rest_route=\/wp\/v2\/product"}],"about":[{"href":"https:\/\/ecosupplements.ch\/index.php?rest_route=\/wp\/v2\/types\/product"}],"replies":[{"embeddable":true,"href":"https:\/\/ecosupplements.ch\/index.php?rest_route=%2Fwp%2Fv2%2Fcomments&post=6507"}],"wp:featuredmedia":[{"embeddable":true,"href":"https:\/\/ecosupplements.ch\/index.php?rest_route=\/wp\/v2\/media\/6508"}],"wp:attachment":[{"href":"https:\/\/ecosupplements.ch\/index.php?rest_route=%2Fwp%2Fv2%2Fmedia&parent=6507"}],"wp:term":[{"taxonomy":"product_brand","embeddable":true,"href":"https:\/\/ecosupplements.ch\/index.php?rest_route=%2Fwp%2Fv2%2Fproduct_brand&post=6507"},{"taxonomy":"product_cat","embeddable":true,"href":"https:\/\/ecosupplements.ch\/index.php?rest_route=%2Fwp%2Fv2%2Fproduct_cat&post=6507"},{"taxonomy":"product_tag","embeddable":true,"href":"https:\/\/ecosupplements.ch\/index.php?rest_route=%2Fwp%2Fv2%2Fproduct_tag&post=6507"}],"curies":[{"name":"wp","href":"https:\/\/api.w.org\/{rel}","templated":true}]}}